{"id":527,"date":"2023-05-08T17:03:33","date_gmt":"2023-05-08T17:03:33","guid":{"rendered":"http:\/\/booksfrommexico.com\/product\/el-pueblo-raramuri\/"},"modified":"2024-02-02T23:08:25","modified_gmt":"2024-02-02T23:08:25","slug":"el-pueblo-raramuri","status":"publish","type":"product","link":"https:\/\/booksfrommexico.com\/es\/producto\/el-pueblo-raramuri\/","title":{"rendered":"El Pueblo rar\u00e1muri"},"content":{"rendered":"<p><span style=\"font-weight: 400;\">Gracias a la cercan\u00eda de la autora con el pueblo rar\u00e1muri (tarahumar) de la Sierra Madre Occidental de Chihuahua, se presenta un texto conciso y a la vez sencillo sobre la forma de vida de estos ind\u00edgenas. Pensado para ser entendible para todo aquel interesado en esta cultura, explora los or\u00edgenes de \u00e9sta y hace un repaso acerca de su filosof\u00eda, religi\u00f3n, tradiciones, formas de organizaci\u00f3n; llegando hasta los conflictos que experimentan y su encuentro con el mundo occidental.\u00a0<\/span><\/p>\n","protected":false},"excerpt":{"rendered":"<p>EL PUEBLO RAR\u00c1MURI. <span style=\"font-weight: 400;\">\/ Margot Heras Quezada. Chihuahua, M\u00e9xico : Programa de Acciones Culturales Multiling\u00fces y Comunitarias ; Consejo Nacional para la Cultura y las Artes ; Instituto Chihuahuense de Cultura ; Doble H\u00e9lice Ediciones, 2005. 65 pages : Includes\u00a0 bibliographic references, photos ; 21 cm. ISBN : 9687731575.<\/span><\/p>\n","protected":false},"featured_media":526,"template":"","meta":{"_acf_changed":false,"inline_featured_image":false},"product_brand":[],"product_cat":[19,117,66],"product_tag":[4041,4069],"class_list":{"0":"post-527","1":"product","2":"type-product","3":"status-publish","4":"has-post-thumbnail","6":"product_cat-antropologia","7":"product_cat-etnoantropolgia","8":"product_cat-sociocultural","9":"product_tag-pueblos-indigenas","10":"product_tag-raramuri","12":"first","13":"instock","14":"taxable","15":"shipping-taxable","16":"purchasable","17":"product-type-simple"},"acf":[],"yoast_head":"<!-- This site is optimized with the Yoast SEO plugin v27.3 - https:\/\/yoast.com\/product\/yoast-seo-wordpress\/ -->\n<title>El pueblo rar\u00e1muri<\/title>\n<meta name=\"description\" content=\"Margot Heras Quezada. Chihuahua, M\u00e9xico: Doble H\u00e9lice Ediciones, 2005. 65 pages. Serie Estudios Sociales 44. ISBN9687731575\" \/>\n<meta name=\"robots\" content=\"index, follow, max-snippet:-1, max-image-preview:large, max-video-preview:-1\" \/>\n<link rel=\"canonical\" href=\"https:\/\/booksfrommexico.com\/es\/producto\/el-pueblo-raramuri\/\" \/>\n<meta property=\"og:locale\" content=\"es_ES\" \/>\n<meta property=\"og:type\" content=\"article\" \/>\n<meta property=\"og:title\" content=\"El pueblo rar\u00e1muri\" \/>\n<meta property=\"og:description\" content=\"Margot Heras Quezada. Chihuahua, M\u00e9xico: Doble H\u00e9lice Ediciones, 2005. 65 pages. Serie Estudios Sociales 44. ISBN9687731575\" \/>\n<meta property=\"og:url\" content=\"https:\/\/booksfrommexico.com\/es\/producto\/el-pueblo-raramuri\/\" \/>\n<meta property=\"og:site_name\" content=\"Books From Mexico\" \/>\n<meta property=\"article:modified_time\" content=\"2024-02-02T23:08:25+00:00\" \/>\n<meta property=\"og:image\" content=\"http:\/\/booksfrommexico.com\/app\/uploads\/2023\/05\/127202.jpeg\" \/>\n\t<meta property=\"og:image:width\" content=\"387\" \/>\n\t<meta property=\"og:image:height\" content=\"594\" \/>\n\t<meta property=\"og:image:type\" content=\"image\/jpeg\" \/>\n<meta name=\"twitter:card\" content=\"summary_large_image\" \/>\n<meta name=\"twitter:label1\" content=\"Tiempo de lectura\" \/>\n\t<meta name=\"twitter:data1\" content=\"1 minuto\" \/>\n<script type=\"application\/ld+json\" class=\"yoast-schema-graph\">{\"@context\":\"https:\\\/\\\/schema.org\",\"@graph\":[{\"@type\":\"WebPage\",\"@id\":\"https:\\\/\\\/booksfrommexico.com\\\/es\\\/producto\\\/el-pueblo-raramuri\\\/\",\"url\":\"https:\\\/\\\/booksfrommexico.com\\\/es\\\/producto\\\/el-pueblo-raramuri\\\/\",\"name\":\"El pueblo rar\u00e1muri\",\"isPartOf\":{\"@id\":\"https:\\\/\\\/booksfrommexico.com\\\/#website\"},\"primaryImageOfPage\":{\"@id\":\"https:\\\/\\\/booksfrommexico.com\\\/es\\\/producto\\\/el-pueblo-raramuri\\\/#primaryimage\"},\"image\":{\"@id\":\"https:\\\/\\\/booksfrommexico.com\\\/es\\\/producto\\\/el-pueblo-raramuri\\\/#primaryimage\"},\"thumbnailUrl\":\"https:\\\/\\\/booksfrommexico.com\\\/app\\\/uploads\\\/2023\\\/05\\\/127202.jpeg\",\"datePublished\":\"2023-05-08T17:03:33+00:00\",\"dateModified\":\"2024-02-02T23:08:25+00:00\",\"description\":\"Margot Heras Quezada. Chihuahua, M\u00e9xico: Doble H\u00e9lice Ediciones, 2005. 65 pages. Serie Estudios Sociales 44. ISBN9687731575\",\"breadcrumb\":{\"@id\":\"https:\\\/\\\/booksfrommexico.com\\\/es\\\/producto\\\/el-pueblo-raramuri\\\/#breadcrumb\"},\"inLanguage\":\"es\",\"potentialAction\":[{\"@type\":\"ReadAction\",\"target\":[\"https:\\\/\\\/booksfrommexico.com\\\/es\\\/producto\\\/el-pueblo-raramuri\\\/\"]}]},{\"@type\":\"ImageObject\",\"inLanguage\":\"es\",\"@id\":\"https:\\\/\\\/booksfrommexico.com\\\/es\\\/producto\\\/el-pueblo-raramuri\\\/#primaryimage\",\"url\":\"https:\\\/\\\/booksfrommexico.com\\\/app\\\/uploads\\\/2023\\\/05\\\/127202.jpeg\",\"contentUrl\":\"https:\\\/\\\/booksfrommexico.com\\\/app\\\/uploads\\\/2023\\\/05\\\/127202.jpeg\",\"width\":387,\"height\":594},{\"@type\":\"BreadcrumbList\",\"@id\":\"https:\\\/\\\/booksfrommexico.com\\\/es\\\/producto\\\/el-pueblo-raramuri\\\/#breadcrumb\",\"itemListElement\":[{\"@type\":\"ListItem\",\"position\":1,\"name\":\"Home\",\"item\":\"https:\\\/\\\/booksfrommexico.com\\\/es\\\/\"},{\"@type\":\"ListItem\",\"position\":2,\"name\":\"Libros\",\"item\":\"https:\\\/\\\/booksfrommexico.com\\\/es\\\/libros\\\/\"},{\"@type\":\"ListItem\",\"position\":3,\"name\":\"El Pueblo rar\u00e1muri\"}]},{\"@type\":\"WebSite\",\"@id\":\"https:\\\/\\\/booksfrommexico.com\\\/#website\",\"url\":\"https:\\\/\\\/booksfrommexico.com\\\/\",\"name\":\"Books From Mexico\",\"description\":\"\",\"publisher\":{\"@id\":\"https:\\\/\\\/booksfrommexico.com\\\/#organization\"},\"potentialAction\":[{\"@type\":\"SearchAction\",\"target\":{\"@type\":\"EntryPoint\",\"urlTemplate\":\"https:\\\/\\\/booksfrommexico.com\\\/?s={search_term_string}\"},\"query-input\":{\"@type\":\"PropertyValueSpecification\",\"valueRequired\":true,\"valueName\":\"search_term_string\"}}],\"inLanguage\":\"es\"},{\"@type\":\"Organization\",\"@id\":\"https:\\\/\\\/booksfrommexico.com\\\/#organization\",\"name\":\"Books From Mexico\",\"url\":\"https:\\\/\\\/booksfrommexico.com\\\/\",\"logo\":{\"@type\":\"ImageObject\",\"inLanguage\":\"es\",\"@id\":\"https:\\\/\\\/booksfrommexico.com\\\/#\\\/schema\\\/logo\\\/image\\\/\",\"url\":\"https:\\\/\\\/booksfrommexico.com\\\/app\\\/uploads\\\/2023\\\/05\\\/logo-booksfrommexico.svg\",\"contentUrl\":\"https:\\\/\\\/booksfrommexico.com\\\/app\\\/uploads\\\/2023\\\/05\\\/logo-booksfrommexico.svg\",\"width\":86,\"height\":56,\"caption\":\"Books From Mexico\"},\"image\":{\"@id\":\"https:\\\/\\\/booksfrommexico.com\\\/#\\\/schema\\\/logo\\\/image\\\/\"}}]}<\/script>\n<!-- \/ Yoast SEO plugin. -->","yoast_head_json":{"title":"El pueblo rar\u00e1muri","description":"Margot Heras Quezada. Chihuahua, M\u00e9xico: Doble H\u00e9lice Ediciones, 2005. 65 pages. Serie Estudios Sociales 44. ISBN9687731575","robots":{"index":"index","follow":"follow","max-snippet":"max-snippet:-1","max-image-preview":"max-image-preview:large","max-video-preview":"max-video-preview:-1"},"canonical":"https:\/\/booksfrommexico.com\/es\/producto\/el-pueblo-raramuri\/","og_locale":"es_ES","og_type":"article","og_title":"El pueblo rar\u00e1muri","og_description":"Margot Heras Quezada. Chihuahua, M\u00e9xico: Doble H\u00e9lice Ediciones, 2005. 65 pages. Serie Estudios Sociales 44. ISBN9687731575","og_url":"https:\/\/booksfrommexico.com\/es\/producto\/el-pueblo-raramuri\/","og_site_name":"Books From Mexico","article_modified_time":"2024-02-02T23:08:25+00:00","og_image":[{"width":387,"height":594,"url":"http:\/\/booksfrommexico.com\/app\/uploads\/2023\/05\/127202.jpeg","type":"image\/jpeg"}],"twitter_card":"summary_large_image","twitter_misc":{"Tiempo de lectura":"1 minuto"},"schema":{"@context":"https:\/\/schema.org","@graph":[{"@type":"WebPage","@id":"https:\/\/booksfrommexico.com\/es\/producto\/el-pueblo-raramuri\/","url":"https:\/\/booksfrommexico.com\/es\/producto\/el-pueblo-raramuri\/","name":"El pueblo rar\u00e1muri","isPartOf":{"@id":"https:\/\/booksfrommexico.com\/#website"},"primaryImageOfPage":{"@id":"https:\/\/booksfrommexico.com\/es\/producto\/el-pueblo-raramuri\/#primaryimage"},"image":{"@id":"https:\/\/booksfrommexico.com\/es\/producto\/el-pueblo-raramuri\/#primaryimage"},"thumbnailUrl":"https:\/\/booksfrommexico.com\/app\/uploads\/2023\/05\/127202.jpeg","datePublished":"2023-05-08T17:03:33+00:00","dateModified":"2024-02-02T23:08:25+00:00","description":"Margot Heras Quezada. Chihuahua, M\u00e9xico: Doble H\u00e9lice Ediciones, 2005. 65 pages. Serie Estudios Sociales 44. ISBN9687731575","breadcrumb":{"@id":"https:\/\/booksfrommexico.com\/es\/producto\/el-pueblo-raramuri\/#breadcrumb"},"inLanguage":"es","potentialAction":[{"@type":"ReadAction","target":["https:\/\/booksfrommexico.com\/es\/producto\/el-pueblo-raramuri\/"]}]},{"@type":"ImageObject","inLanguage":"es","@id":"https:\/\/booksfrommexico.com\/es\/producto\/el-pueblo-raramuri\/#primaryimage","url":"https:\/\/booksfrommexico.com\/app\/uploads\/2023\/05\/127202.jpeg","contentUrl":"https:\/\/booksfrommexico.com\/app\/uploads\/2023\/05\/127202.jpeg","width":387,"height":594},{"@type":"BreadcrumbList","@id":"https:\/\/booksfrommexico.com\/es\/producto\/el-pueblo-raramuri\/#breadcrumb","itemListElement":[{"@type":"ListItem","position":1,"name":"Home","item":"https:\/\/booksfrommexico.com\/es\/"},{"@type":"ListItem","position":2,"name":"Libros","item":"https:\/\/booksfrommexico.com\/es\/libros\/"},{"@type":"ListItem","position":3,"name":"El Pueblo rar\u00e1muri"}]},{"@type":"WebSite","@id":"https:\/\/booksfrommexico.com\/#website","url":"https:\/\/booksfrommexico.com\/","name":"Books From Mexico","description":"","publisher":{"@id":"https:\/\/booksfrommexico.com\/#organization"},"potentialAction":[{"@type":"SearchAction","target":{"@type":"EntryPoint","urlTemplate":"https:\/\/booksfrommexico.com\/?s={search_term_string}"},"query-input":{"@type":"PropertyValueSpecification","valueRequired":true,"valueName":"search_term_string"}}],"inLanguage":"es"},{"@type":"Organization","@id":"https:\/\/booksfrommexico.com\/#organization","name":"Books From Mexico","url":"https:\/\/booksfrommexico.com\/","logo":{"@type":"ImageObject","inLanguage":"es","@id":"https:\/\/booksfrommexico.com\/#\/schema\/logo\/image\/","url":"https:\/\/booksfrommexico.com\/app\/uploads\/2023\/05\/logo-booksfrommexico.svg","contentUrl":"https:\/\/booksfrommexico.com\/app\/uploads\/2023\/05\/logo-booksfrommexico.svg","width":86,"height":56,"caption":"Books From Mexico"},"image":{"@id":"https:\/\/booksfrommexico.com\/#\/schema\/logo\/image\/"}}]}},"_links":{"self":[{"href":"https:\/\/booksfrommexico.com\/es\/wp-json\/wp\/v2\/product\/527","targetHints":{"allow":["GET"]}}],"collection":[{"href":"https:\/\/booksfrommexico.com\/es\/wp-json\/wp\/v2\/product"}],"about":[{"href":"https:\/\/booksfrommexico.com\/es\/wp-json\/wp\/v2\/types\/product"}],"wp:featuredmedia":[{"embeddable":true,"href":"https:\/\/booksfrommexico.com\/es\/wp-json\/wp\/v2\/media\/526"}],"wp:attachment":[{"href":"https:\/\/booksfrommexico.com\/es\/wp-json\/wp\/v2\/media?parent=527"}],"wp:term":[{"taxonomy":"product_brand","embeddable":true,"href":"https:\/\/booksfrommexico.com\/es\/wp-json\/wp\/v2\/product_brand?post=527"},{"taxonomy":"product_cat","embeddable":true,"href":"https:\/\/booksfrommexico.com\/es\/wp-json\/wp\/v2\/product_cat?post=527"},{"taxonomy":"product_tag","embeddable":true,"href":"https:\/\/booksfrommexico.com\/es\/wp-json\/wp\/v2\/product_tag?post=527"}],"curies":[{"name":"wp","href":"https:\/\/api.w.org\/{rel}","templated":true}]}}