{"id":529,"date":"2023-05-08T17:03:35","date_gmt":"2023-05-08T17:03:35","guid":{"rendered":"http:\/\/booksfrommexico.com\/product\/caminos-del-villismo-de-la-hacienda-de-bustillos-a-la-epopeya\/"},"modified":"2024-10-02T23:36:40","modified_gmt":"2024-10-02T23:36:40","slug":"caminos-del-villismo-de-la-hacienda-de-bustillos-a-la-epopeya","status":"publish","type":"product","link":"https:\/\/booksfrommexico.com\/es\/producto\/caminos-del-villismo-de-la-hacienda-de-bustillos-a-la-epopeya\/","title":{"rendered":"Caminos del villismo: De la hacienda de Bustillos a la epopeya"},"content":{"rendered":"<p><span style=\"font-weight: 400;\">El autor, a partir de la vida de Francisco Villa, combina el ensayo y el cuento para evocar momentos clave ocurridos en la Revoluci\u00f3n mexicana. Habla sobre el Comandante de la Divisi\u00f3n del Norte, hace un repaso de textos hist\u00f3ricos, period\u00edsticos y literarios, transform\u00e1ndolos en una narrativa que cubre el inicio del camino que recorri\u00f3 el caudillo, comenzando en la Hacienda de Bustillos (hoy Ciudad Cuauht\u00e9moc). Analizando las circunstancias en las que se tomaron las decisiones duras y pol\u00edticas de la revoluci\u00f3n, no deja de tener un punto de vista sensible y depurado de los acontecimientos.\u00a0<\/span><\/p>\n","protected":false},"excerpt":{"rendered":"<p>CAMINOS DEL VILLISMO : DE LA HACIENDA DE BUSTILLOS A LA EPOPEYA. <span style=\"font-weight: 400;\">\/ Fernando Su\u00e1rez Estrada. Chihuahua, M\u00e9xico : Doble H\u00e9lice Ediciones ; \u00c1ster Ediciones, 2005. 99 pages : includes notes, bibliography ; 21 cm. ISBN : 9687731575 (Doble H\u00e9lice Ediciones) ; 9709417312 (\u00c1ster Ediciones). <\/span><\/p>\n","protected":false},"featured_media":528,"template":"","meta":{"_acf_changed":false,"inline_featured_image":false},"product_brand":[],"product_cat":[27,73],"product_tag":[3630,4518,4092],"class_list":{"0":"post-529","1":"product","2":"type-product","3":"status-publish","4":"has-post-thumbnail","6":"product_cat-historia","7":"product_cat-revolucion-historia","8":"product_tag-biografia","9":"product_tag-revolucion-es","10":"product_tag-revolucion-mexicana","12":"first","13":"instock","14":"sale","15":"taxable","16":"shipping-taxable","17":"purchasable","18":"product-type-simple"},"acf":[],"yoast_head":"<!-- This site is optimized with the Yoast SEO plugin v27.3 - https:\/\/yoast.com\/product\/yoast-seo-wordpress\/ -->\n<title>Caminos del villismo: De la hacienda de Bustillos a la epopeya<\/title>\n<meta name=\"description\" content=\"CAMINOS DEL VILLISMO : DE LA HACIENDA DE BUSTILLOS A LA EPOPEYA. \/ Fernando Su\u00e1rez Estrada. Chihuahua, M\u00e9xico : Doble H\u00e9lice Ediciones ; \u00c1ster Ediciones.\" \/>\n<meta name=\"robots\" content=\"index, follow, max-snippet:-1, max-image-preview:large, max-video-preview:-1\" \/>\n<link rel=\"canonical\" href=\"https:\/\/booksfrommexico.com\/es\/producto\/caminos-del-villismo-de-la-hacienda-de-bustillos-a-la-epopeya\/\" \/>\n<meta property=\"og:locale\" content=\"es_ES\" \/>\n<meta property=\"og:type\" content=\"article\" \/>\n<meta property=\"og:title\" content=\"Caminos del villismo: De la hacienda de Bustillos a la epopeya\" \/>\n<meta property=\"og:description\" content=\"CAMINOS DEL VILLISMO : DE LA HACIENDA DE BUSTILLOS A LA EPOPEYA. \/ Fernando Su\u00e1rez Estrada. Chihuahua, M\u00e9xico : Doble H\u00e9lice Ediciones ; \u00c1ster Ediciones.\" \/>\n<meta property=\"og:url\" content=\"https:\/\/booksfrommexico.com\/es\/producto\/caminos-del-villismo-de-la-hacienda-de-bustillos-a-la-epopeya\/\" \/>\n<meta property=\"og:site_name\" content=\"Books From Mexico\" \/>\n<meta property=\"article:modified_time\" content=\"2024-10-02T23:36:40+00:00\" \/>\n<meta property=\"og:image\" content=\"http:\/\/booksfrommexico.com\/app\/uploads\/2023\/05\/127201.jpeg\" \/>\n\t<meta property=\"og:image:width\" content=\"395\" \/>\n\t<meta property=\"og:image:height\" content=\"602\" \/>\n\t<meta property=\"og:image:type\" content=\"image\/jpeg\" \/>\n<meta name=\"twitter:card\" content=\"summary_large_image\" \/>\n<meta name=\"twitter:label1\" content=\"Tiempo de lectura\" \/>\n\t<meta name=\"twitter:data1\" content=\"1 minuto\" \/>\n<script type=\"application\/ld+json\" class=\"yoast-schema-graph\">{\"@context\":\"https:\\\/\\\/schema.org\",\"@graph\":[{\"@type\":\"WebPage\",\"@id\":\"https:\\\/\\\/booksfrommexico.com\\\/es\\\/producto\\\/caminos-del-villismo-de-la-hacienda-de-bustillos-a-la-epopeya\\\/\",\"url\":\"https:\\\/\\\/booksfrommexico.com\\\/es\\\/producto\\\/caminos-del-villismo-de-la-hacienda-de-bustillos-a-la-epopeya\\\/\",\"name\":\"Caminos del villismo: De la hacienda de Bustillos a la epopeya\",\"isPartOf\":{\"@id\":\"https:\\\/\\\/booksfrommexico.com\\\/#website\"},\"primaryImageOfPage\":{\"@id\":\"https:\\\/\\\/booksfrommexico.com\\\/es\\\/producto\\\/caminos-del-villismo-de-la-hacienda-de-bustillos-a-la-epopeya\\\/#primaryimage\"},\"image\":{\"@id\":\"https:\\\/\\\/booksfrommexico.com\\\/es\\\/producto\\\/caminos-del-villismo-de-la-hacienda-de-bustillos-a-la-epopeya\\\/#primaryimage\"},\"thumbnailUrl\":\"https:\\\/\\\/booksfrommexico.com\\\/app\\\/uploads\\\/2023\\\/05\\\/127201.jpeg\",\"datePublished\":\"2023-05-08T17:03:35+00:00\",\"dateModified\":\"2024-10-02T23:36:40+00:00\",\"description\":\"CAMINOS DEL VILLISMO : DE LA HACIENDA DE BUSTILLOS A LA EPOPEYA. \\\/ Fernando Su\u00e1rez Estrada. Chihuahua, M\u00e9xico : Doble H\u00e9lice Ediciones ; \u00c1ster Ediciones.\",\"breadcrumb\":{\"@id\":\"https:\\\/\\\/booksfrommexico.com\\\/es\\\/producto\\\/caminos-del-villismo-de-la-hacienda-de-bustillos-a-la-epopeya\\\/#breadcrumb\"},\"inLanguage\":\"es\",\"potentialAction\":[{\"@type\":\"ReadAction\",\"target\":[\"https:\\\/\\\/booksfrommexico.com\\\/es\\\/producto\\\/caminos-del-villismo-de-la-hacienda-de-bustillos-a-la-epopeya\\\/\"]}]},{\"@type\":\"ImageObject\",\"inLanguage\":\"es\",\"@id\":\"https:\\\/\\\/booksfrommexico.com\\\/es\\\/producto\\\/caminos-del-villismo-de-la-hacienda-de-bustillos-a-la-epopeya\\\/#primaryimage\",\"url\":\"https:\\\/\\\/booksfrommexico.com\\\/app\\\/uploads\\\/2023\\\/05\\\/127201.jpeg\",\"contentUrl\":\"https:\\\/\\\/booksfrommexico.com\\\/app\\\/uploads\\\/2023\\\/05\\\/127201.jpeg\",\"width\":395,\"height\":602},{\"@type\":\"BreadcrumbList\",\"@id\":\"https:\\\/\\\/booksfrommexico.com\\\/es\\\/producto\\\/caminos-del-villismo-de-la-hacienda-de-bustillos-a-la-epopeya\\\/#breadcrumb\",\"itemListElement\":[{\"@type\":\"ListItem\",\"position\":1,\"name\":\"Home\",\"item\":\"https:\\\/\\\/booksfrommexico.com\\\/es\\\/\"},{\"@type\":\"ListItem\",\"position\":2,\"name\":\"Libros\",\"item\":\"https:\\\/\\\/booksfrommexico.com\\\/es\\\/libros\\\/\"},{\"@type\":\"ListItem\",\"position\":3,\"name\":\"Caminos del villismo: De la hacienda de Bustillos a la epopeya\"}]},{\"@type\":\"WebSite\",\"@id\":\"https:\\\/\\\/booksfrommexico.com\\\/#website\",\"url\":\"https:\\\/\\\/booksfrommexico.com\\\/\",\"name\":\"Books From Mexico\",\"description\":\"\",\"publisher\":{\"@id\":\"https:\\\/\\\/booksfrommexico.com\\\/#organization\"},\"potentialAction\":[{\"@type\":\"SearchAction\",\"target\":{\"@type\":\"EntryPoint\",\"urlTemplate\":\"https:\\\/\\\/booksfrommexico.com\\\/?s={search_term_string}\"},\"query-input\":{\"@type\":\"PropertyValueSpecification\",\"valueRequired\":true,\"valueName\":\"search_term_string\"}}],\"inLanguage\":\"es\"},{\"@type\":\"Organization\",\"@id\":\"https:\\\/\\\/booksfrommexico.com\\\/#organization\",\"name\":\"Books From Mexico\",\"url\":\"https:\\\/\\\/booksfrommexico.com\\\/\",\"logo\":{\"@type\":\"ImageObject\",\"inLanguage\":\"es\",\"@id\":\"https:\\\/\\\/booksfrommexico.com\\\/#\\\/schema\\\/logo\\\/image\\\/\",\"url\":\"https:\\\/\\\/booksfrommexico.com\\\/app\\\/uploads\\\/2023\\\/05\\\/logo-booksfrommexico.svg\",\"contentUrl\":\"https:\\\/\\\/booksfrommexico.com\\\/app\\\/uploads\\\/2023\\\/05\\\/logo-booksfrommexico.svg\",\"width\":86,\"height\":56,\"caption\":\"Books From Mexico\"},\"image\":{\"@id\":\"https:\\\/\\\/booksfrommexico.com\\\/#\\\/schema\\\/logo\\\/image\\\/\"}}]}<\/script>\n<!-- \/ Yoast SEO plugin. -->","yoast_head_json":{"title":"Caminos del villismo: De la hacienda de Bustillos a la epopeya","description":"CAMINOS DEL VILLISMO : DE LA HACIENDA DE BUSTILLOS A LA EPOPEYA. \/ Fernando Su\u00e1rez Estrada. Chihuahua, M\u00e9xico : Doble H\u00e9lice Ediciones ; \u00c1ster Ediciones.","robots":{"index":"index","follow":"follow","max-snippet":"max-snippet:-1","max-image-preview":"max-image-preview:large","max-video-preview":"max-video-preview:-1"},"canonical":"https:\/\/booksfrommexico.com\/es\/producto\/caminos-del-villismo-de-la-hacienda-de-bustillos-a-la-epopeya\/","og_locale":"es_ES","og_type":"article","og_title":"Caminos del villismo: De la hacienda de Bustillos a la epopeya","og_description":"CAMINOS DEL VILLISMO : DE LA HACIENDA DE BUSTILLOS A LA EPOPEYA. \/ Fernando Su\u00e1rez Estrada. Chihuahua, M\u00e9xico : Doble H\u00e9lice Ediciones ; \u00c1ster Ediciones.","og_url":"https:\/\/booksfrommexico.com\/es\/producto\/caminos-del-villismo-de-la-hacienda-de-bustillos-a-la-epopeya\/","og_site_name":"Books From Mexico","article_modified_time":"2024-10-02T23:36:40+00:00","og_image":[{"width":395,"height":602,"url":"http:\/\/booksfrommexico.com\/app\/uploads\/2023\/05\/127201.jpeg","type":"image\/jpeg"}],"twitter_card":"summary_large_image","twitter_misc":{"Tiempo de lectura":"1 minuto"},"schema":{"@context":"https:\/\/schema.org","@graph":[{"@type":"WebPage","@id":"https:\/\/booksfrommexico.com\/es\/producto\/caminos-del-villismo-de-la-hacienda-de-bustillos-a-la-epopeya\/","url":"https:\/\/booksfrommexico.com\/es\/producto\/caminos-del-villismo-de-la-hacienda-de-bustillos-a-la-epopeya\/","name":"Caminos del villismo: De la hacienda de Bustillos a la epopeya","isPartOf":{"@id":"https:\/\/booksfrommexico.com\/#website"},"primaryImageOfPage":{"@id":"https:\/\/booksfrommexico.com\/es\/producto\/caminos-del-villismo-de-la-hacienda-de-bustillos-a-la-epopeya\/#primaryimage"},"image":{"@id":"https:\/\/booksfrommexico.com\/es\/producto\/caminos-del-villismo-de-la-hacienda-de-bustillos-a-la-epopeya\/#primaryimage"},"thumbnailUrl":"https:\/\/booksfrommexico.com\/app\/uploads\/2023\/05\/127201.jpeg","datePublished":"2023-05-08T17:03:35+00:00","dateModified":"2024-10-02T23:36:40+00:00","description":"CAMINOS DEL VILLISMO : DE LA HACIENDA DE BUSTILLOS A LA EPOPEYA. \/ Fernando Su\u00e1rez Estrada. Chihuahua, M\u00e9xico : Doble H\u00e9lice Ediciones ; \u00c1ster Ediciones.","breadcrumb":{"@id":"https:\/\/booksfrommexico.com\/es\/producto\/caminos-del-villismo-de-la-hacienda-de-bustillos-a-la-epopeya\/#breadcrumb"},"inLanguage":"es","potentialAction":[{"@type":"ReadAction","target":["https:\/\/booksfrommexico.com\/es\/producto\/caminos-del-villismo-de-la-hacienda-de-bustillos-a-la-epopeya\/"]}]},{"@type":"ImageObject","inLanguage":"es","@id":"https:\/\/booksfrommexico.com\/es\/producto\/caminos-del-villismo-de-la-hacienda-de-bustillos-a-la-epopeya\/#primaryimage","url":"https:\/\/booksfrommexico.com\/app\/uploads\/2023\/05\/127201.jpeg","contentUrl":"https:\/\/booksfrommexico.com\/app\/uploads\/2023\/05\/127201.jpeg","width":395,"height":602},{"@type":"BreadcrumbList","@id":"https:\/\/booksfrommexico.com\/es\/producto\/caminos-del-villismo-de-la-hacienda-de-bustillos-a-la-epopeya\/#breadcrumb","itemListElement":[{"@type":"ListItem","position":1,"name":"Home","item":"https:\/\/booksfrommexico.com\/es\/"},{"@type":"ListItem","position":2,"name":"Libros","item":"https:\/\/booksfrommexico.com\/es\/libros\/"},{"@type":"ListItem","position":3,"name":"Caminos del villismo: De la hacienda de Bustillos a la epopeya"}]},{"@type":"WebSite","@id":"https:\/\/booksfrommexico.com\/#website","url":"https:\/\/booksfrommexico.com\/","name":"Books From Mexico","description":"","publisher":{"@id":"https:\/\/booksfrommexico.com\/#organization"},"potentialAction":[{"@type":"SearchAction","target":{"@type":"EntryPoint","urlTemplate":"https:\/\/booksfrommexico.com\/?s={search_term_string}"},"query-input":{"@type":"PropertyValueSpecification","valueRequired":true,"valueName":"search_term_string"}}],"inLanguage":"es"},{"@type":"Organization","@id":"https:\/\/booksfrommexico.com\/#organization","name":"Books From Mexico","url":"https:\/\/booksfrommexico.com\/","logo":{"@type":"ImageObject","inLanguage":"es","@id":"https:\/\/booksfrommexico.com\/#\/schema\/logo\/image\/","url":"https:\/\/booksfrommexico.com\/app\/uploads\/2023\/05\/logo-booksfrommexico.svg","contentUrl":"https:\/\/booksfrommexico.com\/app\/uploads\/2023\/05\/logo-booksfrommexico.svg","width":86,"height":56,"caption":"Books From Mexico"},"image":{"@id":"https:\/\/booksfrommexico.com\/#\/schema\/logo\/image\/"}}]}},"_links":{"self":[{"href":"https:\/\/booksfrommexico.com\/es\/wp-json\/wp\/v2\/product\/529","targetHints":{"allow":["GET"]}}],"collection":[{"href":"https:\/\/booksfrommexico.com\/es\/wp-json\/wp\/v2\/product"}],"about":[{"href":"https:\/\/booksfrommexico.com\/es\/wp-json\/wp\/v2\/types\/product"}],"wp:featuredmedia":[{"embeddable":true,"href":"https:\/\/booksfrommexico.com\/es\/wp-json\/wp\/v2\/media\/528"}],"wp:attachment":[{"href":"https:\/\/booksfrommexico.com\/es\/wp-json\/wp\/v2\/media?parent=529"}],"wp:term":[{"taxonomy":"product_brand","embeddable":true,"href":"https:\/\/booksfrommexico.com\/es\/wp-json\/wp\/v2\/product_brand?post=529"},{"taxonomy":"product_cat","embeddable":true,"href":"https:\/\/booksfrommexico.com\/es\/wp-json\/wp\/v2\/product_cat?post=529"},{"taxonomy":"product_tag","embeddable":true,"href":"https:\/\/booksfrommexico.com\/es\/wp-json\/wp\/v2\/product_tag?post=529"}],"curies":[{"name":"wp","href":"https:\/\/api.w.org\/{rel}","templated":true}]}}