{"id":533,"date":"2023-05-08T17:03:38","date_gmt":"2023-05-08T17:03:38","guid":{"rendered":"http:\/\/booksfrommexico.com\/product\/cronicas-y-estampas-de-meoqui-chihuahua\/"},"modified":"2024-10-02T23:39:31","modified_gmt":"2024-10-02T23:39:31","slug":"cronicas-y-estampas-de-meoqui-chihuahua","status":"publish","type":"product","link":"https:\/\/booksfrommexico.com\/es\/producto\/cronicas-y-estampas-de-meoqui-chihuahua\/","title":{"rendered":"Cr\u00f3nicas y estampas de Meoqui, Chihuahua"},"content":{"rendered":"<p><span style=\"font-weight: 400;\">En esta antolog\u00eda period\u00edstica se re\u00fanen algunos textos publicados a lo largo de cinco a\u00f1os en la columna <\/span><i><span style=\"font-weight: 400;\">Rincones de nuestro pueblo <\/span><\/i><span style=\"font-weight: 400;\">del profesor Armando Navarrete. Aqu\u00ed se trazan las l\u00edneas para una semblanza de la ciudad de Meoqui, Chihuahua: se rescatan tradiciones, costumbres, leyendas locales, se destacan personajes sobresalientes de la comunidad, as\u00ed como se retratan calles, plazas, edificios y dem\u00e1s lugares emblem\u00e1ticos. Estas cr\u00f3nicas fungen como testimonios puntuales y apuntes relevantes que ayudan a enriquecer la memoria cultural y literarias de la vieja Villa de San Pablo.<\/span><\/p>\n","protected":false},"excerpt":{"rendered":"<p>CR\u00d3NICAS Y ESTAMPAS DE MEOQUI, CHIHUAHUA<span style=\"font-weight: 400;\">. \/ Armando Navarrete Gonz\u00e1lez. M\u00e9xico, D.F. : Doble H\u00e9lice Ediciones, 2005. 144 pages : includes photos ; 21 cm. (Colecci\u00f3n Chihuahua y sus Regiones ; Serie Historiograf\u00edas). ISBN : 9687731591. <\/span><\/p>\n","protected":false},"featured_media":532,"template":"","meta":{"_acf_changed":false,"inline_featured_image":false},"product_brand":[],"product_cat":[4413,27],"product_tag":[3788,4398,3607],"class_list":{"0":"post-533","1":"product","2":"type-product","3":"status-publish","4":"has-post-thumbnail","6":"product_cat-cronica","7":"product_cat-historia","8":"product_tag-chihuahua-mexico","9":"product_tag-historia-mexico","10":"product_tag-historia-local","12":"first","13":"instock","14":"sale","15":"taxable","16":"shipping-taxable","17":"purchasable","18":"product-type-simple"},"acf":[],"yoast_head":"<!-- This site is optimized with the Yoast SEO plugin v27.3 - https:\/\/yoast.com\/product\/yoast-seo-wordpress\/ -->\n<title>Cr\u00f3nicas y estampas de Meoqui, Chihuahua<\/title>\n<meta name=\"description\" content=\"CR\u00d3NICAS Y ESTAMPAS DE MEOQUI, CHIHUAHUA. \/ Navarrete Gonz\u00e1lez. Doble H\u00e9lice Ediciones, 2005. (Colecci\u00f3n Chihuahua y sus Regiones ; Serie Historiograf\u00edas).\" \/>\n<meta name=\"robots\" content=\"index, follow, max-snippet:-1, max-image-preview:large, max-video-preview:-1\" \/>\n<link rel=\"canonical\" href=\"https:\/\/booksfrommexico.com\/es\/producto\/cronicas-y-estampas-de-meoqui-chihuahua\/\" \/>\n<meta property=\"og:locale\" content=\"es_ES\" \/>\n<meta property=\"og:type\" content=\"article\" \/>\n<meta property=\"og:title\" content=\"Cr\u00f3nicas y estampas de Meoqui, Chihuahua\" \/>\n<meta property=\"og:description\" content=\"CR\u00d3NICAS Y ESTAMPAS DE MEOQUI, CHIHUAHUA. \/ Navarrete Gonz\u00e1lez. Doble H\u00e9lice Ediciones, 2005. (Colecci\u00f3n Chihuahua y sus Regiones ; Serie Historiograf\u00edas).\" \/>\n<meta property=\"og:url\" content=\"https:\/\/booksfrommexico.com\/es\/producto\/cronicas-y-estampas-de-meoqui-chihuahua\/\" \/>\n<meta property=\"og:site_name\" content=\"Books From Mexico\" \/>\n<meta property=\"article:modified_time\" content=\"2024-10-02T23:39:31+00:00\" \/>\n<meta property=\"og:image\" content=\"http:\/\/booksfrommexico.com\/app\/uploads\/2023\/05\/128763.jpeg\" \/>\n\t<meta property=\"og:image:width\" content=\"373\" \/>\n\t<meta property=\"og:image:height\" content=\"596\" \/>\n\t<meta property=\"og:image:type\" content=\"image\/jpeg\" \/>\n<meta name=\"twitter:card\" content=\"summary_large_image\" \/>\n<meta name=\"twitter:label1\" content=\"Tiempo de lectura\" \/>\n\t<meta name=\"twitter:data1\" content=\"1 minuto\" \/>\n<script type=\"application\/ld+json\" class=\"yoast-schema-graph\">{\"@context\":\"https:\\\/\\\/schema.org\",\"@graph\":[{\"@type\":\"WebPage\",\"@id\":\"https:\\\/\\\/booksfrommexico.com\\\/es\\\/producto\\\/cronicas-y-estampas-de-meoqui-chihuahua\\\/\",\"url\":\"https:\\\/\\\/booksfrommexico.com\\\/es\\\/producto\\\/cronicas-y-estampas-de-meoqui-chihuahua\\\/\",\"name\":\"Cr\u00f3nicas y estampas de Meoqui, Chihuahua\",\"isPartOf\":{\"@id\":\"https:\\\/\\\/booksfrommexico.com\\\/#website\"},\"primaryImageOfPage\":{\"@id\":\"https:\\\/\\\/booksfrommexico.com\\\/es\\\/producto\\\/cronicas-y-estampas-de-meoqui-chihuahua\\\/#primaryimage\"},\"image\":{\"@id\":\"https:\\\/\\\/booksfrommexico.com\\\/es\\\/producto\\\/cronicas-y-estampas-de-meoqui-chihuahua\\\/#primaryimage\"},\"thumbnailUrl\":\"https:\\\/\\\/booksfrommexico.com\\\/app\\\/uploads\\\/2023\\\/05\\\/128763.jpeg\",\"datePublished\":\"2023-05-08T17:03:38+00:00\",\"dateModified\":\"2024-10-02T23:39:31+00:00\",\"description\":\"CR\u00d3NICAS Y ESTAMPAS DE MEOQUI, CHIHUAHUA. \\\/ Navarrete Gonz\u00e1lez. Doble H\u00e9lice Ediciones, 2005. (Colecci\u00f3n Chihuahua y sus Regiones ; Serie Historiograf\u00edas).\",\"breadcrumb\":{\"@id\":\"https:\\\/\\\/booksfrommexico.com\\\/es\\\/producto\\\/cronicas-y-estampas-de-meoqui-chihuahua\\\/#breadcrumb\"},\"inLanguage\":\"es\",\"potentialAction\":[{\"@type\":\"ReadAction\",\"target\":[\"https:\\\/\\\/booksfrommexico.com\\\/es\\\/producto\\\/cronicas-y-estampas-de-meoqui-chihuahua\\\/\"]}]},{\"@type\":\"ImageObject\",\"inLanguage\":\"es\",\"@id\":\"https:\\\/\\\/booksfrommexico.com\\\/es\\\/producto\\\/cronicas-y-estampas-de-meoqui-chihuahua\\\/#primaryimage\",\"url\":\"https:\\\/\\\/booksfrommexico.com\\\/app\\\/uploads\\\/2023\\\/05\\\/128763.jpeg\",\"contentUrl\":\"https:\\\/\\\/booksfrommexico.com\\\/app\\\/uploads\\\/2023\\\/05\\\/128763.jpeg\",\"width\":373,\"height\":596},{\"@type\":\"BreadcrumbList\",\"@id\":\"https:\\\/\\\/booksfrommexico.com\\\/es\\\/producto\\\/cronicas-y-estampas-de-meoqui-chihuahua\\\/#breadcrumb\",\"itemListElement\":[{\"@type\":\"ListItem\",\"position\":1,\"name\":\"Home\",\"item\":\"https:\\\/\\\/booksfrommexico.com\\\/es\\\/\"},{\"@type\":\"ListItem\",\"position\":2,\"name\":\"Libros\",\"item\":\"https:\\\/\\\/booksfrommexico.com\\\/es\\\/libros\\\/\"},{\"@type\":\"ListItem\",\"position\":3,\"name\":\"Cr\u00f3nicas y estampas de Meoqui, Chihuahua\"}]},{\"@type\":\"WebSite\",\"@id\":\"https:\\\/\\\/booksfrommexico.com\\\/#website\",\"url\":\"https:\\\/\\\/booksfrommexico.com\\\/\",\"name\":\"Books From Mexico\",\"description\":\"\",\"publisher\":{\"@id\":\"https:\\\/\\\/booksfrommexico.com\\\/#organization\"},\"potentialAction\":[{\"@type\":\"SearchAction\",\"target\":{\"@type\":\"EntryPoint\",\"urlTemplate\":\"https:\\\/\\\/booksfrommexico.com\\\/?s={search_term_string}\"},\"query-input\":{\"@type\":\"PropertyValueSpecification\",\"valueRequired\":true,\"valueName\":\"search_term_string\"}}],\"inLanguage\":\"es\"},{\"@type\":\"Organization\",\"@id\":\"https:\\\/\\\/booksfrommexico.com\\\/#organization\",\"name\":\"Books From Mexico\",\"url\":\"https:\\\/\\\/booksfrommexico.com\\\/\",\"logo\":{\"@type\":\"ImageObject\",\"inLanguage\":\"es\",\"@id\":\"https:\\\/\\\/booksfrommexico.com\\\/#\\\/schema\\\/logo\\\/image\\\/\",\"url\":\"https:\\\/\\\/booksfrommexico.com\\\/app\\\/uploads\\\/2023\\\/05\\\/logo-booksfrommexico.svg\",\"contentUrl\":\"https:\\\/\\\/booksfrommexico.com\\\/app\\\/uploads\\\/2023\\\/05\\\/logo-booksfrommexico.svg\",\"width\":86,\"height\":56,\"caption\":\"Books From Mexico\"},\"image\":{\"@id\":\"https:\\\/\\\/booksfrommexico.com\\\/#\\\/schema\\\/logo\\\/image\\\/\"}}]}<\/script>\n<!-- \/ Yoast SEO plugin. -->","yoast_head_json":{"title":"Cr\u00f3nicas y estampas de Meoqui, Chihuahua","description":"CR\u00d3NICAS Y ESTAMPAS DE MEOQUI, CHIHUAHUA. \/ Navarrete Gonz\u00e1lez. Doble H\u00e9lice Ediciones, 2005. (Colecci\u00f3n Chihuahua y sus Regiones ; Serie Historiograf\u00edas).","robots":{"index":"index","follow":"follow","max-snippet":"max-snippet:-1","max-image-preview":"max-image-preview:large","max-video-preview":"max-video-preview:-1"},"canonical":"https:\/\/booksfrommexico.com\/es\/producto\/cronicas-y-estampas-de-meoqui-chihuahua\/","og_locale":"es_ES","og_type":"article","og_title":"Cr\u00f3nicas y estampas de Meoqui, Chihuahua","og_description":"CR\u00d3NICAS Y ESTAMPAS DE MEOQUI, CHIHUAHUA. \/ Navarrete Gonz\u00e1lez. Doble H\u00e9lice Ediciones, 2005. (Colecci\u00f3n Chihuahua y sus Regiones ; Serie Historiograf\u00edas).","og_url":"https:\/\/booksfrommexico.com\/es\/producto\/cronicas-y-estampas-de-meoqui-chihuahua\/","og_site_name":"Books From Mexico","article_modified_time":"2024-10-02T23:39:31+00:00","og_image":[{"width":373,"height":596,"url":"http:\/\/booksfrommexico.com\/app\/uploads\/2023\/05\/128763.jpeg","type":"image\/jpeg"}],"twitter_card":"summary_large_image","twitter_misc":{"Tiempo de lectura":"1 minuto"},"schema":{"@context":"https:\/\/schema.org","@graph":[{"@type":"WebPage","@id":"https:\/\/booksfrommexico.com\/es\/producto\/cronicas-y-estampas-de-meoqui-chihuahua\/","url":"https:\/\/booksfrommexico.com\/es\/producto\/cronicas-y-estampas-de-meoqui-chihuahua\/","name":"Cr\u00f3nicas y estampas de Meoqui, Chihuahua","isPartOf":{"@id":"https:\/\/booksfrommexico.com\/#website"},"primaryImageOfPage":{"@id":"https:\/\/booksfrommexico.com\/es\/producto\/cronicas-y-estampas-de-meoqui-chihuahua\/#primaryimage"},"image":{"@id":"https:\/\/booksfrommexico.com\/es\/producto\/cronicas-y-estampas-de-meoqui-chihuahua\/#primaryimage"},"thumbnailUrl":"https:\/\/booksfrommexico.com\/app\/uploads\/2023\/05\/128763.jpeg","datePublished":"2023-05-08T17:03:38+00:00","dateModified":"2024-10-02T23:39:31+00:00","description":"CR\u00d3NICAS Y ESTAMPAS DE MEOQUI, CHIHUAHUA. \/ Navarrete Gonz\u00e1lez. Doble H\u00e9lice Ediciones, 2005. (Colecci\u00f3n Chihuahua y sus Regiones ; Serie Historiograf\u00edas).","breadcrumb":{"@id":"https:\/\/booksfrommexico.com\/es\/producto\/cronicas-y-estampas-de-meoqui-chihuahua\/#breadcrumb"},"inLanguage":"es","potentialAction":[{"@type":"ReadAction","target":["https:\/\/booksfrommexico.com\/es\/producto\/cronicas-y-estampas-de-meoqui-chihuahua\/"]}]},{"@type":"ImageObject","inLanguage":"es","@id":"https:\/\/booksfrommexico.com\/es\/producto\/cronicas-y-estampas-de-meoqui-chihuahua\/#primaryimage","url":"https:\/\/booksfrommexico.com\/app\/uploads\/2023\/05\/128763.jpeg","contentUrl":"https:\/\/booksfrommexico.com\/app\/uploads\/2023\/05\/128763.jpeg","width":373,"height":596},{"@type":"BreadcrumbList","@id":"https:\/\/booksfrommexico.com\/es\/producto\/cronicas-y-estampas-de-meoqui-chihuahua\/#breadcrumb","itemListElement":[{"@type":"ListItem","position":1,"name":"Home","item":"https:\/\/booksfrommexico.com\/es\/"},{"@type":"ListItem","position":2,"name":"Libros","item":"https:\/\/booksfrommexico.com\/es\/libros\/"},{"@type":"ListItem","position":3,"name":"Cr\u00f3nicas y estampas de Meoqui, Chihuahua"}]},{"@type":"WebSite","@id":"https:\/\/booksfrommexico.com\/#website","url":"https:\/\/booksfrommexico.com\/","name":"Books From Mexico","description":"","publisher":{"@id":"https:\/\/booksfrommexico.com\/#organization"},"potentialAction":[{"@type":"SearchAction","target":{"@type":"EntryPoint","urlTemplate":"https:\/\/booksfrommexico.com\/?s={search_term_string}"},"query-input":{"@type":"PropertyValueSpecification","valueRequired":true,"valueName":"search_term_string"}}],"inLanguage":"es"},{"@type":"Organization","@id":"https:\/\/booksfrommexico.com\/#organization","name":"Books From Mexico","url":"https:\/\/booksfrommexico.com\/","logo":{"@type":"ImageObject","inLanguage":"es","@id":"https:\/\/booksfrommexico.com\/#\/schema\/logo\/image\/","url":"https:\/\/booksfrommexico.com\/app\/uploads\/2023\/05\/logo-booksfrommexico.svg","contentUrl":"https:\/\/booksfrommexico.com\/app\/uploads\/2023\/05\/logo-booksfrommexico.svg","width":86,"height":56,"caption":"Books From Mexico"},"image":{"@id":"https:\/\/booksfrommexico.com\/#\/schema\/logo\/image\/"}}]}},"_links":{"self":[{"href":"https:\/\/booksfrommexico.com\/es\/wp-json\/wp\/v2\/product\/533","targetHints":{"allow":["GET"]}}],"collection":[{"href":"https:\/\/booksfrommexico.com\/es\/wp-json\/wp\/v2\/product"}],"about":[{"href":"https:\/\/booksfrommexico.com\/es\/wp-json\/wp\/v2\/types\/product"}],"wp:featuredmedia":[{"embeddable":true,"href":"https:\/\/booksfrommexico.com\/es\/wp-json\/wp\/v2\/media\/532"}],"wp:attachment":[{"href":"https:\/\/booksfrommexico.com\/es\/wp-json\/wp\/v2\/media?parent=533"}],"wp:term":[{"taxonomy":"product_brand","embeddable":true,"href":"https:\/\/booksfrommexico.com\/es\/wp-json\/wp\/v2\/product_brand?post=533"},{"taxonomy":"product_cat","embeddable":true,"href":"https:\/\/booksfrommexico.com\/es\/wp-json\/wp\/v2\/product_cat?post=533"},{"taxonomy":"product_tag","embeddable":true,"href":"https:\/\/booksfrommexico.com\/es\/wp-json\/wp\/v2\/product_tag?post=533"}],"curies":[{"name":"wp","href":"https:\/\/api.w.org\/{rel}","templated":true}]}}