{"id":537,"date":"2023-05-08T17:03:40","date_gmt":"2023-05-08T17:03:40","guid":{"rendered":"http:\/\/booksfrommexico.com\/product\/entre-el-culto-a-la-fertilidad-y-el-festejo-catolico\/"},"modified":"2024-10-02T23:39:47","modified_gmt":"2024-10-02T23:39:47","slug":"entre-el-culto-a-la-fertilidad-y-el-festejo-catolico","status":"publish","type":"product","link":"https:\/\/booksfrommexico.com\/es\/producto\/entre-el-culto-a-la-fertilidad-y-el-festejo-catolico\/","title":{"rendered":"Carnavales en la Mixteca: Entre el culto a la fertilidad y el festejo cat\u00f3lico"},"content":{"rendered":"<p><span style=\"font-weight: 400;\">Las danzas son manifestaciones art\u00edsticas de una herencia milenaria y han perdurado por siglos en distintas localidades de Oaxaca, pero est\u00e1n tambi\u00e9n asociadas a la expansi\u00f3n del catolicismo. Pese a que algunas de estas danzas se han perdido en el tiempo, las que se mantienen han adquirido nuevos significados, siendo realizadas por los pueblos de manera especial en \u00e9poca de carnaval. En este t\u00edtulo se recopila informaci\u00f3n, datos y fotos de cuatro casos de carnavales en la regi\u00f3n Mixteca, con los que se documenta la complejidad de las relaciones que se establecen para su ejecuci\u00f3n y de las condiciones que los hacen posibles. <\/span><\/p>\n","protected":false},"excerpt":{"rendered":"<p>CARNAVALES EN LA MIXTECA : ENTRE EL CULTO A LA FERTILIDAD Y EL FESTEJO CAT\u00d3LICO<span style=\"font-weight: 400;\">. \/ Jorge Hern\u00e1ndez-D\u00edaz, Graciela C. Angeles Carre\u00f1o. Oaxaca, M\u00e9xico :\u00a0 Consejo Nacional para la Cultura y las Artes ; Instituto de Investigaciones Sociol\u00f3gicas de la Universidad Benito Ju\u00e1rez de Oaxaca ; Carteles Editores, 2005. 201 pages : includes maps, notes, references, photos, bibliography ; 23 cm. ISBN : 968798479I.<\/span><\/p>\n","protected":false},"featured_media":536,"template":"","meta":{"_acf_changed":false,"inline_featured_image":false},"product_brand":[],"product_cat":[524,158],"product_tag":[3859,3918,3797,3729,3762],"class_list":{"0":"post-537","1":"product","2":"type-product","3":"status-publish","4":"has-post-thumbnail","6":"product_cat-expresiones-sociales-de-la-religion-religion-y-sociedad","7":"product_cat-religion-y-sociedad","8":"product_tag-danza","9":"product_tag-mixtecos","10":"product_tag-oaxaca-mexico","11":"product_tag-religion","12":"product_tag-vida-religiosa-y-costumbres","14":"first","15":"instock","16":"sale","17":"taxable","18":"shipping-taxable","19":"purchasable","20":"product-type-simple"},"acf":[],"yoast_head":"<!-- This site is optimized with the Yoast SEO plugin v27.3 - https:\/\/yoast.com\/product\/yoast-seo-wordpress\/ -->\n<title>Carnavales en la Mixteca: Culto a la fertilidad y el festejo cat\u00f3lico<\/title>\n<meta name=\"description\" content=\"CARNAVALES EN LA MIXTECA : ENTRE EL CULTO A LA FERTILIDAD Y EL FESTEJO CAT\u00d3LICO. \/ Jorge Hern\u00e1ndez-D\u00edaz, Graciela C. Angeles Carre\u00f1o. 2005.\" \/>\n<meta name=\"robots\" content=\"index, follow, max-snippet:-1, max-image-preview:large, max-video-preview:-1\" \/>\n<link rel=\"canonical\" href=\"https:\/\/booksfrommexico.com\/es\/producto\/entre-el-culto-a-la-fertilidad-y-el-festejo-catolico\/\" \/>\n<meta property=\"og:locale\" content=\"es_ES\" \/>\n<meta property=\"og:type\" content=\"article\" \/>\n<meta property=\"og:title\" content=\"Carnavales en la Mixteca: Culto a la fertilidad y el festejo cat\u00f3lico\" \/>\n<meta property=\"og:description\" content=\"CARNAVALES EN LA MIXTECA : ENTRE EL CULTO A LA FERTILIDAD Y EL FESTEJO CAT\u00d3LICO. \/ Jorge Hern\u00e1ndez-D\u00edaz, Graciela C. Angeles Carre\u00f1o. 2005.\" \/>\n<meta property=\"og:url\" content=\"https:\/\/booksfrommexico.com\/es\/producto\/entre-el-culto-a-la-fertilidad-y-el-festejo-catolico\/\" \/>\n<meta property=\"og:site_name\" content=\"Books From Mexico\" \/>\n<meta property=\"article:modified_time\" content=\"2024-10-02T23:39:47+00:00\" \/>\n<meta property=\"og:image\" content=\"http:\/\/booksfrommexico.com\/app\/uploads\/2023\/05\/128819.jpeg\" \/>\n\t<meta property=\"og:image:width\" content=\"415\" \/>\n\t<meta property=\"og:image:height\" content=\"668\" \/>\n\t<meta property=\"og:image:type\" content=\"image\/jpeg\" \/>\n<meta name=\"twitter:card\" content=\"summary_large_image\" \/>\n<meta name=\"twitter:label1\" content=\"Tiempo de lectura\" \/>\n\t<meta name=\"twitter:data1\" content=\"1 minuto\" \/>\n<script type=\"application\/ld+json\" class=\"yoast-schema-graph\">{\"@context\":\"https:\\\/\\\/schema.org\",\"@graph\":[{\"@type\":\"WebPage\",\"@id\":\"https:\\\/\\\/booksfrommexico.com\\\/es\\\/producto\\\/entre-el-culto-a-la-fertilidad-y-el-festejo-catolico\\\/\",\"url\":\"https:\\\/\\\/booksfrommexico.com\\\/es\\\/producto\\\/entre-el-culto-a-la-fertilidad-y-el-festejo-catolico\\\/\",\"name\":\"Carnavales en la Mixteca: Culto a la fertilidad y el festejo cat\u00f3lico\",\"isPartOf\":{\"@id\":\"https:\\\/\\\/booksfrommexico.com\\\/#website\"},\"primaryImageOfPage\":{\"@id\":\"https:\\\/\\\/booksfrommexico.com\\\/es\\\/producto\\\/entre-el-culto-a-la-fertilidad-y-el-festejo-catolico\\\/#primaryimage\"},\"image\":{\"@id\":\"https:\\\/\\\/booksfrommexico.com\\\/es\\\/producto\\\/entre-el-culto-a-la-fertilidad-y-el-festejo-catolico\\\/#primaryimage\"},\"thumbnailUrl\":\"https:\\\/\\\/booksfrommexico.com\\\/app\\\/uploads\\\/2023\\\/05\\\/128819.jpeg\",\"datePublished\":\"2023-05-08T17:03:40+00:00\",\"dateModified\":\"2024-10-02T23:39:47+00:00\",\"description\":\"CARNAVALES EN LA MIXTECA : ENTRE EL CULTO A LA FERTILIDAD Y EL FESTEJO CAT\u00d3LICO. \\\/ Jorge Hern\u00e1ndez-D\u00edaz, Graciela C. Angeles Carre\u00f1o. 2005.\",\"breadcrumb\":{\"@id\":\"https:\\\/\\\/booksfrommexico.com\\\/es\\\/producto\\\/entre-el-culto-a-la-fertilidad-y-el-festejo-catolico\\\/#breadcrumb\"},\"inLanguage\":\"es\",\"potentialAction\":[{\"@type\":\"ReadAction\",\"target\":[\"https:\\\/\\\/booksfrommexico.com\\\/es\\\/producto\\\/entre-el-culto-a-la-fertilidad-y-el-festejo-catolico\\\/\"]}]},{\"@type\":\"ImageObject\",\"inLanguage\":\"es\",\"@id\":\"https:\\\/\\\/booksfrommexico.com\\\/es\\\/producto\\\/entre-el-culto-a-la-fertilidad-y-el-festejo-catolico\\\/#primaryimage\",\"url\":\"https:\\\/\\\/booksfrommexico.com\\\/app\\\/uploads\\\/2023\\\/05\\\/128819.jpeg\",\"contentUrl\":\"https:\\\/\\\/booksfrommexico.com\\\/app\\\/uploads\\\/2023\\\/05\\\/128819.jpeg\",\"width\":415,\"height\":668},{\"@type\":\"BreadcrumbList\",\"@id\":\"https:\\\/\\\/booksfrommexico.com\\\/es\\\/producto\\\/entre-el-culto-a-la-fertilidad-y-el-festejo-catolico\\\/#breadcrumb\",\"itemListElement\":[{\"@type\":\"ListItem\",\"position\":1,\"name\":\"Home\",\"item\":\"https:\\\/\\\/booksfrommexico.com\\\/es\\\/\"},{\"@type\":\"ListItem\",\"position\":2,\"name\":\"Libros\",\"item\":\"https:\\\/\\\/booksfrommexico.com\\\/es\\\/libros\\\/\"},{\"@type\":\"ListItem\",\"position\":3,\"name\":\"Carnavales en la Mixteca: Entre el culto a la fertilidad y el festejo cat\u00f3lico\"}]},{\"@type\":\"WebSite\",\"@id\":\"https:\\\/\\\/booksfrommexico.com\\\/#website\",\"url\":\"https:\\\/\\\/booksfrommexico.com\\\/\",\"name\":\"Books From Mexico\",\"description\":\"\",\"publisher\":{\"@id\":\"https:\\\/\\\/booksfrommexico.com\\\/#organization\"},\"potentialAction\":[{\"@type\":\"SearchAction\",\"target\":{\"@type\":\"EntryPoint\",\"urlTemplate\":\"https:\\\/\\\/booksfrommexico.com\\\/?s={search_term_string}\"},\"query-input\":{\"@type\":\"PropertyValueSpecification\",\"valueRequired\":true,\"valueName\":\"search_term_string\"}}],\"inLanguage\":\"es\"},{\"@type\":\"Organization\",\"@id\":\"https:\\\/\\\/booksfrommexico.com\\\/#organization\",\"name\":\"Books From Mexico\",\"url\":\"https:\\\/\\\/booksfrommexico.com\\\/\",\"logo\":{\"@type\":\"ImageObject\",\"inLanguage\":\"es\",\"@id\":\"https:\\\/\\\/booksfrommexico.com\\\/#\\\/schema\\\/logo\\\/image\\\/\",\"url\":\"https:\\\/\\\/booksfrommexico.com\\\/app\\\/uploads\\\/2023\\\/05\\\/logo-booksfrommexico.svg\",\"contentUrl\":\"https:\\\/\\\/booksfrommexico.com\\\/app\\\/uploads\\\/2023\\\/05\\\/logo-booksfrommexico.svg\",\"width\":86,\"height\":56,\"caption\":\"Books From Mexico\"},\"image\":{\"@id\":\"https:\\\/\\\/booksfrommexico.com\\\/#\\\/schema\\\/logo\\\/image\\\/\"}}]}<\/script>\n<!-- \/ Yoast SEO plugin. -->","yoast_head_json":{"title":"Carnavales en la Mixteca: Culto a la fertilidad y el festejo cat\u00f3lico","description":"CARNAVALES EN LA MIXTECA : ENTRE EL CULTO A LA FERTILIDAD Y EL FESTEJO CAT\u00d3LICO. \/ Jorge Hern\u00e1ndez-D\u00edaz, Graciela C. Angeles Carre\u00f1o. 2005.","robots":{"index":"index","follow":"follow","max-snippet":"max-snippet:-1","max-image-preview":"max-image-preview:large","max-video-preview":"max-video-preview:-1"},"canonical":"https:\/\/booksfrommexico.com\/es\/producto\/entre-el-culto-a-la-fertilidad-y-el-festejo-catolico\/","og_locale":"es_ES","og_type":"article","og_title":"Carnavales en la Mixteca: Culto a la fertilidad y el festejo cat\u00f3lico","og_description":"CARNAVALES EN LA MIXTECA : ENTRE EL CULTO A LA FERTILIDAD Y EL FESTEJO CAT\u00d3LICO. \/ Jorge Hern\u00e1ndez-D\u00edaz, Graciela C. Angeles Carre\u00f1o. 2005.","og_url":"https:\/\/booksfrommexico.com\/es\/producto\/entre-el-culto-a-la-fertilidad-y-el-festejo-catolico\/","og_site_name":"Books From Mexico","article_modified_time":"2024-10-02T23:39:47+00:00","og_image":[{"width":415,"height":668,"url":"http:\/\/booksfrommexico.com\/app\/uploads\/2023\/05\/128819.jpeg","type":"image\/jpeg"}],"twitter_card":"summary_large_image","twitter_misc":{"Tiempo de lectura":"1 minuto"},"schema":{"@context":"https:\/\/schema.org","@graph":[{"@type":"WebPage","@id":"https:\/\/booksfrommexico.com\/es\/producto\/entre-el-culto-a-la-fertilidad-y-el-festejo-catolico\/","url":"https:\/\/booksfrommexico.com\/es\/producto\/entre-el-culto-a-la-fertilidad-y-el-festejo-catolico\/","name":"Carnavales en la Mixteca: Culto a la fertilidad y el festejo cat\u00f3lico","isPartOf":{"@id":"https:\/\/booksfrommexico.com\/#website"},"primaryImageOfPage":{"@id":"https:\/\/booksfrommexico.com\/es\/producto\/entre-el-culto-a-la-fertilidad-y-el-festejo-catolico\/#primaryimage"},"image":{"@id":"https:\/\/booksfrommexico.com\/es\/producto\/entre-el-culto-a-la-fertilidad-y-el-festejo-catolico\/#primaryimage"},"thumbnailUrl":"https:\/\/booksfrommexico.com\/app\/uploads\/2023\/05\/128819.jpeg","datePublished":"2023-05-08T17:03:40+00:00","dateModified":"2024-10-02T23:39:47+00:00","description":"CARNAVALES EN LA MIXTECA : ENTRE EL CULTO A LA FERTILIDAD Y EL FESTEJO CAT\u00d3LICO. \/ Jorge Hern\u00e1ndez-D\u00edaz, Graciela C. Angeles Carre\u00f1o. 2005.","breadcrumb":{"@id":"https:\/\/booksfrommexico.com\/es\/producto\/entre-el-culto-a-la-fertilidad-y-el-festejo-catolico\/#breadcrumb"},"inLanguage":"es","potentialAction":[{"@type":"ReadAction","target":["https:\/\/booksfrommexico.com\/es\/producto\/entre-el-culto-a-la-fertilidad-y-el-festejo-catolico\/"]}]},{"@type":"ImageObject","inLanguage":"es","@id":"https:\/\/booksfrommexico.com\/es\/producto\/entre-el-culto-a-la-fertilidad-y-el-festejo-catolico\/#primaryimage","url":"https:\/\/booksfrommexico.com\/app\/uploads\/2023\/05\/128819.jpeg","contentUrl":"https:\/\/booksfrommexico.com\/app\/uploads\/2023\/05\/128819.jpeg","width":415,"height":668},{"@type":"BreadcrumbList","@id":"https:\/\/booksfrommexico.com\/es\/producto\/entre-el-culto-a-la-fertilidad-y-el-festejo-catolico\/#breadcrumb","itemListElement":[{"@type":"ListItem","position":1,"name":"Home","item":"https:\/\/booksfrommexico.com\/es\/"},{"@type":"ListItem","position":2,"name":"Libros","item":"https:\/\/booksfrommexico.com\/es\/libros\/"},{"@type":"ListItem","position":3,"name":"Carnavales en la Mixteca: Entre el culto a la fertilidad y el festejo cat\u00f3lico"}]},{"@type":"WebSite","@id":"https:\/\/booksfrommexico.com\/#website","url":"https:\/\/booksfrommexico.com\/","name":"Books From Mexico","description":"","publisher":{"@id":"https:\/\/booksfrommexico.com\/#organization"},"potentialAction":[{"@type":"SearchAction","target":{"@type":"EntryPoint","urlTemplate":"https:\/\/booksfrommexico.com\/?s={search_term_string}"},"query-input":{"@type":"PropertyValueSpecification","valueRequired":true,"valueName":"search_term_string"}}],"inLanguage":"es"},{"@type":"Organization","@id":"https:\/\/booksfrommexico.com\/#organization","name":"Books From Mexico","url":"https:\/\/booksfrommexico.com\/","logo":{"@type":"ImageObject","inLanguage":"es","@id":"https:\/\/booksfrommexico.com\/#\/schema\/logo\/image\/","url":"https:\/\/booksfrommexico.com\/app\/uploads\/2023\/05\/logo-booksfrommexico.svg","contentUrl":"https:\/\/booksfrommexico.com\/app\/uploads\/2023\/05\/logo-booksfrommexico.svg","width":86,"height":56,"caption":"Books From Mexico"},"image":{"@id":"https:\/\/booksfrommexico.com\/#\/schema\/logo\/image\/"}}]}},"_links":{"self":[{"href":"https:\/\/booksfrommexico.com\/es\/wp-json\/wp\/v2\/product\/537","targetHints":{"allow":["GET"]}}],"collection":[{"href":"https:\/\/booksfrommexico.com\/es\/wp-json\/wp\/v2\/product"}],"about":[{"href":"https:\/\/booksfrommexico.com\/es\/wp-json\/wp\/v2\/types\/product"}],"wp:featuredmedia":[{"embeddable":true,"href":"https:\/\/booksfrommexico.com\/es\/wp-json\/wp\/v2\/media\/536"}],"wp:attachment":[{"href":"https:\/\/booksfrommexico.com\/es\/wp-json\/wp\/v2\/media?parent=537"}],"wp:term":[{"taxonomy":"product_brand","embeddable":true,"href":"https:\/\/booksfrommexico.com\/es\/wp-json\/wp\/v2\/product_brand?post=537"},{"taxonomy":"product_cat","embeddable":true,"href":"https:\/\/booksfrommexico.com\/es\/wp-json\/wp\/v2\/product_cat?post=537"},{"taxonomy":"product_tag","embeddable":true,"href":"https:\/\/booksfrommexico.com\/es\/wp-json\/wp\/v2\/product_tag?post=537"}],"curies":[{"name":"wp","href":"https:\/\/api.w.org\/{rel}","templated":true}]}}