{"id":539,"date":"2023-05-08T17:03:42","date_gmt":"2023-05-08T17:03:42","guid":{"rendered":"http:\/\/booksfrommexico.com\/product\/cuentos-y-tradiciones-de-los-popolucas-de-acayucan-voz-y-vida-de-la-tradicion-oral-indigena\/"},"modified":"2025-03-01T00:09:29","modified_gmt":"2025-03-01T00:09:29","slug":"cuentos-y-tradiciones-de-los-popolucas-de-acayucan-voz-y-vida-de-la-tradicion-oral-indigena","status":"publish","type":"product","link":"https:\/\/booksfrommexico.com\/es\/producto\/cuentos-y-tradiciones-de-los-popolucas-de-acayucan-voz-y-vida-de-la-tradicion-oral-indigena\/","title":{"rendered":"Cuentos y tradiciones de los popolucas de Acayucan: Voz y vida de la tradici\u00f3n oral ind\u00edgena"},"content":{"rendered":"<p><span style=\"font-weight: 400;\">Los ind\u00edgenas del pueblo de Acayucan llegaron a representar hasta el 60% de la poblaci\u00f3n total todav\u00eda a mediados del siglo XIX, sin embargo para principios del siglo XXI su antigua comunidad ha desaparecido. No obstante, su tradici\u00f3n y cultura pervive en los pueblos vecinos de los alrededores: entre afromestizos de Comej\u00e9n, los popolucas de Quiamoloapan y Santa Rita Laurel, Apaxta, Monte Grande y Tecuanapa, en los ranchos campesinos aleda\u00f1os a El Hato y Jalapa Caler\u00eda.\u00a0 Aqu\u00ed se re\u00fanen una serie de cuentos populares, fragmentos de una cultura recopilados con la intenci\u00f3n de preservar la historia.<\/span><\/p>\n","protected":false},"excerpt":{"rendered":"<p>CUENTOS Y TRADICIONES DE LOS POPOLUCAS DE ACAYUCAN : VOZ Y VIDA DE LA TRADICI\u00d3N ORAL IND\u00cdGENA<span style=\"font-weight: 400;\">. \/ Artemio Mart\u00ednez Castro, Elvira Dizon (compilators). Xalapa, Veracruz, M\u00e9xico : Consejo Nacional para la Cultura y las Artes , Direcci\u00f3n General de Culturas Populares e Ind\u00edgenas , Unidad Regional Acayucan de Culturas Populares , Instituto Veracruzano de la Cultura ; Programa de Apoyo a las Culturas Municipales y Comunitarias, 2004. 122 pages : includes color photo, illustrations ; 21 cm.<\/span><\/p>\n","protected":false},"featured_media":538,"template":"","meta":{"_acf_changed":false,"inline_featured_image":false},"product_brand":[],"product_cat":[19,37,25],"product_tag":[4127,4124,4503,4196,4481],"class_list":{"0":"post-539","1":"product","2":"type-product","3":"status-publish","4":"has-post-thumbnail","6":"product_cat-antropologia","7":"product_cat-cuento-literatura","8":"product_cat-literatura","9":"product_tag-cuento","10":"product_tag-literatura-es","11":"product_tag-literatura-indigena","12":"product_tag-popolucas","13":"product_tag-tradicion-y-costumbres","15":"first","16":"outofstock","17":"sale","18":"taxable","19":"shipping-taxable","20":"purchasable","21":"product-type-simple"},"acf":[],"yoast_head":"<!-- This site is optimized with the Yoast SEO plugin v27.3 - https:\/\/yoast.com\/product\/yoast-seo-wordpress\/ -->\n<title>Cuentos y tradiciones de los popolucas de Acayucan<\/title>\n<meta name=\"description\" content=\"CUENTOS Y TRADICIONES DE LOS POPOLUCAS DE ACAYUCAN : VOZ Y VIDA DE LA TRADICI\u00d3N ORAL IND\u00cdGENA. \/ Artemio Mart\u00ednez Castro, Elvira Dizon (compilators). 2004.\" \/>\n<meta name=\"robots\" content=\"index, follow, max-snippet:-1, max-image-preview:large, max-video-preview:-1\" \/>\n<link rel=\"canonical\" href=\"https:\/\/booksfrommexico.com\/es\/producto\/cuentos-y-tradiciones-de-los-popolucas-de-acayucan-voz-y-vida-de-la-tradicion-oral-indigena\/\" \/>\n<meta property=\"og:locale\" content=\"es_ES\" \/>\n<meta property=\"og:type\" content=\"article\" \/>\n<meta property=\"og:title\" content=\"Cuentos y tradiciones de los popolucas de Acayucan\" \/>\n<meta property=\"og:description\" content=\"CUENTOS Y TRADICIONES DE LOS POPOLUCAS DE ACAYUCAN : VOZ Y VIDA DE LA TRADICI\u00d3N ORAL IND\u00cdGENA. \/ Artemio Mart\u00ednez Castro, Elvira Dizon (compilators). 2004.\" \/>\n<meta property=\"og:url\" content=\"https:\/\/booksfrommexico.com\/es\/producto\/cuentos-y-tradiciones-de-los-popolucas-de-acayucan-voz-y-vida-de-la-tradicion-oral-indigena\/\" \/>\n<meta property=\"og:site_name\" content=\"Books From Mexico\" \/>\n<meta property=\"article:modified_time\" content=\"2025-03-01T00:09:29+00:00\" \/>\n<meta property=\"og:image\" content=\"http:\/\/booksfrommexico.com\/app\/uploads\/2023\/05\/128896.jpeg\" \/>\n\t<meta property=\"og:image:width\" content=\"486\" \/>\n\t<meta property=\"og:image:height\" content=\"611\" \/>\n\t<meta property=\"og:image:type\" content=\"image\/jpeg\" \/>\n<meta name=\"twitter:card\" content=\"summary_large_image\" \/>\n<meta name=\"twitter:label1\" content=\"Tiempo de lectura\" \/>\n\t<meta name=\"twitter:data1\" content=\"1 minuto\" \/>\n<script type=\"application\/ld+json\" class=\"yoast-schema-graph\">{\"@context\":\"https:\\\/\\\/schema.org\",\"@graph\":[{\"@type\":\"WebPage\",\"@id\":\"https:\\\/\\\/booksfrommexico.com\\\/es\\\/producto\\\/cuentos-y-tradiciones-de-los-popolucas-de-acayucan-voz-y-vida-de-la-tradicion-oral-indigena\\\/\",\"url\":\"https:\\\/\\\/booksfrommexico.com\\\/es\\\/producto\\\/cuentos-y-tradiciones-de-los-popolucas-de-acayucan-voz-y-vida-de-la-tradicion-oral-indigena\\\/\",\"name\":\"Cuentos y tradiciones de los popolucas de Acayucan\",\"isPartOf\":{\"@id\":\"https:\\\/\\\/booksfrommexico.com\\\/#website\"},\"primaryImageOfPage\":{\"@id\":\"https:\\\/\\\/booksfrommexico.com\\\/es\\\/producto\\\/cuentos-y-tradiciones-de-los-popolucas-de-acayucan-voz-y-vida-de-la-tradicion-oral-indigena\\\/#primaryimage\"},\"image\":{\"@id\":\"https:\\\/\\\/booksfrommexico.com\\\/es\\\/producto\\\/cuentos-y-tradiciones-de-los-popolucas-de-acayucan-voz-y-vida-de-la-tradicion-oral-indigena\\\/#primaryimage\"},\"thumbnailUrl\":\"https:\\\/\\\/booksfrommexico.com\\\/app\\\/uploads\\\/2023\\\/05\\\/128896.jpeg\",\"datePublished\":\"2023-05-08T17:03:42+00:00\",\"dateModified\":\"2025-03-01T00:09:29+00:00\",\"description\":\"CUENTOS Y TRADICIONES DE LOS POPOLUCAS DE ACAYUCAN : VOZ Y VIDA DE LA TRADICI\u00d3N ORAL IND\u00cdGENA. \\\/ Artemio Mart\u00ednez Castro, Elvira Dizon (compilators). 2004.\",\"breadcrumb\":{\"@id\":\"https:\\\/\\\/booksfrommexico.com\\\/es\\\/producto\\\/cuentos-y-tradiciones-de-los-popolucas-de-acayucan-voz-y-vida-de-la-tradicion-oral-indigena\\\/#breadcrumb\"},\"inLanguage\":\"es\",\"potentialAction\":[{\"@type\":\"ReadAction\",\"target\":[\"https:\\\/\\\/booksfrommexico.com\\\/es\\\/producto\\\/cuentos-y-tradiciones-de-los-popolucas-de-acayucan-voz-y-vida-de-la-tradicion-oral-indigena\\\/\"]}]},{\"@type\":\"ImageObject\",\"inLanguage\":\"es\",\"@id\":\"https:\\\/\\\/booksfrommexico.com\\\/es\\\/producto\\\/cuentos-y-tradiciones-de-los-popolucas-de-acayucan-voz-y-vida-de-la-tradicion-oral-indigena\\\/#primaryimage\",\"url\":\"https:\\\/\\\/booksfrommexico.com\\\/app\\\/uploads\\\/2023\\\/05\\\/128896.jpeg\",\"contentUrl\":\"https:\\\/\\\/booksfrommexico.com\\\/app\\\/uploads\\\/2023\\\/05\\\/128896.jpeg\",\"width\":486,\"height\":611},{\"@type\":\"BreadcrumbList\",\"@id\":\"https:\\\/\\\/booksfrommexico.com\\\/es\\\/producto\\\/cuentos-y-tradiciones-de-los-popolucas-de-acayucan-voz-y-vida-de-la-tradicion-oral-indigena\\\/#breadcrumb\",\"itemListElement\":[{\"@type\":\"ListItem\",\"position\":1,\"name\":\"Home\",\"item\":\"https:\\\/\\\/booksfrommexico.com\\\/es\\\/\"},{\"@type\":\"ListItem\",\"position\":2,\"name\":\"Libros\",\"item\":\"https:\\\/\\\/booksfrommexico.com\\\/es\\\/libros\\\/\"},{\"@type\":\"ListItem\",\"position\":3,\"name\":\"Cuentos y tradiciones de los popolucas de Acayucan: Voz y vida de la tradici\u00f3n oral ind\u00edgena\"}]},{\"@type\":\"WebSite\",\"@id\":\"https:\\\/\\\/booksfrommexico.com\\\/#website\",\"url\":\"https:\\\/\\\/booksfrommexico.com\\\/\",\"name\":\"Books From Mexico\",\"description\":\"\",\"publisher\":{\"@id\":\"https:\\\/\\\/booksfrommexico.com\\\/#organization\"},\"potentialAction\":[{\"@type\":\"SearchAction\",\"target\":{\"@type\":\"EntryPoint\",\"urlTemplate\":\"https:\\\/\\\/booksfrommexico.com\\\/?s={search_term_string}\"},\"query-input\":{\"@type\":\"PropertyValueSpecification\",\"valueRequired\":true,\"valueName\":\"search_term_string\"}}],\"inLanguage\":\"es\"},{\"@type\":\"Organization\",\"@id\":\"https:\\\/\\\/booksfrommexico.com\\\/#organization\",\"name\":\"Books From Mexico\",\"url\":\"https:\\\/\\\/booksfrommexico.com\\\/\",\"logo\":{\"@type\":\"ImageObject\",\"inLanguage\":\"es\",\"@id\":\"https:\\\/\\\/booksfrommexico.com\\\/#\\\/schema\\\/logo\\\/image\\\/\",\"url\":\"https:\\\/\\\/booksfrommexico.com\\\/app\\\/uploads\\\/2023\\\/05\\\/logo-booksfrommexico.svg\",\"contentUrl\":\"https:\\\/\\\/booksfrommexico.com\\\/app\\\/uploads\\\/2023\\\/05\\\/logo-booksfrommexico.svg\",\"width\":86,\"height\":56,\"caption\":\"Books From Mexico\"},\"image\":{\"@id\":\"https:\\\/\\\/booksfrommexico.com\\\/#\\\/schema\\\/logo\\\/image\\\/\"}}]}<\/script>\n<!-- \/ Yoast SEO plugin. -->","yoast_head_json":{"title":"Cuentos y tradiciones de los popolucas de Acayucan","description":"CUENTOS Y TRADICIONES DE LOS POPOLUCAS DE ACAYUCAN : VOZ Y VIDA DE LA TRADICI\u00d3N ORAL IND\u00cdGENA. \/ Artemio Mart\u00ednez Castro, Elvira Dizon (compilators). 2004.","robots":{"index":"index","follow":"follow","max-snippet":"max-snippet:-1","max-image-preview":"max-image-preview:large","max-video-preview":"max-video-preview:-1"},"canonical":"https:\/\/booksfrommexico.com\/es\/producto\/cuentos-y-tradiciones-de-los-popolucas-de-acayucan-voz-y-vida-de-la-tradicion-oral-indigena\/","og_locale":"es_ES","og_type":"article","og_title":"Cuentos y tradiciones de los popolucas de Acayucan","og_description":"CUENTOS Y TRADICIONES DE LOS POPOLUCAS DE ACAYUCAN : VOZ Y VIDA DE LA TRADICI\u00d3N ORAL IND\u00cdGENA. \/ Artemio Mart\u00ednez Castro, Elvira Dizon (compilators). 2004.","og_url":"https:\/\/booksfrommexico.com\/es\/producto\/cuentos-y-tradiciones-de-los-popolucas-de-acayucan-voz-y-vida-de-la-tradicion-oral-indigena\/","og_site_name":"Books From Mexico","article_modified_time":"2025-03-01T00:09:29+00:00","og_image":[{"width":486,"height":611,"url":"http:\/\/booksfrommexico.com\/app\/uploads\/2023\/05\/128896.jpeg","type":"image\/jpeg"}],"twitter_card":"summary_large_image","twitter_misc":{"Tiempo de lectura":"1 minuto"},"schema":{"@context":"https:\/\/schema.org","@graph":[{"@type":"WebPage","@id":"https:\/\/booksfrommexico.com\/es\/producto\/cuentos-y-tradiciones-de-los-popolucas-de-acayucan-voz-y-vida-de-la-tradicion-oral-indigena\/","url":"https:\/\/booksfrommexico.com\/es\/producto\/cuentos-y-tradiciones-de-los-popolucas-de-acayucan-voz-y-vida-de-la-tradicion-oral-indigena\/","name":"Cuentos y tradiciones de los popolucas de Acayucan","isPartOf":{"@id":"https:\/\/booksfrommexico.com\/#website"},"primaryImageOfPage":{"@id":"https:\/\/booksfrommexico.com\/es\/producto\/cuentos-y-tradiciones-de-los-popolucas-de-acayucan-voz-y-vida-de-la-tradicion-oral-indigena\/#primaryimage"},"image":{"@id":"https:\/\/booksfrommexico.com\/es\/producto\/cuentos-y-tradiciones-de-los-popolucas-de-acayucan-voz-y-vida-de-la-tradicion-oral-indigena\/#primaryimage"},"thumbnailUrl":"https:\/\/booksfrommexico.com\/app\/uploads\/2023\/05\/128896.jpeg","datePublished":"2023-05-08T17:03:42+00:00","dateModified":"2025-03-01T00:09:29+00:00","description":"CUENTOS Y TRADICIONES DE LOS POPOLUCAS DE ACAYUCAN : VOZ Y VIDA DE LA TRADICI\u00d3N ORAL IND\u00cdGENA. \/ Artemio Mart\u00ednez Castro, Elvira Dizon (compilators). 2004.","breadcrumb":{"@id":"https:\/\/booksfrommexico.com\/es\/producto\/cuentos-y-tradiciones-de-los-popolucas-de-acayucan-voz-y-vida-de-la-tradicion-oral-indigena\/#breadcrumb"},"inLanguage":"es","potentialAction":[{"@type":"ReadAction","target":["https:\/\/booksfrommexico.com\/es\/producto\/cuentos-y-tradiciones-de-los-popolucas-de-acayucan-voz-y-vida-de-la-tradicion-oral-indigena\/"]}]},{"@type":"ImageObject","inLanguage":"es","@id":"https:\/\/booksfrommexico.com\/es\/producto\/cuentos-y-tradiciones-de-los-popolucas-de-acayucan-voz-y-vida-de-la-tradicion-oral-indigena\/#primaryimage","url":"https:\/\/booksfrommexico.com\/app\/uploads\/2023\/05\/128896.jpeg","contentUrl":"https:\/\/booksfrommexico.com\/app\/uploads\/2023\/05\/128896.jpeg","width":486,"height":611},{"@type":"BreadcrumbList","@id":"https:\/\/booksfrommexico.com\/es\/producto\/cuentos-y-tradiciones-de-los-popolucas-de-acayucan-voz-y-vida-de-la-tradicion-oral-indigena\/#breadcrumb","itemListElement":[{"@type":"ListItem","position":1,"name":"Home","item":"https:\/\/booksfrommexico.com\/es\/"},{"@type":"ListItem","position":2,"name":"Libros","item":"https:\/\/booksfrommexico.com\/es\/libros\/"},{"@type":"ListItem","position":3,"name":"Cuentos y tradiciones de los popolucas de Acayucan: Voz y vida de la tradici\u00f3n oral ind\u00edgena"}]},{"@type":"WebSite","@id":"https:\/\/booksfrommexico.com\/#website","url":"https:\/\/booksfrommexico.com\/","name":"Books From Mexico","description":"","publisher":{"@id":"https:\/\/booksfrommexico.com\/#organization"},"potentialAction":[{"@type":"SearchAction","target":{"@type":"EntryPoint","urlTemplate":"https:\/\/booksfrommexico.com\/?s={search_term_string}"},"query-input":{"@type":"PropertyValueSpecification","valueRequired":true,"valueName":"search_term_string"}}],"inLanguage":"es"},{"@type":"Organization","@id":"https:\/\/booksfrommexico.com\/#organization","name":"Books From Mexico","url":"https:\/\/booksfrommexico.com\/","logo":{"@type":"ImageObject","inLanguage":"es","@id":"https:\/\/booksfrommexico.com\/#\/schema\/logo\/image\/","url":"https:\/\/booksfrommexico.com\/app\/uploads\/2023\/05\/logo-booksfrommexico.svg","contentUrl":"https:\/\/booksfrommexico.com\/app\/uploads\/2023\/05\/logo-booksfrommexico.svg","width":86,"height":56,"caption":"Books From Mexico"},"image":{"@id":"https:\/\/booksfrommexico.com\/#\/schema\/logo\/image\/"}}]}},"_links":{"self":[{"href":"https:\/\/booksfrommexico.com\/es\/wp-json\/wp\/v2\/product\/539","targetHints":{"allow":["GET"]}}],"collection":[{"href":"https:\/\/booksfrommexico.com\/es\/wp-json\/wp\/v2\/product"}],"about":[{"href":"https:\/\/booksfrommexico.com\/es\/wp-json\/wp\/v2\/types\/product"}],"wp:featuredmedia":[{"embeddable":true,"href":"https:\/\/booksfrommexico.com\/es\/wp-json\/wp\/v2\/media\/538"}],"wp:attachment":[{"href":"https:\/\/booksfrommexico.com\/es\/wp-json\/wp\/v2\/media?parent=539"}],"wp:term":[{"taxonomy":"product_brand","embeddable":true,"href":"https:\/\/booksfrommexico.com\/es\/wp-json\/wp\/v2\/product_brand?post=539"},{"taxonomy":"product_cat","embeddable":true,"href":"https:\/\/booksfrommexico.com\/es\/wp-json\/wp\/v2\/product_cat?post=539"},{"taxonomy":"product_tag","embeddable":true,"href":"https:\/\/booksfrommexico.com\/es\/wp-json\/wp\/v2\/product_tag?post=539"}],"curies":[{"name":"wp","href":"https:\/\/api.w.org\/{rel}","templated":true}]}}