{"id":541,"date":"2023-05-08T17:03:44","date_gmt":"2023-05-08T17:03:44","guid":{"rendered":"http:\/\/booksfrommexico.com\/product\/la-primera-traza-de-la-ciudad-de-mexico-1524-1535-2-tomos\/"},"modified":"2024-10-02T23:40:05","modified_gmt":"2024-10-02T23:40:05","slug":"la-primera-traza-de-la-ciudad-de-mexico-1524-1535-2-tomos","status":"publish","type":"product","link":"https:\/\/booksfrommexico.com\/es\/producto\/la-primera-traza-de-la-ciudad-de-mexico-1524-1535-2-tomos\/","title":{"rendered":"La primera traza de la Ciudad de M\u00e9xico: 1524-1535, 2 tomos"},"content":{"rendered":"<p><span style=\"font-weight: 400;\">Tras la conquista y destrucci\u00f3n de la Ciudad de M\u00e9xico, entonces llamada M\u00e9xico-Tenochtitl\u00e1n, Hern\u00e1n Cort\u00e9s decide que se construya una nueva ciudad en aquel mismo islote rodeado por el lago. En este t\u00edtulo, dividido en dos tomos, se busca dar respuesta a c\u00f3mo se organiz\u00f3 esta construcci\u00f3n, a qui\u00e9nes se asignaron las tierras, hacia d\u00f3nde creci\u00f3 la ciudad y qu\u00e9 lugares se reutilizaron para el nacimiento de la nueva cultura. En el Tomo I se recorre a trav\u00e9s de mapas, gr\u00e1ficos fotos ilustrativas el per\u00edodo de 1524 y 1535, aportando teor\u00edas sobre el surgimiento de la ciudad, marcando la etapa inicial; mientras que en el Tomo II principalmente se agrupan ap\u00e9ndices con an\u00e1lisis de las <\/span><i><span style=\"font-weight: 400;\">Actas de Cabildo de la Ciudad<\/span><\/i><span style=\"font-weight: 400;\">.<\/span><\/p>\n","protected":false},"excerpt":{"rendered":"<p>LA PRIMERA TRAZA DE LA CIUDAD DE M\u00c9XICO : 1524-1535 : TOMO I , TOMO II<span style=\"font-weight: 400;\">. \/ Luc\u00eda Mier y Ter\u00e1n Rocha. M\u00e9xico, D.F. : Universidad Aut\u00f3noma Metropolitana , Difusi\u00f3n Cultural ; Fondo de Cultura Econ\u00f3mica, 2005. 901 pages : includes tables, charts, color maps, color photos, bibliography ; 24 cm. (Secci\u00f3n de Obras de Historia). ISBN : 9681673166. <\/span><\/p>\n","protected":false},"featured_media":540,"template":"","meta":{"_acf_changed":false,"inline_featured_image":false},"product_brand":[],"product_cat":[19,27],"product_tag":[4054,4391,4398,3594,4501],"class_list":{"0":"post-541","1":"product","2":"type-product","3":"status-publish","4":"has-post-thumbnail","6":"product_cat-antropologia","7":"product_cat-historia","8":"product_tag-antropologia-es","9":"product_tag-ciudad-juarez-mexico","10":"product_tag-historia-mexico","11":"product_tag-mexico","12":"product_tag-tenochtitlan","14":"first","15":"instock","16":"sale","17":"taxable","18":"shipping-taxable","19":"purchasable","20":"product-type-simple"},"acf":[],"yoast_head":"<!-- This site is optimized with the Yoast SEO plugin v27.3 - https:\/\/yoast.com\/product\/yoast-seo-wordpress\/ -->\n<title>La primera traza de la Ciudad de M\u00e9xico: 1524-1535, 2 tomos<\/title>\n<meta name=\"description\" content=\"LA PRIMERA TRAZA DE LA CIUDAD DE M\u00c9XICO : 1524-1535 : TOMO I , TOMO II. \/ Luc\u00eda Mier y Ter\u00e1n Rocha. 2005. (Secci\u00f3n de Obras de Historia). ISBN : 9681673166.\" \/>\n<meta name=\"robots\" content=\"index, follow, max-snippet:-1, max-image-preview:large, max-video-preview:-1\" \/>\n<link rel=\"canonical\" href=\"https:\/\/booksfrommexico.com\/es\/producto\/la-primera-traza-de-la-ciudad-de-mexico-1524-1535-2-tomos\/\" \/>\n<meta property=\"og:locale\" content=\"es_ES\" \/>\n<meta property=\"og:type\" content=\"article\" \/>\n<meta property=\"og:title\" content=\"La primera traza de la Ciudad de M\u00e9xico: 1524-1535, 2 tomos\" \/>\n<meta property=\"og:description\" content=\"LA PRIMERA TRAZA DE LA CIUDAD DE M\u00c9XICO : 1524-1535 : TOMO I , TOMO II. \/ Luc\u00eda Mier y Ter\u00e1n Rocha. 2005. (Secci\u00f3n de Obras de Historia). ISBN : 9681673166.\" \/>\n<meta property=\"og:url\" content=\"https:\/\/booksfrommexico.com\/es\/producto\/la-primera-traza-de-la-ciudad-de-mexico-1524-1535-2-tomos\/\" \/>\n<meta property=\"og:site_name\" content=\"Books From Mexico\" \/>\n<meta property=\"article:modified_time\" content=\"2024-10-02T23:40:05+00:00\" \/>\n<meta property=\"og:image\" content=\"http:\/\/booksfrommexico.com\/app\/uploads\/2023\/05\/128903-TOMO1.jpeg\" \/>\n\t<meta property=\"og:image:width\" content=\"473\" \/>\n\t<meta property=\"og:image:height\" content=\"693\" \/>\n\t<meta property=\"og:image:type\" content=\"image\/jpeg\" \/>\n<meta name=\"twitter:card\" content=\"summary_large_image\" \/>\n<meta name=\"twitter:label1\" content=\"Tiempo de lectura\" \/>\n\t<meta name=\"twitter:data1\" content=\"1 minuto\" \/>\n<script type=\"application\/ld+json\" class=\"yoast-schema-graph\">{\"@context\":\"https:\\\/\\\/schema.org\",\"@graph\":[{\"@type\":\"WebPage\",\"@id\":\"https:\\\/\\\/booksfrommexico.com\\\/es\\\/producto\\\/la-primera-traza-de-la-ciudad-de-mexico-1524-1535-2-tomos\\\/\",\"url\":\"https:\\\/\\\/booksfrommexico.com\\\/es\\\/producto\\\/la-primera-traza-de-la-ciudad-de-mexico-1524-1535-2-tomos\\\/\",\"name\":\"La primera traza de la Ciudad de M\u00e9xico: 1524-1535, 2 tomos\",\"isPartOf\":{\"@id\":\"https:\\\/\\\/booksfrommexico.com\\\/#website\"},\"primaryImageOfPage\":{\"@id\":\"https:\\\/\\\/booksfrommexico.com\\\/es\\\/producto\\\/la-primera-traza-de-la-ciudad-de-mexico-1524-1535-2-tomos\\\/#primaryimage\"},\"image\":{\"@id\":\"https:\\\/\\\/booksfrommexico.com\\\/es\\\/producto\\\/la-primera-traza-de-la-ciudad-de-mexico-1524-1535-2-tomos\\\/#primaryimage\"},\"thumbnailUrl\":\"https:\\\/\\\/booksfrommexico.com\\\/app\\\/uploads\\\/2023\\\/05\\\/128903-TOMO1.jpeg\",\"datePublished\":\"2023-05-08T17:03:44+00:00\",\"dateModified\":\"2024-10-02T23:40:05+00:00\",\"description\":\"LA PRIMERA TRAZA DE LA CIUDAD DE M\u00c9XICO : 1524-1535 : TOMO I , TOMO II. \\\/ Luc\u00eda Mier y Ter\u00e1n Rocha. 2005. (Secci\u00f3n de Obras de Historia). ISBN : 9681673166.\",\"breadcrumb\":{\"@id\":\"https:\\\/\\\/booksfrommexico.com\\\/es\\\/producto\\\/la-primera-traza-de-la-ciudad-de-mexico-1524-1535-2-tomos\\\/#breadcrumb\"},\"inLanguage\":\"es\",\"potentialAction\":[{\"@type\":\"ReadAction\",\"target\":[\"https:\\\/\\\/booksfrommexico.com\\\/es\\\/producto\\\/la-primera-traza-de-la-ciudad-de-mexico-1524-1535-2-tomos\\\/\"]}]},{\"@type\":\"ImageObject\",\"inLanguage\":\"es\",\"@id\":\"https:\\\/\\\/booksfrommexico.com\\\/es\\\/producto\\\/la-primera-traza-de-la-ciudad-de-mexico-1524-1535-2-tomos\\\/#primaryimage\",\"url\":\"https:\\\/\\\/booksfrommexico.com\\\/app\\\/uploads\\\/2023\\\/05\\\/128903-TOMO1.jpeg\",\"contentUrl\":\"https:\\\/\\\/booksfrommexico.com\\\/app\\\/uploads\\\/2023\\\/05\\\/128903-TOMO1.jpeg\",\"width\":473,\"height\":693},{\"@type\":\"BreadcrumbList\",\"@id\":\"https:\\\/\\\/booksfrommexico.com\\\/es\\\/producto\\\/la-primera-traza-de-la-ciudad-de-mexico-1524-1535-2-tomos\\\/#breadcrumb\",\"itemListElement\":[{\"@type\":\"ListItem\",\"position\":1,\"name\":\"Home\",\"item\":\"https:\\\/\\\/booksfrommexico.com\\\/es\\\/\"},{\"@type\":\"ListItem\",\"position\":2,\"name\":\"Libros\",\"item\":\"https:\\\/\\\/booksfrommexico.com\\\/es\\\/libros\\\/\"},{\"@type\":\"ListItem\",\"position\":3,\"name\":\"La primera traza de la Ciudad de M\u00e9xico: 1524-1535, 2 tomos\"}]},{\"@type\":\"WebSite\",\"@id\":\"https:\\\/\\\/booksfrommexico.com\\\/#website\",\"url\":\"https:\\\/\\\/booksfrommexico.com\\\/\",\"name\":\"Books From Mexico\",\"description\":\"\",\"publisher\":{\"@id\":\"https:\\\/\\\/booksfrommexico.com\\\/#organization\"},\"potentialAction\":[{\"@type\":\"SearchAction\",\"target\":{\"@type\":\"EntryPoint\",\"urlTemplate\":\"https:\\\/\\\/booksfrommexico.com\\\/?s={search_term_string}\"},\"query-input\":{\"@type\":\"PropertyValueSpecification\",\"valueRequired\":true,\"valueName\":\"search_term_string\"}}],\"inLanguage\":\"es\"},{\"@type\":\"Organization\",\"@id\":\"https:\\\/\\\/booksfrommexico.com\\\/#organization\",\"name\":\"Books From Mexico\",\"url\":\"https:\\\/\\\/booksfrommexico.com\\\/\",\"logo\":{\"@type\":\"ImageObject\",\"inLanguage\":\"es\",\"@id\":\"https:\\\/\\\/booksfrommexico.com\\\/#\\\/schema\\\/logo\\\/image\\\/\",\"url\":\"https:\\\/\\\/booksfrommexico.com\\\/app\\\/uploads\\\/2023\\\/05\\\/logo-booksfrommexico.svg\",\"contentUrl\":\"https:\\\/\\\/booksfrommexico.com\\\/app\\\/uploads\\\/2023\\\/05\\\/logo-booksfrommexico.svg\",\"width\":86,\"height\":56,\"caption\":\"Books From Mexico\"},\"image\":{\"@id\":\"https:\\\/\\\/booksfrommexico.com\\\/#\\\/schema\\\/logo\\\/image\\\/\"}}]}<\/script>\n<!-- \/ Yoast SEO plugin. -->","yoast_head_json":{"title":"La primera traza de la Ciudad de M\u00e9xico: 1524-1535, 2 tomos","description":"LA PRIMERA TRAZA DE LA CIUDAD DE M\u00c9XICO : 1524-1535 : TOMO I , TOMO II. \/ Luc\u00eda Mier y Ter\u00e1n Rocha. 2005. (Secci\u00f3n de Obras de Historia). ISBN : 9681673166.","robots":{"index":"index","follow":"follow","max-snippet":"max-snippet:-1","max-image-preview":"max-image-preview:large","max-video-preview":"max-video-preview:-1"},"canonical":"https:\/\/booksfrommexico.com\/es\/producto\/la-primera-traza-de-la-ciudad-de-mexico-1524-1535-2-tomos\/","og_locale":"es_ES","og_type":"article","og_title":"La primera traza de la Ciudad de M\u00e9xico: 1524-1535, 2 tomos","og_description":"LA PRIMERA TRAZA DE LA CIUDAD DE M\u00c9XICO : 1524-1535 : TOMO I , TOMO II. \/ Luc\u00eda Mier y Ter\u00e1n Rocha. 2005. (Secci\u00f3n de Obras de Historia). ISBN : 9681673166.","og_url":"https:\/\/booksfrommexico.com\/es\/producto\/la-primera-traza-de-la-ciudad-de-mexico-1524-1535-2-tomos\/","og_site_name":"Books From Mexico","article_modified_time":"2024-10-02T23:40:05+00:00","og_image":[{"width":473,"height":693,"url":"http:\/\/booksfrommexico.com\/app\/uploads\/2023\/05\/128903-TOMO1.jpeg","type":"image\/jpeg"}],"twitter_card":"summary_large_image","twitter_misc":{"Tiempo de lectura":"1 minuto"},"schema":{"@context":"https:\/\/schema.org","@graph":[{"@type":"WebPage","@id":"https:\/\/booksfrommexico.com\/es\/producto\/la-primera-traza-de-la-ciudad-de-mexico-1524-1535-2-tomos\/","url":"https:\/\/booksfrommexico.com\/es\/producto\/la-primera-traza-de-la-ciudad-de-mexico-1524-1535-2-tomos\/","name":"La primera traza de la Ciudad de M\u00e9xico: 1524-1535, 2 tomos","isPartOf":{"@id":"https:\/\/booksfrommexico.com\/#website"},"primaryImageOfPage":{"@id":"https:\/\/booksfrommexico.com\/es\/producto\/la-primera-traza-de-la-ciudad-de-mexico-1524-1535-2-tomos\/#primaryimage"},"image":{"@id":"https:\/\/booksfrommexico.com\/es\/producto\/la-primera-traza-de-la-ciudad-de-mexico-1524-1535-2-tomos\/#primaryimage"},"thumbnailUrl":"https:\/\/booksfrommexico.com\/app\/uploads\/2023\/05\/128903-TOMO1.jpeg","datePublished":"2023-05-08T17:03:44+00:00","dateModified":"2024-10-02T23:40:05+00:00","description":"LA PRIMERA TRAZA DE LA CIUDAD DE M\u00c9XICO : 1524-1535 : TOMO I , TOMO II. \/ Luc\u00eda Mier y Ter\u00e1n Rocha. 2005. (Secci\u00f3n de Obras de Historia). ISBN : 9681673166.","breadcrumb":{"@id":"https:\/\/booksfrommexico.com\/es\/producto\/la-primera-traza-de-la-ciudad-de-mexico-1524-1535-2-tomos\/#breadcrumb"},"inLanguage":"es","potentialAction":[{"@type":"ReadAction","target":["https:\/\/booksfrommexico.com\/es\/producto\/la-primera-traza-de-la-ciudad-de-mexico-1524-1535-2-tomos\/"]}]},{"@type":"ImageObject","inLanguage":"es","@id":"https:\/\/booksfrommexico.com\/es\/producto\/la-primera-traza-de-la-ciudad-de-mexico-1524-1535-2-tomos\/#primaryimage","url":"https:\/\/booksfrommexico.com\/app\/uploads\/2023\/05\/128903-TOMO1.jpeg","contentUrl":"https:\/\/booksfrommexico.com\/app\/uploads\/2023\/05\/128903-TOMO1.jpeg","width":473,"height":693},{"@type":"BreadcrumbList","@id":"https:\/\/booksfrommexico.com\/es\/producto\/la-primera-traza-de-la-ciudad-de-mexico-1524-1535-2-tomos\/#breadcrumb","itemListElement":[{"@type":"ListItem","position":1,"name":"Home","item":"https:\/\/booksfrommexico.com\/es\/"},{"@type":"ListItem","position":2,"name":"Libros","item":"https:\/\/booksfrommexico.com\/es\/libros\/"},{"@type":"ListItem","position":3,"name":"La primera traza de la Ciudad de M\u00e9xico: 1524-1535, 2 tomos"}]},{"@type":"WebSite","@id":"https:\/\/booksfrommexico.com\/#website","url":"https:\/\/booksfrommexico.com\/","name":"Books From Mexico","description":"","publisher":{"@id":"https:\/\/booksfrommexico.com\/#organization"},"potentialAction":[{"@type":"SearchAction","target":{"@type":"EntryPoint","urlTemplate":"https:\/\/booksfrommexico.com\/?s={search_term_string}"},"query-input":{"@type":"PropertyValueSpecification","valueRequired":true,"valueName":"search_term_string"}}],"inLanguage":"es"},{"@type":"Organization","@id":"https:\/\/booksfrommexico.com\/#organization","name":"Books From Mexico","url":"https:\/\/booksfrommexico.com\/","logo":{"@type":"ImageObject","inLanguage":"es","@id":"https:\/\/booksfrommexico.com\/#\/schema\/logo\/image\/","url":"https:\/\/booksfrommexico.com\/app\/uploads\/2023\/05\/logo-booksfrommexico.svg","contentUrl":"https:\/\/booksfrommexico.com\/app\/uploads\/2023\/05\/logo-booksfrommexico.svg","width":86,"height":56,"caption":"Books From Mexico"},"image":{"@id":"https:\/\/booksfrommexico.com\/#\/schema\/logo\/image\/"}}]}},"_links":{"self":[{"href":"https:\/\/booksfrommexico.com\/es\/wp-json\/wp\/v2\/product\/541","targetHints":{"allow":["GET"]}}],"collection":[{"href":"https:\/\/booksfrommexico.com\/es\/wp-json\/wp\/v2\/product"}],"about":[{"href":"https:\/\/booksfrommexico.com\/es\/wp-json\/wp\/v2\/types\/product"}],"wp:featuredmedia":[{"embeddable":true,"href":"https:\/\/booksfrommexico.com\/es\/wp-json\/wp\/v2\/media\/540"}],"wp:attachment":[{"href":"https:\/\/booksfrommexico.com\/es\/wp-json\/wp\/v2\/media?parent=541"}],"wp:term":[{"taxonomy":"product_brand","embeddable":true,"href":"https:\/\/booksfrommexico.com\/es\/wp-json\/wp\/v2\/product_brand?post=541"},{"taxonomy":"product_cat","embeddable":true,"href":"https:\/\/booksfrommexico.com\/es\/wp-json\/wp\/v2\/product_cat?post=541"},{"taxonomy":"product_tag","embeddable":true,"href":"https:\/\/booksfrommexico.com\/es\/wp-json\/wp\/v2\/product_tag?post=541"}],"curies":[{"name":"wp","href":"https:\/\/api.w.org\/{rel}","templated":true}]}}