{"id":543,"date":"2023-05-08T17:03:45","date_gmt":"2023-05-08T17:03:45","guid":{"rendered":"http:\/\/booksfrommexico.com\/product\/la-coleccion-rufino-tamayo-del-museo-de-arte-moderno-de-mexico-julio-2005-mayo-2006\/"},"modified":"2024-10-02T23:40:18","modified_gmt":"2024-10-02T23:40:18","slug":"la-coleccion-rufino-tamayo-del-museo-de-arte-moderno-de-mexico-julio-2005-mayo-2006","status":"publish","type":"product","link":"https:\/\/booksfrommexico.com\/es\/producto\/la-coleccion-rufino-tamayo-del-museo-de-arte-moderno-de-mexico-julio-2005-mayo-2006\/","title":{"rendered":"La colecci\u00f3n Rufino Tamayo del Museo de Arte Moderno de M\u00e9xico"},"content":{"rendered":"<p><span style=\"font-weight: 400;\">La historia de la pintura de Rufino Tamayo es una de las m\u00e1s abundantes y ricas del legado pl\u00e1stico mexicano; su larga carrera naci\u00f3 en el siglo XX y tras largos a\u00f1os de trabajo se convirti\u00f3 en una de las figuras m\u00e1s prometedoras de las artes pl\u00e1sticas mexicanas. A lo largo de estas p\u00e1ginas se puede admirar la diversidad formal y crom\u00e1tica que caracteriz\u00f3 la obra de Tamayo, la naturalidad con que sintetiza e integra tradici\u00f3n, tendencias y preocupaciones. Aqu\u00ed se re\u00fanen 20 obras de Rufino Tamayo que proceden de distintas colecciones, acompa\u00f1adas de una investigaci\u00f3n y descripciones de cada una.<\/span><\/p>\n","protected":false},"excerpt":{"rendered":"<p>LA COLECCI\u00d3N RUFINO TAMAYO DEL MUSEO DE ARTE MODERNO DE M\u00c9XICO<span style=\"font-weight: 400;\">. \/ Oaxaca, M\u00e9xico : Consejo Nacional para la Cultura y las Artes , Instituto Nacional de Bellas Artes ; Museo de Arte Moderno ; Espacio Cultural Metropolitano (METRO) de Tampico ; Museo de los Pintores Oaxaque\u00f1os de Oaxaca ; Veracruz, M\u00e9xico : Instituto Veracruzano de Cultura ; Pinacoteca Diego Rivera de Xalapa, 2005. 63 pages : includes chiefly color photos ; 26 cm.<\/span><\/p>\n","protected":false},"featured_media":542,"template":"","meta":{"_acf_changed":false,"inline_featured_image":false},"product_brand":[],"product_cat":[87,400],"product_tag":[4044,4201,3671,4047],"class_list":{"0":"post-543","1":"product","2":"type-product","3":"status-publish","4":"has-post-thumbnail","6":"product_cat-arte","7":"product_cat-catalogos-de-exposiciones-arte","8":"product_tag-arte","9":"product_tag-dibujo-y-pintura","10":"product_tag-exposiciones","11":"product_tag-pintura-oleo","13":"first","14":"instock","15":"sale","16":"taxable","17":"shipping-taxable","18":"purchasable","19":"product-type-simple"},"acf":[],"yoast_head":"<!-- This site is optimized with the Yoast SEO plugin v27.3 - https:\/\/yoast.com\/product\/yoast-seo-wordpress\/ -->\n<title>La colecci\u00f3n Rufino Tamayo del Museo de Arte Moderno de M\u00e9xico<\/title>\n<meta name=\"description\" content=\"LA COLECCI\u00d3N RUFINO TAMAYO DEL MUSEO DE ARTE MODERNO DE M\u00c9XICO. \/ Oaxaca, M\u00e9xico : CONACULTA , INBA, 2005. 63 pages : includes chiefly color photos ; 26 cm.\" \/>\n<meta name=\"robots\" content=\"index, follow, max-snippet:-1, max-image-preview:large, max-video-preview:-1\" \/>\n<link rel=\"canonical\" href=\"https:\/\/booksfrommexico.com\/es\/producto\/la-coleccion-rufino-tamayo-del-museo-de-arte-moderno-de-mexico-julio-2005-mayo-2006\/\" \/>\n<meta property=\"og:locale\" content=\"es_ES\" \/>\n<meta property=\"og:type\" content=\"article\" \/>\n<meta property=\"og:title\" content=\"La colecci\u00f3n Rufino Tamayo del Museo de Arte Moderno de M\u00e9xico\" \/>\n<meta property=\"og:description\" content=\"LA COLECCI\u00d3N RUFINO TAMAYO DEL MUSEO DE ARTE MODERNO DE M\u00c9XICO. \/ Oaxaca, M\u00e9xico : CONACULTA , INBA, 2005. 63 pages : includes chiefly color photos ; 26 cm.\" \/>\n<meta property=\"og:url\" content=\"https:\/\/booksfrommexico.com\/es\/producto\/la-coleccion-rufino-tamayo-del-museo-de-arte-moderno-de-mexico-julio-2005-mayo-2006\/\" \/>\n<meta property=\"og:site_name\" content=\"Books From Mexico\" \/>\n<meta property=\"article:modified_time\" content=\"2024-10-02T23:40:18+00:00\" \/>\n<meta property=\"og:image\" content=\"http:\/\/booksfrommexico.com\/app\/uploads\/2023\/05\/128920.jpeg\" \/>\n\t<meta property=\"og:image:width\" content=\"572\" \/>\n\t<meta property=\"og:image:height\" content=\"750\" \/>\n\t<meta property=\"og:image:type\" content=\"image\/jpeg\" \/>\n<meta name=\"twitter:card\" content=\"summary_large_image\" \/>\n<meta name=\"twitter:label1\" content=\"Tiempo de lectura\" \/>\n\t<meta name=\"twitter:data1\" content=\"1 minuto\" \/>\n<script type=\"application\/ld+json\" class=\"yoast-schema-graph\">{\"@context\":\"https:\\\/\\\/schema.org\",\"@graph\":[{\"@type\":\"WebPage\",\"@id\":\"https:\\\/\\\/booksfrommexico.com\\\/es\\\/producto\\\/la-coleccion-rufino-tamayo-del-museo-de-arte-moderno-de-mexico-julio-2005-mayo-2006\\\/\",\"url\":\"https:\\\/\\\/booksfrommexico.com\\\/es\\\/producto\\\/la-coleccion-rufino-tamayo-del-museo-de-arte-moderno-de-mexico-julio-2005-mayo-2006\\\/\",\"name\":\"La colecci\u00f3n Rufino Tamayo del Museo de Arte Moderno de M\u00e9xico\",\"isPartOf\":{\"@id\":\"https:\\\/\\\/booksfrommexico.com\\\/#website\"},\"primaryImageOfPage\":{\"@id\":\"https:\\\/\\\/booksfrommexico.com\\\/es\\\/producto\\\/la-coleccion-rufino-tamayo-del-museo-de-arte-moderno-de-mexico-julio-2005-mayo-2006\\\/#primaryimage\"},\"image\":{\"@id\":\"https:\\\/\\\/booksfrommexico.com\\\/es\\\/producto\\\/la-coleccion-rufino-tamayo-del-museo-de-arte-moderno-de-mexico-julio-2005-mayo-2006\\\/#primaryimage\"},\"thumbnailUrl\":\"https:\\\/\\\/booksfrommexico.com\\\/app\\\/uploads\\\/2023\\\/05\\\/128920.jpeg\",\"datePublished\":\"2023-05-08T17:03:45+00:00\",\"dateModified\":\"2024-10-02T23:40:18+00:00\",\"description\":\"LA COLECCI\u00d3N RUFINO TAMAYO DEL MUSEO DE ARTE MODERNO DE M\u00c9XICO. \\\/ Oaxaca, M\u00e9xico : CONACULTA , INBA, 2005. 63 pages : includes chiefly color photos ; 26 cm.\",\"breadcrumb\":{\"@id\":\"https:\\\/\\\/booksfrommexico.com\\\/es\\\/producto\\\/la-coleccion-rufino-tamayo-del-museo-de-arte-moderno-de-mexico-julio-2005-mayo-2006\\\/#breadcrumb\"},\"inLanguage\":\"es\",\"potentialAction\":[{\"@type\":\"ReadAction\",\"target\":[\"https:\\\/\\\/booksfrommexico.com\\\/es\\\/producto\\\/la-coleccion-rufino-tamayo-del-museo-de-arte-moderno-de-mexico-julio-2005-mayo-2006\\\/\"]}]},{\"@type\":\"ImageObject\",\"inLanguage\":\"es\",\"@id\":\"https:\\\/\\\/booksfrommexico.com\\\/es\\\/producto\\\/la-coleccion-rufino-tamayo-del-museo-de-arte-moderno-de-mexico-julio-2005-mayo-2006\\\/#primaryimage\",\"url\":\"https:\\\/\\\/booksfrommexico.com\\\/app\\\/uploads\\\/2023\\\/05\\\/128920.jpeg\",\"contentUrl\":\"https:\\\/\\\/booksfrommexico.com\\\/app\\\/uploads\\\/2023\\\/05\\\/128920.jpeg\",\"width\":572,\"height\":750},{\"@type\":\"BreadcrumbList\",\"@id\":\"https:\\\/\\\/booksfrommexico.com\\\/es\\\/producto\\\/la-coleccion-rufino-tamayo-del-museo-de-arte-moderno-de-mexico-julio-2005-mayo-2006\\\/#breadcrumb\",\"itemListElement\":[{\"@type\":\"ListItem\",\"position\":1,\"name\":\"Home\",\"item\":\"https:\\\/\\\/booksfrommexico.com\\\/es\\\/\"},{\"@type\":\"ListItem\",\"position\":2,\"name\":\"Libros\",\"item\":\"https:\\\/\\\/booksfrommexico.com\\\/es\\\/libros\\\/\"},{\"@type\":\"ListItem\",\"position\":3,\"name\":\"La colecci\u00f3n Rufino Tamayo del Museo de Arte Moderno de M\u00e9xico\"}]},{\"@type\":\"WebSite\",\"@id\":\"https:\\\/\\\/booksfrommexico.com\\\/#website\",\"url\":\"https:\\\/\\\/booksfrommexico.com\\\/\",\"name\":\"Books From Mexico\",\"description\":\"\",\"publisher\":{\"@id\":\"https:\\\/\\\/booksfrommexico.com\\\/#organization\"},\"potentialAction\":[{\"@type\":\"SearchAction\",\"target\":{\"@type\":\"EntryPoint\",\"urlTemplate\":\"https:\\\/\\\/booksfrommexico.com\\\/?s={search_term_string}\"},\"query-input\":{\"@type\":\"PropertyValueSpecification\",\"valueRequired\":true,\"valueName\":\"search_term_string\"}}],\"inLanguage\":\"es\"},{\"@type\":\"Organization\",\"@id\":\"https:\\\/\\\/booksfrommexico.com\\\/#organization\",\"name\":\"Books From Mexico\",\"url\":\"https:\\\/\\\/booksfrommexico.com\\\/\",\"logo\":{\"@type\":\"ImageObject\",\"inLanguage\":\"es\",\"@id\":\"https:\\\/\\\/booksfrommexico.com\\\/#\\\/schema\\\/logo\\\/image\\\/\",\"url\":\"https:\\\/\\\/booksfrommexico.com\\\/app\\\/uploads\\\/2023\\\/05\\\/logo-booksfrommexico.svg\",\"contentUrl\":\"https:\\\/\\\/booksfrommexico.com\\\/app\\\/uploads\\\/2023\\\/05\\\/logo-booksfrommexico.svg\",\"width\":86,\"height\":56,\"caption\":\"Books From Mexico\"},\"image\":{\"@id\":\"https:\\\/\\\/booksfrommexico.com\\\/#\\\/schema\\\/logo\\\/image\\\/\"}}]}<\/script>\n<!-- \/ Yoast SEO plugin. -->","yoast_head_json":{"title":"La colecci\u00f3n Rufino Tamayo del Museo de Arte Moderno de M\u00e9xico","description":"LA COLECCI\u00d3N RUFINO TAMAYO DEL MUSEO DE ARTE MODERNO DE M\u00c9XICO. \/ Oaxaca, M\u00e9xico : CONACULTA , INBA, 2005. 63 pages : includes chiefly color photos ; 26 cm.","robots":{"index":"index","follow":"follow","max-snippet":"max-snippet:-1","max-image-preview":"max-image-preview:large","max-video-preview":"max-video-preview:-1"},"canonical":"https:\/\/booksfrommexico.com\/es\/producto\/la-coleccion-rufino-tamayo-del-museo-de-arte-moderno-de-mexico-julio-2005-mayo-2006\/","og_locale":"es_ES","og_type":"article","og_title":"La colecci\u00f3n Rufino Tamayo del Museo de Arte Moderno de M\u00e9xico","og_description":"LA COLECCI\u00d3N RUFINO TAMAYO DEL MUSEO DE ARTE MODERNO DE M\u00c9XICO. \/ Oaxaca, M\u00e9xico : CONACULTA , INBA, 2005. 63 pages : includes chiefly color photos ; 26 cm.","og_url":"https:\/\/booksfrommexico.com\/es\/producto\/la-coleccion-rufino-tamayo-del-museo-de-arte-moderno-de-mexico-julio-2005-mayo-2006\/","og_site_name":"Books From Mexico","article_modified_time":"2024-10-02T23:40:18+00:00","og_image":[{"width":572,"height":750,"url":"http:\/\/booksfrommexico.com\/app\/uploads\/2023\/05\/128920.jpeg","type":"image\/jpeg"}],"twitter_card":"summary_large_image","twitter_misc":{"Tiempo de lectura":"1 minuto"},"schema":{"@context":"https:\/\/schema.org","@graph":[{"@type":"WebPage","@id":"https:\/\/booksfrommexico.com\/es\/producto\/la-coleccion-rufino-tamayo-del-museo-de-arte-moderno-de-mexico-julio-2005-mayo-2006\/","url":"https:\/\/booksfrommexico.com\/es\/producto\/la-coleccion-rufino-tamayo-del-museo-de-arte-moderno-de-mexico-julio-2005-mayo-2006\/","name":"La colecci\u00f3n Rufino Tamayo del Museo de Arte Moderno de M\u00e9xico","isPartOf":{"@id":"https:\/\/booksfrommexico.com\/#website"},"primaryImageOfPage":{"@id":"https:\/\/booksfrommexico.com\/es\/producto\/la-coleccion-rufino-tamayo-del-museo-de-arte-moderno-de-mexico-julio-2005-mayo-2006\/#primaryimage"},"image":{"@id":"https:\/\/booksfrommexico.com\/es\/producto\/la-coleccion-rufino-tamayo-del-museo-de-arte-moderno-de-mexico-julio-2005-mayo-2006\/#primaryimage"},"thumbnailUrl":"https:\/\/booksfrommexico.com\/app\/uploads\/2023\/05\/128920.jpeg","datePublished":"2023-05-08T17:03:45+00:00","dateModified":"2024-10-02T23:40:18+00:00","description":"LA COLECCI\u00d3N RUFINO TAMAYO DEL MUSEO DE ARTE MODERNO DE M\u00c9XICO. \/ Oaxaca, M\u00e9xico : CONACULTA , INBA, 2005. 63 pages : includes chiefly color photos ; 26 cm.","breadcrumb":{"@id":"https:\/\/booksfrommexico.com\/es\/producto\/la-coleccion-rufino-tamayo-del-museo-de-arte-moderno-de-mexico-julio-2005-mayo-2006\/#breadcrumb"},"inLanguage":"es","potentialAction":[{"@type":"ReadAction","target":["https:\/\/booksfrommexico.com\/es\/producto\/la-coleccion-rufino-tamayo-del-museo-de-arte-moderno-de-mexico-julio-2005-mayo-2006\/"]}]},{"@type":"ImageObject","inLanguage":"es","@id":"https:\/\/booksfrommexico.com\/es\/producto\/la-coleccion-rufino-tamayo-del-museo-de-arte-moderno-de-mexico-julio-2005-mayo-2006\/#primaryimage","url":"https:\/\/booksfrommexico.com\/app\/uploads\/2023\/05\/128920.jpeg","contentUrl":"https:\/\/booksfrommexico.com\/app\/uploads\/2023\/05\/128920.jpeg","width":572,"height":750},{"@type":"BreadcrumbList","@id":"https:\/\/booksfrommexico.com\/es\/producto\/la-coleccion-rufino-tamayo-del-museo-de-arte-moderno-de-mexico-julio-2005-mayo-2006\/#breadcrumb","itemListElement":[{"@type":"ListItem","position":1,"name":"Home","item":"https:\/\/booksfrommexico.com\/es\/"},{"@type":"ListItem","position":2,"name":"Libros","item":"https:\/\/booksfrommexico.com\/es\/libros\/"},{"@type":"ListItem","position":3,"name":"La colecci\u00f3n Rufino Tamayo del Museo de Arte Moderno de M\u00e9xico"}]},{"@type":"WebSite","@id":"https:\/\/booksfrommexico.com\/#website","url":"https:\/\/booksfrommexico.com\/","name":"Books From Mexico","description":"","publisher":{"@id":"https:\/\/booksfrommexico.com\/#organization"},"potentialAction":[{"@type":"SearchAction","target":{"@type":"EntryPoint","urlTemplate":"https:\/\/booksfrommexico.com\/?s={search_term_string}"},"query-input":{"@type":"PropertyValueSpecification","valueRequired":true,"valueName":"search_term_string"}}],"inLanguage":"es"},{"@type":"Organization","@id":"https:\/\/booksfrommexico.com\/#organization","name":"Books From Mexico","url":"https:\/\/booksfrommexico.com\/","logo":{"@type":"ImageObject","inLanguage":"es","@id":"https:\/\/booksfrommexico.com\/#\/schema\/logo\/image\/","url":"https:\/\/booksfrommexico.com\/app\/uploads\/2023\/05\/logo-booksfrommexico.svg","contentUrl":"https:\/\/booksfrommexico.com\/app\/uploads\/2023\/05\/logo-booksfrommexico.svg","width":86,"height":56,"caption":"Books From Mexico"},"image":{"@id":"https:\/\/booksfrommexico.com\/#\/schema\/logo\/image\/"}}]}},"_links":{"self":[{"href":"https:\/\/booksfrommexico.com\/es\/wp-json\/wp\/v2\/product\/543","targetHints":{"allow":["GET"]}}],"collection":[{"href":"https:\/\/booksfrommexico.com\/es\/wp-json\/wp\/v2\/product"}],"about":[{"href":"https:\/\/booksfrommexico.com\/es\/wp-json\/wp\/v2\/types\/product"}],"wp:featuredmedia":[{"embeddable":true,"href":"https:\/\/booksfrommexico.com\/es\/wp-json\/wp\/v2\/media\/542"}],"wp:attachment":[{"href":"https:\/\/booksfrommexico.com\/es\/wp-json\/wp\/v2\/media?parent=543"}],"wp:term":[{"taxonomy":"product_brand","embeddable":true,"href":"https:\/\/booksfrommexico.com\/es\/wp-json\/wp\/v2\/product_brand?post=543"},{"taxonomy":"product_cat","embeddable":true,"href":"https:\/\/booksfrommexico.com\/es\/wp-json\/wp\/v2\/product_cat?post=543"},{"taxonomy":"product_tag","embeddable":true,"href":"https:\/\/booksfrommexico.com\/es\/wp-json\/wp\/v2\/product_tag?post=543"}],"curies":[{"name":"wp","href":"https:\/\/api.w.org\/{rel}","templated":true}]}}