{"id":545,"date":"2023-05-08T17:03:46","date_gmt":"2023-05-08T17:03:46","guid":{"rendered":"http:\/\/booksfrommexico.com\/product\/maaso-buiquim-sones-de-venado\/"},"modified":"2025-02-26T01:20:34","modified_gmt":"2025-02-26T01:20:34","slug":"maaso-buiquim-sones-de-venado","status":"publish","type":"product","link":"https:\/\/booksfrommexico.com\/es\/producto\/maaso-buiquim-sones-de-venado\/","title":{"rendered":"Maaso buiquim: Sones de venado"},"content":{"rendered":"<p><span style=\"font-weight: 400;\">Rub\u00e9n Rivera presenta una serie de poemas que son dedicados al canto centrado en seegua yoleme de donde mana la inspiraci\u00f3n vertida en flores, plantas, frutos, animales, montes y toda la naturaleza que integra el c\u00edrculo sagrado de la cultura yoreme. Estos sones revelan el uso de s\u00edmbolos profundos que est\u00e1 en relaci\u00f3n \u00edntima con sus ritos religiosos envueltos en met\u00e1foras desconcertantes e intraducibles que hablan principalmente de la vida, el amor y la muerte. En estas construcciones po\u00e9ticas se hace un reconocimiento a la cultura de los pueblos originarios de Sinaloa, siendo adem\u00e1s una edici\u00f3n biling\u00fce yoreme-espa\u00f1ol.<\/span><\/p>\n","protected":false},"excerpt":{"rendered":"<p>MAASO BUIQUIM : SONES DE VENADO<span style=\"font-weight: 400;\">. \/ Rub\u00e9n Rivera (compilator). Culiac\u00e1n, Sinaloa, M\u00e9xico : Gobierno del Estado de Sinaloa , Direcci\u00f3n de Investigaci\u00f3n y Fomento de la Cultura Regional, 2004. 125 pages ; 21 cm. ISBN : 9685442169. <\/span><\/p>\n","protected":false},"featured_media":544,"template":"","meta":{"_acf_changed":false,"inline_featured_image":false},"product_brand":[],"product_cat":[19,25,32],"product_tag":[4382,4026,4242,4499],"class_list":{"0":"post-545","1":"product","2":"type-product","3":"status-publish","4":"has-post-thumbnail","6":"product_cat-antropologia","7":"product_cat-literatura","8":"product_cat-poesia-literatura","9":"product_tag-edicion-bilingue","10":"product_tag-poesia-en-lenguas-originarias","11":"product_tag-sinaloa-mexico","12":"product_tag-yoreme","14":"first","15":"outofstock","16":"sale","17":"taxable","18":"shipping-taxable","19":"purchasable","20":"product-type-simple"},"acf":[],"yoast_head":"<!-- This site is optimized with the Yoast SEO plugin v27.3 - https:\/\/yoast.com\/product\/yoast-seo-wordpress\/ -->\n<title>Maaso buiquim: Sones de venado<\/title>\n<meta name=\"description\" content=\"MAASO BUIQUIM : SONES DE VENADO. \/ Rub\u00e9n Rivera (compilator). Culiac\u00e1n, Sinaloa, M\u00e9xico : Direcci\u00f3n de Investigaci\u00f3n y Fomento de la Cultura Regional, 2004.\" \/>\n<meta name=\"robots\" content=\"index, follow, max-snippet:-1, max-image-preview:large, max-video-preview:-1\" \/>\n<link rel=\"canonical\" href=\"https:\/\/booksfrommexico.com\/es\/producto\/maaso-buiquim-sones-de-venado\/\" \/>\n<meta property=\"og:locale\" content=\"es_ES\" \/>\n<meta property=\"og:type\" content=\"article\" \/>\n<meta property=\"og:title\" content=\"Maaso buiquim: Sones de venado\" \/>\n<meta property=\"og:description\" content=\"MAASO BUIQUIM : SONES DE VENADO. \/ Rub\u00e9n Rivera (compilator). Culiac\u00e1n, Sinaloa, M\u00e9xico : Direcci\u00f3n de Investigaci\u00f3n y Fomento de la Cultura Regional, 2004.\" \/>\n<meta property=\"og:url\" content=\"https:\/\/booksfrommexico.com\/es\/producto\/maaso-buiquim-sones-de-venado\/\" \/>\n<meta property=\"og:site_name\" content=\"Books From Mexico\" \/>\n<meta property=\"article:modified_time\" content=\"2025-02-26T01:20:34+00:00\" \/>\n<meta property=\"og:image\" content=\"http:\/\/booksfrommexico.com\/app\/uploads\/2023\/05\/129016.jpeg\" \/>\n\t<meta property=\"og:image:width\" content=\"390\" \/>\n\t<meta property=\"og:image:height\" content=\"606\" \/>\n\t<meta property=\"og:image:type\" content=\"image\/jpeg\" \/>\n<meta name=\"twitter:card\" content=\"summary_large_image\" \/>\n<meta name=\"twitter:label1\" content=\"Tiempo de lectura\" \/>\n\t<meta name=\"twitter:data1\" content=\"1 minuto\" \/>\n<script type=\"application\/ld+json\" class=\"yoast-schema-graph\">{\"@context\":\"https:\\\/\\\/schema.org\",\"@graph\":[{\"@type\":\"WebPage\",\"@id\":\"https:\\\/\\\/booksfrommexico.com\\\/es\\\/producto\\\/maaso-buiquim-sones-de-venado\\\/\",\"url\":\"https:\\\/\\\/booksfrommexico.com\\\/es\\\/producto\\\/maaso-buiquim-sones-de-venado\\\/\",\"name\":\"Maaso buiquim: Sones de venado\",\"isPartOf\":{\"@id\":\"https:\\\/\\\/booksfrommexico.com\\\/#website\"},\"primaryImageOfPage\":{\"@id\":\"https:\\\/\\\/booksfrommexico.com\\\/es\\\/producto\\\/maaso-buiquim-sones-de-venado\\\/#primaryimage\"},\"image\":{\"@id\":\"https:\\\/\\\/booksfrommexico.com\\\/es\\\/producto\\\/maaso-buiquim-sones-de-venado\\\/#primaryimage\"},\"thumbnailUrl\":\"https:\\\/\\\/booksfrommexico.com\\\/app\\\/uploads\\\/2023\\\/05\\\/129016.jpeg\",\"datePublished\":\"2023-05-08T17:03:46+00:00\",\"dateModified\":\"2025-02-26T01:20:34+00:00\",\"description\":\"MAASO BUIQUIM : SONES DE VENADO. \\\/ Rub\u00e9n Rivera (compilator). Culiac\u00e1n, Sinaloa, M\u00e9xico : Direcci\u00f3n de Investigaci\u00f3n y Fomento de la Cultura Regional, 2004.\",\"breadcrumb\":{\"@id\":\"https:\\\/\\\/booksfrommexico.com\\\/es\\\/producto\\\/maaso-buiquim-sones-de-venado\\\/#breadcrumb\"},\"inLanguage\":\"es\",\"potentialAction\":[{\"@type\":\"ReadAction\",\"target\":[\"https:\\\/\\\/booksfrommexico.com\\\/es\\\/producto\\\/maaso-buiquim-sones-de-venado\\\/\"]}]},{\"@type\":\"ImageObject\",\"inLanguage\":\"es\",\"@id\":\"https:\\\/\\\/booksfrommexico.com\\\/es\\\/producto\\\/maaso-buiquim-sones-de-venado\\\/#primaryimage\",\"url\":\"https:\\\/\\\/booksfrommexico.com\\\/app\\\/uploads\\\/2023\\\/05\\\/129016.jpeg\",\"contentUrl\":\"https:\\\/\\\/booksfrommexico.com\\\/app\\\/uploads\\\/2023\\\/05\\\/129016.jpeg\",\"width\":390,\"height\":606},{\"@type\":\"BreadcrumbList\",\"@id\":\"https:\\\/\\\/booksfrommexico.com\\\/es\\\/producto\\\/maaso-buiquim-sones-de-venado\\\/#breadcrumb\",\"itemListElement\":[{\"@type\":\"ListItem\",\"position\":1,\"name\":\"Home\",\"item\":\"https:\\\/\\\/booksfrommexico.com\\\/es\\\/\"},{\"@type\":\"ListItem\",\"position\":2,\"name\":\"Libros\",\"item\":\"https:\\\/\\\/booksfrommexico.com\\\/es\\\/libros\\\/\"},{\"@type\":\"ListItem\",\"position\":3,\"name\":\"Maaso buiquim: Sones de venado\"}]},{\"@type\":\"WebSite\",\"@id\":\"https:\\\/\\\/booksfrommexico.com\\\/#website\",\"url\":\"https:\\\/\\\/booksfrommexico.com\\\/\",\"name\":\"Books From Mexico\",\"description\":\"\",\"publisher\":{\"@id\":\"https:\\\/\\\/booksfrommexico.com\\\/#organization\"},\"potentialAction\":[{\"@type\":\"SearchAction\",\"target\":{\"@type\":\"EntryPoint\",\"urlTemplate\":\"https:\\\/\\\/booksfrommexico.com\\\/?s={search_term_string}\"},\"query-input\":{\"@type\":\"PropertyValueSpecification\",\"valueRequired\":true,\"valueName\":\"search_term_string\"}}],\"inLanguage\":\"es\"},{\"@type\":\"Organization\",\"@id\":\"https:\\\/\\\/booksfrommexico.com\\\/#organization\",\"name\":\"Books From Mexico\",\"url\":\"https:\\\/\\\/booksfrommexico.com\\\/\",\"logo\":{\"@type\":\"ImageObject\",\"inLanguage\":\"es\",\"@id\":\"https:\\\/\\\/booksfrommexico.com\\\/#\\\/schema\\\/logo\\\/image\\\/\",\"url\":\"https:\\\/\\\/booksfrommexico.com\\\/app\\\/uploads\\\/2023\\\/05\\\/logo-booksfrommexico.svg\",\"contentUrl\":\"https:\\\/\\\/booksfrommexico.com\\\/app\\\/uploads\\\/2023\\\/05\\\/logo-booksfrommexico.svg\",\"width\":86,\"height\":56,\"caption\":\"Books From Mexico\"},\"image\":{\"@id\":\"https:\\\/\\\/booksfrommexico.com\\\/#\\\/schema\\\/logo\\\/image\\\/\"}}]}<\/script>\n<!-- \/ Yoast SEO plugin. -->","yoast_head_json":{"title":"Maaso buiquim: Sones de venado","description":"MAASO BUIQUIM : SONES DE VENADO. \/ Rub\u00e9n Rivera (compilator). Culiac\u00e1n, Sinaloa, M\u00e9xico : Direcci\u00f3n de Investigaci\u00f3n y Fomento de la Cultura Regional, 2004.","robots":{"index":"index","follow":"follow","max-snippet":"max-snippet:-1","max-image-preview":"max-image-preview:large","max-video-preview":"max-video-preview:-1"},"canonical":"https:\/\/booksfrommexico.com\/es\/producto\/maaso-buiquim-sones-de-venado\/","og_locale":"es_ES","og_type":"article","og_title":"Maaso buiquim: Sones de venado","og_description":"MAASO BUIQUIM : SONES DE VENADO. \/ Rub\u00e9n Rivera (compilator). Culiac\u00e1n, Sinaloa, M\u00e9xico : Direcci\u00f3n de Investigaci\u00f3n y Fomento de la Cultura Regional, 2004.","og_url":"https:\/\/booksfrommexico.com\/es\/producto\/maaso-buiquim-sones-de-venado\/","og_site_name":"Books From Mexico","article_modified_time":"2025-02-26T01:20:34+00:00","og_image":[{"width":390,"height":606,"url":"http:\/\/booksfrommexico.com\/app\/uploads\/2023\/05\/129016.jpeg","type":"image\/jpeg"}],"twitter_card":"summary_large_image","twitter_misc":{"Tiempo de lectura":"1 minuto"},"schema":{"@context":"https:\/\/schema.org","@graph":[{"@type":"WebPage","@id":"https:\/\/booksfrommexico.com\/es\/producto\/maaso-buiquim-sones-de-venado\/","url":"https:\/\/booksfrommexico.com\/es\/producto\/maaso-buiquim-sones-de-venado\/","name":"Maaso buiquim: Sones de venado","isPartOf":{"@id":"https:\/\/booksfrommexico.com\/#website"},"primaryImageOfPage":{"@id":"https:\/\/booksfrommexico.com\/es\/producto\/maaso-buiquim-sones-de-venado\/#primaryimage"},"image":{"@id":"https:\/\/booksfrommexico.com\/es\/producto\/maaso-buiquim-sones-de-venado\/#primaryimage"},"thumbnailUrl":"https:\/\/booksfrommexico.com\/app\/uploads\/2023\/05\/129016.jpeg","datePublished":"2023-05-08T17:03:46+00:00","dateModified":"2025-02-26T01:20:34+00:00","description":"MAASO BUIQUIM : SONES DE VENADO. \/ Rub\u00e9n Rivera (compilator). Culiac\u00e1n, Sinaloa, M\u00e9xico : Direcci\u00f3n de Investigaci\u00f3n y Fomento de la Cultura Regional, 2004.","breadcrumb":{"@id":"https:\/\/booksfrommexico.com\/es\/producto\/maaso-buiquim-sones-de-venado\/#breadcrumb"},"inLanguage":"es","potentialAction":[{"@type":"ReadAction","target":["https:\/\/booksfrommexico.com\/es\/producto\/maaso-buiquim-sones-de-venado\/"]}]},{"@type":"ImageObject","inLanguage":"es","@id":"https:\/\/booksfrommexico.com\/es\/producto\/maaso-buiquim-sones-de-venado\/#primaryimage","url":"https:\/\/booksfrommexico.com\/app\/uploads\/2023\/05\/129016.jpeg","contentUrl":"https:\/\/booksfrommexico.com\/app\/uploads\/2023\/05\/129016.jpeg","width":390,"height":606},{"@type":"BreadcrumbList","@id":"https:\/\/booksfrommexico.com\/es\/producto\/maaso-buiquim-sones-de-venado\/#breadcrumb","itemListElement":[{"@type":"ListItem","position":1,"name":"Home","item":"https:\/\/booksfrommexico.com\/es\/"},{"@type":"ListItem","position":2,"name":"Libros","item":"https:\/\/booksfrommexico.com\/es\/libros\/"},{"@type":"ListItem","position":3,"name":"Maaso buiquim: Sones de venado"}]},{"@type":"WebSite","@id":"https:\/\/booksfrommexico.com\/#website","url":"https:\/\/booksfrommexico.com\/","name":"Books From Mexico","description":"","publisher":{"@id":"https:\/\/booksfrommexico.com\/#organization"},"potentialAction":[{"@type":"SearchAction","target":{"@type":"EntryPoint","urlTemplate":"https:\/\/booksfrommexico.com\/?s={search_term_string}"},"query-input":{"@type":"PropertyValueSpecification","valueRequired":true,"valueName":"search_term_string"}}],"inLanguage":"es"},{"@type":"Organization","@id":"https:\/\/booksfrommexico.com\/#organization","name":"Books From Mexico","url":"https:\/\/booksfrommexico.com\/","logo":{"@type":"ImageObject","inLanguage":"es","@id":"https:\/\/booksfrommexico.com\/#\/schema\/logo\/image\/","url":"https:\/\/booksfrommexico.com\/app\/uploads\/2023\/05\/logo-booksfrommexico.svg","contentUrl":"https:\/\/booksfrommexico.com\/app\/uploads\/2023\/05\/logo-booksfrommexico.svg","width":86,"height":56,"caption":"Books From Mexico"},"image":{"@id":"https:\/\/booksfrommexico.com\/#\/schema\/logo\/image\/"}}]}},"_links":{"self":[{"href":"https:\/\/booksfrommexico.com\/es\/wp-json\/wp\/v2\/product\/545","targetHints":{"allow":["GET"]}}],"collection":[{"href":"https:\/\/booksfrommexico.com\/es\/wp-json\/wp\/v2\/product"}],"about":[{"href":"https:\/\/booksfrommexico.com\/es\/wp-json\/wp\/v2\/types\/product"}],"wp:featuredmedia":[{"embeddable":true,"href":"https:\/\/booksfrommexico.com\/es\/wp-json\/wp\/v2\/media\/544"}],"wp:attachment":[{"href":"https:\/\/booksfrommexico.com\/es\/wp-json\/wp\/v2\/media?parent=545"}],"wp:term":[{"taxonomy":"product_brand","embeddable":true,"href":"https:\/\/booksfrommexico.com\/es\/wp-json\/wp\/v2\/product_brand?post=545"},{"taxonomy":"product_cat","embeddable":true,"href":"https:\/\/booksfrommexico.com\/es\/wp-json\/wp\/v2\/product_cat?post=545"},{"taxonomy":"product_tag","embeddable":true,"href":"https:\/\/booksfrommexico.com\/es\/wp-json\/wp\/v2\/product_tag?post=545"}],"curies":[{"name":"wp","href":"https:\/\/api.w.org\/{rel}","templated":true}]}}