{"id":547,"date":"2023-05-08T17:03:48","date_gmt":"2023-05-08T17:03:48","guid":{"rendered":"http:\/\/booksfrommexico.com\/product\/las-clausulas-relativas-en-el-espanol-otomi-de-santiago-mexquititlan\/"},"modified":"2024-08-06T23:35:15","modified_gmt":"2024-08-06T23:35:15","slug":"las-clausulas-relativas-en-el-espanol-otomi-de-santiago-mexquititlan","status":"publish","type":"product","link":"https:\/\/booksfrommexico.com\/es\/producto\/las-clausulas-relativas-en-el-espanol-otomi-de-santiago-mexquititlan\/","title":{"rendered":"Las cl\u00e1usulas relativas en el espa\u00f1ol otom\u00ed de Santiago Mexquititl\u00e1n"},"content":{"rendered":"<p><span style=\"font-weight: 400;\">En este estudio la autora describe y analiza la forma en que los adolescentes otom\u00edes de la comunidad de Santiago Mexquititl\u00e1n construyen las cl\u00e1usulas relativas cuando escriben en espa\u00f1ol. Aqu\u00ed se analiza un corpus ling\u00fc\u00edstico conformado por 145 historias redactadas por alumnos de bachillerato integrantes de un taller de lectoescritura donde se observan las problem\u00e1ticas de las cl\u00e1usulas relativas, desde diversas perspectivas ling\u00fc\u00edsticas. Adem\u00e1s, este trabajo se enmarca dentro de los estudios de las lenguas en contacto \u2013siendo en este caso el otom\u00ed y el espa\u00f1ol\u2013, que provoca el desplazamiento gradual de la lengua materna y la adquisici\u00f3n imprecisa del espa\u00f1ol. <\/span><\/p>\n","protected":false},"excerpt":{"rendered":"<p>LAS CL\u00c1USULAS RELATIVAS EN EL ESPA\u00d1OL OTOM\u00cd DE SANTIAGO MEXQUITITL\u00c1N<span style=\"font-weight: 400;\">. \/ Mar\u00eda Elena Villegas Molina. M\u00e9xico, D.F. : Consejo Nacional para la Cultura y las Artes , Instituto Nacional de Antropolog\u00eda e Historia, 2005. 151 pages : includes notes, tables, bibliography ; 26 cm. (Colecci\u00f3n Cient\u00edfica ; Serie Ling\u00fc\u00edstica). ISBN : 9680300986. <\/span><\/p>\n","protected":false},"featured_media":546,"template":"","meta":{"_acf_changed":false,"inline_featured_image":false},"product_brand":[],"product_cat":[169,1032],"product_tag":[3833,3847,4440],"class_list":{"0":"post-547","1":"product","2":"type-product","3":"status-publish","4":"has-post-thumbnail","6":"product_cat-lengua-y-linguistica","7":"product_cat-linguistica-espanola-lengua-y-linguistica","8":"product_tag-escritura","9":"product_tag-lenguaje-espanol","10":"product_tag-otomi","12":"first","13":"instock","14":"taxable","15":"shipping-taxable","16":"purchasable","17":"product-type-simple"},"acf":[],"yoast_head":"<!-- This site is optimized with the Yoast SEO plugin v27.3 - https:\/\/yoast.com\/product\/yoast-seo-wordpress\/ -->\n<title>Cl\u00e1usulas relativas en el espa\u00f1ol otom\u00ed de Santiago Mexquititl\u00e1n<\/title>\n<meta name=\"description\" content=\"LAS CL\u00c1USULAS RELATIVAS EN EL ESPA\u00d1OL OTOM\u00cd DE SANTIAGO MEXQUITITL\u00c1N. \/ Mar\u00eda Elena Villegas Molina. CONACULTA , INAH, 2005. (Colecci\u00f3n Cient\u00edfica).\" \/>\n<meta name=\"robots\" content=\"index, follow, max-snippet:-1, max-image-preview:large, max-video-preview:-1\" \/>\n<link rel=\"canonical\" href=\"https:\/\/booksfrommexico.com\/es\/producto\/las-clausulas-relativas-en-el-espanol-otomi-de-santiago-mexquititlan\/\" \/>\n<meta property=\"og:locale\" content=\"es_ES\" \/>\n<meta property=\"og:type\" content=\"article\" \/>\n<meta property=\"og:title\" content=\"Cl\u00e1usulas relativas en el espa\u00f1ol otom\u00ed de Santiago Mexquititl\u00e1n\" \/>\n<meta property=\"og:description\" content=\"LAS CL\u00c1USULAS RELATIVAS EN EL ESPA\u00d1OL OTOM\u00cd DE SANTIAGO MEXQUITITL\u00c1N. \/ Mar\u00eda Elena Villegas Molina. CONACULTA , INAH, 2005. (Colecci\u00f3n Cient\u00edfica).\" \/>\n<meta property=\"og:url\" content=\"https:\/\/booksfrommexico.com\/es\/producto\/las-clausulas-relativas-en-el-espanol-otomi-de-santiago-mexquititlan\/\" \/>\n<meta property=\"og:site_name\" content=\"Books From Mexico\" \/>\n<meta property=\"article:modified_time\" content=\"2024-08-06T23:35:15+00:00\" \/>\n<meta property=\"og:image\" content=\"http:\/\/booksfrommexico.com\/app\/uploads\/2023\/05\/129070.jpeg\" \/>\n\t<meta property=\"og:image:width\" content=\"524\" \/>\n\t<meta property=\"og:image:height\" content=\"744\" \/>\n\t<meta property=\"og:image:type\" content=\"image\/jpeg\" \/>\n<meta name=\"twitter:card\" content=\"summary_large_image\" \/>\n<meta name=\"twitter:label1\" content=\"Tiempo de lectura\" \/>\n\t<meta name=\"twitter:data1\" content=\"1 minuto\" \/>\n<script type=\"application\/ld+json\" class=\"yoast-schema-graph\">{\"@context\":\"https:\\\/\\\/schema.org\",\"@graph\":[{\"@type\":\"WebPage\",\"@id\":\"https:\\\/\\\/booksfrommexico.com\\\/es\\\/producto\\\/las-clausulas-relativas-en-el-espanol-otomi-de-santiago-mexquititlan\\\/\",\"url\":\"https:\\\/\\\/booksfrommexico.com\\\/es\\\/producto\\\/las-clausulas-relativas-en-el-espanol-otomi-de-santiago-mexquititlan\\\/\",\"name\":\"Cl\u00e1usulas relativas en el espa\u00f1ol otom\u00ed de Santiago Mexquititl\u00e1n\",\"isPartOf\":{\"@id\":\"https:\\\/\\\/booksfrommexico.com\\\/#website\"},\"primaryImageOfPage\":{\"@id\":\"https:\\\/\\\/booksfrommexico.com\\\/es\\\/producto\\\/las-clausulas-relativas-en-el-espanol-otomi-de-santiago-mexquititlan\\\/#primaryimage\"},\"image\":{\"@id\":\"https:\\\/\\\/booksfrommexico.com\\\/es\\\/producto\\\/las-clausulas-relativas-en-el-espanol-otomi-de-santiago-mexquititlan\\\/#primaryimage\"},\"thumbnailUrl\":\"https:\\\/\\\/booksfrommexico.com\\\/app\\\/uploads\\\/2023\\\/05\\\/129070.jpeg\",\"datePublished\":\"2023-05-08T17:03:48+00:00\",\"dateModified\":\"2024-08-06T23:35:15+00:00\",\"description\":\"LAS CL\u00c1USULAS RELATIVAS EN EL ESPA\u00d1OL OTOM\u00cd DE SANTIAGO MEXQUITITL\u00c1N. \\\/ Mar\u00eda Elena Villegas Molina. CONACULTA , INAH, 2005. (Colecci\u00f3n Cient\u00edfica).\",\"breadcrumb\":{\"@id\":\"https:\\\/\\\/booksfrommexico.com\\\/es\\\/producto\\\/las-clausulas-relativas-en-el-espanol-otomi-de-santiago-mexquititlan\\\/#breadcrumb\"},\"inLanguage\":\"es\",\"potentialAction\":[{\"@type\":\"ReadAction\",\"target\":[\"https:\\\/\\\/booksfrommexico.com\\\/es\\\/producto\\\/las-clausulas-relativas-en-el-espanol-otomi-de-santiago-mexquititlan\\\/\"]}]},{\"@type\":\"ImageObject\",\"inLanguage\":\"es\",\"@id\":\"https:\\\/\\\/booksfrommexico.com\\\/es\\\/producto\\\/las-clausulas-relativas-en-el-espanol-otomi-de-santiago-mexquititlan\\\/#primaryimage\",\"url\":\"https:\\\/\\\/booksfrommexico.com\\\/app\\\/uploads\\\/2023\\\/05\\\/129070.jpeg\",\"contentUrl\":\"https:\\\/\\\/booksfrommexico.com\\\/app\\\/uploads\\\/2023\\\/05\\\/129070.jpeg\",\"width\":524,\"height\":744},{\"@type\":\"BreadcrumbList\",\"@id\":\"https:\\\/\\\/booksfrommexico.com\\\/es\\\/producto\\\/las-clausulas-relativas-en-el-espanol-otomi-de-santiago-mexquititlan\\\/#breadcrumb\",\"itemListElement\":[{\"@type\":\"ListItem\",\"position\":1,\"name\":\"Home\",\"item\":\"https:\\\/\\\/booksfrommexico.com\\\/es\\\/\"},{\"@type\":\"ListItem\",\"position\":2,\"name\":\"Libros\",\"item\":\"https:\\\/\\\/booksfrommexico.com\\\/es\\\/libros\\\/\"},{\"@type\":\"ListItem\",\"position\":3,\"name\":\"Las cl\u00e1usulas relativas en el espa\u00f1ol otom\u00ed de Santiago Mexquititl\u00e1n\"}]},{\"@type\":\"WebSite\",\"@id\":\"https:\\\/\\\/booksfrommexico.com\\\/#website\",\"url\":\"https:\\\/\\\/booksfrommexico.com\\\/\",\"name\":\"Books From Mexico\",\"description\":\"\",\"publisher\":{\"@id\":\"https:\\\/\\\/booksfrommexico.com\\\/#organization\"},\"potentialAction\":[{\"@type\":\"SearchAction\",\"target\":{\"@type\":\"EntryPoint\",\"urlTemplate\":\"https:\\\/\\\/booksfrommexico.com\\\/?s={search_term_string}\"},\"query-input\":{\"@type\":\"PropertyValueSpecification\",\"valueRequired\":true,\"valueName\":\"search_term_string\"}}],\"inLanguage\":\"es\"},{\"@type\":\"Organization\",\"@id\":\"https:\\\/\\\/booksfrommexico.com\\\/#organization\",\"name\":\"Books From Mexico\",\"url\":\"https:\\\/\\\/booksfrommexico.com\\\/\",\"logo\":{\"@type\":\"ImageObject\",\"inLanguage\":\"es\",\"@id\":\"https:\\\/\\\/booksfrommexico.com\\\/#\\\/schema\\\/logo\\\/image\\\/\",\"url\":\"https:\\\/\\\/booksfrommexico.com\\\/app\\\/uploads\\\/2023\\\/05\\\/logo-booksfrommexico.svg\",\"contentUrl\":\"https:\\\/\\\/booksfrommexico.com\\\/app\\\/uploads\\\/2023\\\/05\\\/logo-booksfrommexico.svg\",\"width\":86,\"height\":56,\"caption\":\"Books From Mexico\"},\"image\":{\"@id\":\"https:\\\/\\\/booksfrommexico.com\\\/#\\\/schema\\\/logo\\\/image\\\/\"}}]}<\/script>\n<!-- \/ Yoast SEO plugin. -->","yoast_head_json":{"title":"Cl\u00e1usulas relativas en el espa\u00f1ol otom\u00ed de Santiago Mexquititl\u00e1n","description":"LAS CL\u00c1USULAS RELATIVAS EN EL ESPA\u00d1OL OTOM\u00cd DE SANTIAGO MEXQUITITL\u00c1N. \/ Mar\u00eda Elena Villegas Molina. CONACULTA , INAH, 2005. (Colecci\u00f3n Cient\u00edfica).","robots":{"index":"index","follow":"follow","max-snippet":"max-snippet:-1","max-image-preview":"max-image-preview:large","max-video-preview":"max-video-preview:-1"},"canonical":"https:\/\/booksfrommexico.com\/es\/producto\/las-clausulas-relativas-en-el-espanol-otomi-de-santiago-mexquititlan\/","og_locale":"es_ES","og_type":"article","og_title":"Cl\u00e1usulas relativas en el espa\u00f1ol otom\u00ed de Santiago Mexquititl\u00e1n","og_description":"LAS CL\u00c1USULAS RELATIVAS EN EL ESPA\u00d1OL OTOM\u00cd DE SANTIAGO MEXQUITITL\u00c1N. \/ Mar\u00eda Elena Villegas Molina. CONACULTA , INAH, 2005. (Colecci\u00f3n Cient\u00edfica).","og_url":"https:\/\/booksfrommexico.com\/es\/producto\/las-clausulas-relativas-en-el-espanol-otomi-de-santiago-mexquititlan\/","og_site_name":"Books From Mexico","article_modified_time":"2024-08-06T23:35:15+00:00","og_image":[{"width":524,"height":744,"url":"http:\/\/booksfrommexico.com\/app\/uploads\/2023\/05\/129070.jpeg","type":"image\/jpeg"}],"twitter_card":"summary_large_image","twitter_misc":{"Tiempo de lectura":"1 minuto"},"schema":{"@context":"https:\/\/schema.org","@graph":[{"@type":"WebPage","@id":"https:\/\/booksfrommexico.com\/es\/producto\/las-clausulas-relativas-en-el-espanol-otomi-de-santiago-mexquititlan\/","url":"https:\/\/booksfrommexico.com\/es\/producto\/las-clausulas-relativas-en-el-espanol-otomi-de-santiago-mexquititlan\/","name":"Cl\u00e1usulas relativas en el espa\u00f1ol otom\u00ed de Santiago Mexquititl\u00e1n","isPartOf":{"@id":"https:\/\/booksfrommexico.com\/#website"},"primaryImageOfPage":{"@id":"https:\/\/booksfrommexico.com\/es\/producto\/las-clausulas-relativas-en-el-espanol-otomi-de-santiago-mexquititlan\/#primaryimage"},"image":{"@id":"https:\/\/booksfrommexico.com\/es\/producto\/las-clausulas-relativas-en-el-espanol-otomi-de-santiago-mexquititlan\/#primaryimage"},"thumbnailUrl":"https:\/\/booksfrommexico.com\/app\/uploads\/2023\/05\/129070.jpeg","datePublished":"2023-05-08T17:03:48+00:00","dateModified":"2024-08-06T23:35:15+00:00","description":"LAS CL\u00c1USULAS RELATIVAS EN EL ESPA\u00d1OL OTOM\u00cd DE SANTIAGO MEXQUITITL\u00c1N. \/ Mar\u00eda Elena Villegas Molina. CONACULTA , INAH, 2005. (Colecci\u00f3n Cient\u00edfica).","breadcrumb":{"@id":"https:\/\/booksfrommexico.com\/es\/producto\/las-clausulas-relativas-en-el-espanol-otomi-de-santiago-mexquititlan\/#breadcrumb"},"inLanguage":"es","potentialAction":[{"@type":"ReadAction","target":["https:\/\/booksfrommexico.com\/es\/producto\/las-clausulas-relativas-en-el-espanol-otomi-de-santiago-mexquititlan\/"]}]},{"@type":"ImageObject","inLanguage":"es","@id":"https:\/\/booksfrommexico.com\/es\/producto\/las-clausulas-relativas-en-el-espanol-otomi-de-santiago-mexquititlan\/#primaryimage","url":"https:\/\/booksfrommexico.com\/app\/uploads\/2023\/05\/129070.jpeg","contentUrl":"https:\/\/booksfrommexico.com\/app\/uploads\/2023\/05\/129070.jpeg","width":524,"height":744},{"@type":"BreadcrumbList","@id":"https:\/\/booksfrommexico.com\/es\/producto\/las-clausulas-relativas-en-el-espanol-otomi-de-santiago-mexquititlan\/#breadcrumb","itemListElement":[{"@type":"ListItem","position":1,"name":"Home","item":"https:\/\/booksfrommexico.com\/es\/"},{"@type":"ListItem","position":2,"name":"Libros","item":"https:\/\/booksfrommexico.com\/es\/libros\/"},{"@type":"ListItem","position":3,"name":"Las cl\u00e1usulas relativas en el espa\u00f1ol otom\u00ed de Santiago Mexquititl\u00e1n"}]},{"@type":"WebSite","@id":"https:\/\/booksfrommexico.com\/#website","url":"https:\/\/booksfrommexico.com\/","name":"Books From Mexico","description":"","publisher":{"@id":"https:\/\/booksfrommexico.com\/#organization"},"potentialAction":[{"@type":"SearchAction","target":{"@type":"EntryPoint","urlTemplate":"https:\/\/booksfrommexico.com\/?s={search_term_string}"},"query-input":{"@type":"PropertyValueSpecification","valueRequired":true,"valueName":"search_term_string"}}],"inLanguage":"es"},{"@type":"Organization","@id":"https:\/\/booksfrommexico.com\/#organization","name":"Books From Mexico","url":"https:\/\/booksfrommexico.com\/","logo":{"@type":"ImageObject","inLanguage":"es","@id":"https:\/\/booksfrommexico.com\/#\/schema\/logo\/image\/","url":"https:\/\/booksfrommexico.com\/app\/uploads\/2023\/05\/logo-booksfrommexico.svg","contentUrl":"https:\/\/booksfrommexico.com\/app\/uploads\/2023\/05\/logo-booksfrommexico.svg","width":86,"height":56,"caption":"Books From Mexico"},"image":{"@id":"https:\/\/booksfrommexico.com\/#\/schema\/logo\/image\/"}}]}},"_links":{"self":[{"href":"https:\/\/booksfrommexico.com\/es\/wp-json\/wp\/v2\/product\/547","targetHints":{"allow":["GET"]}}],"collection":[{"href":"https:\/\/booksfrommexico.com\/es\/wp-json\/wp\/v2\/product"}],"about":[{"href":"https:\/\/booksfrommexico.com\/es\/wp-json\/wp\/v2\/types\/product"}],"wp:featuredmedia":[{"embeddable":true,"href":"https:\/\/booksfrommexico.com\/es\/wp-json\/wp\/v2\/media\/546"}],"wp:attachment":[{"href":"https:\/\/booksfrommexico.com\/es\/wp-json\/wp\/v2\/media?parent=547"}],"wp:term":[{"taxonomy":"product_brand","embeddable":true,"href":"https:\/\/booksfrommexico.com\/es\/wp-json\/wp\/v2\/product_brand?post=547"},{"taxonomy":"product_cat","embeddable":true,"href":"https:\/\/booksfrommexico.com\/es\/wp-json\/wp\/v2\/product_cat?post=547"},{"taxonomy":"product_tag","embeddable":true,"href":"https:\/\/booksfrommexico.com\/es\/wp-json\/wp\/v2\/product_tag?post=547"}],"curies":[{"name":"wp","href":"https:\/\/api.w.org\/{rel}","templated":true}]}}