{"id":549,"date":"2023-05-08T17:03:49","date_gmt":"2023-05-08T17:03:49","guid":{"rendered":"http:\/\/booksfrommexico.com\/product\/la-tierra-nomada\/"},"modified":"2024-08-06T22:44:43","modified_gmt":"2024-08-06T22:44:43","slug":"la-tierra-nomada","status":"publish","type":"product","link":"https:\/\/booksfrommexico.com\/es\/producto\/la-tierra-nomada\/","title":{"rendered":"La tierra n\u00f3mada"},"content":{"rendered":"<p><span style=\"font-weight: 400;\">Entre los a\u00f1os 1999 y 2002 se desarroll\u00f3 una experiencia de investigaci\u00f3n colectiva interdisciplinaria impulsada por un grupo de investigadores dirigidos por el doctor Andr\u00e9s F\u00e1bregas Puig, teniendo como punto de partida su trabajo en el norte de Jalisco donde logr\u00f3 un avance significativo en el estudio de una regi\u00f3n todav\u00eda dejada de lado tanto por las autoridades y por la academia. Esta regi\u00f3n se coincidi\u00f3 en nombrarla con la hist\u00f3rica denominaci\u00f3n de Gran Chichimeca, de donde surgi\u00f3 un seminario de estudios cuyo primer encuentro regional se realiz\u00f3 en 2003 y cuyos trabajos se re\u00fanen en este t\u00edtulo.<\/span><\/p>\n","protected":false},"excerpt":{"rendered":"<p>LA TIERRA N\u00d3MADA<span style=\"font-weight: 400;\">. \/ Andr\u00e9s F\u00e1bregas Puig, Mario Alberto N\u00e1jera Espinosa, C\u00e1ndido Gonz\u00e1lez P\u00e9rez (editors). Guadalajara, Jalisco, M\u00e9xico : Universidad de Guadalajara ; El Colegio de Jalisco ; Zacatecas, M\u00e9xico: Universidad Aut\u00f3noma de Zacatecas ; Aguascalientes, M\u00e9xico : Universidad Aut\u00f3noma de Aguascalientes ; San Luis Potos\u00ed, M\u00e9xico : El Colegio de San Luis ; Michoac\u00e1n, M\u00e9xico : El Colegio de Michoac\u00e1n, 2005. 284 pages : includes illustrations, tables, charts, bibliographic references, bibliography at the end of each chapter ; 23 cm. ISBN : 9685557756.<\/span><\/p>\n","protected":false},"featured_media":548,"template":"","meta":{"_acf_changed":false,"inline_featured_image":false},"product_brand":[],"product_cat":[19],"product_tag":[4054,4341,4427,4003],"class_list":{"0":"post-549","1":"product","2":"type-product","3":"status-publish","4":"has-post-thumbnail","6":"product_cat-antropologia","7":"product_tag-antropologia-es","8":"product_tag-cultura","9":"product_tag-jalisco-mexico","10":"product_tag-seminarios-y-congresos","12":"first","13":"instock","14":"taxable","15":"shipping-taxable","16":"purchasable","17":"product-type-simple"},"acf":[],"yoast_head":"<!-- This site is optimized with the Yoast SEO plugin v27.3 - https:\/\/yoast.com\/product\/yoast-seo-wordpress\/ -->\n<title>La tierra n\u00f3mada<\/title>\n<meta name=\"description\" content=\"LA TIERRA N\u00d3MADA. \/ Andr\u00e9s F\u00e1bregas Puig, Mario Alberto N\u00e1jera Espinosa, C\u00e1ndido Gonz\u00e1lez P\u00e9rez (editors). 2005. ISBN : 9685557756.\" \/>\n<meta name=\"robots\" content=\"index, follow, max-snippet:-1, max-image-preview:large, max-video-preview:-1\" \/>\n<link rel=\"canonical\" href=\"https:\/\/booksfrommexico.com\/es\/producto\/la-tierra-nomada\/\" \/>\n<meta property=\"og:locale\" content=\"es_ES\" \/>\n<meta property=\"og:type\" content=\"article\" \/>\n<meta property=\"og:title\" content=\"La tierra n\u00f3mada\" \/>\n<meta property=\"og:description\" content=\"LA TIERRA N\u00d3MADA. \/ Andr\u00e9s F\u00e1bregas Puig, Mario Alberto N\u00e1jera Espinosa, C\u00e1ndido Gonz\u00e1lez P\u00e9rez (editors). 2005. ISBN : 9685557756.\" \/>\n<meta property=\"og:url\" content=\"https:\/\/booksfrommexico.com\/es\/producto\/la-tierra-nomada\/\" \/>\n<meta property=\"og:site_name\" content=\"Books From Mexico\" \/>\n<meta property=\"article:modified_time\" content=\"2024-08-06T22:44:43+00:00\" \/>\n<meta property=\"og:image\" content=\"http:\/\/booksfrommexico.com\/app\/uploads\/2023\/05\/129094.jpeg\" \/>\n\t<meta property=\"og:image:width\" content=\"483\" \/>\n\t<meta property=\"og:image:height\" content=\"653\" \/>\n\t<meta property=\"og:image:type\" content=\"image\/jpeg\" \/>\n<meta name=\"twitter:card\" content=\"summary_large_image\" \/>\n<meta name=\"twitter:label1\" content=\"Tiempo de lectura\" \/>\n\t<meta name=\"twitter:data1\" content=\"1 minuto\" \/>\n<script type=\"application\/ld+json\" class=\"yoast-schema-graph\">{\"@context\":\"https:\\\/\\\/schema.org\",\"@graph\":[{\"@type\":\"WebPage\",\"@id\":\"https:\\\/\\\/booksfrommexico.com\\\/es\\\/producto\\\/la-tierra-nomada\\\/\",\"url\":\"https:\\\/\\\/booksfrommexico.com\\\/es\\\/producto\\\/la-tierra-nomada\\\/\",\"name\":\"La tierra n\u00f3mada\",\"isPartOf\":{\"@id\":\"https:\\\/\\\/booksfrommexico.com\\\/#website\"},\"primaryImageOfPage\":{\"@id\":\"https:\\\/\\\/booksfrommexico.com\\\/es\\\/producto\\\/la-tierra-nomada\\\/#primaryimage\"},\"image\":{\"@id\":\"https:\\\/\\\/booksfrommexico.com\\\/es\\\/producto\\\/la-tierra-nomada\\\/#primaryimage\"},\"thumbnailUrl\":\"https:\\\/\\\/booksfrommexico.com\\\/app\\\/uploads\\\/2023\\\/05\\\/129094.jpeg\",\"datePublished\":\"2023-05-08T17:03:49+00:00\",\"dateModified\":\"2024-08-06T22:44:43+00:00\",\"description\":\"LA TIERRA N\u00d3MADA. \\\/ Andr\u00e9s F\u00e1bregas Puig, Mario Alberto N\u00e1jera Espinosa, C\u00e1ndido Gonz\u00e1lez P\u00e9rez (editors). 2005. ISBN : 9685557756.\",\"breadcrumb\":{\"@id\":\"https:\\\/\\\/booksfrommexico.com\\\/es\\\/producto\\\/la-tierra-nomada\\\/#breadcrumb\"},\"inLanguage\":\"es\",\"potentialAction\":[{\"@type\":\"ReadAction\",\"target\":[\"https:\\\/\\\/booksfrommexico.com\\\/es\\\/producto\\\/la-tierra-nomada\\\/\"]}]},{\"@type\":\"ImageObject\",\"inLanguage\":\"es\",\"@id\":\"https:\\\/\\\/booksfrommexico.com\\\/es\\\/producto\\\/la-tierra-nomada\\\/#primaryimage\",\"url\":\"https:\\\/\\\/booksfrommexico.com\\\/app\\\/uploads\\\/2023\\\/05\\\/129094.jpeg\",\"contentUrl\":\"https:\\\/\\\/booksfrommexico.com\\\/app\\\/uploads\\\/2023\\\/05\\\/129094.jpeg\",\"width\":483,\"height\":653},{\"@type\":\"BreadcrumbList\",\"@id\":\"https:\\\/\\\/booksfrommexico.com\\\/es\\\/producto\\\/la-tierra-nomada\\\/#breadcrumb\",\"itemListElement\":[{\"@type\":\"ListItem\",\"position\":1,\"name\":\"Home\",\"item\":\"https:\\\/\\\/booksfrommexico.com\\\/es\\\/\"},{\"@type\":\"ListItem\",\"position\":2,\"name\":\"Libros\",\"item\":\"https:\\\/\\\/booksfrommexico.com\\\/es\\\/libros\\\/\"},{\"@type\":\"ListItem\",\"position\":3,\"name\":\"La tierra n\u00f3mada\"}]},{\"@type\":\"WebSite\",\"@id\":\"https:\\\/\\\/booksfrommexico.com\\\/#website\",\"url\":\"https:\\\/\\\/booksfrommexico.com\\\/\",\"name\":\"Books From Mexico\",\"description\":\"\",\"publisher\":{\"@id\":\"https:\\\/\\\/booksfrommexico.com\\\/#organization\"},\"potentialAction\":[{\"@type\":\"SearchAction\",\"target\":{\"@type\":\"EntryPoint\",\"urlTemplate\":\"https:\\\/\\\/booksfrommexico.com\\\/?s={search_term_string}\"},\"query-input\":{\"@type\":\"PropertyValueSpecification\",\"valueRequired\":true,\"valueName\":\"search_term_string\"}}],\"inLanguage\":\"es\"},{\"@type\":\"Organization\",\"@id\":\"https:\\\/\\\/booksfrommexico.com\\\/#organization\",\"name\":\"Books From Mexico\",\"url\":\"https:\\\/\\\/booksfrommexico.com\\\/\",\"logo\":{\"@type\":\"ImageObject\",\"inLanguage\":\"es\",\"@id\":\"https:\\\/\\\/booksfrommexico.com\\\/#\\\/schema\\\/logo\\\/image\\\/\",\"url\":\"https:\\\/\\\/booksfrommexico.com\\\/app\\\/uploads\\\/2023\\\/05\\\/logo-booksfrommexico.svg\",\"contentUrl\":\"https:\\\/\\\/booksfrommexico.com\\\/app\\\/uploads\\\/2023\\\/05\\\/logo-booksfrommexico.svg\",\"width\":86,\"height\":56,\"caption\":\"Books From Mexico\"},\"image\":{\"@id\":\"https:\\\/\\\/booksfrommexico.com\\\/#\\\/schema\\\/logo\\\/image\\\/\"}}]}<\/script>\n<!-- \/ Yoast SEO plugin. -->","yoast_head_json":{"title":"La tierra n\u00f3mada","description":"LA TIERRA N\u00d3MADA. \/ Andr\u00e9s F\u00e1bregas Puig, Mario Alberto N\u00e1jera Espinosa, C\u00e1ndido Gonz\u00e1lez P\u00e9rez (editors). 2005. ISBN : 9685557756.","robots":{"index":"index","follow":"follow","max-snippet":"max-snippet:-1","max-image-preview":"max-image-preview:large","max-video-preview":"max-video-preview:-1"},"canonical":"https:\/\/booksfrommexico.com\/es\/producto\/la-tierra-nomada\/","og_locale":"es_ES","og_type":"article","og_title":"La tierra n\u00f3mada","og_description":"LA TIERRA N\u00d3MADA. \/ Andr\u00e9s F\u00e1bregas Puig, Mario Alberto N\u00e1jera Espinosa, C\u00e1ndido Gonz\u00e1lez P\u00e9rez (editors). 2005. ISBN : 9685557756.","og_url":"https:\/\/booksfrommexico.com\/es\/producto\/la-tierra-nomada\/","og_site_name":"Books From Mexico","article_modified_time":"2024-08-06T22:44:43+00:00","og_image":[{"width":483,"height":653,"url":"http:\/\/booksfrommexico.com\/app\/uploads\/2023\/05\/129094.jpeg","type":"image\/jpeg"}],"twitter_card":"summary_large_image","twitter_misc":{"Tiempo de lectura":"1 minuto"},"schema":{"@context":"https:\/\/schema.org","@graph":[{"@type":"WebPage","@id":"https:\/\/booksfrommexico.com\/es\/producto\/la-tierra-nomada\/","url":"https:\/\/booksfrommexico.com\/es\/producto\/la-tierra-nomada\/","name":"La tierra n\u00f3mada","isPartOf":{"@id":"https:\/\/booksfrommexico.com\/#website"},"primaryImageOfPage":{"@id":"https:\/\/booksfrommexico.com\/es\/producto\/la-tierra-nomada\/#primaryimage"},"image":{"@id":"https:\/\/booksfrommexico.com\/es\/producto\/la-tierra-nomada\/#primaryimage"},"thumbnailUrl":"https:\/\/booksfrommexico.com\/app\/uploads\/2023\/05\/129094.jpeg","datePublished":"2023-05-08T17:03:49+00:00","dateModified":"2024-08-06T22:44:43+00:00","description":"LA TIERRA N\u00d3MADA. \/ Andr\u00e9s F\u00e1bregas Puig, Mario Alberto N\u00e1jera Espinosa, C\u00e1ndido Gonz\u00e1lez P\u00e9rez (editors). 2005. ISBN : 9685557756.","breadcrumb":{"@id":"https:\/\/booksfrommexico.com\/es\/producto\/la-tierra-nomada\/#breadcrumb"},"inLanguage":"es","potentialAction":[{"@type":"ReadAction","target":["https:\/\/booksfrommexico.com\/es\/producto\/la-tierra-nomada\/"]}]},{"@type":"ImageObject","inLanguage":"es","@id":"https:\/\/booksfrommexico.com\/es\/producto\/la-tierra-nomada\/#primaryimage","url":"https:\/\/booksfrommexico.com\/app\/uploads\/2023\/05\/129094.jpeg","contentUrl":"https:\/\/booksfrommexico.com\/app\/uploads\/2023\/05\/129094.jpeg","width":483,"height":653},{"@type":"BreadcrumbList","@id":"https:\/\/booksfrommexico.com\/es\/producto\/la-tierra-nomada\/#breadcrumb","itemListElement":[{"@type":"ListItem","position":1,"name":"Home","item":"https:\/\/booksfrommexico.com\/es\/"},{"@type":"ListItem","position":2,"name":"Libros","item":"https:\/\/booksfrommexico.com\/es\/libros\/"},{"@type":"ListItem","position":3,"name":"La tierra n\u00f3mada"}]},{"@type":"WebSite","@id":"https:\/\/booksfrommexico.com\/#website","url":"https:\/\/booksfrommexico.com\/","name":"Books From Mexico","description":"","publisher":{"@id":"https:\/\/booksfrommexico.com\/#organization"},"potentialAction":[{"@type":"SearchAction","target":{"@type":"EntryPoint","urlTemplate":"https:\/\/booksfrommexico.com\/?s={search_term_string}"},"query-input":{"@type":"PropertyValueSpecification","valueRequired":true,"valueName":"search_term_string"}}],"inLanguage":"es"},{"@type":"Organization","@id":"https:\/\/booksfrommexico.com\/#organization","name":"Books From Mexico","url":"https:\/\/booksfrommexico.com\/","logo":{"@type":"ImageObject","inLanguage":"es","@id":"https:\/\/booksfrommexico.com\/#\/schema\/logo\/image\/","url":"https:\/\/booksfrommexico.com\/app\/uploads\/2023\/05\/logo-booksfrommexico.svg","contentUrl":"https:\/\/booksfrommexico.com\/app\/uploads\/2023\/05\/logo-booksfrommexico.svg","width":86,"height":56,"caption":"Books From Mexico"},"image":{"@id":"https:\/\/booksfrommexico.com\/#\/schema\/logo\/image\/"}}]}},"_links":{"self":[{"href":"https:\/\/booksfrommexico.com\/es\/wp-json\/wp\/v2\/product\/549","targetHints":{"allow":["GET"]}}],"collection":[{"href":"https:\/\/booksfrommexico.com\/es\/wp-json\/wp\/v2\/product"}],"about":[{"href":"https:\/\/booksfrommexico.com\/es\/wp-json\/wp\/v2\/types\/product"}],"wp:featuredmedia":[{"embeddable":true,"href":"https:\/\/booksfrommexico.com\/es\/wp-json\/wp\/v2\/media\/548"}],"wp:attachment":[{"href":"https:\/\/booksfrommexico.com\/es\/wp-json\/wp\/v2\/media?parent=549"}],"wp:term":[{"taxonomy":"product_brand","embeddable":true,"href":"https:\/\/booksfrommexico.com\/es\/wp-json\/wp\/v2\/product_brand?post=549"},{"taxonomy":"product_cat","embeddable":true,"href":"https:\/\/booksfrommexico.com\/es\/wp-json\/wp\/v2\/product_cat?post=549"},{"taxonomy":"product_tag","embeddable":true,"href":"https:\/\/booksfrommexico.com\/es\/wp-json\/wp\/v2\/product_tag?post=549"}],"curies":[{"name":"wp","href":"https:\/\/api.w.org\/{rel}","templated":true}]}}