{"id":551,"date":"2023-05-08T17:03:51","date_gmt":"2023-05-08T17:03:51","guid":{"rendered":"http:\/\/booksfrommexico.com\/product\/mexico-tenochtitlan\/"},"modified":"2024-10-02T23:40:48","modified_gmt":"2024-10-02T23:40:48","slug":"mexico-tenochtitlan","status":"publish","type":"product","link":"https:\/\/booksfrommexico.com\/es\/producto\/mexico-tenochtitlan\/","title":{"rendered":"M\u00e9xico Tenochtitl\u00e1n"},"content":{"rendered":"<p><span style=\"font-weight: 400;\">Francisco Mata Rosas dedic\u00f3 su atenci\u00f3n a la Ciudad de M\u00e9xico de finales del siglo XX, lo cual se denota en el universo que contienen sus fotograf\u00edas donde se puede vislumbrar la persistencia de una ciudad a la vez real e imaginaria, resultado de las contradicciones sociales, culturales e hist\u00f3ricas de la capital de M\u00e9xico. La edici\u00f3n de este t\u00edtulo propone, a trav\u00e9s de la colecci\u00f3n de fotos que muestra, una lectura que parte de los restos vivientes de la antigua ciudad lacustre, retratando a sus habitantes \u2013que suelen ser m\u00e1s campesinos sin tierra que proletarios sin empleo\u2013, danzas tradicionales, festividades, vistas de los paisajes y momentos de la vida cotidiana. <\/span><\/p>\n","protected":false},"excerpt":{"rendered":"<p>M\u00c9XICO TENOCHTITL\u00c1N<span style=\"font-weight: 400;\">. \/ Francisco Mata Rosas. M\u00e9xico, D.F. : Ediciones Era ; Consejo Nacional para la Cultura y las Artes , Fondo Nacional para la Cultura y las Artes ; Casa de las Im\u00e1genes , Difusi\u00f3n Cultural, 2005. [92 unpaged sheets] : includes photos, semblances ; 32 cm. ISBN : 9684116330. <\/span><\/p>\n","protected":false},"featured_media":550,"template":"","meta":{"_acf_changed":false,"inline_featured_image":false},"product_brand":[],"product_cat":[87,165],"product_tag":[4044,3691,4043],"class_list":{"0":"post-551","1":"product","2":"type-product","3":"status-publish","4":"has-post-thumbnail","6":"product_cat-arte","7":"product_cat-fotografia-arte","8":"product_tag-arte","9":"product_tag-ciudad-de-mexico","10":"product_tag-fotografia","12":"first","13":"instock","14":"sale","15":"taxable","16":"shipping-taxable","17":"purchasable","18":"product-type-simple"},"acf":[],"yoast_head":"<!-- This site is optimized with the Yoast SEO plugin v27.3 - https:\/\/yoast.com\/product\/yoast-seo-wordpress\/ -->\n<title>M\u00e9xico Tenochtitl\u00e1n<\/title>\n<meta name=\"description\" content=\"M\u00c9XICO TENOCHTITL\u00c1N. \/ Francisco Mata Rosas. Ediciones Era ; CONACULTA ; FONCA ; Casa de las Im\u00e1genes , Difusi\u00f3n Cultural, 2005. ISBN : 9684116330.\" \/>\n<meta name=\"robots\" content=\"index, follow, max-snippet:-1, max-image-preview:large, max-video-preview:-1\" \/>\n<link rel=\"canonical\" href=\"https:\/\/booksfrommexico.com\/es\/producto\/mexico-tenochtitlan\/\" \/>\n<meta property=\"og:locale\" content=\"es_ES\" \/>\n<meta property=\"og:type\" content=\"article\" \/>\n<meta property=\"og:title\" content=\"M\u00e9xico Tenochtitl\u00e1n\" \/>\n<meta property=\"og:description\" content=\"M\u00c9XICO TENOCHTITL\u00c1N. \/ Francisco Mata Rosas. Ediciones Era ; CONACULTA ; FONCA ; Casa de las Im\u00e1genes , Difusi\u00f3n Cultural, 2005. ISBN : 9684116330.\" \/>\n<meta property=\"og:url\" content=\"https:\/\/booksfrommexico.com\/es\/producto\/mexico-tenochtitlan\/\" \/>\n<meta property=\"og:site_name\" content=\"Books From Mexico\" \/>\n<meta property=\"article:modified_time\" content=\"2024-10-02T23:40:48+00:00\" \/>\n<meta property=\"og:image\" content=\"http:\/\/booksfrommexico.com\/app\/uploads\/2023\/05\/129095.jpeg\" \/>\n\t<meta property=\"og:image:width\" content=\"623\" \/>\n\t<meta property=\"og:image:height\" content=\"806\" \/>\n\t<meta property=\"og:image:type\" content=\"image\/jpeg\" \/>\n<meta name=\"twitter:card\" content=\"summary_large_image\" \/>\n<meta name=\"twitter:label1\" content=\"Tiempo de lectura\" \/>\n\t<meta name=\"twitter:data1\" content=\"1 minuto\" \/>\n<script type=\"application\/ld+json\" class=\"yoast-schema-graph\">{\"@context\":\"https:\\\/\\\/schema.org\",\"@graph\":[{\"@type\":\"WebPage\",\"@id\":\"https:\\\/\\\/booksfrommexico.com\\\/es\\\/producto\\\/mexico-tenochtitlan\\\/\",\"url\":\"https:\\\/\\\/booksfrommexico.com\\\/es\\\/producto\\\/mexico-tenochtitlan\\\/\",\"name\":\"M\u00e9xico Tenochtitl\u00e1n\",\"isPartOf\":{\"@id\":\"https:\\\/\\\/booksfrommexico.com\\\/#website\"},\"primaryImageOfPage\":{\"@id\":\"https:\\\/\\\/booksfrommexico.com\\\/es\\\/producto\\\/mexico-tenochtitlan\\\/#primaryimage\"},\"image\":{\"@id\":\"https:\\\/\\\/booksfrommexico.com\\\/es\\\/producto\\\/mexico-tenochtitlan\\\/#primaryimage\"},\"thumbnailUrl\":\"https:\\\/\\\/booksfrommexico.com\\\/app\\\/uploads\\\/2023\\\/05\\\/129095.jpeg\",\"datePublished\":\"2023-05-08T17:03:51+00:00\",\"dateModified\":\"2024-10-02T23:40:48+00:00\",\"description\":\"M\u00c9XICO TENOCHTITL\u00c1N. \\\/ Francisco Mata Rosas. Ediciones Era ; CONACULTA ; FONCA ; Casa de las Im\u00e1genes , Difusi\u00f3n Cultural, 2005. ISBN : 9684116330.\",\"breadcrumb\":{\"@id\":\"https:\\\/\\\/booksfrommexico.com\\\/es\\\/producto\\\/mexico-tenochtitlan\\\/#breadcrumb\"},\"inLanguage\":\"es\",\"potentialAction\":[{\"@type\":\"ReadAction\",\"target\":[\"https:\\\/\\\/booksfrommexico.com\\\/es\\\/producto\\\/mexico-tenochtitlan\\\/\"]}]},{\"@type\":\"ImageObject\",\"inLanguage\":\"es\",\"@id\":\"https:\\\/\\\/booksfrommexico.com\\\/es\\\/producto\\\/mexico-tenochtitlan\\\/#primaryimage\",\"url\":\"https:\\\/\\\/booksfrommexico.com\\\/app\\\/uploads\\\/2023\\\/05\\\/129095.jpeg\",\"contentUrl\":\"https:\\\/\\\/booksfrommexico.com\\\/app\\\/uploads\\\/2023\\\/05\\\/129095.jpeg\",\"width\":623,\"height\":806},{\"@type\":\"BreadcrumbList\",\"@id\":\"https:\\\/\\\/booksfrommexico.com\\\/es\\\/producto\\\/mexico-tenochtitlan\\\/#breadcrumb\",\"itemListElement\":[{\"@type\":\"ListItem\",\"position\":1,\"name\":\"Home\",\"item\":\"https:\\\/\\\/booksfrommexico.com\\\/es\\\/\"},{\"@type\":\"ListItem\",\"position\":2,\"name\":\"Libros\",\"item\":\"https:\\\/\\\/booksfrommexico.com\\\/es\\\/libros\\\/\"},{\"@type\":\"ListItem\",\"position\":3,\"name\":\"M\u00e9xico Tenochtitl\u00e1n\"}]},{\"@type\":\"WebSite\",\"@id\":\"https:\\\/\\\/booksfrommexico.com\\\/#website\",\"url\":\"https:\\\/\\\/booksfrommexico.com\\\/\",\"name\":\"Books From Mexico\",\"description\":\"\",\"publisher\":{\"@id\":\"https:\\\/\\\/booksfrommexico.com\\\/#organization\"},\"potentialAction\":[{\"@type\":\"SearchAction\",\"target\":{\"@type\":\"EntryPoint\",\"urlTemplate\":\"https:\\\/\\\/booksfrommexico.com\\\/?s={search_term_string}\"},\"query-input\":{\"@type\":\"PropertyValueSpecification\",\"valueRequired\":true,\"valueName\":\"search_term_string\"}}],\"inLanguage\":\"es\"},{\"@type\":\"Organization\",\"@id\":\"https:\\\/\\\/booksfrommexico.com\\\/#organization\",\"name\":\"Books From Mexico\",\"url\":\"https:\\\/\\\/booksfrommexico.com\\\/\",\"logo\":{\"@type\":\"ImageObject\",\"inLanguage\":\"es\",\"@id\":\"https:\\\/\\\/booksfrommexico.com\\\/#\\\/schema\\\/logo\\\/image\\\/\",\"url\":\"https:\\\/\\\/booksfrommexico.com\\\/app\\\/uploads\\\/2023\\\/05\\\/logo-booksfrommexico.svg\",\"contentUrl\":\"https:\\\/\\\/booksfrommexico.com\\\/app\\\/uploads\\\/2023\\\/05\\\/logo-booksfrommexico.svg\",\"width\":86,\"height\":56,\"caption\":\"Books From Mexico\"},\"image\":{\"@id\":\"https:\\\/\\\/booksfrommexico.com\\\/#\\\/schema\\\/logo\\\/image\\\/\"}}]}<\/script>\n<!-- \/ Yoast SEO plugin. -->","yoast_head_json":{"title":"M\u00e9xico Tenochtitl\u00e1n","description":"M\u00c9XICO TENOCHTITL\u00c1N. \/ Francisco Mata Rosas. Ediciones Era ; CONACULTA ; FONCA ; Casa de las Im\u00e1genes , Difusi\u00f3n Cultural, 2005. ISBN : 9684116330.","robots":{"index":"index","follow":"follow","max-snippet":"max-snippet:-1","max-image-preview":"max-image-preview:large","max-video-preview":"max-video-preview:-1"},"canonical":"https:\/\/booksfrommexico.com\/es\/producto\/mexico-tenochtitlan\/","og_locale":"es_ES","og_type":"article","og_title":"M\u00e9xico Tenochtitl\u00e1n","og_description":"M\u00c9XICO TENOCHTITL\u00c1N. \/ Francisco Mata Rosas. Ediciones Era ; CONACULTA ; FONCA ; Casa de las Im\u00e1genes , Difusi\u00f3n Cultural, 2005. ISBN : 9684116330.","og_url":"https:\/\/booksfrommexico.com\/es\/producto\/mexico-tenochtitlan\/","og_site_name":"Books From Mexico","article_modified_time":"2024-10-02T23:40:48+00:00","og_image":[{"width":623,"height":806,"url":"http:\/\/booksfrommexico.com\/app\/uploads\/2023\/05\/129095.jpeg","type":"image\/jpeg"}],"twitter_card":"summary_large_image","twitter_misc":{"Tiempo de lectura":"1 minuto"},"schema":{"@context":"https:\/\/schema.org","@graph":[{"@type":"WebPage","@id":"https:\/\/booksfrommexico.com\/es\/producto\/mexico-tenochtitlan\/","url":"https:\/\/booksfrommexico.com\/es\/producto\/mexico-tenochtitlan\/","name":"M\u00e9xico Tenochtitl\u00e1n","isPartOf":{"@id":"https:\/\/booksfrommexico.com\/#website"},"primaryImageOfPage":{"@id":"https:\/\/booksfrommexico.com\/es\/producto\/mexico-tenochtitlan\/#primaryimage"},"image":{"@id":"https:\/\/booksfrommexico.com\/es\/producto\/mexico-tenochtitlan\/#primaryimage"},"thumbnailUrl":"https:\/\/booksfrommexico.com\/app\/uploads\/2023\/05\/129095.jpeg","datePublished":"2023-05-08T17:03:51+00:00","dateModified":"2024-10-02T23:40:48+00:00","description":"M\u00c9XICO TENOCHTITL\u00c1N. \/ Francisco Mata Rosas. Ediciones Era ; CONACULTA ; FONCA ; Casa de las Im\u00e1genes , Difusi\u00f3n Cultural, 2005. ISBN : 9684116330.","breadcrumb":{"@id":"https:\/\/booksfrommexico.com\/es\/producto\/mexico-tenochtitlan\/#breadcrumb"},"inLanguage":"es","potentialAction":[{"@type":"ReadAction","target":["https:\/\/booksfrommexico.com\/es\/producto\/mexico-tenochtitlan\/"]}]},{"@type":"ImageObject","inLanguage":"es","@id":"https:\/\/booksfrommexico.com\/es\/producto\/mexico-tenochtitlan\/#primaryimage","url":"https:\/\/booksfrommexico.com\/app\/uploads\/2023\/05\/129095.jpeg","contentUrl":"https:\/\/booksfrommexico.com\/app\/uploads\/2023\/05\/129095.jpeg","width":623,"height":806},{"@type":"BreadcrumbList","@id":"https:\/\/booksfrommexico.com\/es\/producto\/mexico-tenochtitlan\/#breadcrumb","itemListElement":[{"@type":"ListItem","position":1,"name":"Home","item":"https:\/\/booksfrommexico.com\/es\/"},{"@type":"ListItem","position":2,"name":"Libros","item":"https:\/\/booksfrommexico.com\/es\/libros\/"},{"@type":"ListItem","position":3,"name":"M\u00e9xico Tenochtitl\u00e1n"}]},{"@type":"WebSite","@id":"https:\/\/booksfrommexico.com\/#website","url":"https:\/\/booksfrommexico.com\/","name":"Books From Mexico","description":"","publisher":{"@id":"https:\/\/booksfrommexico.com\/#organization"},"potentialAction":[{"@type":"SearchAction","target":{"@type":"EntryPoint","urlTemplate":"https:\/\/booksfrommexico.com\/?s={search_term_string}"},"query-input":{"@type":"PropertyValueSpecification","valueRequired":true,"valueName":"search_term_string"}}],"inLanguage":"es"},{"@type":"Organization","@id":"https:\/\/booksfrommexico.com\/#organization","name":"Books From Mexico","url":"https:\/\/booksfrommexico.com\/","logo":{"@type":"ImageObject","inLanguage":"es","@id":"https:\/\/booksfrommexico.com\/#\/schema\/logo\/image\/","url":"https:\/\/booksfrommexico.com\/app\/uploads\/2023\/05\/logo-booksfrommexico.svg","contentUrl":"https:\/\/booksfrommexico.com\/app\/uploads\/2023\/05\/logo-booksfrommexico.svg","width":86,"height":56,"caption":"Books From Mexico"},"image":{"@id":"https:\/\/booksfrommexico.com\/#\/schema\/logo\/image\/"}}]}},"_links":{"self":[{"href":"https:\/\/booksfrommexico.com\/es\/wp-json\/wp\/v2\/product\/551","targetHints":{"allow":["GET"]}}],"collection":[{"href":"https:\/\/booksfrommexico.com\/es\/wp-json\/wp\/v2\/product"}],"about":[{"href":"https:\/\/booksfrommexico.com\/es\/wp-json\/wp\/v2\/types\/product"}],"wp:featuredmedia":[{"embeddable":true,"href":"https:\/\/booksfrommexico.com\/es\/wp-json\/wp\/v2\/media\/550"}],"wp:attachment":[{"href":"https:\/\/booksfrommexico.com\/es\/wp-json\/wp\/v2\/media?parent=551"}],"wp:term":[{"taxonomy":"product_brand","embeddable":true,"href":"https:\/\/booksfrommexico.com\/es\/wp-json\/wp\/v2\/product_brand?post=551"},{"taxonomy":"product_cat","embeddable":true,"href":"https:\/\/booksfrommexico.com\/es\/wp-json\/wp\/v2\/product_cat?post=551"},{"taxonomy":"product_tag","embeddable":true,"href":"https:\/\/booksfrommexico.com\/es\/wp-json\/wp\/v2\/product_tag?post=551"}],"curies":[{"name":"wp","href":"https:\/\/api.w.org\/{rel}","templated":true}]}}