{"id":5513,"date":"2024-04-09T21:16:04","date_gmt":"2024-04-09T21:16:04","guid":{"rendered":"https:\/\/booksfrommexico.com\/product\/del-silencio-al-estruendo\/"},"modified":"2025-01-29T17:39:07","modified_gmt":"2025-01-29T17:39:07","slug":"del-silencio-al-estruendo","status":"publish","type":"product","link":"https:\/\/booksfrommexico.com\/es\/producto\/del-silencio-al-estruendo\/","title":{"rendered":"Del silencio al estruendo"},"content":{"rendered":"<p><span style=\"font-weight: 400;\">En los a\u00f1os m\u00e1s recientes la literatura escrita por mujeres ha cobrado un auge nunca antes visto, llegando a revistas, suplementos, sellos editoriales y publicaciones tanto f\u00edsicas y virtuales, deviniendo en lo que la autora considera publicaciones \u201csobrevaloradas\u201d. Este juicio se basa en su inter\u00e9s por conocer a las escritoras y discernir si la literatura femenina es diferente a la de los hombres, y si lo es, en qu\u00e9 consiste esta diferencia. El objetivo de este ensayo-investigaci\u00f3n es saber de qu\u00e9 est\u00e1 compuesto el universo de las escritoras y sus escrituras, rescatando un amplio panorama de lo que han hecho a lo largo de la historia, en diferentes culturas y c\u00f3mo ha cambiado con los a\u00f1os.<\/span><\/p>\n","protected":false},"excerpt":{"rendered":"<p>DEL SILENCIO AL ESTRUENDO : CAMBIOS EN LA ESCRITURA DE LAS MUJERES A TRAV\u00c9S DEL TIEMPO<span style=\"font-weight: 400;\">. \/ Sara Sefchovich. Ciudad de M\u00e9xico, M\u00e9xico : Universidad Nacional Aut\u00f3noma de M\u00e9xico , Direcci\u00f3n General de Publicaciones y Fomento Editorial, 2020. 122 pages : includes references, bibliography ; 21 cm. (Serie El Estudio). ISBN : 9786073032216.<\/span><\/p>\n","protected":false},"featured_media":5537,"template":"","meta":{"_acf_changed":false,"inline_featured_image":false},"product_brand":[],"product_cat":[52,25],"product_tag":[3944,4225],"class_list":{"0":"post-5513","1":"product","2":"type-product","3":"status-publish","4":"has-post-thumbnail","6":"product_cat-critica-literaria","7":"product_cat-literatura","8":"product_tag-feminismo-en-la-literatura","9":"product_tag-mujeres-literatura","11":"first","12":"instock","13":"taxable","14":"shipping-taxable","15":"purchasable","16":"product-type-simple"},"acf":[],"yoast_head":"<!-- This site is optimized with the Yoast SEO plugin v27.4 - https:\/\/yoast.com\/product\/yoast-seo-wordpress\/ -->\n<title>Del silencio al estruendo<\/title>\n<meta name=\"description\" content=\"DEL SILENCIO AL ESTRUENDO : CAMBIOS EN LA ESCRITURA DE LAS MUJERES A TRAV\u00c9S DEL TIEMPO. \/ Sara Sefchocich. UNAM. (Serie El Estudio). 2020.\" \/>\n<meta name=\"robots\" content=\"index, follow, max-snippet:-1, max-image-preview:large, max-video-preview:-1\" \/>\n<link rel=\"canonical\" href=\"https:\/\/booksfrommexico.com\/es\/producto\/del-silencio-al-estruendo\/\" \/>\n<meta property=\"og:locale\" content=\"es_ES\" \/>\n<meta property=\"og:type\" content=\"article\" \/>\n<meta property=\"og:title\" content=\"Del silencio al estruendo\" \/>\n<meta property=\"og:description\" content=\"DEL SILENCIO AL ESTRUENDO : CAMBIOS EN LA ESCRITURA DE LAS MUJERES A TRAV\u00c9S DEL TIEMPO. \/ Sara Sefchocich. UNAM. (Serie El Estudio). 2020.\" \/>\n<meta property=\"og:url\" content=\"https:\/\/booksfrommexico.com\/es\/producto\/del-silencio-al-estruendo\/\" \/>\n<meta property=\"og:site_name\" content=\"Books From Mexico\" \/>\n<meta property=\"article:modified_time\" content=\"2025-01-29T17:39:07+00:00\" \/>\n<meta property=\"og:image\" content=\"http:\/\/booksfrommexico.com\/app\/uploads\/2024\/04\/202054.jpeg\" \/>\n\t<meta property=\"og:image:width\" content=\"1632\" \/>\n\t<meta property=\"og:image:height\" content=\"2386\" \/>\n\t<meta property=\"og:image:type\" content=\"image\/jpeg\" \/>\n<meta name=\"twitter:card\" content=\"summary_large_image\" \/>\n<meta name=\"twitter:label1\" content=\"Tiempo de lectura\" \/>\n\t<meta name=\"twitter:data1\" content=\"1 minuto\" \/>\n<script type=\"application\/ld+json\" class=\"yoast-schema-graph\">{\"@context\":\"https:\\\/\\\/schema.org\",\"@graph\":[{\"@type\":\"WebPage\",\"@id\":\"https:\\\/\\\/booksfrommexico.com\\\/es\\\/producto\\\/del-silencio-al-estruendo\\\/\",\"url\":\"https:\\\/\\\/booksfrommexico.com\\\/es\\\/producto\\\/del-silencio-al-estruendo\\\/\",\"name\":\"Del silencio al estruendo\",\"isPartOf\":{\"@id\":\"https:\\\/\\\/booksfrommexico.com\\\/#website\"},\"primaryImageOfPage\":{\"@id\":\"https:\\\/\\\/booksfrommexico.com\\\/es\\\/producto\\\/del-silencio-al-estruendo\\\/#primaryimage\"},\"image\":{\"@id\":\"https:\\\/\\\/booksfrommexico.com\\\/es\\\/producto\\\/del-silencio-al-estruendo\\\/#primaryimage\"},\"thumbnailUrl\":\"https:\\\/\\\/booksfrommexico.com\\\/app\\\/uploads\\\/2024\\\/04\\\/202054.jpeg\",\"datePublished\":\"2024-04-09T21:16:04+00:00\",\"dateModified\":\"2025-01-29T17:39:07+00:00\",\"description\":\"DEL SILENCIO AL ESTRUENDO : CAMBIOS EN LA ESCRITURA DE LAS MUJERES A TRAV\u00c9S DEL TIEMPO. \\\/ Sara Sefchocich. UNAM. (Serie El Estudio). 2020.\",\"breadcrumb\":{\"@id\":\"https:\\\/\\\/booksfrommexico.com\\\/es\\\/producto\\\/del-silencio-al-estruendo\\\/#breadcrumb\"},\"inLanguage\":\"es\",\"potentialAction\":[{\"@type\":\"ReadAction\",\"target\":[\"https:\\\/\\\/booksfrommexico.com\\\/es\\\/producto\\\/del-silencio-al-estruendo\\\/\"]}]},{\"@type\":\"ImageObject\",\"inLanguage\":\"es\",\"@id\":\"https:\\\/\\\/booksfrommexico.com\\\/es\\\/producto\\\/del-silencio-al-estruendo\\\/#primaryimage\",\"url\":\"https:\\\/\\\/booksfrommexico.com\\\/app\\\/uploads\\\/2024\\\/04\\\/202054.jpeg\",\"contentUrl\":\"https:\\\/\\\/booksfrommexico.com\\\/app\\\/uploads\\\/2024\\\/04\\\/202054.jpeg\",\"width\":1632,\"height\":2386,\"caption\":\"del silencio al estruendo\"},{\"@type\":\"BreadcrumbList\",\"@id\":\"https:\\\/\\\/booksfrommexico.com\\\/es\\\/producto\\\/del-silencio-al-estruendo\\\/#breadcrumb\",\"itemListElement\":[{\"@type\":\"ListItem\",\"position\":1,\"name\":\"Home\",\"item\":\"https:\\\/\\\/booksfrommexico.com\\\/es\\\/\"},{\"@type\":\"ListItem\",\"position\":2,\"name\":\"Libros\",\"item\":\"https:\\\/\\\/booksfrommexico.com\\\/es\\\/libros\\\/\"},{\"@type\":\"ListItem\",\"position\":3,\"name\":\"Del silencio al estruendo\"}]},{\"@type\":\"WebSite\",\"@id\":\"https:\\\/\\\/booksfrommexico.com\\\/#website\",\"url\":\"https:\\\/\\\/booksfrommexico.com\\\/\",\"name\":\"Books From Mexico\",\"description\":\"\",\"publisher\":{\"@id\":\"https:\\\/\\\/booksfrommexico.com\\\/#organization\"},\"potentialAction\":[{\"@type\":\"SearchAction\",\"target\":{\"@type\":\"EntryPoint\",\"urlTemplate\":\"https:\\\/\\\/booksfrommexico.com\\\/?s={search_term_string}\"},\"query-input\":{\"@type\":\"PropertyValueSpecification\",\"valueRequired\":true,\"valueName\":\"search_term_string\"}}],\"inLanguage\":\"es\"},{\"@type\":\"Organization\",\"@id\":\"https:\\\/\\\/booksfrommexico.com\\\/#organization\",\"name\":\"Books From Mexico\",\"url\":\"https:\\\/\\\/booksfrommexico.com\\\/\",\"logo\":{\"@type\":\"ImageObject\",\"inLanguage\":\"es\",\"@id\":\"https:\\\/\\\/booksfrommexico.com\\\/#\\\/schema\\\/logo\\\/image\\\/\",\"url\":\"https:\\\/\\\/booksfrommexico.com\\\/app\\\/uploads\\\/2023\\\/05\\\/logo-booksfrommexico.svg\",\"contentUrl\":\"https:\\\/\\\/booksfrommexico.com\\\/app\\\/uploads\\\/2023\\\/05\\\/logo-booksfrommexico.svg\",\"width\":86,\"height\":56,\"caption\":\"Books From Mexico\"},\"image\":{\"@id\":\"https:\\\/\\\/booksfrommexico.com\\\/#\\\/schema\\\/logo\\\/image\\\/\"}}]}<\/script>\n<!-- \/ Yoast SEO plugin. -->","yoast_head_json":{"title":"Del silencio al estruendo","description":"DEL SILENCIO AL ESTRUENDO : CAMBIOS EN LA ESCRITURA DE LAS MUJERES A TRAV\u00c9S DEL TIEMPO. \/ Sara Sefchocich. UNAM. (Serie El Estudio). 2020.","robots":{"index":"index","follow":"follow","max-snippet":"max-snippet:-1","max-image-preview":"max-image-preview:large","max-video-preview":"max-video-preview:-1"},"canonical":"https:\/\/booksfrommexico.com\/es\/producto\/del-silencio-al-estruendo\/","og_locale":"es_ES","og_type":"article","og_title":"Del silencio al estruendo","og_description":"DEL SILENCIO AL ESTRUENDO : CAMBIOS EN LA ESCRITURA DE LAS MUJERES A TRAV\u00c9S DEL TIEMPO. \/ Sara Sefchocich. UNAM. (Serie El Estudio). 2020.","og_url":"https:\/\/booksfrommexico.com\/es\/producto\/del-silencio-al-estruendo\/","og_site_name":"Books From Mexico","article_modified_time":"2025-01-29T17:39:07+00:00","og_image":[{"width":1632,"height":2386,"url":"http:\/\/booksfrommexico.com\/app\/uploads\/2024\/04\/202054.jpeg","type":"image\/jpeg"}],"twitter_card":"summary_large_image","twitter_misc":{"Tiempo de lectura":"1 minuto"},"schema":{"@context":"https:\/\/schema.org","@graph":[{"@type":"WebPage","@id":"https:\/\/booksfrommexico.com\/es\/producto\/del-silencio-al-estruendo\/","url":"https:\/\/booksfrommexico.com\/es\/producto\/del-silencio-al-estruendo\/","name":"Del silencio al estruendo","isPartOf":{"@id":"https:\/\/booksfrommexico.com\/#website"},"primaryImageOfPage":{"@id":"https:\/\/booksfrommexico.com\/es\/producto\/del-silencio-al-estruendo\/#primaryimage"},"image":{"@id":"https:\/\/booksfrommexico.com\/es\/producto\/del-silencio-al-estruendo\/#primaryimage"},"thumbnailUrl":"https:\/\/booksfrommexico.com\/app\/uploads\/2024\/04\/202054.jpeg","datePublished":"2024-04-09T21:16:04+00:00","dateModified":"2025-01-29T17:39:07+00:00","description":"DEL SILENCIO AL ESTRUENDO : CAMBIOS EN LA ESCRITURA DE LAS MUJERES A TRAV\u00c9S DEL TIEMPO. \/ Sara Sefchocich. UNAM. (Serie El Estudio). 2020.","breadcrumb":{"@id":"https:\/\/booksfrommexico.com\/es\/producto\/del-silencio-al-estruendo\/#breadcrumb"},"inLanguage":"es","potentialAction":[{"@type":"ReadAction","target":["https:\/\/booksfrommexico.com\/es\/producto\/del-silencio-al-estruendo\/"]}]},{"@type":"ImageObject","inLanguage":"es","@id":"https:\/\/booksfrommexico.com\/es\/producto\/del-silencio-al-estruendo\/#primaryimage","url":"https:\/\/booksfrommexico.com\/app\/uploads\/2024\/04\/202054.jpeg","contentUrl":"https:\/\/booksfrommexico.com\/app\/uploads\/2024\/04\/202054.jpeg","width":1632,"height":2386,"caption":"del silencio al estruendo"},{"@type":"BreadcrumbList","@id":"https:\/\/booksfrommexico.com\/es\/producto\/del-silencio-al-estruendo\/#breadcrumb","itemListElement":[{"@type":"ListItem","position":1,"name":"Home","item":"https:\/\/booksfrommexico.com\/es\/"},{"@type":"ListItem","position":2,"name":"Libros","item":"https:\/\/booksfrommexico.com\/es\/libros\/"},{"@type":"ListItem","position":3,"name":"Del silencio al estruendo"}]},{"@type":"WebSite","@id":"https:\/\/booksfrommexico.com\/#website","url":"https:\/\/booksfrommexico.com\/","name":"Books From Mexico","description":"","publisher":{"@id":"https:\/\/booksfrommexico.com\/#organization"},"potentialAction":[{"@type":"SearchAction","target":{"@type":"EntryPoint","urlTemplate":"https:\/\/booksfrommexico.com\/?s={search_term_string}"},"query-input":{"@type":"PropertyValueSpecification","valueRequired":true,"valueName":"search_term_string"}}],"inLanguage":"es"},{"@type":"Organization","@id":"https:\/\/booksfrommexico.com\/#organization","name":"Books From Mexico","url":"https:\/\/booksfrommexico.com\/","logo":{"@type":"ImageObject","inLanguage":"es","@id":"https:\/\/booksfrommexico.com\/#\/schema\/logo\/image\/","url":"https:\/\/booksfrommexico.com\/app\/uploads\/2023\/05\/logo-booksfrommexico.svg","contentUrl":"https:\/\/booksfrommexico.com\/app\/uploads\/2023\/05\/logo-booksfrommexico.svg","width":86,"height":56,"caption":"Books From Mexico"},"image":{"@id":"https:\/\/booksfrommexico.com\/#\/schema\/logo\/image\/"}}]}},"_links":{"self":[{"href":"https:\/\/booksfrommexico.com\/es\/wp-json\/wp\/v2\/product\/5513","targetHints":{"allow":["GET"]}}],"collection":[{"href":"https:\/\/booksfrommexico.com\/es\/wp-json\/wp\/v2\/product"}],"about":[{"href":"https:\/\/booksfrommexico.com\/es\/wp-json\/wp\/v2\/types\/product"}],"wp:featuredmedia":[{"embeddable":true,"href":"https:\/\/booksfrommexico.com\/es\/wp-json\/wp\/v2\/media\/5537"}],"wp:attachment":[{"href":"https:\/\/booksfrommexico.com\/es\/wp-json\/wp\/v2\/media?parent=5513"}],"wp:term":[{"taxonomy":"product_brand","embeddable":true,"href":"https:\/\/booksfrommexico.com\/es\/wp-json\/wp\/v2\/product_brand?post=5513"},{"taxonomy":"product_cat","embeddable":true,"href":"https:\/\/booksfrommexico.com\/es\/wp-json\/wp\/v2\/product_cat?post=5513"},{"taxonomy":"product_tag","embeddable":true,"href":"https:\/\/booksfrommexico.com\/es\/wp-json\/wp\/v2\/product_tag?post=5513"}],"curies":[{"name":"wp","href":"https:\/\/api.w.org\/{rel}","templated":true}]}}