{"id":5514,"date":"2024-04-09T21:16:04","date_gmt":"2024-04-09T21:16:04","guid":{"rendered":"https:\/\/booksfrommexico.com\/product\/del-surco-a-la-troje\/"},"modified":"2024-04-11T21:40:03","modified_gmt":"2024-04-11T21:40:03","slug":"del-surco-a-la-troje","status":"publish","type":"product","link":"https:\/\/booksfrommexico.com\/es\/producto\/del-surco-a-la-troje\/","title":{"rendered":"Del surco a la troje"},"content":{"rendered":"<p><span style=\"font-weight: 400;\">Los mitos sobre el ma\u00edz son los m\u00e1s abundantes en la bibliograf\u00eda antropol\u00f3gica, en donde se trata de explicar su origen, d\u00e1ndole cualidades divinas, pues fue y es fundamental en la alimentaci\u00f3n. En esta antolog\u00eda se pueden encontrar relatos, canciones, refranes, escritos y testimonios mexicanos del siglo XX sobre el ma\u00edz, siendo gran parte de ellos de origen ind\u00edgena. Una caracter\u00edstica notable de estos textos es que, a pesar de venir de diferentes lenguas y lugares, guardan similitudes, a la vez que comparten un mismo tiempo y l\u00f3gica m\u00edticos, donde podr\u00eda parecer que crean im\u00e1genes, pero en realidad dan explicaci\u00f3n de sus or\u00edgenes, cultura y cosmovisi\u00f3n. <\/span><\/p>\n","protected":false},"excerpt":{"rendered":"<p>DEL SURCO A LA TROJE : MITOS Y TEXTOS SOBRE EL MA\u00cdZ<span style=\"font-weight: 400;\">. \/ Elisa Ram\u00edrez Casta\u00f1eda. Ciudad de M\u00e9xico, M\u00e9xico : Universidad Nacional Aut\u00f3noma de M\u00e9xico , Direcci\u00f3n General de Publicaciones y Fomento Editorial , Cultura UNAM, 2020. 160 pages includes : references, glosary, bibliography ; 23 cm. (Serie Pluralia). ISBN : 9786073038522 (UNAM) ; 9786077655381 (Pluralia).<\/span><\/p>\n","protected":false},"featured_media":5542,"template":"","meta":{"_acf_changed":false,"inline_featured_image":false},"product_brand":[],"product_cat":[25],"product_tag":[3880,3821,3587],"class_list":{"0":"post-5514","1":"product","2":"type-product","3":"status-publish","4":"has-post-thumbnail","6":"product_cat-literatura","7":"product_tag-identidad-cultural","8":"product_tag-literatura-hispanoamericana","9":"product_tag-prehispanico","11":"first","12":"instock","13":"taxable","14":"shipping-taxable","15":"purchasable","16":"product-type-simple"},"acf":[],"yoast_head":"<!-- This site is optimized with the Yoast SEO plugin v27.3 - https:\/\/yoast.com\/product\/yoast-seo-wordpress\/ -->\n<title>Del surco a la troje<\/title>\n<meta name=\"description\" content=\"DEL SURCO A LA TROJE : MITOS Y TEXTOS SOBRE EL MA\u00cdZ. \/ Elisa Ram\u00edrez Casta\u00f1eda. Direcci\u00f3n General de Publicaciones y Fomento Editorial , Cultura UNAM, 2020.\" \/>\n<meta name=\"robots\" content=\"index, follow, max-snippet:-1, max-image-preview:large, max-video-preview:-1\" \/>\n<link rel=\"canonical\" href=\"https:\/\/booksfrommexico.com\/es\/producto\/del-surco-a-la-troje\/\" \/>\n<meta property=\"og:locale\" content=\"es_ES\" \/>\n<meta property=\"og:type\" content=\"article\" \/>\n<meta property=\"og:title\" content=\"Del surco a la troje\" \/>\n<meta property=\"og:description\" content=\"DEL SURCO A LA TROJE : MITOS Y TEXTOS SOBRE EL MA\u00cdZ. \/ Elisa Ram\u00edrez Casta\u00f1eda. Direcci\u00f3n General de Publicaciones y Fomento Editorial , Cultura UNAM, 2020.\" \/>\n<meta property=\"og:url\" content=\"https:\/\/booksfrommexico.com\/es\/producto\/del-surco-a-la-troje\/\" \/>\n<meta property=\"og:site_name\" content=\"Books From Mexico\" \/>\n<meta property=\"article:modified_time\" content=\"2024-04-11T21:40:03+00:00\" \/>\n<meta property=\"og:image\" content=\"http:\/\/booksfrommexico.com\/app\/uploads\/2024\/04\/193273.jpeg\" \/>\n\t<meta property=\"og:image:width\" content=\"1808\" \/>\n\t<meta property=\"og:image:height\" content=\"2612\" \/>\n\t<meta property=\"og:image:type\" content=\"image\/jpeg\" \/>\n<meta name=\"twitter:card\" content=\"summary_large_image\" \/>\n<meta name=\"twitter:label1\" content=\"Tiempo de lectura\" \/>\n\t<meta name=\"twitter:data1\" content=\"1 minuto\" \/>\n<script type=\"application\/ld+json\" class=\"yoast-schema-graph\">{\"@context\":\"https:\\\/\\\/schema.org\",\"@graph\":[{\"@type\":\"WebPage\",\"@id\":\"https:\\\/\\\/booksfrommexico.com\\\/es\\\/producto\\\/del-surco-a-la-troje\\\/\",\"url\":\"https:\\\/\\\/booksfrommexico.com\\\/es\\\/producto\\\/del-surco-a-la-troje\\\/\",\"name\":\"Del surco a la troje\",\"isPartOf\":{\"@id\":\"https:\\\/\\\/booksfrommexico.com\\\/#website\"},\"primaryImageOfPage\":{\"@id\":\"https:\\\/\\\/booksfrommexico.com\\\/es\\\/producto\\\/del-surco-a-la-troje\\\/#primaryimage\"},\"image\":{\"@id\":\"https:\\\/\\\/booksfrommexico.com\\\/es\\\/producto\\\/del-surco-a-la-troje\\\/#primaryimage\"},\"thumbnailUrl\":\"https:\\\/\\\/booksfrommexico.com\\\/app\\\/uploads\\\/2024\\\/04\\\/193273.jpeg\",\"datePublished\":\"2024-04-09T21:16:04+00:00\",\"dateModified\":\"2024-04-11T21:40:03+00:00\",\"description\":\"DEL SURCO A LA TROJE : MITOS Y TEXTOS SOBRE EL MA\u00cdZ. \\\/ Elisa Ram\u00edrez Casta\u00f1eda. Direcci\u00f3n General de Publicaciones y Fomento Editorial , Cultura UNAM, 2020.\",\"breadcrumb\":{\"@id\":\"https:\\\/\\\/booksfrommexico.com\\\/es\\\/producto\\\/del-surco-a-la-troje\\\/#breadcrumb\"},\"inLanguage\":\"es\",\"potentialAction\":[{\"@type\":\"ReadAction\",\"target\":[\"https:\\\/\\\/booksfrommexico.com\\\/es\\\/producto\\\/del-surco-a-la-troje\\\/\"]}]},{\"@type\":\"ImageObject\",\"inLanguage\":\"es\",\"@id\":\"https:\\\/\\\/booksfrommexico.com\\\/es\\\/producto\\\/del-surco-a-la-troje\\\/#primaryimage\",\"url\":\"https:\\\/\\\/booksfrommexico.com\\\/app\\\/uploads\\\/2024\\\/04\\\/193273.jpeg\",\"contentUrl\":\"https:\\\/\\\/booksfrommexico.com\\\/app\\\/uploads\\\/2024\\\/04\\\/193273.jpeg\",\"width\":1808,\"height\":2612,\"caption\":\"Del surco a la troje\"},{\"@type\":\"BreadcrumbList\",\"@id\":\"https:\\\/\\\/booksfrommexico.com\\\/es\\\/producto\\\/del-surco-a-la-troje\\\/#breadcrumb\",\"itemListElement\":[{\"@type\":\"ListItem\",\"position\":1,\"name\":\"Home\",\"item\":\"https:\\\/\\\/booksfrommexico.com\\\/es\\\/\"},{\"@type\":\"ListItem\",\"position\":2,\"name\":\"Libros\",\"item\":\"https:\\\/\\\/booksfrommexico.com\\\/es\\\/libros\\\/\"},{\"@type\":\"ListItem\",\"position\":3,\"name\":\"Del surco a la troje\"}]},{\"@type\":\"WebSite\",\"@id\":\"https:\\\/\\\/booksfrommexico.com\\\/#website\",\"url\":\"https:\\\/\\\/booksfrommexico.com\\\/\",\"name\":\"Books From Mexico\",\"description\":\"\",\"publisher\":{\"@id\":\"https:\\\/\\\/booksfrommexico.com\\\/#organization\"},\"potentialAction\":[{\"@type\":\"SearchAction\",\"target\":{\"@type\":\"EntryPoint\",\"urlTemplate\":\"https:\\\/\\\/booksfrommexico.com\\\/?s={search_term_string}\"},\"query-input\":{\"@type\":\"PropertyValueSpecification\",\"valueRequired\":true,\"valueName\":\"search_term_string\"}}],\"inLanguage\":\"es\"},{\"@type\":\"Organization\",\"@id\":\"https:\\\/\\\/booksfrommexico.com\\\/#organization\",\"name\":\"Books From Mexico\",\"url\":\"https:\\\/\\\/booksfrommexico.com\\\/\",\"logo\":{\"@type\":\"ImageObject\",\"inLanguage\":\"es\",\"@id\":\"https:\\\/\\\/booksfrommexico.com\\\/#\\\/schema\\\/logo\\\/image\\\/\",\"url\":\"https:\\\/\\\/booksfrommexico.com\\\/app\\\/uploads\\\/2023\\\/05\\\/logo-booksfrommexico.svg\",\"contentUrl\":\"https:\\\/\\\/booksfrommexico.com\\\/app\\\/uploads\\\/2023\\\/05\\\/logo-booksfrommexico.svg\",\"width\":86,\"height\":56,\"caption\":\"Books From Mexico\"},\"image\":{\"@id\":\"https:\\\/\\\/booksfrommexico.com\\\/#\\\/schema\\\/logo\\\/image\\\/\"}}]}<\/script>\n<!-- \/ Yoast SEO plugin. -->","yoast_head_json":{"title":"Del surco a la troje","description":"DEL SURCO A LA TROJE : MITOS Y TEXTOS SOBRE EL MA\u00cdZ. \/ Elisa Ram\u00edrez Casta\u00f1eda. Direcci\u00f3n General de Publicaciones y Fomento Editorial , Cultura UNAM, 2020.","robots":{"index":"index","follow":"follow","max-snippet":"max-snippet:-1","max-image-preview":"max-image-preview:large","max-video-preview":"max-video-preview:-1"},"canonical":"https:\/\/booksfrommexico.com\/es\/producto\/del-surco-a-la-troje\/","og_locale":"es_ES","og_type":"article","og_title":"Del surco a la troje","og_description":"DEL SURCO A LA TROJE : MITOS Y TEXTOS SOBRE EL MA\u00cdZ. \/ Elisa Ram\u00edrez Casta\u00f1eda. Direcci\u00f3n General de Publicaciones y Fomento Editorial , Cultura UNAM, 2020.","og_url":"https:\/\/booksfrommexico.com\/es\/producto\/del-surco-a-la-troje\/","og_site_name":"Books From Mexico","article_modified_time":"2024-04-11T21:40:03+00:00","og_image":[{"width":1808,"height":2612,"url":"http:\/\/booksfrommexico.com\/app\/uploads\/2024\/04\/193273.jpeg","type":"image\/jpeg"}],"twitter_card":"summary_large_image","twitter_misc":{"Tiempo de lectura":"1 minuto"},"schema":{"@context":"https:\/\/schema.org","@graph":[{"@type":"WebPage","@id":"https:\/\/booksfrommexico.com\/es\/producto\/del-surco-a-la-troje\/","url":"https:\/\/booksfrommexico.com\/es\/producto\/del-surco-a-la-troje\/","name":"Del surco a la troje","isPartOf":{"@id":"https:\/\/booksfrommexico.com\/#website"},"primaryImageOfPage":{"@id":"https:\/\/booksfrommexico.com\/es\/producto\/del-surco-a-la-troje\/#primaryimage"},"image":{"@id":"https:\/\/booksfrommexico.com\/es\/producto\/del-surco-a-la-troje\/#primaryimage"},"thumbnailUrl":"https:\/\/booksfrommexico.com\/app\/uploads\/2024\/04\/193273.jpeg","datePublished":"2024-04-09T21:16:04+00:00","dateModified":"2024-04-11T21:40:03+00:00","description":"DEL SURCO A LA TROJE : MITOS Y TEXTOS SOBRE EL MA\u00cdZ. \/ Elisa Ram\u00edrez Casta\u00f1eda. Direcci\u00f3n General de Publicaciones y Fomento Editorial , Cultura UNAM, 2020.","breadcrumb":{"@id":"https:\/\/booksfrommexico.com\/es\/producto\/del-surco-a-la-troje\/#breadcrumb"},"inLanguage":"es","potentialAction":[{"@type":"ReadAction","target":["https:\/\/booksfrommexico.com\/es\/producto\/del-surco-a-la-troje\/"]}]},{"@type":"ImageObject","inLanguage":"es","@id":"https:\/\/booksfrommexico.com\/es\/producto\/del-surco-a-la-troje\/#primaryimage","url":"https:\/\/booksfrommexico.com\/app\/uploads\/2024\/04\/193273.jpeg","contentUrl":"https:\/\/booksfrommexico.com\/app\/uploads\/2024\/04\/193273.jpeg","width":1808,"height":2612,"caption":"Del surco a la troje"},{"@type":"BreadcrumbList","@id":"https:\/\/booksfrommexico.com\/es\/producto\/del-surco-a-la-troje\/#breadcrumb","itemListElement":[{"@type":"ListItem","position":1,"name":"Home","item":"https:\/\/booksfrommexico.com\/es\/"},{"@type":"ListItem","position":2,"name":"Libros","item":"https:\/\/booksfrommexico.com\/es\/libros\/"},{"@type":"ListItem","position":3,"name":"Del surco a la troje"}]},{"@type":"WebSite","@id":"https:\/\/booksfrommexico.com\/#website","url":"https:\/\/booksfrommexico.com\/","name":"Books From Mexico","description":"","publisher":{"@id":"https:\/\/booksfrommexico.com\/#organization"},"potentialAction":[{"@type":"SearchAction","target":{"@type":"EntryPoint","urlTemplate":"https:\/\/booksfrommexico.com\/?s={search_term_string}"},"query-input":{"@type":"PropertyValueSpecification","valueRequired":true,"valueName":"search_term_string"}}],"inLanguage":"es"},{"@type":"Organization","@id":"https:\/\/booksfrommexico.com\/#organization","name":"Books From Mexico","url":"https:\/\/booksfrommexico.com\/","logo":{"@type":"ImageObject","inLanguage":"es","@id":"https:\/\/booksfrommexico.com\/#\/schema\/logo\/image\/","url":"https:\/\/booksfrommexico.com\/app\/uploads\/2023\/05\/logo-booksfrommexico.svg","contentUrl":"https:\/\/booksfrommexico.com\/app\/uploads\/2023\/05\/logo-booksfrommexico.svg","width":86,"height":56,"caption":"Books From Mexico"},"image":{"@id":"https:\/\/booksfrommexico.com\/#\/schema\/logo\/image\/"}}]}},"_links":{"self":[{"href":"https:\/\/booksfrommexico.com\/es\/wp-json\/wp\/v2\/product\/5514","targetHints":{"allow":["GET"]}}],"collection":[{"href":"https:\/\/booksfrommexico.com\/es\/wp-json\/wp\/v2\/product"}],"about":[{"href":"https:\/\/booksfrommexico.com\/es\/wp-json\/wp\/v2\/types\/product"}],"wp:featuredmedia":[{"embeddable":true,"href":"https:\/\/booksfrommexico.com\/es\/wp-json\/wp\/v2\/media\/5542"}],"wp:attachment":[{"href":"https:\/\/booksfrommexico.com\/es\/wp-json\/wp\/v2\/media?parent=5514"}],"wp:term":[{"taxonomy":"product_brand","embeddable":true,"href":"https:\/\/booksfrommexico.com\/es\/wp-json\/wp\/v2\/product_brand?post=5514"},{"taxonomy":"product_cat","embeddable":true,"href":"https:\/\/booksfrommexico.com\/es\/wp-json\/wp\/v2\/product_cat?post=5514"},{"taxonomy":"product_tag","embeddable":true,"href":"https:\/\/booksfrommexico.com\/es\/wp-json\/wp\/v2\/product_tag?post=5514"}],"curies":[{"name":"wp","href":"https:\/\/api.w.org\/{rel}","templated":true}]}}