{"id":5515,"date":"2024-04-09T21:16:04","date_gmt":"2024-04-09T21:16:04","guid":{"rendered":"https:\/\/booksfrommexico.com\/product\/el-encanto-de-la-sirena\/"},"modified":"2024-04-11T23:38:44","modified_gmt":"2024-04-11T23:38:44","slug":"el-encanto-de-la-sirena","status":"publish","type":"product","link":"https:\/\/booksfrommexico.com\/es\/producto\/el-encanto-de-la-sirena\/","title":{"rendered":"El encanto de la sirena"},"content":{"rendered":"<p><span style=\"font-weight: 400;\">A trav\u00e9s del an\u00e1lisis de los materiales orales recopilados en la comunidad, la autora revela la construcci\u00f3n social de lo que denomina \u201ccomplejo cultural lago-mujer\u201d. Se ofrece una mirada al proceso de adaptaci\u00f3n a la realidad actual de los pobladores de Zirahu\u00e9n, al igual que muchos elementos y caracter\u00edsticas de las deidades prehisp\u00e1nicas femeninas asociadas al agua. En este trabajo de investigaci\u00f3n se presenta una propuesta te\u00f3rica y metodol\u00f3gica para estudiar materiales orales circunscritos a un contexto cultural espec\u00edfico, a trav\u00e9s de dos v\u00edas te\u00f3rico-metodol\u00f3gicas como gu\u00eda para las artes verbales y la cosmovisi\u00f3n mesoamericana. <\/span><\/p>\n","protected":false},"excerpt":{"rendered":"<div>Granados V\u00e1zquez, Berenice, EL ENCANTO DE LA SIRENA : ARTES VERBALES Y COSMOVISI\u00d3N EN TORNO AL LAGO DE ZIRAHU\u00c9N. \/ Berenice Granados V\u00e1zquez. Morelia, Michoac\u00e1n : Laboratorio Nacional de Materiales Orales, Escuela Nacional de Estudios Superiores, Unidad Morelia , 2019. 457 pages : illustrations; 22 cm. Bibliography: pages 440-457. Includes bibliographic references (Estudios) 9786073018593 (volumen) ; 9786073018395 (colecci\u00f3n).<\/div>\n","protected":false},"featured_media":5527,"template":"","meta":{"_acf_changed":false,"inline_featured_image":false},"product_brand":[],"product_cat":[19,66,372],"product_tag":[4054,4101],"class_list":{"0":"post-5515","1":"product","2":"type-product","3":"status-publish","4":"has-post-thumbnail","6":"product_cat-antropologia","7":"product_cat-sociocultural","8":"product_cat-tradiciones-culturales","9":"product_tag-antropologia-es","10":"product_tag-mujeres-es","12":"first","13":"instock","14":"taxable","15":"shipping-taxable","16":"purchasable","17":"product-type-simple"},"acf":[],"yoast_head":"<!-- This site is optimized with the Yoast SEO plugin v27.3 - https:\/\/yoast.com\/product\/yoast-seo-wordpress\/ -->\n<title>El encanto de la sirena<\/title>\n<meta name=\"description\" content=\"EL ENCANTO DE LA SIRENA : ARTES VERBALES Y COSMOVISI\u00d3N EN TORNO AL LAGO DE ZIRAHU\u00c9N. \/ Berenice Granados V\u00e1zquez. UNAM, 9786073018593 9786073018395\" \/>\n<meta name=\"robots\" content=\"index, follow, max-snippet:-1, max-image-preview:large, max-video-preview:-1\" \/>\n<link rel=\"canonical\" href=\"https:\/\/booksfrommexico.com\/es\/producto\/el-encanto-de-la-sirena\/\" \/>\n<meta property=\"og:locale\" content=\"es_ES\" \/>\n<meta property=\"og:type\" content=\"article\" \/>\n<meta property=\"og:title\" content=\"El encanto de la sirena\" \/>\n<meta property=\"og:description\" content=\"EL ENCANTO DE LA SIRENA : ARTES VERBALES Y COSMOVISI\u00d3N EN TORNO AL LAGO DE ZIRAHU\u00c9N. \/ Berenice Granados V\u00e1zquez. UNAM, 9786073018593 9786073018395\" \/>\n<meta property=\"og:url\" content=\"https:\/\/booksfrommexico.com\/es\/producto\/el-encanto-de-la-sirena\/\" \/>\n<meta property=\"og:site_name\" content=\"Books From Mexico\" \/>\n<meta property=\"article:modified_time\" content=\"2024-04-11T23:38:44+00:00\" \/>\n<meta property=\"og:image\" content=\"http:\/\/booksfrommexico.com\/app\/uploads\/2024\/04\/202074.jpeg\" \/>\n\t<meta property=\"og:image:width\" content=\"1856\" \/>\n\t<meta property=\"og:image:height\" content=\"2563\" \/>\n\t<meta property=\"og:image:type\" content=\"image\/jpeg\" \/>\n<meta name=\"twitter:card\" content=\"summary_large_image\" \/>\n<meta name=\"twitter:label1\" content=\"Tiempo de lectura\" \/>\n\t<meta name=\"twitter:data1\" content=\"1 minuto\" \/>\n<script type=\"application\/ld+json\" class=\"yoast-schema-graph\">{\"@context\":\"https:\\\/\\\/schema.org\",\"@graph\":[{\"@type\":\"WebPage\",\"@id\":\"https:\\\/\\\/booksfrommexico.com\\\/es\\\/producto\\\/el-encanto-de-la-sirena\\\/\",\"url\":\"https:\\\/\\\/booksfrommexico.com\\\/es\\\/producto\\\/el-encanto-de-la-sirena\\\/\",\"name\":\"El encanto de la sirena\",\"isPartOf\":{\"@id\":\"https:\\\/\\\/booksfrommexico.com\\\/#website\"},\"primaryImageOfPage\":{\"@id\":\"https:\\\/\\\/booksfrommexico.com\\\/es\\\/producto\\\/el-encanto-de-la-sirena\\\/#primaryimage\"},\"image\":{\"@id\":\"https:\\\/\\\/booksfrommexico.com\\\/es\\\/producto\\\/el-encanto-de-la-sirena\\\/#primaryimage\"},\"thumbnailUrl\":\"https:\\\/\\\/booksfrommexico.com\\\/app\\\/uploads\\\/2024\\\/04\\\/202074.jpeg\",\"datePublished\":\"2024-04-09T21:16:04+00:00\",\"dateModified\":\"2024-04-11T23:38:44+00:00\",\"description\":\"EL ENCANTO DE LA SIRENA : ARTES VERBALES Y COSMOVISI\u00d3N EN TORNO AL LAGO DE ZIRAHU\u00c9N. \\\/ Berenice Granados V\u00e1zquez. UNAM, 9786073018593 9786073018395\",\"breadcrumb\":{\"@id\":\"https:\\\/\\\/booksfrommexico.com\\\/es\\\/producto\\\/el-encanto-de-la-sirena\\\/#breadcrumb\"},\"inLanguage\":\"es\",\"potentialAction\":[{\"@type\":\"ReadAction\",\"target\":[\"https:\\\/\\\/booksfrommexico.com\\\/es\\\/producto\\\/el-encanto-de-la-sirena\\\/\"]}]},{\"@type\":\"ImageObject\",\"inLanguage\":\"es\",\"@id\":\"https:\\\/\\\/booksfrommexico.com\\\/es\\\/producto\\\/el-encanto-de-la-sirena\\\/#primaryimage\",\"url\":\"https:\\\/\\\/booksfrommexico.com\\\/app\\\/uploads\\\/2024\\\/04\\\/202074.jpeg\",\"contentUrl\":\"https:\\\/\\\/booksfrommexico.com\\\/app\\\/uploads\\\/2024\\\/04\\\/202074.jpeg\",\"width\":1856,\"height\":2563,\"caption\":\"EL ENCANTO DE LA SIRENA\"},{\"@type\":\"BreadcrumbList\",\"@id\":\"https:\\\/\\\/booksfrommexico.com\\\/es\\\/producto\\\/el-encanto-de-la-sirena\\\/#breadcrumb\",\"itemListElement\":[{\"@type\":\"ListItem\",\"position\":1,\"name\":\"Home\",\"item\":\"https:\\\/\\\/booksfrommexico.com\\\/es\\\/\"},{\"@type\":\"ListItem\",\"position\":2,\"name\":\"Libros\",\"item\":\"https:\\\/\\\/booksfrommexico.com\\\/es\\\/libros\\\/\"},{\"@type\":\"ListItem\",\"position\":3,\"name\":\"El encanto de la sirena\"}]},{\"@type\":\"WebSite\",\"@id\":\"https:\\\/\\\/booksfrommexico.com\\\/#website\",\"url\":\"https:\\\/\\\/booksfrommexico.com\\\/\",\"name\":\"Books From Mexico\",\"description\":\"\",\"publisher\":{\"@id\":\"https:\\\/\\\/booksfrommexico.com\\\/#organization\"},\"potentialAction\":[{\"@type\":\"SearchAction\",\"target\":{\"@type\":\"EntryPoint\",\"urlTemplate\":\"https:\\\/\\\/booksfrommexico.com\\\/?s={search_term_string}\"},\"query-input\":{\"@type\":\"PropertyValueSpecification\",\"valueRequired\":true,\"valueName\":\"search_term_string\"}}],\"inLanguage\":\"es\"},{\"@type\":\"Organization\",\"@id\":\"https:\\\/\\\/booksfrommexico.com\\\/#organization\",\"name\":\"Books From Mexico\",\"url\":\"https:\\\/\\\/booksfrommexico.com\\\/\",\"logo\":{\"@type\":\"ImageObject\",\"inLanguage\":\"es\",\"@id\":\"https:\\\/\\\/booksfrommexico.com\\\/#\\\/schema\\\/logo\\\/image\\\/\",\"url\":\"https:\\\/\\\/booksfrommexico.com\\\/app\\\/uploads\\\/2023\\\/05\\\/logo-booksfrommexico.svg\",\"contentUrl\":\"https:\\\/\\\/booksfrommexico.com\\\/app\\\/uploads\\\/2023\\\/05\\\/logo-booksfrommexico.svg\",\"width\":86,\"height\":56,\"caption\":\"Books From Mexico\"},\"image\":{\"@id\":\"https:\\\/\\\/booksfrommexico.com\\\/#\\\/schema\\\/logo\\\/image\\\/\"}}]}<\/script>\n<!-- \/ Yoast SEO plugin. -->","yoast_head_json":{"title":"El encanto de la sirena","description":"EL ENCANTO DE LA SIRENA : ARTES VERBALES Y COSMOVISI\u00d3N EN TORNO AL LAGO DE ZIRAHU\u00c9N. \/ Berenice Granados V\u00e1zquez. UNAM, 9786073018593 9786073018395","robots":{"index":"index","follow":"follow","max-snippet":"max-snippet:-1","max-image-preview":"max-image-preview:large","max-video-preview":"max-video-preview:-1"},"canonical":"https:\/\/booksfrommexico.com\/es\/producto\/el-encanto-de-la-sirena\/","og_locale":"es_ES","og_type":"article","og_title":"El encanto de la sirena","og_description":"EL ENCANTO DE LA SIRENA : ARTES VERBALES Y COSMOVISI\u00d3N EN TORNO AL LAGO DE ZIRAHU\u00c9N. \/ Berenice Granados V\u00e1zquez. UNAM, 9786073018593 9786073018395","og_url":"https:\/\/booksfrommexico.com\/es\/producto\/el-encanto-de-la-sirena\/","og_site_name":"Books From Mexico","article_modified_time":"2024-04-11T23:38:44+00:00","og_image":[{"width":1856,"height":2563,"url":"http:\/\/booksfrommexico.com\/app\/uploads\/2024\/04\/202074.jpeg","type":"image\/jpeg"}],"twitter_card":"summary_large_image","twitter_misc":{"Tiempo de lectura":"1 minuto"},"schema":{"@context":"https:\/\/schema.org","@graph":[{"@type":"WebPage","@id":"https:\/\/booksfrommexico.com\/es\/producto\/el-encanto-de-la-sirena\/","url":"https:\/\/booksfrommexico.com\/es\/producto\/el-encanto-de-la-sirena\/","name":"El encanto de la sirena","isPartOf":{"@id":"https:\/\/booksfrommexico.com\/#website"},"primaryImageOfPage":{"@id":"https:\/\/booksfrommexico.com\/es\/producto\/el-encanto-de-la-sirena\/#primaryimage"},"image":{"@id":"https:\/\/booksfrommexico.com\/es\/producto\/el-encanto-de-la-sirena\/#primaryimage"},"thumbnailUrl":"https:\/\/booksfrommexico.com\/app\/uploads\/2024\/04\/202074.jpeg","datePublished":"2024-04-09T21:16:04+00:00","dateModified":"2024-04-11T23:38:44+00:00","description":"EL ENCANTO DE LA SIRENA : ARTES VERBALES Y COSMOVISI\u00d3N EN TORNO AL LAGO DE ZIRAHU\u00c9N. \/ Berenice Granados V\u00e1zquez. UNAM, 9786073018593 9786073018395","breadcrumb":{"@id":"https:\/\/booksfrommexico.com\/es\/producto\/el-encanto-de-la-sirena\/#breadcrumb"},"inLanguage":"es","potentialAction":[{"@type":"ReadAction","target":["https:\/\/booksfrommexico.com\/es\/producto\/el-encanto-de-la-sirena\/"]}]},{"@type":"ImageObject","inLanguage":"es","@id":"https:\/\/booksfrommexico.com\/es\/producto\/el-encanto-de-la-sirena\/#primaryimage","url":"https:\/\/booksfrommexico.com\/app\/uploads\/2024\/04\/202074.jpeg","contentUrl":"https:\/\/booksfrommexico.com\/app\/uploads\/2024\/04\/202074.jpeg","width":1856,"height":2563,"caption":"EL ENCANTO DE LA SIRENA"},{"@type":"BreadcrumbList","@id":"https:\/\/booksfrommexico.com\/es\/producto\/el-encanto-de-la-sirena\/#breadcrumb","itemListElement":[{"@type":"ListItem","position":1,"name":"Home","item":"https:\/\/booksfrommexico.com\/es\/"},{"@type":"ListItem","position":2,"name":"Libros","item":"https:\/\/booksfrommexico.com\/es\/libros\/"},{"@type":"ListItem","position":3,"name":"El encanto de la sirena"}]},{"@type":"WebSite","@id":"https:\/\/booksfrommexico.com\/#website","url":"https:\/\/booksfrommexico.com\/","name":"Books From Mexico","description":"","publisher":{"@id":"https:\/\/booksfrommexico.com\/#organization"},"potentialAction":[{"@type":"SearchAction","target":{"@type":"EntryPoint","urlTemplate":"https:\/\/booksfrommexico.com\/?s={search_term_string}"},"query-input":{"@type":"PropertyValueSpecification","valueRequired":true,"valueName":"search_term_string"}}],"inLanguage":"es"},{"@type":"Organization","@id":"https:\/\/booksfrommexico.com\/#organization","name":"Books From Mexico","url":"https:\/\/booksfrommexico.com\/","logo":{"@type":"ImageObject","inLanguage":"es","@id":"https:\/\/booksfrommexico.com\/#\/schema\/logo\/image\/","url":"https:\/\/booksfrommexico.com\/app\/uploads\/2023\/05\/logo-booksfrommexico.svg","contentUrl":"https:\/\/booksfrommexico.com\/app\/uploads\/2023\/05\/logo-booksfrommexico.svg","width":86,"height":56,"caption":"Books From Mexico"},"image":{"@id":"https:\/\/booksfrommexico.com\/#\/schema\/logo\/image\/"}}]}},"_links":{"self":[{"href":"https:\/\/booksfrommexico.com\/es\/wp-json\/wp\/v2\/product\/5515","targetHints":{"allow":["GET"]}}],"collection":[{"href":"https:\/\/booksfrommexico.com\/es\/wp-json\/wp\/v2\/product"}],"about":[{"href":"https:\/\/booksfrommexico.com\/es\/wp-json\/wp\/v2\/types\/product"}],"wp:featuredmedia":[{"embeddable":true,"href":"https:\/\/booksfrommexico.com\/es\/wp-json\/wp\/v2\/media\/5527"}],"wp:attachment":[{"href":"https:\/\/booksfrommexico.com\/es\/wp-json\/wp\/v2\/media?parent=5515"}],"wp:term":[{"taxonomy":"product_brand","embeddable":true,"href":"https:\/\/booksfrommexico.com\/es\/wp-json\/wp\/v2\/product_brand?post=5515"},{"taxonomy":"product_cat","embeddable":true,"href":"https:\/\/booksfrommexico.com\/es\/wp-json\/wp\/v2\/product_cat?post=5515"},{"taxonomy":"product_tag","embeddable":true,"href":"https:\/\/booksfrommexico.com\/es\/wp-json\/wp\/v2\/product_tag?post=5515"}],"curies":[{"name":"wp","href":"https:\/\/api.w.org\/{rel}","templated":true}]}}