{"id":5516,"date":"2024-04-09T21:16:04","date_gmt":"2024-04-09T21:16:04","guid":{"rendered":"https:\/\/booksfrommexico.com\/product\/los-mundos-escolares-en-el-noreste-de-mxico\/"},"modified":"2024-05-31T18:18:30","modified_gmt":"2024-05-31T18:18:30","slug":"los-mundos-escolares-en-el-noreste-de-mxico","status":"publish","type":"product","link":"https:\/\/booksfrommexico.com\/es\/producto\/los-mundos-escolares-en-el-noreste-de-mxico\/","title":{"rendered":"Los mundos escolares en el noreste de M\u00e9xico"},"content":{"rendered":"<p><span style=\"font-weight: 400;\">En el noreste del pa\u00eds, la historia de la educaci\u00f3n comenz\u00f3 a escribirse por profesionistas acad\u00e9micos hace menos de dos d\u00e9cadas, la cual <\/span><span style=\"font-weight: 400;\">\u2015<\/span><span style=\"font-weight: 400;\">pese a las tem\u00e1ticas y temporalidades abordadas, las propuestas te\u00f3ricas y metodol\u00f3gicas, as\u00ed como la particularidad de sus hallazgos<\/span><span style=\"font-weight: 400;\">\u2015<\/span><span style=\"font-weight: 400;\">, habla de un campo de investigaci\u00f3n en proceso de crecimiento y consolidaci\u00f3n. Este libro tiene como prop\u00f3sito general compilar y difundir investigaciones acad\u00e9micas recientes que analizan la realidad escolar en la regi\u00f3n del noreste de M\u00e9xico durante la primera mitad del siglo XX. Los seis trabajos que aqu\u00ed se compilan est\u00e1n centrados en dos \u00e1mbitos tem\u00e1ticos: la educaci\u00f3n rural y la educaci\u00f3n femenina.<\/span><\/p>\n","protected":false},"excerpt":{"rendered":"<p>LOS MUNDOS ESCOLARES EN EL NORESTE DE M\u00c9XICO : RURALIDAD Y G\u00c9NERO EN EL SIGLO XX<span style=\"font-weight: 400;\">. \/ M\u00f3nica Lizbeth Ch\u00e1vez Gonz\u00e1lez, Ren\u00e9 Medina Esquivel (coordinators). Morelia, Michoac\u00e1n, M\u00e9xico\u00a0 : Universidad Nacional Aut\u00f3noma de M\u00e9xico , Escuela Nacional de Estudios Superiores , Unidad Morelia ; San Luis Potos\u00ed, M\u00e9xico : Benem\u00e9rita y Centenaria Escuela Normal del Estado de San Luis Potos\u00ed ; Universidad Pedag\u00f3gica Nacional, 2019. 195 pages : includes tables, photos, maps, bibliography at the end of each chapter ; 23 cm. ISBN : 9786077881285.<\/span><\/p>\n","protected":false},"featured_media":5548,"template":"","meta":{"_acf_changed":false,"inline_featured_image":false},"product_brand":[],"product_cat":[59,148],"product_tag":[4293,4209,4398,3978],"class_list":{"0":"post-5516","1":"product","2":"type-product","3":"status-publish","4":"has-post-thumbnail","6":"product_cat-educacion","7":"product_cat-estudios-sobre-las-mujeres-estudios-de-genero","8":"product_tag-educacion-basica","9":"product_tag-educacion-rural","10":"product_tag-historia-mexico","11":"product_tag-mujeres-trabajadoras","13":"first","14":"instock","15":"taxable","16":"shipping-taxable","17":"purchasable","18":"product-type-simple"},"acf":[],"yoast_head":"<!-- This site is optimized with the Yoast SEO plugin v27.3 - https:\/\/yoast.com\/product\/yoast-seo-wordpress\/ -->\n<title>Los mundos escolares en el noreste de M\u00e9xico<\/title>\n<meta name=\"description\" content=\"LOS MUNDOS ESCOLARES EN EL NORESTE DE M\u00c9XICO : RURALIDAD Y G\u00c9NERO EN EL SIGLO XX. \/ M\u00f3nica Lizbeth Ch\u00e1vez Gonz\u00e1lez, Ren\u00e9 Medina Esquivel (coordinators).\" \/>\n<meta name=\"robots\" content=\"index, follow, max-snippet:-1, max-image-preview:large, max-video-preview:-1\" \/>\n<link rel=\"canonical\" href=\"https:\/\/booksfrommexico.com\/es\/producto\/los-mundos-escolares-en-el-noreste-de-mxico\/\" \/>\n<meta property=\"og:locale\" content=\"es_ES\" \/>\n<meta property=\"og:type\" content=\"article\" \/>\n<meta property=\"og:title\" content=\"Los mundos escolares en el noreste de M\u00e9xico\" \/>\n<meta property=\"og:description\" content=\"LOS MUNDOS ESCOLARES EN EL NORESTE DE M\u00c9XICO : RURALIDAD Y G\u00c9NERO EN EL SIGLO XX. \/ M\u00f3nica Lizbeth Ch\u00e1vez Gonz\u00e1lez, Ren\u00e9 Medina Esquivel (coordinators).\" \/>\n<meta property=\"og:url\" content=\"https:\/\/booksfrommexico.com\/es\/producto\/los-mundos-escolares-en-el-noreste-de-mxico\/\" \/>\n<meta property=\"og:site_name\" content=\"Books From Mexico\" \/>\n<meta property=\"article:modified_time\" content=\"2024-05-31T18:18:30+00:00\" \/>\n<meta property=\"og:image\" content=\"http:\/\/booksfrommexico.com\/app\/uploads\/2024\/04\/202064.jpeg\" \/>\n\t<meta property=\"og:image:width\" content=\"1936\" \/>\n\t<meta property=\"og:image:height\" content=\"2678\" \/>\n\t<meta property=\"og:image:type\" content=\"image\/jpeg\" \/>\n<meta name=\"twitter:card\" content=\"summary_large_image\" \/>\n<meta name=\"twitter:label1\" content=\"Tiempo de lectura\" \/>\n\t<meta name=\"twitter:data1\" content=\"1 minuto\" \/>\n<script type=\"application\/ld+json\" class=\"yoast-schema-graph\">{\"@context\":\"https:\\\/\\\/schema.org\",\"@graph\":[{\"@type\":\"WebPage\",\"@id\":\"https:\\\/\\\/booksfrommexico.com\\\/es\\\/producto\\\/los-mundos-escolares-en-el-noreste-de-mxico\\\/\",\"url\":\"https:\\\/\\\/booksfrommexico.com\\\/es\\\/producto\\\/los-mundos-escolares-en-el-noreste-de-mxico\\\/\",\"name\":\"Los mundos escolares en el noreste de M\u00e9xico\",\"isPartOf\":{\"@id\":\"https:\\\/\\\/booksfrommexico.com\\\/#website\"},\"primaryImageOfPage\":{\"@id\":\"https:\\\/\\\/booksfrommexico.com\\\/es\\\/producto\\\/los-mundos-escolares-en-el-noreste-de-mxico\\\/#primaryimage\"},\"image\":{\"@id\":\"https:\\\/\\\/booksfrommexico.com\\\/es\\\/producto\\\/los-mundos-escolares-en-el-noreste-de-mxico\\\/#primaryimage\"},\"thumbnailUrl\":\"https:\\\/\\\/booksfrommexico.com\\\/app\\\/uploads\\\/2024\\\/04\\\/202064.jpeg\",\"datePublished\":\"2024-04-09T21:16:04+00:00\",\"dateModified\":\"2024-05-31T18:18:30+00:00\",\"description\":\"LOS MUNDOS ESCOLARES EN EL NORESTE DE M\u00c9XICO : RURALIDAD Y G\u00c9NERO EN EL SIGLO XX. \\\/ M\u00f3nica Lizbeth Ch\u00e1vez Gonz\u00e1lez, Ren\u00e9 Medina Esquivel (coordinators).\",\"breadcrumb\":{\"@id\":\"https:\\\/\\\/booksfrommexico.com\\\/es\\\/producto\\\/los-mundos-escolares-en-el-noreste-de-mxico\\\/#breadcrumb\"},\"inLanguage\":\"es\",\"potentialAction\":[{\"@type\":\"ReadAction\",\"target\":[\"https:\\\/\\\/booksfrommexico.com\\\/es\\\/producto\\\/los-mundos-escolares-en-el-noreste-de-mxico\\\/\"]}]},{\"@type\":\"ImageObject\",\"inLanguage\":\"es\",\"@id\":\"https:\\\/\\\/booksfrommexico.com\\\/es\\\/producto\\\/los-mundos-escolares-en-el-noreste-de-mxico\\\/#primaryimage\",\"url\":\"https:\\\/\\\/booksfrommexico.com\\\/app\\\/uploads\\\/2024\\\/04\\\/202064.jpeg\",\"contentUrl\":\"https:\\\/\\\/booksfrommexico.com\\\/app\\\/uploads\\\/2024\\\/04\\\/202064.jpeg\",\"width\":1936,\"height\":2678,\"caption\":\"los mundos escolares en el noreste de mexico\"},{\"@type\":\"BreadcrumbList\",\"@id\":\"https:\\\/\\\/booksfrommexico.com\\\/es\\\/producto\\\/los-mundos-escolares-en-el-noreste-de-mxico\\\/#breadcrumb\",\"itemListElement\":[{\"@type\":\"ListItem\",\"position\":1,\"name\":\"Home\",\"item\":\"https:\\\/\\\/booksfrommexico.com\\\/es\\\/\"},{\"@type\":\"ListItem\",\"position\":2,\"name\":\"Libros\",\"item\":\"https:\\\/\\\/booksfrommexico.com\\\/es\\\/libros\\\/\"},{\"@type\":\"ListItem\",\"position\":3,\"name\":\"Los mundos escolares en el noreste de M\u00e9xico\"}]},{\"@type\":\"WebSite\",\"@id\":\"https:\\\/\\\/booksfrommexico.com\\\/#website\",\"url\":\"https:\\\/\\\/booksfrommexico.com\\\/\",\"name\":\"Books From Mexico\",\"description\":\"\",\"publisher\":{\"@id\":\"https:\\\/\\\/booksfrommexico.com\\\/#organization\"},\"potentialAction\":[{\"@type\":\"SearchAction\",\"target\":{\"@type\":\"EntryPoint\",\"urlTemplate\":\"https:\\\/\\\/booksfrommexico.com\\\/?s={search_term_string}\"},\"query-input\":{\"@type\":\"PropertyValueSpecification\",\"valueRequired\":true,\"valueName\":\"search_term_string\"}}],\"inLanguage\":\"es\"},{\"@type\":\"Organization\",\"@id\":\"https:\\\/\\\/booksfrommexico.com\\\/#organization\",\"name\":\"Books From Mexico\",\"url\":\"https:\\\/\\\/booksfrommexico.com\\\/\",\"logo\":{\"@type\":\"ImageObject\",\"inLanguage\":\"es\",\"@id\":\"https:\\\/\\\/booksfrommexico.com\\\/#\\\/schema\\\/logo\\\/image\\\/\",\"url\":\"https:\\\/\\\/booksfrommexico.com\\\/app\\\/uploads\\\/2023\\\/05\\\/logo-booksfrommexico.svg\",\"contentUrl\":\"https:\\\/\\\/booksfrommexico.com\\\/app\\\/uploads\\\/2023\\\/05\\\/logo-booksfrommexico.svg\",\"width\":86,\"height\":56,\"caption\":\"Books From Mexico\"},\"image\":{\"@id\":\"https:\\\/\\\/booksfrommexico.com\\\/#\\\/schema\\\/logo\\\/image\\\/\"}}]}<\/script>\n<!-- \/ Yoast SEO plugin. -->","yoast_head_json":{"title":"Los mundos escolares en el noreste de M\u00e9xico","description":"LOS MUNDOS ESCOLARES EN EL NORESTE DE M\u00c9XICO : RURALIDAD Y G\u00c9NERO EN EL SIGLO XX. \/ M\u00f3nica Lizbeth Ch\u00e1vez Gonz\u00e1lez, Ren\u00e9 Medina Esquivel (coordinators).","robots":{"index":"index","follow":"follow","max-snippet":"max-snippet:-1","max-image-preview":"max-image-preview:large","max-video-preview":"max-video-preview:-1"},"canonical":"https:\/\/booksfrommexico.com\/es\/producto\/los-mundos-escolares-en-el-noreste-de-mxico\/","og_locale":"es_ES","og_type":"article","og_title":"Los mundos escolares en el noreste de M\u00e9xico","og_description":"LOS MUNDOS ESCOLARES EN EL NORESTE DE M\u00c9XICO : RURALIDAD Y G\u00c9NERO EN EL SIGLO XX. \/ M\u00f3nica Lizbeth Ch\u00e1vez Gonz\u00e1lez, Ren\u00e9 Medina Esquivel (coordinators).","og_url":"https:\/\/booksfrommexico.com\/es\/producto\/los-mundos-escolares-en-el-noreste-de-mxico\/","og_site_name":"Books From Mexico","article_modified_time":"2024-05-31T18:18:30+00:00","og_image":[{"width":1936,"height":2678,"url":"http:\/\/booksfrommexico.com\/app\/uploads\/2024\/04\/202064.jpeg","type":"image\/jpeg"}],"twitter_card":"summary_large_image","twitter_misc":{"Tiempo de lectura":"1 minuto"},"schema":{"@context":"https:\/\/schema.org","@graph":[{"@type":"WebPage","@id":"https:\/\/booksfrommexico.com\/es\/producto\/los-mundos-escolares-en-el-noreste-de-mxico\/","url":"https:\/\/booksfrommexico.com\/es\/producto\/los-mundos-escolares-en-el-noreste-de-mxico\/","name":"Los mundos escolares en el noreste de M\u00e9xico","isPartOf":{"@id":"https:\/\/booksfrommexico.com\/#website"},"primaryImageOfPage":{"@id":"https:\/\/booksfrommexico.com\/es\/producto\/los-mundos-escolares-en-el-noreste-de-mxico\/#primaryimage"},"image":{"@id":"https:\/\/booksfrommexico.com\/es\/producto\/los-mundos-escolares-en-el-noreste-de-mxico\/#primaryimage"},"thumbnailUrl":"https:\/\/booksfrommexico.com\/app\/uploads\/2024\/04\/202064.jpeg","datePublished":"2024-04-09T21:16:04+00:00","dateModified":"2024-05-31T18:18:30+00:00","description":"LOS MUNDOS ESCOLARES EN EL NORESTE DE M\u00c9XICO : RURALIDAD Y G\u00c9NERO EN EL SIGLO XX. \/ M\u00f3nica Lizbeth Ch\u00e1vez Gonz\u00e1lez, Ren\u00e9 Medina Esquivel (coordinators).","breadcrumb":{"@id":"https:\/\/booksfrommexico.com\/es\/producto\/los-mundos-escolares-en-el-noreste-de-mxico\/#breadcrumb"},"inLanguage":"es","potentialAction":[{"@type":"ReadAction","target":["https:\/\/booksfrommexico.com\/es\/producto\/los-mundos-escolares-en-el-noreste-de-mxico\/"]}]},{"@type":"ImageObject","inLanguage":"es","@id":"https:\/\/booksfrommexico.com\/es\/producto\/los-mundos-escolares-en-el-noreste-de-mxico\/#primaryimage","url":"https:\/\/booksfrommexico.com\/app\/uploads\/2024\/04\/202064.jpeg","contentUrl":"https:\/\/booksfrommexico.com\/app\/uploads\/2024\/04\/202064.jpeg","width":1936,"height":2678,"caption":"los mundos escolares en el noreste de mexico"},{"@type":"BreadcrumbList","@id":"https:\/\/booksfrommexico.com\/es\/producto\/los-mundos-escolares-en-el-noreste-de-mxico\/#breadcrumb","itemListElement":[{"@type":"ListItem","position":1,"name":"Home","item":"https:\/\/booksfrommexico.com\/es\/"},{"@type":"ListItem","position":2,"name":"Libros","item":"https:\/\/booksfrommexico.com\/es\/libros\/"},{"@type":"ListItem","position":3,"name":"Los mundos escolares en el noreste de M\u00e9xico"}]},{"@type":"WebSite","@id":"https:\/\/booksfrommexico.com\/#website","url":"https:\/\/booksfrommexico.com\/","name":"Books From Mexico","description":"","publisher":{"@id":"https:\/\/booksfrommexico.com\/#organization"},"potentialAction":[{"@type":"SearchAction","target":{"@type":"EntryPoint","urlTemplate":"https:\/\/booksfrommexico.com\/?s={search_term_string}"},"query-input":{"@type":"PropertyValueSpecification","valueRequired":true,"valueName":"search_term_string"}}],"inLanguage":"es"},{"@type":"Organization","@id":"https:\/\/booksfrommexico.com\/#organization","name":"Books From Mexico","url":"https:\/\/booksfrommexico.com\/","logo":{"@type":"ImageObject","inLanguage":"es","@id":"https:\/\/booksfrommexico.com\/#\/schema\/logo\/image\/","url":"https:\/\/booksfrommexico.com\/app\/uploads\/2023\/05\/logo-booksfrommexico.svg","contentUrl":"https:\/\/booksfrommexico.com\/app\/uploads\/2023\/05\/logo-booksfrommexico.svg","width":86,"height":56,"caption":"Books From Mexico"},"image":{"@id":"https:\/\/booksfrommexico.com\/#\/schema\/logo\/image\/"}}]}},"_links":{"self":[{"href":"https:\/\/booksfrommexico.com\/es\/wp-json\/wp\/v2\/product\/5516","targetHints":{"allow":["GET"]}}],"collection":[{"href":"https:\/\/booksfrommexico.com\/es\/wp-json\/wp\/v2\/product"}],"about":[{"href":"https:\/\/booksfrommexico.com\/es\/wp-json\/wp\/v2\/types\/product"}],"wp:featuredmedia":[{"embeddable":true,"href":"https:\/\/booksfrommexico.com\/es\/wp-json\/wp\/v2\/media\/5548"}],"wp:attachment":[{"href":"https:\/\/booksfrommexico.com\/es\/wp-json\/wp\/v2\/media?parent=5516"}],"wp:term":[{"taxonomy":"product_brand","embeddable":true,"href":"https:\/\/booksfrommexico.com\/es\/wp-json\/wp\/v2\/product_brand?post=5516"},{"taxonomy":"product_cat","embeddable":true,"href":"https:\/\/booksfrommexico.com\/es\/wp-json\/wp\/v2\/product_cat?post=5516"},{"taxonomy":"product_tag","embeddable":true,"href":"https:\/\/booksfrommexico.com\/es\/wp-json\/wp\/v2\/product_tag?post=5516"}],"curies":[{"name":"wp","href":"https:\/\/api.w.org\/{rel}","templated":true}]}}