{"id":5517,"date":"2024-04-09T21:16:04","date_gmt":"2024-04-09T21:16:04","guid":{"rendered":"https:\/\/booksfrommexico.com\/product\/mxico-mujeres-insurgentes-de-los-aos-70\/"},"modified":"2024-05-31T18:22:21","modified_gmt":"2024-05-31T18:22:21","slug":"mxico-mujeres-insurgentes-de-los-aos-70","status":"publish","type":"product","link":"https:\/\/booksfrommexico.com\/es\/producto\/mxico-mujeres-insurgentes-de-los-aos-70\/","title":{"rendered":"M\u00e9xico: Mujeres insurgentes de los a\u00f1os 70"},"content":{"rendered":"<p><span style=\"font-weight: 400;\">El proceso insurgente ocurrido en M\u00e9xico durante los a\u00f1os setenta se inserta en un contexto donde imperaba el autoritarismo, la discriminaci\u00f3n, la opresi\u00f3n y la inequidad en la naci\u00f3n. El objetivo de este trabajo es rescatar la historia de las mujeres insurgentes en los a\u00f1os setenta en M\u00e9xico, puesto que los pocos trabajos sobre la insurgencia en M\u00e9xico se centran en el quehacer de los hombres. Para comprender la compleja realidad social-pol\u00edtica actual de M\u00e9xico es necesario recuperar la \u00e9poca de la guerrilla y de la mal llamada \u201cguerra sucia\u201d emprendida contra ella, pues as\u00ed es posible llenar algunas de las lagunas en la historia de esos a\u00f1os, en particular la relevante participaci\u00f3n de las mujeres.\u00a0<\/span><\/p>\n","protected":false},"excerpt":{"rendered":"<p>M\u00c9XICO : MUJERES INSURGENTES DE LOS A\u00d1OS 70 : G\u00c9NERO Y LUCHA ARMADA<span style=\"font-weight: 400;\">. \/ Mar\u00eda de Jes\u00fas M\u00e9ndez Alvarado. Second edition. Cuernavaca, Morelos, M\u00e9xico : Universidad Nacional Aut\u00f3noma de M\u00e9xico , Centro Regional de Investigaciones Multidisciplinarias, 2023. 447 pages : includes references, tables, bibliography ; 23 cm. (Estudios de poblaci\u00f3n). ISBN : 9786073075923.<\/span><\/p>\n","protected":false},"featured_media":5564,"template":"","meta":{"_acf_changed":false,"inline_featured_image":false},"product_brand":[],"product_cat":[147,148,113],"product_tag":[4398,4256,4101,3627],"class_list":{"0":"post-5517","1":"product","2":"type-product","3":"status-publish","4":"has-post-thumbnail","6":"product_cat-estudios-de-genero","7":"product_cat-estudios-sobre-las-mujeres-estudios-de-genero","8":"product_cat-historia-social","9":"product_tag-historia-mexico","10":"product_tag-insurgencia","11":"product_tag-mujeres-es","12":"product_tag-politica-y-gobierno","14":"first","15":"instock","16":"taxable","17":"shipping-taxable","18":"purchasable","19":"product-type-simple"},"acf":[],"yoast_head":"<!-- This site is optimized with the Yoast SEO plugin v27.3 - https:\/\/yoast.com\/product\/yoast-seo-wordpress\/ -->\n<title>M\u00e9xico: Mujeres insurgentes de los a\u00f1os 70<\/title>\n<meta name=\"description\" content=\"M\u00c9XICO : MUJERES INSURGENTES DE LOS A\u00d1OS 70 : G\u00c9NERO Y LUCHA ARMADA. \/ Mar\u00eda de Jes\u00fas M\u00e9ndez Alvarado. Second edition. 2023. ISBN : 9786073075923.\" \/>\n<meta name=\"robots\" content=\"index, follow, max-snippet:-1, max-image-preview:large, max-video-preview:-1\" \/>\n<link rel=\"canonical\" href=\"https:\/\/booksfrommexico.com\/es\/producto\/mxico-mujeres-insurgentes-de-los-aos-70\/\" \/>\n<meta property=\"og:locale\" content=\"es_ES\" \/>\n<meta property=\"og:type\" content=\"article\" \/>\n<meta property=\"og:title\" content=\"M\u00e9xico: Mujeres insurgentes de los a\u00f1os 70\" \/>\n<meta property=\"og:description\" content=\"M\u00c9XICO : MUJERES INSURGENTES DE LOS A\u00d1OS 70 : G\u00c9NERO Y LUCHA ARMADA. \/ Mar\u00eda de Jes\u00fas M\u00e9ndez Alvarado. Second edition. 2023. ISBN : 9786073075923.\" \/>\n<meta property=\"og:url\" content=\"https:\/\/booksfrommexico.com\/es\/producto\/mxico-mujeres-insurgentes-de-los-aos-70\/\" \/>\n<meta property=\"og:site_name\" content=\"Books From Mexico\" \/>\n<meta property=\"article:modified_time\" content=\"2024-05-31T18:22:21+00:00\" \/>\n<meta property=\"og:image\" content=\"http:\/\/booksfrommexico.com\/app\/uploads\/2024\/04\/202063.jpeg\" \/>\n\t<meta property=\"og:image:width\" content=\"2016\" \/>\n\t<meta property=\"og:image:height\" content=\"2684\" \/>\n\t<meta property=\"og:image:type\" content=\"image\/jpeg\" \/>\n<meta name=\"twitter:card\" content=\"summary_large_image\" \/>\n<meta name=\"twitter:label1\" content=\"Tiempo de lectura\" \/>\n\t<meta name=\"twitter:data1\" content=\"1 minuto\" \/>\n<script type=\"application\/ld+json\" class=\"yoast-schema-graph\">{\"@context\":\"https:\\\/\\\/schema.org\",\"@graph\":[{\"@type\":\"WebPage\",\"@id\":\"https:\\\/\\\/booksfrommexico.com\\\/es\\\/producto\\\/mxico-mujeres-insurgentes-de-los-aos-70\\\/\",\"url\":\"https:\\\/\\\/booksfrommexico.com\\\/es\\\/producto\\\/mxico-mujeres-insurgentes-de-los-aos-70\\\/\",\"name\":\"M\u00e9xico: Mujeres insurgentes de los a\u00f1os 70\",\"isPartOf\":{\"@id\":\"https:\\\/\\\/booksfrommexico.com\\\/#website\"},\"primaryImageOfPage\":{\"@id\":\"https:\\\/\\\/booksfrommexico.com\\\/es\\\/producto\\\/mxico-mujeres-insurgentes-de-los-aos-70\\\/#primaryimage\"},\"image\":{\"@id\":\"https:\\\/\\\/booksfrommexico.com\\\/es\\\/producto\\\/mxico-mujeres-insurgentes-de-los-aos-70\\\/#primaryimage\"},\"thumbnailUrl\":\"https:\\\/\\\/booksfrommexico.com\\\/app\\\/uploads\\\/2024\\\/04\\\/202063.jpeg\",\"datePublished\":\"2024-04-09T21:16:04+00:00\",\"dateModified\":\"2024-05-31T18:22:21+00:00\",\"description\":\"M\u00c9XICO : MUJERES INSURGENTES DE LOS A\u00d1OS 70 : G\u00c9NERO Y LUCHA ARMADA. \\\/ Mar\u00eda de Jes\u00fas M\u00e9ndez Alvarado. Second edition. 2023. ISBN : 9786073075923.\",\"breadcrumb\":{\"@id\":\"https:\\\/\\\/booksfrommexico.com\\\/es\\\/producto\\\/mxico-mujeres-insurgentes-de-los-aos-70\\\/#breadcrumb\"},\"inLanguage\":\"es\",\"potentialAction\":[{\"@type\":\"ReadAction\",\"target\":[\"https:\\\/\\\/booksfrommexico.com\\\/es\\\/producto\\\/mxico-mujeres-insurgentes-de-los-aos-70\\\/\"]}]},{\"@type\":\"ImageObject\",\"inLanguage\":\"es\",\"@id\":\"https:\\\/\\\/booksfrommexico.com\\\/es\\\/producto\\\/mxico-mujeres-insurgentes-de-los-aos-70\\\/#primaryimage\",\"url\":\"https:\\\/\\\/booksfrommexico.com\\\/app\\\/uploads\\\/2024\\\/04\\\/202063.jpeg\",\"contentUrl\":\"https:\\\/\\\/booksfrommexico.com\\\/app\\\/uploads\\\/2024\\\/04\\\/202063.jpeg\",\"width\":2016,\"height\":2684,\"caption\":\"mujeres guerrilleras\"},{\"@type\":\"BreadcrumbList\",\"@id\":\"https:\\\/\\\/booksfrommexico.com\\\/es\\\/producto\\\/mxico-mujeres-insurgentes-de-los-aos-70\\\/#breadcrumb\",\"itemListElement\":[{\"@type\":\"ListItem\",\"position\":1,\"name\":\"Home\",\"item\":\"https:\\\/\\\/booksfrommexico.com\\\/es\\\/\"},{\"@type\":\"ListItem\",\"position\":2,\"name\":\"Libros\",\"item\":\"https:\\\/\\\/booksfrommexico.com\\\/es\\\/libros\\\/\"},{\"@type\":\"ListItem\",\"position\":3,\"name\":\"M\u00e9xico: Mujeres insurgentes de los a\u00f1os 70\"}]},{\"@type\":\"WebSite\",\"@id\":\"https:\\\/\\\/booksfrommexico.com\\\/#website\",\"url\":\"https:\\\/\\\/booksfrommexico.com\\\/\",\"name\":\"Books From Mexico\",\"description\":\"\",\"publisher\":{\"@id\":\"https:\\\/\\\/booksfrommexico.com\\\/#organization\"},\"potentialAction\":[{\"@type\":\"SearchAction\",\"target\":{\"@type\":\"EntryPoint\",\"urlTemplate\":\"https:\\\/\\\/booksfrommexico.com\\\/?s={search_term_string}\"},\"query-input\":{\"@type\":\"PropertyValueSpecification\",\"valueRequired\":true,\"valueName\":\"search_term_string\"}}],\"inLanguage\":\"es\"},{\"@type\":\"Organization\",\"@id\":\"https:\\\/\\\/booksfrommexico.com\\\/#organization\",\"name\":\"Books From Mexico\",\"url\":\"https:\\\/\\\/booksfrommexico.com\\\/\",\"logo\":{\"@type\":\"ImageObject\",\"inLanguage\":\"es\",\"@id\":\"https:\\\/\\\/booksfrommexico.com\\\/#\\\/schema\\\/logo\\\/image\\\/\",\"url\":\"https:\\\/\\\/booksfrommexico.com\\\/app\\\/uploads\\\/2023\\\/05\\\/logo-booksfrommexico.svg\",\"contentUrl\":\"https:\\\/\\\/booksfrommexico.com\\\/app\\\/uploads\\\/2023\\\/05\\\/logo-booksfrommexico.svg\",\"width\":86,\"height\":56,\"caption\":\"Books From Mexico\"},\"image\":{\"@id\":\"https:\\\/\\\/booksfrommexico.com\\\/#\\\/schema\\\/logo\\\/image\\\/\"}}]}<\/script>\n<!-- \/ Yoast SEO plugin. -->","yoast_head_json":{"title":"M\u00e9xico: Mujeres insurgentes de los a\u00f1os 70","description":"M\u00c9XICO : MUJERES INSURGENTES DE LOS A\u00d1OS 70 : G\u00c9NERO Y LUCHA ARMADA. \/ Mar\u00eda de Jes\u00fas M\u00e9ndez Alvarado. Second edition. 2023. ISBN : 9786073075923.","robots":{"index":"index","follow":"follow","max-snippet":"max-snippet:-1","max-image-preview":"max-image-preview:large","max-video-preview":"max-video-preview:-1"},"canonical":"https:\/\/booksfrommexico.com\/es\/producto\/mxico-mujeres-insurgentes-de-los-aos-70\/","og_locale":"es_ES","og_type":"article","og_title":"M\u00e9xico: Mujeres insurgentes de los a\u00f1os 70","og_description":"M\u00c9XICO : MUJERES INSURGENTES DE LOS A\u00d1OS 70 : G\u00c9NERO Y LUCHA ARMADA. \/ Mar\u00eda de Jes\u00fas M\u00e9ndez Alvarado. Second edition. 2023. ISBN : 9786073075923.","og_url":"https:\/\/booksfrommexico.com\/es\/producto\/mxico-mujeres-insurgentes-de-los-aos-70\/","og_site_name":"Books From Mexico","article_modified_time":"2024-05-31T18:22:21+00:00","og_image":[{"width":2016,"height":2684,"url":"http:\/\/booksfrommexico.com\/app\/uploads\/2024\/04\/202063.jpeg","type":"image\/jpeg"}],"twitter_card":"summary_large_image","twitter_misc":{"Tiempo de lectura":"1 minuto"},"schema":{"@context":"https:\/\/schema.org","@graph":[{"@type":"WebPage","@id":"https:\/\/booksfrommexico.com\/es\/producto\/mxico-mujeres-insurgentes-de-los-aos-70\/","url":"https:\/\/booksfrommexico.com\/es\/producto\/mxico-mujeres-insurgentes-de-los-aos-70\/","name":"M\u00e9xico: Mujeres insurgentes de los a\u00f1os 70","isPartOf":{"@id":"https:\/\/booksfrommexico.com\/#website"},"primaryImageOfPage":{"@id":"https:\/\/booksfrommexico.com\/es\/producto\/mxico-mujeres-insurgentes-de-los-aos-70\/#primaryimage"},"image":{"@id":"https:\/\/booksfrommexico.com\/es\/producto\/mxico-mujeres-insurgentes-de-los-aos-70\/#primaryimage"},"thumbnailUrl":"https:\/\/booksfrommexico.com\/app\/uploads\/2024\/04\/202063.jpeg","datePublished":"2024-04-09T21:16:04+00:00","dateModified":"2024-05-31T18:22:21+00:00","description":"M\u00c9XICO : MUJERES INSURGENTES DE LOS A\u00d1OS 70 : G\u00c9NERO Y LUCHA ARMADA. \/ Mar\u00eda de Jes\u00fas M\u00e9ndez Alvarado. Second edition. 2023. ISBN : 9786073075923.","breadcrumb":{"@id":"https:\/\/booksfrommexico.com\/es\/producto\/mxico-mujeres-insurgentes-de-los-aos-70\/#breadcrumb"},"inLanguage":"es","potentialAction":[{"@type":"ReadAction","target":["https:\/\/booksfrommexico.com\/es\/producto\/mxico-mujeres-insurgentes-de-los-aos-70\/"]}]},{"@type":"ImageObject","inLanguage":"es","@id":"https:\/\/booksfrommexico.com\/es\/producto\/mxico-mujeres-insurgentes-de-los-aos-70\/#primaryimage","url":"https:\/\/booksfrommexico.com\/app\/uploads\/2024\/04\/202063.jpeg","contentUrl":"https:\/\/booksfrommexico.com\/app\/uploads\/2024\/04\/202063.jpeg","width":2016,"height":2684,"caption":"mujeres guerrilleras"},{"@type":"BreadcrumbList","@id":"https:\/\/booksfrommexico.com\/es\/producto\/mxico-mujeres-insurgentes-de-los-aos-70\/#breadcrumb","itemListElement":[{"@type":"ListItem","position":1,"name":"Home","item":"https:\/\/booksfrommexico.com\/es\/"},{"@type":"ListItem","position":2,"name":"Libros","item":"https:\/\/booksfrommexico.com\/es\/libros\/"},{"@type":"ListItem","position":3,"name":"M\u00e9xico: Mujeres insurgentes de los a\u00f1os 70"}]},{"@type":"WebSite","@id":"https:\/\/booksfrommexico.com\/#website","url":"https:\/\/booksfrommexico.com\/","name":"Books From Mexico","description":"","publisher":{"@id":"https:\/\/booksfrommexico.com\/#organization"},"potentialAction":[{"@type":"SearchAction","target":{"@type":"EntryPoint","urlTemplate":"https:\/\/booksfrommexico.com\/?s={search_term_string}"},"query-input":{"@type":"PropertyValueSpecification","valueRequired":true,"valueName":"search_term_string"}}],"inLanguage":"es"},{"@type":"Organization","@id":"https:\/\/booksfrommexico.com\/#organization","name":"Books From Mexico","url":"https:\/\/booksfrommexico.com\/","logo":{"@type":"ImageObject","inLanguage":"es","@id":"https:\/\/booksfrommexico.com\/#\/schema\/logo\/image\/","url":"https:\/\/booksfrommexico.com\/app\/uploads\/2023\/05\/logo-booksfrommexico.svg","contentUrl":"https:\/\/booksfrommexico.com\/app\/uploads\/2023\/05\/logo-booksfrommexico.svg","width":86,"height":56,"caption":"Books From Mexico"},"image":{"@id":"https:\/\/booksfrommexico.com\/#\/schema\/logo\/image\/"}}]}},"_links":{"self":[{"href":"https:\/\/booksfrommexico.com\/es\/wp-json\/wp\/v2\/product\/5517","targetHints":{"allow":["GET"]}}],"collection":[{"href":"https:\/\/booksfrommexico.com\/es\/wp-json\/wp\/v2\/product"}],"about":[{"href":"https:\/\/booksfrommexico.com\/es\/wp-json\/wp\/v2\/types\/product"}],"wp:featuredmedia":[{"embeddable":true,"href":"https:\/\/booksfrommexico.com\/es\/wp-json\/wp\/v2\/media\/5564"}],"wp:attachment":[{"href":"https:\/\/booksfrommexico.com\/es\/wp-json\/wp\/v2\/media?parent=5517"}],"wp:term":[{"taxonomy":"product_brand","embeddable":true,"href":"https:\/\/booksfrommexico.com\/es\/wp-json\/wp\/v2\/product_brand?post=5517"},{"taxonomy":"product_cat","embeddable":true,"href":"https:\/\/booksfrommexico.com\/es\/wp-json\/wp\/v2\/product_cat?post=5517"},{"taxonomy":"product_tag","embeddable":true,"href":"https:\/\/booksfrommexico.com\/es\/wp-json\/wp\/v2\/product_tag?post=5517"}],"curies":[{"name":"wp","href":"https:\/\/api.w.org\/{rel}","templated":true}]}}