{"id":5518,"date":"2024-04-09T21:16:04","date_gmt":"2024-04-09T21:16:04","guid":{"rendered":"https:\/\/booksfrommexico.com\/product\/perspectivas-sobre-poicas-orales\/"},"modified":"2024-04-10T23:31:38","modified_gmt":"2024-04-10T23:31:38","slug":"perspectivas-sobre-poicas-orales","status":"publish","type":"product","link":"https:\/\/booksfrommexico.com\/es\/producto\/perspectivas-sobre-poicas-orales\/","title":{"rendered":"Perspectivas sobre po\u00e9ticas orales"},"content":{"rendered":"<p><span style=\"font-weight: 400;\">Las investigaciones ling\u00fc\u00edsticas y socioling\u00fc\u00edsticas del siglo XX revelaron que las literaturas orales no son simplemente el equivalente primitivo de las literaturas escritas sino uno de los productos de un sistema de comunicaci\u00f3n distinto: el de la oralidad. En este t\u00edtulo se re\u00fanen veinte trabajos de especialistas de diferentes disciplinas para dialogar sobre perspectivas te\u00f3ricas y metodol\u00f3gicas relativas al estudio de las po\u00e9ticas orales, de los cuales uno est\u00e1 en ingl\u00e9s y otro en portugu\u00e9s. Derivado del Primer Congreso Internacional Po\u00e9ticas de la Oralidad, Homenaje a John Miles Foley, celebrado en la ENES, Morelia del 4 al 7 de junio del 2014.<\/span><\/p>\n","protected":false},"excerpt":{"rendered":"<p>PERSPECTIVAS SOBRE PO\u00c9TICAS ORALES<span style=\"font-weight: 400;\">. \/ Berenice Granados V\u00e1zquez, Santiago Cort\u00e9s Hern\u00e1ndez (editors). Morelia, Michoac\u00e1n, M\u00e9xico : Universidad Nacional Aut\u00f3noma de M\u00e9xico , Laboratorio Nacional de Materiales Orales Editorial ; Escuela Nacional de Estudios Superiores , Unidad Morelia, 2020. 454 pages : includes photos, tables, references, bibliography at the end of each chapter ; 22 cm. (Colecci\u00f3n Seminarios). ISBN : 9786073029971.<\/span><\/p>\n","protected":false},"featured_media":5567,"template":"","meta":{"_acf_changed":false,"inline_featured_image":false},"product_brand":[],"product_cat":[52,25],"product_tag":[3869,3880,4124],"class_list":{"0":"post-5518","1":"product","2":"type-product","3":"status-publish","4":"has-post-thumbnail","6":"product_cat-critica-literaria","7":"product_cat-literatura","8":"product_tag-critica-y-estudios","9":"product_tag-identidad-cultural","10":"product_tag-literatura-es","12":"first","13":"instock","14":"taxable","15":"shipping-taxable","16":"purchasable","17":"product-type-simple"},"acf":[],"yoast_head":"<!-- This site is optimized with the Yoast SEO plugin v27.3 - https:\/\/yoast.com\/product\/yoast-seo-wordpress\/ -->\n<title>Perspectivas sobre po\u00e9ticas orales<\/title>\n<meta name=\"description\" content=\"PERSPECTIVAS SOBRE PO\u00c9TICAS ORALES. \/ Berenice Granados V\u00e1zquez, Santiago Cort\u00e9s Hern\u00e1ndez (editors). 2020. (Colecci\u00f3n Seminarios). ISBN : 9786073029971.\" \/>\n<meta name=\"robots\" content=\"index, follow, max-snippet:-1, max-image-preview:large, max-video-preview:-1\" \/>\n<link rel=\"canonical\" href=\"https:\/\/booksfrommexico.com\/es\/producto\/perspectivas-sobre-poicas-orales\/\" \/>\n<meta property=\"og:locale\" content=\"es_ES\" \/>\n<meta property=\"og:type\" content=\"article\" \/>\n<meta property=\"og:title\" content=\"Perspectivas sobre po\u00e9ticas orales\" \/>\n<meta property=\"og:description\" content=\"PERSPECTIVAS SOBRE PO\u00c9TICAS ORALES. \/ Berenice Granados V\u00e1zquez, Santiago Cort\u00e9s Hern\u00e1ndez (editors). 2020. (Colecci\u00f3n Seminarios). ISBN : 9786073029971.\" \/>\n<meta property=\"og:url\" content=\"https:\/\/booksfrommexico.com\/es\/producto\/perspectivas-sobre-poicas-orales\/\" \/>\n<meta property=\"og:site_name\" content=\"Books From Mexico\" \/>\n<meta property=\"article:modified_time\" content=\"2024-04-10T23:31:38+00:00\" \/>\n<meta property=\"og:image\" content=\"http:\/\/booksfrommexico.com\/app\/uploads\/2024\/04\/202072.jpeg\" \/>\n\t<meta property=\"og:image:width\" content=\"1824\" \/>\n\t<meta property=\"og:image:height\" content=\"2449\" \/>\n\t<meta property=\"og:image:type\" content=\"image\/jpeg\" \/>\n<meta name=\"twitter:card\" content=\"summary_large_image\" \/>\n<meta name=\"twitter:label1\" content=\"Tiempo de lectura\" \/>\n\t<meta name=\"twitter:data1\" content=\"1 minuto\" \/>\n<script type=\"application\/ld+json\" class=\"yoast-schema-graph\">{\"@context\":\"https:\\\/\\\/schema.org\",\"@graph\":[{\"@type\":\"WebPage\",\"@id\":\"https:\\\/\\\/booksfrommexico.com\\\/es\\\/producto\\\/perspectivas-sobre-poicas-orales\\\/\",\"url\":\"https:\\\/\\\/booksfrommexico.com\\\/es\\\/producto\\\/perspectivas-sobre-poicas-orales\\\/\",\"name\":\"Perspectivas sobre po\u00e9ticas orales\",\"isPartOf\":{\"@id\":\"https:\\\/\\\/booksfrommexico.com\\\/#website\"},\"primaryImageOfPage\":{\"@id\":\"https:\\\/\\\/booksfrommexico.com\\\/es\\\/producto\\\/perspectivas-sobre-poicas-orales\\\/#primaryimage\"},\"image\":{\"@id\":\"https:\\\/\\\/booksfrommexico.com\\\/es\\\/producto\\\/perspectivas-sobre-poicas-orales\\\/#primaryimage\"},\"thumbnailUrl\":\"https:\\\/\\\/booksfrommexico.com\\\/app\\\/uploads\\\/2024\\\/04\\\/202072.jpeg\",\"datePublished\":\"2024-04-09T21:16:04+00:00\",\"dateModified\":\"2024-04-10T23:31:38+00:00\",\"description\":\"PERSPECTIVAS SOBRE PO\u00c9TICAS ORALES. \\\/ Berenice Granados V\u00e1zquez, Santiago Cort\u00e9s Hern\u00e1ndez (editors). 2020. (Colecci\u00f3n Seminarios). ISBN : 9786073029971.\",\"breadcrumb\":{\"@id\":\"https:\\\/\\\/booksfrommexico.com\\\/es\\\/producto\\\/perspectivas-sobre-poicas-orales\\\/#breadcrumb\"},\"inLanguage\":\"es\",\"potentialAction\":[{\"@type\":\"ReadAction\",\"target\":[\"https:\\\/\\\/booksfrommexico.com\\\/es\\\/producto\\\/perspectivas-sobre-poicas-orales\\\/\"]}]},{\"@type\":\"ImageObject\",\"inLanguage\":\"es\",\"@id\":\"https:\\\/\\\/booksfrommexico.com\\\/es\\\/producto\\\/perspectivas-sobre-poicas-orales\\\/#primaryimage\",\"url\":\"https:\\\/\\\/booksfrommexico.com\\\/app\\\/uploads\\\/2024\\\/04\\\/202072.jpeg\",\"contentUrl\":\"https:\\\/\\\/booksfrommexico.com\\\/app\\\/uploads\\\/2024\\\/04\\\/202072.jpeg\",\"width\":1824,\"height\":2449,\"caption\":\"perspectivas sobre po\u00e9ticas orales\"},{\"@type\":\"BreadcrumbList\",\"@id\":\"https:\\\/\\\/booksfrommexico.com\\\/es\\\/producto\\\/perspectivas-sobre-poicas-orales\\\/#breadcrumb\",\"itemListElement\":[{\"@type\":\"ListItem\",\"position\":1,\"name\":\"Home\",\"item\":\"https:\\\/\\\/booksfrommexico.com\\\/es\\\/\"},{\"@type\":\"ListItem\",\"position\":2,\"name\":\"Libros\",\"item\":\"https:\\\/\\\/booksfrommexico.com\\\/es\\\/libros\\\/\"},{\"@type\":\"ListItem\",\"position\":3,\"name\":\"Perspectivas sobre po\u00e9ticas orales\"}]},{\"@type\":\"WebSite\",\"@id\":\"https:\\\/\\\/booksfrommexico.com\\\/#website\",\"url\":\"https:\\\/\\\/booksfrommexico.com\\\/\",\"name\":\"Books From Mexico\",\"description\":\"\",\"publisher\":{\"@id\":\"https:\\\/\\\/booksfrommexico.com\\\/#organization\"},\"potentialAction\":[{\"@type\":\"SearchAction\",\"target\":{\"@type\":\"EntryPoint\",\"urlTemplate\":\"https:\\\/\\\/booksfrommexico.com\\\/?s={search_term_string}\"},\"query-input\":{\"@type\":\"PropertyValueSpecification\",\"valueRequired\":true,\"valueName\":\"search_term_string\"}}],\"inLanguage\":\"es\"},{\"@type\":\"Organization\",\"@id\":\"https:\\\/\\\/booksfrommexico.com\\\/#organization\",\"name\":\"Books From Mexico\",\"url\":\"https:\\\/\\\/booksfrommexico.com\\\/\",\"logo\":{\"@type\":\"ImageObject\",\"inLanguage\":\"es\",\"@id\":\"https:\\\/\\\/booksfrommexico.com\\\/#\\\/schema\\\/logo\\\/image\\\/\",\"url\":\"https:\\\/\\\/booksfrommexico.com\\\/app\\\/uploads\\\/2023\\\/05\\\/logo-booksfrommexico.svg\",\"contentUrl\":\"https:\\\/\\\/booksfrommexico.com\\\/app\\\/uploads\\\/2023\\\/05\\\/logo-booksfrommexico.svg\",\"width\":86,\"height\":56,\"caption\":\"Books From Mexico\"},\"image\":{\"@id\":\"https:\\\/\\\/booksfrommexico.com\\\/#\\\/schema\\\/logo\\\/image\\\/\"}}]}<\/script>\n<!-- \/ Yoast SEO plugin. -->","yoast_head_json":{"title":"Perspectivas sobre po\u00e9ticas orales","description":"PERSPECTIVAS SOBRE PO\u00c9TICAS ORALES. \/ Berenice Granados V\u00e1zquez, Santiago Cort\u00e9s Hern\u00e1ndez (editors). 2020. (Colecci\u00f3n Seminarios). ISBN : 9786073029971.","robots":{"index":"index","follow":"follow","max-snippet":"max-snippet:-1","max-image-preview":"max-image-preview:large","max-video-preview":"max-video-preview:-1"},"canonical":"https:\/\/booksfrommexico.com\/es\/producto\/perspectivas-sobre-poicas-orales\/","og_locale":"es_ES","og_type":"article","og_title":"Perspectivas sobre po\u00e9ticas orales","og_description":"PERSPECTIVAS SOBRE PO\u00c9TICAS ORALES. \/ Berenice Granados V\u00e1zquez, Santiago Cort\u00e9s Hern\u00e1ndez (editors). 2020. (Colecci\u00f3n Seminarios). ISBN : 9786073029971.","og_url":"https:\/\/booksfrommexico.com\/es\/producto\/perspectivas-sobre-poicas-orales\/","og_site_name":"Books From Mexico","article_modified_time":"2024-04-10T23:31:38+00:00","og_image":[{"width":1824,"height":2449,"url":"http:\/\/booksfrommexico.com\/app\/uploads\/2024\/04\/202072.jpeg","type":"image\/jpeg"}],"twitter_card":"summary_large_image","twitter_misc":{"Tiempo de lectura":"1 minuto"},"schema":{"@context":"https:\/\/schema.org","@graph":[{"@type":"WebPage","@id":"https:\/\/booksfrommexico.com\/es\/producto\/perspectivas-sobre-poicas-orales\/","url":"https:\/\/booksfrommexico.com\/es\/producto\/perspectivas-sobre-poicas-orales\/","name":"Perspectivas sobre po\u00e9ticas orales","isPartOf":{"@id":"https:\/\/booksfrommexico.com\/#website"},"primaryImageOfPage":{"@id":"https:\/\/booksfrommexico.com\/es\/producto\/perspectivas-sobre-poicas-orales\/#primaryimage"},"image":{"@id":"https:\/\/booksfrommexico.com\/es\/producto\/perspectivas-sobre-poicas-orales\/#primaryimage"},"thumbnailUrl":"https:\/\/booksfrommexico.com\/app\/uploads\/2024\/04\/202072.jpeg","datePublished":"2024-04-09T21:16:04+00:00","dateModified":"2024-04-10T23:31:38+00:00","description":"PERSPECTIVAS SOBRE PO\u00c9TICAS ORALES. \/ Berenice Granados V\u00e1zquez, Santiago Cort\u00e9s Hern\u00e1ndez (editors). 2020. (Colecci\u00f3n Seminarios). ISBN : 9786073029971.","breadcrumb":{"@id":"https:\/\/booksfrommexico.com\/es\/producto\/perspectivas-sobre-poicas-orales\/#breadcrumb"},"inLanguage":"es","potentialAction":[{"@type":"ReadAction","target":["https:\/\/booksfrommexico.com\/es\/producto\/perspectivas-sobre-poicas-orales\/"]}]},{"@type":"ImageObject","inLanguage":"es","@id":"https:\/\/booksfrommexico.com\/es\/producto\/perspectivas-sobre-poicas-orales\/#primaryimage","url":"https:\/\/booksfrommexico.com\/app\/uploads\/2024\/04\/202072.jpeg","contentUrl":"https:\/\/booksfrommexico.com\/app\/uploads\/2024\/04\/202072.jpeg","width":1824,"height":2449,"caption":"perspectivas sobre po\u00e9ticas orales"},{"@type":"BreadcrumbList","@id":"https:\/\/booksfrommexico.com\/es\/producto\/perspectivas-sobre-poicas-orales\/#breadcrumb","itemListElement":[{"@type":"ListItem","position":1,"name":"Home","item":"https:\/\/booksfrommexico.com\/es\/"},{"@type":"ListItem","position":2,"name":"Libros","item":"https:\/\/booksfrommexico.com\/es\/libros\/"},{"@type":"ListItem","position":3,"name":"Perspectivas sobre po\u00e9ticas orales"}]},{"@type":"WebSite","@id":"https:\/\/booksfrommexico.com\/#website","url":"https:\/\/booksfrommexico.com\/","name":"Books From Mexico","description":"","publisher":{"@id":"https:\/\/booksfrommexico.com\/#organization"},"potentialAction":[{"@type":"SearchAction","target":{"@type":"EntryPoint","urlTemplate":"https:\/\/booksfrommexico.com\/?s={search_term_string}"},"query-input":{"@type":"PropertyValueSpecification","valueRequired":true,"valueName":"search_term_string"}}],"inLanguage":"es"},{"@type":"Organization","@id":"https:\/\/booksfrommexico.com\/#organization","name":"Books From Mexico","url":"https:\/\/booksfrommexico.com\/","logo":{"@type":"ImageObject","inLanguage":"es","@id":"https:\/\/booksfrommexico.com\/#\/schema\/logo\/image\/","url":"https:\/\/booksfrommexico.com\/app\/uploads\/2023\/05\/logo-booksfrommexico.svg","contentUrl":"https:\/\/booksfrommexico.com\/app\/uploads\/2023\/05\/logo-booksfrommexico.svg","width":86,"height":56,"caption":"Books From Mexico"},"image":{"@id":"https:\/\/booksfrommexico.com\/#\/schema\/logo\/image\/"}}]}},"_links":{"self":[{"href":"https:\/\/booksfrommexico.com\/es\/wp-json\/wp\/v2\/product\/5518","targetHints":{"allow":["GET"]}}],"collection":[{"href":"https:\/\/booksfrommexico.com\/es\/wp-json\/wp\/v2\/product"}],"about":[{"href":"https:\/\/booksfrommexico.com\/es\/wp-json\/wp\/v2\/types\/product"}],"wp:featuredmedia":[{"embeddable":true,"href":"https:\/\/booksfrommexico.com\/es\/wp-json\/wp\/v2\/media\/5567"}],"wp:attachment":[{"href":"https:\/\/booksfrommexico.com\/es\/wp-json\/wp\/v2\/media?parent=5518"}],"wp:term":[{"taxonomy":"product_brand","embeddable":true,"href":"https:\/\/booksfrommexico.com\/es\/wp-json\/wp\/v2\/product_brand?post=5518"},{"taxonomy":"product_cat","embeddable":true,"href":"https:\/\/booksfrommexico.com\/es\/wp-json\/wp\/v2\/product_cat?post=5518"},{"taxonomy":"product_tag","embeddable":true,"href":"https:\/\/booksfrommexico.com\/es\/wp-json\/wp\/v2\/product_tag?post=5518"}],"curies":[{"name":"wp","href":"https:\/\/api.w.org\/{rel}","templated":true}]}}