{"id":5519,"date":"2024-04-09T21:16:04","date_gmt":"2024-04-09T21:16:04","guid":{"rendered":"https:\/\/booksfrommexico.com\/product\/trama-de-una-injusticia\/"},"modified":"2024-05-28T22:50:52","modified_gmt":"2024-05-28T22:50:52","slug":"trama-de-una-injusticia","status":"publish","type":"product","link":"https:\/\/booksfrommexico.com\/es\/producto\/trama-de-una-injusticia\/","title":{"rendered":"Trama de una injusticia"},"content":{"rendered":"<p><span style=\"font-weight: 400;\">El feminicidio sexual sist\u00e9mico en Ciudad Ju\u00e1rez tiene aspectos detectados como lo son el hecho de que las mujeres fueron asesinadas por ser mujeres, pobres, racializadas, inmigrantes o nativas de Ciudad Ju\u00e1rez. Uno de los objetivos de esta obra es entender, a trav\u00e9s de un estudio feminista-sociol\u00f3gico, la violencia que sufrieron m\u00e1s de un centenar de ni\u00f1as y mujeres desaparecidas, cuyos cad\u00e1veres fueron arrojados en zonas inh\u00f3spitas y en el desierto de Ciudad Ju\u00e1rez de 1993 a 2004. A la vez, la autora busca dar respuesta a por qu\u00e9 son asesinadas, por qu\u00e9 no se encuentra al culpable, por qu\u00e9 contin\u00faan los asesinatos y cu\u00e1les son los impactos que la violencia y la impunidad dejan en las familias de las v\u00edctimas.<\/span><\/p>\n","protected":false},"excerpt":{"rendered":"<p>TRAMA DE UNA INJUSTICIA : FEMINICIDIO SEXUAL SISTEM\u00c1TICO EN CIUDAD JU\u00c1REZ<span style=\"font-weight: 400;\">. \/ Julia Estela Mon\u00e1rrez Fragoso. Tijuana, Baja California, M\u00e9xico : El Colegio de la Frontera Norte , 2023. 396 pages : includes photos, tables, maps, notes, bibliography ; 21 cm. (Premio Antonio Garc\u00eda Cubas 2009, Instituto Nacional de Antropolog\u00eda e Historia, Categor\u00eda de obra Cient\u00edfica). ISBN : 9786074795455.<\/span><\/p>\n","protected":false},"featured_media":5579,"template":"","meta":{"_acf_changed":false,"inline_featured_image":false},"product_brand":[],"product_cat":[147,78,217],"product_tag":[3673,4211,3675,4389],"class_list":{"0":"post-5519","1":"product","2":"type-product","3":"status-publish","4":"has-post-thumbnail","6":"product_cat-estudios-de-genero","7":"product_cat-sociologia","8":"product_cat-violencia-contra-las-mujeres-estudios-de-genero","9":"product_tag-delitos-contra-mujeres","10":"product_tag-feminismo","11":"product_tag-mujeres-maltratadas","12":"product_tag-trabajo-sexual","14":"first","15":"instock","16":"taxable","17":"shipping-taxable","18":"purchasable","19":"product-type-simple"},"acf":[],"yoast_head":"<!-- This site is optimized with the Yoast SEO plugin v27.3 - https:\/\/yoast.com\/product\/yoast-seo-wordpress\/ -->\n<title>Trama de una injusticia<\/title>\n<meta name=\"description\" content=\"TRAMA DE UNA INJUSTICIA : FEMINICIDIO SEXUAL SIST\u00c9MICO EN CIUDAD JU\u00c1REZ. \/ Julia Estela Mon\u00e1rrez Fragoso. (Premio Antonio Garc\u00eda Cubas 2009).\" \/>\n<meta name=\"robots\" content=\"index, follow, max-snippet:-1, max-image-preview:large, max-video-preview:-1\" \/>\n<link rel=\"canonical\" href=\"https:\/\/booksfrommexico.com\/es\/producto\/trama-de-una-injusticia\/\" \/>\n<meta property=\"og:locale\" content=\"es_ES\" \/>\n<meta property=\"og:type\" content=\"article\" \/>\n<meta property=\"og:title\" content=\"Trama de una injusticia\" \/>\n<meta property=\"og:description\" content=\"TRAMA DE UNA INJUSTICIA : FEMINICIDIO SEXUAL SIST\u00c9MICO EN CIUDAD JU\u00c1REZ. \/ Julia Estela Mon\u00e1rrez Fragoso. (Premio Antonio Garc\u00eda Cubas 2009).\" \/>\n<meta property=\"og:url\" content=\"https:\/\/booksfrommexico.com\/es\/producto\/trama-de-una-injusticia\/\" \/>\n<meta property=\"og:site_name\" content=\"Books From Mexico\" \/>\n<meta property=\"article:modified_time\" content=\"2024-05-28T22:50:52+00:00\" \/>\n<meta property=\"og:image\" content=\"http:\/\/booksfrommexico.com\/app\/uploads\/2024\/04\/202087.jpeg\" \/>\n\t<meta property=\"og:image:width\" content=\"1520\" \/>\n\t<meta property=\"og:image:height\" content=\"2392\" \/>\n\t<meta property=\"og:image:type\" content=\"image\/jpeg\" \/>\n<meta name=\"twitter:card\" content=\"summary_large_image\" \/>\n<meta name=\"twitter:label1\" content=\"Tiempo de lectura\" \/>\n\t<meta name=\"twitter:data1\" content=\"1 minuto\" \/>\n<script type=\"application\/ld+json\" class=\"yoast-schema-graph\">{\"@context\":\"https:\\\/\\\/schema.org\",\"@graph\":[{\"@type\":\"WebPage\",\"@id\":\"https:\\\/\\\/booksfrommexico.com\\\/es\\\/producto\\\/trama-de-una-injusticia\\\/\",\"url\":\"https:\\\/\\\/booksfrommexico.com\\\/es\\\/producto\\\/trama-de-una-injusticia\\\/\",\"name\":\"Trama de una injusticia\",\"isPartOf\":{\"@id\":\"https:\\\/\\\/booksfrommexico.com\\\/#website\"},\"primaryImageOfPage\":{\"@id\":\"https:\\\/\\\/booksfrommexico.com\\\/es\\\/producto\\\/trama-de-una-injusticia\\\/#primaryimage\"},\"image\":{\"@id\":\"https:\\\/\\\/booksfrommexico.com\\\/es\\\/producto\\\/trama-de-una-injusticia\\\/#primaryimage\"},\"thumbnailUrl\":\"https:\\\/\\\/booksfrommexico.com\\\/app\\\/uploads\\\/2024\\\/04\\\/202087.jpeg\",\"datePublished\":\"2024-04-09T21:16:04+00:00\",\"dateModified\":\"2024-05-28T22:50:52+00:00\",\"description\":\"TRAMA DE UNA INJUSTICIA : FEMINICIDIO SEXUAL SIST\u00c9MICO EN CIUDAD JU\u00c1REZ. \\\/ Julia Estela Mon\u00e1rrez Fragoso. (Premio Antonio Garc\u00eda Cubas 2009).\",\"breadcrumb\":{\"@id\":\"https:\\\/\\\/booksfrommexico.com\\\/es\\\/producto\\\/trama-de-una-injusticia\\\/#breadcrumb\"},\"inLanguage\":\"es\",\"potentialAction\":[{\"@type\":\"ReadAction\",\"target\":[\"https:\\\/\\\/booksfrommexico.com\\\/es\\\/producto\\\/trama-de-una-injusticia\\\/\"]}]},{\"@type\":\"ImageObject\",\"inLanguage\":\"es\",\"@id\":\"https:\\\/\\\/booksfrommexico.com\\\/es\\\/producto\\\/trama-de-una-injusticia\\\/#primaryimage\",\"url\":\"https:\\\/\\\/booksfrommexico.com\\\/app\\\/uploads\\\/2024\\\/04\\\/202087.jpeg\",\"contentUrl\":\"https:\\\/\\\/booksfrommexico.com\\\/app\\\/uploads\\\/2024\\\/04\\\/202087.jpeg\",\"width\":1520,\"height\":2392,\"caption\":\"feminicidio Ciudad Juarez\"},{\"@type\":\"BreadcrumbList\",\"@id\":\"https:\\\/\\\/booksfrommexico.com\\\/es\\\/producto\\\/trama-de-una-injusticia\\\/#breadcrumb\",\"itemListElement\":[{\"@type\":\"ListItem\",\"position\":1,\"name\":\"Home\",\"item\":\"https:\\\/\\\/booksfrommexico.com\\\/es\\\/\"},{\"@type\":\"ListItem\",\"position\":2,\"name\":\"Libros\",\"item\":\"https:\\\/\\\/booksfrommexico.com\\\/es\\\/libros\\\/\"},{\"@type\":\"ListItem\",\"position\":3,\"name\":\"Trama de una injusticia\"}]},{\"@type\":\"WebSite\",\"@id\":\"https:\\\/\\\/booksfrommexico.com\\\/#website\",\"url\":\"https:\\\/\\\/booksfrommexico.com\\\/\",\"name\":\"Books From Mexico\",\"description\":\"\",\"publisher\":{\"@id\":\"https:\\\/\\\/booksfrommexico.com\\\/#organization\"},\"potentialAction\":[{\"@type\":\"SearchAction\",\"target\":{\"@type\":\"EntryPoint\",\"urlTemplate\":\"https:\\\/\\\/booksfrommexico.com\\\/?s={search_term_string}\"},\"query-input\":{\"@type\":\"PropertyValueSpecification\",\"valueRequired\":true,\"valueName\":\"search_term_string\"}}],\"inLanguage\":\"es\"},{\"@type\":\"Organization\",\"@id\":\"https:\\\/\\\/booksfrommexico.com\\\/#organization\",\"name\":\"Books From Mexico\",\"url\":\"https:\\\/\\\/booksfrommexico.com\\\/\",\"logo\":{\"@type\":\"ImageObject\",\"inLanguage\":\"es\",\"@id\":\"https:\\\/\\\/booksfrommexico.com\\\/#\\\/schema\\\/logo\\\/image\\\/\",\"url\":\"https:\\\/\\\/booksfrommexico.com\\\/app\\\/uploads\\\/2023\\\/05\\\/logo-booksfrommexico.svg\",\"contentUrl\":\"https:\\\/\\\/booksfrommexico.com\\\/app\\\/uploads\\\/2023\\\/05\\\/logo-booksfrommexico.svg\",\"width\":86,\"height\":56,\"caption\":\"Books From Mexico\"},\"image\":{\"@id\":\"https:\\\/\\\/booksfrommexico.com\\\/#\\\/schema\\\/logo\\\/image\\\/\"}}]}<\/script>\n<!-- \/ Yoast SEO plugin. -->","yoast_head_json":{"title":"Trama de una injusticia","description":"TRAMA DE UNA INJUSTICIA : FEMINICIDIO SEXUAL SIST\u00c9MICO EN CIUDAD JU\u00c1REZ. \/ Julia Estela Mon\u00e1rrez Fragoso. (Premio Antonio Garc\u00eda Cubas 2009).","robots":{"index":"index","follow":"follow","max-snippet":"max-snippet:-1","max-image-preview":"max-image-preview:large","max-video-preview":"max-video-preview:-1"},"canonical":"https:\/\/booksfrommexico.com\/es\/producto\/trama-de-una-injusticia\/","og_locale":"es_ES","og_type":"article","og_title":"Trama de una injusticia","og_description":"TRAMA DE UNA INJUSTICIA : FEMINICIDIO SEXUAL SIST\u00c9MICO EN CIUDAD JU\u00c1REZ. \/ Julia Estela Mon\u00e1rrez Fragoso. (Premio Antonio Garc\u00eda Cubas 2009).","og_url":"https:\/\/booksfrommexico.com\/es\/producto\/trama-de-una-injusticia\/","og_site_name":"Books From Mexico","article_modified_time":"2024-05-28T22:50:52+00:00","og_image":[{"width":1520,"height":2392,"url":"http:\/\/booksfrommexico.com\/app\/uploads\/2024\/04\/202087.jpeg","type":"image\/jpeg"}],"twitter_card":"summary_large_image","twitter_misc":{"Tiempo de lectura":"1 minuto"},"schema":{"@context":"https:\/\/schema.org","@graph":[{"@type":"WebPage","@id":"https:\/\/booksfrommexico.com\/es\/producto\/trama-de-una-injusticia\/","url":"https:\/\/booksfrommexico.com\/es\/producto\/trama-de-una-injusticia\/","name":"Trama de una injusticia","isPartOf":{"@id":"https:\/\/booksfrommexico.com\/#website"},"primaryImageOfPage":{"@id":"https:\/\/booksfrommexico.com\/es\/producto\/trama-de-una-injusticia\/#primaryimage"},"image":{"@id":"https:\/\/booksfrommexico.com\/es\/producto\/trama-de-una-injusticia\/#primaryimage"},"thumbnailUrl":"https:\/\/booksfrommexico.com\/app\/uploads\/2024\/04\/202087.jpeg","datePublished":"2024-04-09T21:16:04+00:00","dateModified":"2024-05-28T22:50:52+00:00","description":"TRAMA DE UNA INJUSTICIA : FEMINICIDIO SEXUAL SIST\u00c9MICO EN CIUDAD JU\u00c1REZ. \/ Julia Estela Mon\u00e1rrez Fragoso. (Premio Antonio Garc\u00eda Cubas 2009).","breadcrumb":{"@id":"https:\/\/booksfrommexico.com\/es\/producto\/trama-de-una-injusticia\/#breadcrumb"},"inLanguage":"es","potentialAction":[{"@type":"ReadAction","target":["https:\/\/booksfrommexico.com\/es\/producto\/trama-de-una-injusticia\/"]}]},{"@type":"ImageObject","inLanguage":"es","@id":"https:\/\/booksfrommexico.com\/es\/producto\/trama-de-una-injusticia\/#primaryimage","url":"https:\/\/booksfrommexico.com\/app\/uploads\/2024\/04\/202087.jpeg","contentUrl":"https:\/\/booksfrommexico.com\/app\/uploads\/2024\/04\/202087.jpeg","width":1520,"height":2392,"caption":"feminicidio Ciudad Juarez"},{"@type":"BreadcrumbList","@id":"https:\/\/booksfrommexico.com\/es\/producto\/trama-de-una-injusticia\/#breadcrumb","itemListElement":[{"@type":"ListItem","position":1,"name":"Home","item":"https:\/\/booksfrommexico.com\/es\/"},{"@type":"ListItem","position":2,"name":"Libros","item":"https:\/\/booksfrommexico.com\/es\/libros\/"},{"@type":"ListItem","position":3,"name":"Trama de una injusticia"}]},{"@type":"WebSite","@id":"https:\/\/booksfrommexico.com\/#website","url":"https:\/\/booksfrommexico.com\/","name":"Books From Mexico","description":"","publisher":{"@id":"https:\/\/booksfrommexico.com\/#organization"},"potentialAction":[{"@type":"SearchAction","target":{"@type":"EntryPoint","urlTemplate":"https:\/\/booksfrommexico.com\/?s={search_term_string}"},"query-input":{"@type":"PropertyValueSpecification","valueRequired":true,"valueName":"search_term_string"}}],"inLanguage":"es"},{"@type":"Organization","@id":"https:\/\/booksfrommexico.com\/#organization","name":"Books From Mexico","url":"https:\/\/booksfrommexico.com\/","logo":{"@type":"ImageObject","inLanguage":"es","@id":"https:\/\/booksfrommexico.com\/#\/schema\/logo\/image\/","url":"https:\/\/booksfrommexico.com\/app\/uploads\/2023\/05\/logo-booksfrommexico.svg","contentUrl":"https:\/\/booksfrommexico.com\/app\/uploads\/2023\/05\/logo-booksfrommexico.svg","width":86,"height":56,"caption":"Books From Mexico"},"image":{"@id":"https:\/\/booksfrommexico.com\/#\/schema\/logo\/image\/"}}]}},"_links":{"self":[{"href":"https:\/\/booksfrommexico.com\/es\/wp-json\/wp\/v2\/product\/5519","targetHints":{"allow":["GET"]}}],"collection":[{"href":"https:\/\/booksfrommexico.com\/es\/wp-json\/wp\/v2\/product"}],"about":[{"href":"https:\/\/booksfrommexico.com\/es\/wp-json\/wp\/v2\/types\/product"}],"wp:featuredmedia":[{"embeddable":true,"href":"https:\/\/booksfrommexico.com\/es\/wp-json\/wp\/v2\/media\/5579"}],"wp:attachment":[{"href":"https:\/\/booksfrommexico.com\/es\/wp-json\/wp\/v2\/media?parent=5519"}],"wp:term":[{"taxonomy":"product_brand","embeddable":true,"href":"https:\/\/booksfrommexico.com\/es\/wp-json\/wp\/v2\/product_brand?post=5519"},{"taxonomy":"product_cat","embeddable":true,"href":"https:\/\/booksfrommexico.com\/es\/wp-json\/wp\/v2\/product_cat?post=5519"},{"taxonomy":"product_tag","embeddable":true,"href":"https:\/\/booksfrommexico.com\/es\/wp-json\/wp\/v2\/product_tag?post=5519"}],"curies":[{"name":"wp","href":"https:\/\/api.w.org\/{rel}","templated":true}]}}