{"id":5521,"date":"2024-04-09T21:16:05","date_gmt":"2024-04-09T21:16:05","guid":{"rendered":"https:\/\/booksfrommexico.com\/product\/tri-mtiski-na-xani-inharhiski-misiku\/"},"modified":"2024-04-12T18:20:42","modified_gmt":"2024-04-12T18:20:42","slug":"tri-mtiski-na-xani-inharhiski-misiku","status":"publish","type":"product","link":"https:\/\/booksfrommexico.com\/es\/producto\/tri-mtiski-na-xani-inharhiski-misiku\/","title":{"rendered":"\u00bfT&#8217;\u00fari m\u00edtiski na xani i\u00f3nharhiski misiku?"},"content":{"rendered":"<p><span style=\"font-weight: 400;\">Traducido al espa\u00f1ol como \u201c\u00bfT\u00fa sabes cu\u00e1nto mide el largo de la cara del gato?\u201d, \u00e9sta es una colecci\u00f3n de cuentos basados en la tradici\u00f3n pur\u00e9pecha de las comunidades de San Isidro y Uringuitiro, Michoac\u00e1n, algunos transcritos y otros de la creaci\u00f3n de la autora. Estas historias est\u00e1n acompa\u00f1adas de coloridas ilustraciones con un estilo diferente para cada una, d\u00e1ndoles un toque \u00fanico y\u00a0 caracter\u00edstico. Este t\u00edtulo est\u00e1 dirigido principalmente a las infancias nativas de las comunidades, pero funciona a la vez como un rescate de tradiciones orales, adem\u00e1s de un material did\u00e1ctico, pues se trata de una edici\u00f3n completamente en lengua pur\u00e9pecha.<\/span><\/p>\n","protected":false},"excerpt":{"rendered":"<p>\u00bfT&#8217;\u00daRI M\u00cdTISKI NA XANI I\u00d3NHARHISKI MISIKU?<span style=\"font-weight: 400;\">. \/ Zuleyma Mart\u00ednez (coordinator). Morelia, Michoac\u00e1n, M\u00e9xico : Universidad Nacional Aut\u00f3noma de M\u00e9xico , Escuela Nacional de Estudios Superiores , Unidad Morelia , Laboratorio Nacional de Materiales Orales Editorial, 2020. 94 pages : includes color illustrations ; 20 cm. ISBN : 9786073029865.<\/span><\/p>\n","protected":false},"featured_media":5525,"template":"","meta":{"_acf_changed":false,"inline_featured_image":false},"product_brand":[],"product_cat":[37,25],"product_tag":[4060,4232,3938],"class_list":{"0":"post-5521","1":"product","2":"type-product","3":"status-publish","4":"has-post-thumbnail","6":"product_cat-cuento-literatura","7":"product_cat-literatura","8":"product_tag-lenguas-indigenas-es","9":"product_tag-literatura-infantil-y-juvenil","10":"product_tag-literatura-mexicana","12":"first","13":"instock","14":"taxable","15":"shipping-taxable","16":"purchasable","17":"product-type-simple"},"acf":[],"yoast_head":"<!-- This site is optimized with the Yoast SEO plugin v27.3 - https:\/\/yoast.com\/product\/yoast-seo-wordpress\/ -->\n<title>\u00bfT&#039;\u00fari m\u00edtiski na xani i\u00f3nharhiski misiku?<\/title>\n<meta name=\"description\" content=\"Mart\u00ednez, Zuleyma. \u00bfT&#039;\u00daRI M\u00cdTISKI NA XANI I\u00d3NHARHISKI MISIKU?. \/ Zuleyma Mart\u00ednez (coordinator). UNAM , ENES Morelia. 2020. ISBN : 9786073029865.\" \/>\n<meta name=\"robots\" content=\"index, follow, max-snippet:-1, max-image-preview:large, max-video-preview:-1\" \/>\n<link rel=\"canonical\" href=\"https:\/\/booksfrommexico.com\/es\/producto\/tri-mtiski-na-xani-inharhiski-misiku\/\" \/>\n<meta property=\"og:locale\" content=\"es_ES\" \/>\n<meta property=\"og:type\" content=\"article\" \/>\n<meta property=\"og:title\" content=\"\u00bfT&#039;\u00fari m\u00edtiski na xani i\u00f3nharhiski misiku?\" \/>\n<meta property=\"og:description\" content=\"Mart\u00ednez, Zuleyma. \u00bfT&#039;\u00daRI M\u00cdTISKI NA XANI I\u00d3NHARHISKI MISIKU?. \/ Zuleyma Mart\u00ednez (coordinator). UNAM , ENES Morelia. 2020. ISBN : 9786073029865.\" \/>\n<meta property=\"og:url\" content=\"https:\/\/booksfrommexico.com\/es\/producto\/tri-mtiski-na-xani-inharhiski-misiku\/\" \/>\n<meta property=\"og:site_name\" content=\"Books From Mexico\" \/>\n<meta property=\"article:modified_time\" content=\"2024-04-12T18:20:42+00:00\" \/>\n<meta property=\"og:image\" content=\"http:\/\/booksfrommexico.com\/app\/uploads\/2024\/04\/202073.jpeg\" \/>\n\t<meta property=\"og:image:width\" content=\"2256\" \/>\n\t<meta property=\"og:image:height\" content=\"2297\" \/>\n\t<meta property=\"og:image:type\" content=\"image\/jpeg\" \/>\n<meta name=\"twitter:card\" content=\"summary_large_image\" \/>\n<meta name=\"twitter:label1\" content=\"Tiempo de lectura\" \/>\n\t<meta name=\"twitter:data1\" content=\"1 minuto\" \/>\n<script type=\"application\/ld+json\" class=\"yoast-schema-graph\">{\"@context\":\"https:\\\/\\\/schema.org\",\"@graph\":[{\"@type\":\"WebPage\",\"@id\":\"https:\\\/\\\/booksfrommexico.com\\\/es\\\/producto\\\/tri-mtiski-na-xani-inharhiski-misiku\\\/\",\"url\":\"https:\\\/\\\/booksfrommexico.com\\\/es\\\/producto\\\/tri-mtiski-na-xani-inharhiski-misiku\\\/\",\"name\":\"\u00bfT'\u00fari m\u00edtiski na xani i\u00f3nharhiski misiku?\",\"isPartOf\":{\"@id\":\"https:\\\/\\\/booksfrommexico.com\\\/#website\"},\"primaryImageOfPage\":{\"@id\":\"https:\\\/\\\/booksfrommexico.com\\\/es\\\/producto\\\/tri-mtiski-na-xani-inharhiski-misiku\\\/#primaryimage\"},\"image\":{\"@id\":\"https:\\\/\\\/booksfrommexico.com\\\/es\\\/producto\\\/tri-mtiski-na-xani-inharhiski-misiku\\\/#primaryimage\"},\"thumbnailUrl\":\"https:\\\/\\\/booksfrommexico.com\\\/app\\\/uploads\\\/2024\\\/04\\\/202073.jpeg\",\"datePublished\":\"2024-04-09T21:16:05+00:00\",\"dateModified\":\"2024-04-12T18:20:42+00:00\",\"description\":\"Mart\u00ednez, Zuleyma. \u00bfT'\u00daRI M\u00cdTISKI NA XANI I\u00d3NHARHISKI MISIKU?. \\\/ Zuleyma Mart\u00ednez (coordinator). UNAM , ENES Morelia. 2020. ISBN : 9786073029865.\",\"breadcrumb\":{\"@id\":\"https:\\\/\\\/booksfrommexico.com\\\/es\\\/producto\\\/tri-mtiski-na-xani-inharhiski-misiku\\\/#breadcrumb\"},\"inLanguage\":\"es\",\"potentialAction\":[{\"@type\":\"ReadAction\",\"target\":[\"https:\\\/\\\/booksfrommexico.com\\\/es\\\/producto\\\/tri-mtiski-na-xani-inharhiski-misiku\\\/\"]}]},{\"@type\":\"ImageObject\",\"inLanguage\":\"es\",\"@id\":\"https:\\\/\\\/booksfrommexico.com\\\/es\\\/producto\\\/tri-mtiski-na-xani-inharhiski-misiku\\\/#primaryimage\",\"url\":\"https:\\\/\\\/booksfrommexico.com\\\/app\\\/uploads\\\/2024\\\/04\\\/202073.jpeg\",\"contentUrl\":\"https:\\\/\\\/booksfrommexico.com\\\/app\\\/uploads\\\/2024\\\/04\\\/202073.jpeg\",\"width\":2256,\"height\":2297},{\"@type\":\"BreadcrumbList\",\"@id\":\"https:\\\/\\\/booksfrommexico.com\\\/es\\\/producto\\\/tri-mtiski-na-xani-inharhiski-misiku\\\/#breadcrumb\",\"itemListElement\":[{\"@type\":\"ListItem\",\"position\":1,\"name\":\"Home\",\"item\":\"https:\\\/\\\/booksfrommexico.com\\\/es\\\/\"},{\"@type\":\"ListItem\",\"position\":2,\"name\":\"Libros\",\"item\":\"https:\\\/\\\/booksfrommexico.com\\\/es\\\/libros\\\/\"},{\"@type\":\"ListItem\",\"position\":3,\"name\":\"\u00bfT&#8217;\u00fari m\u00edtiski na xani i\u00f3nharhiski misiku?\"}]},{\"@type\":\"WebSite\",\"@id\":\"https:\\\/\\\/booksfrommexico.com\\\/#website\",\"url\":\"https:\\\/\\\/booksfrommexico.com\\\/\",\"name\":\"Books From Mexico\",\"description\":\"\",\"publisher\":{\"@id\":\"https:\\\/\\\/booksfrommexico.com\\\/#organization\"},\"potentialAction\":[{\"@type\":\"SearchAction\",\"target\":{\"@type\":\"EntryPoint\",\"urlTemplate\":\"https:\\\/\\\/booksfrommexico.com\\\/?s={search_term_string}\"},\"query-input\":{\"@type\":\"PropertyValueSpecification\",\"valueRequired\":true,\"valueName\":\"search_term_string\"}}],\"inLanguage\":\"es\"},{\"@type\":\"Organization\",\"@id\":\"https:\\\/\\\/booksfrommexico.com\\\/#organization\",\"name\":\"Books From Mexico\",\"url\":\"https:\\\/\\\/booksfrommexico.com\\\/\",\"logo\":{\"@type\":\"ImageObject\",\"inLanguage\":\"es\",\"@id\":\"https:\\\/\\\/booksfrommexico.com\\\/#\\\/schema\\\/logo\\\/image\\\/\",\"url\":\"https:\\\/\\\/booksfrommexico.com\\\/app\\\/uploads\\\/2023\\\/05\\\/logo-booksfrommexico.svg\",\"contentUrl\":\"https:\\\/\\\/booksfrommexico.com\\\/app\\\/uploads\\\/2023\\\/05\\\/logo-booksfrommexico.svg\",\"width\":86,\"height\":56,\"caption\":\"Books From Mexico\"},\"image\":{\"@id\":\"https:\\\/\\\/booksfrommexico.com\\\/#\\\/schema\\\/logo\\\/image\\\/\"}}]}<\/script>\n<!-- \/ Yoast SEO plugin. -->","yoast_head_json":{"title":"\u00bfT'\u00fari m\u00edtiski na xani i\u00f3nharhiski misiku?","description":"Mart\u00ednez, Zuleyma. \u00bfT'\u00daRI M\u00cdTISKI NA XANI I\u00d3NHARHISKI MISIKU?. \/ Zuleyma Mart\u00ednez (coordinator). UNAM , ENES Morelia. 2020. ISBN : 9786073029865.","robots":{"index":"index","follow":"follow","max-snippet":"max-snippet:-1","max-image-preview":"max-image-preview:large","max-video-preview":"max-video-preview:-1"},"canonical":"https:\/\/booksfrommexico.com\/es\/producto\/tri-mtiski-na-xani-inharhiski-misiku\/","og_locale":"es_ES","og_type":"article","og_title":"\u00bfT'\u00fari m\u00edtiski na xani i\u00f3nharhiski misiku?","og_description":"Mart\u00ednez, Zuleyma. \u00bfT'\u00daRI M\u00cdTISKI NA XANI I\u00d3NHARHISKI MISIKU?. \/ Zuleyma Mart\u00ednez (coordinator). UNAM , ENES Morelia. 2020. ISBN : 9786073029865.","og_url":"https:\/\/booksfrommexico.com\/es\/producto\/tri-mtiski-na-xani-inharhiski-misiku\/","og_site_name":"Books From Mexico","article_modified_time":"2024-04-12T18:20:42+00:00","og_image":[{"width":2256,"height":2297,"url":"http:\/\/booksfrommexico.com\/app\/uploads\/2024\/04\/202073.jpeg","type":"image\/jpeg"}],"twitter_card":"summary_large_image","twitter_misc":{"Tiempo de lectura":"1 minuto"},"schema":{"@context":"https:\/\/schema.org","@graph":[{"@type":"WebPage","@id":"https:\/\/booksfrommexico.com\/es\/producto\/tri-mtiski-na-xani-inharhiski-misiku\/","url":"https:\/\/booksfrommexico.com\/es\/producto\/tri-mtiski-na-xani-inharhiski-misiku\/","name":"\u00bfT'\u00fari m\u00edtiski na xani i\u00f3nharhiski misiku?","isPartOf":{"@id":"https:\/\/booksfrommexico.com\/#website"},"primaryImageOfPage":{"@id":"https:\/\/booksfrommexico.com\/es\/producto\/tri-mtiski-na-xani-inharhiski-misiku\/#primaryimage"},"image":{"@id":"https:\/\/booksfrommexico.com\/es\/producto\/tri-mtiski-na-xani-inharhiski-misiku\/#primaryimage"},"thumbnailUrl":"https:\/\/booksfrommexico.com\/app\/uploads\/2024\/04\/202073.jpeg","datePublished":"2024-04-09T21:16:05+00:00","dateModified":"2024-04-12T18:20:42+00:00","description":"Mart\u00ednez, Zuleyma. \u00bfT'\u00daRI M\u00cdTISKI NA XANI I\u00d3NHARHISKI MISIKU?. \/ Zuleyma Mart\u00ednez (coordinator). UNAM , ENES Morelia. 2020. ISBN : 9786073029865.","breadcrumb":{"@id":"https:\/\/booksfrommexico.com\/es\/producto\/tri-mtiski-na-xani-inharhiski-misiku\/#breadcrumb"},"inLanguage":"es","potentialAction":[{"@type":"ReadAction","target":["https:\/\/booksfrommexico.com\/es\/producto\/tri-mtiski-na-xani-inharhiski-misiku\/"]}]},{"@type":"ImageObject","inLanguage":"es","@id":"https:\/\/booksfrommexico.com\/es\/producto\/tri-mtiski-na-xani-inharhiski-misiku\/#primaryimage","url":"https:\/\/booksfrommexico.com\/app\/uploads\/2024\/04\/202073.jpeg","contentUrl":"https:\/\/booksfrommexico.com\/app\/uploads\/2024\/04\/202073.jpeg","width":2256,"height":2297},{"@type":"BreadcrumbList","@id":"https:\/\/booksfrommexico.com\/es\/producto\/tri-mtiski-na-xani-inharhiski-misiku\/#breadcrumb","itemListElement":[{"@type":"ListItem","position":1,"name":"Home","item":"https:\/\/booksfrommexico.com\/es\/"},{"@type":"ListItem","position":2,"name":"Libros","item":"https:\/\/booksfrommexico.com\/es\/libros\/"},{"@type":"ListItem","position":3,"name":"\u00bfT&#8217;\u00fari m\u00edtiski na xani i\u00f3nharhiski misiku?"}]},{"@type":"WebSite","@id":"https:\/\/booksfrommexico.com\/#website","url":"https:\/\/booksfrommexico.com\/","name":"Books From Mexico","description":"","publisher":{"@id":"https:\/\/booksfrommexico.com\/#organization"},"potentialAction":[{"@type":"SearchAction","target":{"@type":"EntryPoint","urlTemplate":"https:\/\/booksfrommexico.com\/?s={search_term_string}"},"query-input":{"@type":"PropertyValueSpecification","valueRequired":true,"valueName":"search_term_string"}}],"inLanguage":"es"},{"@type":"Organization","@id":"https:\/\/booksfrommexico.com\/#organization","name":"Books From Mexico","url":"https:\/\/booksfrommexico.com\/","logo":{"@type":"ImageObject","inLanguage":"es","@id":"https:\/\/booksfrommexico.com\/#\/schema\/logo\/image\/","url":"https:\/\/booksfrommexico.com\/app\/uploads\/2023\/05\/logo-booksfrommexico.svg","contentUrl":"https:\/\/booksfrommexico.com\/app\/uploads\/2023\/05\/logo-booksfrommexico.svg","width":86,"height":56,"caption":"Books From Mexico"},"image":{"@id":"https:\/\/booksfrommexico.com\/#\/schema\/logo\/image\/"}}]}},"_links":{"self":[{"href":"https:\/\/booksfrommexico.com\/es\/wp-json\/wp\/v2\/product\/5521","targetHints":{"allow":["GET"]}}],"collection":[{"href":"https:\/\/booksfrommexico.com\/es\/wp-json\/wp\/v2\/product"}],"about":[{"href":"https:\/\/booksfrommexico.com\/es\/wp-json\/wp\/v2\/types\/product"}],"wp:featuredmedia":[{"embeddable":true,"href":"https:\/\/booksfrommexico.com\/es\/wp-json\/wp\/v2\/media\/5525"}],"wp:attachment":[{"href":"https:\/\/booksfrommexico.com\/es\/wp-json\/wp\/v2\/media?parent=5521"}],"wp:term":[{"taxonomy":"product_brand","embeddable":true,"href":"https:\/\/booksfrommexico.com\/es\/wp-json\/wp\/v2\/product_brand?post=5521"},{"taxonomy":"product_cat","embeddable":true,"href":"https:\/\/booksfrommexico.com\/es\/wp-json\/wp\/v2\/product_cat?post=5521"},{"taxonomy":"product_tag","embeddable":true,"href":"https:\/\/booksfrommexico.com\/es\/wp-json\/wp\/v2\/product_tag?post=5521"}],"curies":[{"name":"wp","href":"https:\/\/api.w.org\/{rel}","templated":true}]}}