{"id":555,"date":"2023-05-08T17:03:55","date_gmt":"2023-05-08T17:03:55","guid":{"rendered":"http:\/\/booksfrommexico.com\/product\/con-mi-guitarra-en-la-mano-tablaturas-para-guitarra-de-golpe-y-vihuela\/"},"modified":"2024-09-23T04:02:01","modified_gmt":"2024-09-23T04:02:01","slug":"con-mi-guitarra-en-la-mano-tablaturas-para-guitarra-de-golpe-y-vihuela","status":"publish","type":"product","link":"https:\/\/booksfrommexico.com\/es\/producto\/con-mi-guitarra-en-la-mano-tablaturas-para-guitarra-de-golpe-y-vihuela\/","title":{"rendered":"&#8230;Con mi guitarra en la mano: Tablaturas para guitarra de golpe y vihuela"},"content":{"rendered":"<p><span style=\"font-weight: 400;\">Pese a que la guitarra de golpe cuenta con una tradici\u00f3n de m\u00e1s 400 a\u00f1os en Michoac\u00e1n, en la actualidad quedan pocos constructores y pocos m\u00fasicos que la toquen o la hayan escuchado en su estilo antiguo. La ense\u00f1anza de este instrumento se transmit\u00eda de padres a hijos o de maestros a disc\u00edpulos, mediante lecciones pr\u00e1cticas cotidianas, sin embargo es complicado encontrar a un maestro, ya que su mayor\u00eda son adultos mayores con poca paciencia para los ni\u00f1os. Este es un manual que busca servir para que ni\u00f1os y j\u00f3venes tengan un primer contacto ya sea con la guitarra de golpe o la vihuela, de modo que el maestro tradicional sea necesario cuando hayan logrado cierto avance.<\/span><\/p>\n","protected":false},"excerpt":{"rendered":"<p>&#8230;CON MI GUITARRA EN LA MANO : TABLATURAS PARA GUITARRA DE GOLPE Y VIHUELA<span style=\"font-weight: 400;\">. \/ Alejandro Mart\u00ednez de la Rosa, V\u00edctor Hern\u00e1ndez Vaca, Mariano Herrera Castro, Jorge Am\u00f3s Mart\u00ednez Ayala. Morelia, Michoac\u00e1n, M\u00e9xico : Proyecto Tepalcatepec ; El Colegio de Michoac\u00e1n ; M\u00fasica y Baile Tradicional, 2005. 136 pages : includes music sheets, photos, bibliography ; 21 cm. ISBN : 970703355X.<\/span><\/p>\n","protected":false},"featured_media":554,"template":"","meta":{"_acf_changed":false,"inline_featured_image":false},"product_brand":[],"product_cat":[325,4493],"product_tag":[3705,3922,4496,4495],"class_list":{"0":"post-555","1":"product","2":"type-product","3":"status-publish","4":"has-post-thumbnail","6":"product_cat-musica","7":"product_cat-partituras-y-manuales","8":"product_tag-michoacan-mexico","9":"product_tag-musica","10":"product_tag-musica-tradicional","11":"product_tag-tablaturas","13":"first","14":"outofstock","15":"taxable","16":"shipping-taxable","17":"purchasable","18":"product-type-simple"},"acf":[],"yoast_head":"<!-- This site is optimized with the Yoast SEO plugin v27.3 - https:\/\/yoast.com\/product\/yoast-seo-wordpress\/ -->\n<title>Con guitarra en mano: Tablaturas para guitarra de golpe y vihuela<\/title>\n<meta name=\"description\" content=\"...CON MI GUITARRA EN LA MANO : TABLATURAS PARA GUITARRA DE GOLPE Y VIHUELA. \/ Mart\u00ednez de la Rosa, Hern\u00e1ndez Vaca, Herrera Castro, Mart\u00ednez Ayala. 2005.\" \/>\n<meta name=\"robots\" content=\"index, follow, max-snippet:-1, max-image-preview:large, max-video-preview:-1\" \/>\n<link rel=\"canonical\" href=\"https:\/\/booksfrommexico.com\/es\/producto\/con-mi-guitarra-en-la-mano-tablaturas-para-guitarra-de-golpe-y-vihuela\/\" \/>\n<meta property=\"og:locale\" content=\"es_ES\" \/>\n<meta property=\"og:type\" content=\"article\" \/>\n<meta property=\"og:title\" content=\"Con guitarra en mano: Tablaturas para guitarra de golpe y vihuela\" \/>\n<meta property=\"og:description\" content=\"...CON MI GUITARRA EN LA MANO : TABLATURAS PARA GUITARRA DE GOLPE Y VIHUELA. \/ Mart\u00ednez de la Rosa, Hern\u00e1ndez Vaca, Herrera Castro, Mart\u00ednez Ayala. 2005.\" \/>\n<meta property=\"og:url\" content=\"https:\/\/booksfrommexico.com\/es\/producto\/con-mi-guitarra-en-la-mano-tablaturas-para-guitarra-de-golpe-y-vihuela\/\" \/>\n<meta property=\"og:site_name\" content=\"Books From Mexico\" \/>\n<meta property=\"article:modified_time\" content=\"2024-09-23T04:02:01+00:00\" \/>\n<meta property=\"og:image\" content=\"http:\/\/booksfrommexico.com\/app\/uploads\/2023\/05\/129245-.jpeg\" \/>\n\t<meta property=\"og:image:width\" content=\"401\" \/>\n\t<meta property=\"og:image:height\" content=\"603\" \/>\n\t<meta property=\"og:image:type\" content=\"image\/jpeg\" \/>\n<meta name=\"twitter:card\" content=\"summary_large_image\" \/>\n<meta name=\"twitter:label1\" content=\"Tiempo de lectura\" \/>\n\t<meta name=\"twitter:data1\" content=\"1 minuto\" \/>\n<script type=\"application\/ld+json\" class=\"yoast-schema-graph\">{\"@context\":\"https:\\\/\\\/schema.org\",\"@graph\":[{\"@type\":\"WebPage\",\"@id\":\"https:\\\/\\\/booksfrommexico.com\\\/es\\\/producto\\\/con-mi-guitarra-en-la-mano-tablaturas-para-guitarra-de-golpe-y-vihuela\\\/\",\"url\":\"https:\\\/\\\/booksfrommexico.com\\\/es\\\/producto\\\/con-mi-guitarra-en-la-mano-tablaturas-para-guitarra-de-golpe-y-vihuela\\\/\",\"name\":\"Con guitarra en mano: Tablaturas para guitarra de golpe y vihuela\",\"isPartOf\":{\"@id\":\"https:\\\/\\\/booksfrommexico.com\\\/#website\"},\"primaryImageOfPage\":{\"@id\":\"https:\\\/\\\/booksfrommexico.com\\\/es\\\/producto\\\/con-mi-guitarra-en-la-mano-tablaturas-para-guitarra-de-golpe-y-vihuela\\\/#primaryimage\"},\"image\":{\"@id\":\"https:\\\/\\\/booksfrommexico.com\\\/es\\\/producto\\\/con-mi-guitarra-en-la-mano-tablaturas-para-guitarra-de-golpe-y-vihuela\\\/#primaryimage\"},\"thumbnailUrl\":\"https:\\\/\\\/booksfrommexico.com\\\/app\\\/uploads\\\/2023\\\/05\\\/129245-.jpeg\",\"datePublished\":\"2023-05-08T17:03:55+00:00\",\"dateModified\":\"2024-09-23T04:02:01+00:00\",\"description\":\"...CON MI GUITARRA EN LA MANO : TABLATURAS PARA GUITARRA DE GOLPE Y VIHUELA. \\\/ Mart\u00ednez de la Rosa, Hern\u00e1ndez Vaca, Herrera Castro, Mart\u00ednez Ayala. 2005.\",\"breadcrumb\":{\"@id\":\"https:\\\/\\\/booksfrommexico.com\\\/es\\\/producto\\\/con-mi-guitarra-en-la-mano-tablaturas-para-guitarra-de-golpe-y-vihuela\\\/#breadcrumb\"},\"inLanguage\":\"es\",\"potentialAction\":[{\"@type\":\"ReadAction\",\"target\":[\"https:\\\/\\\/booksfrommexico.com\\\/es\\\/producto\\\/con-mi-guitarra-en-la-mano-tablaturas-para-guitarra-de-golpe-y-vihuela\\\/\"]}]},{\"@type\":\"ImageObject\",\"inLanguage\":\"es\",\"@id\":\"https:\\\/\\\/booksfrommexico.com\\\/es\\\/producto\\\/con-mi-guitarra-en-la-mano-tablaturas-para-guitarra-de-golpe-y-vihuela\\\/#primaryimage\",\"url\":\"https:\\\/\\\/booksfrommexico.com\\\/app\\\/uploads\\\/2023\\\/05\\\/129245-.jpeg\",\"contentUrl\":\"https:\\\/\\\/booksfrommexico.com\\\/app\\\/uploads\\\/2023\\\/05\\\/129245-.jpeg\",\"width\":401,\"height\":603},{\"@type\":\"BreadcrumbList\",\"@id\":\"https:\\\/\\\/booksfrommexico.com\\\/es\\\/producto\\\/con-mi-guitarra-en-la-mano-tablaturas-para-guitarra-de-golpe-y-vihuela\\\/#breadcrumb\",\"itemListElement\":[{\"@type\":\"ListItem\",\"position\":1,\"name\":\"Home\",\"item\":\"https:\\\/\\\/booksfrommexico.com\\\/es\\\/\"},{\"@type\":\"ListItem\",\"position\":2,\"name\":\"Libros\",\"item\":\"https:\\\/\\\/booksfrommexico.com\\\/es\\\/libros\\\/\"},{\"@type\":\"ListItem\",\"position\":3,\"name\":\"&#8230;Con mi guitarra en la mano: Tablaturas para guitarra de golpe y vihuela\"}]},{\"@type\":\"WebSite\",\"@id\":\"https:\\\/\\\/booksfrommexico.com\\\/#website\",\"url\":\"https:\\\/\\\/booksfrommexico.com\\\/\",\"name\":\"Books From Mexico\",\"description\":\"\",\"publisher\":{\"@id\":\"https:\\\/\\\/booksfrommexico.com\\\/#organization\"},\"potentialAction\":[{\"@type\":\"SearchAction\",\"target\":{\"@type\":\"EntryPoint\",\"urlTemplate\":\"https:\\\/\\\/booksfrommexico.com\\\/?s={search_term_string}\"},\"query-input\":{\"@type\":\"PropertyValueSpecification\",\"valueRequired\":true,\"valueName\":\"search_term_string\"}}],\"inLanguage\":\"es\"},{\"@type\":\"Organization\",\"@id\":\"https:\\\/\\\/booksfrommexico.com\\\/#organization\",\"name\":\"Books From Mexico\",\"url\":\"https:\\\/\\\/booksfrommexico.com\\\/\",\"logo\":{\"@type\":\"ImageObject\",\"inLanguage\":\"es\",\"@id\":\"https:\\\/\\\/booksfrommexico.com\\\/#\\\/schema\\\/logo\\\/image\\\/\",\"url\":\"https:\\\/\\\/booksfrommexico.com\\\/app\\\/uploads\\\/2023\\\/05\\\/logo-booksfrommexico.svg\",\"contentUrl\":\"https:\\\/\\\/booksfrommexico.com\\\/app\\\/uploads\\\/2023\\\/05\\\/logo-booksfrommexico.svg\",\"width\":86,\"height\":56,\"caption\":\"Books From Mexico\"},\"image\":{\"@id\":\"https:\\\/\\\/booksfrommexico.com\\\/#\\\/schema\\\/logo\\\/image\\\/\"}}]}<\/script>\n<!-- \/ Yoast SEO plugin. -->","yoast_head_json":{"title":"Con guitarra en mano: Tablaturas para guitarra de golpe y vihuela","description":"...CON MI GUITARRA EN LA MANO : TABLATURAS PARA GUITARRA DE GOLPE Y VIHUELA. \/ Mart\u00ednez de la Rosa, Hern\u00e1ndez Vaca, Herrera Castro, Mart\u00ednez Ayala. 2005.","robots":{"index":"index","follow":"follow","max-snippet":"max-snippet:-1","max-image-preview":"max-image-preview:large","max-video-preview":"max-video-preview:-1"},"canonical":"https:\/\/booksfrommexico.com\/es\/producto\/con-mi-guitarra-en-la-mano-tablaturas-para-guitarra-de-golpe-y-vihuela\/","og_locale":"es_ES","og_type":"article","og_title":"Con guitarra en mano: Tablaturas para guitarra de golpe y vihuela","og_description":"...CON MI GUITARRA EN LA MANO : TABLATURAS PARA GUITARRA DE GOLPE Y VIHUELA. \/ Mart\u00ednez de la Rosa, Hern\u00e1ndez Vaca, Herrera Castro, Mart\u00ednez Ayala. 2005.","og_url":"https:\/\/booksfrommexico.com\/es\/producto\/con-mi-guitarra-en-la-mano-tablaturas-para-guitarra-de-golpe-y-vihuela\/","og_site_name":"Books From Mexico","article_modified_time":"2024-09-23T04:02:01+00:00","og_image":[{"width":401,"height":603,"url":"http:\/\/booksfrommexico.com\/app\/uploads\/2023\/05\/129245-.jpeg","type":"image\/jpeg"}],"twitter_card":"summary_large_image","twitter_misc":{"Tiempo de lectura":"1 minuto"},"schema":{"@context":"https:\/\/schema.org","@graph":[{"@type":"WebPage","@id":"https:\/\/booksfrommexico.com\/es\/producto\/con-mi-guitarra-en-la-mano-tablaturas-para-guitarra-de-golpe-y-vihuela\/","url":"https:\/\/booksfrommexico.com\/es\/producto\/con-mi-guitarra-en-la-mano-tablaturas-para-guitarra-de-golpe-y-vihuela\/","name":"Con guitarra en mano: Tablaturas para guitarra de golpe y vihuela","isPartOf":{"@id":"https:\/\/booksfrommexico.com\/#website"},"primaryImageOfPage":{"@id":"https:\/\/booksfrommexico.com\/es\/producto\/con-mi-guitarra-en-la-mano-tablaturas-para-guitarra-de-golpe-y-vihuela\/#primaryimage"},"image":{"@id":"https:\/\/booksfrommexico.com\/es\/producto\/con-mi-guitarra-en-la-mano-tablaturas-para-guitarra-de-golpe-y-vihuela\/#primaryimage"},"thumbnailUrl":"https:\/\/booksfrommexico.com\/app\/uploads\/2023\/05\/129245-.jpeg","datePublished":"2023-05-08T17:03:55+00:00","dateModified":"2024-09-23T04:02:01+00:00","description":"...CON MI GUITARRA EN LA MANO : TABLATURAS PARA GUITARRA DE GOLPE Y VIHUELA. \/ Mart\u00ednez de la Rosa, Hern\u00e1ndez Vaca, Herrera Castro, Mart\u00ednez Ayala. 2005.","breadcrumb":{"@id":"https:\/\/booksfrommexico.com\/es\/producto\/con-mi-guitarra-en-la-mano-tablaturas-para-guitarra-de-golpe-y-vihuela\/#breadcrumb"},"inLanguage":"es","potentialAction":[{"@type":"ReadAction","target":["https:\/\/booksfrommexico.com\/es\/producto\/con-mi-guitarra-en-la-mano-tablaturas-para-guitarra-de-golpe-y-vihuela\/"]}]},{"@type":"ImageObject","inLanguage":"es","@id":"https:\/\/booksfrommexico.com\/es\/producto\/con-mi-guitarra-en-la-mano-tablaturas-para-guitarra-de-golpe-y-vihuela\/#primaryimage","url":"https:\/\/booksfrommexico.com\/app\/uploads\/2023\/05\/129245-.jpeg","contentUrl":"https:\/\/booksfrommexico.com\/app\/uploads\/2023\/05\/129245-.jpeg","width":401,"height":603},{"@type":"BreadcrumbList","@id":"https:\/\/booksfrommexico.com\/es\/producto\/con-mi-guitarra-en-la-mano-tablaturas-para-guitarra-de-golpe-y-vihuela\/#breadcrumb","itemListElement":[{"@type":"ListItem","position":1,"name":"Home","item":"https:\/\/booksfrommexico.com\/es\/"},{"@type":"ListItem","position":2,"name":"Libros","item":"https:\/\/booksfrommexico.com\/es\/libros\/"},{"@type":"ListItem","position":3,"name":"&#8230;Con mi guitarra en la mano: Tablaturas para guitarra de golpe y vihuela"}]},{"@type":"WebSite","@id":"https:\/\/booksfrommexico.com\/#website","url":"https:\/\/booksfrommexico.com\/","name":"Books From Mexico","description":"","publisher":{"@id":"https:\/\/booksfrommexico.com\/#organization"},"potentialAction":[{"@type":"SearchAction","target":{"@type":"EntryPoint","urlTemplate":"https:\/\/booksfrommexico.com\/?s={search_term_string}"},"query-input":{"@type":"PropertyValueSpecification","valueRequired":true,"valueName":"search_term_string"}}],"inLanguage":"es"},{"@type":"Organization","@id":"https:\/\/booksfrommexico.com\/#organization","name":"Books From Mexico","url":"https:\/\/booksfrommexico.com\/","logo":{"@type":"ImageObject","inLanguage":"es","@id":"https:\/\/booksfrommexico.com\/#\/schema\/logo\/image\/","url":"https:\/\/booksfrommexico.com\/app\/uploads\/2023\/05\/logo-booksfrommexico.svg","contentUrl":"https:\/\/booksfrommexico.com\/app\/uploads\/2023\/05\/logo-booksfrommexico.svg","width":86,"height":56,"caption":"Books From Mexico"},"image":{"@id":"https:\/\/booksfrommexico.com\/#\/schema\/logo\/image\/"}}]}},"_links":{"self":[{"href":"https:\/\/booksfrommexico.com\/es\/wp-json\/wp\/v2\/product\/555","targetHints":{"allow":["GET"]}}],"collection":[{"href":"https:\/\/booksfrommexico.com\/es\/wp-json\/wp\/v2\/product"}],"about":[{"href":"https:\/\/booksfrommexico.com\/es\/wp-json\/wp\/v2\/types\/product"}],"wp:featuredmedia":[{"embeddable":true,"href":"https:\/\/booksfrommexico.com\/es\/wp-json\/wp\/v2\/media\/554"}],"wp:attachment":[{"href":"https:\/\/booksfrommexico.com\/es\/wp-json\/wp\/v2\/media?parent=555"}],"wp:term":[{"taxonomy":"product_brand","embeddable":true,"href":"https:\/\/booksfrommexico.com\/es\/wp-json\/wp\/v2\/product_brand?post=555"},{"taxonomy":"product_cat","embeddable":true,"href":"https:\/\/booksfrommexico.com\/es\/wp-json\/wp\/v2\/product_cat?post=555"},{"taxonomy":"product_tag","embeddable":true,"href":"https:\/\/booksfrommexico.com\/es\/wp-json\/wp\/v2\/product_tag?post=555"}],"curies":[{"name":"wp","href":"https:\/\/api.w.org\/{rel}","templated":true}]}}