{"id":557,"date":"2023-05-08T17:03:57","date_gmt":"2023-05-08T17:03:57","guid":{"rendered":"http:\/\/booksfrommexico.com\/product\/album-de-la-coronacion-de-la-sma-virgen-de-guadalupe\/"},"modified":"2025-04-21T17:53:49","modified_gmt":"2025-04-21T17:53:49","slug":"album-de-la-coronacion-de-la-sma-virgen-de-guadalupe","status":"publish","type":"product","link":"https:\/\/booksfrommexico.com\/es\/producto\/album-de-la-coronacion-de-la-sma-virgen-de-guadalupe\/","title":{"rendered":"\u00c1lbum de la coronaci\u00f3n de la Sma. Virgen de Guadalupe"},"content":{"rendered":"<p><span style=\"font-weight: 400;\">El Instituto Jalisciense de Antropolog\u00eda e Historia edita bajo el n\u00famero 16 de la Serie Facsimilar este ejemplar que guarda un tenor especial por tratarse de religi\u00f3n m\u00e1s que de historia, adentrando en la conducta social de un pueblo religioso. Aparecido como una compilaci\u00f3n del derrotero mariano, las p\u00e1ginas del <\/span><i><span style=\"font-weight: 400;\">\u00c1lbum de la Coronaci\u00f3n de la Sma. Virgen de Guadalupe <\/span><\/i><span style=\"font-weight: 400;\">son trabajo emitido por el peri\u00f3dico <\/span><i><span style=\"font-weight: 400;\">El tiempo, Diario Cat\u00f3lico de M\u00e9xico <\/span><\/i><span style=\"font-weight: 400;\">con motivo de la coronaci\u00f3n que a la virgen se le hiciera. El <\/span><i><span style=\"font-weight: 400;\">\u00e1lbum <\/span><\/i><span style=\"font-weight: 400;\">es una compilaci\u00f3n de retratos, cuadros, estatuas, acontecimientos, e incluye un facs\u00edmil del original.<\/span><\/p>\n<p><br style=\"font-weight: 400;\" \/><br style=\"font-weight: 400;\" \/><\/p>\n","protected":false},"excerpt":{"rendered":"<p>\u00c1LBUM DE LA CORONACI\u00d3N DE LA SMA. VIRGEN DE GUADALUPE<span style=\"font-weight: 400;\">. \/ Zapopan, Jalisco, M\u00e9xico : Gobierno del Estado de Jalisco , Instituto Jaliciense de Antropolog\u00eda e Historia, [1990?]. 197 pages : includes facsimile ; 31 cm. (Colecci\u00f3n Hist\u00f3rica de Obras Facsimilares ; Serie Facsimilar).<\/span><\/p>\n","protected":false},"featured_media":556,"template":"","meta":{"_acf_changed":false,"inline_featured_image":false},"product_brand":[],"product_cat":[27,158],"product_tag":[4398,4427,3729],"class_list":{"0":"post-557","1":"product","2":"type-product","3":"status-publish","4":"has-post-thumbnail","6":"product_cat-historia","7":"product_cat-religion-y-sociedad","8":"product_tag-historia-mexico","9":"product_tag-jalisco-mexico","10":"product_tag-religion","12":"first","13":"outofstock","14":"taxable","15":"shipping-taxable","16":"purchasable","17":"product-type-simple"},"acf":[],"yoast_head":"<!-- This site is optimized with the Yoast SEO plugin v27.3 - https:\/\/yoast.com\/product\/yoast-seo-wordpress\/ -->\n<title>\u00c1lbum de la coronaci\u00f3n de la Sma. Virgen de Guadalupe<\/title>\n<meta name=\"description\" content=\"\u00c1LBUM DE LA CORONACI\u00d3N DE LA SMA. VIRGEN DE GUADALUPE. \/ Gobierno del Estado de Jalisco , Instituto Jaliciense de Antropolog\u00eda e Historia, [1990?].\" \/>\n<meta name=\"robots\" content=\"index, follow, max-snippet:-1, max-image-preview:large, max-video-preview:-1\" \/>\n<link rel=\"canonical\" href=\"https:\/\/booksfrommexico.com\/es\/producto\/album-de-la-coronacion-de-la-sma-virgen-de-guadalupe\/\" \/>\n<meta property=\"og:locale\" content=\"es_ES\" \/>\n<meta property=\"og:type\" content=\"article\" \/>\n<meta property=\"og:title\" content=\"\u00c1lbum de la coronaci\u00f3n de la Sma. Virgen de Guadalupe\" \/>\n<meta property=\"og:description\" content=\"\u00c1LBUM DE LA CORONACI\u00d3N DE LA SMA. VIRGEN DE GUADALUPE. \/ Gobierno del Estado de Jalisco , Instituto Jaliciense de Antropolog\u00eda e Historia, [1990?].\" \/>\n<meta property=\"og:url\" content=\"https:\/\/booksfrommexico.com\/es\/producto\/album-de-la-coronacion-de-la-sma-virgen-de-guadalupe\/\" \/>\n<meta property=\"og:site_name\" content=\"Books From Mexico\" \/>\n<meta property=\"article:modified_time\" content=\"2025-04-21T17:53:49+00:00\" \/>\n<meta property=\"og:image\" content=\"http:\/\/booksfrommexico.com\/app\/uploads\/2023\/05\/129526.jpeg\" \/>\n\t<meta property=\"og:image:width\" content=\"617\" \/>\n\t<meta property=\"og:image:height\" content=\"840\" \/>\n\t<meta property=\"og:image:type\" content=\"image\/jpeg\" \/>\n<meta name=\"twitter:card\" content=\"summary_large_image\" \/>\n<meta name=\"twitter:label1\" content=\"Tiempo de lectura\" \/>\n\t<meta name=\"twitter:data1\" content=\"1 minuto\" \/>\n<script type=\"application\/ld+json\" class=\"yoast-schema-graph\">{\"@context\":\"https:\\\/\\\/schema.org\",\"@graph\":[{\"@type\":\"WebPage\",\"@id\":\"https:\\\/\\\/booksfrommexico.com\\\/es\\\/producto\\\/album-de-la-coronacion-de-la-sma-virgen-de-guadalupe\\\/\",\"url\":\"https:\\\/\\\/booksfrommexico.com\\\/es\\\/producto\\\/album-de-la-coronacion-de-la-sma-virgen-de-guadalupe\\\/\",\"name\":\"\u00c1lbum de la coronaci\u00f3n de la Sma. Virgen de Guadalupe\",\"isPartOf\":{\"@id\":\"https:\\\/\\\/booksfrommexico.com\\\/#website\"},\"primaryImageOfPage\":{\"@id\":\"https:\\\/\\\/booksfrommexico.com\\\/es\\\/producto\\\/album-de-la-coronacion-de-la-sma-virgen-de-guadalupe\\\/#primaryimage\"},\"image\":{\"@id\":\"https:\\\/\\\/booksfrommexico.com\\\/es\\\/producto\\\/album-de-la-coronacion-de-la-sma-virgen-de-guadalupe\\\/#primaryimage\"},\"thumbnailUrl\":\"https:\\\/\\\/booksfrommexico.com\\\/app\\\/uploads\\\/2023\\\/05\\\/129526.jpeg\",\"datePublished\":\"2023-05-08T17:03:57+00:00\",\"dateModified\":\"2025-04-21T17:53:49+00:00\",\"description\":\"\u00c1LBUM DE LA CORONACI\u00d3N DE LA SMA. VIRGEN DE GUADALUPE. \\\/ Gobierno del Estado de Jalisco , Instituto Jaliciense de Antropolog\u00eda e Historia, [1990?].\",\"breadcrumb\":{\"@id\":\"https:\\\/\\\/booksfrommexico.com\\\/es\\\/producto\\\/album-de-la-coronacion-de-la-sma-virgen-de-guadalupe\\\/#breadcrumb\"},\"inLanguage\":\"es\",\"potentialAction\":[{\"@type\":\"ReadAction\",\"target\":[\"https:\\\/\\\/booksfrommexico.com\\\/es\\\/producto\\\/album-de-la-coronacion-de-la-sma-virgen-de-guadalupe\\\/\"]}]},{\"@type\":\"ImageObject\",\"inLanguage\":\"es\",\"@id\":\"https:\\\/\\\/booksfrommexico.com\\\/es\\\/producto\\\/album-de-la-coronacion-de-la-sma-virgen-de-guadalupe\\\/#primaryimage\",\"url\":\"https:\\\/\\\/booksfrommexico.com\\\/app\\\/uploads\\\/2023\\\/05\\\/129526.jpeg\",\"contentUrl\":\"https:\\\/\\\/booksfrommexico.com\\\/app\\\/uploads\\\/2023\\\/05\\\/129526.jpeg\",\"width\":617,\"height\":840},{\"@type\":\"BreadcrumbList\",\"@id\":\"https:\\\/\\\/booksfrommexico.com\\\/es\\\/producto\\\/album-de-la-coronacion-de-la-sma-virgen-de-guadalupe\\\/#breadcrumb\",\"itemListElement\":[{\"@type\":\"ListItem\",\"position\":1,\"name\":\"Home\",\"item\":\"https:\\\/\\\/booksfrommexico.com\\\/es\\\/\"},{\"@type\":\"ListItem\",\"position\":2,\"name\":\"Libros\",\"item\":\"https:\\\/\\\/booksfrommexico.com\\\/es\\\/libros\\\/\"},{\"@type\":\"ListItem\",\"position\":3,\"name\":\"\u00c1lbum de la coronaci\u00f3n de la Sma. Virgen de Guadalupe\"}]},{\"@type\":\"WebSite\",\"@id\":\"https:\\\/\\\/booksfrommexico.com\\\/#website\",\"url\":\"https:\\\/\\\/booksfrommexico.com\\\/\",\"name\":\"Books From Mexico\",\"description\":\"\",\"publisher\":{\"@id\":\"https:\\\/\\\/booksfrommexico.com\\\/#organization\"},\"potentialAction\":[{\"@type\":\"SearchAction\",\"target\":{\"@type\":\"EntryPoint\",\"urlTemplate\":\"https:\\\/\\\/booksfrommexico.com\\\/?s={search_term_string}\"},\"query-input\":{\"@type\":\"PropertyValueSpecification\",\"valueRequired\":true,\"valueName\":\"search_term_string\"}}],\"inLanguage\":\"es\"},{\"@type\":\"Organization\",\"@id\":\"https:\\\/\\\/booksfrommexico.com\\\/#organization\",\"name\":\"Books From Mexico\",\"url\":\"https:\\\/\\\/booksfrommexico.com\\\/\",\"logo\":{\"@type\":\"ImageObject\",\"inLanguage\":\"es\",\"@id\":\"https:\\\/\\\/booksfrommexico.com\\\/#\\\/schema\\\/logo\\\/image\\\/\",\"url\":\"https:\\\/\\\/booksfrommexico.com\\\/app\\\/uploads\\\/2023\\\/05\\\/logo-booksfrommexico.svg\",\"contentUrl\":\"https:\\\/\\\/booksfrommexico.com\\\/app\\\/uploads\\\/2023\\\/05\\\/logo-booksfrommexico.svg\",\"width\":86,\"height\":56,\"caption\":\"Books From Mexico\"},\"image\":{\"@id\":\"https:\\\/\\\/booksfrommexico.com\\\/#\\\/schema\\\/logo\\\/image\\\/\"}}]}<\/script>\n<!-- \/ Yoast SEO plugin. -->","yoast_head_json":{"title":"\u00c1lbum de la coronaci\u00f3n de la Sma. Virgen de Guadalupe","description":"\u00c1LBUM DE LA CORONACI\u00d3N DE LA SMA. VIRGEN DE GUADALUPE. \/ Gobierno del Estado de Jalisco , Instituto Jaliciense de Antropolog\u00eda e Historia, [1990?].","robots":{"index":"index","follow":"follow","max-snippet":"max-snippet:-1","max-image-preview":"max-image-preview:large","max-video-preview":"max-video-preview:-1"},"canonical":"https:\/\/booksfrommexico.com\/es\/producto\/album-de-la-coronacion-de-la-sma-virgen-de-guadalupe\/","og_locale":"es_ES","og_type":"article","og_title":"\u00c1lbum de la coronaci\u00f3n de la Sma. Virgen de Guadalupe","og_description":"\u00c1LBUM DE LA CORONACI\u00d3N DE LA SMA. VIRGEN DE GUADALUPE. \/ Gobierno del Estado de Jalisco , Instituto Jaliciense de Antropolog\u00eda e Historia, [1990?].","og_url":"https:\/\/booksfrommexico.com\/es\/producto\/album-de-la-coronacion-de-la-sma-virgen-de-guadalupe\/","og_site_name":"Books From Mexico","article_modified_time":"2025-04-21T17:53:49+00:00","og_image":[{"width":617,"height":840,"url":"http:\/\/booksfrommexico.com\/app\/uploads\/2023\/05\/129526.jpeg","type":"image\/jpeg"}],"twitter_card":"summary_large_image","twitter_misc":{"Tiempo de lectura":"1 minuto"},"schema":{"@context":"https:\/\/schema.org","@graph":[{"@type":"WebPage","@id":"https:\/\/booksfrommexico.com\/es\/producto\/album-de-la-coronacion-de-la-sma-virgen-de-guadalupe\/","url":"https:\/\/booksfrommexico.com\/es\/producto\/album-de-la-coronacion-de-la-sma-virgen-de-guadalupe\/","name":"\u00c1lbum de la coronaci\u00f3n de la Sma. Virgen de Guadalupe","isPartOf":{"@id":"https:\/\/booksfrommexico.com\/#website"},"primaryImageOfPage":{"@id":"https:\/\/booksfrommexico.com\/es\/producto\/album-de-la-coronacion-de-la-sma-virgen-de-guadalupe\/#primaryimage"},"image":{"@id":"https:\/\/booksfrommexico.com\/es\/producto\/album-de-la-coronacion-de-la-sma-virgen-de-guadalupe\/#primaryimage"},"thumbnailUrl":"https:\/\/booksfrommexico.com\/app\/uploads\/2023\/05\/129526.jpeg","datePublished":"2023-05-08T17:03:57+00:00","dateModified":"2025-04-21T17:53:49+00:00","description":"\u00c1LBUM DE LA CORONACI\u00d3N DE LA SMA. VIRGEN DE GUADALUPE. \/ Gobierno del Estado de Jalisco , Instituto Jaliciense de Antropolog\u00eda e Historia, [1990?].","breadcrumb":{"@id":"https:\/\/booksfrommexico.com\/es\/producto\/album-de-la-coronacion-de-la-sma-virgen-de-guadalupe\/#breadcrumb"},"inLanguage":"es","potentialAction":[{"@type":"ReadAction","target":["https:\/\/booksfrommexico.com\/es\/producto\/album-de-la-coronacion-de-la-sma-virgen-de-guadalupe\/"]}]},{"@type":"ImageObject","inLanguage":"es","@id":"https:\/\/booksfrommexico.com\/es\/producto\/album-de-la-coronacion-de-la-sma-virgen-de-guadalupe\/#primaryimage","url":"https:\/\/booksfrommexico.com\/app\/uploads\/2023\/05\/129526.jpeg","contentUrl":"https:\/\/booksfrommexico.com\/app\/uploads\/2023\/05\/129526.jpeg","width":617,"height":840},{"@type":"BreadcrumbList","@id":"https:\/\/booksfrommexico.com\/es\/producto\/album-de-la-coronacion-de-la-sma-virgen-de-guadalupe\/#breadcrumb","itemListElement":[{"@type":"ListItem","position":1,"name":"Home","item":"https:\/\/booksfrommexico.com\/es\/"},{"@type":"ListItem","position":2,"name":"Libros","item":"https:\/\/booksfrommexico.com\/es\/libros\/"},{"@type":"ListItem","position":3,"name":"\u00c1lbum de la coronaci\u00f3n de la Sma. Virgen de Guadalupe"}]},{"@type":"WebSite","@id":"https:\/\/booksfrommexico.com\/#website","url":"https:\/\/booksfrommexico.com\/","name":"Books From Mexico","description":"","publisher":{"@id":"https:\/\/booksfrommexico.com\/#organization"},"potentialAction":[{"@type":"SearchAction","target":{"@type":"EntryPoint","urlTemplate":"https:\/\/booksfrommexico.com\/?s={search_term_string}"},"query-input":{"@type":"PropertyValueSpecification","valueRequired":true,"valueName":"search_term_string"}}],"inLanguage":"es"},{"@type":"Organization","@id":"https:\/\/booksfrommexico.com\/#organization","name":"Books From Mexico","url":"https:\/\/booksfrommexico.com\/","logo":{"@type":"ImageObject","inLanguage":"es","@id":"https:\/\/booksfrommexico.com\/#\/schema\/logo\/image\/","url":"https:\/\/booksfrommexico.com\/app\/uploads\/2023\/05\/logo-booksfrommexico.svg","contentUrl":"https:\/\/booksfrommexico.com\/app\/uploads\/2023\/05\/logo-booksfrommexico.svg","width":86,"height":56,"caption":"Books From Mexico"},"image":{"@id":"https:\/\/booksfrommexico.com\/#\/schema\/logo\/image\/"}}]}},"_links":{"self":[{"href":"https:\/\/booksfrommexico.com\/es\/wp-json\/wp\/v2\/product\/557","targetHints":{"allow":["GET"]}}],"collection":[{"href":"https:\/\/booksfrommexico.com\/es\/wp-json\/wp\/v2\/product"}],"about":[{"href":"https:\/\/booksfrommexico.com\/es\/wp-json\/wp\/v2\/types\/product"}],"wp:featuredmedia":[{"embeddable":true,"href":"https:\/\/booksfrommexico.com\/es\/wp-json\/wp\/v2\/media\/556"}],"wp:attachment":[{"href":"https:\/\/booksfrommexico.com\/es\/wp-json\/wp\/v2\/media?parent=557"}],"wp:term":[{"taxonomy":"product_brand","embeddable":true,"href":"https:\/\/booksfrommexico.com\/es\/wp-json\/wp\/v2\/product_brand?post=557"},{"taxonomy":"product_cat","embeddable":true,"href":"https:\/\/booksfrommexico.com\/es\/wp-json\/wp\/v2\/product_cat?post=557"},{"taxonomy":"product_tag","embeddable":true,"href":"https:\/\/booksfrommexico.com\/es\/wp-json\/wp\/v2\/product_tag?post=557"}],"curies":[{"name":"wp","href":"https:\/\/api.w.org\/{rel}","templated":true}]}}