{"id":559,"date":"2023-05-08T17:03:58","date_gmt":"2023-05-08T17:03:58","guid":{"rendered":"http:\/\/booksfrommexico.com\/product\/ni-heroes-ni-villanos\/"},"modified":"2024-07-31T23:29:01","modified_gmt":"2024-07-31T23:29:01","slug":"ni-heroes-ni-villanos","status":"publish","type":"product","link":"https:\/\/booksfrommexico.com\/es\/producto\/ni-heroes-ni-villanos\/","title":{"rendered":"Ni h\u00e9roes ni villanos: Retrato e imagen de personajes mexicanos del siglo XIX"},"content":{"rendered":"<p><span style=\"font-weight: 400;\">El prop\u00f3sito de esta obra es recapitular sobre los aciertos y los errores, las victorias y las derrotas de sus distintos protagonistas al vivir el drama de su historia; la idea central es ofrecer una visi\u00f3n novedosa de siete historias de vida implicadas con la vida nacional. Dirigidos principalmente a estudiantes y maestros, estos textos buscan despertar el inter\u00e9s por la historia de M\u00e9xico y hacer comprender a los lectores del siglo XXI, sin sesgos oficialistas, los acontecimientos que urdieron los denominados \u201ch\u00e9roes\u201d y \u201cvillanos\u201d del siglo XIX. Para lograr lo anterior, se hace uso de fotograf\u00edas, mapas, notas y referencias recopiladas por los autores.<\/span><\/p>\n","protected":false},"excerpt":{"rendered":"<p>NI H\u00c9ROES NI VILLANOS : RETRATO E IMAGEN DE PERSONAJES MEXICANOS DEL SIGLO XIX<span style=\"font-weight: 400;\">. \/ M\u00edlada Bazant (coordinator). M\u00e9xico, D.F. : El Colegio Mexiquense ; Miguel Angel Porr\u00faa, 2005. 309 pages : includes bibliographic references, photos, maps, bibliography at the end of each chapter ; 21 cm. ISBN : 9707016019.<\/span><\/p>\n","protected":false},"featured_media":558,"template":"","meta":{"_acf_changed":false,"inline_featured_image":false},"product_brand":[],"product_cat":[112,651],"product_tag":[3630,4398,4094,4092],"class_list":{"0":"post-559","1":"product","2":"type-product","3":"status-publish","4":"has-post-thumbnail","6":"product_cat-contemporanea-historia","7":"product_cat-historia-politica","8":"product_tag-biografia","9":"product_tag-historia-mexico","10":"product_tag-independencia-mexicana","11":"product_tag-revolucion-mexicana","13":"first","14":"instock","15":"taxable","16":"shipping-taxable","17":"purchasable","18":"product-type-simple"},"acf":[],"yoast_head":"<!-- This site is optimized with the Yoast SEO plugin v27.3 - https:\/\/yoast.com\/product\/yoast-seo-wordpress\/ -->\n<title>Ni h\u00e9roes ni villanos: Retrato e imagen de personajes mexicanos...<\/title>\n<meta name=\"description\" content=\"NI H\u00c9ROES NI VILLANOS : RETRATO E IMAGEN DE PERSONAJES MEXICANOS DEL SIGLO XIX. \/ M\u00edlada Bazant (coordinator). El Colegio Mexiquense ; Miguel Angel Porr\u00faa.\" \/>\n<meta name=\"robots\" content=\"index, follow, max-snippet:-1, max-image-preview:large, max-video-preview:-1\" \/>\n<link rel=\"canonical\" href=\"https:\/\/booksfrommexico.com\/es\/producto\/ni-heroes-ni-villanos\/\" \/>\n<meta property=\"og:locale\" content=\"es_ES\" \/>\n<meta property=\"og:type\" content=\"article\" \/>\n<meta property=\"og:title\" content=\"Ni h\u00e9roes ni villanos: Retrato e imagen de personajes mexicanos...\" \/>\n<meta property=\"og:description\" content=\"NI H\u00c9ROES NI VILLANOS : RETRATO E IMAGEN DE PERSONAJES MEXICANOS DEL SIGLO XIX. \/ M\u00edlada Bazant (coordinator). El Colegio Mexiquense ; Miguel Angel Porr\u00faa.\" \/>\n<meta property=\"og:url\" content=\"https:\/\/booksfrommexico.com\/es\/producto\/ni-heroes-ni-villanos\/\" \/>\n<meta property=\"og:site_name\" content=\"Books From Mexico\" \/>\n<meta property=\"article:modified_time\" content=\"2024-07-31T23:29:01+00:00\" \/>\n<meta property=\"og:image\" content=\"http:\/\/booksfrommexico.com\/app\/uploads\/2023\/05\/129519.jpeg\" \/>\n\t<meta property=\"og:image:width\" content=\"390\" \/>\n\t<meta property=\"og:image:height\" content=\"596\" \/>\n\t<meta property=\"og:image:type\" content=\"image\/jpeg\" \/>\n<meta name=\"twitter:card\" content=\"summary_large_image\" \/>\n<meta name=\"twitter:label1\" content=\"Tiempo de lectura\" \/>\n\t<meta name=\"twitter:data1\" content=\"1 minuto\" \/>\n<script type=\"application\/ld+json\" class=\"yoast-schema-graph\">{\"@context\":\"https:\\\/\\\/schema.org\",\"@graph\":[{\"@type\":\"WebPage\",\"@id\":\"https:\\\/\\\/booksfrommexico.com\\\/es\\\/producto\\\/ni-heroes-ni-villanos\\\/\",\"url\":\"https:\\\/\\\/booksfrommexico.com\\\/es\\\/producto\\\/ni-heroes-ni-villanos\\\/\",\"name\":\"Ni h\u00e9roes ni villanos: Retrato e imagen de personajes mexicanos...\",\"isPartOf\":{\"@id\":\"https:\\\/\\\/booksfrommexico.com\\\/#website\"},\"primaryImageOfPage\":{\"@id\":\"https:\\\/\\\/booksfrommexico.com\\\/es\\\/producto\\\/ni-heroes-ni-villanos\\\/#primaryimage\"},\"image\":{\"@id\":\"https:\\\/\\\/booksfrommexico.com\\\/es\\\/producto\\\/ni-heroes-ni-villanos\\\/#primaryimage\"},\"thumbnailUrl\":\"https:\\\/\\\/booksfrommexico.com\\\/app\\\/uploads\\\/2023\\\/05\\\/129519.jpeg\",\"datePublished\":\"2023-05-08T17:03:58+00:00\",\"dateModified\":\"2024-07-31T23:29:01+00:00\",\"description\":\"NI H\u00c9ROES NI VILLANOS : RETRATO E IMAGEN DE PERSONAJES MEXICANOS DEL SIGLO XIX. \\\/ M\u00edlada Bazant (coordinator). El Colegio Mexiquense ; Miguel Angel Porr\u00faa.\",\"breadcrumb\":{\"@id\":\"https:\\\/\\\/booksfrommexico.com\\\/es\\\/producto\\\/ni-heroes-ni-villanos\\\/#breadcrumb\"},\"inLanguage\":\"es\",\"potentialAction\":[{\"@type\":\"ReadAction\",\"target\":[\"https:\\\/\\\/booksfrommexico.com\\\/es\\\/producto\\\/ni-heroes-ni-villanos\\\/\"]}]},{\"@type\":\"ImageObject\",\"inLanguage\":\"es\",\"@id\":\"https:\\\/\\\/booksfrommexico.com\\\/es\\\/producto\\\/ni-heroes-ni-villanos\\\/#primaryimage\",\"url\":\"https:\\\/\\\/booksfrommexico.com\\\/app\\\/uploads\\\/2023\\\/05\\\/129519.jpeg\",\"contentUrl\":\"https:\\\/\\\/booksfrommexico.com\\\/app\\\/uploads\\\/2023\\\/05\\\/129519.jpeg\",\"width\":390,\"height\":596},{\"@type\":\"BreadcrumbList\",\"@id\":\"https:\\\/\\\/booksfrommexico.com\\\/es\\\/producto\\\/ni-heroes-ni-villanos\\\/#breadcrumb\",\"itemListElement\":[{\"@type\":\"ListItem\",\"position\":1,\"name\":\"Home\",\"item\":\"https:\\\/\\\/booksfrommexico.com\\\/es\\\/\"},{\"@type\":\"ListItem\",\"position\":2,\"name\":\"Libros\",\"item\":\"https:\\\/\\\/booksfrommexico.com\\\/es\\\/libros\\\/\"},{\"@type\":\"ListItem\",\"position\":3,\"name\":\"Ni h\u00e9roes ni villanos: Retrato e imagen de personajes mexicanos del siglo XIX\"}]},{\"@type\":\"WebSite\",\"@id\":\"https:\\\/\\\/booksfrommexico.com\\\/#website\",\"url\":\"https:\\\/\\\/booksfrommexico.com\\\/\",\"name\":\"Books From Mexico\",\"description\":\"\",\"publisher\":{\"@id\":\"https:\\\/\\\/booksfrommexico.com\\\/#organization\"},\"potentialAction\":[{\"@type\":\"SearchAction\",\"target\":{\"@type\":\"EntryPoint\",\"urlTemplate\":\"https:\\\/\\\/booksfrommexico.com\\\/?s={search_term_string}\"},\"query-input\":{\"@type\":\"PropertyValueSpecification\",\"valueRequired\":true,\"valueName\":\"search_term_string\"}}],\"inLanguage\":\"es\"},{\"@type\":\"Organization\",\"@id\":\"https:\\\/\\\/booksfrommexico.com\\\/#organization\",\"name\":\"Books From Mexico\",\"url\":\"https:\\\/\\\/booksfrommexico.com\\\/\",\"logo\":{\"@type\":\"ImageObject\",\"inLanguage\":\"es\",\"@id\":\"https:\\\/\\\/booksfrommexico.com\\\/#\\\/schema\\\/logo\\\/image\\\/\",\"url\":\"https:\\\/\\\/booksfrommexico.com\\\/app\\\/uploads\\\/2023\\\/05\\\/logo-booksfrommexico.svg\",\"contentUrl\":\"https:\\\/\\\/booksfrommexico.com\\\/app\\\/uploads\\\/2023\\\/05\\\/logo-booksfrommexico.svg\",\"width\":86,\"height\":56,\"caption\":\"Books From Mexico\"},\"image\":{\"@id\":\"https:\\\/\\\/booksfrommexico.com\\\/#\\\/schema\\\/logo\\\/image\\\/\"}}]}<\/script>\n<!-- \/ Yoast SEO plugin. -->","yoast_head_json":{"title":"Ni h\u00e9roes ni villanos: Retrato e imagen de personajes mexicanos...","description":"NI H\u00c9ROES NI VILLANOS : RETRATO E IMAGEN DE PERSONAJES MEXICANOS DEL SIGLO XIX. \/ M\u00edlada Bazant (coordinator). El Colegio Mexiquense ; Miguel Angel Porr\u00faa.","robots":{"index":"index","follow":"follow","max-snippet":"max-snippet:-1","max-image-preview":"max-image-preview:large","max-video-preview":"max-video-preview:-1"},"canonical":"https:\/\/booksfrommexico.com\/es\/producto\/ni-heroes-ni-villanos\/","og_locale":"es_ES","og_type":"article","og_title":"Ni h\u00e9roes ni villanos: Retrato e imagen de personajes mexicanos...","og_description":"NI H\u00c9ROES NI VILLANOS : RETRATO E IMAGEN DE PERSONAJES MEXICANOS DEL SIGLO XIX. \/ M\u00edlada Bazant (coordinator). El Colegio Mexiquense ; Miguel Angel Porr\u00faa.","og_url":"https:\/\/booksfrommexico.com\/es\/producto\/ni-heroes-ni-villanos\/","og_site_name":"Books From Mexico","article_modified_time":"2024-07-31T23:29:01+00:00","og_image":[{"width":390,"height":596,"url":"http:\/\/booksfrommexico.com\/app\/uploads\/2023\/05\/129519.jpeg","type":"image\/jpeg"}],"twitter_card":"summary_large_image","twitter_misc":{"Tiempo de lectura":"1 minuto"},"schema":{"@context":"https:\/\/schema.org","@graph":[{"@type":"WebPage","@id":"https:\/\/booksfrommexico.com\/es\/producto\/ni-heroes-ni-villanos\/","url":"https:\/\/booksfrommexico.com\/es\/producto\/ni-heroes-ni-villanos\/","name":"Ni h\u00e9roes ni villanos: Retrato e imagen de personajes mexicanos...","isPartOf":{"@id":"https:\/\/booksfrommexico.com\/#website"},"primaryImageOfPage":{"@id":"https:\/\/booksfrommexico.com\/es\/producto\/ni-heroes-ni-villanos\/#primaryimage"},"image":{"@id":"https:\/\/booksfrommexico.com\/es\/producto\/ni-heroes-ni-villanos\/#primaryimage"},"thumbnailUrl":"https:\/\/booksfrommexico.com\/app\/uploads\/2023\/05\/129519.jpeg","datePublished":"2023-05-08T17:03:58+00:00","dateModified":"2024-07-31T23:29:01+00:00","description":"NI H\u00c9ROES NI VILLANOS : RETRATO E IMAGEN DE PERSONAJES MEXICANOS DEL SIGLO XIX. \/ M\u00edlada Bazant (coordinator). El Colegio Mexiquense ; Miguel Angel Porr\u00faa.","breadcrumb":{"@id":"https:\/\/booksfrommexico.com\/es\/producto\/ni-heroes-ni-villanos\/#breadcrumb"},"inLanguage":"es","potentialAction":[{"@type":"ReadAction","target":["https:\/\/booksfrommexico.com\/es\/producto\/ni-heroes-ni-villanos\/"]}]},{"@type":"ImageObject","inLanguage":"es","@id":"https:\/\/booksfrommexico.com\/es\/producto\/ni-heroes-ni-villanos\/#primaryimage","url":"https:\/\/booksfrommexico.com\/app\/uploads\/2023\/05\/129519.jpeg","contentUrl":"https:\/\/booksfrommexico.com\/app\/uploads\/2023\/05\/129519.jpeg","width":390,"height":596},{"@type":"BreadcrumbList","@id":"https:\/\/booksfrommexico.com\/es\/producto\/ni-heroes-ni-villanos\/#breadcrumb","itemListElement":[{"@type":"ListItem","position":1,"name":"Home","item":"https:\/\/booksfrommexico.com\/es\/"},{"@type":"ListItem","position":2,"name":"Libros","item":"https:\/\/booksfrommexico.com\/es\/libros\/"},{"@type":"ListItem","position":3,"name":"Ni h\u00e9roes ni villanos: Retrato e imagen de personajes mexicanos del siglo XIX"}]},{"@type":"WebSite","@id":"https:\/\/booksfrommexico.com\/#website","url":"https:\/\/booksfrommexico.com\/","name":"Books From Mexico","description":"","publisher":{"@id":"https:\/\/booksfrommexico.com\/#organization"},"potentialAction":[{"@type":"SearchAction","target":{"@type":"EntryPoint","urlTemplate":"https:\/\/booksfrommexico.com\/?s={search_term_string}"},"query-input":{"@type":"PropertyValueSpecification","valueRequired":true,"valueName":"search_term_string"}}],"inLanguage":"es"},{"@type":"Organization","@id":"https:\/\/booksfrommexico.com\/#organization","name":"Books From Mexico","url":"https:\/\/booksfrommexico.com\/","logo":{"@type":"ImageObject","inLanguage":"es","@id":"https:\/\/booksfrommexico.com\/#\/schema\/logo\/image\/","url":"https:\/\/booksfrommexico.com\/app\/uploads\/2023\/05\/logo-booksfrommexico.svg","contentUrl":"https:\/\/booksfrommexico.com\/app\/uploads\/2023\/05\/logo-booksfrommexico.svg","width":86,"height":56,"caption":"Books From Mexico"},"image":{"@id":"https:\/\/booksfrommexico.com\/#\/schema\/logo\/image\/"}}]}},"_links":{"self":[{"href":"https:\/\/booksfrommexico.com\/es\/wp-json\/wp\/v2\/product\/559","targetHints":{"allow":["GET"]}}],"collection":[{"href":"https:\/\/booksfrommexico.com\/es\/wp-json\/wp\/v2\/product"}],"about":[{"href":"https:\/\/booksfrommexico.com\/es\/wp-json\/wp\/v2\/types\/product"}],"wp:featuredmedia":[{"embeddable":true,"href":"https:\/\/booksfrommexico.com\/es\/wp-json\/wp\/v2\/media\/558"}],"wp:attachment":[{"href":"https:\/\/booksfrommexico.com\/es\/wp-json\/wp\/v2\/media?parent=559"}],"wp:term":[{"taxonomy":"product_brand","embeddable":true,"href":"https:\/\/booksfrommexico.com\/es\/wp-json\/wp\/v2\/product_brand?post=559"},{"taxonomy":"product_cat","embeddable":true,"href":"https:\/\/booksfrommexico.com\/es\/wp-json\/wp\/v2\/product_cat?post=559"},{"taxonomy":"product_tag","embeddable":true,"href":"https:\/\/booksfrommexico.com\/es\/wp-json\/wp\/v2\/product_tag?post=559"}],"curies":[{"name":"wp","href":"https:\/\/api.w.org\/{rel}","templated":true}]}}