{"id":5599,"date":"2024-04-10T18:19:40","date_gmt":"2024-04-10T18:19:40","guid":{"rendered":"https:\/\/booksfrommexico.com\/product\/antropologias-feministas-en-rebeldia-en-chiapas-y-centroamerica\/"},"modified":"2024-11-21T23:17:06","modified_gmt":"2024-11-21T23:17:06","slug":"antropologias-feministas-en-rebeldia-en-chiapas-y-centroamerica","status":"publish","type":"product","link":"https:\/\/booksfrommexico.com\/es\/producto\/antropologias-feministas-en-rebeldia-en-chiapas-y-centroamerica\/","title":{"rendered":"Antropolog\u00edas Feministas en Rebeld\u00eda en Chiapas y Centroam\u00e9rica"},"content":{"rendered":"<p>La autora presenta una l\u00ednea de investigaci\u00f3n que vincula l\u00edneas espec\u00edficas de la historia de la ciencia y las genealog\u00edas feministas de conocimiento, as\u00ed como tambi\u00e9n es posible darle una lectura desde la perspectiva de la antropolog\u00eda. Los textos hacen un recorrido cronol\u00f3gico y tem\u00e1tico que da cuenta de la emergencia de nuevos participantes en la antropolog\u00eda feminista, reiterando la cr\u00edtica a las llamadas posturas feministas hegem\u00f3nicas por moverse en torno a una idea estereotipada de la mujer. Este t\u00edtulo re\u00fane una serie de trabajos sobre los heterog\u00e9neos y m\u00faltiples aportes de las mujeres feministas en la antropolog\u00eda en Chiapas y Centroam\u00e9rica, desde principios del siglo XX a la actualidad.<\/p>\n","protected":false},"excerpt":{"rendered":"<p>ANTROPOLOG\u00cdAS FEMINISTAS EN REBELD\u00cdA EN CHIAPAS Y CENTROAM\u00c9RICA<span style=\"font-weight: 400;\">. \/ Marisa G. Ruiz Trejo. Tuxtla Guti\u00e9rrez, Chiapas, M\u00e9xico : Universidad Aut\u00f3noma de Chiapas, 2022. 245 pages. : includes photos, bibliography ; 22 cm. ISBN : 9786075611563. <\/span><\/p>\n","protected":false},"featured_media":5603,"template":"","meta":{"_acf_changed":false,"inline_featured_image":false},"product_brand":[],"product_cat":[147,148],"product_tag":[3779,4054,3700,4104,4211,4101,3863],"class_list":{"0":"post-5599","1":"product","2":"type-product","3":"status-publish","4":"has-post-thumbnail","6":"product_cat-estudios-de-genero","7":"product_cat-estudios-sobre-las-mujeres-estudios-de-genero","8":"product_tag-america-central","9":"product_tag-antropologia-es","10":"product_tag-chiapas-mexico","11":"product_tag-equidad-de-genero","12":"product_tag-feminismo","13":"product_tag-mujeres-es","14":"product_tag-mujeres-indigenas","16":"first","17":"instock","18":"taxable","19":"shipping-taxable","20":"purchasable","21":"product-type-simple"},"acf":[],"yoast_head":"<!-- This site is optimized with the Yoast SEO plugin v27.3 - https:\/\/yoast.com\/product\/yoast-seo-wordpress\/ -->\n<title>Antropolog\u00edas Feministas en Rebeld\u00eda en Chiapas y Centroam\u00e9rica<\/title>\n<meta name=\"description\" content=\"ANTROPOLOG\u00cdAS FEMINISTAS EN REBELD\u00cdA EN CHIAPAS Y CENTROAM\u00c9RICA. \/ Marisa Ruiz Trejo. Tuxtla Guti\u00e9rrez, Chiapas, M\u00e9xico : Universidad Aut\u00f3noma de Chiapas.\" \/>\n<meta name=\"robots\" content=\"index, follow, max-snippet:-1, max-image-preview:large, max-video-preview:-1\" \/>\n<link rel=\"canonical\" href=\"https:\/\/booksfrommexico.com\/es\/producto\/antropologias-feministas-en-rebeldia-en-chiapas-y-centroamerica\/\" \/>\n<meta property=\"og:locale\" content=\"es_ES\" \/>\n<meta property=\"og:type\" content=\"article\" \/>\n<meta property=\"og:title\" content=\"Antropolog\u00edas Feministas en Rebeld\u00eda en Chiapas y Centroam\u00e9rica\" \/>\n<meta property=\"og:description\" content=\"ANTROPOLOG\u00cdAS FEMINISTAS EN REBELD\u00cdA EN CHIAPAS Y CENTROAM\u00c9RICA. \/ Marisa Ruiz Trejo. Tuxtla Guti\u00e9rrez, Chiapas, M\u00e9xico : Universidad Aut\u00f3noma de Chiapas.\" \/>\n<meta property=\"og:url\" content=\"https:\/\/booksfrommexico.com\/es\/producto\/antropologias-feministas-en-rebeldia-en-chiapas-y-centroamerica\/\" \/>\n<meta property=\"og:site_name\" content=\"Books From Mexico\" \/>\n<meta property=\"article:modified_time\" content=\"2024-11-21T23:17:06+00:00\" \/>\n<meta property=\"og:image\" content=\"http:\/\/booksfrommexico.com\/app\/uploads\/2024\/04\/199899.jpeg\" \/>\n\t<meta property=\"og:image:width\" content=\"468\" \/>\n\t<meta property=\"og:image:height\" content=\"625\" \/>\n\t<meta property=\"og:image:type\" content=\"image\/jpeg\" \/>\n<meta name=\"twitter:card\" content=\"summary_large_image\" \/>\n<meta name=\"twitter:label1\" content=\"Tiempo de lectura\" \/>\n\t<meta name=\"twitter:data1\" content=\"1 minuto\" \/>\n<script type=\"application\/ld+json\" class=\"yoast-schema-graph\">{\"@context\":\"https:\\\/\\\/schema.org\",\"@graph\":[{\"@type\":\"WebPage\",\"@id\":\"https:\\\/\\\/booksfrommexico.com\\\/es\\\/producto\\\/antropologias-feministas-en-rebeldia-en-chiapas-y-centroamerica\\\/\",\"url\":\"https:\\\/\\\/booksfrommexico.com\\\/es\\\/producto\\\/antropologias-feministas-en-rebeldia-en-chiapas-y-centroamerica\\\/\",\"name\":\"Antropolog\u00edas Feministas en Rebeld\u00eda en Chiapas y Centroam\u00e9rica\",\"isPartOf\":{\"@id\":\"https:\\\/\\\/booksfrommexico.com\\\/#website\"},\"primaryImageOfPage\":{\"@id\":\"https:\\\/\\\/booksfrommexico.com\\\/es\\\/producto\\\/antropologias-feministas-en-rebeldia-en-chiapas-y-centroamerica\\\/#primaryimage\"},\"image\":{\"@id\":\"https:\\\/\\\/booksfrommexico.com\\\/es\\\/producto\\\/antropologias-feministas-en-rebeldia-en-chiapas-y-centroamerica\\\/#primaryimage\"},\"thumbnailUrl\":\"https:\\\/\\\/booksfrommexico.com\\\/app\\\/uploads\\\/2024\\\/04\\\/199899.jpeg\",\"datePublished\":\"2024-04-10T18:19:40+00:00\",\"dateModified\":\"2024-11-21T23:17:06+00:00\",\"description\":\"ANTROPOLOG\u00cdAS FEMINISTAS EN REBELD\u00cdA EN CHIAPAS Y CENTROAM\u00c9RICA. \\\/ Marisa Ruiz Trejo. Tuxtla Guti\u00e9rrez, Chiapas, M\u00e9xico : Universidad Aut\u00f3noma de Chiapas.\",\"breadcrumb\":{\"@id\":\"https:\\\/\\\/booksfrommexico.com\\\/es\\\/producto\\\/antropologias-feministas-en-rebeldia-en-chiapas-y-centroamerica\\\/#breadcrumb\"},\"inLanguage\":\"es\",\"potentialAction\":[{\"@type\":\"ReadAction\",\"target\":[\"https:\\\/\\\/booksfrommexico.com\\\/es\\\/producto\\\/antropologias-feministas-en-rebeldia-en-chiapas-y-centroamerica\\\/\"]}]},{\"@type\":\"ImageObject\",\"inLanguage\":\"es\",\"@id\":\"https:\\\/\\\/booksfrommexico.com\\\/es\\\/producto\\\/antropologias-feministas-en-rebeldia-en-chiapas-y-centroamerica\\\/#primaryimage\",\"url\":\"https:\\\/\\\/booksfrommexico.com\\\/app\\\/uploads\\\/2024\\\/04\\\/199899.jpeg\",\"contentUrl\":\"https:\\\/\\\/booksfrommexico.com\\\/app\\\/uploads\\\/2024\\\/04\\\/199899.jpeg\",\"width\":468,\"height\":625,\"caption\":\"ANTROPOLOG\u00cdAS FEMINISTAS chiapas\"},{\"@type\":\"BreadcrumbList\",\"@id\":\"https:\\\/\\\/booksfrommexico.com\\\/es\\\/producto\\\/antropologias-feministas-en-rebeldia-en-chiapas-y-centroamerica\\\/#breadcrumb\",\"itemListElement\":[{\"@type\":\"ListItem\",\"position\":1,\"name\":\"Home\",\"item\":\"https:\\\/\\\/booksfrommexico.com\\\/es\\\/\"},{\"@type\":\"ListItem\",\"position\":2,\"name\":\"Libros\",\"item\":\"https:\\\/\\\/booksfrommexico.com\\\/es\\\/libros\\\/\"},{\"@type\":\"ListItem\",\"position\":3,\"name\":\"Antropolog\u00edas Feministas en Rebeld\u00eda en Chiapas y Centroam\u00e9rica\"}]},{\"@type\":\"WebSite\",\"@id\":\"https:\\\/\\\/booksfrommexico.com\\\/#website\",\"url\":\"https:\\\/\\\/booksfrommexico.com\\\/\",\"name\":\"Books From Mexico\",\"description\":\"\",\"publisher\":{\"@id\":\"https:\\\/\\\/booksfrommexico.com\\\/#organization\"},\"potentialAction\":[{\"@type\":\"SearchAction\",\"target\":{\"@type\":\"EntryPoint\",\"urlTemplate\":\"https:\\\/\\\/booksfrommexico.com\\\/?s={search_term_string}\"},\"query-input\":{\"@type\":\"PropertyValueSpecification\",\"valueRequired\":true,\"valueName\":\"search_term_string\"}}],\"inLanguage\":\"es\"},{\"@type\":\"Organization\",\"@id\":\"https:\\\/\\\/booksfrommexico.com\\\/#organization\",\"name\":\"Books From Mexico\",\"url\":\"https:\\\/\\\/booksfrommexico.com\\\/\",\"logo\":{\"@type\":\"ImageObject\",\"inLanguage\":\"es\",\"@id\":\"https:\\\/\\\/booksfrommexico.com\\\/#\\\/schema\\\/logo\\\/image\\\/\",\"url\":\"https:\\\/\\\/booksfrommexico.com\\\/app\\\/uploads\\\/2023\\\/05\\\/logo-booksfrommexico.svg\",\"contentUrl\":\"https:\\\/\\\/booksfrommexico.com\\\/app\\\/uploads\\\/2023\\\/05\\\/logo-booksfrommexico.svg\",\"width\":86,\"height\":56,\"caption\":\"Books From Mexico\"},\"image\":{\"@id\":\"https:\\\/\\\/booksfrommexico.com\\\/#\\\/schema\\\/logo\\\/image\\\/\"}}]}<\/script>\n<!-- \/ Yoast SEO plugin. -->","yoast_head_json":{"title":"Antropolog\u00edas Feministas en Rebeld\u00eda en Chiapas y Centroam\u00e9rica","description":"ANTROPOLOG\u00cdAS FEMINISTAS EN REBELD\u00cdA EN CHIAPAS Y CENTROAM\u00c9RICA. \/ Marisa Ruiz Trejo. Tuxtla Guti\u00e9rrez, Chiapas, M\u00e9xico : Universidad Aut\u00f3noma de Chiapas.","robots":{"index":"index","follow":"follow","max-snippet":"max-snippet:-1","max-image-preview":"max-image-preview:large","max-video-preview":"max-video-preview:-1"},"canonical":"https:\/\/booksfrommexico.com\/es\/producto\/antropologias-feministas-en-rebeldia-en-chiapas-y-centroamerica\/","og_locale":"es_ES","og_type":"article","og_title":"Antropolog\u00edas Feministas en Rebeld\u00eda en Chiapas y Centroam\u00e9rica","og_description":"ANTROPOLOG\u00cdAS FEMINISTAS EN REBELD\u00cdA EN CHIAPAS Y CENTROAM\u00c9RICA. \/ Marisa Ruiz Trejo. Tuxtla Guti\u00e9rrez, Chiapas, M\u00e9xico : Universidad Aut\u00f3noma de Chiapas.","og_url":"https:\/\/booksfrommexico.com\/es\/producto\/antropologias-feministas-en-rebeldia-en-chiapas-y-centroamerica\/","og_site_name":"Books From Mexico","article_modified_time":"2024-11-21T23:17:06+00:00","og_image":[{"width":468,"height":625,"url":"http:\/\/booksfrommexico.com\/app\/uploads\/2024\/04\/199899.jpeg","type":"image\/jpeg"}],"twitter_card":"summary_large_image","twitter_misc":{"Tiempo de lectura":"1 minuto"},"schema":{"@context":"https:\/\/schema.org","@graph":[{"@type":"WebPage","@id":"https:\/\/booksfrommexico.com\/es\/producto\/antropologias-feministas-en-rebeldia-en-chiapas-y-centroamerica\/","url":"https:\/\/booksfrommexico.com\/es\/producto\/antropologias-feministas-en-rebeldia-en-chiapas-y-centroamerica\/","name":"Antropolog\u00edas Feministas en Rebeld\u00eda en Chiapas y Centroam\u00e9rica","isPartOf":{"@id":"https:\/\/booksfrommexico.com\/#website"},"primaryImageOfPage":{"@id":"https:\/\/booksfrommexico.com\/es\/producto\/antropologias-feministas-en-rebeldia-en-chiapas-y-centroamerica\/#primaryimage"},"image":{"@id":"https:\/\/booksfrommexico.com\/es\/producto\/antropologias-feministas-en-rebeldia-en-chiapas-y-centroamerica\/#primaryimage"},"thumbnailUrl":"https:\/\/booksfrommexico.com\/app\/uploads\/2024\/04\/199899.jpeg","datePublished":"2024-04-10T18:19:40+00:00","dateModified":"2024-11-21T23:17:06+00:00","description":"ANTROPOLOG\u00cdAS FEMINISTAS EN REBELD\u00cdA EN CHIAPAS Y CENTROAM\u00c9RICA. \/ Marisa Ruiz Trejo. Tuxtla Guti\u00e9rrez, Chiapas, M\u00e9xico : Universidad Aut\u00f3noma de Chiapas.","breadcrumb":{"@id":"https:\/\/booksfrommexico.com\/es\/producto\/antropologias-feministas-en-rebeldia-en-chiapas-y-centroamerica\/#breadcrumb"},"inLanguage":"es","potentialAction":[{"@type":"ReadAction","target":["https:\/\/booksfrommexico.com\/es\/producto\/antropologias-feministas-en-rebeldia-en-chiapas-y-centroamerica\/"]}]},{"@type":"ImageObject","inLanguage":"es","@id":"https:\/\/booksfrommexico.com\/es\/producto\/antropologias-feministas-en-rebeldia-en-chiapas-y-centroamerica\/#primaryimage","url":"https:\/\/booksfrommexico.com\/app\/uploads\/2024\/04\/199899.jpeg","contentUrl":"https:\/\/booksfrommexico.com\/app\/uploads\/2024\/04\/199899.jpeg","width":468,"height":625,"caption":"ANTROPOLOG\u00cdAS FEMINISTAS chiapas"},{"@type":"BreadcrumbList","@id":"https:\/\/booksfrommexico.com\/es\/producto\/antropologias-feministas-en-rebeldia-en-chiapas-y-centroamerica\/#breadcrumb","itemListElement":[{"@type":"ListItem","position":1,"name":"Home","item":"https:\/\/booksfrommexico.com\/es\/"},{"@type":"ListItem","position":2,"name":"Libros","item":"https:\/\/booksfrommexico.com\/es\/libros\/"},{"@type":"ListItem","position":3,"name":"Antropolog\u00edas Feministas en Rebeld\u00eda en Chiapas y Centroam\u00e9rica"}]},{"@type":"WebSite","@id":"https:\/\/booksfrommexico.com\/#website","url":"https:\/\/booksfrommexico.com\/","name":"Books From Mexico","description":"","publisher":{"@id":"https:\/\/booksfrommexico.com\/#organization"},"potentialAction":[{"@type":"SearchAction","target":{"@type":"EntryPoint","urlTemplate":"https:\/\/booksfrommexico.com\/?s={search_term_string}"},"query-input":{"@type":"PropertyValueSpecification","valueRequired":true,"valueName":"search_term_string"}}],"inLanguage":"es"},{"@type":"Organization","@id":"https:\/\/booksfrommexico.com\/#organization","name":"Books From Mexico","url":"https:\/\/booksfrommexico.com\/","logo":{"@type":"ImageObject","inLanguage":"es","@id":"https:\/\/booksfrommexico.com\/#\/schema\/logo\/image\/","url":"https:\/\/booksfrommexico.com\/app\/uploads\/2023\/05\/logo-booksfrommexico.svg","contentUrl":"https:\/\/booksfrommexico.com\/app\/uploads\/2023\/05\/logo-booksfrommexico.svg","width":86,"height":56,"caption":"Books From Mexico"},"image":{"@id":"https:\/\/booksfrommexico.com\/#\/schema\/logo\/image\/"}}]}},"_links":{"self":[{"href":"https:\/\/booksfrommexico.com\/es\/wp-json\/wp\/v2\/product\/5599","targetHints":{"allow":["GET"]}}],"collection":[{"href":"https:\/\/booksfrommexico.com\/es\/wp-json\/wp\/v2\/product"}],"about":[{"href":"https:\/\/booksfrommexico.com\/es\/wp-json\/wp\/v2\/types\/product"}],"wp:featuredmedia":[{"embeddable":true,"href":"https:\/\/booksfrommexico.com\/es\/wp-json\/wp\/v2\/media\/5603"}],"wp:attachment":[{"href":"https:\/\/booksfrommexico.com\/es\/wp-json\/wp\/v2\/media?parent=5599"}],"wp:term":[{"taxonomy":"product_brand","embeddable":true,"href":"https:\/\/booksfrommexico.com\/es\/wp-json\/wp\/v2\/product_brand?post=5599"},{"taxonomy":"product_cat","embeddable":true,"href":"https:\/\/booksfrommexico.com\/es\/wp-json\/wp\/v2\/product_cat?post=5599"},{"taxonomy":"product_tag","embeddable":true,"href":"https:\/\/booksfrommexico.com\/es\/wp-json\/wp\/v2\/product_tag?post=5599"}],"curies":[{"name":"wp","href":"https:\/\/api.w.org\/{rel}","templated":true}]}}