{"id":5600,"date":"2024-04-10T18:19:40","date_gmt":"2024-04-10T18:19:40","guid":{"rendered":"https:\/\/booksfrommexico.com\/product\/la-creacion-de-la-nacion-chicana\/"},"modified":"2024-07-25T23:08:30","modified_gmt":"2024-07-25T23:08:30","slug":"la-creacion-de-la-nacion-chicana","status":"publish","type":"product","link":"https:\/\/booksfrommexico.com\/es\/producto\/la-creacion-de-la-nacion-chicana\/","title":{"rendered":"La creaci\u00f3n de la naci\u00f3n chicana: Perspectivas historiogr\u00e1ficas"},"content":{"rendered":"<p>El pueblo chicano es el pueblo de origen mexicano en Estados Unidos y tiene una amplia trayectoria que data desde la colonizaci\u00f3n del norte por el imperio espa\u00f1ol en Am\u00e9rica \u00a0hasta la actualidad. Como consecuencia del expansionismo norteamericano en la segunda mitad del siglo XIX, pas\u00f3 a ser una colonia interna de Estados Unidos, teniendo un cambio social tanto a nivel nacional como regional. Esta investigaci\u00f3n plantea una discusi\u00f3n de algunas cuestiones esenciales de la historiograf\u00eda chicana (tal como se han desarrollado a trav\u00e9s de varias d\u00e9cadas): cambio social, racismo y resistencia, migraci\u00f3n mexicana, econom\u00eda pol\u00edtica, la lucha por la preservaci\u00f3n de la mexicanidad y los estudios sobre las mujeres chicanas.<\/p>\n","protected":false},"excerpt":{"rendered":"<p>LA CREACI\u00d3N DE LA NACI\u00d3N CHICANA : PERSPECTIVAS HISTORIOGR\u00c1FICAS. \/ David R. Maciel, Juan G\u00f3mez-Qui\u00f1ones, Richard Grisworld del Castillo, coordinadores; Enrique Semo, pr\u00f3logo. Ciudad de M\u00e9xico : Siglo XXI Editores Universidad Nacional Aut\u00f3noma de M\u00e9xico, Direcci\u00f3n General de Publicaciones y Fomento Editorial 2018. 552 pages : illustrations; 23 cm. Includes bibliographic references 9786070309335 (Siglo XXI) ; 9786073008778 (UNAM).<\/p>\n","protected":false},"featured_media":5609,"template":"","meta":{"_acf_changed":false,"inline_featured_image":false},"product_brand":[],"product_cat":[182,4488,78],"product_tag":[4216,3618,3880],"class_list":{"0":"post-5600","1":"product","2":"type-product","3":"status-publish","4":"has-post-thumbnail","6":"product_cat-estudios-culturales-y-de-identidad-sociologia","7":"product_cat-historiografia","8":"product_cat-sociologia","9":"product_tag-chicano","10":"product_tag-historia-y-critica","11":"product_tag-identidad-cultural","13":"first","14":"instock","15":"taxable","16":"shipping-taxable","17":"purchasable","18":"product-type-simple"},"acf":[],"yoast_head":"<!-- This site is optimized with the Yoast SEO plugin v27.3 - https:\/\/yoast.com\/product\/yoast-seo-wordpress\/ -->\n<title>La creaci\u00f3n de la naci\u00f3n chicana: Perspectivas historiogr\u00e1ficas<\/title>\n<meta name=\"description\" content=\"LA CREACI\u00d3N DE LA NACI\u00d3N CHICANA : PERSPECTIVAS HISTORIOGR\u00c1FICAS. \/ David R. Maciel, Juan G\u00f3mez-Qui\u00f1ones, Richard Grisworld del Castillo (coordinators).\" \/>\n<meta name=\"robots\" content=\"index, follow, max-snippet:-1, max-image-preview:large, max-video-preview:-1\" \/>\n<link rel=\"canonical\" href=\"https:\/\/booksfrommexico.com\/es\/producto\/la-creacion-de-la-nacion-chicana\/\" \/>\n<meta property=\"og:locale\" content=\"es_ES\" \/>\n<meta property=\"og:type\" content=\"article\" \/>\n<meta property=\"og:title\" content=\"La creaci\u00f3n de la naci\u00f3n chicana: Perspectivas historiogr\u00e1ficas\" \/>\n<meta property=\"og:description\" content=\"LA CREACI\u00d3N DE LA NACI\u00d3N CHICANA : PERSPECTIVAS HISTORIOGR\u00c1FICAS. \/ David R. Maciel, Juan G\u00f3mez-Qui\u00f1ones, Richard Grisworld del Castillo (coordinators).\" \/>\n<meta property=\"og:url\" content=\"https:\/\/booksfrommexico.com\/es\/producto\/la-creacion-de-la-nacion-chicana\/\" \/>\n<meta property=\"og:site_name\" content=\"Books From Mexico\" \/>\n<meta property=\"article:modified_time\" content=\"2024-07-25T23:08:30+00:00\" \/>\n<meta property=\"og:image\" content=\"http:\/\/booksfrommexico.com\/app\/uploads\/2024\/04\/190114.jpeg\" \/>\n\t<meta property=\"og:image:width\" content=\"1840\" \/>\n\t<meta property=\"og:image:height\" content=\"2675\" \/>\n\t<meta property=\"og:image:type\" content=\"image\/jpeg\" \/>\n<meta name=\"twitter:card\" content=\"summary_large_image\" \/>\n<meta name=\"twitter:label1\" content=\"Tiempo de lectura\" \/>\n\t<meta name=\"twitter:data1\" content=\"1 minuto\" \/>\n<script type=\"application\/ld+json\" class=\"yoast-schema-graph\">{\"@context\":\"https:\\\/\\\/schema.org\",\"@graph\":[{\"@type\":\"WebPage\",\"@id\":\"https:\\\/\\\/booksfrommexico.com\\\/es\\\/producto\\\/la-creacion-de-la-nacion-chicana\\\/\",\"url\":\"https:\\\/\\\/booksfrommexico.com\\\/es\\\/producto\\\/la-creacion-de-la-nacion-chicana\\\/\",\"name\":\"La creaci\u00f3n de la naci\u00f3n chicana: Perspectivas historiogr\u00e1ficas\",\"isPartOf\":{\"@id\":\"https:\\\/\\\/booksfrommexico.com\\\/#website\"},\"primaryImageOfPage\":{\"@id\":\"https:\\\/\\\/booksfrommexico.com\\\/es\\\/producto\\\/la-creacion-de-la-nacion-chicana\\\/#primaryimage\"},\"image\":{\"@id\":\"https:\\\/\\\/booksfrommexico.com\\\/es\\\/producto\\\/la-creacion-de-la-nacion-chicana\\\/#primaryimage\"},\"thumbnailUrl\":\"https:\\\/\\\/booksfrommexico.com\\\/app\\\/uploads\\\/2024\\\/04\\\/190114.jpeg\",\"datePublished\":\"2024-04-10T18:19:40+00:00\",\"dateModified\":\"2024-07-25T23:08:30+00:00\",\"description\":\"LA CREACI\u00d3N DE LA NACI\u00d3N CHICANA : PERSPECTIVAS HISTORIOGR\u00c1FICAS. \\\/ David R. Maciel, Juan G\u00f3mez-Qui\u00f1ones, Richard Grisworld del Castillo (coordinators).\",\"breadcrumb\":{\"@id\":\"https:\\\/\\\/booksfrommexico.com\\\/es\\\/producto\\\/la-creacion-de-la-nacion-chicana\\\/#breadcrumb\"},\"inLanguage\":\"es\",\"potentialAction\":[{\"@type\":\"ReadAction\",\"target\":[\"https:\\\/\\\/booksfrommexico.com\\\/es\\\/producto\\\/la-creacion-de-la-nacion-chicana\\\/\"]}]},{\"@type\":\"ImageObject\",\"inLanguage\":\"es\",\"@id\":\"https:\\\/\\\/booksfrommexico.com\\\/es\\\/producto\\\/la-creacion-de-la-nacion-chicana\\\/#primaryimage\",\"url\":\"https:\\\/\\\/booksfrommexico.com\\\/app\\\/uploads\\\/2024\\\/04\\\/190114.jpeg\",\"contentUrl\":\"https:\\\/\\\/booksfrommexico.com\\\/app\\\/uploads\\\/2024\\\/04\\\/190114.jpeg\",\"width\":1840,\"height\":2675,\"caption\":\"naci\u00f3n chicana\"},{\"@type\":\"BreadcrumbList\",\"@id\":\"https:\\\/\\\/booksfrommexico.com\\\/es\\\/producto\\\/la-creacion-de-la-nacion-chicana\\\/#breadcrumb\",\"itemListElement\":[{\"@type\":\"ListItem\",\"position\":1,\"name\":\"Home\",\"item\":\"https:\\\/\\\/booksfrommexico.com\\\/es\\\/\"},{\"@type\":\"ListItem\",\"position\":2,\"name\":\"Libros\",\"item\":\"https:\\\/\\\/booksfrommexico.com\\\/es\\\/libros\\\/\"},{\"@type\":\"ListItem\",\"position\":3,\"name\":\"La creaci\u00f3n de la naci\u00f3n chicana: Perspectivas historiogr\u00e1ficas\"}]},{\"@type\":\"WebSite\",\"@id\":\"https:\\\/\\\/booksfrommexico.com\\\/#website\",\"url\":\"https:\\\/\\\/booksfrommexico.com\\\/\",\"name\":\"Books From Mexico\",\"description\":\"\",\"publisher\":{\"@id\":\"https:\\\/\\\/booksfrommexico.com\\\/#organization\"},\"potentialAction\":[{\"@type\":\"SearchAction\",\"target\":{\"@type\":\"EntryPoint\",\"urlTemplate\":\"https:\\\/\\\/booksfrommexico.com\\\/?s={search_term_string}\"},\"query-input\":{\"@type\":\"PropertyValueSpecification\",\"valueRequired\":true,\"valueName\":\"search_term_string\"}}],\"inLanguage\":\"es\"},{\"@type\":\"Organization\",\"@id\":\"https:\\\/\\\/booksfrommexico.com\\\/#organization\",\"name\":\"Books From Mexico\",\"url\":\"https:\\\/\\\/booksfrommexico.com\\\/\",\"logo\":{\"@type\":\"ImageObject\",\"inLanguage\":\"es\",\"@id\":\"https:\\\/\\\/booksfrommexico.com\\\/#\\\/schema\\\/logo\\\/image\\\/\",\"url\":\"https:\\\/\\\/booksfrommexico.com\\\/app\\\/uploads\\\/2023\\\/05\\\/logo-booksfrommexico.svg\",\"contentUrl\":\"https:\\\/\\\/booksfrommexico.com\\\/app\\\/uploads\\\/2023\\\/05\\\/logo-booksfrommexico.svg\",\"width\":86,\"height\":56,\"caption\":\"Books From Mexico\"},\"image\":{\"@id\":\"https:\\\/\\\/booksfrommexico.com\\\/#\\\/schema\\\/logo\\\/image\\\/\"}}]}<\/script>\n<!-- \/ Yoast SEO plugin. -->","yoast_head_json":{"title":"La creaci\u00f3n de la naci\u00f3n chicana: Perspectivas historiogr\u00e1ficas","description":"LA CREACI\u00d3N DE LA NACI\u00d3N CHICANA : PERSPECTIVAS HISTORIOGR\u00c1FICAS. \/ David R. Maciel, Juan G\u00f3mez-Qui\u00f1ones, Richard Grisworld del Castillo (coordinators).","robots":{"index":"index","follow":"follow","max-snippet":"max-snippet:-1","max-image-preview":"max-image-preview:large","max-video-preview":"max-video-preview:-1"},"canonical":"https:\/\/booksfrommexico.com\/es\/producto\/la-creacion-de-la-nacion-chicana\/","og_locale":"es_ES","og_type":"article","og_title":"La creaci\u00f3n de la naci\u00f3n chicana: Perspectivas historiogr\u00e1ficas","og_description":"LA CREACI\u00d3N DE LA NACI\u00d3N CHICANA : PERSPECTIVAS HISTORIOGR\u00c1FICAS. \/ David R. Maciel, Juan G\u00f3mez-Qui\u00f1ones, Richard Grisworld del Castillo (coordinators).","og_url":"https:\/\/booksfrommexico.com\/es\/producto\/la-creacion-de-la-nacion-chicana\/","og_site_name":"Books From Mexico","article_modified_time":"2024-07-25T23:08:30+00:00","og_image":[{"width":1840,"height":2675,"url":"http:\/\/booksfrommexico.com\/app\/uploads\/2024\/04\/190114.jpeg","type":"image\/jpeg"}],"twitter_card":"summary_large_image","twitter_misc":{"Tiempo de lectura":"1 minuto"},"schema":{"@context":"https:\/\/schema.org","@graph":[{"@type":"WebPage","@id":"https:\/\/booksfrommexico.com\/es\/producto\/la-creacion-de-la-nacion-chicana\/","url":"https:\/\/booksfrommexico.com\/es\/producto\/la-creacion-de-la-nacion-chicana\/","name":"La creaci\u00f3n de la naci\u00f3n chicana: Perspectivas historiogr\u00e1ficas","isPartOf":{"@id":"https:\/\/booksfrommexico.com\/#website"},"primaryImageOfPage":{"@id":"https:\/\/booksfrommexico.com\/es\/producto\/la-creacion-de-la-nacion-chicana\/#primaryimage"},"image":{"@id":"https:\/\/booksfrommexico.com\/es\/producto\/la-creacion-de-la-nacion-chicana\/#primaryimage"},"thumbnailUrl":"https:\/\/booksfrommexico.com\/app\/uploads\/2024\/04\/190114.jpeg","datePublished":"2024-04-10T18:19:40+00:00","dateModified":"2024-07-25T23:08:30+00:00","description":"LA CREACI\u00d3N DE LA NACI\u00d3N CHICANA : PERSPECTIVAS HISTORIOGR\u00c1FICAS. \/ David R. Maciel, Juan G\u00f3mez-Qui\u00f1ones, Richard Grisworld del Castillo (coordinators).","breadcrumb":{"@id":"https:\/\/booksfrommexico.com\/es\/producto\/la-creacion-de-la-nacion-chicana\/#breadcrumb"},"inLanguage":"es","potentialAction":[{"@type":"ReadAction","target":["https:\/\/booksfrommexico.com\/es\/producto\/la-creacion-de-la-nacion-chicana\/"]}]},{"@type":"ImageObject","inLanguage":"es","@id":"https:\/\/booksfrommexico.com\/es\/producto\/la-creacion-de-la-nacion-chicana\/#primaryimage","url":"https:\/\/booksfrommexico.com\/app\/uploads\/2024\/04\/190114.jpeg","contentUrl":"https:\/\/booksfrommexico.com\/app\/uploads\/2024\/04\/190114.jpeg","width":1840,"height":2675,"caption":"naci\u00f3n chicana"},{"@type":"BreadcrumbList","@id":"https:\/\/booksfrommexico.com\/es\/producto\/la-creacion-de-la-nacion-chicana\/#breadcrumb","itemListElement":[{"@type":"ListItem","position":1,"name":"Home","item":"https:\/\/booksfrommexico.com\/es\/"},{"@type":"ListItem","position":2,"name":"Libros","item":"https:\/\/booksfrommexico.com\/es\/libros\/"},{"@type":"ListItem","position":3,"name":"La creaci\u00f3n de la naci\u00f3n chicana: Perspectivas historiogr\u00e1ficas"}]},{"@type":"WebSite","@id":"https:\/\/booksfrommexico.com\/#website","url":"https:\/\/booksfrommexico.com\/","name":"Books From Mexico","description":"","publisher":{"@id":"https:\/\/booksfrommexico.com\/#organization"},"potentialAction":[{"@type":"SearchAction","target":{"@type":"EntryPoint","urlTemplate":"https:\/\/booksfrommexico.com\/?s={search_term_string}"},"query-input":{"@type":"PropertyValueSpecification","valueRequired":true,"valueName":"search_term_string"}}],"inLanguage":"es"},{"@type":"Organization","@id":"https:\/\/booksfrommexico.com\/#organization","name":"Books From Mexico","url":"https:\/\/booksfrommexico.com\/","logo":{"@type":"ImageObject","inLanguage":"es","@id":"https:\/\/booksfrommexico.com\/#\/schema\/logo\/image\/","url":"https:\/\/booksfrommexico.com\/app\/uploads\/2023\/05\/logo-booksfrommexico.svg","contentUrl":"https:\/\/booksfrommexico.com\/app\/uploads\/2023\/05\/logo-booksfrommexico.svg","width":86,"height":56,"caption":"Books From Mexico"},"image":{"@id":"https:\/\/booksfrommexico.com\/#\/schema\/logo\/image\/"}}]}},"_links":{"self":[{"href":"https:\/\/booksfrommexico.com\/es\/wp-json\/wp\/v2\/product\/5600","targetHints":{"allow":["GET"]}}],"collection":[{"href":"https:\/\/booksfrommexico.com\/es\/wp-json\/wp\/v2\/product"}],"about":[{"href":"https:\/\/booksfrommexico.com\/es\/wp-json\/wp\/v2\/types\/product"}],"wp:featuredmedia":[{"embeddable":true,"href":"https:\/\/booksfrommexico.com\/es\/wp-json\/wp\/v2\/media\/5609"}],"wp:attachment":[{"href":"https:\/\/booksfrommexico.com\/es\/wp-json\/wp\/v2\/media?parent=5600"}],"wp:term":[{"taxonomy":"product_brand","embeddable":true,"href":"https:\/\/booksfrommexico.com\/es\/wp-json\/wp\/v2\/product_brand?post=5600"},{"taxonomy":"product_cat","embeddable":true,"href":"https:\/\/booksfrommexico.com\/es\/wp-json\/wp\/v2\/product_cat?post=5600"},{"taxonomy":"product_tag","embeddable":true,"href":"https:\/\/booksfrommexico.com\/es\/wp-json\/wp\/v2\/product_tag?post=5600"}],"curies":[{"name":"wp","href":"https:\/\/api.w.org\/{rel}","templated":true}]}}