{"id":561,"date":"2023-05-08T17:04:00","date_gmt":"2023-05-08T17:04:00","guid":{"rendered":"http:\/\/booksfrommexico.com\/product\/tragedia-intitulada-ocio-de-juan-cigorondo-y-teatro-de-colegio-novohispano-del-siglo-xvi\/"},"modified":"2024-08-01T23:38:53","modified_gmt":"2024-08-01T23:38:53","slug":"tragedia-intitulada-ocio-de-juan-cigorondo-y-teatro-de-colegio-novohispano-del-siglo-xvi","status":"publish","type":"product","link":"https:\/\/booksfrommexico.com\/es\/producto\/tragedia-intitulada-ocio-de-juan-cigorondo-y-teatro-de-colegio-novohispano-del-siglo-xvi\/","title":{"rendered":"Tragedia intitulada Ocio de Juan Cigorondo y Teatro de Colegio Novohispano del siglo XVI"},"content":{"rendered":"<p><span style=\"font-weight: 400;\">Esta publicaci\u00f3n de la obra del jesuita Juan Cigorondo \u201cLa tragedia intitulada O<\/span><b>\u00e7<\/b><span style=\"font-weight: 400;\">io\u201d \u2013escrita originalmente para ser representada en Puebla de los \u00c1ngeles en 1586\u2013, se trata de una edici\u00f3n cr\u00edtica y anotada de\u00a0 Julio Alonso Asenjo. Este texto funciona como un testimonio del teatro escrito y es importante para comprender c\u00f3mo la influencia de la Compa\u00f1\u00eda de Jes\u00fas tuvo en la dramaturgia espa\u00f1ola y novohispana de los Siglos de Oro. El tema del ocio, com\u00fan en la literatura y frecuente en la dramaturgia jesuita, es utilizado por Cigorondo para aleccionar a los estudiantes, a quienes va dirigida la obra, sobre los efectos nocivos de ese vicio que afecta a la sociedad en general; esta se trata de una ense\u00f1anza moral y de una s\u00e1tira de la sociedad novohispana. <\/span><\/p>\n","protected":false},"excerpt":{"rendered":"<p>TRAGEDIA INTITULADA OCIO DE JUAN CIGORONDO Y TEATRO DE COLEGIO NOVOHISPANO DEL SIGLO XVI<span style=\"font-weight: 400;\">. \/ Julio Alonso Asenjo (editor). M\u00e9xico, D.F. : El Colegio de M\u00e9xico , Centro de Estudios Ling\u00fc\u00edsticos y Literarios, 2006. 153 pages : includes references, bibliographic references, bibliography ; 23 cm. (Colecci\u00f3n Biblioteca Novohispana). ISBN : 9681212002.<\/span><\/p>\n","protected":false},"featured_media":560,"template":"","meta":{"_acf_changed":false,"inline_featured_image":false},"product_brand":[],"product_cat":[4166,25],"product_tag":[3954,4124,4329,4168],"class_list":{"0":"post-561","1":"product","2":"type-product","3":"status-publish","4":"has-post-thumbnail","6":"product_cat-dramaturgia","7":"product_cat-literatura","8":"product_tag-drama-religioso","9":"product_tag-literatura-es","10":"product_tag-novohispano","11":"product_tag-teatro","13":"first","14":"instock","15":"taxable","16":"shipping-taxable","17":"purchasable","18":"product-type-simple"},"acf":[],"yoast_head":"<!-- This site is optimized with the Yoast SEO plugin v27.3 - https:\/\/yoast.com\/product\/yoast-seo-wordpress\/ -->\n<title>Tragedia intitulada Ocio de Juan Cigorondo<\/title>\n<meta name=\"description\" content=\"TRAGEDIA INTITULADA OCIO DE JUAN CIGORONDO Y TEATRO DE COLEGIO NOVOHISPANO DEL SIGLO XVI. \/ Asenjo (editor). 2006. (Colecci\u00f3n Biblioteca Novohispana).\" \/>\n<meta name=\"robots\" content=\"index, follow, max-snippet:-1, max-image-preview:large, max-video-preview:-1\" \/>\n<link rel=\"canonical\" href=\"https:\/\/booksfrommexico.com\/es\/producto\/tragedia-intitulada-ocio-de-juan-cigorondo-y-teatro-de-colegio-novohispano-del-siglo-xvi\/\" \/>\n<meta property=\"og:locale\" content=\"es_ES\" \/>\n<meta property=\"og:type\" content=\"article\" \/>\n<meta property=\"og:title\" content=\"Tragedia intitulada Ocio de Juan Cigorondo\" \/>\n<meta property=\"og:description\" content=\"TRAGEDIA INTITULADA OCIO DE JUAN CIGORONDO Y TEATRO DE COLEGIO NOVOHISPANO DEL SIGLO XVI. \/ Asenjo (editor). 2006. (Colecci\u00f3n Biblioteca Novohispana).\" \/>\n<meta property=\"og:url\" content=\"https:\/\/booksfrommexico.com\/es\/producto\/tragedia-intitulada-ocio-de-juan-cigorondo-y-teatro-de-colegio-novohispano-del-siglo-xvi\/\" \/>\n<meta property=\"og:site_name\" content=\"Books From Mexico\" \/>\n<meta property=\"article:modified_time\" content=\"2024-08-01T23:38:53+00:00\" \/>\n<meta property=\"og:image\" content=\"http:\/\/booksfrommexico.com\/app\/uploads\/2023\/05\/129492.jpeg\" \/>\n\t<meta property=\"og:image:width\" content=\"456\" \/>\n\t<meta property=\"og:image:height\" content=\"660\" \/>\n\t<meta property=\"og:image:type\" content=\"image\/jpeg\" \/>\n<meta name=\"twitter:card\" content=\"summary_large_image\" \/>\n<meta name=\"twitter:label1\" content=\"Tiempo de lectura\" \/>\n\t<meta name=\"twitter:data1\" content=\"1 minuto\" \/>\n<script type=\"application\/ld+json\" class=\"yoast-schema-graph\">{\"@context\":\"https:\\\/\\\/schema.org\",\"@graph\":[{\"@type\":\"WebPage\",\"@id\":\"https:\\\/\\\/booksfrommexico.com\\\/es\\\/producto\\\/tragedia-intitulada-ocio-de-juan-cigorondo-y-teatro-de-colegio-novohispano-del-siglo-xvi\\\/\",\"url\":\"https:\\\/\\\/booksfrommexico.com\\\/es\\\/producto\\\/tragedia-intitulada-ocio-de-juan-cigorondo-y-teatro-de-colegio-novohispano-del-siglo-xvi\\\/\",\"name\":\"Tragedia intitulada Ocio de Juan Cigorondo\",\"isPartOf\":{\"@id\":\"https:\\\/\\\/booksfrommexico.com\\\/#website\"},\"primaryImageOfPage\":{\"@id\":\"https:\\\/\\\/booksfrommexico.com\\\/es\\\/producto\\\/tragedia-intitulada-ocio-de-juan-cigorondo-y-teatro-de-colegio-novohispano-del-siglo-xvi\\\/#primaryimage\"},\"image\":{\"@id\":\"https:\\\/\\\/booksfrommexico.com\\\/es\\\/producto\\\/tragedia-intitulada-ocio-de-juan-cigorondo-y-teatro-de-colegio-novohispano-del-siglo-xvi\\\/#primaryimage\"},\"thumbnailUrl\":\"https:\\\/\\\/booksfrommexico.com\\\/app\\\/uploads\\\/2023\\\/05\\\/129492.jpeg\",\"datePublished\":\"2023-05-08T17:04:00+00:00\",\"dateModified\":\"2024-08-01T23:38:53+00:00\",\"description\":\"TRAGEDIA INTITULADA OCIO DE JUAN CIGORONDO Y TEATRO DE COLEGIO NOVOHISPANO DEL SIGLO XVI. \\\/ Asenjo (editor). 2006. (Colecci\u00f3n Biblioteca Novohispana).\",\"breadcrumb\":{\"@id\":\"https:\\\/\\\/booksfrommexico.com\\\/es\\\/producto\\\/tragedia-intitulada-ocio-de-juan-cigorondo-y-teatro-de-colegio-novohispano-del-siglo-xvi\\\/#breadcrumb\"},\"inLanguage\":\"es\",\"potentialAction\":[{\"@type\":\"ReadAction\",\"target\":[\"https:\\\/\\\/booksfrommexico.com\\\/es\\\/producto\\\/tragedia-intitulada-ocio-de-juan-cigorondo-y-teatro-de-colegio-novohispano-del-siglo-xvi\\\/\"]}]},{\"@type\":\"ImageObject\",\"inLanguage\":\"es\",\"@id\":\"https:\\\/\\\/booksfrommexico.com\\\/es\\\/producto\\\/tragedia-intitulada-ocio-de-juan-cigorondo-y-teatro-de-colegio-novohispano-del-siglo-xvi\\\/#primaryimage\",\"url\":\"https:\\\/\\\/booksfrommexico.com\\\/app\\\/uploads\\\/2023\\\/05\\\/129492.jpeg\",\"contentUrl\":\"https:\\\/\\\/booksfrommexico.com\\\/app\\\/uploads\\\/2023\\\/05\\\/129492.jpeg\",\"width\":456,\"height\":660},{\"@type\":\"BreadcrumbList\",\"@id\":\"https:\\\/\\\/booksfrommexico.com\\\/es\\\/producto\\\/tragedia-intitulada-ocio-de-juan-cigorondo-y-teatro-de-colegio-novohispano-del-siglo-xvi\\\/#breadcrumb\",\"itemListElement\":[{\"@type\":\"ListItem\",\"position\":1,\"name\":\"Home\",\"item\":\"https:\\\/\\\/booksfrommexico.com\\\/es\\\/\"},{\"@type\":\"ListItem\",\"position\":2,\"name\":\"Libros\",\"item\":\"https:\\\/\\\/booksfrommexico.com\\\/es\\\/libros\\\/\"},{\"@type\":\"ListItem\",\"position\":3,\"name\":\"Tragedia intitulada Ocio de Juan Cigorondo y Teatro de Colegio Novohispano del siglo XVI\"}]},{\"@type\":\"WebSite\",\"@id\":\"https:\\\/\\\/booksfrommexico.com\\\/#website\",\"url\":\"https:\\\/\\\/booksfrommexico.com\\\/\",\"name\":\"Books From Mexico\",\"description\":\"\",\"publisher\":{\"@id\":\"https:\\\/\\\/booksfrommexico.com\\\/#organization\"},\"potentialAction\":[{\"@type\":\"SearchAction\",\"target\":{\"@type\":\"EntryPoint\",\"urlTemplate\":\"https:\\\/\\\/booksfrommexico.com\\\/?s={search_term_string}\"},\"query-input\":{\"@type\":\"PropertyValueSpecification\",\"valueRequired\":true,\"valueName\":\"search_term_string\"}}],\"inLanguage\":\"es\"},{\"@type\":\"Organization\",\"@id\":\"https:\\\/\\\/booksfrommexico.com\\\/#organization\",\"name\":\"Books From Mexico\",\"url\":\"https:\\\/\\\/booksfrommexico.com\\\/\",\"logo\":{\"@type\":\"ImageObject\",\"inLanguage\":\"es\",\"@id\":\"https:\\\/\\\/booksfrommexico.com\\\/#\\\/schema\\\/logo\\\/image\\\/\",\"url\":\"https:\\\/\\\/booksfrommexico.com\\\/app\\\/uploads\\\/2023\\\/05\\\/logo-booksfrommexico.svg\",\"contentUrl\":\"https:\\\/\\\/booksfrommexico.com\\\/app\\\/uploads\\\/2023\\\/05\\\/logo-booksfrommexico.svg\",\"width\":86,\"height\":56,\"caption\":\"Books From Mexico\"},\"image\":{\"@id\":\"https:\\\/\\\/booksfrommexico.com\\\/#\\\/schema\\\/logo\\\/image\\\/\"}}]}<\/script>\n<!-- \/ Yoast SEO plugin. -->","yoast_head_json":{"title":"Tragedia intitulada Ocio de Juan Cigorondo","description":"TRAGEDIA INTITULADA OCIO DE JUAN CIGORONDO Y TEATRO DE COLEGIO NOVOHISPANO DEL SIGLO XVI. \/ Asenjo (editor). 2006. (Colecci\u00f3n Biblioteca Novohispana).","robots":{"index":"index","follow":"follow","max-snippet":"max-snippet:-1","max-image-preview":"max-image-preview:large","max-video-preview":"max-video-preview:-1"},"canonical":"https:\/\/booksfrommexico.com\/es\/producto\/tragedia-intitulada-ocio-de-juan-cigorondo-y-teatro-de-colegio-novohispano-del-siglo-xvi\/","og_locale":"es_ES","og_type":"article","og_title":"Tragedia intitulada Ocio de Juan Cigorondo","og_description":"TRAGEDIA INTITULADA OCIO DE JUAN CIGORONDO Y TEATRO DE COLEGIO NOVOHISPANO DEL SIGLO XVI. \/ Asenjo (editor). 2006. (Colecci\u00f3n Biblioteca Novohispana).","og_url":"https:\/\/booksfrommexico.com\/es\/producto\/tragedia-intitulada-ocio-de-juan-cigorondo-y-teatro-de-colegio-novohispano-del-siglo-xvi\/","og_site_name":"Books From Mexico","article_modified_time":"2024-08-01T23:38:53+00:00","og_image":[{"width":456,"height":660,"url":"http:\/\/booksfrommexico.com\/app\/uploads\/2023\/05\/129492.jpeg","type":"image\/jpeg"}],"twitter_card":"summary_large_image","twitter_misc":{"Tiempo de lectura":"1 minuto"},"schema":{"@context":"https:\/\/schema.org","@graph":[{"@type":"WebPage","@id":"https:\/\/booksfrommexico.com\/es\/producto\/tragedia-intitulada-ocio-de-juan-cigorondo-y-teatro-de-colegio-novohispano-del-siglo-xvi\/","url":"https:\/\/booksfrommexico.com\/es\/producto\/tragedia-intitulada-ocio-de-juan-cigorondo-y-teatro-de-colegio-novohispano-del-siglo-xvi\/","name":"Tragedia intitulada Ocio de Juan Cigorondo","isPartOf":{"@id":"https:\/\/booksfrommexico.com\/#website"},"primaryImageOfPage":{"@id":"https:\/\/booksfrommexico.com\/es\/producto\/tragedia-intitulada-ocio-de-juan-cigorondo-y-teatro-de-colegio-novohispano-del-siglo-xvi\/#primaryimage"},"image":{"@id":"https:\/\/booksfrommexico.com\/es\/producto\/tragedia-intitulada-ocio-de-juan-cigorondo-y-teatro-de-colegio-novohispano-del-siglo-xvi\/#primaryimage"},"thumbnailUrl":"https:\/\/booksfrommexico.com\/app\/uploads\/2023\/05\/129492.jpeg","datePublished":"2023-05-08T17:04:00+00:00","dateModified":"2024-08-01T23:38:53+00:00","description":"TRAGEDIA INTITULADA OCIO DE JUAN CIGORONDO Y TEATRO DE COLEGIO NOVOHISPANO DEL SIGLO XVI. \/ Asenjo (editor). 2006. (Colecci\u00f3n Biblioteca Novohispana).","breadcrumb":{"@id":"https:\/\/booksfrommexico.com\/es\/producto\/tragedia-intitulada-ocio-de-juan-cigorondo-y-teatro-de-colegio-novohispano-del-siglo-xvi\/#breadcrumb"},"inLanguage":"es","potentialAction":[{"@type":"ReadAction","target":["https:\/\/booksfrommexico.com\/es\/producto\/tragedia-intitulada-ocio-de-juan-cigorondo-y-teatro-de-colegio-novohispano-del-siglo-xvi\/"]}]},{"@type":"ImageObject","inLanguage":"es","@id":"https:\/\/booksfrommexico.com\/es\/producto\/tragedia-intitulada-ocio-de-juan-cigorondo-y-teatro-de-colegio-novohispano-del-siglo-xvi\/#primaryimage","url":"https:\/\/booksfrommexico.com\/app\/uploads\/2023\/05\/129492.jpeg","contentUrl":"https:\/\/booksfrommexico.com\/app\/uploads\/2023\/05\/129492.jpeg","width":456,"height":660},{"@type":"BreadcrumbList","@id":"https:\/\/booksfrommexico.com\/es\/producto\/tragedia-intitulada-ocio-de-juan-cigorondo-y-teatro-de-colegio-novohispano-del-siglo-xvi\/#breadcrumb","itemListElement":[{"@type":"ListItem","position":1,"name":"Home","item":"https:\/\/booksfrommexico.com\/es\/"},{"@type":"ListItem","position":2,"name":"Libros","item":"https:\/\/booksfrommexico.com\/es\/libros\/"},{"@type":"ListItem","position":3,"name":"Tragedia intitulada Ocio de Juan Cigorondo y Teatro de Colegio Novohispano del siglo XVI"}]},{"@type":"WebSite","@id":"https:\/\/booksfrommexico.com\/#website","url":"https:\/\/booksfrommexico.com\/","name":"Books From Mexico","description":"","publisher":{"@id":"https:\/\/booksfrommexico.com\/#organization"},"potentialAction":[{"@type":"SearchAction","target":{"@type":"EntryPoint","urlTemplate":"https:\/\/booksfrommexico.com\/?s={search_term_string}"},"query-input":{"@type":"PropertyValueSpecification","valueRequired":true,"valueName":"search_term_string"}}],"inLanguage":"es"},{"@type":"Organization","@id":"https:\/\/booksfrommexico.com\/#organization","name":"Books From Mexico","url":"https:\/\/booksfrommexico.com\/","logo":{"@type":"ImageObject","inLanguage":"es","@id":"https:\/\/booksfrommexico.com\/#\/schema\/logo\/image\/","url":"https:\/\/booksfrommexico.com\/app\/uploads\/2023\/05\/logo-booksfrommexico.svg","contentUrl":"https:\/\/booksfrommexico.com\/app\/uploads\/2023\/05\/logo-booksfrommexico.svg","width":86,"height":56,"caption":"Books From Mexico"},"image":{"@id":"https:\/\/booksfrommexico.com\/#\/schema\/logo\/image\/"}}]}},"_links":{"self":[{"href":"https:\/\/booksfrommexico.com\/es\/wp-json\/wp\/v2\/product\/561","targetHints":{"allow":["GET"]}}],"collection":[{"href":"https:\/\/booksfrommexico.com\/es\/wp-json\/wp\/v2\/product"}],"about":[{"href":"https:\/\/booksfrommexico.com\/es\/wp-json\/wp\/v2\/types\/product"}],"wp:featuredmedia":[{"embeddable":true,"href":"https:\/\/booksfrommexico.com\/es\/wp-json\/wp\/v2\/media\/560"}],"wp:attachment":[{"href":"https:\/\/booksfrommexico.com\/es\/wp-json\/wp\/v2\/media?parent=561"}],"wp:term":[{"taxonomy":"product_brand","embeddable":true,"href":"https:\/\/booksfrommexico.com\/es\/wp-json\/wp\/v2\/product_brand?post=561"},{"taxonomy":"product_cat","embeddable":true,"href":"https:\/\/booksfrommexico.com\/es\/wp-json\/wp\/v2\/product_cat?post=561"},{"taxonomy":"product_tag","embeddable":true,"href":"https:\/\/booksfrommexico.com\/es\/wp-json\/wp\/v2\/product_tag?post=561"}],"curies":[{"name":"wp","href":"https:\/\/api.w.org\/{rel}","templated":true}]}}