{"id":563,"date":"2023-05-08T17:04:02","date_gmt":"2023-05-08T17:04:02","guid":{"rendered":"http:\/\/booksfrommexico.com\/product\/una-villa-mexicana-en-el-siglo-xviii-nuestra-senora-de-guadalupe\/"},"modified":"2024-08-01T23:55:20","modified_gmt":"2024-08-01T23:55:20","slug":"una-villa-mexicana-en-el-siglo-xviii-nuestra-senora-de-guadalupe","status":"publish","type":"product","link":"https:\/\/booksfrommexico.com\/es\/producto\/una-villa-mexicana-en-el-siglo-xviii-nuestra-senora-de-guadalupe\/","title":{"rendered":"Una Villa mexicana en el siglo XVIII: Nuestra se\u00f1ora de Guadalupe"},"content":{"rendered":"<p><span style=\"font-weight: 400;\">Esta es la segunda edici\u00f3n de la obra publicada en 1957, constituyendo una clara muestra de la mejor historiograf\u00eda mexicana del siglo XX, brind\u00e1ndole al lector m\u00faltiples aspectos que incidieron en el desarrollo de la poblaci\u00f3n mexicana, profundamente marcada por el fen\u00f3meno religioso. Esta investigaci\u00f3n se divide en cuatro partes para explicar a detalle el comienzo y desarrollo de la villa de Nuestra Se\u00f1ora de Guadalupe, siendo un santuario mariano que albergaba a la Virgen de Guadalupe, cuya devoci\u00f3n se arraig\u00f3 profundamente en la Nueva Espa\u00f1a. Aqu\u00ed se reconstruyen y se entrelazan particularidades curiosas, el gobierno, la jurisdicci\u00f3n, la econom\u00eda, el perfil urbano, la psicolog\u00eda de los guadalupanos, sus problemas e intereses.<\/span><\/p>\n","protected":false},"excerpt":{"rendered":"<p>UNA VILLA MEXICANA EN EL SIGLO XVIII : NUESTRA SE\u00d1ORA DE GUADALUPE<span style=\"font-weight: 400;\">. \/ Second edition. Delfina L\u00f3pez Sarrelangue. M\u00e9xico, D.F. : Universidad Nacional Aut\u00f3noma de M\u00e9xico , Instituto de Investigaciones Hist\u00f3ricas ; Miguel Angel Porr\u00faa, 2005. 294 pages : includes photos, bibliographic references, bibliography ; 23 cm. ISBN : 9707016086. <\/span><\/p>\n","protected":false},"featured_media":562,"template":"","meta":{"_acf_changed":false,"inline_featured_image":false},"product_brand":[],"product_cat":[27,4488,158],"product_tag":[3677,4398,3729],"class_list":{"0":"post-563","1":"product","2":"type-product","3":"status-publish","4":"has-post-thumbnail","6":"product_cat-historia","7":"product_cat-historiografia","8":"product_cat-religion-y-sociedad","9":"product_tag-arquitectura-antigua","10":"product_tag-historia-mexico","11":"product_tag-religion","13":"first","14":"instock","15":"taxable","16":"shipping-taxable","17":"purchasable","18":"product-type-simple"},"acf":[],"yoast_head":"<!-- This site is optimized with the Yoast SEO plugin v27.3 - https:\/\/yoast.com\/product\/yoast-seo-wordpress\/ -->\n<title>Una Villa mexicana en el siglo XVIII: Nuestra se\u00f1ora de Guadalupe<\/title>\n<meta name=\"description\" content=\"UNA VILLA MEXICANA EN EL SIGLO XVIII : NUESTRA SE\u00d1ORA DE GUADALUPE. \/ Second edition. Delfina L\u00f3pez Sarrelangue. 2005. ISBN : 9707016086.\" \/>\n<meta name=\"robots\" content=\"index, follow, max-snippet:-1, max-image-preview:large, max-video-preview:-1\" \/>\n<link rel=\"canonical\" href=\"https:\/\/booksfrommexico.com\/es\/producto\/una-villa-mexicana-en-el-siglo-xviii-nuestra-senora-de-guadalupe\/\" \/>\n<meta property=\"og:locale\" content=\"es_ES\" \/>\n<meta property=\"og:type\" content=\"article\" \/>\n<meta property=\"og:title\" content=\"Una Villa mexicana en el siglo XVIII: Nuestra se\u00f1ora de Guadalupe\" \/>\n<meta property=\"og:description\" content=\"UNA VILLA MEXICANA EN EL SIGLO XVIII : NUESTRA SE\u00d1ORA DE GUADALUPE. \/ Second edition. Delfina L\u00f3pez Sarrelangue. 2005. ISBN : 9707016086.\" \/>\n<meta property=\"og:url\" content=\"https:\/\/booksfrommexico.com\/es\/producto\/una-villa-mexicana-en-el-siglo-xviii-nuestra-senora-de-guadalupe\/\" \/>\n<meta property=\"og:site_name\" content=\"Books From Mexico\" \/>\n<meta property=\"article:modified_time\" content=\"2024-08-01T23:55:20+00:00\" \/>\n<meta property=\"og:image\" content=\"http:\/\/booksfrommexico.com\/app\/uploads\/2023\/05\/129483.jpeg\" \/>\n\t<meta property=\"og:image:width\" content=\"482\" \/>\n\t<meta property=\"og:image:height\" content=\"663\" \/>\n\t<meta property=\"og:image:type\" content=\"image\/jpeg\" \/>\n<meta name=\"twitter:card\" content=\"summary_large_image\" \/>\n<meta name=\"twitter:label1\" content=\"Tiempo de lectura\" \/>\n\t<meta name=\"twitter:data1\" content=\"1 minuto\" \/>\n<script type=\"application\/ld+json\" class=\"yoast-schema-graph\">{\"@context\":\"https:\\\/\\\/schema.org\",\"@graph\":[{\"@type\":\"WebPage\",\"@id\":\"https:\\\/\\\/booksfrommexico.com\\\/es\\\/producto\\\/una-villa-mexicana-en-el-siglo-xviii-nuestra-senora-de-guadalupe\\\/\",\"url\":\"https:\\\/\\\/booksfrommexico.com\\\/es\\\/producto\\\/una-villa-mexicana-en-el-siglo-xviii-nuestra-senora-de-guadalupe\\\/\",\"name\":\"Una Villa mexicana en el siglo XVIII: Nuestra se\u00f1ora de Guadalupe\",\"isPartOf\":{\"@id\":\"https:\\\/\\\/booksfrommexico.com\\\/#website\"},\"primaryImageOfPage\":{\"@id\":\"https:\\\/\\\/booksfrommexico.com\\\/es\\\/producto\\\/una-villa-mexicana-en-el-siglo-xviii-nuestra-senora-de-guadalupe\\\/#primaryimage\"},\"image\":{\"@id\":\"https:\\\/\\\/booksfrommexico.com\\\/es\\\/producto\\\/una-villa-mexicana-en-el-siglo-xviii-nuestra-senora-de-guadalupe\\\/#primaryimage\"},\"thumbnailUrl\":\"https:\\\/\\\/booksfrommexico.com\\\/app\\\/uploads\\\/2023\\\/05\\\/129483.jpeg\",\"datePublished\":\"2023-05-08T17:04:02+00:00\",\"dateModified\":\"2024-08-01T23:55:20+00:00\",\"description\":\"UNA VILLA MEXICANA EN EL SIGLO XVIII : NUESTRA SE\u00d1ORA DE GUADALUPE. \\\/ Second edition. Delfina L\u00f3pez Sarrelangue. 2005. ISBN : 9707016086.\",\"breadcrumb\":{\"@id\":\"https:\\\/\\\/booksfrommexico.com\\\/es\\\/producto\\\/una-villa-mexicana-en-el-siglo-xviii-nuestra-senora-de-guadalupe\\\/#breadcrumb\"},\"inLanguage\":\"es\",\"potentialAction\":[{\"@type\":\"ReadAction\",\"target\":[\"https:\\\/\\\/booksfrommexico.com\\\/es\\\/producto\\\/una-villa-mexicana-en-el-siglo-xviii-nuestra-senora-de-guadalupe\\\/\"]}]},{\"@type\":\"ImageObject\",\"inLanguage\":\"es\",\"@id\":\"https:\\\/\\\/booksfrommexico.com\\\/es\\\/producto\\\/una-villa-mexicana-en-el-siglo-xviii-nuestra-senora-de-guadalupe\\\/#primaryimage\",\"url\":\"https:\\\/\\\/booksfrommexico.com\\\/app\\\/uploads\\\/2023\\\/05\\\/129483.jpeg\",\"contentUrl\":\"https:\\\/\\\/booksfrommexico.com\\\/app\\\/uploads\\\/2023\\\/05\\\/129483.jpeg\",\"width\":482,\"height\":663},{\"@type\":\"BreadcrumbList\",\"@id\":\"https:\\\/\\\/booksfrommexico.com\\\/es\\\/producto\\\/una-villa-mexicana-en-el-siglo-xviii-nuestra-senora-de-guadalupe\\\/#breadcrumb\",\"itemListElement\":[{\"@type\":\"ListItem\",\"position\":1,\"name\":\"Home\",\"item\":\"https:\\\/\\\/booksfrommexico.com\\\/es\\\/\"},{\"@type\":\"ListItem\",\"position\":2,\"name\":\"Libros\",\"item\":\"https:\\\/\\\/booksfrommexico.com\\\/es\\\/libros\\\/\"},{\"@type\":\"ListItem\",\"position\":3,\"name\":\"Una Villa mexicana en el siglo XVIII: Nuestra se\u00f1ora de Guadalupe\"}]},{\"@type\":\"WebSite\",\"@id\":\"https:\\\/\\\/booksfrommexico.com\\\/#website\",\"url\":\"https:\\\/\\\/booksfrommexico.com\\\/\",\"name\":\"Books From Mexico\",\"description\":\"\",\"publisher\":{\"@id\":\"https:\\\/\\\/booksfrommexico.com\\\/#organization\"},\"potentialAction\":[{\"@type\":\"SearchAction\",\"target\":{\"@type\":\"EntryPoint\",\"urlTemplate\":\"https:\\\/\\\/booksfrommexico.com\\\/?s={search_term_string}\"},\"query-input\":{\"@type\":\"PropertyValueSpecification\",\"valueRequired\":true,\"valueName\":\"search_term_string\"}}],\"inLanguage\":\"es\"},{\"@type\":\"Organization\",\"@id\":\"https:\\\/\\\/booksfrommexico.com\\\/#organization\",\"name\":\"Books From Mexico\",\"url\":\"https:\\\/\\\/booksfrommexico.com\\\/\",\"logo\":{\"@type\":\"ImageObject\",\"inLanguage\":\"es\",\"@id\":\"https:\\\/\\\/booksfrommexico.com\\\/#\\\/schema\\\/logo\\\/image\\\/\",\"url\":\"https:\\\/\\\/booksfrommexico.com\\\/app\\\/uploads\\\/2023\\\/05\\\/logo-booksfrommexico.svg\",\"contentUrl\":\"https:\\\/\\\/booksfrommexico.com\\\/app\\\/uploads\\\/2023\\\/05\\\/logo-booksfrommexico.svg\",\"width\":86,\"height\":56,\"caption\":\"Books From Mexico\"},\"image\":{\"@id\":\"https:\\\/\\\/booksfrommexico.com\\\/#\\\/schema\\\/logo\\\/image\\\/\"}}]}<\/script>\n<!-- \/ Yoast SEO plugin. -->","yoast_head_json":{"title":"Una Villa mexicana en el siglo XVIII: Nuestra se\u00f1ora de Guadalupe","description":"UNA VILLA MEXICANA EN EL SIGLO XVIII : NUESTRA SE\u00d1ORA DE GUADALUPE. \/ Second edition. Delfina L\u00f3pez Sarrelangue. 2005. ISBN : 9707016086.","robots":{"index":"index","follow":"follow","max-snippet":"max-snippet:-1","max-image-preview":"max-image-preview:large","max-video-preview":"max-video-preview:-1"},"canonical":"https:\/\/booksfrommexico.com\/es\/producto\/una-villa-mexicana-en-el-siglo-xviii-nuestra-senora-de-guadalupe\/","og_locale":"es_ES","og_type":"article","og_title":"Una Villa mexicana en el siglo XVIII: Nuestra se\u00f1ora de Guadalupe","og_description":"UNA VILLA MEXICANA EN EL SIGLO XVIII : NUESTRA SE\u00d1ORA DE GUADALUPE. \/ Second edition. Delfina L\u00f3pez Sarrelangue. 2005. ISBN : 9707016086.","og_url":"https:\/\/booksfrommexico.com\/es\/producto\/una-villa-mexicana-en-el-siglo-xviii-nuestra-senora-de-guadalupe\/","og_site_name":"Books From Mexico","article_modified_time":"2024-08-01T23:55:20+00:00","og_image":[{"width":482,"height":663,"url":"http:\/\/booksfrommexico.com\/app\/uploads\/2023\/05\/129483.jpeg","type":"image\/jpeg"}],"twitter_card":"summary_large_image","twitter_misc":{"Tiempo de lectura":"1 minuto"},"schema":{"@context":"https:\/\/schema.org","@graph":[{"@type":"WebPage","@id":"https:\/\/booksfrommexico.com\/es\/producto\/una-villa-mexicana-en-el-siglo-xviii-nuestra-senora-de-guadalupe\/","url":"https:\/\/booksfrommexico.com\/es\/producto\/una-villa-mexicana-en-el-siglo-xviii-nuestra-senora-de-guadalupe\/","name":"Una Villa mexicana en el siglo XVIII: Nuestra se\u00f1ora de Guadalupe","isPartOf":{"@id":"https:\/\/booksfrommexico.com\/#website"},"primaryImageOfPage":{"@id":"https:\/\/booksfrommexico.com\/es\/producto\/una-villa-mexicana-en-el-siglo-xviii-nuestra-senora-de-guadalupe\/#primaryimage"},"image":{"@id":"https:\/\/booksfrommexico.com\/es\/producto\/una-villa-mexicana-en-el-siglo-xviii-nuestra-senora-de-guadalupe\/#primaryimage"},"thumbnailUrl":"https:\/\/booksfrommexico.com\/app\/uploads\/2023\/05\/129483.jpeg","datePublished":"2023-05-08T17:04:02+00:00","dateModified":"2024-08-01T23:55:20+00:00","description":"UNA VILLA MEXICANA EN EL SIGLO XVIII : NUESTRA SE\u00d1ORA DE GUADALUPE. \/ Second edition. Delfina L\u00f3pez Sarrelangue. 2005. ISBN : 9707016086.","breadcrumb":{"@id":"https:\/\/booksfrommexico.com\/es\/producto\/una-villa-mexicana-en-el-siglo-xviii-nuestra-senora-de-guadalupe\/#breadcrumb"},"inLanguage":"es","potentialAction":[{"@type":"ReadAction","target":["https:\/\/booksfrommexico.com\/es\/producto\/una-villa-mexicana-en-el-siglo-xviii-nuestra-senora-de-guadalupe\/"]}]},{"@type":"ImageObject","inLanguage":"es","@id":"https:\/\/booksfrommexico.com\/es\/producto\/una-villa-mexicana-en-el-siglo-xviii-nuestra-senora-de-guadalupe\/#primaryimage","url":"https:\/\/booksfrommexico.com\/app\/uploads\/2023\/05\/129483.jpeg","contentUrl":"https:\/\/booksfrommexico.com\/app\/uploads\/2023\/05\/129483.jpeg","width":482,"height":663},{"@type":"BreadcrumbList","@id":"https:\/\/booksfrommexico.com\/es\/producto\/una-villa-mexicana-en-el-siglo-xviii-nuestra-senora-de-guadalupe\/#breadcrumb","itemListElement":[{"@type":"ListItem","position":1,"name":"Home","item":"https:\/\/booksfrommexico.com\/es\/"},{"@type":"ListItem","position":2,"name":"Libros","item":"https:\/\/booksfrommexico.com\/es\/libros\/"},{"@type":"ListItem","position":3,"name":"Una Villa mexicana en el siglo XVIII: Nuestra se\u00f1ora de Guadalupe"}]},{"@type":"WebSite","@id":"https:\/\/booksfrommexico.com\/#website","url":"https:\/\/booksfrommexico.com\/","name":"Books From Mexico","description":"","publisher":{"@id":"https:\/\/booksfrommexico.com\/#organization"},"potentialAction":[{"@type":"SearchAction","target":{"@type":"EntryPoint","urlTemplate":"https:\/\/booksfrommexico.com\/?s={search_term_string}"},"query-input":{"@type":"PropertyValueSpecification","valueRequired":true,"valueName":"search_term_string"}}],"inLanguage":"es"},{"@type":"Organization","@id":"https:\/\/booksfrommexico.com\/#organization","name":"Books From Mexico","url":"https:\/\/booksfrommexico.com\/","logo":{"@type":"ImageObject","inLanguage":"es","@id":"https:\/\/booksfrommexico.com\/#\/schema\/logo\/image\/","url":"https:\/\/booksfrommexico.com\/app\/uploads\/2023\/05\/logo-booksfrommexico.svg","contentUrl":"https:\/\/booksfrommexico.com\/app\/uploads\/2023\/05\/logo-booksfrommexico.svg","width":86,"height":56,"caption":"Books From Mexico"},"image":{"@id":"https:\/\/booksfrommexico.com\/#\/schema\/logo\/image\/"}}]}},"_links":{"self":[{"href":"https:\/\/booksfrommexico.com\/es\/wp-json\/wp\/v2\/product\/563","targetHints":{"allow":["GET"]}}],"collection":[{"href":"https:\/\/booksfrommexico.com\/es\/wp-json\/wp\/v2\/product"}],"about":[{"href":"https:\/\/booksfrommexico.com\/es\/wp-json\/wp\/v2\/types\/product"}],"wp:featuredmedia":[{"embeddable":true,"href":"https:\/\/booksfrommexico.com\/es\/wp-json\/wp\/v2\/media\/562"}],"wp:attachment":[{"href":"https:\/\/booksfrommexico.com\/es\/wp-json\/wp\/v2\/media?parent=563"}],"wp:term":[{"taxonomy":"product_brand","embeddable":true,"href":"https:\/\/booksfrommexico.com\/es\/wp-json\/wp\/v2\/product_brand?post=563"},{"taxonomy":"product_cat","embeddable":true,"href":"https:\/\/booksfrommexico.com\/es\/wp-json\/wp\/v2\/product_cat?post=563"},{"taxonomy":"product_tag","embeddable":true,"href":"https:\/\/booksfrommexico.com\/es\/wp-json\/wp\/v2\/product_tag?post=563"}],"curies":[{"name":"wp","href":"https:\/\/api.w.org\/{rel}","templated":true}]}}