{"id":565,"date":"2023-05-08T17:04:03","date_gmt":"2023-05-08T17:04:03","guid":{"rendered":"http:\/\/booksfrommexico.com\/product\/personajes-e-instituciones-del-pueblo-mixteco\/"},"modified":"2025-03-03T03:27:17","modified_gmt":"2025-03-03T03:27:17","slug":"personajes-e-instituciones-del-pueblo-mixteco","status":"publish","type":"product","link":"https:\/\/booksfrommexico.com\/es\/producto\/personajes-e-instituciones-del-pueblo-mixteco\/","title":{"rendered":"Personajes e instituciones del pueblo mixteco"},"content":{"rendered":"<p><span style=\"font-weight: 400;\">Este t\u00edtulo recoge las conferencias y ponencias presentadas en el marco de la III Semana de la Cultura Mixteca presentadas en junio del 2003 por la Universidad Tecnol\u00f3gica de la Mixteca (UTM), el cual tiene como misi\u00f3n difundir de manera impresa las manifestaciones culturales de la regi\u00f3n de la Mixteca. Con el fin de crear la divulgaci\u00f3n de conocimientos, aqu\u00ed se tratan algunos temas como: Historia, filosof\u00eda, arqueolog\u00eda, cr\u00f3nicas, exconventos y su arquitectura. Algunos de los temas espec\u00edficos que se exploran son los gobernantes mixtecos, independencia econ\u00f3mica de los pueblos, leyendas y tradiciones, situaci\u00f3n actual de algunos exconventos y el proyecto filos\u00f3fico-educativo de Jos\u00e9 Vasconcelos.<\/span><\/p>\n","protected":false},"excerpt":{"rendered":"<p>PERSONAJES E INSTITUCIONES DEL PUEBLO MIXTECO<span style=\"font-weight: 400;\">. \/ Angel Iv\u00e1n Rivera Guzm\u00e1n, Alejandro M\u00e9ndez Aquino, Edgar Mendoza Garc\u00eda, Rub\u00e9n Vasconcelos Beltr\u00e1n, Mario Magall\u00f3n Anaya. Tehuantepec, Oaxaca, M\u00e9xico : Universidad Tecnol\u00f3gica de la Mixteca, 2004. 126 pages : includes color photos, references, bibliographic references, bibliography ; 23 cm. <\/span><\/p>\n","protected":false},"featured_media":564,"template":"","meta":{"_acf_changed":false,"inline_featured_image":false},"product_brand":[],"product_cat":[19,27],"product_tag":[3677,4341,4398,3871,3918],"class_list":{"0":"post-565","1":"product","2":"type-product","3":"status-publish","4":"has-post-thumbnail","6":"product_cat-antropologia","7":"product_cat-historia","8":"product_tag-arquitectura-antigua","9":"product_tag-cultura","10":"product_tag-historia-mexico","11":"product_tag-leyendas","12":"product_tag-mixtecos","14":"first","15":"outofstock","16":"taxable","17":"shipping-taxable","18":"purchasable","19":"product-type-simple"},"acf":[],"yoast_head":"<!-- This site is optimized with the Yoast SEO plugin v27.3 - https:\/\/yoast.com\/product\/yoast-seo-wordpress\/ -->\n<title>Personajes e instituciones del pueblo mixteco<\/title>\n<meta name=\"description\" content=\"PERSONAJES E INSTITUCIONES DEL PUEBLO MIXTECO. \/ Rivera Guzm\u00e1n, M\u00e9ndez Aquino, Mendoza Garc\u00eda, Vasconcelos Beltr\u00e1n, Magall\u00f3n Anaya. UTM, 2004.\" \/>\n<meta name=\"robots\" content=\"index, follow, max-snippet:-1, max-image-preview:large, max-video-preview:-1\" \/>\n<link rel=\"canonical\" href=\"https:\/\/booksfrommexico.com\/es\/producto\/personajes-e-instituciones-del-pueblo-mixteco\/\" \/>\n<meta property=\"og:locale\" content=\"es_ES\" \/>\n<meta property=\"og:type\" content=\"article\" \/>\n<meta property=\"og:title\" content=\"Personajes e instituciones del pueblo mixteco\" \/>\n<meta property=\"og:description\" content=\"PERSONAJES E INSTITUCIONES DEL PUEBLO MIXTECO. \/ Rivera Guzm\u00e1n, M\u00e9ndez Aquino, Mendoza Garc\u00eda, Vasconcelos Beltr\u00e1n, Magall\u00f3n Anaya. UTM, 2004.\" \/>\n<meta property=\"og:url\" content=\"https:\/\/booksfrommexico.com\/es\/producto\/personajes-e-instituciones-del-pueblo-mixteco\/\" \/>\n<meta property=\"og:site_name\" content=\"Books From Mexico\" \/>\n<meta property=\"article:modified_time\" content=\"2025-03-03T03:27:17+00:00\" \/>\n<meta property=\"og:image\" content=\"http:\/\/booksfrommexico.com\/app\/uploads\/2023\/05\/129374.jpeg\" \/>\n\t<meta property=\"og:image:width\" content=\"482\" \/>\n\t<meta property=\"og:image:height\" content=\"663\" \/>\n\t<meta property=\"og:image:type\" content=\"image\/jpeg\" \/>\n<meta name=\"twitter:card\" content=\"summary_large_image\" \/>\n<meta name=\"twitter:label1\" content=\"Tiempo de lectura\" \/>\n\t<meta name=\"twitter:data1\" content=\"1 minuto\" \/>\n<script type=\"application\/ld+json\" class=\"yoast-schema-graph\">{\"@context\":\"https:\\\/\\\/schema.org\",\"@graph\":[{\"@type\":\"WebPage\",\"@id\":\"https:\\\/\\\/booksfrommexico.com\\\/es\\\/producto\\\/personajes-e-instituciones-del-pueblo-mixteco\\\/\",\"url\":\"https:\\\/\\\/booksfrommexico.com\\\/es\\\/producto\\\/personajes-e-instituciones-del-pueblo-mixteco\\\/\",\"name\":\"Personajes e instituciones del pueblo mixteco\",\"isPartOf\":{\"@id\":\"https:\\\/\\\/booksfrommexico.com\\\/#website\"},\"primaryImageOfPage\":{\"@id\":\"https:\\\/\\\/booksfrommexico.com\\\/es\\\/producto\\\/personajes-e-instituciones-del-pueblo-mixteco\\\/#primaryimage\"},\"image\":{\"@id\":\"https:\\\/\\\/booksfrommexico.com\\\/es\\\/producto\\\/personajes-e-instituciones-del-pueblo-mixteco\\\/#primaryimage\"},\"thumbnailUrl\":\"https:\\\/\\\/booksfrommexico.com\\\/app\\\/uploads\\\/2023\\\/05\\\/129374.jpeg\",\"datePublished\":\"2023-05-08T17:04:03+00:00\",\"dateModified\":\"2025-03-03T03:27:17+00:00\",\"description\":\"PERSONAJES E INSTITUCIONES DEL PUEBLO MIXTECO. \\\/ Rivera Guzm\u00e1n, M\u00e9ndez Aquino, Mendoza Garc\u00eda, Vasconcelos Beltr\u00e1n, Magall\u00f3n Anaya. UTM, 2004.\",\"breadcrumb\":{\"@id\":\"https:\\\/\\\/booksfrommexico.com\\\/es\\\/producto\\\/personajes-e-instituciones-del-pueblo-mixteco\\\/#breadcrumb\"},\"inLanguage\":\"es\",\"potentialAction\":[{\"@type\":\"ReadAction\",\"target\":[\"https:\\\/\\\/booksfrommexico.com\\\/es\\\/producto\\\/personajes-e-instituciones-del-pueblo-mixteco\\\/\"]}]},{\"@type\":\"ImageObject\",\"inLanguage\":\"es\",\"@id\":\"https:\\\/\\\/booksfrommexico.com\\\/es\\\/producto\\\/personajes-e-instituciones-del-pueblo-mixteco\\\/#primaryimage\",\"url\":\"https:\\\/\\\/booksfrommexico.com\\\/app\\\/uploads\\\/2023\\\/05\\\/129374.jpeg\",\"contentUrl\":\"https:\\\/\\\/booksfrommexico.com\\\/app\\\/uploads\\\/2023\\\/05\\\/129374.jpeg\",\"width\":482,\"height\":663},{\"@type\":\"BreadcrumbList\",\"@id\":\"https:\\\/\\\/booksfrommexico.com\\\/es\\\/producto\\\/personajes-e-instituciones-del-pueblo-mixteco\\\/#breadcrumb\",\"itemListElement\":[{\"@type\":\"ListItem\",\"position\":1,\"name\":\"Home\",\"item\":\"https:\\\/\\\/booksfrommexico.com\\\/es\\\/\"},{\"@type\":\"ListItem\",\"position\":2,\"name\":\"Libros\",\"item\":\"https:\\\/\\\/booksfrommexico.com\\\/es\\\/libros\\\/\"},{\"@type\":\"ListItem\",\"position\":3,\"name\":\"Personajes e instituciones del pueblo mixteco\"}]},{\"@type\":\"WebSite\",\"@id\":\"https:\\\/\\\/booksfrommexico.com\\\/#website\",\"url\":\"https:\\\/\\\/booksfrommexico.com\\\/\",\"name\":\"Books From Mexico\",\"description\":\"\",\"publisher\":{\"@id\":\"https:\\\/\\\/booksfrommexico.com\\\/#organization\"},\"potentialAction\":[{\"@type\":\"SearchAction\",\"target\":{\"@type\":\"EntryPoint\",\"urlTemplate\":\"https:\\\/\\\/booksfrommexico.com\\\/?s={search_term_string}\"},\"query-input\":{\"@type\":\"PropertyValueSpecification\",\"valueRequired\":true,\"valueName\":\"search_term_string\"}}],\"inLanguage\":\"es\"},{\"@type\":\"Organization\",\"@id\":\"https:\\\/\\\/booksfrommexico.com\\\/#organization\",\"name\":\"Books From Mexico\",\"url\":\"https:\\\/\\\/booksfrommexico.com\\\/\",\"logo\":{\"@type\":\"ImageObject\",\"inLanguage\":\"es\",\"@id\":\"https:\\\/\\\/booksfrommexico.com\\\/#\\\/schema\\\/logo\\\/image\\\/\",\"url\":\"https:\\\/\\\/booksfrommexico.com\\\/app\\\/uploads\\\/2023\\\/05\\\/logo-booksfrommexico.svg\",\"contentUrl\":\"https:\\\/\\\/booksfrommexico.com\\\/app\\\/uploads\\\/2023\\\/05\\\/logo-booksfrommexico.svg\",\"width\":86,\"height\":56,\"caption\":\"Books From Mexico\"},\"image\":{\"@id\":\"https:\\\/\\\/booksfrommexico.com\\\/#\\\/schema\\\/logo\\\/image\\\/\"}}]}<\/script>\n<!-- \/ Yoast SEO plugin. -->","yoast_head_json":{"title":"Personajes e instituciones del pueblo mixteco","description":"PERSONAJES E INSTITUCIONES DEL PUEBLO MIXTECO. \/ Rivera Guzm\u00e1n, M\u00e9ndez Aquino, Mendoza Garc\u00eda, Vasconcelos Beltr\u00e1n, Magall\u00f3n Anaya. UTM, 2004.","robots":{"index":"index","follow":"follow","max-snippet":"max-snippet:-1","max-image-preview":"max-image-preview:large","max-video-preview":"max-video-preview:-1"},"canonical":"https:\/\/booksfrommexico.com\/es\/producto\/personajes-e-instituciones-del-pueblo-mixteco\/","og_locale":"es_ES","og_type":"article","og_title":"Personajes e instituciones del pueblo mixteco","og_description":"PERSONAJES E INSTITUCIONES DEL PUEBLO MIXTECO. \/ Rivera Guzm\u00e1n, M\u00e9ndez Aquino, Mendoza Garc\u00eda, Vasconcelos Beltr\u00e1n, Magall\u00f3n Anaya. UTM, 2004.","og_url":"https:\/\/booksfrommexico.com\/es\/producto\/personajes-e-instituciones-del-pueblo-mixteco\/","og_site_name":"Books From Mexico","article_modified_time":"2025-03-03T03:27:17+00:00","og_image":[{"width":482,"height":663,"url":"http:\/\/booksfrommexico.com\/app\/uploads\/2023\/05\/129374.jpeg","type":"image\/jpeg"}],"twitter_card":"summary_large_image","twitter_misc":{"Tiempo de lectura":"1 minuto"},"schema":{"@context":"https:\/\/schema.org","@graph":[{"@type":"WebPage","@id":"https:\/\/booksfrommexico.com\/es\/producto\/personajes-e-instituciones-del-pueblo-mixteco\/","url":"https:\/\/booksfrommexico.com\/es\/producto\/personajes-e-instituciones-del-pueblo-mixteco\/","name":"Personajes e instituciones del pueblo mixteco","isPartOf":{"@id":"https:\/\/booksfrommexico.com\/#website"},"primaryImageOfPage":{"@id":"https:\/\/booksfrommexico.com\/es\/producto\/personajes-e-instituciones-del-pueblo-mixteco\/#primaryimage"},"image":{"@id":"https:\/\/booksfrommexico.com\/es\/producto\/personajes-e-instituciones-del-pueblo-mixteco\/#primaryimage"},"thumbnailUrl":"https:\/\/booksfrommexico.com\/app\/uploads\/2023\/05\/129374.jpeg","datePublished":"2023-05-08T17:04:03+00:00","dateModified":"2025-03-03T03:27:17+00:00","description":"PERSONAJES E INSTITUCIONES DEL PUEBLO MIXTECO. \/ Rivera Guzm\u00e1n, M\u00e9ndez Aquino, Mendoza Garc\u00eda, Vasconcelos Beltr\u00e1n, Magall\u00f3n Anaya. UTM, 2004.","breadcrumb":{"@id":"https:\/\/booksfrommexico.com\/es\/producto\/personajes-e-instituciones-del-pueblo-mixteco\/#breadcrumb"},"inLanguage":"es","potentialAction":[{"@type":"ReadAction","target":["https:\/\/booksfrommexico.com\/es\/producto\/personajes-e-instituciones-del-pueblo-mixteco\/"]}]},{"@type":"ImageObject","inLanguage":"es","@id":"https:\/\/booksfrommexico.com\/es\/producto\/personajes-e-instituciones-del-pueblo-mixteco\/#primaryimage","url":"https:\/\/booksfrommexico.com\/app\/uploads\/2023\/05\/129374.jpeg","contentUrl":"https:\/\/booksfrommexico.com\/app\/uploads\/2023\/05\/129374.jpeg","width":482,"height":663},{"@type":"BreadcrumbList","@id":"https:\/\/booksfrommexico.com\/es\/producto\/personajes-e-instituciones-del-pueblo-mixteco\/#breadcrumb","itemListElement":[{"@type":"ListItem","position":1,"name":"Home","item":"https:\/\/booksfrommexico.com\/es\/"},{"@type":"ListItem","position":2,"name":"Libros","item":"https:\/\/booksfrommexico.com\/es\/libros\/"},{"@type":"ListItem","position":3,"name":"Personajes e instituciones del pueblo mixteco"}]},{"@type":"WebSite","@id":"https:\/\/booksfrommexico.com\/#website","url":"https:\/\/booksfrommexico.com\/","name":"Books From Mexico","description":"","publisher":{"@id":"https:\/\/booksfrommexico.com\/#organization"},"potentialAction":[{"@type":"SearchAction","target":{"@type":"EntryPoint","urlTemplate":"https:\/\/booksfrommexico.com\/?s={search_term_string}"},"query-input":{"@type":"PropertyValueSpecification","valueRequired":true,"valueName":"search_term_string"}}],"inLanguage":"es"},{"@type":"Organization","@id":"https:\/\/booksfrommexico.com\/#organization","name":"Books From Mexico","url":"https:\/\/booksfrommexico.com\/","logo":{"@type":"ImageObject","inLanguage":"es","@id":"https:\/\/booksfrommexico.com\/#\/schema\/logo\/image\/","url":"https:\/\/booksfrommexico.com\/app\/uploads\/2023\/05\/logo-booksfrommexico.svg","contentUrl":"https:\/\/booksfrommexico.com\/app\/uploads\/2023\/05\/logo-booksfrommexico.svg","width":86,"height":56,"caption":"Books From Mexico"},"image":{"@id":"https:\/\/booksfrommexico.com\/#\/schema\/logo\/image\/"}}]}},"_links":{"self":[{"href":"https:\/\/booksfrommexico.com\/es\/wp-json\/wp\/v2\/product\/565","targetHints":{"allow":["GET"]}}],"collection":[{"href":"https:\/\/booksfrommexico.com\/es\/wp-json\/wp\/v2\/product"}],"about":[{"href":"https:\/\/booksfrommexico.com\/es\/wp-json\/wp\/v2\/types\/product"}],"wp:featuredmedia":[{"embeddable":true,"href":"https:\/\/booksfrommexico.com\/es\/wp-json\/wp\/v2\/media\/564"}],"wp:attachment":[{"href":"https:\/\/booksfrommexico.com\/es\/wp-json\/wp\/v2\/media?parent=565"}],"wp:term":[{"taxonomy":"product_brand","embeddable":true,"href":"https:\/\/booksfrommexico.com\/es\/wp-json\/wp\/v2\/product_brand?post=565"},{"taxonomy":"product_cat","embeddable":true,"href":"https:\/\/booksfrommexico.com\/es\/wp-json\/wp\/v2\/product_cat?post=565"},{"taxonomy":"product_tag","embeddable":true,"href":"https:\/\/booksfrommexico.com\/es\/wp-json\/wp\/v2\/product_tag?post=565"}],"curies":[{"name":"wp","href":"https:\/\/api.w.org\/{rel}","templated":true}]}}