{"id":567,"date":"2023-05-08T17:04:04","date_gmt":"2023-05-08T17:04:04","guid":{"rendered":"http:\/\/booksfrommexico.com\/product\/la-voz-que-toco-el-tiempo\/"},"modified":"2024-08-02T20:52:30","modified_gmt":"2024-08-02T20:52:30","slug":"la-voz-que-toco-el-tiempo","status":"publish","type":"product","link":"https:\/\/booksfrommexico.com\/es\/producto\/la-voz-que-toco-el-tiempo\/","title":{"rendered":"La voz que toc\u00f3 el tiempo"},"content":{"rendered":"<p><span style=\"font-weight: 400;\">A lo largo de los 25 poemas recopilados de\u00a0 Juan Jos\u00e9 Cartas Antonio, que sirven como homenaje a la regi\u00f3n de Tehuantepec, se capturan lugares, temas y personas del lugar, as\u00ed como su historia. En estos versos se observa la admiraci\u00f3n del autor por la belleza de la regi\u00f3n, donde las tradiciones y las costumbres convergen armoniosamente, resaltando los colores y el encanto del antiguo Tehuantepec. Por otro lado, tambi\u00e9n se denota la nostalgia, el paso del tiempo y las transformaciones experimentadas por el crecimiento del territorio, teniendo como resultado el capturar su esencia po\u00e9tica en los poemas.<\/span><\/p>\n","protected":false},"excerpt":{"rendered":"<p>LA VOZ QUE TOC\u00d3 EL TIEMPO<span style=\"font-weight: 400;\">. \/ Juan Jos\u00e9 Cartas Antonio. Tehuantepec, Oaxaca, M\u00e9xico : Ya Era Hora, 2005. 71 pages ; 17 cm. <\/span><\/p>\n","protected":false},"featured_media":566,"template":"","meta":{"_acf_changed":false,"inline_featured_image":false},"product_brand":[],"product_cat":[25,32],"product_tag":[4354,4124,4115],"class_list":{"0":"post-567","1":"product","2":"type-product","3":"status-publish","4":"has-post-thumbnail","6":"product_cat-literatura","7":"product_cat-poesia-literatura","8":"product_tag-istmo","9":"product_tag-literatura-es","10":"product_tag-poesia-es","12":"first","13":"instock","14":"taxable","15":"shipping-taxable","16":"purchasable","17":"product-type-simple"},"acf":[],"yoast_head":"<!-- This site is optimized with the Yoast SEO plugin v27.3 - https:\/\/yoast.com\/product\/yoast-seo-wordpress\/ -->\n<title>La voz que toc\u00f3 el tiempo<\/title>\n<meta name=\"description\" content=\"LA VOZ QUE TOC\u00d3 EL TIEMPO. \/ Juan Jos\u00e9 Cartas Antonio. Tehuantepec, Oaxaca, M\u00e9xico : Ya Era Hora, 2005. 71 pages ; 17 cm.\" \/>\n<meta name=\"robots\" content=\"index, follow, max-snippet:-1, max-image-preview:large, max-video-preview:-1\" \/>\n<link rel=\"canonical\" href=\"https:\/\/booksfrommexico.com\/es\/producto\/la-voz-que-toco-el-tiempo\/\" \/>\n<meta property=\"og:locale\" content=\"es_ES\" \/>\n<meta property=\"og:type\" content=\"article\" \/>\n<meta property=\"og:title\" content=\"La voz que toc\u00f3 el tiempo\" \/>\n<meta property=\"og:description\" content=\"LA VOZ QUE TOC\u00d3 EL TIEMPO. \/ Juan Jos\u00e9 Cartas Antonio. Tehuantepec, Oaxaca, M\u00e9xico : Ya Era Hora, 2005. 71 pages ; 17 cm.\" \/>\n<meta property=\"og:url\" content=\"https:\/\/booksfrommexico.com\/es\/producto\/la-voz-que-toco-el-tiempo\/\" \/>\n<meta property=\"og:site_name\" content=\"Books From Mexico\" \/>\n<meta property=\"article:modified_time\" content=\"2024-08-02T20:52:30+00:00\" \/>\n<meta property=\"og:image\" content=\"http:\/\/booksfrommexico.com\/app\/uploads\/2023\/05\/129377.jpeg\" \/>\n\t<meta property=\"og:image:width\" content=\"303\" \/>\n\t<meta property=\"og:image:height\" content=\"474\" \/>\n\t<meta property=\"og:image:type\" content=\"image\/jpeg\" \/>\n<meta name=\"twitter:card\" content=\"summary_large_image\" \/>\n<meta name=\"twitter:label1\" content=\"Tiempo de lectura\" \/>\n\t<meta name=\"twitter:data1\" content=\"1 minuto\" \/>\n<script type=\"application\/ld+json\" class=\"yoast-schema-graph\">{\"@context\":\"https:\\\/\\\/schema.org\",\"@graph\":[{\"@type\":\"WebPage\",\"@id\":\"https:\\\/\\\/booksfrommexico.com\\\/es\\\/producto\\\/la-voz-que-toco-el-tiempo\\\/\",\"url\":\"https:\\\/\\\/booksfrommexico.com\\\/es\\\/producto\\\/la-voz-que-toco-el-tiempo\\\/\",\"name\":\"La voz que toc\u00f3 el tiempo\",\"isPartOf\":{\"@id\":\"https:\\\/\\\/booksfrommexico.com\\\/#website\"},\"primaryImageOfPage\":{\"@id\":\"https:\\\/\\\/booksfrommexico.com\\\/es\\\/producto\\\/la-voz-que-toco-el-tiempo\\\/#primaryimage\"},\"image\":{\"@id\":\"https:\\\/\\\/booksfrommexico.com\\\/es\\\/producto\\\/la-voz-que-toco-el-tiempo\\\/#primaryimage\"},\"thumbnailUrl\":\"https:\\\/\\\/booksfrommexico.com\\\/app\\\/uploads\\\/2023\\\/05\\\/129377.jpeg\",\"datePublished\":\"2023-05-08T17:04:04+00:00\",\"dateModified\":\"2024-08-02T20:52:30+00:00\",\"description\":\"LA VOZ QUE TOC\u00d3 EL TIEMPO. \\\/ Juan Jos\u00e9 Cartas Antonio. Tehuantepec, Oaxaca, M\u00e9xico : Ya Era Hora, 2005. 71 pages ; 17 cm.\",\"breadcrumb\":{\"@id\":\"https:\\\/\\\/booksfrommexico.com\\\/es\\\/producto\\\/la-voz-que-toco-el-tiempo\\\/#breadcrumb\"},\"inLanguage\":\"es\",\"potentialAction\":[{\"@type\":\"ReadAction\",\"target\":[\"https:\\\/\\\/booksfrommexico.com\\\/es\\\/producto\\\/la-voz-que-toco-el-tiempo\\\/\"]}]},{\"@type\":\"ImageObject\",\"inLanguage\":\"es\",\"@id\":\"https:\\\/\\\/booksfrommexico.com\\\/es\\\/producto\\\/la-voz-que-toco-el-tiempo\\\/#primaryimage\",\"url\":\"https:\\\/\\\/booksfrommexico.com\\\/app\\\/uploads\\\/2023\\\/05\\\/129377.jpeg\",\"contentUrl\":\"https:\\\/\\\/booksfrommexico.com\\\/app\\\/uploads\\\/2023\\\/05\\\/129377.jpeg\",\"width\":303,\"height\":474},{\"@type\":\"BreadcrumbList\",\"@id\":\"https:\\\/\\\/booksfrommexico.com\\\/es\\\/producto\\\/la-voz-que-toco-el-tiempo\\\/#breadcrumb\",\"itemListElement\":[{\"@type\":\"ListItem\",\"position\":1,\"name\":\"Home\",\"item\":\"https:\\\/\\\/booksfrommexico.com\\\/es\\\/\"},{\"@type\":\"ListItem\",\"position\":2,\"name\":\"Libros\",\"item\":\"https:\\\/\\\/booksfrommexico.com\\\/es\\\/libros\\\/\"},{\"@type\":\"ListItem\",\"position\":3,\"name\":\"La voz que toc\u00f3 el tiempo\"}]},{\"@type\":\"WebSite\",\"@id\":\"https:\\\/\\\/booksfrommexico.com\\\/#website\",\"url\":\"https:\\\/\\\/booksfrommexico.com\\\/\",\"name\":\"Books From Mexico\",\"description\":\"\",\"publisher\":{\"@id\":\"https:\\\/\\\/booksfrommexico.com\\\/#organization\"},\"potentialAction\":[{\"@type\":\"SearchAction\",\"target\":{\"@type\":\"EntryPoint\",\"urlTemplate\":\"https:\\\/\\\/booksfrommexico.com\\\/?s={search_term_string}\"},\"query-input\":{\"@type\":\"PropertyValueSpecification\",\"valueRequired\":true,\"valueName\":\"search_term_string\"}}],\"inLanguage\":\"es\"},{\"@type\":\"Organization\",\"@id\":\"https:\\\/\\\/booksfrommexico.com\\\/#organization\",\"name\":\"Books From Mexico\",\"url\":\"https:\\\/\\\/booksfrommexico.com\\\/\",\"logo\":{\"@type\":\"ImageObject\",\"inLanguage\":\"es\",\"@id\":\"https:\\\/\\\/booksfrommexico.com\\\/#\\\/schema\\\/logo\\\/image\\\/\",\"url\":\"https:\\\/\\\/booksfrommexico.com\\\/app\\\/uploads\\\/2023\\\/05\\\/logo-booksfrommexico.svg\",\"contentUrl\":\"https:\\\/\\\/booksfrommexico.com\\\/app\\\/uploads\\\/2023\\\/05\\\/logo-booksfrommexico.svg\",\"width\":86,\"height\":56,\"caption\":\"Books From Mexico\"},\"image\":{\"@id\":\"https:\\\/\\\/booksfrommexico.com\\\/#\\\/schema\\\/logo\\\/image\\\/\"}}]}<\/script>\n<!-- \/ Yoast SEO plugin. -->","yoast_head_json":{"title":"La voz que toc\u00f3 el tiempo","description":"LA VOZ QUE TOC\u00d3 EL TIEMPO. \/ Juan Jos\u00e9 Cartas Antonio. Tehuantepec, Oaxaca, M\u00e9xico : Ya Era Hora, 2005. 71 pages ; 17 cm.","robots":{"index":"index","follow":"follow","max-snippet":"max-snippet:-1","max-image-preview":"max-image-preview:large","max-video-preview":"max-video-preview:-1"},"canonical":"https:\/\/booksfrommexico.com\/es\/producto\/la-voz-que-toco-el-tiempo\/","og_locale":"es_ES","og_type":"article","og_title":"La voz que toc\u00f3 el tiempo","og_description":"LA VOZ QUE TOC\u00d3 EL TIEMPO. \/ Juan Jos\u00e9 Cartas Antonio. Tehuantepec, Oaxaca, M\u00e9xico : Ya Era Hora, 2005. 71 pages ; 17 cm.","og_url":"https:\/\/booksfrommexico.com\/es\/producto\/la-voz-que-toco-el-tiempo\/","og_site_name":"Books From Mexico","article_modified_time":"2024-08-02T20:52:30+00:00","og_image":[{"width":303,"height":474,"url":"http:\/\/booksfrommexico.com\/app\/uploads\/2023\/05\/129377.jpeg","type":"image\/jpeg"}],"twitter_card":"summary_large_image","twitter_misc":{"Tiempo de lectura":"1 minuto"},"schema":{"@context":"https:\/\/schema.org","@graph":[{"@type":"WebPage","@id":"https:\/\/booksfrommexico.com\/es\/producto\/la-voz-que-toco-el-tiempo\/","url":"https:\/\/booksfrommexico.com\/es\/producto\/la-voz-que-toco-el-tiempo\/","name":"La voz que toc\u00f3 el tiempo","isPartOf":{"@id":"https:\/\/booksfrommexico.com\/#website"},"primaryImageOfPage":{"@id":"https:\/\/booksfrommexico.com\/es\/producto\/la-voz-que-toco-el-tiempo\/#primaryimage"},"image":{"@id":"https:\/\/booksfrommexico.com\/es\/producto\/la-voz-que-toco-el-tiempo\/#primaryimage"},"thumbnailUrl":"https:\/\/booksfrommexico.com\/app\/uploads\/2023\/05\/129377.jpeg","datePublished":"2023-05-08T17:04:04+00:00","dateModified":"2024-08-02T20:52:30+00:00","description":"LA VOZ QUE TOC\u00d3 EL TIEMPO. \/ Juan Jos\u00e9 Cartas Antonio. Tehuantepec, Oaxaca, M\u00e9xico : Ya Era Hora, 2005. 71 pages ; 17 cm.","breadcrumb":{"@id":"https:\/\/booksfrommexico.com\/es\/producto\/la-voz-que-toco-el-tiempo\/#breadcrumb"},"inLanguage":"es","potentialAction":[{"@type":"ReadAction","target":["https:\/\/booksfrommexico.com\/es\/producto\/la-voz-que-toco-el-tiempo\/"]}]},{"@type":"ImageObject","inLanguage":"es","@id":"https:\/\/booksfrommexico.com\/es\/producto\/la-voz-que-toco-el-tiempo\/#primaryimage","url":"https:\/\/booksfrommexico.com\/app\/uploads\/2023\/05\/129377.jpeg","contentUrl":"https:\/\/booksfrommexico.com\/app\/uploads\/2023\/05\/129377.jpeg","width":303,"height":474},{"@type":"BreadcrumbList","@id":"https:\/\/booksfrommexico.com\/es\/producto\/la-voz-que-toco-el-tiempo\/#breadcrumb","itemListElement":[{"@type":"ListItem","position":1,"name":"Home","item":"https:\/\/booksfrommexico.com\/es\/"},{"@type":"ListItem","position":2,"name":"Libros","item":"https:\/\/booksfrommexico.com\/es\/libros\/"},{"@type":"ListItem","position":3,"name":"La voz que toc\u00f3 el tiempo"}]},{"@type":"WebSite","@id":"https:\/\/booksfrommexico.com\/#website","url":"https:\/\/booksfrommexico.com\/","name":"Books From Mexico","description":"","publisher":{"@id":"https:\/\/booksfrommexico.com\/#organization"},"potentialAction":[{"@type":"SearchAction","target":{"@type":"EntryPoint","urlTemplate":"https:\/\/booksfrommexico.com\/?s={search_term_string}"},"query-input":{"@type":"PropertyValueSpecification","valueRequired":true,"valueName":"search_term_string"}}],"inLanguage":"es"},{"@type":"Organization","@id":"https:\/\/booksfrommexico.com\/#organization","name":"Books From Mexico","url":"https:\/\/booksfrommexico.com\/","logo":{"@type":"ImageObject","inLanguage":"es","@id":"https:\/\/booksfrommexico.com\/#\/schema\/logo\/image\/","url":"https:\/\/booksfrommexico.com\/app\/uploads\/2023\/05\/logo-booksfrommexico.svg","contentUrl":"https:\/\/booksfrommexico.com\/app\/uploads\/2023\/05\/logo-booksfrommexico.svg","width":86,"height":56,"caption":"Books From Mexico"},"image":{"@id":"https:\/\/booksfrommexico.com\/#\/schema\/logo\/image\/"}}]}},"_links":{"self":[{"href":"https:\/\/booksfrommexico.com\/es\/wp-json\/wp\/v2\/product\/567","targetHints":{"allow":["GET"]}}],"collection":[{"href":"https:\/\/booksfrommexico.com\/es\/wp-json\/wp\/v2\/product"}],"about":[{"href":"https:\/\/booksfrommexico.com\/es\/wp-json\/wp\/v2\/types\/product"}],"wp:featuredmedia":[{"embeddable":true,"href":"https:\/\/booksfrommexico.com\/es\/wp-json\/wp\/v2\/media\/566"}],"wp:attachment":[{"href":"https:\/\/booksfrommexico.com\/es\/wp-json\/wp\/v2\/media?parent=567"}],"wp:term":[{"taxonomy":"product_brand","embeddable":true,"href":"https:\/\/booksfrommexico.com\/es\/wp-json\/wp\/v2\/product_brand?post=567"},{"taxonomy":"product_cat","embeddable":true,"href":"https:\/\/booksfrommexico.com\/es\/wp-json\/wp\/v2\/product_cat?post=567"},{"taxonomy":"product_tag","embeddable":true,"href":"https:\/\/booksfrommexico.com\/es\/wp-json\/wp\/v2\/product_tag?post=567"}],"curies":[{"name":"wp","href":"https:\/\/api.w.org\/{rel}","templated":true}]}}