{"id":5729,"date":"2024-04-22T18:38:51","date_gmt":"2024-04-22T18:38:51","guid":{"rendered":"https:\/\/booksfrommexico.com\/product\/los-talleres-del-ferrocarril-en-aguascalientes\/"},"modified":"2024-06-25T19:01:27","modified_gmt":"2024-06-25T19:01:27","slug":"los-talleres-del-ferrocarril-en-aguascalientes","status":"publish","type":"product","link":"https:\/\/booksfrommexico.com\/es\/producto\/los-talleres-del-ferrocarril-en-aguascalientes\/","title":{"rendered":"Los talleres del ferrocarril en Aguascalientes"},"content":{"rendered":"<p><span style=\"font-weight: 400;\">Hasta 1884, en Aguascalientes la principal actividad econ\u00f3mica que se llevaba a cabo era la agricultura, hab\u00edan 41\u00a0 establecimientos industriales en el estado, de los cuales 37 estaban en la ciudad. En 1885 la situaci\u00f3n cambi\u00f3 con la llegada de la Gran Fundici\u00f3n Central Mexicana, puesto que la cantidad de empleados total en la suma de industrias era 1025, mientras que la fundici\u00f3n por s\u00ed sola empleaba 1000 operarios. Este recorrido hist\u00f3rico est\u00e1 acompa\u00f1ado por fotograf\u00edas, planos, tablas, mapas y est\u00e1 dividido en tres partes: la historia del ferrocarril en Aguascalientes, la arquitectura que trajo consigo y la memoria de los obreros que formaron parte de este proyecto.<\/span><\/p>\n","protected":false},"excerpt":{"rendered":"<p>LOS TALLERES DEL FERROCARRIL EN AGUASCALIENTES : HISTORIA, ARQUITECTURA Y MEMORIA OBRERA. <span style=\"font-weight: 400;\">\/ Marlene Barba Rodr\u00edguez. Aguascalientes, M\u00e9xico : Universidad Aut\u00f3noma de Aguascalientes , Instituto Cultural de Aguascalientes, 2022. 279 pages : photos, color photos, plans, maps, bibliography ; 26 cm. ISBN : 9786078782925 (UAA) ; 9786078869084 (ICA).<\/span><\/p>\n","protected":false},"featured_media":5820,"template":"","meta":{"_acf_changed":false,"inline_featured_image":false},"product_brand":[],"product_cat":[320,27],"product_tag":[4250,3926,3608],"class_list":{"0":"post-5729","1":"product","2":"type-product","3":"status-publish","4":"has-post-thumbnail","6":"product_cat-arquitectura","7":"product_cat-historia","8":"product_tag-aguascalientes-mexico","9":"product_tag-ferrocarriles","10":"product_tag-vida-social-y-costumbres","12":"first","13":"instock","14":"taxable","15":"shipping-taxable","16":"purchasable","17":"product-type-simple"},"acf":[],"yoast_head":"<!-- This site is optimized with the Yoast SEO plugin v27.3 - https:\/\/yoast.com\/product\/yoast-seo-wordpress\/ -->\n<title>Los talleres del ferrocarril en Aguascalientes<\/title>\n<meta name=\"description\" content=\"LOS TALLERES DEL FERROCARRIL EN AGUASCALIENTES : HISTORIA, ARQUITECTURA Y MEMORIA OBRERA. \/ Marlene Barba Rodr\u00edguez. 2022.\" \/>\n<meta name=\"robots\" content=\"index, follow, max-snippet:-1, max-image-preview:large, max-video-preview:-1\" \/>\n<link rel=\"canonical\" href=\"https:\/\/booksfrommexico.com\/es\/producto\/los-talleres-del-ferrocarril-en-aguascalientes\/\" \/>\n<meta property=\"og:locale\" content=\"es_ES\" \/>\n<meta property=\"og:type\" content=\"article\" \/>\n<meta property=\"og:title\" content=\"Los talleres del ferrocarril en Aguascalientes\" \/>\n<meta property=\"og:description\" content=\"LOS TALLERES DEL FERROCARRIL EN AGUASCALIENTES : HISTORIA, ARQUITECTURA Y MEMORIA OBRERA. \/ Marlene Barba Rodr\u00edguez. 2022.\" \/>\n<meta property=\"og:url\" content=\"https:\/\/booksfrommexico.com\/es\/producto\/los-talleres-del-ferrocarril-en-aguascalientes\/\" \/>\n<meta property=\"og:site_name\" content=\"Books From Mexico\" \/>\n<meta property=\"article:modified_time\" content=\"2024-06-25T19:01:27+00:00\" \/>\n<meta property=\"og:image\" content=\"http:\/\/booksfrommexico.com\/app\/uploads\/2024\/04\/199015.jpeg\" \/>\n\t<meta property=\"og:image:width\" content=\"778\" \/>\n\t<meta property=\"og:image:height\" content=\"1021\" \/>\n\t<meta property=\"og:image:type\" content=\"image\/jpeg\" \/>\n<meta name=\"twitter:card\" content=\"summary_large_image\" \/>\n<meta name=\"twitter:label1\" content=\"Tiempo de lectura\" \/>\n\t<meta name=\"twitter:data1\" content=\"1 minuto\" \/>\n<script type=\"application\/ld+json\" class=\"yoast-schema-graph\">{\"@context\":\"https:\\\/\\\/schema.org\",\"@graph\":[{\"@type\":\"WebPage\",\"@id\":\"https:\\\/\\\/booksfrommexico.com\\\/es\\\/producto\\\/los-talleres-del-ferrocarril-en-aguascalientes\\\/\",\"url\":\"https:\\\/\\\/booksfrommexico.com\\\/es\\\/producto\\\/los-talleres-del-ferrocarril-en-aguascalientes\\\/\",\"name\":\"Los talleres del ferrocarril en Aguascalientes\",\"isPartOf\":{\"@id\":\"https:\\\/\\\/booksfrommexico.com\\\/#website\"},\"primaryImageOfPage\":{\"@id\":\"https:\\\/\\\/booksfrommexico.com\\\/es\\\/producto\\\/los-talleres-del-ferrocarril-en-aguascalientes\\\/#primaryimage\"},\"image\":{\"@id\":\"https:\\\/\\\/booksfrommexico.com\\\/es\\\/producto\\\/los-talleres-del-ferrocarril-en-aguascalientes\\\/#primaryimage\"},\"thumbnailUrl\":\"https:\\\/\\\/booksfrommexico.com\\\/app\\\/uploads\\\/2024\\\/04\\\/199015.jpeg\",\"datePublished\":\"2024-04-22T18:38:51+00:00\",\"dateModified\":\"2024-06-25T19:01:27+00:00\",\"description\":\"LOS TALLERES DEL FERROCARRIL EN AGUASCALIENTES : HISTORIA, ARQUITECTURA Y MEMORIA OBRERA. \\\/ Marlene Barba Rodr\u00edguez. 2022.\",\"breadcrumb\":{\"@id\":\"https:\\\/\\\/booksfrommexico.com\\\/es\\\/producto\\\/los-talleres-del-ferrocarril-en-aguascalientes\\\/#breadcrumb\"},\"inLanguage\":\"es\",\"potentialAction\":[{\"@type\":\"ReadAction\",\"target\":[\"https:\\\/\\\/booksfrommexico.com\\\/es\\\/producto\\\/los-talleres-del-ferrocarril-en-aguascalientes\\\/\"]}]},{\"@type\":\"ImageObject\",\"inLanguage\":\"es\",\"@id\":\"https:\\\/\\\/booksfrommexico.com\\\/es\\\/producto\\\/los-talleres-del-ferrocarril-en-aguascalientes\\\/#primaryimage\",\"url\":\"https:\\\/\\\/booksfrommexico.com\\\/app\\\/uploads\\\/2024\\\/04\\\/199015.jpeg\",\"contentUrl\":\"https:\\\/\\\/booksfrommexico.com\\\/app\\\/uploads\\\/2024\\\/04\\\/199015.jpeg\",\"width\":778,\"height\":1021,\"caption\":\"Los talleres del ferrocarril en Aguascalientes\"},{\"@type\":\"BreadcrumbList\",\"@id\":\"https:\\\/\\\/booksfrommexico.com\\\/es\\\/producto\\\/los-talleres-del-ferrocarril-en-aguascalientes\\\/#breadcrumb\",\"itemListElement\":[{\"@type\":\"ListItem\",\"position\":1,\"name\":\"Home\",\"item\":\"https:\\\/\\\/booksfrommexico.com\\\/es\\\/\"},{\"@type\":\"ListItem\",\"position\":2,\"name\":\"Libros\",\"item\":\"https:\\\/\\\/booksfrommexico.com\\\/es\\\/libros\\\/\"},{\"@type\":\"ListItem\",\"position\":3,\"name\":\"Los talleres del ferrocarril en Aguascalientes\"}]},{\"@type\":\"WebSite\",\"@id\":\"https:\\\/\\\/booksfrommexico.com\\\/#website\",\"url\":\"https:\\\/\\\/booksfrommexico.com\\\/\",\"name\":\"Books From Mexico\",\"description\":\"\",\"publisher\":{\"@id\":\"https:\\\/\\\/booksfrommexico.com\\\/#organization\"},\"potentialAction\":[{\"@type\":\"SearchAction\",\"target\":{\"@type\":\"EntryPoint\",\"urlTemplate\":\"https:\\\/\\\/booksfrommexico.com\\\/?s={search_term_string}\"},\"query-input\":{\"@type\":\"PropertyValueSpecification\",\"valueRequired\":true,\"valueName\":\"search_term_string\"}}],\"inLanguage\":\"es\"},{\"@type\":\"Organization\",\"@id\":\"https:\\\/\\\/booksfrommexico.com\\\/#organization\",\"name\":\"Books From Mexico\",\"url\":\"https:\\\/\\\/booksfrommexico.com\\\/\",\"logo\":{\"@type\":\"ImageObject\",\"inLanguage\":\"es\",\"@id\":\"https:\\\/\\\/booksfrommexico.com\\\/#\\\/schema\\\/logo\\\/image\\\/\",\"url\":\"https:\\\/\\\/booksfrommexico.com\\\/app\\\/uploads\\\/2023\\\/05\\\/logo-booksfrommexico.svg\",\"contentUrl\":\"https:\\\/\\\/booksfrommexico.com\\\/app\\\/uploads\\\/2023\\\/05\\\/logo-booksfrommexico.svg\",\"width\":86,\"height\":56,\"caption\":\"Books From Mexico\"},\"image\":{\"@id\":\"https:\\\/\\\/booksfrommexico.com\\\/#\\\/schema\\\/logo\\\/image\\\/\"}}]}<\/script>\n<!-- \/ Yoast SEO plugin. -->","yoast_head_json":{"title":"Los talleres del ferrocarril en Aguascalientes","description":"LOS TALLERES DEL FERROCARRIL EN AGUASCALIENTES : HISTORIA, ARQUITECTURA Y MEMORIA OBRERA. \/ Marlene Barba Rodr\u00edguez. 2022.","robots":{"index":"index","follow":"follow","max-snippet":"max-snippet:-1","max-image-preview":"max-image-preview:large","max-video-preview":"max-video-preview:-1"},"canonical":"https:\/\/booksfrommexico.com\/es\/producto\/los-talleres-del-ferrocarril-en-aguascalientes\/","og_locale":"es_ES","og_type":"article","og_title":"Los talleres del ferrocarril en Aguascalientes","og_description":"LOS TALLERES DEL FERROCARRIL EN AGUASCALIENTES : HISTORIA, ARQUITECTURA Y MEMORIA OBRERA. \/ Marlene Barba Rodr\u00edguez. 2022.","og_url":"https:\/\/booksfrommexico.com\/es\/producto\/los-talleres-del-ferrocarril-en-aguascalientes\/","og_site_name":"Books From Mexico","article_modified_time":"2024-06-25T19:01:27+00:00","og_image":[{"width":778,"height":1021,"url":"http:\/\/booksfrommexico.com\/app\/uploads\/2024\/04\/199015.jpeg","type":"image\/jpeg"}],"twitter_card":"summary_large_image","twitter_misc":{"Tiempo de lectura":"1 minuto"},"schema":{"@context":"https:\/\/schema.org","@graph":[{"@type":"WebPage","@id":"https:\/\/booksfrommexico.com\/es\/producto\/los-talleres-del-ferrocarril-en-aguascalientes\/","url":"https:\/\/booksfrommexico.com\/es\/producto\/los-talleres-del-ferrocarril-en-aguascalientes\/","name":"Los talleres del ferrocarril en Aguascalientes","isPartOf":{"@id":"https:\/\/booksfrommexico.com\/#website"},"primaryImageOfPage":{"@id":"https:\/\/booksfrommexico.com\/es\/producto\/los-talleres-del-ferrocarril-en-aguascalientes\/#primaryimage"},"image":{"@id":"https:\/\/booksfrommexico.com\/es\/producto\/los-talleres-del-ferrocarril-en-aguascalientes\/#primaryimage"},"thumbnailUrl":"https:\/\/booksfrommexico.com\/app\/uploads\/2024\/04\/199015.jpeg","datePublished":"2024-04-22T18:38:51+00:00","dateModified":"2024-06-25T19:01:27+00:00","description":"LOS TALLERES DEL FERROCARRIL EN AGUASCALIENTES : HISTORIA, ARQUITECTURA Y MEMORIA OBRERA. \/ Marlene Barba Rodr\u00edguez. 2022.","breadcrumb":{"@id":"https:\/\/booksfrommexico.com\/es\/producto\/los-talleres-del-ferrocarril-en-aguascalientes\/#breadcrumb"},"inLanguage":"es","potentialAction":[{"@type":"ReadAction","target":["https:\/\/booksfrommexico.com\/es\/producto\/los-talleres-del-ferrocarril-en-aguascalientes\/"]}]},{"@type":"ImageObject","inLanguage":"es","@id":"https:\/\/booksfrommexico.com\/es\/producto\/los-talleres-del-ferrocarril-en-aguascalientes\/#primaryimage","url":"https:\/\/booksfrommexico.com\/app\/uploads\/2024\/04\/199015.jpeg","contentUrl":"https:\/\/booksfrommexico.com\/app\/uploads\/2024\/04\/199015.jpeg","width":778,"height":1021,"caption":"Los talleres del ferrocarril en Aguascalientes"},{"@type":"BreadcrumbList","@id":"https:\/\/booksfrommexico.com\/es\/producto\/los-talleres-del-ferrocarril-en-aguascalientes\/#breadcrumb","itemListElement":[{"@type":"ListItem","position":1,"name":"Home","item":"https:\/\/booksfrommexico.com\/es\/"},{"@type":"ListItem","position":2,"name":"Libros","item":"https:\/\/booksfrommexico.com\/es\/libros\/"},{"@type":"ListItem","position":3,"name":"Los talleres del ferrocarril en Aguascalientes"}]},{"@type":"WebSite","@id":"https:\/\/booksfrommexico.com\/#website","url":"https:\/\/booksfrommexico.com\/","name":"Books From Mexico","description":"","publisher":{"@id":"https:\/\/booksfrommexico.com\/#organization"},"potentialAction":[{"@type":"SearchAction","target":{"@type":"EntryPoint","urlTemplate":"https:\/\/booksfrommexico.com\/?s={search_term_string}"},"query-input":{"@type":"PropertyValueSpecification","valueRequired":true,"valueName":"search_term_string"}}],"inLanguage":"es"},{"@type":"Organization","@id":"https:\/\/booksfrommexico.com\/#organization","name":"Books From Mexico","url":"https:\/\/booksfrommexico.com\/","logo":{"@type":"ImageObject","inLanguage":"es","@id":"https:\/\/booksfrommexico.com\/#\/schema\/logo\/image\/","url":"https:\/\/booksfrommexico.com\/app\/uploads\/2023\/05\/logo-booksfrommexico.svg","contentUrl":"https:\/\/booksfrommexico.com\/app\/uploads\/2023\/05\/logo-booksfrommexico.svg","width":86,"height":56,"caption":"Books From Mexico"},"image":{"@id":"https:\/\/booksfrommexico.com\/#\/schema\/logo\/image\/"}}]}},"_links":{"self":[{"href":"https:\/\/booksfrommexico.com\/es\/wp-json\/wp\/v2\/product\/5729","targetHints":{"allow":["GET"]}}],"collection":[{"href":"https:\/\/booksfrommexico.com\/es\/wp-json\/wp\/v2\/product"}],"about":[{"href":"https:\/\/booksfrommexico.com\/es\/wp-json\/wp\/v2\/types\/product"}],"wp:featuredmedia":[{"embeddable":true,"href":"https:\/\/booksfrommexico.com\/es\/wp-json\/wp\/v2\/media\/5820"}],"wp:attachment":[{"href":"https:\/\/booksfrommexico.com\/es\/wp-json\/wp\/v2\/media?parent=5729"}],"wp:term":[{"taxonomy":"product_brand","embeddable":true,"href":"https:\/\/booksfrommexico.com\/es\/wp-json\/wp\/v2\/product_brand?post=5729"},{"taxonomy":"product_cat","embeddable":true,"href":"https:\/\/booksfrommexico.com\/es\/wp-json\/wp\/v2\/product_cat?post=5729"},{"taxonomy":"product_tag","embeddable":true,"href":"https:\/\/booksfrommexico.com\/es\/wp-json\/wp\/v2\/product_tag?post=5729"}],"curies":[{"name":"wp","href":"https:\/\/api.w.org\/{rel}","templated":true}]}}