{"id":5733,"date":"2024-04-22T18:38:50","date_gmt":"2024-04-22T18:38:50","guid":{"rendered":"https:\/\/booksfrommexico.com\/product\/las-letras-y-el-oficio\/"},"modified":"2024-04-22T21:49:49","modified_gmt":"2024-04-22T21:49:49","slug":"las-letras-y-el-oficio","status":"publish","type":"product","link":"https:\/\/booksfrommexico.com\/es\/producto\/las-letras-y-el-oficio\/","title":{"rendered":"Las Letras y el Oficio"},"content":{"rendered":"<p><span style=\"font-weight: 400;\">A trav\u00e9s de las bibliograf\u00edas de Jos\u00e9 Mariano Berist\u00e1in de Souza y Jos\u00e9 Toribio Medina, la autora de este libro ofrece una investigaci\u00f3n de la llamada \u201cRep\u00fablica de las Letras\u201d, que permite comprender el lento y tard\u00edo desarrollo de la cultura impresa laica en el M\u00e9xico colonial. La imprenta laica estuvo concentrada en la Ciudad de M\u00e9xico y Puebla, experimentando un proceso de cambio a lo largo de XVIII novohispano a partir de los cambios que en Nueva Espa\u00f1a se introdujeron, como el reformismo borb\u00f3nico y la Ilustraci\u00f3n, en diversas esferas de la vida social y cultural. Lo anterior junto con la emergencia de nuevas figuras laicas en la \u00e9lite letrada, que comenzaron a incorporar otros saberes al mundo impreso.<\/span><\/p>\n","protected":false},"excerpt":{"rendered":"<p>LAS LETRAS Y EL OFICIO : NOVOHISPANOS EN LA IMPRENTA. M\u00c9XICO Y PUEBLA, SIGLO XVIII. <span style=\"font-weight: 400;\">\/ Olivia Moreno Gamboa. Ciudad de M\u00e9xico, M\u00e9xico : Universidad Nacional Aut\u00f3noma de M\u00e9xico , Instituto de Investigaciones Filol\u00f3gicas , Centro de Estudios Literarios ; Consejo Nacional de Ciencia y Tecnolog\u00eda ; Instituto de Investigaciones Dr. Jos\u00e9 Mar\u00eda Luis Mora, 2018. 329 pages : includes tables, graphics, bibliography ; 23 cm. (Ediciones Especiales, 92). ISBN : 9786070294150 (UNAM) ; 9786078611034.<\/span><\/p>\n","protected":false},"featured_media":5818,"template":"","meta":{"_acf_changed":false,"inline_featured_image":false},"product_brand":[],"product_cat":[3138],"product_tag":[4245,3760],"class_list":{"0":"post-5733","1":"product","2":"type-product","3":"status-publish","4":"has-post-thumbnail","6":"product_cat-historia-de-los-libros-y-la-fabricacion-de-libros-libros-bibliografia-y-bibiotecologia","7":"product_tag-imprenta","8":"product_tag-puebla-mexico","10":"first","11":"instock","12":"taxable","13":"shipping-taxable","14":"purchasable","15":"product-type-simple"},"acf":[],"yoast_head":"<!-- This site is optimized with the Yoast SEO plugin v27.2 - https:\/\/yoast.com\/product\/yoast-seo-wordpress\/ -->\n<title>Las Letras y el Oficio<\/title>\n<meta name=\"description\" content=\"LAS LETRAS Y EL OFICIO : NOVOHISPANOS EN LA IMPRENTA. M\u00c9XICO Y PUEBLA, SIGLO XVIII. \/ Olivia Moreno Gamboa. UNAM ; CONAHCYT, 2018.\" \/>\n<meta name=\"robots\" content=\"index, follow, max-snippet:-1, max-image-preview:large, max-video-preview:-1\" \/>\n<link rel=\"canonical\" href=\"https:\/\/booksfrommexico.com\/es\/producto\/las-letras-y-el-oficio\/\" \/>\n<meta property=\"og:locale\" content=\"es_ES\" \/>\n<meta property=\"og:type\" content=\"article\" \/>\n<meta property=\"og:title\" content=\"Las Letras y el Oficio\" \/>\n<meta property=\"og:description\" content=\"LAS LETRAS Y EL OFICIO : NOVOHISPANOS EN LA IMPRENTA. M\u00c9XICO Y PUEBLA, SIGLO XVIII. \/ Olivia Moreno Gamboa. UNAM ; CONAHCYT, 2018.\" \/>\n<meta property=\"og:url\" content=\"https:\/\/booksfrommexico.com\/es\/producto\/las-letras-y-el-oficio\/\" \/>\n<meta property=\"og:site_name\" content=\"Books From Mexico\" \/>\n<meta property=\"article:modified_time\" content=\"2024-04-22T21:49:49+00:00\" \/>\n<meta name=\"twitter:card\" content=\"summary_large_image\" \/>\n<meta name=\"twitter:label1\" content=\"Tiempo de lectura\" \/>\n\t<meta name=\"twitter:data1\" content=\"1 minuto\" \/>\n<script type=\"application\/ld+json\" class=\"yoast-schema-graph\">{\"@context\":\"https:\/\/schema.org\",\"@graph\":[{\"@type\":\"WebPage\",\"@id\":\"https:\/\/booksfrommexico.com\/es\/producto\/las-letras-y-el-oficio\/\",\"url\":\"https:\/\/booksfrommexico.com\/es\/producto\/las-letras-y-el-oficio\/\",\"name\":\"Las Letras y el Oficio\",\"isPartOf\":{\"@id\":\"https:\/\/booksfrommexico.com\/#website\"},\"primaryImageOfPage\":{\"@id\":\"https:\/\/booksfrommexico.com\/es\/producto\/las-letras-y-el-oficio\/#primaryimage\"},\"image\":{\"@id\":\"https:\/\/booksfrommexico.com\/es\/producto\/las-letras-y-el-oficio\/#primaryimage\"},\"thumbnailUrl\":\"https:\/\/booksfrommexico.com\/app\/uploads\/2024\/04\/187592.jpeg\",\"datePublished\":\"2024-04-22T18:38:50+00:00\",\"dateModified\":\"2024-04-22T21:49:49+00:00\",\"description\":\"LAS LETRAS Y EL OFICIO : NOVOHISPANOS EN LA IMPRENTA. M\u00c9XICO Y PUEBLA, SIGLO XVIII. \/ Olivia Moreno Gamboa. UNAM ; CONAHCYT, 2018.\",\"breadcrumb\":{\"@id\":\"https:\/\/booksfrommexico.com\/es\/producto\/las-letras-y-el-oficio\/#breadcrumb\"},\"inLanguage\":\"es\",\"potentialAction\":[{\"@type\":\"ReadAction\",\"target\":[\"https:\/\/booksfrommexico.com\/es\/producto\/las-letras-y-el-oficio\/\"]}]},{\"@type\":\"ImageObject\",\"inLanguage\":\"es\",\"@id\":\"https:\/\/booksfrommexico.com\/es\/producto\/las-letras-y-el-oficio\/#primaryimage\",\"url\":\"https:\/\/booksfrommexico.com\/app\/uploads\/2024\/04\/187592.jpeg\",\"contentUrl\":\"https:\/\/booksfrommexico.com\/app\/uploads\/2024\/04\/187592.jpeg\",\"width\":611,\"height\":893,\"caption\":\"Las letras y el oficio\"},{\"@type\":\"BreadcrumbList\",\"@id\":\"https:\/\/booksfrommexico.com\/es\/producto\/las-letras-y-el-oficio\/#breadcrumb\",\"itemListElement\":[{\"@type\":\"ListItem\",\"position\":1,\"name\":\"Home\",\"item\":\"https:\/\/booksfrommexico.com\/es\/\"},{\"@type\":\"ListItem\",\"position\":2,\"name\":\"Libros\",\"item\":\"https:\/\/booksfrommexico.com\/es\/libros\/\"},{\"@type\":\"ListItem\",\"position\":3,\"name\":\"Las Letras y el Oficio\"}]},{\"@type\":\"WebSite\",\"@id\":\"https:\/\/booksfrommexico.com\/#website\",\"url\":\"https:\/\/booksfrommexico.com\/\",\"name\":\"Books From Mexico\",\"description\":\"\",\"publisher\":{\"@id\":\"https:\/\/booksfrommexico.com\/#organization\"},\"potentialAction\":[{\"@type\":\"SearchAction\",\"target\":{\"@type\":\"EntryPoint\",\"urlTemplate\":\"https:\/\/booksfrommexico.com\/?s={search_term_string}\"},\"query-input\":{\"@type\":\"PropertyValueSpecification\",\"valueRequired\":true,\"valueName\":\"search_term_string\"}}],\"inLanguage\":\"es\"},{\"@type\":\"Organization\",\"@id\":\"https:\/\/booksfrommexico.com\/#organization\",\"name\":\"Books From Mexico\",\"url\":\"https:\/\/booksfrommexico.com\/\",\"logo\":{\"@type\":\"ImageObject\",\"inLanguage\":\"es\",\"@id\":\"https:\/\/booksfrommexico.com\/#\/schema\/logo\/image\/\",\"url\":\"https:\/\/booksfrommexico.com\/app\/uploads\/2023\/05\/logo-booksfrommexico.svg\",\"contentUrl\":\"https:\/\/booksfrommexico.com\/app\/uploads\/2023\/05\/logo-booksfrommexico.svg\",\"width\":86,\"height\":56,\"caption\":\"Books From Mexico\"},\"image\":{\"@id\":\"https:\/\/booksfrommexico.com\/#\/schema\/logo\/image\/\"}}]}<\/script>\n<!-- \/ Yoast SEO plugin. -->","yoast_head_json":{"title":"Las Letras y el Oficio","description":"LAS LETRAS Y EL OFICIO : NOVOHISPANOS EN LA IMPRENTA. M\u00c9XICO Y PUEBLA, SIGLO XVIII. \/ Olivia Moreno Gamboa. UNAM ; CONAHCYT, 2018.","robots":{"index":"index","follow":"follow","max-snippet":"max-snippet:-1","max-image-preview":"max-image-preview:large","max-video-preview":"max-video-preview:-1"},"canonical":"https:\/\/booksfrommexico.com\/es\/producto\/las-letras-y-el-oficio\/","og_locale":"es_ES","og_type":"article","og_title":"Las Letras y el Oficio","og_description":"LAS LETRAS Y EL OFICIO : NOVOHISPANOS EN LA IMPRENTA. M\u00c9XICO Y PUEBLA, SIGLO XVIII. \/ Olivia Moreno Gamboa. UNAM ; CONAHCYT, 2018.","og_url":"https:\/\/booksfrommexico.com\/es\/producto\/las-letras-y-el-oficio\/","og_site_name":"Books From Mexico","article_modified_time":"2024-04-22T21:49:49+00:00","twitter_card":"summary_large_image","twitter_misc":{"Tiempo de lectura":"1 minuto"},"schema":{"@context":"https:\/\/schema.org","@graph":[{"@type":"WebPage","@id":"https:\/\/booksfrommexico.com\/es\/producto\/las-letras-y-el-oficio\/","url":"https:\/\/booksfrommexico.com\/es\/producto\/las-letras-y-el-oficio\/","name":"Las Letras y el Oficio","isPartOf":{"@id":"https:\/\/booksfrommexico.com\/#website"},"primaryImageOfPage":{"@id":"https:\/\/booksfrommexico.com\/es\/producto\/las-letras-y-el-oficio\/#primaryimage"},"image":{"@id":"https:\/\/booksfrommexico.com\/es\/producto\/las-letras-y-el-oficio\/#primaryimage"},"thumbnailUrl":"https:\/\/booksfrommexico.com\/app\/uploads\/2024\/04\/187592.jpeg","datePublished":"2024-04-22T18:38:50+00:00","dateModified":"2024-04-22T21:49:49+00:00","description":"LAS LETRAS Y EL OFICIO : NOVOHISPANOS EN LA IMPRENTA. M\u00c9XICO Y PUEBLA, SIGLO XVIII. \/ Olivia Moreno Gamboa. UNAM ; CONAHCYT, 2018.","breadcrumb":{"@id":"https:\/\/booksfrommexico.com\/es\/producto\/las-letras-y-el-oficio\/#breadcrumb"},"inLanguage":"es","potentialAction":[{"@type":"ReadAction","target":["https:\/\/booksfrommexico.com\/es\/producto\/las-letras-y-el-oficio\/"]}]},{"@type":"ImageObject","inLanguage":"es","@id":"https:\/\/booksfrommexico.com\/es\/producto\/las-letras-y-el-oficio\/#primaryimage","url":"https:\/\/booksfrommexico.com\/app\/uploads\/2024\/04\/187592.jpeg","contentUrl":"https:\/\/booksfrommexico.com\/app\/uploads\/2024\/04\/187592.jpeg","width":611,"height":893,"caption":"Las letras y el oficio"},{"@type":"BreadcrumbList","@id":"https:\/\/booksfrommexico.com\/es\/producto\/las-letras-y-el-oficio\/#breadcrumb","itemListElement":[{"@type":"ListItem","position":1,"name":"Home","item":"https:\/\/booksfrommexico.com\/es\/"},{"@type":"ListItem","position":2,"name":"Libros","item":"https:\/\/booksfrommexico.com\/es\/libros\/"},{"@type":"ListItem","position":3,"name":"Las Letras y el Oficio"}]},{"@type":"WebSite","@id":"https:\/\/booksfrommexico.com\/#website","url":"https:\/\/booksfrommexico.com\/","name":"Books From Mexico","description":"","publisher":{"@id":"https:\/\/booksfrommexico.com\/#organization"},"potentialAction":[{"@type":"SearchAction","target":{"@type":"EntryPoint","urlTemplate":"https:\/\/booksfrommexico.com\/?s={search_term_string}"},"query-input":{"@type":"PropertyValueSpecification","valueRequired":true,"valueName":"search_term_string"}}],"inLanguage":"es"},{"@type":"Organization","@id":"https:\/\/booksfrommexico.com\/#organization","name":"Books From Mexico","url":"https:\/\/booksfrommexico.com\/","logo":{"@type":"ImageObject","inLanguage":"es","@id":"https:\/\/booksfrommexico.com\/#\/schema\/logo\/image\/","url":"https:\/\/booksfrommexico.com\/app\/uploads\/2023\/05\/logo-booksfrommexico.svg","contentUrl":"https:\/\/booksfrommexico.com\/app\/uploads\/2023\/05\/logo-booksfrommexico.svg","width":86,"height":56,"caption":"Books From Mexico"},"image":{"@id":"https:\/\/booksfrommexico.com\/#\/schema\/logo\/image\/"}}]}},"_links":{"self":[{"href":"https:\/\/booksfrommexico.com\/es\/wp-json\/wp\/v2\/product\/5733","targetHints":{"allow":["GET"]}}],"collection":[{"href":"https:\/\/booksfrommexico.com\/es\/wp-json\/wp\/v2\/product"}],"about":[{"href":"https:\/\/booksfrommexico.com\/es\/wp-json\/wp\/v2\/types\/product"}],"wp:featuredmedia":[{"embeddable":true,"href":"https:\/\/booksfrommexico.com\/es\/wp-json\/wp\/v2\/media\/5818"}],"wp:attachment":[{"href":"https:\/\/booksfrommexico.com\/es\/wp-json\/wp\/v2\/media?parent=5733"}],"wp:term":[{"taxonomy":"product_brand","embeddable":true,"href":"https:\/\/booksfrommexico.com\/es\/wp-json\/wp\/v2\/product_brand?post=5733"},{"taxonomy":"product_cat","embeddable":true,"href":"https:\/\/booksfrommexico.com\/es\/wp-json\/wp\/v2\/product_cat?post=5733"},{"taxonomy":"product_tag","embeddable":true,"href":"https:\/\/booksfrommexico.com\/es\/wp-json\/wp\/v2\/product_tag?post=5733"}],"curies":[{"name":"wp","href":"https:\/\/api.w.org\/{rel}","templated":true}]}}