{"id":5736,"date":"2024-04-22T18:38:51","date_gmt":"2024-04-22T18:38:51","guid":{"rendered":"https:\/\/booksfrommexico.com\/product\/seis-anos-con-el-general-francisco-villa\/"},"modified":"2024-04-22T21:55:34","modified_gmt":"2024-04-22T21:55:34","slug":"seis-anos-con-el-general-francisco-villa","status":"publish","type":"product","link":"https:\/\/booksfrommexico.com\/es\/producto\/seis-anos-con-el-general-francisco-villa\/","title":{"rendered":"Seis a\u00f1os con el General Francisco Villa"},"content":{"rendered":"<p><span style=\"font-weight: 400;\">Jos\u00e9 Mar\u00eda Jaurrieta llev\u00f3 una vida holgada como estudiante hasta 1916, hasta que decidi\u00f3 unirse al ej\u00e9rcito villista, cuando \u00e9ste se encontraba en sus \u00faltimos tiempos puesto que algunas de sus grandes tragedias ocurrieron durante los a\u00f1os 1916-1920. Jaurrieta lleg\u00f3 a ser una de las personas de m\u00e1xima confianza de Francisco Villa, fungiendo incluso como su secretario. Al mismo tiempo que desempe\u00f1aba sus funciones como militar para la llamada Divisi\u00f3n del Norte, registr\u00f3 de manera escrita an\u00e9cdotas diversas, desde su incorporaci\u00f3n a las filas, sus interacciones con el general, incursiones y toma de las plazas de Durango, Torre\u00f3n y Coahuila, as\u00ed como los fracasos y derrotas. Estos escritos vieron la luz por primera vez en 1930 y son presentados nuevamente en este ejemplar.<\/span><\/p>\n","protected":false},"excerpt":{"rendered":"<p>SEIS A\u00d1OS CON EL GENERAL FRANCISCO VILLA. <span style=\"font-weight: 400;\">\/ Jos\u00e9 Mar\u00eda Jaurrieta. Ciudad de M\u00e9xico, M\u00e9xico : Fondo de Cultura Econ\u00f3mica, 2023. 283 pages ; 21 cm. (Secci\u00f3n de Obras de Historia). ISBN : 9786071679192.<\/span><\/p>\n","protected":false},"featured_media":5796,"template":"","meta":{"_acf_changed":false,"inline_featured_image":false},"product_brand":[],"product_cat":[27],"product_tag":[4252,4398,4092],"class_list":{"0":"post-5736","1":"product","2":"type-product","3":"status-publish","4":"has-post-thumbnail","6":"product_cat-historia","7":"product_tag-francisco-villa","8":"product_tag-historia-mexico","9":"product_tag-revolucion-mexicana","11":"first","12":"outofstock","13":"taxable","14":"shipping-taxable","15":"purchasable","16":"product-type-simple"},"acf":[],"yoast_head":"<!-- This site is optimized with the Yoast SEO plugin v27.3 - https:\/\/yoast.com\/product\/yoast-seo-wordpress\/ -->\n<title>Seis A\u00f1os Con El General Francisco Villa<\/title>\n<meta name=\"description\" content=\"Jos\u00e9 Mar\u00eda Jaurrieta. Ciudad de M\u00e9xico, M\u00e9xico : Fondo de Cultura Econ\u00f3mica, 2023. (Secci\u00f3n de Obras de Historia). ISBN : 9786071679192.\" \/>\n<meta name=\"robots\" content=\"index, follow, max-snippet:-1, max-image-preview:large, max-video-preview:-1\" \/>\n<link rel=\"canonical\" href=\"https:\/\/booksfrommexico.com\/producto\/seis-anos-con-el-general-francisco-villa\/\" \/>\n<meta property=\"og:locale\" content=\"es_ES\" \/>\n<meta property=\"og:type\" content=\"article\" \/>\n<meta property=\"og:title\" content=\"Seis A\u00f1os Con El General Francisco Villa\" \/>\n<meta property=\"og:description\" content=\"Jos\u00e9 Mar\u00eda Jaurrieta. Ciudad de M\u00e9xico, M\u00e9xico : Fondo de Cultura Econ\u00f3mica, 2023. (Secci\u00f3n de Obras de Historia). ISBN : 9786071679192.\" \/>\n<meta property=\"og:url\" content=\"https:\/\/booksfrommexico.com\/producto\/seis-anos-con-el-general-francisco-villa\/\" \/>\n<meta property=\"og:site_name\" content=\"Books From Mexico\" \/>\n<meta property=\"article:modified_time\" content=\"2024-04-22T21:55:34+00:00\" \/>\n<meta property=\"og:image\" content=\"http:\/\/booksfrommexico.com\/app\/uploads\/2024\/04\/199978.jpeg\" \/>\n\t<meta property=\"og:image:width\" content=\"389\" \/>\n\t<meta property=\"og:image:height\" content=\"609\" \/>\n\t<meta property=\"og:image:type\" content=\"image\/jpeg\" \/>\n<meta name=\"twitter:card\" content=\"summary_large_image\" \/>\n<meta name=\"twitter:label1\" content=\"Tiempo de lectura\" \/>\n\t<meta name=\"twitter:data1\" content=\"1 minuto\" \/>\n<script type=\"application\/ld+json\" class=\"yoast-schema-graph\">{\"@context\":\"https:\\\/\\\/schema.org\",\"@graph\":[{\"@type\":\"WebPage\",\"@id\":\"https:\\\/\\\/booksfrommexico.com\\\/producto\\\/seis-anos-con-el-general-francisco-villa\\\/\",\"url\":\"https:\\\/\\\/booksfrommexico.com\\\/producto\\\/seis-anos-con-el-general-francisco-villa\\\/\",\"name\":\"Seis A\u00f1os Con El General Francisco Villa\",\"isPartOf\":{\"@id\":\"https:\\\/\\\/booksfrommexico.com\\\/#website\"},\"primaryImageOfPage\":{\"@id\":\"https:\\\/\\\/booksfrommexico.com\\\/producto\\\/seis-anos-con-el-general-francisco-villa\\\/#primaryimage\"},\"image\":{\"@id\":\"https:\\\/\\\/booksfrommexico.com\\\/producto\\\/seis-anos-con-el-general-francisco-villa\\\/#primaryimage\"},\"thumbnailUrl\":\"https:\\\/\\\/booksfrommexico.com\\\/app\\\/uploads\\\/2024\\\/04\\\/199978.jpeg\",\"datePublished\":\"2024-04-22T18:38:51+00:00\",\"dateModified\":\"2024-04-22T21:55:34+00:00\",\"description\":\"Jos\u00e9 Mar\u00eda Jaurrieta. Ciudad de M\u00e9xico, M\u00e9xico : Fondo de Cultura Econ\u00f3mica, 2023. (Secci\u00f3n de Obras de Historia). ISBN : 9786071679192.\",\"breadcrumb\":{\"@id\":\"https:\\\/\\\/booksfrommexico.com\\\/producto\\\/seis-anos-con-el-general-francisco-villa\\\/#breadcrumb\"},\"inLanguage\":\"es\",\"potentialAction\":[{\"@type\":\"ReadAction\",\"target\":[\"https:\\\/\\\/booksfrommexico.com\\\/producto\\\/seis-anos-con-el-general-francisco-villa\\\/\"]}]},{\"@type\":\"ImageObject\",\"inLanguage\":\"es\",\"@id\":\"https:\\\/\\\/booksfrommexico.com\\\/producto\\\/seis-anos-con-el-general-francisco-villa\\\/#primaryimage\",\"url\":\"https:\\\/\\\/booksfrommexico.com\\\/app\\\/uploads\\\/2024\\\/04\\\/199978.jpeg\",\"contentUrl\":\"https:\\\/\\\/booksfrommexico.com\\\/app\\\/uploads\\\/2024\\\/04\\\/199978.jpeg\",\"width\":389,\"height\":609,\"caption\":\"Seis a\u00f1os con el general Francisco Villa\"},{\"@type\":\"BreadcrumbList\",\"@id\":\"https:\\\/\\\/booksfrommexico.com\\\/producto\\\/seis-anos-con-el-general-francisco-villa\\\/#breadcrumb\",\"itemListElement\":[{\"@type\":\"ListItem\",\"position\":1,\"name\":\"Home\",\"item\":\"https:\\\/\\\/booksfrommexico.com\\\/es\\\/\"},{\"@type\":\"ListItem\",\"position\":2,\"name\":\"Libros\",\"item\":\"https:\\\/\\\/booksfrommexico.com\\\/es\\\/libros\\\/\"},{\"@type\":\"ListItem\",\"position\":3,\"name\":\"Seis a\u00f1os con el General Francisco Villa\"}]},{\"@type\":\"WebSite\",\"@id\":\"https:\\\/\\\/booksfrommexico.com\\\/#website\",\"url\":\"https:\\\/\\\/booksfrommexico.com\\\/\",\"name\":\"Books From Mexico\",\"description\":\"\",\"publisher\":{\"@id\":\"https:\\\/\\\/booksfrommexico.com\\\/#organization\"},\"potentialAction\":[{\"@type\":\"SearchAction\",\"target\":{\"@type\":\"EntryPoint\",\"urlTemplate\":\"https:\\\/\\\/booksfrommexico.com\\\/?s={search_term_string}\"},\"query-input\":{\"@type\":\"PropertyValueSpecification\",\"valueRequired\":true,\"valueName\":\"search_term_string\"}}],\"inLanguage\":\"es\"},{\"@type\":\"Organization\",\"@id\":\"https:\\\/\\\/booksfrommexico.com\\\/#organization\",\"name\":\"Books From Mexico\",\"url\":\"https:\\\/\\\/booksfrommexico.com\\\/\",\"logo\":{\"@type\":\"ImageObject\",\"inLanguage\":\"es\",\"@id\":\"https:\\\/\\\/booksfrommexico.com\\\/#\\\/schema\\\/logo\\\/image\\\/\",\"url\":\"https:\\\/\\\/booksfrommexico.com\\\/app\\\/uploads\\\/2023\\\/05\\\/logo-booksfrommexico.svg\",\"contentUrl\":\"https:\\\/\\\/booksfrommexico.com\\\/app\\\/uploads\\\/2023\\\/05\\\/logo-booksfrommexico.svg\",\"width\":86,\"height\":56,\"caption\":\"Books From Mexico\"},\"image\":{\"@id\":\"https:\\\/\\\/booksfrommexico.com\\\/#\\\/schema\\\/logo\\\/image\\\/\"}}]}<\/script>\n<!-- \/ Yoast SEO plugin. -->","yoast_head_json":{"title":"Seis A\u00f1os Con El General Francisco Villa","description":"Jos\u00e9 Mar\u00eda Jaurrieta. Ciudad de M\u00e9xico, M\u00e9xico : Fondo de Cultura Econ\u00f3mica, 2023. (Secci\u00f3n de Obras de Historia). ISBN : 9786071679192.","robots":{"index":"index","follow":"follow","max-snippet":"max-snippet:-1","max-image-preview":"max-image-preview:large","max-video-preview":"max-video-preview:-1"},"canonical":"https:\/\/booksfrommexico.com\/producto\/seis-anos-con-el-general-francisco-villa\/","og_locale":"es_ES","og_type":"article","og_title":"Seis A\u00f1os Con El General Francisco Villa","og_description":"Jos\u00e9 Mar\u00eda Jaurrieta. Ciudad de M\u00e9xico, M\u00e9xico : Fondo de Cultura Econ\u00f3mica, 2023. (Secci\u00f3n de Obras de Historia). ISBN : 9786071679192.","og_url":"https:\/\/booksfrommexico.com\/producto\/seis-anos-con-el-general-francisco-villa\/","og_site_name":"Books From Mexico","article_modified_time":"2024-04-22T21:55:34+00:00","og_image":[{"width":389,"height":609,"url":"http:\/\/booksfrommexico.com\/app\/uploads\/2024\/04\/199978.jpeg","type":"image\/jpeg"}],"twitter_card":"summary_large_image","twitter_misc":{"Tiempo de lectura":"1 minuto"},"schema":{"@context":"https:\/\/schema.org","@graph":[{"@type":"WebPage","@id":"https:\/\/booksfrommexico.com\/producto\/seis-anos-con-el-general-francisco-villa\/","url":"https:\/\/booksfrommexico.com\/producto\/seis-anos-con-el-general-francisco-villa\/","name":"Seis A\u00f1os Con El General Francisco Villa","isPartOf":{"@id":"https:\/\/booksfrommexico.com\/#website"},"primaryImageOfPage":{"@id":"https:\/\/booksfrommexico.com\/producto\/seis-anos-con-el-general-francisco-villa\/#primaryimage"},"image":{"@id":"https:\/\/booksfrommexico.com\/producto\/seis-anos-con-el-general-francisco-villa\/#primaryimage"},"thumbnailUrl":"https:\/\/booksfrommexico.com\/app\/uploads\/2024\/04\/199978.jpeg","datePublished":"2024-04-22T18:38:51+00:00","dateModified":"2024-04-22T21:55:34+00:00","description":"Jos\u00e9 Mar\u00eda Jaurrieta. Ciudad de M\u00e9xico, M\u00e9xico : Fondo de Cultura Econ\u00f3mica, 2023. (Secci\u00f3n de Obras de Historia). ISBN : 9786071679192.","breadcrumb":{"@id":"https:\/\/booksfrommexico.com\/producto\/seis-anos-con-el-general-francisco-villa\/#breadcrumb"},"inLanguage":"es","potentialAction":[{"@type":"ReadAction","target":["https:\/\/booksfrommexico.com\/producto\/seis-anos-con-el-general-francisco-villa\/"]}]},{"@type":"ImageObject","inLanguage":"es","@id":"https:\/\/booksfrommexico.com\/producto\/seis-anos-con-el-general-francisco-villa\/#primaryimage","url":"https:\/\/booksfrommexico.com\/app\/uploads\/2024\/04\/199978.jpeg","contentUrl":"https:\/\/booksfrommexico.com\/app\/uploads\/2024\/04\/199978.jpeg","width":389,"height":609,"caption":"Seis a\u00f1os con el general Francisco Villa"},{"@type":"BreadcrumbList","@id":"https:\/\/booksfrommexico.com\/producto\/seis-anos-con-el-general-francisco-villa\/#breadcrumb","itemListElement":[{"@type":"ListItem","position":1,"name":"Home","item":"https:\/\/booksfrommexico.com\/es\/"},{"@type":"ListItem","position":2,"name":"Libros","item":"https:\/\/booksfrommexico.com\/es\/libros\/"},{"@type":"ListItem","position":3,"name":"Seis a\u00f1os con el General Francisco Villa"}]},{"@type":"WebSite","@id":"https:\/\/booksfrommexico.com\/#website","url":"https:\/\/booksfrommexico.com\/","name":"Books From Mexico","description":"","publisher":{"@id":"https:\/\/booksfrommexico.com\/#organization"},"potentialAction":[{"@type":"SearchAction","target":{"@type":"EntryPoint","urlTemplate":"https:\/\/booksfrommexico.com\/?s={search_term_string}"},"query-input":{"@type":"PropertyValueSpecification","valueRequired":true,"valueName":"search_term_string"}}],"inLanguage":"es"},{"@type":"Organization","@id":"https:\/\/booksfrommexico.com\/#organization","name":"Books From Mexico","url":"https:\/\/booksfrommexico.com\/","logo":{"@type":"ImageObject","inLanguage":"es","@id":"https:\/\/booksfrommexico.com\/#\/schema\/logo\/image\/","url":"https:\/\/booksfrommexico.com\/app\/uploads\/2023\/05\/logo-booksfrommexico.svg","contentUrl":"https:\/\/booksfrommexico.com\/app\/uploads\/2023\/05\/logo-booksfrommexico.svg","width":86,"height":56,"caption":"Books From Mexico"},"image":{"@id":"https:\/\/booksfrommexico.com\/#\/schema\/logo\/image\/"}}]}},"_links":{"self":[{"href":"https:\/\/booksfrommexico.com\/es\/wp-json\/wp\/v2\/product\/5736","targetHints":{"allow":["GET"]}}],"collection":[{"href":"https:\/\/booksfrommexico.com\/es\/wp-json\/wp\/v2\/product"}],"about":[{"href":"https:\/\/booksfrommexico.com\/es\/wp-json\/wp\/v2\/types\/product"}],"wp:featuredmedia":[{"embeddable":true,"href":"https:\/\/booksfrommexico.com\/es\/wp-json\/wp\/v2\/media\/5796"}],"wp:attachment":[{"href":"https:\/\/booksfrommexico.com\/es\/wp-json\/wp\/v2\/media?parent=5736"}],"wp:term":[{"taxonomy":"product_brand","embeddable":true,"href":"https:\/\/booksfrommexico.com\/es\/wp-json\/wp\/v2\/product_brand?post=5736"},{"taxonomy":"product_cat","embeddable":true,"href":"https:\/\/booksfrommexico.com\/es\/wp-json\/wp\/v2\/product_cat?post=5736"},{"taxonomy":"product_tag","embeddable":true,"href":"https:\/\/booksfrommexico.com\/es\/wp-json\/wp\/v2\/product_tag?post=5736"}],"curies":[{"name":"wp","href":"https:\/\/api.w.org\/{rel}","templated":true}]}}