{"id":5740,"date":"2024-04-22T18:38:50","date_gmt":"2024-04-22T18:38:50","guid":{"rendered":"https:\/\/booksfrommexico.com\/product\/el-arte-dramatico-de-sor-juana-ines-de-la-cruz\/"},"modified":"2024-04-22T22:34:23","modified_gmt":"2024-04-22T22:34:23","slug":"el-arte-dramatico-de-sor-juana-ines-de-la-cruz","status":"publish","type":"product","link":"https:\/\/booksfrommexico.com\/es\/producto\/el-arte-dramatico-de-sor-juana-ines-de-la-cruz\/","title":{"rendered":"El Arte Dram\u00e1tico de Sor Juana In\u00e9s de La Cruz"},"content":{"rendered":"<p><span style=\"font-weight: 400;\">Investigar el trabajo de Sor Juana In\u00e9s de la Cruz independiente de su biograf\u00eda es perder la mitad de su comprensi\u00f3n, as\u00ed como tampoco es posible entenderla bajo la mirada del mundo actual: su figura debe ser vista desde su circunstancia hist\u00f3rica. En este ejemplar se puede encontrar un an\u00e1lisis textual de su pensamiento sobre la legitimaci\u00f3n femenina, su relaci\u00f3n con sus Arzobispos, entre otros t\u00f3picos que a trav\u00e9s de una cronolog\u00eda de su teatro, se puede entender. Aunque es mayormente conocida como poeta, el trabajo dramat\u00fargico de la escritora, que se conoce hasta ahora, es de 33 obras representables, entre las cuales se encuentran comedias, autos, villancicos y loas. <\/span><\/p>\n","protected":false},"excerpt":{"rendered":"<p>EL ARTE DRAM\u00c1TICO DE SOR JUANA IN\u00c9S DE LA CRUZ : COMEDIAS, LOAS, VILLANCICOS Y AUTOS. <span style=\"font-weight: 400;\">\/ Guillermo Schmidhuber de la Mora. Ciudad de M\u00e9xico, M\u00e9xico : Bonilla Artigas Editores ; Fondo Editorial de Frente de Afirmaci\u00f3n Hispanista, A.C., 2023. 316 pages : includes photos, tables, bibliography ; 23 cm. (Colecci\u00f3n Novohispana). ISBN : 9786078838448.<\/span><\/p>\n","protected":false},"featured_media":5784,"template":"","meta":{"_acf_changed":false,"inline_featured_image":false},"product_brand":[],"product_cat":[4166,25],"product_tag":[3938,4225,4168],"class_list":{"0":"post-5740","1":"product","2":"type-product","3":"status-publish","4":"has-post-thumbnail","6":"product_cat-dramaturgia","7":"product_cat-literatura","8":"product_tag-literatura-mexicana","9":"product_tag-mujeres-literatura","10":"product_tag-teatro","12":"first","13":"instock","14":"taxable","15":"shipping-taxable","16":"purchasable","17":"product-type-simple"},"acf":[],"yoast_head":"<!-- This site is optimized with the Yoast SEO plugin v27.3 - https:\/\/yoast.com\/product\/yoast-seo-wordpress\/ -->\n<title>El Arte Dram\u00e1tico de Sor Juana In\u00e9s de La Cruz<\/title>\n<meta name=\"description\" content=\"EL ARTE DRAM\u00c1TICO DE SOR JUANA IN\u00c9S DE LA CRUZ : COMEDIAS, LOAS, VILLANCICOS Y AUTOS. \/ Guillermo Schmidhuber de la Mora. 2023. (Colecci\u00f3n Novohispana).\" \/>\n<meta name=\"robots\" content=\"index, follow, max-snippet:-1, max-image-preview:large, max-video-preview:-1\" \/>\n<link rel=\"canonical\" href=\"https:\/\/booksfrommexico.com\/es\/producto\/el-arte-dramatico-de-sor-juana-ines-de-la-cruz\/\" \/>\n<meta property=\"og:locale\" content=\"es_ES\" \/>\n<meta property=\"og:type\" content=\"article\" \/>\n<meta property=\"og:title\" content=\"El Arte Dram\u00e1tico de Sor Juana In\u00e9s de La Cruz\" \/>\n<meta property=\"og:description\" content=\"EL ARTE DRAM\u00c1TICO DE SOR JUANA IN\u00c9S DE LA CRUZ : COMEDIAS, LOAS, VILLANCICOS Y AUTOS. \/ Guillermo Schmidhuber de la Mora. 2023. (Colecci\u00f3n Novohispana).\" \/>\n<meta property=\"og:url\" content=\"https:\/\/booksfrommexico.com\/es\/producto\/el-arte-dramatico-de-sor-juana-ines-de-la-cruz\/\" \/>\n<meta property=\"og:site_name\" content=\"Books From Mexico\" \/>\n<meta property=\"article:modified_time\" content=\"2024-04-22T22:34:23+00:00\" \/>\n<meta name=\"twitter:card\" content=\"summary_large_image\" \/>\n<meta name=\"twitter:label1\" content=\"Tiempo de lectura\" \/>\n\t<meta name=\"twitter:data1\" content=\"1 minuto\" \/>\n<script type=\"application\/ld+json\" class=\"yoast-schema-graph\">{\"@context\":\"https:\\\/\\\/schema.org\",\"@graph\":[{\"@type\":\"WebPage\",\"@id\":\"https:\\\/\\\/booksfrommexico.com\\\/es\\\/producto\\\/el-arte-dramatico-de-sor-juana-ines-de-la-cruz\\\/\",\"url\":\"https:\\\/\\\/booksfrommexico.com\\\/es\\\/producto\\\/el-arte-dramatico-de-sor-juana-ines-de-la-cruz\\\/\",\"name\":\"El Arte Dram\u00e1tico de Sor Juana In\u00e9s de La Cruz\",\"isPartOf\":{\"@id\":\"https:\\\/\\\/booksfrommexico.com\\\/#website\"},\"primaryImageOfPage\":{\"@id\":\"https:\\\/\\\/booksfrommexico.com\\\/es\\\/producto\\\/el-arte-dramatico-de-sor-juana-ines-de-la-cruz\\\/#primaryimage\"},\"image\":{\"@id\":\"https:\\\/\\\/booksfrommexico.com\\\/es\\\/producto\\\/el-arte-dramatico-de-sor-juana-ines-de-la-cruz\\\/#primaryimage\"},\"thumbnailUrl\":\"https:\\\/\\\/booksfrommexico.com\\\/app\\\/uploads\\\/2024\\\/04\\\/200177.jpeg\",\"datePublished\":\"2024-04-22T18:38:50+00:00\",\"dateModified\":\"2024-04-22T22:34:23+00:00\",\"description\":\"EL ARTE DRAM\u00c1TICO DE SOR JUANA IN\u00c9S DE LA CRUZ : COMEDIAS, LOAS, VILLANCICOS Y AUTOS. \\\/ Guillermo Schmidhuber de la Mora. 2023. (Colecci\u00f3n Novohispana).\",\"breadcrumb\":{\"@id\":\"https:\\\/\\\/booksfrommexico.com\\\/es\\\/producto\\\/el-arte-dramatico-de-sor-juana-ines-de-la-cruz\\\/#breadcrumb\"},\"inLanguage\":\"es\",\"potentialAction\":[{\"@type\":\"ReadAction\",\"target\":[\"https:\\\/\\\/booksfrommexico.com\\\/es\\\/producto\\\/el-arte-dramatico-de-sor-juana-ines-de-la-cruz\\\/\"]}]},{\"@type\":\"ImageObject\",\"inLanguage\":\"es\",\"@id\":\"https:\\\/\\\/booksfrommexico.com\\\/es\\\/producto\\\/el-arte-dramatico-de-sor-juana-ines-de-la-cruz\\\/#primaryimage\",\"url\":\"https:\\\/\\\/booksfrommexico.com\\\/app\\\/uploads\\\/2024\\\/04\\\/200177.jpeg\",\"contentUrl\":\"https:\\\/\\\/booksfrommexico.com\\\/app\\\/uploads\\\/2024\\\/04\\\/200177.jpeg\",\"width\":487,\"height\":671},{\"@type\":\"BreadcrumbList\",\"@id\":\"https:\\\/\\\/booksfrommexico.com\\\/es\\\/producto\\\/el-arte-dramatico-de-sor-juana-ines-de-la-cruz\\\/#breadcrumb\",\"itemListElement\":[{\"@type\":\"ListItem\",\"position\":1,\"name\":\"Home\",\"item\":\"https:\\\/\\\/booksfrommexico.com\\\/es\\\/\"},{\"@type\":\"ListItem\",\"position\":2,\"name\":\"Libros\",\"item\":\"https:\\\/\\\/booksfrommexico.com\\\/es\\\/libros\\\/\"},{\"@type\":\"ListItem\",\"position\":3,\"name\":\"El Arte Dram\u00e1tico de Sor Juana In\u00e9s de La Cruz\"}]},{\"@type\":\"WebSite\",\"@id\":\"https:\\\/\\\/booksfrommexico.com\\\/#website\",\"url\":\"https:\\\/\\\/booksfrommexico.com\\\/\",\"name\":\"Books From Mexico\",\"description\":\"\",\"publisher\":{\"@id\":\"https:\\\/\\\/booksfrommexico.com\\\/#organization\"},\"potentialAction\":[{\"@type\":\"SearchAction\",\"target\":{\"@type\":\"EntryPoint\",\"urlTemplate\":\"https:\\\/\\\/booksfrommexico.com\\\/?s={search_term_string}\"},\"query-input\":{\"@type\":\"PropertyValueSpecification\",\"valueRequired\":true,\"valueName\":\"search_term_string\"}}],\"inLanguage\":\"es\"},{\"@type\":\"Organization\",\"@id\":\"https:\\\/\\\/booksfrommexico.com\\\/#organization\",\"name\":\"Books From Mexico\",\"url\":\"https:\\\/\\\/booksfrommexico.com\\\/\",\"logo\":{\"@type\":\"ImageObject\",\"inLanguage\":\"es\",\"@id\":\"https:\\\/\\\/booksfrommexico.com\\\/#\\\/schema\\\/logo\\\/image\\\/\",\"url\":\"https:\\\/\\\/booksfrommexico.com\\\/app\\\/uploads\\\/2023\\\/05\\\/logo-booksfrommexico.svg\",\"contentUrl\":\"https:\\\/\\\/booksfrommexico.com\\\/app\\\/uploads\\\/2023\\\/05\\\/logo-booksfrommexico.svg\",\"width\":86,\"height\":56,\"caption\":\"Books From Mexico\"},\"image\":{\"@id\":\"https:\\\/\\\/booksfrommexico.com\\\/#\\\/schema\\\/logo\\\/image\\\/\"}}]}<\/script>\n<!-- \/ Yoast SEO plugin. -->","yoast_head_json":{"title":"El Arte Dram\u00e1tico de Sor Juana In\u00e9s de La Cruz","description":"EL ARTE DRAM\u00c1TICO DE SOR JUANA IN\u00c9S DE LA CRUZ : COMEDIAS, LOAS, VILLANCICOS Y AUTOS. \/ Guillermo Schmidhuber de la Mora. 2023. (Colecci\u00f3n Novohispana).","robots":{"index":"index","follow":"follow","max-snippet":"max-snippet:-1","max-image-preview":"max-image-preview:large","max-video-preview":"max-video-preview:-1"},"canonical":"https:\/\/booksfrommexico.com\/es\/producto\/el-arte-dramatico-de-sor-juana-ines-de-la-cruz\/","og_locale":"es_ES","og_type":"article","og_title":"El Arte Dram\u00e1tico de Sor Juana In\u00e9s de La Cruz","og_description":"EL ARTE DRAM\u00c1TICO DE SOR JUANA IN\u00c9S DE LA CRUZ : COMEDIAS, LOAS, VILLANCICOS Y AUTOS. \/ Guillermo Schmidhuber de la Mora. 2023. (Colecci\u00f3n Novohispana).","og_url":"https:\/\/booksfrommexico.com\/es\/producto\/el-arte-dramatico-de-sor-juana-ines-de-la-cruz\/","og_site_name":"Books From Mexico","article_modified_time":"2024-04-22T22:34:23+00:00","twitter_card":"summary_large_image","twitter_misc":{"Tiempo de lectura":"1 minuto"},"schema":{"@context":"https:\/\/schema.org","@graph":[{"@type":"WebPage","@id":"https:\/\/booksfrommexico.com\/es\/producto\/el-arte-dramatico-de-sor-juana-ines-de-la-cruz\/","url":"https:\/\/booksfrommexico.com\/es\/producto\/el-arte-dramatico-de-sor-juana-ines-de-la-cruz\/","name":"El Arte Dram\u00e1tico de Sor Juana In\u00e9s de La Cruz","isPartOf":{"@id":"https:\/\/booksfrommexico.com\/#website"},"primaryImageOfPage":{"@id":"https:\/\/booksfrommexico.com\/es\/producto\/el-arte-dramatico-de-sor-juana-ines-de-la-cruz\/#primaryimage"},"image":{"@id":"https:\/\/booksfrommexico.com\/es\/producto\/el-arte-dramatico-de-sor-juana-ines-de-la-cruz\/#primaryimage"},"thumbnailUrl":"https:\/\/booksfrommexico.com\/app\/uploads\/2024\/04\/200177.jpeg","datePublished":"2024-04-22T18:38:50+00:00","dateModified":"2024-04-22T22:34:23+00:00","description":"EL ARTE DRAM\u00c1TICO DE SOR JUANA IN\u00c9S DE LA CRUZ : COMEDIAS, LOAS, VILLANCICOS Y AUTOS. \/ Guillermo Schmidhuber de la Mora. 2023. (Colecci\u00f3n Novohispana).","breadcrumb":{"@id":"https:\/\/booksfrommexico.com\/es\/producto\/el-arte-dramatico-de-sor-juana-ines-de-la-cruz\/#breadcrumb"},"inLanguage":"es","potentialAction":[{"@type":"ReadAction","target":["https:\/\/booksfrommexico.com\/es\/producto\/el-arte-dramatico-de-sor-juana-ines-de-la-cruz\/"]}]},{"@type":"ImageObject","inLanguage":"es","@id":"https:\/\/booksfrommexico.com\/es\/producto\/el-arte-dramatico-de-sor-juana-ines-de-la-cruz\/#primaryimage","url":"https:\/\/booksfrommexico.com\/app\/uploads\/2024\/04\/200177.jpeg","contentUrl":"https:\/\/booksfrommexico.com\/app\/uploads\/2024\/04\/200177.jpeg","width":487,"height":671},{"@type":"BreadcrumbList","@id":"https:\/\/booksfrommexico.com\/es\/producto\/el-arte-dramatico-de-sor-juana-ines-de-la-cruz\/#breadcrumb","itemListElement":[{"@type":"ListItem","position":1,"name":"Home","item":"https:\/\/booksfrommexico.com\/es\/"},{"@type":"ListItem","position":2,"name":"Libros","item":"https:\/\/booksfrommexico.com\/es\/libros\/"},{"@type":"ListItem","position":3,"name":"El Arte Dram\u00e1tico de Sor Juana In\u00e9s de La Cruz"}]},{"@type":"WebSite","@id":"https:\/\/booksfrommexico.com\/#website","url":"https:\/\/booksfrommexico.com\/","name":"Books From Mexico","description":"","publisher":{"@id":"https:\/\/booksfrommexico.com\/#organization"},"potentialAction":[{"@type":"SearchAction","target":{"@type":"EntryPoint","urlTemplate":"https:\/\/booksfrommexico.com\/?s={search_term_string}"},"query-input":{"@type":"PropertyValueSpecification","valueRequired":true,"valueName":"search_term_string"}}],"inLanguage":"es"},{"@type":"Organization","@id":"https:\/\/booksfrommexico.com\/#organization","name":"Books From Mexico","url":"https:\/\/booksfrommexico.com\/","logo":{"@type":"ImageObject","inLanguage":"es","@id":"https:\/\/booksfrommexico.com\/#\/schema\/logo\/image\/","url":"https:\/\/booksfrommexico.com\/app\/uploads\/2023\/05\/logo-booksfrommexico.svg","contentUrl":"https:\/\/booksfrommexico.com\/app\/uploads\/2023\/05\/logo-booksfrommexico.svg","width":86,"height":56,"caption":"Books From Mexico"},"image":{"@id":"https:\/\/booksfrommexico.com\/#\/schema\/logo\/image\/"}}]}},"_links":{"self":[{"href":"https:\/\/booksfrommexico.com\/es\/wp-json\/wp\/v2\/product\/5740","targetHints":{"allow":["GET"]}}],"collection":[{"href":"https:\/\/booksfrommexico.com\/es\/wp-json\/wp\/v2\/product"}],"about":[{"href":"https:\/\/booksfrommexico.com\/es\/wp-json\/wp\/v2\/types\/product"}],"wp:featuredmedia":[{"embeddable":true,"href":"https:\/\/booksfrommexico.com\/es\/wp-json\/wp\/v2\/media\/5784"}],"wp:attachment":[{"href":"https:\/\/booksfrommexico.com\/es\/wp-json\/wp\/v2\/media?parent=5740"}],"wp:term":[{"taxonomy":"product_brand","embeddable":true,"href":"https:\/\/booksfrommexico.com\/es\/wp-json\/wp\/v2\/product_brand?post=5740"},{"taxonomy":"product_cat","embeddable":true,"href":"https:\/\/booksfrommexico.com\/es\/wp-json\/wp\/v2\/product_cat?post=5740"},{"taxonomy":"product_tag","embeddable":true,"href":"https:\/\/booksfrommexico.com\/es\/wp-json\/wp\/v2\/product_tag?post=5740"}],"curies":[{"name":"wp","href":"https:\/\/api.w.org\/{rel}","templated":true}]}}