{"id":5742,"date":"2024-04-22T18:38:50","date_gmt":"2024-04-22T18:38:50","guid":{"rendered":"https:\/\/booksfrommexico.com\/product\/aprendizajes-del-movimiento-zapatista\/"},"modified":"2025-08-06T01:52:40","modified_gmt":"2025-08-06T01:52:40","slug":"aprendizajes-del-movimiento-zapatista","status":"publish","type":"product","link":"https:\/\/booksfrommexico.com\/es\/producto\/aprendizajes-del-movimiento-zapatista\/","title":{"rendered":"Aprendizajes del Movimiento Zapatista"},"content":{"rendered":"<p><span style=\"font-weight: 400;\">El zapatismo es un levantamiento armado que comenz\u00f3 hace 3 d\u00e9cadas y ofrece la m\u00e1s expl\u00edcita y radical versi\u00f3n de autonom\u00eda ind\u00edgena-campesina conocida en el mundo contempor\u00e1neo. El objetivo de esta investigaci\u00f3n consiste en analizar la concepci\u00f3n y la praxis pol\u00edtica de la autonom\u00eda zapatista como estrategia y n\u00facleo de su defensa territorial, revisando las diferentes vertientes de la autonom\u00eda en la construcci\u00f3n de la autodeterminaci\u00f3n territorial, como estrategia de lucha en el \u00e1mbito local, nacional e internacional. El Consejo Latinoamericano de Ciencias Sociales pone a disposici\u00f3n de los lectores este libro que propone dar cuenta de uno de los principales movimientos de Am\u00e9rica Latina del siglo XXI.<\/span><\/p>\n","protected":false},"excerpt":{"rendered":"<p>APRENDIZAJES DE MOVIMIENTO ZAPATISTA : DE LA INSURGENCIA ARMADA A LA AUTONOM\u00cdA POPULAR. <span style=\"font-weight: 400;\">\/ Lia Pinheiro Barbosa, Peter Michael Rosset. Buenos Aires, Argentina : Consejo Latinoamericano de Ciencias Sociales ; Ciudad de M\u00e9xico, M\u00e9xico :\u00a0 El Colegio de la Frontera Sur, 2023. 151 pages : includes table, semblance, bibliography ; 17 cm. (Colecci\u00f3n En Movimiento). ISBN : 9786078767793.<\/span><\/p>\n","protected":false},"featured_media":5814,"template":"","meta":{"_acf_changed":false,"inline_featured_image":false},"product_brand":[],"product_cat":[27,113,441],"product_tag":[4256,4254],"class_list":{"0":"post-5742","1":"product","2":"type-product","3":"status-publish","4":"has-post-thumbnail","6":"product_cat-historia","7":"product_cat-historia-social","8":"product_cat-movimientos-sociales-sociologia","9":"product_tag-insurgencia","10":"product_tag-zapatismo","12":"first","13":"outofstock","14":"featured","15":"taxable","16":"shipping-taxable","17":"purchasable","18":"product-type-simple"},"acf":[],"yoast_head":"<!-- This site is optimized with the Yoast SEO plugin v27.3 - https:\/\/yoast.com\/product\/yoast-seo-wordpress\/ -->\n<title>Aprendizajes del Movimiento Zapatista<\/title>\n<meta name=\"description\" content=\"APRENDIZAJES DE MOVIMIENTO ZAPATISTA : DE LA INSURGENCIA ARMADA A LA AUTONOM\u00cdA POPULAR. \/ Lia Pinheiro Barbosa, Peter Michael Rosset. 2023.\" \/>\n<meta name=\"robots\" content=\"index, follow, max-snippet:-1, max-image-preview:large, max-video-preview:-1\" \/>\n<link rel=\"canonical\" href=\"https:\/\/booksfrommexico.com\/es\/producto\/aprendizajes-del-movimiento-zapatista\/\" \/>\n<meta property=\"og:locale\" content=\"es_ES\" \/>\n<meta property=\"og:type\" content=\"article\" \/>\n<meta property=\"og:title\" content=\"Aprendizajes del Movimiento Zapatista\" \/>\n<meta property=\"og:description\" content=\"APRENDIZAJES DE MOVIMIENTO ZAPATISTA : DE LA INSURGENCIA ARMADA A LA AUTONOM\u00cdA POPULAR. \/ Lia Pinheiro Barbosa, Peter Michael Rosset. 2023.\" \/>\n<meta property=\"og:url\" content=\"https:\/\/booksfrommexico.com\/es\/producto\/aprendizajes-del-movimiento-zapatista\/\" \/>\n<meta property=\"og:site_name\" content=\"Books From Mexico\" \/>\n<meta property=\"article:modified_time\" content=\"2025-08-06T01:52:40+00:00\" \/>\n<meta name=\"twitter:card\" content=\"summary_large_image\" \/>\n<meta name=\"twitter:label1\" content=\"Tiempo de lectura\" \/>\n\t<meta name=\"twitter:data1\" content=\"1 minuto\" \/>\n<script type=\"application\/ld+json\" class=\"yoast-schema-graph\">{\"@context\":\"https:\\\/\\\/schema.org\",\"@graph\":[{\"@type\":\"WebPage\",\"@id\":\"https:\\\/\\\/booksfrommexico.com\\\/es\\\/producto\\\/aprendizajes-del-movimiento-zapatista\\\/\",\"url\":\"https:\\\/\\\/booksfrommexico.com\\\/es\\\/producto\\\/aprendizajes-del-movimiento-zapatista\\\/\",\"name\":\"Aprendizajes del Movimiento Zapatista\",\"isPartOf\":{\"@id\":\"https:\\\/\\\/booksfrommexico.com\\\/#website\"},\"primaryImageOfPage\":{\"@id\":\"https:\\\/\\\/booksfrommexico.com\\\/es\\\/producto\\\/aprendizajes-del-movimiento-zapatista\\\/#primaryimage\"},\"image\":{\"@id\":\"https:\\\/\\\/booksfrommexico.com\\\/es\\\/producto\\\/aprendizajes-del-movimiento-zapatista\\\/#primaryimage\"},\"thumbnailUrl\":\"https:\\\/\\\/booksfrommexico.com\\\/app\\\/uploads\\\/2024\\\/04\\\/200676.jpeg\",\"datePublished\":\"2024-04-22T18:38:50+00:00\",\"dateModified\":\"2025-08-06T01:52:40+00:00\",\"description\":\"APRENDIZAJES DE MOVIMIENTO ZAPATISTA : DE LA INSURGENCIA ARMADA A LA AUTONOM\u00cdA POPULAR. \\\/ Lia Pinheiro Barbosa, Peter Michael Rosset. 2023.\",\"breadcrumb\":{\"@id\":\"https:\\\/\\\/booksfrommexico.com\\\/es\\\/producto\\\/aprendizajes-del-movimiento-zapatista\\\/#breadcrumb\"},\"inLanguage\":\"es\",\"potentialAction\":[{\"@type\":\"ReadAction\",\"target\":[\"https:\\\/\\\/booksfrommexico.com\\\/es\\\/producto\\\/aprendizajes-del-movimiento-zapatista\\\/\"]}]},{\"@type\":\"ImageObject\",\"inLanguage\":\"es\",\"@id\":\"https:\\\/\\\/booksfrommexico.com\\\/es\\\/producto\\\/aprendizajes-del-movimiento-zapatista\\\/#primaryimage\",\"url\":\"https:\\\/\\\/booksfrommexico.com\\\/app\\\/uploads\\\/2024\\\/04\\\/200676.jpeg\",\"contentUrl\":\"https:\\\/\\\/booksfrommexico.com\\\/app\\\/uploads\\\/2024\\\/04\\\/200676.jpeg\",\"width\":1257,\"height\":1958,\"caption\":\"Aprendizajes del movimiento zapatista\"},{\"@type\":\"BreadcrumbList\",\"@id\":\"https:\\\/\\\/booksfrommexico.com\\\/es\\\/producto\\\/aprendizajes-del-movimiento-zapatista\\\/#breadcrumb\",\"itemListElement\":[{\"@type\":\"ListItem\",\"position\":1,\"name\":\"Home\",\"item\":\"https:\\\/\\\/booksfrommexico.com\\\/es\\\/\"},{\"@type\":\"ListItem\",\"position\":2,\"name\":\"Libros\",\"item\":\"https:\\\/\\\/booksfrommexico.com\\\/es\\\/libros\\\/\"},{\"@type\":\"ListItem\",\"position\":3,\"name\":\"Aprendizajes del Movimiento Zapatista\"}]},{\"@type\":\"WebSite\",\"@id\":\"https:\\\/\\\/booksfrommexico.com\\\/#website\",\"url\":\"https:\\\/\\\/booksfrommexico.com\\\/\",\"name\":\"Books From Mexico\",\"description\":\"\",\"publisher\":{\"@id\":\"https:\\\/\\\/booksfrommexico.com\\\/#organization\"},\"potentialAction\":[{\"@type\":\"SearchAction\",\"target\":{\"@type\":\"EntryPoint\",\"urlTemplate\":\"https:\\\/\\\/booksfrommexico.com\\\/?s={search_term_string}\"},\"query-input\":{\"@type\":\"PropertyValueSpecification\",\"valueRequired\":true,\"valueName\":\"search_term_string\"}}],\"inLanguage\":\"es\"},{\"@type\":\"Organization\",\"@id\":\"https:\\\/\\\/booksfrommexico.com\\\/#organization\",\"name\":\"Books From Mexico\",\"url\":\"https:\\\/\\\/booksfrommexico.com\\\/\",\"logo\":{\"@type\":\"ImageObject\",\"inLanguage\":\"es\",\"@id\":\"https:\\\/\\\/booksfrommexico.com\\\/#\\\/schema\\\/logo\\\/image\\\/\",\"url\":\"https:\\\/\\\/booksfrommexico.com\\\/app\\\/uploads\\\/2023\\\/05\\\/logo-booksfrommexico.svg\",\"contentUrl\":\"https:\\\/\\\/booksfrommexico.com\\\/app\\\/uploads\\\/2023\\\/05\\\/logo-booksfrommexico.svg\",\"width\":86,\"height\":56,\"caption\":\"Books From Mexico\"},\"image\":{\"@id\":\"https:\\\/\\\/booksfrommexico.com\\\/#\\\/schema\\\/logo\\\/image\\\/\"}}]}<\/script>\n<!-- \/ Yoast SEO plugin. -->","yoast_head_json":{"title":"Aprendizajes del Movimiento Zapatista","description":"APRENDIZAJES DE MOVIMIENTO ZAPATISTA : DE LA INSURGENCIA ARMADA A LA AUTONOM\u00cdA POPULAR. \/ Lia Pinheiro Barbosa, Peter Michael Rosset. 2023.","robots":{"index":"index","follow":"follow","max-snippet":"max-snippet:-1","max-image-preview":"max-image-preview:large","max-video-preview":"max-video-preview:-1"},"canonical":"https:\/\/booksfrommexico.com\/es\/producto\/aprendizajes-del-movimiento-zapatista\/","og_locale":"es_ES","og_type":"article","og_title":"Aprendizajes del Movimiento Zapatista","og_description":"APRENDIZAJES DE MOVIMIENTO ZAPATISTA : DE LA INSURGENCIA ARMADA A LA AUTONOM\u00cdA POPULAR. \/ Lia Pinheiro Barbosa, Peter Michael Rosset. 2023.","og_url":"https:\/\/booksfrommexico.com\/es\/producto\/aprendizajes-del-movimiento-zapatista\/","og_site_name":"Books From Mexico","article_modified_time":"2025-08-06T01:52:40+00:00","twitter_card":"summary_large_image","twitter_misc":{"Tiempo de lectura":"1 minuto"},"schema":{"@context":"https:\/\/schema.org","@graph":[{"@type":"WebPage","@id":"https:\/\/booksfrommexico.com\/es\/producto\/aprendizajes-del-movimiento-zapatista\/","url":"https:\/\/booksfrommexico.com\/es\/producto\/aprendizajes-del-movimiento-zapatista\/","name":"Aprendizajes del Movimiento Zapatista","isPartOf":{"@id":"https:\/\/booksfrommexico.com\/#website"},"primaryImageOfPage":{"@id":"https:\/\/booksfrommexico.com\/es\/producto\/aprendizajes-del-movimiento-zapatista\/#primaryimage"},"image":{"@id":"https:\/\/booksfrommexico.com\/es\/producto\/aprendizajes-del-movimiento-zapatista\/#primaryimage"},"thumbnailUrl":"https:\/\/booksfrommexico.com\/app\/uploads\/2024\/04\/200676.jpeg","datePublished":"2024-04-22T18:38:50+00:00","dateModified":"2025-08-06T01:52:40+00:00","description":"APRENDIZAJES DE MOVIMIENTO ZAPATISTA : DE LA INSURGENCIA ARMADA A LA AUTONOM\u00cdA POPULAR. \/ Lia Pinheiro Barbosa, Peter Michael Rosset. 2023.","breadcrumb":{"@id":"https:\/\/booksfrommexico.com\/es\/producto\/aprendizajes-del-movimiento-zapatista\/#breadcrumb"},"inLanguage":"es","potentialAction":[{"@type":"ReadAction","target":["https:\/\/booksfrommexico.com\/es\/producto\/aprendizajes-del-movimiento-zapatista\/"]}]},{"@type":"ImageObject","inLanguage":"es","@id":"https:\/\/booksfrommexico.com\/es\/producto\/aprendizajes-del-movimiento-zapatista\/#primaryimage","url":"https:\/\/booksfrommexico.com\/app\/uploads\/2024\/04\/200676.jpeg","contentUrl":"https:\/\/booksfrommexico.com\/app\/uploads\/2024\/04\/200676.jpeg","width":1257,"height":1958,"caption":"Aprendizajes del movimiento zapatista"},{"@type":"BreadcrumbList","@id":"https:\/\/booksfrommexico.com\/es\/producto\/aprendizajes-del-movimiento-zapatista\/#breadcrumb","itemListElement":[{"@type":"ListItem","position":1,"name":"Home","item":"https:\/\/booksfrommexico.com\/es\/"},{"@type":"ListItem","position":2,"name":"Libros","item":"https:\/\/booksfrommexico.com\/es\/libros\/"},{"@type":"ListItem","position":3,"name":"Aprendizajes del Movimiento Zapatista"}]},{"@type":"WebSite","@id":"https:\/\/booksfrommexico.com\/#website","url":"https:\/\/booksfrommexico.com\/","name":"Books From Mexico","description":"","publisher":{"@id":"https:\/\/booksfrommexico.com\/#organization"},"potentialAction":[{"@type":"SearchAction","target":{"@type":"EntryPoint","urlTemplate":"https:\/\/booksfrommexico.com\/?s={search_term_string}"},"query-input":{"@type":"PropertyValueSpecification","valueRequired":true,"valueName":"search_term_string"}}],"inLanguage":"es"},{"@type":"Organization","@id":"https:\/\/booksfrommexico.com\/#organization","name":"Books From Mexico","url":"https:\/\/booksfrommexico.com\/","logo":{"@type":"ImageObject","inLanguage":"es","@id":"https:\/\/booksfrommexico.com\/#\/schema\/logo\/image\/","url":"https:\/\/booksfrommexico.com\/app\/uploads\/2023\/05\/logo-booksfrommexico.svg","contentUrl":"https:\/\/booksfrommexico.com\/app\/uploads\/2023\/05\/logo-booksfrommexico.svg","width":86,"height":56,"caption":"Books From Mexico"},"image":{"@id":"https:\/\/booksfrommexico.com\/#\/schema\/logo\/image\/"}}]}},"_links":{"self":[{"href":"https:\/\/booksfrommexico.com\/es\/wp-json\/wp\/v2\/product\/5742","targetHints":{"allow":["GET"]}}],"collection":[{"href":"https:\/\/booksfrommexico.com\/es\/wp-json\/wp\/v2\/product"}],"about":[{"href":"https:\/\/booksfrommexico.com\/es\/wp-json\/wp\/v2\/types\/product"}],"wp:featuredmedia":[{"embeddable":true,"href":"https:\/\/booksfrommexico.com\/es\/wp-json\/wp\/v2\/media\/5814"}],"wp:attachment":[{"href":"https:\/\/booksfrommexico.com\/es\/wp-json\/wp\/v2\/media?parent=5742"}],"wp:term":[{"taxonomy":"product_brand","embeddable":true,"href":"https:\/\/booksfrommexico.com\/es\/wp-json\/wp\/v2\/product_brand?post=5742"},{"taxonomy":"product_cat","embeddable":true,"href":"https:\/\/booksfrommexico.com\/es\/wp-json\/wp\/v2\/product_cat?post=5742"},{"taxonomy":"product_tag","embeddable":true,"href":"https:\/\/booksfrommexico.com\/es\/wp-json\/wp\/v2\/product_tag?post=5742"}],"curies":[{"name":"wp","href":"https:\/\/api.w.org\/{rel}","templated":true}]}}