{"id":5749,"date":"2024-04-22T18:38:50","date_gmt":"2024-04-22T18:38:50","guid":{"rendered":"https:\/\/booksfrommexico.com\/product\/escribir-es-lo-desconocido\/"},"modified":"2024-04-22T23:29:09","modified_gmt":"2024-04-22T23:29:09","slug":"escribir-es-lo-desconocido","status":"publish","type":"product","link":"https:\/\/booksfrommexico.com\/es\/producto\/escribir-es-lo-desconocido\/","title":{"rendered":"Escribir es lo desconocido"},"content":{"rendered":"<p><span style=\"font-weight: 400;\">Doce autoras de origen oaxaque\u00f1o aportan aqu\u00ed un poema cada una, dando una peque\u00f1a muestra de su trabajo como poetas que buscan representar al estado de Oaxaca. Tomando en cuenta el contexto socio-cultura de las autoras, en la presentaci\u00f3n de este libro se hace una analog\u00eda con el texto de la escritora inglesa Virgina Woolf en el cual habla sobre tener una habitaci\u00f3n propia, argumentando que en la Oaxaca del siglo XXI las exigencias y obst\u00e1culos que atraviesan las mujeres para poder escribir son otros, pero igual de dif\u00edciles que los de Londres de 1979. Estos poemas significan para sus autoras un acto de riesgo, pues la publicaci\u00f3n no garantiza un \u00e9xito, pero s\u00ed un comienzo.<\/span><\/p>\n","protected":false},"excerpt":{"rendered":"<p>ESCRIBIR ES LO DESCONOCIDO : LA SOCIEDAD DE LAS POETAS, COMPILACI\u00d3N. <span style=\"font-weight: 400;\">\/ Varias. Oaxaca, M\u00e9xico : La Sociedad de las Poetas : 1450 Ediciones , Todos los libros de Oaxaca, 2022. 79 pages ; 21 cm. (Serie Literatura). ISBN : 9786079990336.<\/span><\/p>\n","protected":false},"featured_media":5806,"template":"","meta":{"_acf_changed":false,"inline_featured_image":false},"product_brand":[],"product_cat":[25,32],"product_tag":[4225,3598],"class_list":{"0":"post-5749","1":"product","2":"type-product","3":"status-publish","4":"has-post-thumbnail","6":"product_cat-literatura","7":"product_cat-poesia-literatura","8":"product_tag-mujeres-literatura","9":"product_tag-poesia-mexicana","11":"first","12":"instock","13":"taxable","14":"shipping-taxable","15":"purchasable","16":"product-type-simple"},"acf":[],"yoast_head":"<!-- This site is optimized with the Yoast SEO plugin v27.3 - https:\/\/yoast.com\/product\/yoast-seo-wordpress\/ -->\n<title>Escribir es lo desconocido<\/title>\n<meta name=\"description\" content=\"ESCRIBIR ES LO DESCONOCIDO : LA SOCIEDAD DE LAS POETAS, COMPILACI\u00d3N. \/ La Sociedad de las Poetas : 1450 Ediciones , Todos los libros de Oaxaca, 2022.\" \/>\n<meta name=\"robots\" content=\"index, follow, max-snippet:-1, max-image-preview:large, max-video-preview:-1\" \/>\n<link rel=\"canonical\" href=\"https:\/\/booksfrommexico.com\/es\/producto\/escribir-es-lo-desconocido\/\" \/>\n<meta property=\"og:locale\" content=\"es_ES\" \/>\n<meta property=\"og:type\" content=\"article\" \/>\n<meta property=\"og:title\" content=\"Escribir es lo desconocido\" \/>\n<meta property=\"og:description\" content=\"ESCRIBIR ES LO DESCONOCIDO : LA SOCIEDAD DE LAS POETAS, COMPILACI\u00d3N. \/ La Sociedad de las Poetas : 1450 Ediciones , Todos los libros de Oaxaca, 2022.\" \/>\n<meta property=\"og:url\" content=\"https:\/\/booksfrommexico.com\/es\/producto\/escribir-es-lo-desconocido\/\" \/>\n<meta property=\"og:site_name\" content=\"Books From Mexico\" \/>\n<meta property=\"article:modified_time\" content=\"2024-04-22T23:29:09+00:00\" \/>\n<meta name=\"twitter:card\" content=\"summary_large_image\" \/>\n<meta name=\"twitter:label1\" content=\"Tiempo de lectura\" \/>\n\t<meta name=\"twitter:data1\" content=\"1 minuto\" \/>\n<script type=\"application\/ld+json\" class=\"yoast-schema-graph\">{\"@context\":\"https:\\\/\\\/schema.org\",\"@graph\":[{\"@type\":\"WebPage\",\"@id\":\"https:\\\/\\\/booksfrommexico.com\\\/es\\\/producto\\\/escribir-es-lo-desconocido\\\/\",\"url\":\"https:\\\/\\\/booksfrommexico.com\\\/es\\\/producto\\\/escribir-es-lo-desconocido\\\/\",\"name\":\"Escribir es lo desconocido\",\"isPartOf\":{\"@id\":\"https:\\\/\\\/booksfrommexico.com\\\/#website\"},\"primaryImageOfPage\":{\"@id\":\"https:\\\/\\\/booksfrommexico.com\\\/es\\\/producto\\\/escribir-es-lo-desconocido\\\/#primaryimage\"},\"image\":{\"@id\":\"https:\\\/\\\/booksfrommexico.com\\\/es\\\/producto\\\/escribir-es-lo-desconocido\\\/#primaryimage\"},\"thumbnailUrl\":\"https:\\\/\\\/booksfrommexico.com\\\/app\\\/uploads\\\/2024\\\/04\\\/200805.jpeg\",\"datePublished\":\"2024-04-22T18:38:50+00:00\",\"dateModified\":\"2024-04-22T23:29:09+00:00\",\"description\":\"ESCRIBIR ES LO DESCONOCIDO : LA SOCIEDAD DE LAS POETAS, COMPILACI\u00d3N. \\\/ La Sociedad de las Poetas : 1450 Ediciones , Todos los libros de Oaxaca, 2022.\",\"breadcrumb\":{\"@id\":\"https:\\\/\\\/booksfrommexico.com\\\/es\\\/producto\\\/escribir-es-lo-desconocido\\\/#breadcrumb\"},\"inLanguage\":\"es\",\"potentialAction\":[{\"@type\":\"ReadAction\",\"target\":[\"https:\\\/\\\/booksfrommexico.com\\\/es\\\/producto\\\/escribir-es-lo-desconocido\\\/\"]}]},{\"@type\":\"ImageObject\",\"inLanguage\":\"es\",\"@id\":\"https:\\\/\\\/booksfrommexico.com\\\/es\\\/producto\\\/escribir-es-lo-desconocido\\\/#primaryimage\",\"url\":\"https:\\\/\\\/booksfrommexico.com\\\/app\\\/uploads\\\/2024\\\/04\\\/200805.jpeg\",\"contentUrl\":\"https:\\\/\\\/booksfrommexico.com\\\/app\\\/uploads\\\/2024\\\/04\\\/200805.jpeg\",\"width\":388,\"height\":582},{\"@type\":\"BreadcrumbList\",\"@id\":\"https:\\\/\\\/booksfrommexico.com\\\/es\\\/producto\\\/escribir-es-lo-desconocido\\\/#breadcrumb\",\"itemListElement\":[{\"@type\":\"ListItem\",\"position\":1,\"name\":\"Home\",\"item\":\"https:\\\/\\\/booksfrommexico.com\\\/es\\\/\"},{\"@type\":\"ListItem\",\"position\":2,\"name\":\"Libros\",\"item\":\"https:\\\/\\\/booksfrommexico.com\\\/es\\\/libros\\\/\"},{\"@type\":\"ListItem\",\"position\":3,\"name\":\"Escribir es lo desconocido\"}]},{\"@type\":\"WebSite\",\"@id\":\"https:\\\/\\\/booksfrommexico.com\\\/#website\",\"url\":\"https:\\\/\\\/booksfrommexico.com\\\/\",\"name\":\"Books From Mexico\",\"description\":\"\",\"publisher\":{\"@id\":\"https:\\\/\\\/booksfrommexico.com\\\/#organization\"},\"potentialAction\":[{\"@type\":\"SearchAction\",\"target\":{\"@type\":\"EntryPoint\",\"urlTemplate\":\"https:\\\/\\\/booksfrommexico.com\\\/?s={search_term_string}\"},\"query-input\":{\"@type\":\"PropertyValueSpecification\",\"valueRequired\":true,\"valueName\":\"search_term_string\"}}],\"inLanguage\":\"es\"},{\"@type\":\"Organization\",\"@id\":\"https:\\\/\\\/booksfrommexico.com\\\/#organization\",\"name\":\"Books From Mexico\",\"url\":\"https:\\\/\\\/booksfrommexico.com\\\/\",\"logo\":{\"@type\":\"ImageObject\",\"inLanguage\":\"es\",\"@id\":\"https:\\\/\\\/booksfrommexico.com\\\/#\\\/schema\\\/logo\\\/image\\\/\",\"url\":\"https:\\\/\\\/booksfrommexico.com\\\/app\\\/uploads\\\/2023\\\/05\\\/logo-booksfrommexico.svg\",\"contentUrl\":\"https:\\\/\\\/booksfrommexico.com\\\/app\\\/uploads\\\/2023\\\/05\\\/logo-booksfrommexico.svg\",\"width\":86,\"height\":56,\"caption\":\"Books From Mexico\"},\"image\":{\"@id\":\"https:\\\/\\\/booksfrommexico.com\\\/#\\\/schema\\\/logo\\\/image\\\/\"}}]}<\/script>\n<!-- \/ Yoast SEO plugin. -->","yoast_head_json":{"title":"Escribir es lo desconocido","description":"ESCRIBIR ES LO DESCONOCIDO : LA SOCIEDAD DE LAS POETAS, COMPILACI\u00d3N. \/ La Sociedad de las Poetas : 1450 Ediciones , Todos los libros de Oaxaca, 2022.","robots":{"index":"index","follow":"follow","max-snippet":"max-snippet:-1","max-image-preview":"max-image-preview:large","max-video-preview":"max-video-preview:-1"},"canonical":"https:\/\/booksfrommexico.com\/es\/producto\/escribir-es-lo-desconocido\/","og_locale":"es_ES","og_type":"article","og_title":"Escribir es lo desconocido","og_description":"ESCRIBIR ES LO DESCONOCIDO : LA SOCIEDAD DE LAS POETAS, COMPILACI\u00d3N. \/ La Sociedad de las Poetas : 1450 Ediciones , Todos los libros de Oaxaca, 2022.","og_url":"https:\/\/booksfrommexico.com\/es\/producto\/escribir-es-lo-desconocido\/","og_site_name":"Books From Mexico","article_modified_time":"2024-04-22T23:29:09+00:00","twitter_card":"summary_large_image","twitter_misc":{"Tiempo de lectura":"1 minuto"},"schema":{"@context":"https:\/\/schema.org","@graph":[{"@type":"WebPage","@id":"https:\/\/booksfrommexico.com\/es\/producto\/escribir-es-lo-desconocido\/","url":"https:\/\/booksfrommexico.com\/es\/producto\/escribir-es-lo-desconocido\/","name":"Escribir es lo desconocido","isPartOf":{"@id":"https:\/\/booksfrommexico.com\/#website"},"primaryImageOfPage":{"@id":"https:\/\/booksfrommexico.com\/es\/producto\/escribir-es-lo-desconocido\/#primaryimage"},"image":{"@id":"https:\/\/booksfrommexico.com\/es\/producto\/escribir-es-lo-desconocido\/#primaryimage"},"thumbnailUrl":"https:\/\/booksfrommexico.com\/app\/uploads\/2024\/04\/200805.jpeg","datePublished":"2024-04-22T18:38:50+00:00","dateModified":"2024-04-22T23:29:09+00:00","description":"ESCRIBIR ES LO DESCONOCIDO : LA SOCIEDAD DE LAS POETAS, COMPILACI\u00d3N. \/ La Sociedad de las Poetas : 1450 Ediciones , Todos los libros de Oaxaca, 2022.","breadcrumb":{"@id":"https:\/\/booksfrommexico.com\/es\/producto\/escribir-es-lo-desconocido\/#breadcrumb"},"inLanguage":"es","potentialAction":[{"@type":"ReadAction","target":["https:\/\/booksfrommexico.com\/es\/producto\/escribir-es-lo-desconocido\/"]}]},{"@type":"ImageObject","inLanguage":"es","@id":"https:\/\/booksfrommexico.com\/es\/producto\/escribir-es-lo-desconocido\/#primaryimage","url":"https:\/\/booksfrommexico.com\/app\/uploads\/2024\/04\/200805.jpeg","contentUrl":"https:\/\/booksfrommexico.com\/app\/uploads\/2024\/04\/200805.jpeg","width":388,"height":582},{"@type":"BreadcrumbList","@id":"https:\/\/booksfrommexico.com\/es\/producto\/escribir-es-lo-desconocido\/#breadcrumb","itemListElement":[{"@type":"ListItem","position":1,"name":"Home","item":"https:\/\/booksfrommexico.com\/es\/"},{"@type":"ListItem","position":2,"name":"Libros","item":"https:\/\/booksfrommexico.com\/es\/libros\/"},{"@type":"ListItem","position":3,"name":"Escribir es lo desconocido"}]},{"@type":"WebSite","@id":"https:\/\/booksfrommexico.com\/#website","url":"https:\/\/booksfrommexico.com\/","name":"Books From Mexico","description":"","publisher":{"@id":"https:\/\/booksfrommexico.com\/#organization"},"potentialAction":[{"@type":"SearchAction","target":{"@type":"EntryPoint","urlTemplate":"https:\/\/booksfrommexico.com\/?s={search_term_string}"},"query-input":{"@type":"PropertyValueSpecification","valueRequired":true,"valueName":"search_term_string"}}],"inLanguage":"es"},{"@type":"Organization","@id":"https:\/\/booksfrommexico.com\/#organization","name":"Books From Mexico","url":"https:\/\/booksfrommexico.com\/","logo":{"@type":"ImageObject","inLanguage":"es","@id":"https:\/\/booksfrommexico.com\/#\/schema\/logo\/image\/","url":"https:\/\/booksfrommexico.com\/app\/uploads\/2023\/05\/logo-booksfrommexico.svg","contentUrl":"https:\/\/booksfrommexico.com\/app\/uploads\/2023\/05\/logo-booksfrommexico.svg","width":86,"height":56,"caption":"Books From Mexico"},"image":{"@id":"https:\/\/booksfrommexico.com\/#\/schema\/logo\/image\/"}}]}},"_links":{"self":[{"href":"https:\/\/booksfrommexico.com\/es\/wp-json\/wp\/v2\/product\/5749","targetHints":{"allow":["GET"]}}],"collection":[{"href":"https:\/\/booksfrommexico.com\/es\/wp-json\/wp\/v2\/product"}],"about":[{"href":"https:\/\/booksfrommexico.com\/es\/wp-json\/wp\/v2\/types\/product"}],"wp:featuredmedia":[{"embeddable":true,"href":"https:\/\/booksfrommexico.com\/es\/wp-json\/wp\/v2\/media\/5806"}],"wp:attachment":[{"href":"https:\/\/booksfrommexico.com\/es\/wp-json\/wp\/v2\/media?parent=5749"}],"wp:term":[{"taxonomy":"product_brand","embeddable":true,"href":"https:\/\/booksfrommexico.com\/es\/wp-json\/wp\/v2\/product_brand?post=5749"},{"taxonomy":"product_cat","embeddable":true,"href":"https:\/\/booksfrommexico.com\/es\/wp-json\/wp\/v2\/product_cat?post=5749"},{"taxonomy":"product_tag","embeddable":true,"href":"https:\/\/booksfrommexico.com\/es\/wp-json\/wp\/v2\/product_tag?post=5749"}],"curies":[{"name":"wp","href":"https:\/\/api.w.org\/{rel}","templated":true}]}}