{"id":5751,"date":"2024-04-22T18:38:50","date_gmt":"2024-04-22T18:38:50","guid":{"rendered":"https:\/\/booksfrommexico.com\/product\/helguera-caricaturista\/"},"modified":"2024-06-03T22:38:52","modified_gmt":"2024-06-03T22:38:52","slug":"helguera-caricaturista","status":"publish","type":"product","link":"https:\/\/booksfrommexico.com\/es\/producto\/helguera-caricaturista\/","title":{"rendered":"Helguera: Caricaturista"},"content":{"rendered":"<p><span style=\"font-weight: 400;\">Antonio Helguera Mart\u00ednez\u00a0 fue un caricaturista pol\u00edtico, ilustrador, historietista y grabador ganador del Premio Nacional de Periodismo en 1966 y 2022, Premio La Catrina, del Encuentro Internacional de Caricatura e Historieta de la FIL Guadalajara en 2017 y el Premio Gabriel Vargas en 2021, as\u00ed como el p\u00f3stumo Premios Nacional de Periodismo. En esta edici\u00f3n llevada a cabo por Jos\u00e9 Hern\u00e1ndez, se recopilan sus primeros cartones (1983-1985) as\u00ed como toda su trayectoria retratando en sus caricaturas los sexenios de Salinas, Zedillo, Fox, Calder\u00f3n, Pe\u00f1a Nieto y gran parte del de AMLO, as\u00ed como <\/span><i><span style=\"font-weight: 400;\">El Chahuistle, El Chamuco<\/span><\/i><span style=\"font-weight: 400;\">, <em>La Iglesia, El mundo<\/em> y retratos. <\/span><\/p>\n","protected":false},"excerpt":{"rendered":"<p>HELGUERA : CARICATURISTA. <span style=\"font-weight: 400;\">\/ Jos\u00e9 Hern\u00e1ndez (editor). Ciudad de M\u00e9xico, M\u00e9xico : Editorial Sexto Piso , Sexto Piso Ilustrado ; Gobierno de M\u00e9xico , Secretar\u00eda de Cultura, 2023. 285 pages: includes color illustrations ; 24 cm. ISBN : 9786078895311.<\/span><\/p>\n","protected":false},"featured_media":5798,"template":"","meta":{"_acf_changed":false,"inline_featured_image":false},"product_brand":[],"product_cat":[4259],"product_tag":[3735,4398,3799],"class_list":{"0":"post-5751","1":"product","2":"type-product","3":"status-publish","4":"has-post-thumbnail","6":"product_cat-caricatura","7":"product_tag-caricatura-politica","8":"product_tag-historia-mexico","9":"product_tag-historia-politica","11":"first","12":"instock","13":"taxable","14":"shipping-taxable","15":"purchasable","16":"product-type-simple"},"acf":[],"yoast_head":"<!-- This site is optimized with the Yoast SEO plugin v27.3 - https:\/\/yoast.com\/product\/yoast-seo-wordpress\/ -->\n<title>Helguera: Caricaturista<\/title>\n<meta name=\"description\" content=\"HELGUERA : CARICATURISTA. \/ Jos\u00e9 Hern\u00e1ndez (editor). Ciudad de M\u00e9xico, M\u00e9xico : Editorial Sexto Piso , Sexto Piso Ilustrado ; Secretar\u00eda de Cultura, 2023.\" \/>\n<meta name=\"robots\" content=\"index, follow, max-snippet:-1, max-image-preview:large, max-video-preview:-1\" \/>\n<link rel=\"canonical\" href=\"https:\/\/booksfrommexico.com\/es\/producto\/helguera-caricaturista\/\" \/>\n<meta property=\"og:locale\" content=\"es_ES\" \/>\n<meta property=\"og:type\" content=\"article\" \/>\n<meta property=\"og:title\" content=\"Helguera: Caricaturista\" \/>\n<meta property=\"og:description\" content=\"HELGUERA : CARICATURISTA. \/ Jos\u00e9 Hern\u00e1ndez (editor). Ciudad de M\u00e9xico, M\u00e9xico : Editorial Sexto Piso , Sexto Piso Ilustrado ; Secretar\u00eda de Cultura, 2023.\" \/>\n<meta property=\"og:url\" content=\"https:\/\/booksfrommexico.com\/es\/producto\/helguera-caricaturista\/\" \/>\n<meta property=\"og:site_name\" content=\"Books From Mexico\" \/>\n<meta property=\"article:modified_time\" content=\"2024-06-03T22:38:52+00:00\" \/>\n<meta property=\"og:image\" content=\"http:\/\/booksfrommexico.com\/app\/uploads\/2024\/04\/201481.jpeg\" \/>\n\t<meta property=\"og:image:width\" content=\"639\" \/>\n\t<meta property=\"og:image:height\" content=\"932\" \/>\n\t<meta property=\"og:image:type\" content=\"image\/jpeg\" \/>\n<meta name=\"twitter:card\" content=\"summary_large_image\" \/>\n<meta name=\"twitter:label1\" content=\"Tiempo de lectura\" \/>\n\t<meta name=\"twitter:data1\" content=\"1 minuto\" \/>\n<script type=\"application\/ld+json\" class=\"yoast-schema-graph\">{\"@context\":\"https:\\\/\\\/schema.org\",\"@graph\":[{\"@type\":\"WebPage\",\"@id\":\"https:\\\/\\\/booksfrommexico.com\\\/es\\\/producto\\\/helguera-caricaturista\\\/\",\"url\":\"https:\\\/\\\/booksfrommexico.com\\\/es\\\/producto\\\/helguera-caricaturista\\\/\",\"name\":\"Helguera: Caricaturista\",\"isPartOf\":{\"@id\":\"https:\\\/\\\/booksfrommexico.com\\\/#website\"},\"primaryImageOfPage\":{\"@id\":\"https:\\\/\\\/booksfrommexico.com\\\/es\\\/producto\\\/helguera-caricaturista\\\/#primaryimage\"},\"image\":{\"@id\":\"https:\\\/\\\/booksfrommexico.com\\\/es\\\/producto\\\/helguera-caricaturista\\\/#primaryimage\"},\"thumbnailUrl\":\"https:\\\/\\\/booksfrommexico.com\\\/app\\\/uploads\\\/2024\\\/04\\\/201481.jpeg\",\"datePublished\":\"2024-04-22T18:38:50+00:00\",\"dateModified\":\"2024-06-03T22:38:52+00:00\",\"description\":\"HELGUERA : CARICATURISTA. \\\/ Jos\u00e9 Hern\u00e1ndez (editor). Ciudad de M\u00e9xico, M\u00e9xico : Editorial Sexto Piso , Sexto Piso Ilustrado ; Secretar\u00eda de Cultura, 2023.\",\"breadcrumb\":{\"@id\":\"https:\\\/\\\/booksfrommexico.com\\\/es\\\/producto\\\/helguera-caricaturista\\\/#breadcrumb\"},\"inLanguage\":\"es\",\"potentialAction\":[{\"@type\":\"ReadAction\",\"target\":[\"https:\\\/\\\/booksfrommexico.com\\\/es\\\/producto\\\/helguera-caricaturista\\\/\"]}]},{\"@type\":\"ImageObject\",\"inLanguage\":\"es\",\"@id\":\"https:\\\/\\\/booksfrommexico.com\\\/es\\\/producto\\\/helguera-caricaturista\\\/#primaryimage\",\"url\":\"https:\\\/\\\/booksfrommexico.com\\\/app\\\/uploads\\\/2024\\\/04\\\/201481.jpeg\",\"contentUrl\":\"https:\\\/\\\/booksfrommexico.com\\\/app\\\/uploads\\\/2024\\\/04\\\/201481.jpeg\",\"width\":639,\"height\":932,\"caption\":\"Helguera caricaturista\"},{\"@type\":\"BreadcrumbList\",\"@id\":\"https:\\\/\\\/booksfrommexico.com\\\/es\\\/producto\\\/helguera-caricaturista\\\/#breadcrumb\",\"itemListElement\":[{\"@type\":\"ListItem\",\"position\":1,\"name\":\"Home\",\"item\":\"https:\\\/\\\/booksfrommexico.com\\\/es\\\/\"},{\"@type\":\"ListItem\",\"position\":2,\"name\":\"Libros\",\"item\":\"https:\\\/\\\/booksfrommexico.com\\\/es\\\/libros\\\/\"},{\"@type\":\"ListItem\",\"position\":3,\"name\":\"Helguera: Caricaturista\"}]},{\"@type\":\"WebSite\",\"@id\":\"https:\\\/\\\/booksfrommexico.com\\\/#website\",\"url\":\"https:\\\/\\\/booksfrommexico.com\\\/\",\"name\":\"Books From Mexico\",\"description\":\"\",\"publisher\":{\"@id\":\"https:\\\/\\\/booksfrommexico.com\\\/#organization\"},\"potentialAction\":[{\"@type\":\"SearchAction\",\"target\":{\"@type\":\"EntryPoint\",\"urlTemplate\":\"https:\\\/\\\/booksfrommexico.com\\\/?s={search_term_string}\"},\"query-input\":{\"@type\":\"PropertyValueSpecification\",\"valueRequired\":true,\"valueName\":\"search_term_string\"}}],\"inLanguage\":\"es\"},{\"@type\":\"Organization\",\"@id\":\"https:\\\/\\\/booksfrommexico.com\\\/#organization\",\"name\":\"Books From Mexico\",\"url\":\"https:\\\/\\\/booksfrommexico.com\\\/\",\"logo\":{\"@type\":\"ImageObject\",\"inLanguage\":\"es\",\"@id\":\"https:\\\/\\\/booksfrommexico.com\\\/#\\\/schema\\\/logo\\\/image\\\/\",\"url\":\"https:\\\/\\\/booksfrommexico.com\\\/app\\\/uploads\\\/2023\\\/05\\\/logo-booksfrommexico.svg\",\"contentUrl\":\"https:\\\/\\\/booksfrommexico.com\\\/app\\\/uploads\\\/2023\\\/05\\\/logo-booksfrommexico.svg\",\"width\":86,\"height\":56,\"caption\":\"Books From Mexico\"},\"image\":{\"@id\":\"https:\\\/\\\/booksfrommexico.com\\\/#\\\/schema\\\/logo\\\/image\\\/\"}}]}<\/script>\n<!-- \/ Yoast SEO plugin. -->","yoast_head_json":{"title":"Helguera: Caricaturista","description":"HELGUERA : CARICATURISTA. \/ Jos\u00e9 Hern\u00e1ndez (editor). Ciudad de M\u00e9xico, M\u00e9xico : Editorial Sexto Piso , Sexto Piso Ilustrado ; Secretar\u00eda de Cultura, 2023.","robots":{"index":"index","follow":"follow","max-snippet":"max-snippet:-1","max-image-preview":"max-image-preview:large","max-video-preview":"max-video-preview:-1"},"canonical":"https:\/\/booksfrommexico.com\/es\/producto\/helguera-caricaturista\/","og_locale":"es_ES","og_type":"article","og_title":"Helguera: Caricaturista","og_description":"HELGUERA : CARICATURISTA. \/ Jos\u00e9 Hern\u00e1ndez (editor). Ciudad de M\u00e9xico, M\u00e9xico : Editorial Sexto Piso , Sexto Piso Ilustrado ; Secretar\u00eda de Cultura, 2023.","og_url":"https:\/\/booksfrommexico.com\/es\/producto\/helguera-caricaturista\/","og_site_name":"Books From Mexico","article_modified_time":"2024-06-03T22:38:52+00:00","og_image":[{"width":639,"height":932,"url":"http:\/\/booksfrommexico.com\/app\/uploads\/2024\/04\/201481.jpeg","type":"image\/jpeg"}],"twitter_card":"summary_large_image","twitter_misc":{"Tiempo de lectura":"1 minuto"},"schema":{"@context":"https:\/\/schema.org","@graph":[{"@type":"WebPage","@id":"https:\/\/booksfrommexico.com\/es\/producto\/helguera-caricaturista\/","url":"https:\/\/booksfrommexico.com\/es\/producto\/helguera-caricaturista\/","name":"Helguera: Caricaturista","isPartOf":{"@id":"https:\/\/booksfrommexico.com\/#website"},"primaryImageOfPage":{"@id":"https:\/\/booksfrommexico.com\/es\/producto\/helguera-caricaturista\/#primaryimage"},"image":{"@id":"https:\/\/booksfrommexico.com\/es\/producto\/helguera-caricaturista\/#primaryimage"},"thumbnailUrl":"https:\/\/booksfrommexico.com\/app\/uploads\/2024\/04\/201481.jpeg","datePublished":"2024-04-22T18:38:50+00:00","dateModified":"2024-06-03T22:38:52+00:00","description":"HELGUERA : CARICATURISTA. \/ Jos\u00e9 Hern\u00e1ndez (editor). Ciudad de M\u00e9xico, M\u00e9xico : Editorial Sexto Piso , Sexto Piso Ilustrado ; Secretar\u00eda de Cultura, 2023.","breadcrumb":{"@id":"https:\/\/booksfrommexico.com\/es\/producto\/helguera-caricaturista\/#breadcrumb"},"inLanguage":"es","potentialAction":[{"@type":"ReadAction","target":["https:\/\/booksfrommexico.com\/es\/producto\/helguera-caricaturista\/"]}]},{"@type":"ImageObject","inLanguage":"es","@id":"https:\/\/booksfrommexico.com\/es\/producto\/helguera-caricaturista\/#primaryimage","url":"https:\/\/booksfrommexico.com\/app\/uploads\/2024\/04\/201481.jpeg","contentUrl":"https:\/\/booksfrommexico.com\/app\/uploads\/2024\/04\/201481.jpeg","width":639,"height":932,"caption":"Helguera caricaturista"},{"@type":"BreadcrumbList","@id":"https:\/\/booksfrommexico.com\/es\/producto\/helguera-caricaturista\/#breadcrumb","itemListElement":[{"@type":"ListItem","position":1,"name":"Home","item":"https:\/\/booksfrommexico.com\/es\/"},{"@type":"ListItem","position":2,"name":"Libros","item":"https:\/\/booksfrommexico.com\/es\/libros\/"},{"@type":"ListItem","position":3,"name":"Helguera: Caricaturista"}]},{"@type":"WebSite","@id":"https:\/\/booksfrommexico.com\/#website","url":"https:\/\/booksfrommexico.com\/","name":"Books From Mexico","description":"","publisher":{"@id":"https:\/\/booksfrommexico.com\/#organization"},"potentialAction":[{"@type":"SearchAction","target":{"@type":"EntryPoint","urlTemplate":"https:\/\/booksfrommexico.com\/?s={search_term_string}"},"query-input":{"@type":"PropertyValueSpecification","valueRequired":true,"valueName":"search_term_string"}}],"inLanguage":"es"},{"@type":"Organization","@id":"https:\/\/booksfrommexico.com\/#organization","name":"Books From Mexico","url":"https:\/\/booksfrommexico.com\/","logo":{"@type":"ImageObject","inLanguage":"es","@id":"https:\/\/booksfrommexico.com\/#\/schema\/logo\/image\/","url":"https:\/\/booksfrommexico.com\/app\/uploads\/2023\/05\/logo-booksfrommexico.svg","contentUrl":"https:\/\/booksfrommexico.com\/app\/uploads\/2023\/05\/logo-booksfrommexico.svg","width":86,"height":56,"caption":"Books From Mexico"},"image":{"@id":"https:\/\/booksfrommexico.com\/#\/schema\/logo\/image\/"}}]}},"_links":{"self":[{"href":"https:\/\/booksfrommexico.com\/es\/wp-json\/wp\/v2\/product\/5751","targetHints":{"allow":["GET"]}}],"collection":[{"href":"https:\/\/booksfrommexico.com\/es\/wp-json\/wp\/v2\/product"}],"about":[{"href":"https:\/\/booksfrommexico.com\/es\/wp-json\/wp\/v2\/types\/product"}],"wp:featuredmedia":[{"embeddable":true,"href":"https:\/\/booksfrommexico.com\/es\/wp-json\/wp\/v2\/media\/5798"}],"wp:attachment":[{"href":"https:\/\/booksfrommexico.com\/es\/wp-json\/wp\/v2\/media?parent=5751"}],"wp:term":[{"taxonomy":"product_brand","embeddable":true,"href":"https:\/\/booksfrommexico.com\/es\/wp-json\/wp\/v2\/product_brand?post=5751"},{"taxonomy":"product_cat","embeddable":true,"href":"https:\/\/booksfrommexico.com\/es\/wp-json\/wp\/v2\/product_cat?post=5751"},{"taxonomy":"product_tag","embeddable":true,"href":"https:\/\/booksfrommexico.com\/es\/wp-json\/wp\/v2\/product_tag?post=5751"}],"curies":[{"name":"wp","href":"https:\/\/api.w.org\/{rel}","templated":true}]}}