{"id":5758,"date":"2024-04-22T18:38:51","date_gmt":"2024-04-22T18:38:51","guid":{"rendered":"https:\/\/booksfrommexico.com\/product\/no-nos-dejen-solas\/"},"modified":"2024-04-23T20:36:04","modified_gmt":"2024-04-23T20:36:04","slug":"no-nos-dejen-solas","status":"publish","type":"product","link":"https:\/\/booksfrommexico.com\/es\/producto\/no-nos-dejen-solas\/","title":{"rendered":"No nos dejen solas"},"content":{"rendered":"<p><span style=\"font-weight: 400;\">Recopilaci\u00f3n de 5 narraciones breves, entrevistas y declaraciones de las mujeres del Ej\u00e9rcito Zapatista de Liberaci\u00f3n Nacional en los primeros meses del alzamiento militar de 1994. En estos textos se muestra la situaci\u00f3n de las mujeres ind\u00edgenas en el territorio mexicano y c\u00f3mo terminan encontrando refugio y fuerza en las filas. \u201cNo nos dejen solas\u201d es el grito de Ana Mar\u00eda, Mayor de infanter\u00eda, que da junto con las dem\u00e1s mujeres del movimiento EZLN para ser escuchadas dentro y fuera de sus comunidades. Esta lucha se ha mantenido a pesar del machismo, racismo y capitalismo, reforzando entre sus integrantes la sensaci\u00f3n de pertenencia y avance hacia una sociedad m\u00e1s justa para las minor\u00edas.<\/span><\/p>\n","protected":false},"excerpt":{"rendered":"<p>NO NOS DEJEN SOLAS : 1. MUJERES ZAPATISTAS EN EL 94<b>.<\/b><span style=\"font-weight: 400;\"> \/ M\u00e9xico : Ediciones Papel Negro, 2018. 39 pages ; 21 cm.\u00a0<\/span><\/p>\n","protected":false},"featured_media":5824,"template":"","meta":{"_acf_changed":false,"inline_featured_image":false},"product_brand":[],"product_cat":[27,113],"product_tag":[4256,4254],"class_list":{"0":"post-5758","1":"product","2":"type-product","3":"status-publish","4":"has-post-thumbnail","6":"product_cat-historia","7":"product_cat-historia-social","8":"product_tag-insurgencia","9":"product_tag-zapatismo","11":"first","12":"instock","13":"featured","14":"taxable","15":"shipping-taxable","16":"purchasable","17":"product-type-simple"},"acf":[],"yoast_head":"<!-- This site is optimized with the Yoast SEO plugin v27.3 - https:\/\/yoast.com\/product\/yoast-seo-wordpress\/ -->\n<title>No nos dejen solas<\/title>\n<meta name=\"description\" content=\"NO NOS DEJEN SOLAS : 1. MUJERES ZAPATISTAS EN EL 94. (Don&#039;t leave us alone). \/ M\u00e9xico : Ediciones Papel Negro, 2018. 39 pages ; 21 cm.\" \/>\n<meta name=\"robots\" content=\"index, follow, max-snippet:-1, max-image-preview:large, max-video-preview:-1\" \/>\n<link rel=\"canonical\" href=\"https:\/\/booksfrommexico.com\/es\/producto\/no-nos-dejen-solas\/\" \/>\n<meta property=\"og:locale\" content=\"es_ES\" \/>\n<meta property=\"og:type\" content=\"article\" \/>\n<meta property=\"og:title\" content=\"No nos dejen solas\" \/>\n<meta property=\"og:description\" content=\"NO NOS DEJEN SOLAS : 1. MUJERES ZAPATISTAS EN EL 94. (Don&#039;t leave us alone). \/ M\u00e9xico : Ediciones Papel Negro, 2018. 39 pages ; 21 cm.\" \/>\n<meta property=\"og:url\" content=\"https:\/\/booksfrommexico.com\/es\/producto\/no-nos-dejen-solas\/\" \/>\n<meta property=\"og:site_name\" content=\"Books From Mexico\" \/>\n<meta property=\"article:modified_time\" content=\"2024-04-23T20:36:04+00:00\" \/>\n<meta name=\"twitter:card\" content=\"summary_large_image\" \/>\n<meta name=\"twitter:label1\" content=\"Tiempo de lectura\" \/>\n\t<meta name=\"twitter:data1\" content=\"1 minuto\" \/>\n<script type=\"application\/ld+json\" class=\"yoast-schema-graph\">{\"@context\":\"https:\\\/\\\/schema.org\",\"@graph\":[{\"@type\":\"WebPage\",\"@id\":\"https:\\\/\\\/booksfrommexico.com\\\/es\\\/producto\\\/no-nos-dejen-solas\\\/\",\"url\":\"https:\\\/\\\/booksfrommexico.com\\\/es\\\/producto\\\/no-nos-dejen-solas\\\/\",\"name\":\"No nos dejen solas\",\"isPartOf\":{\"@id\":\"https:\\\/\\\/booksfrommexico.com\\\/#website\"},\"primaryImageOfPage\":{\"@id\":\"https:\\\/\\\/booksfrommexico.com\\\/es\\\/producto\\\/no-nos-dejen-solas\\\/#primaryimage\"},\"image\":{\"@id\":\"https:\\\/\\\/booksfrommexico.com\\\/es\\\/producto\\\/no-nos-dejen-solas\\\/#primaryimage\"},\"thumbnailUrl\":\"https:\\\/\\\/booksfrommexico.com\\\/app\\\/uploads\\\/2024\\\/04\\\/184524-1.jpeg\",\"datePublished\":\"2024-04-22T18:38:51+00:00\",\"dateModified\":\"2024-04-23T20:36:04+00:00\",\"description\":\"NO NOS DEJEN SOLAS : 1. MUJERES ZAPATISTAS EN EL 94. (Don't leave us alone). \\\/ M\u00e9xico : Ediciones Papel Negro, 2018. 39 pages ; 21 cm.\",\"breadcrumb\":{\"@id\":\"https:\\\/\\\/booksfrommexico.com\\\/es\\\/producto\\\/no-nos-dejen-solas\\\/#breadcrumb\"},\"inLanguage\":\"es\",\"potentialAction\":[{\"@type\":\"ReadAction\",\"target\":[\"https:\\\/\\\/booksfrommexico.com\\\/es\\\/producto\\\/no-nos-dejen-solas\\\/\"]}]},{\"@type\":\"ImageObject\",\"inLanguage\":\"es\",\"@id\":\"https:\\\/\\\/booksfrommexico.com\\\/es\\\/producto\\\/no-nos-dejen-solas\\\/#primaryimage\",\"url\":\"https:\\\/\\\/booksfrommexico.com\\\/app\\\/uploads\\\/2024\\\/04\\\/184524-1.jpeg\",\"contentUrl\":\"https:\\\/\\\/booksfrommexico.com\\\/app\\\/uploads\\\/2024\\\/04\\\/184524-1.jpeg\",\"width\":456,\"height\":817,\"caption\":\"no nos dejen solas\"},{\"@type\":\"BreadcrumbList\",\"@id\":\"https:\\\/\\\/booksfrommexico.com\\\/es\\\/producto\\\/no-nos-dejen-solas\\\/#breadcrumb\",\"itemListElement\":[{\"@type\":\"ListItem\",\"position\":1,\"name\":\"Home\",\"item\":\"https:\\\/\\\/booksfrommexico.com\\\/es\\\/\"},{\"@type\":\"ListItem\",\"position\":2,\"name\":\"Libros\",\"item\":\"https:\\\/\\\/booksfrommexico.com\\\/es\\\/libros\\\/\"},{\"@type\":\"ListItem\",\"position\":3,\"name\":\"No nos dejen solas\"}]},{\"@type\":\"WebSite\",\"@id\":\"https:\\\/\\\/booksfrommexico.com\\\/#website\",\"url\":\"https:\\\/\\\/booksfrommexico.com\\\/\",\"name\":\"Books From Mexico\",\"description\":\"\",\"publisher\":{\"@id\":\"https:\\\/\\\/booksfrommexico.com\\\/#organization\"},\"potentialAction\":[{\"@type\":\"SearchAction\",\"target\":{\"@type\":\"EntryPoint\",\"urlTemplate\":\"https:\\\/\\\/booksfrommexico.com\\\/?s={search_term_string}\"},\"query-input\":{\"@type\":\"PropertyValueSpecification\",\"valueRequired\":true,\"valueName\":\"search_term_string\"}}],\"inLanguage\":\"es\"},{\"@type\":\"Organization\",\"@id\":\"https:\\\/\\\/booksfrommexico.com\\\/#organization\",\"name\":\"Books From Mexico\",\"url\":\"https:\\\/\\\/booksfrommexico.com\\\/\",\"logo\":{\"@type\":\"ImageObject\",\"inLanguage\":\"es\",\"@id\":\"https:\\\/\\\/booksfrommexico.com\\\/#\\\/schema\\\/logo\\\/image\\\/\",\"url\":\"https:\\\/\\\/booksfrommexico.com\\\/app\\\/uploads\\\/2023\\\/05\\\/logo-booksfrommexico.svg\",\"contentUrl\":\"https:\\\/\\\/booksfrommexico.com\\\/app\\\/uploads\\\/2023\\\/05\\\/logo-booksfrommexico.svg\",\"width\":86,\"height\":56,\"caption\":\"Books From Mexico\"},\"image\":{\"@id\":\"https:\\\/\\\/booksfrommexico.com\\\/#\\\/schema\\\/logo\\\/image\\\/\"}}]}<\/script>\n<!-- \/ Yoast SEO plugin. -->","yoast_head_json":{"title":"No nos dejen solas","description":"NO NOS DEJEN SOLAS : 1. MUJERES ZAPATISTAS EN EL 94. (Don't leave us alone). \/ M\u00e9xico : Ediciones Papel Negro, 2018. 39 pages ; 21 cm.","robots":{"index":"index","follow":"follow","max-snippet":"max-snippet:-1","max-image-preview":"max-image-preview:large","max-video-preview":"max-video-preview:-1"},"canonical":"https:\/\/booksfrommexico.com\/es\/producto\/no-nos-dejen-solas\/","og_locale":"es_ES","og_type":"article","og_title":"No nos dejen solas","og_description":"NO NOS DEJEN SOLAS : 1. MUJERES ZAPATISTAS EN EL 94. (Don't leave us alone). \/ M\u00e9xico : Ediciones Papel Negro, 2018. 39 pages ; 21 cm.","og_url":"https:\/\/booksfrommexico.com\/es\/producto\/no-nos-dejen-solas\/","og_site_name":"Books From Mexico","article_modified_time":"2024-04-23T20:36:04+00:00","twitter_card":"summary_large_image","twitter_misc":{"Tiempo de lectura":"1 minuto"},"schema":{"@context":"https:\/\/schema.org","@graph":[{"@type":"WebPage","@id":"https:\/\/booksfrommexico.com\/es\/producto\/no-nos-dejen-solas\/","url":"https:\/\/booksfrommexico.com\/es\/producto\/no-nos-dejen-solas\/","name":"No nos dejen solas","isPartOf":{"@id":"https:\/\/booksfrommexico.com\/#website"},"primaryImageOfPage":{"@id":"https:\/\/booksfrommexico.com\/es\/producto\/no-nos-dejen-solas\/#primaryimage"},"image":{"@id":"https:\/\/booksfrommexico.com\/es\/producto\/no-nos-dejen-solas\/#primaryimage"},"thumbnailUrl":"https:\/\/booksfrommexico.com\/app\/uploads\/2024\/04\/184524-1.jpeg","datePublished":"2024-04-22T18:38:51+00:00","dateModified":"2024-04-23T20:36:04+00:00","description":"NO NOS DEJEN SOLAS : 1. MUJERES ZAPATISTAS EN EL 94. (Don't leave us alone). \/ M\u00e9xico : Ediciones Papel Negro, 2018. 39 pages ; 21 cm.","breadcrumb":{"@id":"https:\/\/booksfrommexico.com\/es\/producto\/no-nos-dejen-solas\/#breadcrumb"},"inLanguage":"es","potentialAction":[{"@type":"ReadAction","target":["https:\/\/booksfrommexico.com\/es\/producto\/no-nos-dejen-solas\/"]}]},{"@type":"ImageObject","inLanguage":"es","@id":"https:\/\/booksfrommexico.com\/es\/producto\/no-nos-dejen-solas\/#primaryimage","url":"https:\/\/booksfrommexico.com\/app\/uploads\/2024\/04\/184524-1.jpeg","contentUrl":"https:\/\/booksfrommexico.com\/app\/uploads\/2024\/04\/184524-1.jpeg","width":456,"height":817,"caption":"no nos dejen solas"},{"@type":"BreadcrumbList","@id":"https:\/\/booksfrommexico.com\/es\/producto\/no-nos-dejen-solas\/#breadcrumb","itemListElement":[{"@type":"ListItem","position":1,"name":"Home","item":"https:\/\/booksfrommexico.com\/es\/"},{"@type":"ListItem","position":2,"name":"Libros","item":"https:\/\/booksfrommexico.com\/es\/libros\/"},{"@type":"ListItem","position":3,"name":"No nos dejen solas"}]},{"@type":"WebSite","@id":"https:\/\/booksfrommexico.com\/#website","url":"https:\/\/booksfrommexico.com\/","name":"Books From Mexico","description":"","publisher":{"@id":"https:\/\/booksfrommexico.com\/#organization"},"potentialAction":[{"@type":"SearchAction","target":{"@type":"EntryPoint","urlTemplate":"https:\/\/booksfrommexico.com\/?s={search_term_string}"},"query-input":{"@type":"PropertyValueSpecification","valueRequired":true,"valueName":"search_term_string"}}],"inLanguage":"es"},{"@type":"Organization","@id":"https:\/\/booksfrommexico.com\/#organization","name":"Books From Mexico","url":"https:\/\/booksfrommexico.com\/","logo":{"@type":"ImageObject","inLanguage":"es","@id":"https:\/\/booksfrommexico.com\/#\/schema\/logo\/image\/","url":"https:\/\/booksfrommexico.com\/app\/uploads\/2023\/05\/logo-booksfrommexico.svg","contentUrl":"https:\/\/booksfrommexico.com\/app\/uploads\/2023\/05\/logo-booksfrommexico.svg","width":86,"height":56,"caption":"Books From Mexico"},"image":{"@id":"https:\/\/booksfrommexico.com\/#\/schema\/logo\/image\/"}}]}},"_links":{"self":[{"href":"https:\/\/booksfrommexico.com\/es\/wp-json\/wp\/v2\/product\/5758","targetHints":{"allow":["GET"]}}],"collection":[{"href":"https:\/\/booksfrommexico.com\/es\/wp-json\/wp\/v2\/product"}],"about":[{"href":"https:\/\/booksfrommexico.com\/es\/wp-json\/wp\/v2\/types\/product"}],"wp:featuredmedia":[{"embeddable":true,"href":"https:\/\/booksfrommexico.com\/es\/wp-json\/wp\/v2\/media\/5824"}],"wp:attachment":[{"href":"https:\/\/booksfrommexico.com\/es\/wp-json\/wp\/v2\/media?parent=5758"}],"wp:term":[{"taxonomy":"product_brand","embeddable":true,"href":"https:\/\/booksfrommexico.com\/es\/wp-json\/wp\/v2\/product_brand?post=5758"},{"taxonomy":"product_cat","embeddable":true,"href":"https:\/\/booksfrommexico.com\/es\/wp-json\/wp\/v2\/product_cat?post=5758"},{"taxonomy":"product_tag","embeddable":true,"href":"https:\/\/booksfrommexico.com\/es\/wp-json\/wp\/v2\/product_tag?post=5758"}],"curies":[{"name":"wp","href":"https:\/\/api.w.org\/{rel}","templated":true}]}}