{"id":5762,"date":"2024-04-22T18:38:51","date_gmt":"2024-04-22T18:38:51","guid":{"rendered":"https:\/\/booksfrommexico.com\/product\/todos-estos-fuegos\/"},"modified":"2024-04-24T20:46:57","modified_gmt":"2024-04-24T20:46:57","slug":"todos-estos-fuegos","status":"publish","type":"product","link":"https:\/\/booksfrommexico.com\/es\/producto\/todos-estos-fuegos\/","title":{"rendered":"Todos estos fuegos"},"content":{"rendered":"<p><span style=\"font-weight: 400;\">Gina Lizeth ha dirigido diversos talleres de poes\u00eda y creaci\u00f3n literaria, participando en foros culturales y lecturas en voz alta en Puebla, as\u00ed como ha publicado otros libros de poes\u00eda. Los poemas aqu\u00ed contenidos son breves, juegan con la estructura cl\u00e1sica del poema, apostando por el verso libre y est\u00e1n acompa\u00f1ados por ilustraciones de Wichis Montiel. Usando el concepto del fuego como algo transformador, la autora lo aplica como transmutador en las emociones, aplic\u00e1ndolo a los sentimientos que experiment\u00f3 con la muerte de su padre y c\u00f3mo eso la transform\u00f3 en alguien distinta. Esta edici\u00f3n est\u00e1 impresa en papel cart\u00f3n.<\/span><\/p>\n","protected":false},"excerpt":{"rendered":"<p>TODOS ESTOS FUEGOS<span style=\"font-weight: 400;\">. \/ Gina Lizeth. Puebla, M\u00e9xico : Ediciones Aj\u00ed, 2017. 37 pages : includes illustrations ; 23 cm. (Colecci\u00f3n Chile Verde 77).<\/span><\/p>\n","protected":false},"featured_media":5800,"template":"","meta":{"_acf_changed":false,"inline_featured_image":false},"product_brand":[],"product_cat":[25,32],"product_tag":[4225,4115],"class_list":{"0":"post-5762","1":"product","2":"type-product","3":"status-publish","4":"has-post-thumbnail","6":"product_cat-literatura","7":"product_cat-poesia-literatura","8":"product_tag-mujeres-literatura","9":"product_tag-poesia-es","11":"first","12":"instock","13":"taxable","14":"shipping-taxable","15":"purchasable","16":"product-type-simple"},"acf":[],"yoast_head":"<!-- This site is optimized with the Yoast SEO plugin v27.3 - https:\/\/yoast.com\/product\/yoast-seo-wordpress\/ -->\n<title>Todos estos fuegos<\/title>\n<meta name=\"description\" content=\"TODOS ESTOS FUEGOS. \/ Gina Lizeth. Puebla, M\u00e9xico : Ediciones Aj\u00ed, 2017. 37 pages : includes illustrations ; 23 cm. (Colecci\u00f3n Chile Verde 77).\" \/>\n<meta name=\"robots\" content=\"index, follow, max-snippet:-1, max-image-preview:large, max-video-preview:-1\" \/>\n<link rel=\"canonical\" href=\"https:\/\/booksfrommexico.com\/es\/producto\/todos-estos-fuegos\/\" \/>\n<meta property=\"og:locale\" content=\"es_ES\" \/>\n<meta property=\"og:type\" content=\"article\" \/>\n<meta property=\"og:title\" content=\"Todos estos fuegos\" \/>\n<meta property=\"og:description\" content=\"TODOS ESTOS FUEGOS. \/ Gina Lizeth. Puebla, M\u00e9xico : Ediciones Aj\u00ed, 2017. 37 pages : includes illustrations ; 23 cm. (Colecci\u00f3n Chile Verde 77).\" \/>\n<meta property=\"og:url\" content=\"https:\/\/booksfrommexico.com\/es\/producto\/todos-estos-fuegos\/\" \/>\n<meta property=\"og:site_name\" content=\"Books From Mexico\" \/>\n<meta property=\"article:modified_time\" content=\"2024-04-24T20:46:57+00:00\" \/>\n<meta property=\"og:image\" content=\"http:\/\/booksfrommexico.com\/app\/uploads\/2024\/04\/186022.jpeg\" \/>\n\t<meta property=\"og:image:width\" content=\"460\" \/>\n\t<meta property=\"og:image:height\" content=\"690\" \/>\n\t<meta property=\"og:image:type\" content=\"image\/jpeg\" \/>\n<meta name=\"twitter:card\" content=\"summary_large_image\" \/>\n<meta name=\"twitter:label1\" content=\"Tiempo de lectura\" \/>\n\t<meta name=\"twitter:data1\" content=\"1 minuto\" \/>\n<script type=\"application\/ld+json\" class=\"yoast-schema-graph\">{\"@context\":\"https:\\\/\\\/schema.org\",\"@graph\":[{\"@type\":\"WebPage\",\"@id\":\"https:\\\/\\\/booksfrommexico.com\\\/es\\\/producto\\\/todos-estos-fuegos\\\/\",\"url\":\"https:\\\/\\\/booksfrommexico.com\\\/es\\\/producto\\\/todos-estos-fuegos\\\/\",\"name\":\"Todos estos fuegos\",\"isPartOf\":{\"@id\":\"https:\\\/\\\/booksfrommexico.com\\\/#website\"},\"primaryImageOfPage\":{\"@id\":\"https:\\\/\\\/booksfrommexico.com\\\/es\\\/producto\\\/todos-estos-fuegos\\\/#primaryimage\"},\"image\":{\"@id\":\"https:\\\/\\\/booksfrommexico.com\\\/es\\\/producto\\\/todos-estos-fuegos\\\/#primaryimage\"},\"thumbnailUrl\":\"https:\\\/\\\/booksfrommexico.com\\\/app\\\/uploads\\\/2024\\\/04\\\/186022.jpeg\",\"datePublished\":\"2024-04-22T18:38:51+00:00\",\"dateModified\":\"2024-04-24T20:46:57+00:00\",\"description\":\"TODOS ESTOS FUEGOS. \\\/ Gina Lizeth. Puebla, M\u00e9xico : Ediciones Aj\u00ed, 2017. 37 pages : includes illustrations ; 23 cm. (Colecci\u00f3n Chile Verde 77).\",\"breadcrumb\":{\"@id\":\"https:\\\/\\\/booksfrommexico.com\\\/es\\\/producto\\\/todos-estos-fuegos\\\/#breadcrumb\"},\"inLanguage\":\"es\",\"potentialAction\":[{\"@type\":\"ReadAction\",\"target\":[\"https:\\\/\\\/booksfrommexico.com\\\/es\\\/producto\\\/todos-estos-fuegos\\\/\"]}]},{\"@type\":\"ImageObject\",\"inLanguage\":\"es\",\"@id\":\"https:\\\/\\\/booksfrommexico.com\\\/es\\\/producto\\\/todos-estos-fuegos\\\/#primaryimage\",\"url\":\"https:\\\/\\\/booksfrommexico.com\\\/app\\\/uploads\\\/2024\\\/04\\\/186022.jpeg\",\"contentUrl\":\"https:\\\/\\\/booksfrommexico.com\\\/app\\\/uploads\\\/2024\\\/04\\\/186022.jpeg\",\"width\":460,\"height\":690,\"caption\":\"Todos estos fuegos\"},{\"@type\":\"BreadcrumbList\",\"@id\":\"https:\\\/\\\/booksfrommexico.com\\\/es\\\/producto\\\/todos-estos-fuegos\\\/#breadcrumb\",\"itemListElement\":[{\"@type\":\"ListItem\",\"position\":1,\"name\":\"Home\",\"item\":\"https:\\\/\\\/booksfrommexico.com\\\/es\\\/\"},{\"@type\":\"ListItem\",\"position\":2,\"name\":\"Libros\",\"item\":\"https:\\\/\\\/booksfrommexico.com\\\/es\\\/libros\\\/\"},{\"@type\":\"ListItem\",\"position\":3,\"name\":\"Todos estos fuegos\"}]},{\"@type\":\"WebSite\",\"@id\":\"https:\\\/\\\/booksfrommexico.com\\\/#website\",\"url\":\"https:\\\/\\\/booksfrommexico.com\\\/\",\"name\":\"Books From Mexico\",\"description\":\"\",\"publisher\":{\"@id\":\"https:\\\/\\\/booksfrommexico.com\\\/#organization\"},\"potentialAction\":[{\"@type\":\"SearchAction\",\"target\":{\"@type\":\"EntryPoint\",\"urlTemplate\":\"https:\\\/\\\/booksfrommexico.com\\\/?s={search_term_string}\"},\"query-input\":{\"@type\":\"PropertyValueSpecification\",\"valueRequired\":true,\"valueName\":\"search_term_string\"}}],\"inLanguage\":\"es\"},{\"@type\":\"Organization\",\"@id\":\"https:\\\/\\\/booksfrommexico.com\\\/#organization\",\"name\":\"Books From Mexico\",\"url\":\"https:\\\/\\\/booksfrommexico.com\\\/\",\"logo\":{\"@type\":\"ImageObject\",\"inLanguage\":\"es\",\"@id\":\"https:\\\/\\\/booksfrommexico.com\\\/#\\\/schema\\\/logo\\\/image\\\/\",\"url\":\"https:\\\/\\\/booksfrommexico.com\\\/app\\\/uploads\\\/2023\\\/05\\\/logo-booksfrommexico.svg\",\"contentUrl\":\"https:\\\/\\\/booksfrommexico.com\\\/app\\\/uploads\\\/2023\\\/05\\\/logo-booksfrommexico.svg\",\"width\":86,\"height\":56,\"caption\":\"Books From Mexico\"},\"image\":{\"@id\":\"https:\\\/\\\/booksfrommexico.com\\\/#\\\/schema\\\/logo\\\/image\\\/\"}}]}<\/script>\n<!-- \/ Yoast SEO plugin. -->","yoast_head_json":{"title":"Todos estos fuegos","description":"TODOS ESTOS FUEGOS. \/ Gina Lizeth. Puebla, M\u00e9xico : Ediciones Aj\u00ed, 2017. 37 pages : includes illustrations ; 23 cm. (Colecci\u00f3n Chile Verde 77).","robots":{"index":"index","follow":"follow","max-snippet":"max-snippet:-1","max-image-preview":"max-image-preview:large","max-video-preview":"max-video-preview:-1"},"canonical":"https:\/\/booksfrommexico.com\/es\/producto\/todos-estos-fuegos\/","og_locale":"es_ES","og_type":"article","og_title":"Todos estos fuegos","og_description":"TODOS ESTOS FUEGOS. \/ Gina Lizeth. Puebla, M\u00e9xico : Ediciones Aj\u00ed, 2017. 37 pages : includes illustrations ; 23 cm. (Colecci\u00f3n Chile Verde 77).","og_url":"https:\/\/booksfrommexico.com\/es\/producto\/todos-estos-fuegos\/","og_site_name":"Books From Mexico","article_modified_time":"2024-04-24T20:46:57+00:00","og_image":[{"width":460,"height":690,"url":"http:\/\/booksfrommexico.com\/app\/uploads\/2024\/04\/186022.jpeg","type":"image\/jpeg"}],"twitter_card":"summary_large_image","twitter_misc":{"Tiempo de lectura":"1 minuto"},"schema":{"@context":"https:\/\/schema.org","@graph":[{"@type":"WebPage","@id":"https:\/\/booksfrommexico.com\/es\/producto\/todos-estos-fuegos\/","url":"https:\/\/booksfrommexico.com\/es\/producto\/todos-estos-fuegos\/","name":"Todos estos fuegos","isPartOf":{"@id":"https:\/\/booksfrommexico.com\/#website"},"primaryImageOfPage":{"@id":"https:\/\/booksfrommexico.com\/es\/producto\/todos-estos-fuegos\/#primaryimage"},"image":{"@id":"https:\/\/booksfrommexico.com\/es\/producto\/todos-estos-fuegos\/#primaryimage"},"thumbnailUrl":"https:\/\/booksfrommexico.com\/app\/uploads\/2024\/04\/186022.jpeg","datePublished":"2024-04-22T18:38:51+00:00","dateModified":"2024-04-24T20:46:57+00:00","description":"TODOS ESTOS FUEGOS. \/ Gina Lizeth. Puebla, M\u00e9xico : Ediciones Aj\u00ed, 2017. 37 pages : includes illustrations ; 23 cm. (Colecci\u00f3n Chile Verde 77).","breadcrumb":{"@id":"https:\/\/booksfrommexico.com\/es\/producto\/todos-estos-fuegos\/#breadcrumb"},"inLanguage":"es","potentialAction":[{"@type":"ReadAction","target":["https:\/\/booksfrommexico.com\/es\/producto\/todos-estos-fuegos\/"]}]},{"@type":"ImageObject","inLanguage":"es","@id":"https:\/\/booksfrommexico.com\/es\/producto\/todos-estos-fuegos\/#primaryimage","url":"https:\/\/booksfrommexico.com\/app\/uploads\/2024\/04\/186022.jpeg","contentUrl":"https:\/\/booksfrommexico.com\/app\/uploads\/2024\/04\/186022.jpeg","width":460,"height":690,"caption":"Todos estos fuegos"},{"@type":"BreadcrumbList","@id":"https:\/\/booksfrommexico.com\/es\/producto\/todos-estos-fuegos\/#breadcrumb","itemListElement":[{"@type":"ListItem","position":1,"name":"Home","item":"https:\/\/booksfrommexico.com\/es\/"},{"@type":"ListItem","position":2,"name":"Libros","item":"https:\/\/booksfrommexico.com\/es\/libros\/"},{"@type":"ListItem","position":3,"name":"Todos estos fuegos"}]},{"@type":"WebSite","@id":"https:\/\/booksfrommexico.com\/#website","url":"https:\/\/booksfrommexico.com\/","name":"Books From Mexico","description":"","publisher":{"@id":"https:\/\/booksfrommexico.com\/#organization"},"potentialAction":[{"@type":"SearchAction","target":{"@type":"EntryPoint","urlTemplate":"https:\/\/booksfrommexico.com\/?s={search_term_string}"},"query-input":{"@type":"PropertyValueSpecification","valueRequired":true,"valueName":"search_term_string"}}],"inLanguage":"es"},{"@type":"Organization","@id":"https:\/\/booksfrommexico.com\/#organization","name":"Books From Mexico","url":"https:\/\/booksfrommexico.com\/","logo":{"@type":"ImageObject","inLanguage":"es","@id":"https:\/\/booksfrommexico.com\/#\/schema\/logo\/image\/","url":"https:\/\/booksfrommexico.com\/app\/uploads\/2023\/05\/logo-booksfrommexico.svg","contentUrl":"https:\/\/booksfrommexico.com\/app\/uploads\/2023\/05\/logo-booksfrommexico.svg","width":86,"height":56,"caption":"Books From Mexico"},"image":{"@id":"https:\/\/booksfrommexico.com\/#\/schema\/logo\/image\/"}}]}},"_links":{"self":[{"href":"https:\/\/booksfrommexico.com\/es\/wp-json\/wp\/v2\/product\/5762","targetHints":{"allow":["GET"]}}],"collection":[{"href":"https:\/\/booksfrommexico.com\/es\/wp-json\/wp\/v2\/product"}],"about":[{"href":"https:\/\/booksfrommexico.com\/es\/wp-json\/wp\/v2\/types\/product"}],"wp:featuredmedia":[{"embeddable":true,"href":"https:\/\/booksfrommexico.com\/es\/wp-json\/wp\/v2\/media\/5800"}],"wp:attachment":[{"href":"https:\/\/booksfrommexico.com\/es\/wp-json\/wp\/v2\/media?parent=5762"}],"wp:term":[{"taxonomy":"product_brand","embeddable":true,"href":"https:\/\/booksfrommexico.com\/es\/wp-json\/wp\/v2\/product_brand?post=5762"},{"taxonomy":"product_cat","embeddable":true,"href":"https:\/\/booksfrommexico.com\/es\/wp-json\/wp\/v2\/product_cat?post=5762"},{"taxonomy":"product_tag","embeddable":true,"href":"https:\/\/booksfrommexico.com\/es\/wp-json\/wp\/v2\/product_tag?post=5762"}],"curies":[{"name":"wp","href":"https:\/\/api.w.org\/{rel}","templated":true}]}}