{"id":5766,"date":"2024-04-22T18:38:51","date_gmt":"2024-04-22T18:38:51","guid":{"rendered":"https:\/\/booksfrommexico.com\/product\/transito-y-retorno-de-la-ninez-migrante\/"},"modified":"2024-07-31T22:16:33","modified_gmt":"2024-07-31T22:16:33","slug":"transito-y-retorno-de-la-ninez-migrante","status":"publish","type":"product","link":"https:\/\/booksfrommexico.com\/es\/producto\/transito-y-retorno-de-la-ninez-migrante\/","title":{"rendered":"Tr\u00e1nsito y retorno de la ni\u00f1ez migrante"},"content":{"rendered":"<p><span style=\"font-weight: 400;\">La pol\u00edtica antiinmigrante de los \u00faltimos a\u00f1os ha ocasionado inestabilidad e incertidumbre en la familia migrante, vi\u00e9ndose aumentada durante la campa\u00f1a y tras la posesi\u00f3n de Donald Trump como presidente de Estados Unidos. El regreso a su pa\u00eds de origen de cientos de miles de j\u00f3venes y ni\u00f1os es algo que ya se preve\u00eda, pero que con la llegada de la nueva administraci\u00f3n, se vuelve en algo casi obligado ante la cancelaci\u00f3n del programa de Acci\u00f3n Diferida para los Llegados en la Infancia. Los trabajos reunidos aqu\u00ed contextualizan la trama que vive la familia migrante antes y durante el mandato de Trump, y fueron recogidos en el V Encuentro, realizado en mayo 2015.\u00a0 <\/span><\/p>\n","protected":false},"excerpt":{"rendered":"<p>Tr\u00e1nsito y Retorno de La Ni\u00f1ez Migrante: Hermosillo, Sonora, M\u00e9xico: El Colegio de Sonora; Culiac\u00e1n de Rosales, Sinaloa: Universidad Aut\u00f3noma de Sinaloa, [2017]. 242 pages: illustrations; ISBN: 9786078480326 (COLSON); 6078480324 (COLSON).<\/p>\n","protected":false},"featured_media":5790,"template":"","meta":{"_acf_changed":false,"inline_featured_image":false},"product_brand":[],"product_cat":[1065,42],"product_tag":[3661,4118],"class_list":{"0":"post-5766","1":"product","2":"type-product","3":"status-publish","4":"has-post-thumbnail","6":"product_cat-condiciones-sociales-y-politicas-de-la-migracion","7":"product_cat-temas-de-inmigracion-y-migraciones-humanas","8":"product_tag-juventud","9":"product_tag-juventud-infancia","11":"first","12":"instock","13":"taxable","14":"shipping-taxable","15":"purchasable","16":"product-type-simple"},"acf":[],"yoast_head":"<!-- This site is optimized with the Yoast SEO plugin v27.3 - https:\/\/yoast.com\/product\/yoast-seo-wordpress\/ -->\n<title>Tr\u00e1nsito y retorno de la ni\u00f1ez migrante<\/title>\n<meta name=\"description\" content=\"TR\u00c1NSITO Y RETORNO DE LA NI\u00d1EZ MIGRANTE : EP\u00cdLOGO EN LA ADMINISTRACI\u00d3N TRUMP. \/ Gloria Ciria Vald\u00e9z Gardea, Ismael Garc\u00eda Castro (coordinators).\" \/>\n<meta name=\"robots\" content=\"index, follow, max-snippet:-1, max-image-preview:large, max-video-preview:-1\" \/>\n<link rel=\"canonical\" href=\"https:\/\/booksfrommexico.com\/es\/producto\/transito-y-retorno-de-la-ninez-migrante\/\" \/>\n<meta property=\"og:locale\" content=\"es_ES\" \/>\n<meta property=\"og:type\" content=\"article\" \/>\n<meta property=\"og:title\" content=\"Tr\u00e1nsito y retorno de la ni\u00f1ez migrante\" \/>\n<meta property=\"og:description\" content=\"TR\u00c1NSITO Y RETORNO DE LA NI\u00d1EZ MIGRANTE : EP\u00cdLOGO EN LA ADMINISTRACI\u00d3N TRUMP. \/ Gloria Ciria Vald\u00e9z Gardea, Ismael Garc\u00eda Castro (coordinators).\" \/>\n<meta property=\"og:url\" content=\"https:\/\/booksfrommexico.com\/es\/producto\/transito-y-retorno-de-la-ninez-migrante\/\" \/>\n<meta property=\"og:site_name\" content=\"Books From Mexico\" \/>\n<meta property=\"article:modified_time\" content=\"2024-07-31T22:16:33+00:00\" \/>\n<meta property=\"og:image\" content=\"http:\/\/booksfrommexico.com\/app\/uploads\/2024\/04\/186429.jpeg\" \/>\n\t<meta property=\"og:image:width\" content=\"398\" \/>\n\t<meta property=\"og:image:height\" content=\"623\" \/>\n\t<meta property=\"og:image:type\" content=\"image\/jpeg\" \/>\n<meta name=\"twitter:card\" content=\"summary_large_image\" \/>\n<meta name=\"twitter:label1\" content=\"Tiempo de lectura\" \/>\n\t<meta name=\"twitter:data1\" content=\"1 minuto\" \/>\n<script type=\"application\/ld+json\" class=\"yoast-schema-graph\">{\"@context\":\"https:\\\/\\\/schema.org\",\"@graph\":[{\"@type\":\"WebPage\",\"@id\":\"https:\\\/\\\/booksfrommexico.com\\\/es\\\/producto\\\/transito-y-retorno-de-la-ninez-migrante\\\/\",\"url\":\"https:\\\/\\\/booksfrommexico.com\\\/es\\\/producto\\\/transito-y-retorno-de-la-ninez-migrante\\\/\",\"name\":\"Tr\u00e1nsito y retorno de la ni\u00f1ez migrante\",\"isPartOf\":{\"@id\":\"https:\\\/\\\/booksfrommexico.com\\\/#website\"},\"primaryImageOfPage\":{\"@id\":\"https:\\\/\\\/booksfrommexico.com\\\/es\\\/producto\\\/transito-y-retorno-de-la-ninez-migrante\\\/#primaryimage\"},\"image\":{\"@id\":\"https:\\\/\\\/booksfrommexico.com\\\/es\\\/producto\\\/transito-y-retorno-de-la-ninez-migrante\\\/#primaryimage\"},\"thumbnailUrl\":\"https:\\\/\\\/booksfrommexico.com\\\/app\\\/uploads\\\/2024\\\/04\\\/186429.jpeg\",\"datePublished\":\"2024-04-22T18:38:51+00:00\",\"dateModified\":\"2024-07-31T22:16:33+00:00\",\"description\":\"TR\u00c1NSITO Y RETORNO DE LA NI\u00d1EZ MIGRANTE : EP\u00cdLOGO EN LA ADMINISTRACI\u00d3N TRUMP. \\\/ Gloria Ciria Vald\u00e9z Gardea, Ismael Garc\u00eda Castro (coordinators).\",\"breadcrumb\":{\"@id\":\"https:\\\/\\\/booksfrommexico.com\\\/es\\\/producto\\\/transito-y-retorno-de-la-ninez-migrante\\\/#breadcrumb\"},\"inLanguage\":\"es\",\"potentialAction\":[{\"@type\":\"ReadAction\",\"target\":[\"https:\\\/\\\/booksfrommexico.com\\\/es\\\/producto\\\/transito-y-retorno-de-la-ninez-migrante\\\/\"]}]},{\"@type\":\"ImageObject\",\"inLanguage\":\"es\",\"@id\":\"https:\\\/\\\/booksfrommexico.com\\\/es\\\/producto\\\/transito-y-retorno-de-la-ninez-migrante\\\/#primaryimage\",\"url\":\"https:\\\/\\\/booksfrommexico.com\\\/app\\\/uploads\\\/2024\\\/04\\\/186429.jpeg\",\"contentUrl\":\"https:\\\/\\\/booksfrommexico.com\\\/app\\\/uploads\\\/2024\\\/04\\\/186429.jpeg\",\"width\":398,\"height\":623,\"caption\":\"Tr\u00e1nsito y retorno de la ni\u00f1ez migrante\"},{\"@type\":\"BreadcrumbList\",\"@id\":\"https:\\\/\\\/booksfrommexico.com\\\/es\\\/producto\\\/transito-y-retorno-de-la-ninez-migrante\\\/#breadcrumb\",\"itemListElement\":[{\"@type\":\"ListItem\",\"position\":1,\"name\":\"Home\",\"item\":\"https:\\\/\\\/booksfrommexico.com\\\/es\\\/\"},{\"@type\":\"ListItem\",\"position\":2,\"name\":\"Libros\",\"item\":\"https:\\\/\\\/booksfrommexico.com\\\/es\\\/libros\\\/\"},{\"@type\":\"ListItem\",\"position\":3,\"name\":\"Tr\u00e1nsito y retorno de la ni\u00f1ez migrante\"}]},{\"@type\":\"WebSite\",\"@id\":\"https:\\\/\\\/booksfrommexico.com\\\/#website\",\"url\":\"https:\\\/\\\/booksfrommexico.com\\\/\",\"name\":\"Books From Mexico\",\"description\":\"\",\"publisher\":{\"@id\":\"https:\\\/\\\/booksfrommexico.com\\\/#organization\"},\"potentialAction\":[{\"@type\":\"SearchAction\",\"target\":{\"@type\":\"EntryPoint\",\"urlTemplate\":\"https:\\\/\\\/booksfrommexico.com\\\/?s={search_term_string}\"},\"query-input\":{\"@type\":\"PropertyValueSpecification\",\"valueRequired\":true,\"valueName\":\"search_term_string\"}}],\"inLanguage\":\"es\"},{\"@type\":\"Organization\",\"@id\":\"https:\\\/\\\/booksfrommexico.com\\\/#organization\",\"name\":\"Books From Mexico\",\"url\":\"https:\\\/\\\/booksfrommexico.com\\\/\",\"logo\":{\"@type\":\"ImageObject\",\"inLanguage\":\"es\",\"@id\":\"https:\\\/\\\/booksfrommexico.com\\\/#\\\/schema\\\/logo\\\/image\\\/\",\"url\":\"https:\\\/\\\/booksfrommexico.com\\\/app\\\/uploads\\\/2023\\\/05\\\/logo-booksfrommexico.svg\",\"contentUrl\":\"https:\\\/\\\/booksfrommexico.com\\\/app\\\/uploads\\\/2023\\\/05\\\/logo-booksfrommexico.svg\",\"width\":86,\"height\":56,\"caption\":\"Books From Mexico\"},\"image\":{\"@id\":\"https:\\\/\\\/booksfrommexico.com\\\/#\\\/schema\\\/logo\\\/image\\\/\"}}]}<\/script>\n<!-- \/ Yoast SEO plugin. -->","yoast_head_json":{"title":"Tr\u00e1nsito y retorno de la ni\u00f1ez migrante","description":"TR\u00c1NSITO Y RETORNO DE LA NI\u00d1EZ MIGRANTE : EP\u00cdLOGO EN LA ADMINISTRACI\u00d3N TRUMP. \/ Gloria Ciria Vald\u00e9z Gardea, Ismael Garc\u00eda Castro (coordinators).","robots":{"index":"index","follow":"follow","max-snippet":"max-snippet:-1","max-image-preview":"max-image-preview:large","max-video-preview":"max-video-preview:-1"},"canonical":"https:\/\/booksfrommexico.com\/es\/producto\/transito-y-retorno-de-la-ninez-migrante\/","og_locale":"es_ES","og_type":"article","og_title":"Tr\u00e1nsito y retorno de la ni\u00f1ez migrante","og_description":"TR\u00c1NSITO Y RETORNO DE LA NI\u00d1EZ MIGRANTE : EP\u00cdLOGO EN LA ADMINISTRACI\u00d3N TRUMP. \/ Gloria Ciria Vald\u00e9z Gardea, Ismael Garc\u00eda Castro (coordinators).","og_url":"https:\/\/booksfrommexico.com\/es\/producto\/transito-y-retorno-de-la-ninez-migrante\/","og_site_name":"Books From Mexico","article_modified_time":"2024-07-31T22:16:33+00:00","og_image":[{"width":398,"height":623,"url":"http:\/\/booksfrommexico.com\/app\/uploads\/2024\/04\/186429.jpeg","type":"image\/jpeg"}],"twitter_card":"summary_large_image","twitter_misc":{"Tiempo de lectura":"1 minuto"},"schema":{"@context":"https:\/\/schema.org","@graph":[{"@type":"WebPage","@id":"https:\/\/booksfrommexico.com\/es\/producto\/transito-y-retorno-de-la-ninez-migrante\/","url":"https:\/\/booksfrommexico.com\/es\/producto\/transito-y-retorno-de-la-ninez-migrante\/","name":"Tr\u00e1nsito y retorno de la ni\u00f1ez migrante","isPartOf":{"@id":"https:\/\/booksfrommexico.com\/#website"},"primaryImageOfPage":{"@id":"https:\/\/booksfrommexico.com\/es\/producto\/transito-y-retorno-de-la-ninez-migrante\/#primaryimage"},"image":{"@id":"https:\/\/booksfrommexico.com\/es\/producto\/transito-y-retorno-de-la-ninez-migrante\/#primaryimage"},"thumbnailUrl":"https:\/\/booksfrommexico.com\/app\/uploads\/2024\/04\/186429.jpeg","datePublished":"2024-04-22T18:38:51+00:00","dateModified":"2024-07-31T22:16:33+00:00","description":"TR\u00c1NSITO Y RETORNO DE LA NI\u00d1EZ MIGRANTE : EP\u00cdLOGO EN LA ADMINISTRACI\u00d3N TRUMP. \/ Gloria Ciria Vald\u00e9z Gardea, Ismael Garc\u00eda Castro (coordinators).","breadcrumb":{"@id":"https:\/\/booksfrommexico.com\/es\/producto\/transito-y-retorno-de-la-ninez-migrante\/#breadcrumb"},"inLanguage":"es","potentialAction":[{"@type":"ReadAction","target":["https:\/\/booksfrommexico.com\/es\/producto\/transito-y-retorno-de-la-ninez-migrante\/"]}]},{"@type":"ImageObject","inLanguage":"es","@id":"https:\/\/booksfrommexico.com\/es\/producto\/transito-y-retorno-de-la-ninez-migrante\/#primaryimage","url":"https:\/\/booksfrommexico.com\/app\/uploads\/2024\/04\/186429.jpeg","contentUrl":"https:\/\/booksfrommexico.com\/app\/uploads\/2024\/04\/186429.jpeg","width":398,"height":623,"caption":"Tr\u00e1nsito y retorno de la ni\u00f1ez migrante"},{"@type":"BreadcrumbList","@id":"https:\/\/booksfrommexico.com\/es\/producto\/transito-y-retorno-de-la-ninez-migrante\/#breadcrumb","itemListElement":[{"@type":"ListItem","position":1,"name":"Home","item":"https:\/\/booksfrommexico.com\/es\/"},{"@type":"ListItem","position":2,"name":"Libros","item":"https:\/\/booksfrommexico.com\/es\/libros\/"},{"@type":"ListItem","position":3,"name":"Tr\u00e1nsito y retorno de la ni\u00f1ez migrante"}]},{"@type":"WebSite","@id":"https:\/\/booksfrommexico.com\/#website","url":"https:\/\/booksfrommexico.com\/","name":"Books From Mexico","description":"","publisher":{"@id":"https:\/\/booksfrommexico.com\/#organization"},"potentialAction":[{"@type":"SearchAction","target":{"@type":"EntryPoint","urlTemplate":"https:\/\/booksfrommexico.com\/?s={search_term_string}"},"query-input":{"@type":"PropertyValueSpecification","valueRequired":true,"valueName":"search_term_string"}}],"inLanguage":"es"},{"@type":"Organization","@id":"https:\/\/booksfrommexico.com\/#organization","name":"Books From Mexico","url":"https:\/\/booksfrommexico.com\/","logo":{"@type":"ImageObject","inLanguage":"es","@id":"https:\/\/booksfrommexico.com\/#\/schema\/logo\/image\/","url":"https:\/\/booksfrommexico.com\/app\/uploads\/2023\/05\/logo-booksfrommexico.svg","contentUrl":"https:\/\/booksfrommexico.com\/app\/uploads\/2023\/05\/logo-booksfrommexico.svg","width":86,"height":56,"caption":"Books From Mexico"},"image":{"@id":"https:\/\/booksfrommexico.com\/#\/schema\/logo\/image\/"}}]}},"_links":{"self":[{"href":"https:\/\/booksfrommexico.com\/es\/wp-json\/wp\/v2\/product\/5766","targetHints":{"allow":["GET"]}}],"collection":[{"href":"https:\/\/booksfrommexico.com\/es\/wp-json\/wp\/v2\/product"}],"about":[{"href":"https:\/\/booksfrommexico.com\/es\/wp-json\/wp\/v2\/types\/product"}],"wp:featuredmedia":[{"embeddable":true,"href":"https:\/\/booksfrommexico.com\/es\/wp-json\/wp\/v2\/media\/5790"}],"wp:attachment":[{"href":"https:\/\/booksfrommexico.com\/es\/wp-json\/wp\/v2\/media?parent=5766"}],"wp:term":[{"taxonomy":"product_brand","embeddable":true,"href":"https:\/\/booksfrommexico.com\/es\/wp-json\/wp\/v2\/product_brand?post=5766"},{"taxonomy":"product_cat","embeddable":true,"href":"https:\/\/booksfrommexico.com\/es\/wp-json\/wp\/v2\/product_cat?post=5766"},{"taxonomy":"product_tag","embeddable":true,"href":"https:\/\/booksfrommexico.com\/es\/wp-json\/wp\/v2\/product_tag?post=5766"}],"curies":[{"name":"wp","href":"https:\/\/api.w.org\/{rel}","templated":true}]}}