{"id":5769,"date":"2024-04-22T18:38:50","date_gmt":"2024-04-22T18:38:50","guid":{"rendered":"https:\/\/booksfrommexico.com\/product\/forjando-un-nuevo-rostro\/"},"modified":"2024-05-23T01:00:46","modified_gmt":"2024-05-23T01:00:46","slug":"forjando-un-nuevo-rostro","status":"publish","type":"product","link":"https:\/\/booksfrommexico.com\/es\/producto\/forjando-un-nuevo-rostro\/","title":{"rendered":"Forjando un nuevo rostro"},"content":{"rendered":"<p><span style=\"font-weight: 400;\">Estudio realizado con el prop\u00f3sito de recordar los or\u00edgenes de la educaci\u00f3n ind\u00edgena, que en 2018 cumpli\u00f3 50 a\u00f1os de haber sido reconocida por el sistema educativo nacional debido a la especificidad de sus condiciones y por la amplitud de sus prop\u00f3sitos. En este cincuentenario se llev\u00f3 la educaci\u00f3n de los ind\u00edgenas a la castellanizaci\u00f3n y el asimilacionismo a la educaci\u00f3n biling\u00fce y bicultural primero, para pasar despu\u00e9s a la\u00a0 intercultural, logrando lo que ahora se conoce como Educaci\u00f3n biling\u00fce intercultural.\u00a0 Este logro se debe a aquellos que han logrado visibilizar la problem\u00e1tica de la educaci\u00f3n ind\u00edgena y movilizar esfuerzos de sociedad y gobierno para enfrentarse a un reto que todav\u00eda no termina.<\/span><\/p>\n","protected":false},"excerpt":{"rendered":"<p>FORJANDO UN NUEVO ROSTRO : YANCUIC IXTLACHIHUALISTLI : OR\u00cdGENES Y DESARROLLO DE LA EDUCACI\u00d3N IND\u00cdGENA EN M\u00c9XICO<span style=\"font-weight: 400;\">. \/ Natalio Hern\u00e1ndez. Ciudad de M\u00e9xico, M\u00e9xico : Plaza y Vald\u00e9s Editores, 2018. 156 pages : includes photos ; 21 cm. ISBN : 9786078624041.<\/span><\/p>\n","protected":false},"featured_media":5810,"template":"","meta":{"_acf_changed":false,"inline_featured_image":false},"product_brand":[],"product_cat":[59,60],"product_tag":[3742,4209,4118],"class_list":{"0":"post-5769","1":"product","2":"type-product","3":"status-publish","4":"has-post-thumbnail","6":"product_cat-educacion","7":"product_cat-historia-educacion","8":"product_tag-educacion-bilingue","9":"product_tag-educacion-rural","10":"product_tag-juventud-infancia","12":"first","13":"outofstock","14":"taxable","15":"shipping-taxable","16":"purchasable","17":"product-type-simple"},"acf":[],"yoast_head":"<!-- This site is optimized with the Yoast SEO plugin v27.3 - https:\/\/yoast.com\/product\/yoast-seo-wordpress\/ -->\n<title>Forjando un nuevo rostro<\/title>\n<meta name=\"description\" content=\"FORJANDO UN NUEVO ROSTRO : YANCUIC IXTLACHIHUALISTLI : OR\u00cdGENES Y DESARROLLO DE LA EDUCACI\u00d3N IND\u00cdGENA EN M\u00c9XICO. \/ Natalio Hern\u00e1ndez. 2018.\" \/>\n<meta name=\"robots\" content=\"index, follow, max-snippet:-1, max-image-preview:large, max-video-preview:-1\" \/>\n<link rel=\"canonical\" href=\"https:\/\/booksfrommexico.com\/es\/producto\/forjando-un-nuevo-rostro\/\" \/>\n<meta property=\"og:locale\" content=\"es_ES\" \/>\n<meta property=\"og:type\" content=\"article\" \/>\n<meta property=\"og:title\" content=\"Forjando un nuevo rostro\" \/>\n<meta property=\"og:description\" content=\"FORJANDO UN NUEVO ROSTRO : YANCUIC IXTLACHIHUALISTLI : OR\u00cdGENES Y DESARROLLO DE LA EDUCACI\u00d3N IND\u00cdGENA EN M\u00c9XICO. \/ Natalio Hern\u00e1ndez. 2018.\" \/>\n<meta property=\"og:url\" content=\"https:\/\/booksfrommexico.com\/es\/producto\/forjando-un-nuevo-rostro\/\" \/>\n<meta property=\"og:site_name\" content=\"Books From Mexico\" \/>\n<meta property=\"article:modified_time\" content=\"2024-05-23T01:00:46+00:00\" \/>\n<meta name=\"twitter:card\" content=\"summary_large_image\" \/>\n<meta name=\"twitter:label1\" content=\"Tiempo de lectura\" \/>\n\t<meta name=\"twitter:data1\" content=\"1 minuto\" \/>\n<script type=\"application\/ld+json\" class=\"yoast-schema-graph\">{\"@context\":\"https:\\\/\\\/schema.org\",\"@graph\":[{\"@type\":\"WebPage\",\"@id\":\"https:\\\/\\\/booksfrommexico.com\\\/es\\\/producto\\\/forjando-un-nuevo-rostro\\\/\",\"url\":\"https:\\\/\\\/booksfrommexico.com\\\/es\\\/producto\\\/forjando-un-nuevo-rostro\\\/\",\"name\":\"Forjando un nuevo rostro\",\"isPartOf\":{\"@id\":\"https:\\\/\\\/booksfrommexico.com\\\/#website\"},\"primaryImageOfPage\":{\"@id\":\"https:\\\/\\\/booksfrommexico.com\\\/es\\\/producto\\\/forjando-un-nuevo-rostro\\\/#primaryimage\"},\"image\":{\"@id\":\"https:\\\/\\\/booksfrommexico.com\\\/es\\\/producto\\\/forjando-un-nuevo-rostro\\\/#primaryimage\"},\"thumbnailUrl\":\"https:\\\/\\\/booksfrommexico.com\\\/app\\\/uploads\\\/2024\\\/04\\\/186468.jpeg\",\"datePublished\":\"2024-04-22T18:38:50+00:00\",\"dateModified\":\"2024-05-23T01:00:46+00:00\",\"description\":\"FORJANDO UN NUEVO ROSTRO : YANCUIC IXTLACHIHUALISTLI : OR\u00cdGENES Y DESARROLLO DE LA EDUCACI\u00d3N IND\u00cdGENA EN M\u00c9XICO. \\\/ Natalio Hern\u00e1ndez. 2018.\",\"breadcrumb\":{\"@id\":\"https:\\\/\\\/booksfrommexico.com\\\/es\\\/producto\\\/forjando-un-nuevo-rostro\\\/#breadcrumb\"},\"inLanguage\":\"es\",\"potentialAction\":[{\"@type\":\"ReadAction\",\"target\":[\"https:\\\/\\\/booksfrommexico.com\\\/es\\\/producto\\\/forjando-un-nuevo-rostro\\\/\"]}]},{\"@type\":\"ImageObject\",\"inLanguage\":\"es\",\"@id\":\"https:\\\/\\\/booksfrommexico.com\\\/es\\\/producto\\\/forjando-un-nuevo-rostro\\\/#primaryimage\",\"url\":\"https:\\\/\\\/booksfrommexico.com\\\/app\\\/uploads\\\/2024\\\/04\\\/186468.jpeg\",\"contentUrl\":\"https:\\\/\\\/booksfrommexico.com\\\/app\\\/uploads\\\/2024\\\/04\\\/186468.jpeg\",\"width\":385,\"height\":608,\"caption\":\"Forjando un nuevo rostro\"},{\"@type\":\"BreadcrumbList\",\"@id\":\"https:\\\/\\\/booksfrommexico.com\\\/es\\\/producto\\\/forjando-un-nuevo-rostro\\\/#breadcrumb\",\"itemListElement\":[{\"@type\":\"ListItem\",\"position\":1,\"name\":\"Home\",\"item\":\"https:\\\/\\\/booksfrommexico.com\\\/es\\\/\"},{\"@type\":\"ListItem\",\"position\":2,\"name\":\"Libros\",\"item\":\"https:\\\/\\\/booksfrommexico.com\\\/es\\\/libros\\\/\"},{\"@type\":\"ListItem\",\"position\":3,\"name\":\"Forjando un nuevo rostro\"}]},{\"@type\":\"WebSite\",\"@id\":\"https:\\\/\\\/booksfrommexico.com\\\/#website\",\"url\":\"https:\\\/\\\/booksfrommexico.com\\\/\",\"name\":\"Books From Mexico\",\"description\":\"\",\"publisher\":{\"@id\":\"https:\\\/\\\/booksfrommexico.com\\\/#organization\"},\"potentialAction\":[{\"@type\":\"SearchAction\",\"target\":{\"@type\":\"EntryPoint\",\"urlTemplate\":\"https:\\\/\\\/booksfrommexico.com\\\/?s={search_term_string}\"},\"query-input\":{\"@type\":\"PropertyValueSpecification\",\"valueRequired\":true,\"valueName\":\"search_term_string\"}}],\"inLanguage\":\"es\"},{\"@type\":\"Organization\",\"@id\":\"https:\\\/\\\/booksfrommexico.com\\\/#organization\",\"name\":\"Books From Mexico\",\"url\":\"https:\\\/\\\/booksfrommexico.com\\\/\",\"logo\":{\"@type\":\"ImageObject\",\"inLanguage\":\"es\",\"@id\":\"https:\\\/\\\/booksfrommexico.com\\\/#\\\/schema\\\/logo\\\/image\\\/\",\"url\":\"https:\\\/\\\/booksfrommexico.com\\\/app\\\/uploads\\\/2023\\\/05\\\/logo-booksfrommexico.svg\",\"contentUrl\":\"https:\\\/\\\/booksfrommexico.com\\\/app\\\/uploads\\\/2023\\\/05\\\/logo-booksfrommexico.svg\",\"width\":86,\"height\":56,\"caption\":\"Books From Mexico\"},\"image\":{\"@id\":\"https:\\\/\\\/booksfrommexico.com\\\/#\\\/schema\\\/logo\\\/image\\\/\"}}]}<\/script>\n<!-- \/ Yoast SEO plugin. -->","yoast_head_json":{"title":"Forjando un nuevo rostro","description":"FORJANDO UN NUEVO ROSTRO : YANCUIC IXTLACHIHUALISTLI : OR\u00cdGENES Y DESARROLLO DE LA EDUCACI\u00d3N IND\u00cdGENA EN M\u00c9XICO. \/ Natalio Hern\u00e1ndez. 2018.","robots":{"index":"index","follow":"follow","max-snippet":"max-snippet:-1","max-image-preview":"max-image-preview:large","max-video-preview":"max-video-preview:-1"},"canonical":"https:\/\/booksfrommexico.com\/es\/producto\/forjando-un-nuevo-rostro\/","og_locale":"es_ES","og_type":"article","og_title":"Forjando un nuevo rostro","og_description":"FORJANDO UN NUEVO ROSTRO : YANCUIC IXTLACHIHUALISTLI : OR\u00cdGENES Y DESARROLLO DE LA EDUCACI\u00d3N IND\u00cdGENA EN M\u00c9XICO. \/ Natalio Hern\u00e1ndez. 2018.","og_url":"https:\/\/booksfrommexico.com\/es\/producto\/forjando-un-nuevo-rostro\/","og_site_name":"Books From Mexico","article_modified_time":"2024-05-23T01:00:46+00:00","twitter_card":"summary_large_image","twitter_misc":{"Tiempo de lectura":"1 minuto"},"schema":{"@context":"https:\/\/schema.org","@graph":[{"@type":"WebPage","@id":"https:\/\/booksfrommexico.com\/es\/producto\/forjando-un-nuevo-rostro\/","url":"https:\/\/booksfrommexico.com\/es\/producto\/forjando-un-nuevo-rostro\/","name":"Forjando un nuevo rostro","isPartOf":{"@id":"https:\/\/booksfrommexico.com\/#website"},"primaryImageOfPage":{"@id":"https:\/\/booksfrommexico.com\/es\/producto\/forjando-un-nuevo-rostro\/#primaryimage"},"image":{"@id":"https:\/\/booksfrommexico.com\/es\/producto\/forjando-un-nuevo-rostro\/#primaryimage"},"thumbnailUrl":"https:\/\/booksfrommexico.com\/app\/uploads\/2024\/04\/186468.jpeg","datePublished":"2024-04-22T18:38:50+00:00","dateModified":"2024-05-23T01:00:46+00:00","description":"FORJANDO UN NUEVO ROSTRO : YANCUIC IXTLACHIHUALISTLI : OR\u00cdGENES Y DESARROLLO DE LA EDUCACI\u00d3N IND\u00cdGENA EN M\u00c9XICO. \/ Natalio Hern\u00e1ndez. 2018.","breadcrumb":{"@id":"https:\/\/booksfrommexico.com\/es\/producto\/forjando-un-nuevo-rostro\/#breadcrumb"},"inLanguage":"es","potentialAction":[{"@type":"ReadAction","target":["https:\/\/booksfrommexico.com\/es\/producto\/forjando-un-nuevo-rostro\/"]}]},{"@type":"ImageObject","inLanguage":"es","@id":"https:\/\/booksfrommexico.com\/es\/producto\/forjando-un-nuevo-rostro\/#primaryimage","url":"https:\/\/booksfrommexico.com\/app\/uploads\/2024\/04\/186468.jpeg","contentUrl":"https:\/\/booksfrommexico.com\/app\/uploads\/2024\/04\/186468.jpeg","width":385,"height":608,"caption":"Forjando un nuevo rostro"},{"@type":"BreadcrumbList","@id":"https:\/\/booksfrommexico.com\/es\/producto\/forjando-un-nuevo-rostro\/#breadcrumb","itemListElement":[{"@type":"ListItem","position":1,"name":"Home","item":"https:\/\/booksfrommexico.com\/es\/"},{"@type":"ListItem","position":2,"name":"Libros","item":"https:\/\/booksfrommexico.com\/es\/libros\/"},{"@type":"ListItem","position":3,"name":"Forjando un nuevo rostro"}]},{"@type":"WebSite","@id":"https:\/\/booksfrommexico.com\/#website","url":"https:\/\/booksfrommexico.com\/","name":"Books From Mexico","description":"","publisher":{"@id":"https:\/\/booksfrommexico.com\/#organization"},"potentialAction":[{"@type":"SearchAction","target":{"@type":"EntryPoint","urlTemplate":"https:\/\/booksfrommexico.com\/?s={search_term_string}"},"query-input":{"@type":"PropertyValueSpecification","valueRequired":true,"valueName":"search_term_string"}}],"inLanguage":"es"},{"@type":"Organization","@id":"https:\/\/booksfrommexico.com\/#organization","name":"Books From Mexico","url":"https:\/\/booksfrommexico.com\/","logo":{"@type":"ImageObject","inLanguage":"es","@id":"https:\/\/booksfrommexico.com\/#\/schema\/logo\/image\/","url":"https:\/\/booksfrommexico.com\/app\/uploads\/2023\/05\/logo-booksfrommexico.svg","contentUrl":"https:\/\/booksfrommexico.com\/app\/uploads\/2023\/05\/logo-booksfrommexico.svg","width":86,"height":56,"caption":"Books From Mexico"},"image":{"@id":"https:\/\/booksfrommexico.com\/#\/schema\/logo\/image\/"}}]}},"_links":{"self":[{"href":"https:\/\/booksfrommexico.com\/es\/wp-json\/wp\/v2\/product\/5769","targetHints":{"allow":["GET"]}}],"collection":[{"href":"https:\/\/booksfrommexico.com\/es\/wp-json\/wp\/v2\/product"}],"about":[{"href":"https:\/\/booksfrommexico.com\/es\/wp-json\/wp\/v2\/types\/product"}],"wp:featuredmedia":[{"embeddable":true,"href":"https:\/\/booksfrommexico.com\/es\/wp-json\/wp\/v2\/media\/5810"}],"wp:attachment":[{"href":"https:\/\/booksfrommexico.com\/es\/wp-json\/wp\/v2\/media?parent=5769"}],"wp:term":[{"taxonomy":"product_brand","embeddable":true,"href":"https:\/\/booksfrommexico.com\/es\/wp-json\/wp\/v2\/product_brand?post=5769"},{"taxonomy":"product_cat","embeddable":true,"href":"https:\/\/booksfrommexico.com\/es\/wp-json\/wp\/v2\/product_cat?post=5769"},{"taxonomy":"product_tag","embeddable":true,"href":"https:\/\/booksfrommexico.com\/es\/wp-json\/wp\/v2\/product_tag?post=5769"}],"curies":[{"name":"wp","href":"https:\/\/api.w.org\/{rel}","templated":true}]}}