{"id":577,"date":"2023-05-08T17:04:12","date_gmt":"2023-05-08T17:04:12","guid":{"rendered":"http:\/\/booksfrommexico.com\/product\/chiapas-de-la-independencia-a-la-revolucion\/"},"modified":"2024-07-30T23:32:45","modified_gmt":"2024-07-30T23:32:45","slug":"chiapas-de-la-independencia-a-la-revolucion","status":"publish","type":"product","link":"https:\/\/booksfrommexico.com\/es\/producto\/chiapas-de-la-independencia-a-la-revolucion\/","title":{"rendered":"Chiapas: De la independencia a la revoluci\u00f3n"},"content":{"rendered":"<p><span style=\"font-weight: 400;\">Despu\u00e9s de 300 a\u00f1os en los que Chiapas hab\u00eda pertenecido administrativa y jurisdiccionalmente a la Audiencia en Guatemala, en 1824 decide anexarse a la Rep\u00fablica Mexicana; es en relaci\u00f3n a este hecho que comenz\u00f3 su notoria divisi\u00f3n social. El papel de las sucesivas legislaciones que en aras del progreso econ\u00f3mico y la modernizaci\u00f3n, fueron aprobando los gobiernos estatales, tuvo varias consecuencias, que se denotan hasta la actualidad. En este recuento historiogr\u00e1fico se vuelve la mirada hacia los antecedentes cercanos de finales del siglo XVIII que conformaron la coyuntura pol\u00edtica que desencaden\u00f3 la Independencia y posteriormente la Revoluci\u00f3n.<\/span><\/p>\n","protected":false},"excerpt":{"rendered":"<p>CHIAPAS : DE LA INDEPENDENCIA A LA REVOLUCI\u00d3N<span style=\"font-weight: 400;\">. \/ Mercedes Olivera Bustamante &amp; Mar\u00eda Dolores Palomo Infante (coordinator). M\u00e9xico, D.F.: Centro de Investigaciones y Estudios Superiores en Antropolog\u00eda Social ; Tuxtla Guti\u00e9rrez, Chiapas, M\u00e9xico : Consejo de Ciencia y Tecnolog\u00eda del Estado de Chiapas, 2005. 484 pages : includes tables, photos, bibliographic references, bibliography ; 23 cm. (Publicaciones de la Casa Chata). ISBN : 9684965540. <\/span><\/p>\n","protected":false},"featured_media":576,"template":"","meta":{"_acf_changed":false,"inline_featured_image":false},"product_brand":[],"product_cat":[27,4488],"product_tag":[3700,4398,4094,4092],"class_list":{"0":"post-577","1":"product","2":"type-product","3":"status-publish","4":"has-post-thumbnail","6":"product_cat-historia","7":"product_cat-historiografia","8":"product_tag-chiapas-mexico","9":"product_tag-historia-mexico","10":"product_tag-independencia-mexicana","11":"product_tag-revolucion-mexicana","13":"first","14":"instock","15":"taxable","16":"shipping-taxable","17":"purchasable","18":"product-type-simple"},"acf":[],"yoast_head":"<!-- This site is optimized with the Yoast SEO plugin v27.3 - https:\/\/yoast.com\/product\/yoast-seo-wordpress\/ -->\n<title>Chiapas: De la independencia a la revoluci\u00f3n<\/title>\n<meta name=\"description\" content=\"CHIAPAS : DE LA INDEPENDENCIA A LA REVOLUCI\u00d3N. \/ Mercedes Olivera Bustamante, Mar\u00eda Dolores Palomo Infante (coordinators). (Publicaciones de la Casa Chata).\" \/>\n<meta name=\"robots\" content=\"index, follow, max-snippet:-1, max-image-preview:large, max-video-preview:-1\" \/>\n<link rel=\"canonical\" href=\"https:\/\/booksfrommexico.com\/es\/producto\/chiapas-de-la-independencia-a-la-revolucion\/\" \/>\n<meta property=\"og:locale\" content=\"es_ES\" \/>\n<meta property=\"og:type\" content=\"article\" \/>\n<meta property=\"og:title\" content=\"Chiapas: De la independencia a la revoluci\u00f3n\" \/>\n<meta property=\"og:description\" content=\"CHIAPAS : DE LA INDEPENDENCIA A LA REVOLUCI\u00d3N. \/ Mercedes Olivera Bustamante, Mar\u00eda Dolores Palomo Infante (coordinators). (Publicaciones de la Casa Chata).\" \/>\n<meta property=\"og:url\" content=\"https:\/\/booksfrommexico.com\/es\/producto\/chiapas-de-la-independencia-a-la-revolucion\/\" \/>\n<meta property=\"og:site_name\" content=\"Books From Mexico\" \/>\n<meta property=\"article:modified_time\" content=\"2024-07-30T23:32:45+00:00\" \/>\n<meta property=\"og:image\" content=\"http:\/\/booksfrommexico.com\/app\/uploads\/2023\/05\/129537.jpeg\" \/>\n\t<meta property=\"og:image:width\" content=\"477\" \/>\n\t<meta property=\"og:image:height\" content=\"651\" \/>\n\t<meta property=\"og:image:type\" content=\"image\/jpeg\" \/>\n<meta name=\"twitter:card\" content=\"summary_large_image\" \/>\n<meta name=\"twitter:label1\" content=\"Tiempo de lectura\" \/>\n\t<meta name=\"twitter:data1\" content=\"1 minuto\" \/>\n<script type=\"application\/ld+json\" class=\"yoast-schema-graph\">{\"@context\":\"https:\\\/\\\/schema.org\",\"@graph\":[{\"@type\":\"WebPage\",\"@id\":\"https:\\\/\\\/booksfrommexico.com\\\/es\\\/producto\\\/chiapas-de-la-independencia-a-la-revolucion\\\/\",\"url\":\"https:\\\/\\\/booksfrommexico.com\\\/es\\\/producto\\\/chiapas-de-la-independencia-a-la-revolucion\\\/\",\"name\":\"Chiapas: De la independencia a la revoluci\u00f3n\",\"isPartOf\":{\"@id\":\"https:\\\/\\\/booksfrommexico.com\\\/#website\"},\"primaryImageOfPage\":{\"@id\":\"https:\\\/\\\/booksfrommexico.com\\\/es\\\/producto\\\/chiapas-de-la-independencia-a-la-revolucion\\\/#primaryimage\"},\"image\":{\"@id\":\"https:\\\/\\\/booksfrommexico.com\\\/es\\\/producto\\\/chiapas-de-la-independencia-a-la-revolucion\\\/#primaryimage\"},\"thumbnailUrl\":\"https:\\\/\\\/booksfrommexico.com\\\/app\\\/uploads\\\/2023\\\/05\\\/129537.jpeg\",\"datePublished\":\"2023-05-08T17:04:12+00:00\",\"dateModified\":\"2024-07-30T23:32:45+00:00\",\"description\":\"CHIAPAS : DE LA INDEPENDENCIA A LA REVOLUCI\u00d3N. \\\/ Mercedes Olivera Bustamante, Mar\u00eda Dolores Palomo Infante (coordinators). (Publicaciones de la Casa Chata).\",\"breadcrumb\":{\"@id\":\"https:\\\/\\\/booksfrommexico.com\\\/es\\\/producto\\\/chiapas-de-la-independencia-a-la-revolucion\\\/#breadcrumb\"},\"inLanguage\":\"es\",\"potentialAction\":[{\"@type\":\"ReadAction\",\"target\":[\"https:\\\/\\\/booksfrommexico.com\\\/es\\\/producto\\\/chiapas-de-la-independencia-a-la-revolucion\\\/\"]}]},{\"@type\":\"ImageObject\",\"inLanguage\":\"es\",\"@id\":\"https:\\\/\\\/booksfrommexico.com\\\/es\\\/producto\\\/chiapas-de-la-independencia-a-la-revolucion\\\/#primaryimage\",\"url\":\"https:\\\/\\\/booksfrommexico.com\\\/app\\\/uploads\\\/2023\\\/05\\\/129537.jpeg\",\"contentUrl\":\"https:\\\/\\\/booksfrommexico.com\\\/app\\\/uploads\\\/2023\\\/05\\\/129537.jpeg\",\"width\":477,\"height\":651},{\"@type\":\"BreadcrumbList\",\"@id\":\"https:\\\/\\\/booksfrommexico.com\\\/es\\\/producto\\\/chiapas-de-la-independencia-a-la-revolucion\\\/#breadcrumb\",\"itemListElement\":[{\"@type\":\"ListItem\",\"position\":1,\"name\":\"Home\",\"item\":\"https:\\\/\\\/booksfrommexico.com\\\/es\\\/\"},{\"@type\":\"ListItem\",\"position\":2,\"name\":\"Libros\",\"item\":\"https:\\\/\\\/booksfrommexico.com\\\/es\\\/libros\\\/\"},{\"@type\":\"ListItem\",\"position\":3,\"name\":\"Chiapas: De la independencia a la revoluci\u00f3n\"}]},{\"@type\":\"WebSite\",\"@id\":\"https:\\\/\\\/booksfrommexico.com\\\/#website\",\"url\":\"https:\\\/\\\/booksfrommexico.com\\\/\",\"name\":\"Books From Mexico\",\"description\":\"\",\"publisher\":{\"@id\":\"https:\\\/\\\/booksfrommexico.com\\\/#organization\"},\"potentialAction\":[{\"@type\":\"SearchAction\",\"target\":{\"@type\":\"EntryPoint\",\"urlTemplate\":\"https:\\\/\\\/booksfrommexico.com\\\/?s={search_term_string}\"},\"query-input\":{\"@type\":\"PropertyValueSpecification\",\"valueRequired\":true,\"valueName\":\"search_term_string\"}}],\"inLanguage\":\"es\"},{\"@type\":\"Organization\",\"@id\":\"https:\\\/\\\/booksfrommexico.com\\\/#organization\",\"name\":\"Books From Mexico\",\"url\":\"https:\\\/\\\/booksfrommexico.com\\\/\",\"logo\":{\"@type\":\"ImageObject\",\"inLanguage\":\"es\",\"@id\":\"https:\\\/\\\/booksfrommexico.com\\\/#\\\/schema\\\/logo\\\/image\\\/\",\"url\":\"https:\\\/\\\/booksfrommexico.com\\\/app\\\/uploads\\\/2023\\\/05\\\/logo-booksfrommexico.svg\",\"contentUrl\":\"https:\\\/\\\/booksfrommexico.com\\\/app\\\/uploads\\\/2023\\\/05\\\/logo-booksfrommexico.svg\",\"width\":86,\"height\":56,\"caption\":\"Books From Mexico\"},\"image\":{\"@id\":\"https:\\\/\\\/booksfrommexico.com\\\/#\\\/schema\\\/logo\\\/image\\\/\"}}]}<\/script>\n<!-- \/ Yoast SEO plugin. -->","yoast_head_json":{"title":"Chiapas: De la independencia a la revoluci\u00f3n","description":"CHIAPAS : DE LA INDEPENDENCIA A LA REVOLUCI\u00d3N. \/ Mercedes Olivera Bustamante, Mar\u00eda Dolores Palomo Infante (coordinators). (Publicaciones de la Casa Chata).","robots":{"index":"index","follow":"follow","max-snippet":"max-snippet:-1","max-image-preview":"max-image-preview:large","max-video-preview":"max-video-preview:-1"},"canonical":"https:\/\/booksfrommexico.com\/es\/producto\/chiapas-de-la-independencia-a-la-revolucion\/","og_locale":"es_ES","og_type":"article","og_title":"Chiapas: De la independencia a la revoluci\u00f3n","og_description":"CHIAPAS : DE LA INDEPENDENCIA A LA REVOLUCI\u00d3N. \/ Mercedes Olivera Bustamante, Mar\u00eda Dolores Palomo Infante (coordinators). (Publicaciones de la Casa Chata).","og_url":"https:\/\/booksfrommexico.com\/es\/producto\/chiapas-de-la-independencia-a-la-revolucion\/","og_site_name":"Books From Mexico","article_modified_time":"2024-07-30T23:32:45+00:00","og_image":[{"width":477,"height":651,"url":"http:\/\/booksfrommexico.com\/app\/uploads\/2023\/05\/129537.jpeg","type":"image\/jpeg"}],"twitter_card":"summary_large_image","twitter_misc":{"Tiempo de lectura":"1 minuto"},"schema":{"@context":"https:\/\/schema.org","@graph":[{"@type":"WebPage","@id":"https:\/\/booksfrommexico.com\/es\/producto\/chiapas-de-la-independencia-a-la-revolucion\/","url":"https:\/\/booksfrommexico.com\/es\/producto\/chiapas-de-la-independencia-a-la-revolucion\/","name":"Chiapas: De la independencia a la revoluci\u00f3n","isPartOf":{"@id":"https:\/\/booksfrommexico.com\/#website"},"primaryImageOfPage":{"@id":"https:\/\/booksfrommexico.com\/es\/producto\/chiapas-de-la-independencia-a-la-revolucion\/#primaryimage"},"image":{"@id":"https:\/\/booksfrommexico.com\/es\/producto\/chiapas-de-la-independencia-a-la-revolucion\/#primaryimage"},"thumbnailUrl":"https:\/\/booksfrommexico.com\/app\/uploads\/2023\/05\/129537.jpeg","datePublished":"2023-05-08T17:04:12+00:00","dateModified":"2024-07-30T23:32:45+00:00","description":"CHIAPAS : DE LA INDEPENDENCIA A LA REVOLUCI\u00d3N. \/ Mercedes Olivera Bustamante, Mar\u00eda Dolores Palomo Infante (coordinators). (Publicaciones de la Casa Chata).","breadcrumb":{"@id":"https:\/\/booksfrommexico.com\/es\/producto\/chiapas-de-la-independencia-a-la-revolucion\/#breadcrumb"},"inLanguage":"es","potentialAction":[{"@type":"ReadAction","target":["https:\/\/booksfrommexico.com\/es\/producto\/chiapas-de-la-independencia-a-la-revolucion\/"]}]},{"@type":"ImageObject","inLanguage":"es","@id":"https:\/\/booksfrommexico.com\/es\/producto\/chiapas-de-la-independencia-a-la-revolucion\/#primaryimage","url":"https:\/\/booksfrommexico.com\/app\/uploads\/2023\/05\/129537.jpeg","contentUrl":"https:\/\/booksfrommexico.com\/app\/uploads\/2023\/05\/129537.jpeg","width":477,"height":651},{"@type":"BreadcrumbList","@id":"https:\/\/booksfrommexico.com\/es\/producto\/chiapas-de-la-independencia-a-la-revolucion\/#breadcrumb","itemListElement":[{"@type":"ListItem","position":1,"name":"Home","item":"https:\/\/booksfrommexico.com\/es\/"},{"@type":"ListItem","position":2,"name":"Libros","item":"https:\/\/booksfrommexico.com\/es\/libros\/"},{"@type":"ListItem","position":3,"name":"Chiapas: De la independencia a la revoluci\u00f3n"}]},{"@type":"WebSite","@id":"https:\/\/booksfrommexico.com\/#website","url":"https:\/\/booksfrommexico.com\/","name":"Books From Mexico","description":"","publisher":{"@id":"https:\/\/booksfrommexico.com\/#organization"},"potentialAction":[{"@type":"SearchAction","target":{"@type":"EntryPoint","urlTemplate":"https:\/\/booksfrommexico.com\/?s={search_term_string}"},"query-input":{"@type":"PropertyValueSpecification","valueRequired":true,"valueName":"search_term_string"}}],"inLanguage":"es"},{"@type":"Organization","@id":"https:\/\/booksfrommexico.com\/#organization","name":"Books From Mexico","url":"https:\/\/booksfrommexico.com\/","logo":{"@type":"ImageObject","inLanguage":"es","@id":"https:\/\/booksfrommexico.com\/#\/schema\/logo\/image\/","url":"https:\/\/booksfrommexico.com\/app\/uploads\/2023\/05\/logo-booksfrommexico.svg","contentUrl":"https:\/\/booksfrommexico.com\/app\/uploads\/2023\/05\/logo-booksfrommexico.svg","width":86,"height":56,"caption":"Books From Mexico"},"image":{"@id":"https:\/\/booksfrommexico.com\/#\/schema\/logo\/image\/"}}]}},"_links":{"self":[{"href":"https:\/\/booksfrommexico.com\/es\/wp-json\/wp\/v2\/product\/577","targetHints":{"allow":["GET"]}}],"collection":[{"href":"https:\/\/booksfrommexico.com\/es\/wp-json\/wp\/v2\/product"}],"about":[{"href":"https:\/\/booksfrommexico.com\/es\/wp-json\/wp\/v2\/types\/product"}],"wp:featuredmedia":[{"embeddable":true,"href":"https:\/\/booksfrommexico.com\/es\/wp-json\/wp\/v2\/media\/576"}],"wp:attachment":[{"href":"https:\/\/booksfrommexico.com\/es\/wp-json\/wp\/v2\/media?parent=577"}],"wp:term":[{"taxonomy":"product_brand","embeddable":true,"href":"https:\/\/booksfrommexico.com\/es\/wp-json\/wp\/v2\/product_brand?post=577"},{"taxonomy":"product_cat","embeddable":true,"href":"https:\/\/booksfrommexico.com\/es\/wp-json\/wp\/v2\/product_cat?post=577"},{"taxonomy":"product_tag","embeddable":true,"href":"https:\/\/booksfrommexico.com\/es\/wp-json\/wp\/v2\/product_tag?post=577"}],"curies":[{"name":"wp","href":"https:\/\/api.w.org\/{rel}","templated":true}]}}