{"id":5772,"date":"2024-04-22T18:38:51","date_gmt":"2024-04-22T18:38:51","guid":{"rendered":"https:\/\/booksfrommexico.com\/product\/memoria-en-pie-1968-2018\/"},"modified":"2024-05-31T18:00:51","modified_gmt":"2024-05-31T18:00:51","slug":"memoria-en-pie-1968-2018","status":"publish","type":"product","link":"https:\/\/booksfrommexico.com\/es\/producto\/memoria-en-pie-1968-2018\/","title":{"rendered":"Memoria en Pie 1968-2018"},"content":{"rendered":"<p><span style=\"font-weight: 400;\">1968 fue un a\u00f1o lleno de movimientos sociales a lo largo del mundo, teniendo un desenlace tr\u00e1gico en M\u00e9xico el 2 de octubre con el asesinato de los estudiantes en Tlatelolco. Este t\u00edtulo narra\u00a0 todo lo sucedido desde entonces en el arte y la cultura, invitando a los lectores j\u00f3venes a conocer la historia pol\u00edtica en M\u00e9xico, contada a trav\u00e9s de declaraciones de los artistas sucesores del movimiento de 1968. En el mismo sentido, funciona como un testimonio visual de las luchas sociales que han continuado y\u00a0 que fueron la respuesta a los actos de represi\u00f3n, recopilando fotograf\u00edas, pintura, caricatura, literatura, cine y m\u00fasica.<\/span><\/p>\n","protected":false},"excerpt":{"rendered":"<p>MEMORIA EN PIE 1968-2018 : 50 A\u00d1OS DE RESISTENCIA ART\u00cdSTICA, CR\u00cdTICA, INDEPENDIENTE Y POPULAR.<span style=\"font-weight: 400;\"> \/ Astrid Velasco, Leonel Sagah\u00f3n y Valeria Guzm\u00e1n (coordinators). M\u00e9xico, D.F. : Productora de Contenidos Culturales ; Secretar\u00eda de Cultura ; Editorial Tintable, 2018. 239 pages : includes color photos, bibliography, 2 CD\u2019s ; 27 cm. (Colecci\u00f3n Ojo al Gato). ISBN : 9786078346349 (Productora de Contenidos Culturales, volumen) ; 6078346342 (Productora de Contenidos Culturales, collection) ; 9786077459125 (Secretar\u00eda de Cultura).<\/span><\/p>\n","protected":false},"featured_media":5802,"template":"","meta":{"_acf_changed":false,"inline_featured_image":false},"product_brand":[],"product_cat":[790,4267,441],"product_tag":[4044,4398,4269],"class_list":{"0":"post-5772","1":"product","2":"type-product","3":"status-publish","4":"has-post-thumbnail","6":"product_cat-arte-y-sociedad-arte","7":"product_cat-historia-del-arte","8":"product_cat-movimientos-sociales-sociologia","9":"product_tag-arte","10":"product_tag-historia-mexico","11":"product_tag-movimiento-de-1968","13":"first","14":"instock","15":"taxable","16":"shipping-taxable","17":"purchasable","18":"product-type-simple"},"acf":[],"yoast_head":"<!-- This site is optimized with the Yoast SEO plugin v27.3 - https:\/\/yoast.com\/product\/yoast-seo-wordpress\/ -->\n<title>Memoria en pie 1968-2018<\/title>\n<meta name=\"description\" content=\"MEMORIA EN PIE 1968-2018 : 50 A\u00d1OS DE RESISTENCIA ART\u00cdSTICA, CR\u00cdTICA, INDEPENDIENTE Y POPULAR. \/ Astrid Velasco, Leonel Sagah\u00f3n y Valeria Guzm\u00e1n.\" \/>\n<meta name=\"robots\" content=\"index, follow, max-snippet:-1, max-image-preview:large, max-video-preview:-1\" \/>\n<link rel=\"canonical\" href=\"https:\/\/booksfrommexico.com\/es\/producto\/memoria-en-pie-1968-2018\/\" \/>\n<meta property=\"og:locale\" content=\"es_ES\" \/>\n<meta property=\"og:type\" content=\"article\" \/>\n<meta property=\"og:title\" content=\"Memoria en pie 1968-2018\" \/>\n<meta property=\"og:description\" content=\"MEMORIA EN PIE 1968-2018 : 50 A\u00d1OS DE RESISTENCIA ART\u00cdSTICA, CR\u00cdTICA, INDEPENDIENTE Y POPULAR. \/ Astrid Velasco, Leonel Sagah\u00f3n y Valeria Guzm\u00e1n.\" \/>\n<meta property=\"og:url\" content=\"https:\/\/booksfrommexico.com\/es\/producto\/memoria-en-pie-1968-2018\/\" \/>\n<meta property=\"og:site_name\" content=\"Books From Mexico\" \/>\n<meta property=\"article:modified_time\" content=\"2024-05-31T18:00:51+00:00\" \/>\n<meta property=\"og:image\" content=\"http:\/\/booksfrommexico.com\/app\/uploads\/2024\/04\/187345.jpeg\" \/>\n\t<meta property=\"og:image:width\" content=\"605\" \/>\n\t<meta property=\"og:image:height\" content=\"774\" \/>\n\t<meta property=\"og:image:type\" content=\"image\/jpeg\" \/>\n<meta name=\"twitter:card\" content=\"summary_large_image\" \/>\n<meta name=\"twitter:label1\" content=\"Tiempo de lectura\" \/>\n\t<meta name=\"twitter:data1\" content=\"1 minuto\" \/>\n<script type=\"application\/ld+json\" class=\"yoast-schema-graph\">{\"@context\":\"https:\\\/\\\/schema.org\",\"@graph\":[{\"@type\":\"WebPage\",\"@id\":\"https:\\\/\\\/booksfrommexico.com\\\/es\\\/producto\\\/memoria-en-pie-1968-2018\\\/\",\"url\":\"https:\\\/\\\/booksfrommexico.com\\\/es\\\/producto\\\/memoria-en-pie-1968-2018\\\/\",\"name\":\"Memoria en pie 1968-2018\",\"isPartOf\":{\"@id\":\"https:\\\/\\\/booksfrommexico.com\\\/#website\"},\"primaryImageOfPage\":{\"@id\":\"https:\\\/\\\/booksfrommexico.com\\\/es\\\/producto\\\/memoria-en-pie-1968-2018\\\/#primaryimage\"},\"image\":{\"@id\":\"https:\\\/\\\/booksfrommexico.com\\\/es\\\/producto\\\/memoria-en-pie-1968-2018\\\/#primaryimage\"},\"thumbnailUrl\":\"https:\\\/\\\/booksfrommexico.com\\\/app\\\/uploads\\\/2024\\\/04\\\/187345.jpeg\",\"datePublished\":\"2024-04-22T18:38:51+00:00\",\"dateModified\":\"2024-05-31T18:00:51+00:00\",\"description\":\"MEMORIA EN PIE 1968-2018 : 50 A\u00d1OS DE RESISTENCIA ART\u00cdSTICA, CR\u00cdTICA, INDEPENDIENTE Y POPULAR. \\\/ Astrid Velasco, Leonel Sagah\u00f3n y Valeria Guzm\u00e1n.\",\"breadcrumb\":{\"@id\":\"https:\\\/\\\/booksfrommexico.com\\\/es\\\/producto\\\/memoria-en-pie-1968-2018\\\/#breadcrumb\"},\"inLanguage\":\"es\",\"potentialAction\":[{\"@type\":\"ReadAction\",\"target\":[\"https:\\\/\\\/booksfrommexico.com\\\/es\\\/producto\\\/memoria-en-pie-1968-2018\\\/\"]}]},{\"@type\":\"ImageObject\",\"inLanguage\":\"es\",\"@id\":\"https:\\\/\\\/booksfrommexico.com\\\/es\\\/producto\\\/memoria-en-pie-1968-2018\\\/#primaryimage\",\"url\":\"https:\\\/\\\/booksfrommexico.com\\\/app\\\/uploads\\\/2024\\\/04\\\/187345.jpeg\",\"contentUrl\":\"https:\\\/\\\/booksfrommexico.com\\\/app\\\/uploads\\\/2024\\\/04\\\/187345.jpeg\",\"width\":605,\"height\":774,\"caption\":\"Memoria en pie\"},{\"@type\":\"BreadcrumbList\",\"@id\":\"https:\\\/\\\/booksfrommexico.com\\\/es\\\/producto\\\/memoria-en-pie-1968-2018\\\/#breadcrumb\",\"itemListElement\":[{\"@type\":\"ListItem\",\"position\":1,\"name\":\"Home\",\"item\":\"https:\\\/\\\/booksfrommexico.com\\\/es\\\/\"},{\"@type\":\"ListItem\",\"position\":2,\"name\":\"Libros\",\"item\":\"https:\\\/\\\/booksfrommexico.com\\\/es\\\/libros\\\/\"},{\"@type\":\"ListItem\",\"position\":3,\"name\":\"Memoria en Pie 1968-2018\"}]},{\"@type\":\"WebSite\",\"@id\":\"https:\\\/\\\/booksfrommexico.com\\\/#website\",\"url\":\"https:\\\/\\\/booksfrommexico.com\\\/\",\"name\":\"Books From Mexico\",\"description\":\"\",\"publisher\":{\"@id\":\"https:\\\/\\\/booksfrommexico.com\\\/#organization\"},\"potentialAction\":[{\"@type\":\"SearchAction\",\"target\":{\"@type\":\"EntryPoint\",\"urlTemplate\":\"https:\\\/\\\/booksfrommexico.com\\\/?s={search_term_string}\"},\"query-input\":{\"@type\":\"PropertyValueSpecification\",\"valueRequired\":true,\"valueName\":\"search_term_string\"}}],\"inLanguage\":\"es\"},{\"@type\":\"Organization\",\"@id\":\"https:\\\/\\\/booksfrommexico.com\\\/#organization\",\"name\":\"Books From Mexico\",\"url\":\"https:\\\/\\\/booksfrommexico.com\\\/\",\"logo\":{\"@type\":\"ImageObject\",\"inLanguage\":\"es\",\"@id\":\"https:\\\/\\\/booksfrommexico.com\\\/#\\\/schema\\\/logo\\\/image\\\/\",\"url\":\"https:\\\/\\\/booksfrommexico.com\\\/app\\\/uploads\\\/2023\\\/05\\\/logo-booksfrommexico.svg\",\"contentUrl\":\"https:\\\/\\\/booksfrommexico.com\\\/app\\\/uploads\\\/2023\\\/05\\\/logo-booksfrommexico.svg\",\"width\":86,\"height\":56,\"caption\":\"Books From Mexico\"},\"image\":{\"@id\":\"https:\\\/\\\/booksfrommexico.com\\\/#\\\/schema\\\/logo\\\/image\\\/\"}}]}<\/script>\n<!-- \/ Yoast SEO plugin. -->","yoast_head_json":{"title":"Memoria en pie 1968-2018","description":"MEMORIA EN PIE 1968-2018 : 50 A\u00d1OS DE RESISTENCIA ART\u00cdSTICA, CR\u00cdTICA, INDEPENDIENTE Y POPULAR. \/ Astrid Velasco, Leonel Sagah\u00f3n y Valeria Guzm\u00e1n.","robots":{"index":"index","follow":"follow","max-snippet":"max-snippet:-1","max-image-preview":"max-image-preview:large","max-video-preview":"max-video-preview:-1"},"canonical":"https:\/\/booksfrommexico.com\/es\/producto\/memoria-en-pie-1968-2018\/","og_locale":"es_ES","og_type":"article","og_title":"Memoria en pie 1968-2018","og_description":"MEMORIA EN PIE 1968-2018 : 50 A\u00d1OS DE RESISTENCIA ART\u00cdSTICA, CR\u00cdTICA, INDEPENDIENTE Y POPULAR. \/ Astrid Velasco, Leonel Sagah\u00f3n y Valeria Guzm\u00e1n.","og_url":"https:\/\/booksfrommexico.com\/es\/producto\/memoria-en-pie-1968-2018\/","og_site_name":"Books From Mexico","article_modified_time":"2024-05-31T18:00:51+00:00","og_image":[{"width":605,"height":774,"url":"http:\/\/booksfrommexico.com\/app\/uploads\/2024\/04\/187345.jpeg","type":"image\/jpeg"}],"twitter_card":"summary_large_image","twitter_misc":{"Tiempo de lectura":"1 minuto"},"schema":{"@context":"https:\/\/schema.org","@graph":[{"@type":"WebPage","@id":"https:\/\/booksfrommexico.com\/es\/producto\/memoria-en-pie-1968-2018\/","url":"https:\/\/booksfrommexico.com\/es\/producto\/memoria-en-pie-1968-2018\/","name":"Memoria en pie 1968-2018","isPartOf":{"@id":"https:\/\/booksfrommexico.com\/#website"},"primaryImageOfPage":{"@id":"https:\/\/booksfrommexico.com\/es\/producto\/memoria-en-pie-1968-2018\/#primaryimage"},"image":{"@id":"https:\/\/booksfrommexico.com\/es\/producto\/memoria-en-pie-1968-2018\/#primaryimage"},"thumbnailUrl":"https:\/\/booksfrommexico.com\/app\/uploads\/2024\/04\/187345.jpeg","datePublished":"2024-04-22T18:38:51+00:00","dateModified":"2024-05-31T18:00:51+00:00","description":"MEMORIA EN PIE 1968-2018 : 50 A\u00d1OS DE RESISTENCIA ART\u00cdSTICA, CR\u00cdTICA, INDEPENDIENTE Y POPULAR. \/ Astrid Velasco, Leonel Sagah\u00f3n y Valeria Guzm\u00e1n.","breadcrumb":{"@id":"https:\/\/booksfrommexico.com\/es\/producto\/memoria-en-pie-1968-2018\/#breadcrumb"},"inLanguage":"es","potentialAction":[{"@type":"ReadAction","target":["https:\/\/booksfrommexico.com\/es\/producto\/memoria-en-pie-1968-2018\/"]}]},{"@type":"ImageObject","inLanguage":"es","@id":"https:\/\/booksfrommexico.com\/es\/producto\/memoria-en-pie-1968-2018\/#primaryimage","url":"https:\/\/booksfrommexico.com\/app\/uploads\/2024\/04\/187345.jpeg","contentUrl":"https:\/\/booksfrommexico.com\/app\/uploads\/2024\/04\/187345.jpeg","width":605,"height":774,"caption":"Memoria en pie"},{"@type":"BreadcrumbList","@id":"https:\/\/booksfrommexico.com\/es\/producto\/memoria-en-pie-1968-2018\/#breadcrumb","itemListElement":[{"@type":"ListItem","position":1,"name":"Home","item":"https:\/\/booksfrommexico.com\/es\/"},{"@type":"ListItem","position":2,"name":"Libros","item":"https:\/\/booksfrommexico.com\/es\/libros\/"},{"@type":"ListItem","position":3,"name":"Memoria en Pie 1968-2018"}]},{"@type":"WebSite","@id":"https:\/\/booksfrommexico.com\/#website","url":"https:\/\/booksfrommexico.com\/","name":"Books From Mexico","description":"","publisher":{"@id":"https:\/\/booksfrommexico.com\/#organization"},"potentialAction":[{"@type":"SearchAction","target":{"@type":"EntryPoint","urlTemplate":"https:\/\/booksfrommexico.com\/?s={search_term_string}"},"query-input":{"@type":"PropertyValueSpecification","valueRequired":true,"valueName":"search_term_string"}}],"inLanguage":"es"},{"@type":"Organization","@id":"https:\/\/booksfrommexico.com\/#organization","name":"Books From Mexico","url":"https:\/\/booksfrommexico.com\/","logo":{"@type":"ImageObject","inLanguage":"es","@id":"https:\/\/booksfrommexico.com\/#\/schema\/logo\/image\/","url":"https:\/\/booksfrommexico.com\/app\/uploads\/2023\/05\/logo-booksfrommexico.svg","contentUrl":"https:\/\/booksfrommexico.com\/app\/uploads\/2023\/05\/logo-booksfrommexico.svg","width":86,"height":56,"caption":"Books From Mexico"},"image":{"@id":"https:\/\/booksfrommexico.com\/#\/schema\/logo\/image\/"}}]}},"_links":{"self":[{"href":"https:\/\/booksfrommexico.com\/es\/wp-json\/wp\/v2\/product\/5772","targetHints":{"allow":["GET"]}}],"collection":[{"href":"https:\/\/booksfrommexico.com\/es\/wp-json\/wp\/v2\/product"}],"about":[{"href":"https:\/\/booksfrommexico.com\/es\/wp-json\/wp\/v2\/types\/product"}],"wp:featuredmedia":[{"embeddable":true,"href":"https:\/\/booksfrommexico.com\/es\/wp-json\/wp\/v2\/media\/5802"}],"wp:attachment":[{"href":"https:\/\/booksfrommexico.com\/es\/wp-json\/wp\/v2\/media?parent=5772"}],"wp:term":[{"taxonomy":"product_brand","embeddable":true,"href":"https:\/\/booksfrommexico.com\/es\/wp-json\/wp\/v2\/product_brand?post=5772"},{"taxonomy":"product_cat","embeddable":true,"href":"https:\/\/booksfrommexico.com\/es\/wp-json\/wp\/v2\/product_cat?post=5772"},{"taxonomy":"product_tag","embeddable":true,"href":"https:\/\/booksfrommexico.com\/es\/wp-json\/wp\/v2\/product_tag?post=5772"}],"curies":[{"name":"wp","href":"https:\/\/api.w.org\/{rel}","templated":true}]}}