{"id":5774,"date":"2024-04-22T18:38:50","date_gmt":"2024-04-22T18:38:50","guid":{"rendered":"https:\/\/booksfrommexico.com\/product\/el-compositor-mexicano-ricardo-castro-1864-1907\/"},"modified":"2024-04-23T22:13:42","modified_gmt":"2024-04-23T22:13:42","slug":"el-compositor-mexicano-ricardo-castro-1864-1907","status":"publish","type":"product","link":"https:\/\/booksfrommexico.com\/es\/producto\/el-compositor-mexicano-ricardo-castro-1864-1907\/","title":{"rendered":"El Compositor Mexicano Ricardo Castro (1864-1907)"},"content":{"rendered":"<p><span style=\"font-weight: 400;\">La recuperaci\u00f3n del patrimonio musical es una necesidad urgente para el conocimiento de la realidad sonora de la historia en M\u00e9xico. Distintas circunstancias de tipo hist\u00f3rico, pol\u00edtico, est\u00e9tico y cultural han hecho que obras maestras de la m\u00fasica hayan quedado olvidadas o postergadas. Ricardo Castro fue uno de los autores m\u00e1s relevantes de la historia de la m\u00fasica mexicana, sin el cual ser\u00eda imposible entender la trayectoria musical de M\u00e9xico durante el Porfiriato. Esta investigaci\u00f3n abandona lo anecd\u00f3tico para aportar reflexiones sobre el m\u00fasico (como objeto de estudio), los factores que incidieron en su producci\u00f3n musical y el contexto sociocultural de la \u00e9poca.<\/span><\/p>\n","protected":false},"excerpt":{"rendered":"<p>EL COMPOSITOR MEXICANO RICARDO CASTRO (1864-1907) : VIDA Y OBRA.<span style=\"font-weight: 400;\"> \/ Rogelio \u00c1lvarez Meneses. Colima, M\u00e9xico : Universidad de Colima, 2018. 601 pages : includes photos, tables, sheet music, bibliography ; 28 cm. (Serie Umbrales y Vestigios). ISBN : 9786078549108. <\/span><\/p>\n","protected":false},"featured_media":5788,"template":"","meta":{"_acf_changed":false,"inline_featured_image":false},"product_brand":[],"product_cat":[645,325],"product_tag":[4274,3922,4272,4151],"class_list":{"0":"post-5774","1":"product","2":"type-product","3":"status-publish","4":"has-post-thumbnail","6":"product_cat-biografias-de-musicos-y-compositores","7":"product_cat-musica","8":"product_tag-compositores","9":"product_tag-musica","10":"product_tag-musicos-mexicanos","11":"product_tag-porfiriato","13":"first","14":"instock","15":"taxable","16":"shipping-taxable","17":"purchasable","18":"product-type-simple"},"acf":[],"yoast_head":"<!-- This site is optimized with the Yoast SEO plugin v27.3 - https:\/\/yoast.com\/product\/yoast-seo-wordpress\/ -->\n<title>El Compositor Mexicano Ricardo Castro (1864-1907)<\/title>\n<meta name=\"description\" content=\"EL COMPOSITOR MEXICANO RICARDO CASTRO (1864-1907) : VIDA Y OBRA. \/ Rogelio \u00c1lvarez Meneses. Colima, M\u00e9xico : Universidad de Colima, 2018.\" \/>\n<meta name=\"robots\" content=\"index, follow, max-snippet:-1, max-image-preview:large, max-video-preview:-1\" \/>\n<link rel=\"canonical\" href=\"https:\/\/booksfrommexico.com\/es\/producto\/el-compositor-mexicano-ricardo-castro-1864-1907\/\" \/>\n<meta property=\"og:locale\" content=\"es_ES\" \/>\n<meta property=\"og:type\" content=\"article\" \/>\n<meta property=\"og:title\" content=\"El Compositor Mexicano Ricardo Castro (1864-1907)\" \/>\n<meta property=\"og:description\" content=\"EL COMPOSITOR MEXICANO RICARDO CASTRO (1864-1907) : VIDA Y OBRA. \/ Rogelio \u00c1lvarez Meneses. Colima, M\u00e9xico : Universidad de Colima, 2018.\" \/>\n<meta property=\"og:url\" content=\"https:\/\/booksfrommexico.com\/es\/producto\/el-compositor-mexicano-ricardo-castro-1864-1907\/\" \/>\n<meta property=\"og:site_name\" content=\"Books From Mexico\" \/>\n<meta property=\"article:modified_time\" content=\"2024-04-23T22:13:42+00:00\" \/>\n<meta name=\"twitter:card\" content=\"summary_large_image\" \/>\n<meta name=\"twitter:label1\" content=\"Tiempo de lectura\" \/>\n\t<meta name=\"twitter:data1\" content=\"1 minuto\" \/>\n<script type=\"application\/ld+json\" class=\"yoast-schema-graph\">{\"@context\":\"https:\\\/\\\/schema.org\",\"@graph\":[{\"@type\":\"WebPage\",\"@id\":\"https:\\\/\\\/booksfrommexico.com\\\/es\\\/producto\\\/el-compositor-mexicano-ricardo-castro-1864-1907\\\/\",\"url\":\"https:\\\/\\\/booksfrommexico.com\\\/es\\\/producto\\\/el-compositor-mexicano-ricardo-castro-1864-1907\\\/\",\"name\":\"El Compositor Mexicano Ricardo Castro (1864-1907)\",\"isPartOf\":{\"@id\":\"https:\\\/\\\/booksfrommexico.com\\\/#website\"},\"primaryImageOfPage\":{\"@id\":\"https:\\\/\\\/booksfrommexico.com\\\/es\\\/producto\\\/el-compositor-mexicano-ricardo-castro-1864-1907\\\/#primaryimage\"},\"image\":{\"@id\":\"https:\\\/\\\/booksfrommexico.com\\\/es\\\/producto\\\/el-compositor-mexicano-ricardo-castro-1864-1907\\\/#primaryimage\"},\"thumbnailUrl\":\"https:\\\/\\\/booksfrommexico.com\\\/app\\\/uploads\\\/2024\\\/04\\\/188031.jpeg\",\"datePublished\":\"2024-04-22T18:38:50+00:00\",\"dateModified\":\"2024-04-23T22:13:42+00:00\",\"description\":\"EL COMPOSITOR MEXICANO RICARDO CASTRO (1864-1907) : VIDA Y OBRA. \\\/ Rogelio \u00c1lvarez Meneses. Colima, M\u00e9xico : Universidad de Colima, 2018.\",\"breadcrumb\":{\"@id\":\"https:\\\/\\\/booksfrommexico.com\\\/es\\\/producto\\\/el-compositor-mexicano-ricardo-castro-1864-1907\\\/#breadcrumb\"},\"inLanguage\":\"es\",\"potentialAction\":[{\"@type\":\"ReadAction\",\"target\":[\"https:\\\/\\\/booksfrommexico.com\\\/es\\\/producto\\\/el-compositor-mexicano-ricardo-castro-1864-1907\\\/\"]}]},{\"@type\":\"ImageObject\",\"inLanguage\":\"es\",\"@id\":\"https:\\\/\\\/booksfrommexico.com\\\/es\\\/producto\\\/el-compositor-mexicano-ricardo-castro-1864-1907\\\/#primaryimage\",\"url\":\"https:\\\/\\\/booksfrommexico.com\\\/app\\\/uploads\\\/2024\\\/04\\\/188031.jpeg\",\"contentUrl\":\"https:\\\/\\\/booksfrommexico.com\\\/app\\\/uploads\\\/2024\\\/04\\\/188031.jpeg\",\"width\":620,\"height\":810},{\"@type\":\"BreadcrumbList\",\"@id\":\"https:\\\/\\\/booksfrommexico.com\\\/es\\\/producto\\\/el-compositor-mexicano-ricardo-castro-1864-1907\\\/#breadcrumb\",\"itemListElement\":[{\"@type\":\"ListItem\",\"position\":1,\"name\":\"Home\",\"item\":\"https:\\\/\\\/booksfrommexico.com\\\/es\\\/\"},{\"@type\":\"ListItem\",\"position\":2,\"name\":\"Libros\",\"item\":\"https:\\\/\\\/booksfrommexico.com\\\/es\\\/libros\\\/\"},{\"@type\":\"ListItem\",\"position\":3,\"name\":\"El Compositor Mexicano Ricardo Castro (1864-1907)\"}]},{\"@type\":\"WebSite\",\"@id\":\"https:\\\/\\\/booksfrommexico.com\\\/#website\",\"url\":\"https:\\\/\\\/booksfrommexico.com\\\/\",\"name\":\"Books From Mexico\",\"description\":\"\",\"publisher\":{\"@id\":\"https:\\\/\\\/booksfrommexico.com\\\/#organization\"},\"potentialAction\":[{\"@type\":\"SearchAction\",\"target\":{\"@type\":\"EntryPoint\",\"urlTemplate\":\"https:\\\/\\\/booksfrommexico.com\\\/?s={search_term_string}\"},\"query-input\":{\"@type\":\"PropertyValueSpecification\",\"valueRequired\":true,\"valueName\":\"search_term_string\"}}],\"inLanguage\":\"es\"},{\"@type\":\"Organization\",\"@id\":\"https:\\\/\\\/booksfrommexico.com\\\/#organization\",\"name\":\"Books From Mexico\",\"url\":\"https:\\\/\\\/booksfrommexico.com\\\/\",\"logo\":{\"@type\":\"ImageObject\",\"inLanguage\":\"es\",\"@id\":\"https:\\\/\\\/booksfrommexico.com\\\/#\\\/schema\\\/logo\\\/image\\\/\",\"url\":\"https:\\\/\\\/booksfrommexico.com\\\/app\\\/uploads\\\/2023\\\/05\\\/logo-booksfrommexico.svg\",\"contentUrl\":\"https:\\\/\\\/booksfrommexico.com\\\/app\\\/uploads\\\/2023\\\/05\\\/logo-booksfrommexico.svg\",\"width\":86,\"height\":56,\"caption\":\"Books From Mexico\"},\"image\":{\"@id\":\"https:\\\/\\\/booksfrommexico.com\\\/#\\\/schema\\\/logo\\\/image\\\/\"}}]}<\/script>\n<!-- \/ Yoast SEO plugin. -->","yoast_head_json":{"title":"El Compositor Mexicano Ricardo Castro (1864-1907)","description":"EL COMPOSITOR MEXICANO RICARDO CASTRO (1864-1907) : VIDA Y OBRA. \/ Rogelio \u00c1lvarez Meneses. Colima, M\u00e9xico : Universidad de Colima, 2018.","robots":{"index":"index","follow":"follow","max-snippet":"max-snippet:-1","max-image-preview":"max-image-preview:large","max-video-preview":"max-video-preview:-1"},"canonical":"https:\/\/booksfrommexico.com\/es\/producto\/el-compositor-mexicano-ricardo-castro-1864-1907\/","og_locale":"es_ES","og_type":"article","og_title":"El Compositor Mexicano Ricardo Castro (1864-1907)","og_description":"EL COMPOSITOR MEXICANO RICARDO CASTRO (1864-1907) : VIDA Y OBRA. \/ Rogelio \u00c1lvarez Meneses. Colima, M\u00e9xico : Universidad de Colima, 2018.","og_url":"https:\/\/booksfrommexico.com\/es\/producto\/el-compositor-mexicano-ricardo-castro-1864-1907\/","og_site_name":"Books From Mexico","article_modified_time":"2024-04-23T22:13:42+00:00","twitter_card":"summary_large_image","twitter_misc":{"Tiempo de lectura":"1 minuto"},"schema":{"@context":"https:\/\/schema.org","@graph":[{"@type":"WebPage","@id":"https:\/\/booksfrommexico.com\/es\/producto\/el-compositor-mexicano-ricardo-castro-1864-1907\/","url":"https:\/\/booksfrommexico.com\/es\/producto\/el-compositor-mexicano-ricardo-castro-1864-1907\/","name":"El Compositor Mexicano Ricardo Castro (1864-1907)","isPartOf":{"@id":"https:\/\/booksfrommexico.com\/#website"},"primaryImageOfPage":{"@id":"https:\/\/booksfrommexico.com\/es\/producto\/el-compositor-mexicano-ricardo-castro-1864-1907\/#primaryimage"},"image":{"@id":"https:\/\/booksfrommexico.com\/es\/producto\/el-compositor-mexicano-ricardo-castro-1864-1907\/#primaryimage"},"thumbnailUrl":"https:\/\/booksfrommexico.com\/app\/uploads\/2024\/04\/188031.jpeg","datePublished":"2024-04-22T18:38:50+00:00","dateModified":"2024-04-23T22:13:42+00:00","description":"EL COMPOSITOR MEXICANO RICARDO CASTRO (1864-1907) : VIDA Y OBRA. \/ Rogelio \u00c1lvarez Meneses. Colima, M\u00e9xico : Universidad de Colima, 2018.","breadcrumb":{"@id":"https:\/\/booksfrommexico.com\/es\/producto\/el-compositor-mexicano-ricardo-castro-1864-1907\/#breadcrumb"},"inLanguage":"es","potentialAction":[{"@type":"ReadAction","target":["https:\/\/booksfrommexico.com\/es\/producto\/el-compositor-mexicano-ricardo-castro-1864-1907\/"]}]},{"@type":"ImageObject","inLanguage":"es","@id":"https:\/\/booksfrommexico.com\/es\/producto\/el-compositor-mexicano-ricardo-castro-1864-1907\/#primaryimage","url":"https:\/\/booksfrommexico.com\/app\/uploads\/2024\/04\/188031.jpeg","contentUrl":"https:\/\/booksfrommexico.com\/app\/uploads\/2024\/04\/188031.jpeg","width":620,"height":810},{"@type":"BreadcrumbList","@id":"https:\/\/booksfrommexico.com\/es\/producto\/el-compositor-mexicano-ricardo-castro-1864-1907\/#breadcrumb","itemListElement":[{"@type":"ListItem","position":1,"name":"Home","item":"https:\/\/booksfrommexico.com\/es\/"},{"@type":"ListItem","position":2,"name":"Libros","item":"https:\/\/booksfrommexico.com\/es\/libros\/"},{"@type":"ListItem","position":3,"name":"El Compositor Mexicano Ricardo Castro (1864-1907)"}]},{"@type":"WebSite","@id":"https:\/\/booksfrommexico.com\/#website","url":"https:\/\/booksfrommexico.com\/","name":"Books From Mexico","description":"","publisher":{"@id":"https:\/\/booksfrommexico.com\/#organization"},"potentialAction":[{"@type":"SearchAction","target":{"@type":"EntryPoint","urlTemplate":"https:\/\/booksfrommexico.com\/?s={search_term_string}"},"query-input":{"@type":"PropertyValueSpecification","valueRequired":true,"valueName":"search_term_string"}}],"inLanguage":"es"},{"@type":"Organization","@id":"https:\/\/booksfrommexico.com\/#organization","name":"Books From Mexico","url":"https:\/\/booksfrommexico.com\/","logo":{"@type":"ImageObject","inLanguage":"es","@id":"https:\/\/booksfrommexico.com\/#\/schema\/logo\/image\/","url":"https:\/\/booksfrommexico.com\/app\/uploads\/2023\/05\/logo-booksfrommexico.svg","contentUrl":"https:\/\/booksfrommexico.com\/app\/uploads\/2023\/05\/logo-booksfrommexico.svg","width":86,"height":56,"caption":"Books From Mexico"},"image":{"@id":"https:\/\/booksfrommexico.com\/#\/schema\/logo\/image\/"}}]}},"_links":{"self":[{"href":"https:\/\/booksfrommexico.com\/es\/wp-json\/wp\/v2\/product\/5774","targetHints":{"allow":["GET"]}}],"collection":[{"href":"https:\/\/booksfrommexico.com\/es\/wp-json\/wp\/v2\/product"}],"about":[{"href":"https:\/\/booksfrommexico.com\/es\/wp-json\/wp\/v2\/types\/product"}],"wp:featuredmedia":[{"embeddable":true,"href":"https:\/\/booksfrommexico.com\/es\/wp-json\/wp\/v2\/media\/5788"}],"wp:attachment":[{"href":"https:\/\/booksfrommexico.com\/es\/wp-json\/wp\/v2\/media?parent=5774"}],"wp:term":[{"taxonomy":"product_brand","embeddable":true,"href":"https:\/\/booksfrommexico.com\/es\/wp-json\/wp\/v2\/product_brand?post=5774"},{"taxonomy":"product_cat","embeddable":true,"href":"https:\/\/booksfrommexico.com\/es\/wp-json\/wp\/v2\/product_cat?post=5774"},{"taxonomy":"product_tag","embeddable":true,"href":"https:\/\/booksfrommexico.com\/es\/wp-json\/wp\/v2\/product_tag?post=5774"}],"curies":[{"name":"wp","href":"https:\/\/api.w.org\/{rel}","templated":true}]}}