{"id":5776,"date":"2024-04-22T18:38:51","date_gmt":"2024-04-22T18:38:51","guid":{"rendered":"https:\/\/booksfrommexico.com\/product\/palabras-y-destellos\/"},"modified":"2024-05-06T19:53:21","modified_gmt":"2024-05-06T19:53:21","slug":"palabras-y-destellos","status":"publish","type":"product","link":"https:\/\/booksfrommexico.com\/es\/producto\/palabras-y-destellos\/","title":{"rendered":"Palabras y Destellos"},"content":{"rendered":"<p><span style=\"font-weight: 400;\">Los haikus son un tipo de poema corto que se invent\u00f3 en Jap\u00f3n hace varios siglos, que tiene ciertas particularidades como el hacer alusi\u00f3n a la naturaleza, contar \u00fanicamente con 3 versos y s\u00edlabas contadas para poder decir mucho con pocas palabras, pero sobre todo, estar lleno de im\u00e1genes. Esto fue lo que Mart\u00edn Makawi les explic\u00f3 a los ni\u00f1os de la Sierra Tarahumara. Este libro es una edici\u00f3n biling\u00fce tarahumar-espa\u00f1ol y cuenta con ilustraciones a color que acompa\u00f1an los haikus que los ni\u00f1os tarahumaras escribieron, mostrando la belleza de las cosas sencillas de la vida, vistas a trav\u00e9s de sus ojos. <\/span><\/p>\n","protected":false},"excerpt":{"rendered":"<p>PALABRAS Y DESTELLOS : HAIKUS TARAHUMARAS.<span style=\"font-weight: 400;\"> \/ Mart\u00edn Makawi (editor). Chihuahua, M\u00e9xico : Gobierno del Estado , Secretar\u00eda de Cultura , Desarrollo Cultural Infantil Alas y Ra\u00edces Chihuahua, 2018. 41 pages : includes color illustrations ; 17 cm. ISBN : 9786078321735.<\/span><\/p>\n","protected":false},"featured_media":5812,"template":"","meta":{"_acf_changed":false,"inline_featured_image":false},"product_brand":[],"product_cat":[25,32],"product_tag":[4382,4276,4232,4026],"class_list":{"0":"post-5776","1":"product","2":"type-product","3":"status-publish","4":"has-post-thumbnail","6":"product_cat-literatura","7":"product_cat-poesia-literatura","8":"product_tag-edicion-bilingue","9":"product_tag-haiku-es","10":"product_tag-literatura-infantil-y-juvenil","11":"product_tag-poesia-en-lenguas-originarias","13":"first","14":"outofstock","15":"taxable","16":"shipping-taxable","17":"purchasable","18":"product-type-simple"},"acf":[],"yoast_head":"<!-- This site is optimized with the Yoast SEO plugin v27.3 - https:\/\/yoast.com\/product\/yoast-seo-wordpress\/ -->\n<title>Palabras y destellos<\/title>\n<meta name=\"description\" content=\"PALABRAS Y DESTELLOS : HAIKUS TARAHUMARAS. \/ Mart\u00edn Makawi (editor). Chihuahua, M\u00e9xico : Secretar\u00eda de Cultura , Desarrollo Cultural Infantil Alas y Ra\u00edces.\" \/>\n<meta name=\"robots\" content=\"index, follow, max-snippet:-1, max-image-preview:large, max-video-preview:-1\" \/>\n<link rel=\"canonical\" href=\"https:\/\/booksfrommexico.com\/es\/producto\/palabras-y-destellos\/\" \/>\n<meta property=\"og:locale\" content=\"es_ES\" \/>\n<meta property=\"og:type\" content=\"article\" \/>\n<meta property=\"og:title\" content=\"Palabras y destellos\" \/>\n<meta property=\"og:description\" content=\"PALABRAS Y DESTELLOS : HAIKUS TARAHUMARAS. \/ Mart\u00edn Makawi (editor). Chihuahua, M\u00e9xico : Secretar\u00eda de Cultura , Desarrollo Cultural Infantil Alas y Ra\u00edces.\" \/>\n<meta property=\"og:url\" content=\"https:\/\/booksfrommexico.com\/es\/producto\/palabras-y-destellos\/\" \/>\n<meta property=\"og:site_name\" content=\"Books From Mexico\" \/>\n<meta property=\"article:modified_time\" content=\"2024-05-06T19:53:21+00:00\" \/>\n<meta property=\"og:image\" content=\"http:\/\/booksfrommexico.com\/app\/uploads\/2024\/04\/188097.jpeg\" \/>\n\t<meta property=\"og:image:width\" content=\"469\" \/>\n\t<meta property=\"og:image:height\" content=\"466\" \/>\n\t<meta property=\"og:image:type\" content=\"image\/jpeg\" \/>\n<meta name=\"twitter:card\" content=\"summary_large_image\" \/>\n<meta name=\"twitter:label1\" content=\"Tiempo de lectura\" \/>\n\t<meta name=\"twitter:data1\" content=\"1 minuto\" \/>\n<script type=\"application\/ld+json\" class=\"yoast-schema-graph\">{\"@context\":\"https:\\\/\\\/schema.org\",\"@graph\":[{\"@type\":\"WebPage\",\"@id\":\"https:\\\/\\\/booksfrommexico.com\\\/es\\\/producto\\\/palabras-y-destellos\\\/\",\"url\":\"https:\\\/\\\/booksfrommexico.com\\\/es\\\/producto\\\/palabras-y-destellos\\\/\",\"name\":\"Palabras y destellos\",\"isPartOf\":{\"@id\":\"https:\\\/\\\/booksfrommexico.com\\\/#website\"},\"primaryImageOfPage\":{\"@id\":\"https:\\\/\\\/booksfrommexico.com\\\/es\\\/producto\\\/palabras-y-destellos\\\/#primaryimage\"},\"image\":{\"@id\":\"https:\\\/\\\/booksfrommexico.com\\\/es\\\/producto\\\/palabras-y-destellos\\\/#primaryimage\"},\"thumbnailUrl\":\"https:\\\/\\\/booksfrommexico.com\\\/app\\\/uploads\\\/2024\\\/04\\\/188097.jpeg\",\"datePublished\":\"2024-04-22T18:38:51+00:00\",\"dateModified\":\"2024-05-06T19:53:21+00:00\",\"description\":\"PALABRAS Y DESTELLOS : HAIKUS TARAHUMARAS. \\\/ Mart\u00edn Makawi (editor). Chihuahua, M\u00e9xico : Secretar\u00eda de Cultura , Desarrollo Cultural Infantil Alas y Ra\u00edces.\",\"breadcrumb\":{\"@id\":\"https:\\\/\\\/booksfrommexico.com\\\/es\\\/producto\\\/palabras-y-destellos\\\/#breadcrumb\"},\"inLanguage\":\"es\",\"potentialAction\":[{\"@type\":\"ReadAction\",\"target\":[\"https:\\\/\\\/booksfrommexico.com\\\/es\\\/producto\\\/palabras-y-destellos\\\/\"]}]},{\"@type\":\"ImageObject\",\"inLanguage\":\"es\",\"@id\":\"https:\\\/\\\/booksfrommexico.com\\\/es\\\/producto\\\/palabras-y-destellos\\\/#primaryimage\",\"url\":\"https:\\\/\\\/booksfrommexico.com\\\/app\\\/uploads\\\/2024\\\/04\\\/188097.jpeg\",\"contentUrl\":\"https:\\\/\\\/booksfrommexico.com\\\/app\\\/uploads\\\/2024\\\/04\\\/188097.jpeg\",\"width\":469,\"height\":466,\"caption\":\"Palabras y destellos\"},{\"@type\":\"BreadcrumbList\",\"@id\":\"https:\\\/\\\/booksfrommexico.com\\\/es\\\/producto\\\/palabras-y-destellos\\\/#breadcrumb\",\"itemListElement\":[{\"@type\":\"ListItem\",\"position\":1,\"name\":\"Home\",\"item\":\"https:\\\/\\\/booksfrommexico.com\\\/es\\\/\"},{\"@type\":\"ListItem\",\"position\":2,\"name\":\"Libros\",\"item\":\"https:\\\/\\\/booksfrommexico.com\\\/es\\\/libros\\\/\"},{\"@type\":\"ListItem\",\"position\":3,\"name\":\"Palabras y Destellos\"}]},{\"@type\":\"WebSite\",\"@id\":\"https:\\\/\\\/booksfrommexico.com\\\/#website\",\"url\":\"https:\\\/\\\/booksfrommexico.com\\\/\",\"name\":\"Books From Mexico\",\"description\":\"\",\"publisher\":{\"@id\":\"https:\\\/\\\/booksfrommexico.com\\\/#organization\"},\"potentialAction\":[{\"@type\":\"SearchAction\",\"target\":{\"@type\":\"EntryPoint\",\"urlTemplate\":\"https:\\\/\\\/booksfrommexico.com\\\/?s={search_term_string}\"},\"query-input\":{\"@type\":\"PropertyValueSpecification\",\"valueRequired\":true,\"valueName\":\"search_term_string\"}}],\"inLanguage\":\"es\"},{\"@type\":\"Organization\",\"@id\":\"https:\\\/\\\/booksfrommexico.com\\\/#organization\",\"name\":\"Books From Mexico\",\"url\":\"https:\\\/\\\/booksfrommexico.com\\\/\",\"logo\":{\"@type\":\"ImageObject\",\"inLanguage\":\"es\",\"@id\":\"https:\\\/\\\/booksfrommexico.com\\\/#\\\/schema\\\/logo\\\/image\\\/\",\"url\":\"https:\\\/\\\/booksfrommexico.com\\\/app\\\/uploads\\\/2023\\\/05\\\/logo-booksfrommexico.svg\",\"contentUrl\":\"https:\\\/\\\/booksfrommexico.com\\\/app\\\/uploads\\\/2023\\\/05\\\/logo-booksfrommexico.svg\",\"width\":86,\"height\":56,\"caption\":\"Books From Mexico\"},\"image\":{\"@id\":\"https:\\\/\\\/booksfrommexico.com\\\/#\\\/schema\\\/logo\\\/image\\\/\"}}]}<\/script>\n<!-- \/ Yoast SEO plugin. -->","yoast_head_json":{"title":"Palabras y destellos","description":"PALABRAS Y DESTELLOS : HAIKUS TARAHUMARAS. \/ Mart\u00edn Makawi (editor). Chihuahua, M\u00e9xico : Secretar\u00eda de Cultura , Desarrollo Cultural Infantil Alas y Ra\u00edces.","robots":{"index":"index","follow":"follow","max-snippet":"max-snippet:-1","max-image-preview":"max-image-preview:large","max-video-preview":"max-video-preview:-1"},"canonical":"https:\/\/booksfrommexico.com\/es\/producto\/palabras-y-destellos\/","og_locale":"es_ES","og_type":"article","og_title":"Palabras y destellos","og_description":"PALABRAS Y DESTELLOS : HAIKUS TARAHUMARAS. \/ Mart\u00edn Makawi (editor). Chihuahua, M\u00e9xico : Secretar\u00eda de Cultura , Desarrollo Cultural Infantil Alas y Ra\u00edces.","og_url":"https:\/\/booksfrommexico.com\/es\/producto\/palabras-y-destellos\/","og_site_name":"Books From Mexico","article_modified_time":"2024-05-06T19:53:21+00:00","og_image":[{"width":469,"height":466,"url":"http:\/\/booksfrommexico.com\/app\/uploads\/2024\/04\/188097.jpeg","type":"image\/jpeg"}],"twitter_card":"summary_large_image","twitter_misc":{"Tiempo de lectura":"1 minuto"},"schema":{"@context":"https:\/\/schema.org","@graph":[{"@type":"WebPage","@id":"https:\/\/booksfrommexico.com\/es\/producto\/palabras-y-destellos\/","url":"https:\/\/booksfrommexico.com\/es\/producto\/palabras-y-destellos\/","name":"Palabras y destellos","isPartOf":{"@id":"https:\/\/booksfrommexico.com\/#website"},"primaryImageOfPage":{"@id":"https:\/\/booksfrommexico.com\/es\/producto\/palabras-y-destellos\/#primaryimage"},"image":{"@id":"https:\/\/booksfrommexico.com\/es\/producto\/palabras-y-destellos\/#primaryimage"},"thumbnailUrl":"https:\/\/booksfrommexico.com\/app\/uploads\/2024\/04\/188097.jpeg","datePublished":"2024-04-22T18:38:51+00:00","dateModified":"2024-05-06T19:53:21+00:00","description":"PALABRAS Y DESTELLOS : HAIKUS TARAHUMARAS. \/ Mart\u00edn Makawi (editor). Chihuahua, M\u00e9xico : Secretar\u00eda de Cultura , Desarrollo Cultural Infantil Alas y Ra\u00edces.","breadcrumb":{"@id":"https:\/\/booksfrommexico.com\/es\/producto\/palabras-y-destellos\/#breadcrumb"},"inLanguage":"es","potentialAction":[{"@type":"ReadAction","target":["https:\/\/booksfrommexico.com\/es\/producto\/palabras-y-destellos\/"]}]},{"@type":"ImageObject","inLanguage":"es","@id":"https:\/\/booksfrommexico.com\/es\/producto\/palabras-y-destellos\/#primaryimage","url":"https:\/\/booksfrommexico.com\/app\/uploads\/2024\/04\/188097.jpeg","contentUrl":"https:\/\/booksfrommexico.com\/app\/uploads\/2024\/04\/188097.jpeg","width":469,"height":466,"caption":"Palabras y destellos"},{"@type":"BreadcrumbList","@id":"https:\/\/booksfrommexico.com\/es\/producto\/palabras-y-destellos\/#breadcrumb","itemListElement":[{"@type":"ListItem","position":1,"name":"Home","item":"https:\/\/booksfrommexico.com\/es\/"},{"@type":"ListItem","position":2,"name":"Libros","item":"https:\/\/booksfrommexico.com\/es\/libros\/"},{"@type":"ListItem","position":3,"name":"Palabras y Destellos"}]},{"@type":"WebSite","@id":"https:\/\/booksfrommexico.com\/#website","url":"https:\/\/booksfrommexico.com\/","name":"Books From Mexico","description":"","publisher":{"@id":"https:\/\/booksfrommexico.com\/#organization"},"potentialAction":[{"@type":"SearchAction","target":{"@type":"EntryPoint","urlTemplate":"https:\/\/booksfrommexico.com\/?s={search_term_string}"},"query-input":{"@type":"PropertyValueSpecification","valueRequired":true,"valueName":"search_term_string"}}],"inLanguage":"es"},{"@type":"Organization","@id":"https:\/\/booksfrommexico.com\/#organization","name":"Books From Mexico","url":"https:\/\/booksfrommexico.com\/","logo":{"@type":"ImageObject","inLanguage":"es","@id":"https:\/\/booksfrommexico.com\/#\/schema\/logo\/image\/","url":"https:\/\/booksfrommexico.com\/app\/uploads\/2023\/05\/logo-booksfrommexico.svg","contentUrl":"https:\/\/booksfrommexico.com\/app\/uploads\/2023\/05\/logo-booksfrommexico.svg","width":86,"height":56,"caption":"Books From Mexico"},"image":{"@id":"https:\/\/booksfrommexico.com\/#\/schema\/logo\/image\/"}}]}},"_links":{"self":[{"href":"https:\/\/booksfrommexico.com\/es\/wp-json\/wp\/v2\/product\/5776","targetHints":{"allow":["GET"]}}],"collection":[{"href":"https:\/\/booksfrommexico.com\/es\/wp-json\/wp\/v2\/product"}],"about":[{"href":"https:\/\/booksfrommexico.com\/es\/wp-json\/wp\/v2\/types\/product"}],"wp:featuredmedia":[{"embeddable":true,"href":"https:\/\/booksfrommexico.com\/es\/wp-json\/wp\/v2\/media\/5812"}],"wp:attachment":[{"href":"https:\/\/booksfrommexico.com\/es\/wp-json\/wp\/v2\/media?parent=5776"}],"wp:term":[{"taxonomy":"product_brand","embeddable":true,"href":"https:\/\/booksfrommexico.com\/es\/wp-json\/wp\/v2\/product_brand?post=5776"},{"taxonomy":"product_cat","embeddable":true,"href":"https:\/\/booksfrommexico.com\/es\/wp-json\/wp\/v2\/product_cat?post=5776"},{"taxonomy":"product_tag","embeddable":true,"href":"https:\/\/booksfrommexico.com\/es\/wp-json\/wp\/v2\/product_tag?post=5776"}],"curies":[{"name":"wp","href":"https:\/\/api.w.org\/{rel}","templated":true}]}}