{"id":5779,"date":"2024-04-22T18:38:51","date_gmt":"2024-04-22T18:38:51","guid":{"rendered":"https:\/\/booksfrommexico.com\/product\/tula-y-su-jurisdiccion\/"},"modified":"2024-11-21T22:30:07","modified_gmt":"2024-11-21T22:30:07","slug":"tula-y-su-jurisdiccion","status":"publish","type":"product","link":"https:\/\/booksfrommexico.com\/es\/producto\/tula-y-su-jurisdiccion\/","title":{"rendered":"Tula y su jurisdicci\u00f3n: Arqueolog\u00eda e historia"},"content":{"rendered":"<p><span style=\"font-weight: 400;\">Este t\u00edtulo es una compilaci\u00f3n de seis trabajos realizados por miembros del Cuerpo Acad\u00e9mico Consolidado de Estudios Hist\u00f3ricos y Antropol\u00f3gicos, al que se unieron arque\u00f3logos e investigadores del Centro INAH-Hidalgo \/ Zona arqueol\u00f3gica de Tula. Estos trabajos fueron realizados con enfoques te\u00f3rico-metodol\u00f3gicos y van desde los estudios mesoamericanos (arqueolog\u00eda, c\u00f3dices, etnohistoria), hasta la historia ambiental, pasando por la historia institucional novohispana e incluso el cine. Esta investigaci\u00f3n pretende funcionar como una prolongaci\u00f3n en el tiempo del libro \u201cTula. M\u00e1s all\u00e1 de la zona arqueol\u00f3gica\u201d, que coordin\u00f3 Laura Elena Sotelo Santos, a 15 a\u00f1os de su edici\u00f3n.<\/span><\/p>\n","protected":false},"excerpt":{"rendered":"<p>TULA Y SU JURISDICCI\u00d3N : ARQUEOLOG\u00cdA E HISTORIA.<span style=\"font-weight: 400;\"> \/ Francisco Luis Jim\u00e9nez Abollado (compiler). Pachuca de Soto, Hidalgo, M\u00e9xico : Universidad Aut\u00f3noma del Estado de Hidalgo , Instituto de Ciencias Sociales y Humanidades , \u00c1rea Acad\u00e9mica de Historia y Antropolog\u00eda , Consejo Editorial, 2018. 165 pages : includes illustrations, maps, bibliography at the end of each chapter ; 23 cm. ISBN : 9786074825428.<\/span><\/p>\n","protected":false},"featured_media":5804,"template":"","meta":{"_acf_changed":false,"inline_featured_image":false},"product_brand":[],"product_cat":[386,27,491],"product_tag":[3777,3880,3760],"class_list":{"0":"post-5779","1":"product","2":"type-product","3":"status-publish","4":"has-post-thumbnail","6":"product_cat-arqueologia","7":"product_cat-historia","8":"product_cat-sitios-de-excavacion-arqueologia","9":"product_tag-arte-indigena","10":"product_tag-identidad-cultural","11":"product_tag-puebla-mexico","13":"first","14":"instock","15":"taxable","16":"shipping-taxable","17":"purchasable","18":"product-type-simple"},"acf":[],"yoast_head":"<!-- This site is optimized with the Yoast SEO plugin v27.3 - https:\/\/yoast.com\/product\/yoast-seo-wordpress\/ -->\n<title>Tula y su jurisdicci\u00f3n: Arqueolog\u00eda e historia<\/title>\n<meta name=\"description\" content=\"TULA Y SU JURISDICCI\u00d3N : ARQUEOLOG\u00cdA E HISTORIA. \/ Francisco Luis Jim\u00e9nez Abollado (compiler). UAEH , ICSHu , \u00c1rea Acad\u00e9mica de Historia y Antropolog\u00eda.\" \/>\n<meta name=\"robots\" content=\"index, follow, max-snippet:-1, max-image-preview:large, max-video-preview:-1\" \/>\n<link rel=\"canonical\" href=\"https:\/\/booksfrommexico.com\/es\/producto\/tula-y-su-jurisdiccion\/\" \/>\n<meta property=\"og:locale\" content=\"es_ES\" \/>\n<meta property=\"og:type\" content=\"article\" \/>\n<meta property=\"og:title\" content=\"Tula y su jurisdicci\u00f3n: Arqueolog\u00eda e historia\" \/>\n<meta property=\"og:description\" content=\"TULA Y SU JURISDICCI\u00d3N : ARQUEOLOG\u00cdA E HISTORIA. \/ Francisco Luis Jim\u00e9nez Abollado (compiler). UAEH , ICSHu , \u00c1rea Acad\u00e9mica de Historia y Antropolog\u00eda.\" \/>\n<meta property=\"og:url\" content=\"https:\/\/booksfrommexico.com\/es\/producto\/tula-y-su-jurisdiccion\/\" \/>\n<meta property=\"og:site_name\" content=\"Books From Mexico\" \/>\n<meta property=\"article:modified_time\" content=\"2024-11-21T22:30:07+00:00\" \/>\n<meta property=\"og:image\" content=\"http:\/\/booksfrommexico.com\/app\/uploads\/2024\/04\/188714.jpeg\" \/>\n\t<meta property=\"og:image:width\" content=\"481\" \/>\n\t<meta property=\"og:image:height\" content=\"655\" \/>\n\t<meta property=\"og:image:type\" content=\"image\/jpeg\" \/>\n<meta name=\"twitter:card\" content=\"summary_large_image\" \/>\n<meta name=\"twitter:label1\" content=\"Tiempo de lectura\" \/>\n\t<meta name=\"twitter:data1\" content=\"1 minuto\" \/>\n<script type=\"application\/ld+json\" class=\"yoast-schema-graph\">{\"@context\":\"https:\\\/\\\/schema.org\",\"@graph\":[{\"@type\":\"WebPage\",\"@id\":\"https:\\\/\\\/booksfrommexico.com\\\/es\\\/producto\\\/tula-y-su-jurisdiccion\\\/\",\"url\":\"https:\\\/\\\/booksfrommexico.com\\\/es\\\/producto\\\/tula-y-su-jurisdiccion\\\/\",\"name\":\"Tula y su jurisdicci\u00f3n: Arqueolog\u00eda e historia\",\"isPartOf\":{\"@id\":\"https:\\\/\\\/booksfrommexico.com\\\/#website\"},\"primaryImageOfPage\":{\"@id\":\"https:\\\/\\\/booksfrommexico.com\\\/es\\\/producto\\\/tula-y-su-jurisdiccion\\\/#primaryimage\"},\"image\":{\"@id\":\"https:\\\/\\\/booksfrommexico.com\\\/es\\\/producto\\\/tula-y-su-jurisdiccion\\\/#primaryimage\"},\"thumbnailUrl\":\"https:\\\/\\\/booksfrommexico.com\\\/app\\\/uploads\\\/2024\\\/04\\\/188714.jpeg\",\"datePublished\":\"2024-04-22T18:38:51+00:00\",\"dateModified\":\"2024-11-21T22:30:07+00:00\",\"description\":\"TULA Y SU JURISDICCI\u00d3N : ARQUEOLOG\u00cdA E HISTORIA. \\\/ Francisco Luis Jim\u00e9nez Abollado (compiler). UAEH , ICSHu , \u00c1rea Acad\u00e9mica de Historia y Antropolog\u00eda.\",\"breadcrumb\":{\"@id\":\"https:\\\/\\\/booksfrommexico.com\\\/es\\\/producto\\\/tula-y-su-jurisdiccion\\\/#breadcrumb\"},\"inLanguage\":\"es\",\"potentialAction\":[{\"@type\":\"ReadAction\",\"target\":[\"https:\\\/\\\/booksfrommexico.com\\\/es\\\/producto\\\/tula-y-su-jurisdiccion\\\/\"]}]},{\"@type\":\"ImageObject\",\"inLanguage\":\"es\",\"@id\":\"https:\\\/\\\/booksfrommexico.com\\\/es\\\/producto\\\/tula-y-su-jurisdiccion\\\/#primaryimage\",\"url\":\"https:\\\/\\\/booksfrommexico.com\\\/app\\\/uploads\\\/2024\\\/04\\\/188714.jpeg\",\"contentUrl\":\"https:\\\/\\\/booksfrommexico.com\\\/app\\\/uploads\\\/2024\\\/04\\\/188714.jpeg\",\"width\":481,\"height\":655,\"caption\":\"Tula y su jurisdicci\u00f3n\"},{\"@type\":\"BreadcrumbList\",\"@id\":\"https:\\\/\\\/booksfrommexico.com\\\/es\\\/producto\\\/tula-y-su-jurisdiccion\\\/#breadcrumb\",\"itemListElement\":[{\"@type\":\"ListItem\",\"position\":1,\"name\":\"Home\",\"item\":\"https:\\\/\\\/booksfrommexico.com\\\/es\\\/\"},{\"@type\":\"ListItem\",\"position\":2,\"name\":\"Libros\",\"item\":\"https:\\\/\\\/booksfrommexico.com\\\/es\\\/libros\\\/\"},{\"@type\":\"ListItem\",\"position\":3,\"name\":\"Tula y su jurisdicci\u00f3n: Arqueolog\u00eda e historia\"}]},{\"@type\":\"WebSite\",\"@id\":\"https:\\\/\\\/booksfrommexico.com\\\/#website\",\"url\":\"https:\\\/\\\/booksfrommexico.com\\\/\",\"name\":\"Books From Mexico\",\"description\":\"\",\"publisher\":{\"@id\":\"https:\\\/\\\/booksfrommexico.com\\\/#organization\"},\"potentialAction\":[{\"@type\":\"SearchAction\",\"target\":{\"@type\":\"EntryPoint\",\"urlTemplate\":\"https:\\\/\\\/booksfrommexico.com\\\/?s={search_term_string}\"},\"query-input\":{\"@type\":\"PropertyValueSpecification\",\"valueRequired\":true,\"valueName\":\"search_term_string\"}}],\"inLanguage\":\"es\"},{\"@type\":\"Organization\",\"@id\":\"https:\\\/\\\/booksfrommexico.com\\\/#organization\",\"name\":\"Books From Mexico\",\"url\":\"https:\\\/\\\/booksfrommexico.com\\\/\",\"logo\":{\"@type\":\"ImageObject\",\"inLanguage\":\"es\",\"@id\":\"https:\\\/\\\/booksfrommexico.com\\\/#\\\/schema\\\/logo\\\/image\\\/\",\"url\":\"https:\\\/\\\/booksfrommexico.com\\\/app\\\/uploads\\\/2023\\\/05\\\/logo-booksfrommexico.svg\",\"contentUrl\":\"https:\\\/\\\/booksfrommexico.com\\\/app\\\/uploads\\\/2023\\\/05\\\/logo-booksfrommexico.svg\",\"width\":86,\"height\":56,\"caption\":\"Books From Mexico\"},\"image\":{\"@id\":\"https:\\\/\\\/booksfrommexico.com\\\/#\\\/schema\\\/logo\\\/image\\\/\"}}]}<\/script>\n<!-- \/ Yoast SEO plugin. -->","yoast_head_json":{"title":"Tula y su jurisdicci\u00f3n: Arqueolog\u00eda e historia","description":"TULA Y SU JURISDICCI\u00d3N : ARQUEOLOG\u00cdA E HISTORIA. \/ Francisco Luis Jim\u00e9nez Abollado (compiler). UAEH , ICSHu , \u00c1rea Acad\u00e9mica de Historia y Antropolog\u00eda.","robots":{"index":"index","follow":"follow","max-snippet":"max-snippet:-1","max-image-preview":"max-image-preview:large","max-video-preview":"max-video-preview:-1"},"canonical":"https:\/\/booksfrommexico.com\/es\/producto\/tula-y-su-jurisdiccion\/","og_locale":"es_ES","og_type":"article","og_title":"Tula y su jurisdicci\u00f3n: Arqueolog\u00eda e historia","og_description":"TULA Y SU JURISDICCI\u00d3N : ARQUEOLOG\u00cdA E HISTORIA. \/ Francisco Luis Jim\u00e9nez Abollado (compiler). UAEH , ICSHu , \u00c1rea Acad\u00e9mica de Historia y Antropolog\u00eda.","og_url":"https:\/\/booksfrommexico.com\/es\/producto\/tula-y-su-jurisdiccion\/","og_site_name":"Books From Mexico","article_modified_time":"2024-11-21T22:30:07+00:00","og_image":[{"width":481,"height":655,"url":"http:\/\/booksfrommexico.com\/app\/uploads\/2024\/04\/188714.jpeg","type":"image\/jpeg"}],"twitter_card":"summary_large_image","twitter_misc":{"Tiempo de lectura":"1 minuto"},"schema":{"@context":"https:\/\/schema.org","@graph":[{"@type":"WebPage","@id":"https:\/\/booksfrommexico.com\/es\/producto\/tula-y-su-jurisdiccion\/","url":"https:\/\/booksfrommexico.com\/es\/producto\/tula-y-su-jurisdiccion\/","name":"Tula y su jurisdicci\u00f3n: Arqueolog\u00eda e historia","isPartOf":{"@id":"https:\/\/booksfrommexico.com\/#website"},"primaryImageOfPage":{"@id":"https:\/\/booksfrommexico.com\/es\/producto\/tula-y-su-jurisdiccion\/#primaryimage"},"image":{"@id":"https:\/\/booksfrommexico.com\/es\/producto\/tula-y-su-jurisdiccion\/#primaryimage"},"thumbnailUrl":"https:\/\/booksfrommexico.com\/app\/uploads\/2024\/04\/188714.jpeg","datePublished":"2024-04-22T18:38:51+00:00","dateModified":"2024-11-21T22:30:07+00:00","description":"TULA Y SU JURISDICCI\u00d3N : ARQUEOLOG\u00cdA E HISTORIA. \/ Francisco Luis Jim\u00e9nez Abollado (compiler). UAEH , ICSHu , \u00c1rea Acad\u00e9mica de Historia y Antropolog\u00eda.","breadcrumb":{"@id":"https:\/\/booksfrommexico.com\/es\/producto\/tula-y-su-jurisdiccion\/#breadcrumb"},"inLanguage":"es","potentialAction":[{"@type":"ReadAction","target":["https:\/\/booksfrommexico.com\/es\/producto\/tula-y-su-jurisdiccion\/"]}]},{"@type":"ImageObject","inLanguage":"es","@id":"https:\/\/booksfrommexico.com\/es\/producto\/tula-y-su-jurisdiccion\/#primaryimage","url":"https:\/\/booksfrommexico.com\/app\/uploads\/2024\/04\/188714.jpeg","contentUrl":"https:\/\/booksfrommexico.com\/app\/uploads\/2024\/04\/188714.jpeg","width":481,"height":655,"caption":"Tula y su jurisdicci\u00f3n"},{"@type":"BreadcrumbList","@id":"https:\/\/booksfrommexico.com\/es\/producto\/tula-y-su-jurisdiccion\/#breadcrumb","itemListElement":[{"@type":"ListItem","position":1,"name":"Home","item":"https:\/\/booksfrommexico.com\/es\/"},{"@type":"ListItem","position":2,"name":"Libros","item":"https:\/\/booksfrommexico.com\/es\/libros\/"},{"@type":"ListItem","position":3,"name":"Tula y su jurisdicci\u00f3n: Arqueolog\u00eda e historia"}]},{"@type":"WebSite","@id":"https:\/\/booksfrommexico.com\/#website","url":"https:\/\/booksfrommexico.com\/","name":"Books From Mexico","description":"","publisher":{"@id":"https:\/\/booksfrommexico.com\/#organization"},"potentialAction":[{"@type":"SearchAction","target":{"@type":"EntryPoint","urlTemplate":"https:\/\/booksfrommexico.com\/?s={search_term_string}"},"query-input":{"@type":"PropertyValueSpecification","valueRequired":true,"valueName":"search_term_string"}}],"inLanguage":"es"},{"@type":"Organization","@id":"https:\/\/booksfrommexico.com\/#organization","name":"Books From Mexico","url":"https:\/\/booksfrommexico.com\/","logo":{"@type":"ImageObject","inLanguage":"es","@id":"https:\/\/booksfrommexico.com\/#\/schema\/logo\/image\/","url":"https:\/\/booksfrommexico.com\/app\/uploads\/2023\/05\/logo-booksfrommexico.svg","contentUrl":"https:\/\/booksfrommexico.com\/app\/uploads\/2023\/05\/logo-booksfrommexico.svg","width":86,"height":56,"caption":"Books From Mexico"},"image":{"@id":"https:\/\/booksfrommexico.com\/#\/schema\/logo\/image\/"}}]}},"_links":{"self":[{"href":"https:\/\/booksfrommexico.com\/es\/wp-json\/wp\/v2\/product\/5779","targetHints":{"allow":["GET"]}}],"collection":[{"href":"https:\/\/booksfrommexico.com\/es\/wp-json\/wp\/v2\/product"}],"about":[{"href":"https:\/\/booksfrommexico.com\/es\/wp-json\/wp\/v2\/types\/product"}],"wp:featuredmedia":[{"embeddable":true,"href":"https:\/\/booksfrommexico.com\/es\/wp-json\/wp\/v2\/media\/5804"}],"wp:attachment":[{"href":"https:\/\/booksfrommexico.com\/es\/wp-json\/wp\/v2\/media?parent=5779"}],"wp:term":[{"taxonomy":"product_brand","embeddable":true,"href":"https:\/\/booksfrommexico.com\/es\/wp-json\/wp\/v2\/product_brand?post=5779"},{"taxonomy":"product_cat","embeddable":true,"href":"https:\/\/booksfrommexico.com\/es\/wp-json\/wp\/v2\/product_cat?post=5779"},{"taxonomy":"product_tag","embeddable":true,"href":"https:\/\/booksfrommexico.com\/es\/wp-json\/wp\/v2\/product_tag?post=5779"}],"curies":[{"name":"wp","href":"https:\/\/api.w.org\/{rel}","templated":true}]}}