{"id":5781,"date":"2024-04-22T18:38:51","date_gmt":"2024-04-22T18:38:51","guid":{"rendered":"https:\/\/booksfrommexico.com\/product\/movilidades-y-migrantes-internacionales\/"},"modified":"2024-04-23T23:46:27","modified_gmt":"2024-04-23T23:46:27","slug":"movilidades-y-migrantes-internacionales","status":"publish","type":"product","link":"https:\/\/booksfrommexico.com\/es\/producto\/movilidades-y-migrantes-internacionales\/","title":{"rendered":"Movilidades y Migrantes Internacionales"},"content":{"rendered":"<p><span style=\"font-weight: 400;\">Con el fin de otorgar informaci\u00f3n pertinente para explicar procesos migratorios teniendo en cuenta la especificidad de las regiones de referencia, se realiz\u00f3 esta recopilaci\u00f3n de trabajos realizada por 17 investigadores. El eje de estos textos gira en torno a la migraci\u00f3n y sus efectos colaterales como el retorno de los migrantes por deportaci\u00f3n, el racismo, la migraci\u00f3n infantil y las alternativas de paso para los migrantes latinoamericanos. Estos estudios pretenden exponer los cambios registrados en los sitios de expulsi\u00f3n y destino, as\u00ed como abrir debates sobre las categor\u00edas y conceptos para explicar la complejidad que las movilidades y las migraciones plantean.<\/span><\/p>\n","protected":false},"excerpt":{"rendered":"<p>MOVILIDADES Y MIGRANTES INTERNACIONALES : REFLEXIONES SOBRE CAMPOS DE RELACIONES SOCIO-ECON\u00d3MICAS EN COMUNIDADES DE MIGRANTES EN M\u00c9XICO Y ESTADOS UNIDOS<span style=\"font-weight: 400;\">. \/ Norma Baca Tavira, Ariel Mojica Madrigal (coordinators). Barcelona, Espa\u00f1a : Editorial Gedisa ; Biblioteca Iberoamericana de Pensamiento, 2018. 353 pages : includes tables, chart, map, references at the end of each chapter ; 23 cm. ISBN : 9788417341763.<\/span><\/p>\n","protected":false},"featured_media":5794,"template":"","meta":{"_acf_changed":false,"inline_featured_image":false},"product_brand":[],"product_cat":[42],"product_tag":[3837,3612],"class_list":{"0":"post-5781","1":"product","2":"type-product","3":"status-publish","4":"has-post-thumbnail","6":"product_cat-temas-de-inmigracion-y-migraciones-humanas","7":"product_tag-derechos-humanos","8":"product_tag-inmigrants","10":"first","11":"instock","12":"taxable","13":"shipping-taxable","14":"purchasable","15":"product-type-simple"},"acf":[],"yoast_head":"<!-- This site is optimized with the Yoast SEO plugin v27.3 - https:\/\/yoast.com\/product\/yoast-seo-wordpress\/ -->\n<title>Movilidades y migrantes internacionales<\/title>\n<meta name=\"description\" content=\"MOVILIDADES Y MIGRANTES INTERNACIONALES : REFLEXIONES SOBRE CAMPOS DE RELACIONES SOCIO-ECON\u00d3MICAS EN COMUNIDADES DE MIGRANTES EN M\u00c9XICO Y ESTADOS UNIDOS. \/\" \/>\n<meta name=\"robots\" content=\"index, follow, max-snippet:-1, max-image-preview:large, max-video-preview:-1\" \/>\n<link rel=\"canonical\" href=\"https:\/\/booksfrommexico.com\/es\/producto\/movilidades-y-migrantes-internacionales\/\" \/>\n<meta property=\"og:locale\" content=\"es_ES\" \/>\n<meta property=\"og:type\" content=\"article\" \/>\n<meta property=\"og:title\" content=\"Movilidades y migrantes internacionales\" \/>\n<meta property=\"og:description\" content=\"MOVILIDADES Y MIGRANTES INTERNACIONALES : REFLEXIONES SOBRE CAMPOS DE RELACIONES SOCIO-ECON\u00d3MICAS EN COMUNIDADES DE MIGRANTES EN M\u00c9XICO Y ESTADOS UNIDOS. \/\" \/>\n<meta property=\"og:url\" content=\"https:\/\/booksfrommexico.com\/es\/producto\/movilidades-y-migrantes-internacionales\/\" \/>\n<meta property=\"og:site_name\" content=\"Books From Mexico\" \/>\n<meta property=\"article:modified_time\" content=\"2024-04-23T23:46:27+00:00\" \/>\n<meta name=\"twitter:card\" content=\"summary_large_image\" \/>\n<meta name=\"twitter:label1\" content=\"Tiempo de lectura\" \/>\n\t<meta name=\"twitter:data1\" content=\"1 minuto\" \/>\n<script type=\"application\/ld+json\" class=\"yoast-schema-graph\">{\"@context\":\"https:\\\/\\\/schema.org\",\"@graph\":[{\"@type\":\"WebPage\",\"@id\":\"https:\\\/\\\/booksfrommexico.com\\\/es\\\/producto\\\/movilidades-y-migrantes-internacionales\\\/\",\"url\":\"https:\\\/\\\/booksfrommexico.com\\\/es\\\/producto\\\/movilidades-y-migrantes-internacionales\\\/\",\"name\":\"Movilidades y migrantes internacionales\",\"isPartOf\":{\"@id\":\"https:\\\/\\\/booksfrommexico.com\\\/#website\"},\"primaryImageOfPage\":{\"@id\":\"https:\\\/\\\/booksfrommexico.com\\\/es\\\/producto\\\/movilidades-y-migrantes-internacionales\\\/#primaryimage\"},\"image\":{\"@id\":\"https:\\\/\\\/booksfrommexico.com\\\/es\\\/producto\\\/movilidades-y-migrantes-internacionales\\\/#primaryimage\"},\"thumbnailUrl\":\"https:\\\/\\\/booksfrommexico.com\\\/app\\\/uploads\\\/2024\\\/04\\\/189074.jpeg\",\"datePublished\":\"2024-04-22T18:38:51+00:00\",\"dateModified\":\"2024-04-23T23:46:27+00:00\",\"description\":\"MOVILIDADES Y MIGRANTES INTERNACIONALES : REFLEXIONES SOBRE CAMPOS DE RELACIONES SOCIO-ECON\u00d3MICAS EN COMUNIDADES DE MIGRANTES EN M\u00c9XICO Y ESTADOS UNIDOS. \\\/\",\"breadcrumb\":{\"@id\":\"https:\\\/\\\/booksfrommexico.com\\\/es\\\/producto\\\/movilidades-y-migrantes-internacionales\\\/#breadcrumb\"},\"inLanguage\":\"es\",\"potentialAction\":[{\"@type\":\"ReadAction\",\"target\":[\"https:\\\/\\\/booksfrommexico.com\\\/es\\\/producto\\\/movilidades-y-migrantes-internacionales\\\/\"]}]},{\"@type\":\"ImageObject\",\"inLanguage\":\"es\",\"@id\":\"https:\\\/\\\/booksfrommexico.com\\\/es\\\/producto\\\/movilidades-y-migrantes-internacionales\\\/#primaryimage\",\"url\":\"https:\\\/\\\/booksfrommexico.com\\\/app\\\/uploads\\\/2024\\\/04\\\/189074.jpeg\",\"contentUrl\":\"https:\\\/\\\/booksfrommexico.com\\\/app\\\/uploads\\\/2024\\\/04\\\/189074.jpeg\",\"width\":443,\"height\":651,\"caption\":\"Movilidades y migrantes internacionales\"},{\"@type\":\"BreadcrumbList\",\"@id\":\"https:\\\/\\\/booksfrommexico.com\\\/es\\\/producto\\\/movilidades-y-migrantes-internacionales\\\/#breadcrumb\",\"itemListElement\":[{\"@type\":\"ListItem\",\"position\":1,\"name\":\"Home\",\"item\":\"https:\\\/\\\/booksfrommexico.com\\\/es\\\/\"},{\"@type\":\"ListItem\",\"position\":2,\"name\":\"Libros\",\"item\":\"https:\\\/\\\/booksfrommexico.com\\\/es\\\/libros\\\/\"},{\"@type\":\"ListItem\",\"position\":3,\"name\":\"Movilidades y Migrantes Internacionales\"}]},{\"@type\":\"WebSite\",\"@id\":\"https:\\\/\\\/booksfrommexico.com\\\/#website\",\"url\":\"https:\\\/\\\/booksfrommexico.com\\\/\",\"name\":\"Books From Mexico\",\"description\":\"\",\"publisher\":{\"@id\":\"https:\\\/\\\/booksfrommexico.com\\\/#organization\"},\"potentialAction\":[{\"@type\":\"SearchAction\",\"target\":{\"@type\":\"EntryPoint\",\"urlTemplate\":\"https:\\\/\\\/booksfrommexico.com\\\/?s={search_term_string}\"},\"query-input\":{\"@type\":\"PropertyValueSpecification\",\"valueRequired\":true,\"valueName\":\"search_term_string\"}}],\"inLanguage\":\"es\"},{\"@type\":\"Organization\",\"@id\":\"https:\\\/\\\/booksfrommexico.com\\\/#organization\",\"name\":\"Books From Mexico\",\"url\":\"https:\\\/\\\/booksfrommexico.com\\\/\",\"logo\":{\"@type\":\"ImageObject\",\"inLanguage\":\"es\",\"@id\":\"https:\\\/\\\/booksfrommexico.com\\\/#\\\/schema\\\/logo\\\/image\\\/\",\"url\":\"https:\\\/\\\/booksfrommexico.com\\\/app\\\/uploads\\\/2023\\\/05\\\/logo-booksfrommexico.svg\",\"contentUrl\":\"https:\\\/\\\/booksfrommexico.com\\\/app\\\/uploads\\\/2023\\\/05\\\/logo-booksfrommexico.svg\",\"width\":86,\"height\":56,\"caption\":\"Books From Mexico\"},\"image\":{\"@id\":\"https:\\\/\\\/booksfrommexico.com\\\/#\\\/schema\\\/logo\\\/image\\\/\"}}]}<\/script>\n<!-- \/ Yoast SEO plugin. -->","yoast_head_json":{"title":"Movilidades y migrantes internacionales","description":"MOVILIDADES Y MIGRANTES INTERNACIONALES : REFLEXIONES SOBRE CAMPOS DE RELACIONES SOCIO-ECON\u00d3MICAS EN COMUNIDADES DE MIGRANTES EN M\u00c9XICO Y ESTADOS UNIDOS. \/","robots":{"index":"index","follow":"follow","max-snippet":"max-snippet:-1","max-image-preview":"max-image-preview:large","max-video-preview":"max-video-preview:-1"},"canonical":"https:\/\/booksfrommexico.com\/es\/producto\/movilidades-y-migrantes-internacionales\/","og_locale":"es_ES","og_type":"article","og_title":"Movilidades y migrantes internacionales","og_description":"MOVILIDADES Y MIGRANTES INTERNACIONALES : REFLEXIONES SOBRE CAMPOS DE RELACIONES SOCIO-ECON\u00d3MICAS EN COMUNIDADES DE MIGRANTES EN M\u00c9XICO Y ESTADOS UNIDOS. \/","og_url":"https:\/\/booksfrommexico.com\/es\/producto\/movilidades-y-migrantes-internacionales\/","og_site_name":"Books From Mexico","article_modified_time":"2024-04-23T23:46:27+00:00","twitter_card":"summary_large_image","twitter_misc":{"Tiempo de lectura":"1 minuto"},"schema":{"@context":"https:\/\/schema.org","@graph":[{"@type":"WebPage","@id":"https:\/\/booksfrommexico.com\/es\/producto\/movilidades-y-migrantes-internacionales\/","url":"https:\/\/booksfrommexico.com\/es\/producto\/movilidades-y-migrantes-internacionales\/","name":"Movilidades y migrantes internacionales","isPartOf":{"@id":"https:\/\/booksfrommexico.com\/#website"},"primaryImageOfPage":{"@id":"https:\/\/booksfrommexico.com\/es\/producto\/movilidades-y-migrantes-internacionales\/#primaryimage"},"image":{"@id":"https:\/\/booksfrommexico.com\/es\/producto\/movilidades-y-migrantes-internacionales\/#primaryimage"},"thumbnailUrl":"https:\/\/booksfrommexico.com\/app\/uploads\/2024\/04\/189074.jpeg","datePublished":"2024-04-22T18:38:51+00:00","dateModified":"2024-04-23T23:46:27+00:00","description":"MOVILIDADES Y MIGRANTES INTERNACIONALES : REFLEXIONES SOBRE CAMPOS DE RELACIONES SOCIO-ECON\u00d3MICAS EN COMUNIDADES DE MIGRANTES EN M\u00c9XICO Y ESTADOS UNIDOS. \/","breadcrumb":{"@id":"https:\/\/booksfrommexico.com\/es\/producto\/movilidades-y-migrantes-internacionales\/#breadcrumb"},"inLanguage":"es","potentialAction":[{"@type":"ReadAction","target":["https:\/\/booksfrommexico.com\/es\/producto\/movilidades-y-migrantes-internacionales\/"]}]},{"@type":"ImageObject","inLanguage":"es","@id":"https:\/\/booksfrommexico.com\/es\/producto\/movilidades-y-migrantes-internacionales\/#primaryimage","url":"https:\/\/booksfrommexico.com\/app\/uploads\/2024\/04\/189074.jpeg","contentUrl":"https:\/\/booksfrommexico.com\/app\/uploads\/2024\/04\/189074.jpeg","width":443,"height":651,"caption":"Movilidades y migrantes internacionales"},{"@type":"BreadcrumbList","@id":"https:\/\/booksfrommexico.com\/es\/producto\/movilidades-y-migrantes-internacionales\/#breadcrumb","itemListElement":[{"@type":"ListItem","position":1,"name":"Home","item":"https:\/\/booksfrommexico.com\/es\/"},{"@type":"ListItem","position":2,"name":"Libros","item":"https:\/\/booksfrommexico.com\/es\/libros\/"},{"@type":"ListItem","position":3,"name":"Movilidades y Migrantes Internacionales"}]},{"@type":"WebSite","@id":"https:\/\/booksfrommexico.com\/#website","url":"https:\/\/booksfrommexico.com\/","name":"Books From Mexico","description":"","publisher":{"@id":"https:\/\/booksfrommexico.com\/#organization"},"potentialAction":[{"@type":"SearchAction","target":{"@type":"EntryPoint","urlTemplate":"https:\/\/booksfrommexico.com\/?s={search_term_string}"},"query-input":{"@type":"PropertyValueSpecification","valueRequired":true,"valueName":"search_term_string"}}],"inLanguage":"es"},{"@type":"Organization","@id":"https:\/\/booksfrommexico.com\/#organization","name":"Books From Mexico","url":"https:\/\/booksfrommexico.com\/","logo":{"@type":"ImageObject","inLanguage":"es","@id":"https:\/\/booksfrommexico.com\/#\/schema\/logo\/image\/","url":"https:\/\/booksfrommexico.com\/app\/uploads\/2023\/05\/logo-booksfrommexico.svg","contentUrl":"https:\/\/booksfrommexico.com\/app\/uploads\/2023\/05\/logo-booksfrommexico.svg","width":86,"height":56,"caption":"Books From Mexico"},"image":{"@id":"https:\/\/booksfrommexico.com\/#\/schema\/logo\/image\/"}}]}},"_links":{"self":[{"href":"https:\/\/booksfrommexico.com\/es\/wp-json\/wp\/v2\/product\/5781","targetHints":{"allow":["GET"]}}],"collection":[{"href":"https:\/\/booksfrommexico.com\/es\/wp-json\/wp\/v2\/product"}],"about":[{"href":"https:\/\/booksfrommexico.com\/es\/wp-json\/wp\/v2\/types\/product"}],"wp:featuredmedia":[{"embeddable":true,"href":"https:\/\/booksfrommexico.com\/es\/wp-json\/wp\/v2\/media\/5794"}],"wp:attachment":[{"href":"https:\/\/booksfrommexico.com\/es\/wp-json\/wp\/v2\/media?parent=5781"}],"wp:term":[{"taxonomy":"product_brand","embeddable":true,"href":"https:\/\/booksfrommexico.com\/es\/wp-json\/wp\/v2\/product_brand?post=5781"},{"taxonomy":"product_cat","embeddable":true,"href":"https:\/\/booksfrommexico.com\/es\/wp-json\/wp\/v2\/product_cat?post=5781"},{"taxonomy":"product_tag","embeddable":true,"href":"https:\/\/booksfrommexico.com\/es\/wp-json\/wp\/v2\/product_tag?post=5781"}],"curies":[{"name":"wp","href":"https:\/\/api.w.org\/{rel}","templated":true}]}}