{"id":579,"date":"2023-05-08T17:04:14","date_gmt":"2023-05-08T17:04:14","guid":{"rendered":"http:\/\/booksfrommexico.com\/product\/los-rostros-del-conservadurismo-mexicano\/"},"modified":"2024-07-29T23:44:57","modified_gmt":"2024-07-29T23:44:57","slug":"los-rostros-del-conservadurismo-mexicano","status":"publish","type":"product","link":"https:\/\/booksfrommexico.com\/es\/producto\/los-rostros-del-conservadurismo-mexicano\/","title":{"rendered":"Los rostros del conservadurismo mexicano"},"content":{"rendered":"<p><span style=\"font-weight: 400;\">Los textos que aqu\u00ed se presentan est\u00e1n dedicados a presentar las distintas perspectivas que, desde el siglo XIX hasta inicios del siglo XXI, adquiri\u00f3 el conservadurismo en M\u00e9xico. Los autores que se re\u00fanen aqu\u00ed realizan una revisi\u00f3n de los distintos personajes que a lo largo de la historia han influido en el conservadurismo en M\u00e9xico: centralistas, tradicionalistas, hispanistas, nacionalistas, fundamentalistas, derechas, neoconservadores, entre otros m\u00e1s; esto con el fin de mostrar que su presencia en la pol\u00edtica en la sociedad y en la cultura mexicana no es asunto del pasado, sino que se adapta al presente para prefigurar el futuro.<\/span><\/p>\n","protected":false},"excerpt":{"rendered":"<p>LOS ROSTROS DEL CONSERVADURISMO MEXICANO<span style=\"font-weight: 400;\">. \/ Ren\u00e9e de la Torre, Marta Eugenia Garc\u00eda Ugarte, Juan Manuel Ram\u00edrez S\u00e1iz (compilators). M\u00e9xico, D.F. : Centro de Investigaciones y Estudios Superiores en Antropolog\u00eda Social, 2005. 473 pages : references, bibliographic references, bibliography at the end of each chapter, semblances ; 23 cm. (Publicaciones de la Casa Chata). ISBN : 9684965559. <\/span><\/p>\n","protected":false},"featured_media":578,"template":"","meta":{"_acf_changed":false,"inline_featured_image":false},"product_brand":[],"product_cat":[27,651],"product_tag":[4491,4398,3799],"class_list":{"0":"post-579","1":"product","2":"type-product","3":"status-publish","4":"has-post-thumbnail","6":"product_cat-historia","7":"product_cat-historia-politica","8":"product_tag-conservadurismo","9":"product_tag-historia-mexico","10":"product_tag-historia-politica","12":"first","13":"instock","14":"taxable","15":"shipping-taxable","16":"purchasable","17":"product-type-simple"},"acf":[],"yoast_head":"<!-- This site is optimized with the Yoast SEO plugin v27.3 - https:\/\/yoast.com\/product\/yoast-seo-wordpress\/ -->\n<title>Los rostros del conservadurismo mexicano<\/title>\n<meta name=\"description\" content=\"LOS ROSTROS DEL CONSERVADURISMO MEXICANO. \/ Ren\u00e9e de la Torre, Marta Eugenia Garc\u00eda Ugarte, Juan Manuel Ram\u00edrez S\u00e1iz (compilators). CIESAS, 2005.\" \/>\n<meta name=\"robots\" content=\"index, follow, max-snippet:-1, max-image-preview:large, max-video-preview:-1\" \/>\n<link rel=\"canonical\" href=\"https:\/\/booksfrommexico.com\/es\/producto\/los-rostros-del-conservadurismo-mexicano\/\" \/>\n<meta property=\"og:locale\" content=\"es_ES\" \/>\n<meta property=\"og:type\" content=\"article\" \/>\n<meta property=\"og:title\" content=\"Los rostros del conservadurismo mexicano\" \/>\n<meta property=\"og:description\" content=\"LOS ROSTROS DEL CONSERVADURISMO MEXICANO. \/ Ren\u00e9e de la Torre, Marta Eugenia Garc\u00eda Ugarte, Juan Manuel Ram\u00edrez S\u00e1iz (compilators). CIESAS, 2005.\" \/>\n<meta property=\"og:url\" content=\"https:\/\/booksfrommexico.com\/es\/producto\/los-rostros-del-conservadurismo-mexicano\/\" \/>\n<meta property=\"og:site_name\" content=\"Books From Mexico\" \/>\n<meta property=\"article:modified_time\" content=\"2024-07-29T23:44:57+00:00\" \/>\n<meta property=\"og:image\" content=\"http:\/\/booksfrommexico.com\/app\/uploads\/2023\/05\/129538.jpeg\" \/>\n\t<meta property=\"og:image:width\" content=\"481\" \/>\n\t<meta property=\"og:image:height\" content=\"665\" \/>\n\t<meta property=\"og:image:type\" content=\"image\/jpeg\" \/>\n<meta name=\"twitter:card\" content=\"summary_large_image\" \/>\n<meta name=\"twitter:label1\" content=\"Tiempo de lectura\" \/>\n\t<meta name=\"twitter:data1\" content=\"1 minuto\" \/>\n<script type=\"application\/ld+json\" class=\"yoast-schema-graph\">{\"@context\":\"https:\\\/\\\/schema.org\",\"@graph\":[{\"@type\":\"WebPage\",\"@id\":\"https:\\\/\\\/booksfrommexico.com\\\/es\\\/producto\\\/los-rostros-del-conservadurismo-mexicano\\\/\",\"url\":\"https:\\\/\\\/booksfrommexico.com\\\/es\\\/producto\\\/los-rostros-del-conservadurismo-mexicano\\\/\",\"name\":\"Los rostros del conservadurismo mexicano\",\"isPartOf\":{\"@id\":\"https:\\\/\\\/booksfrommexico.com\\\/#website\"},\"primaryImageOfPage\":{\"@id\":\"https:\\\/\\\/booksfrommexico.com\\\/es\\\/producto\\\/los-rostros-del-conservadurismo-mexicano\\\/#primaryimage\"},\"image\":{\"@id\":\"https:\\\/\\\/booksfrommexico.com\\\/es\\\/producto\\\/los-rostros-del-conservadurismo-mexicano\\\/#primaryimage\"},\"thumbnailUrl\":\"https:\\\/\\\/booksfrommexico.com\\\/app\\\/uploads\\\/2023\\\/05\\\/129538.jpeg\",\"datePublished\":\"2023-05-08T17:04:14+00:00\",\"dateModified\":\"2024-07-29T23:44:57+00:00\",\"description\":\"LOS ROSTROS DEL CONSERVADURISMO MEXICANO. \\\/ Ren\u00e9e de la Torre, Marta Eugenia Garc\u00eda Ugarte, Juan Manuel Ram\u00edrez S\u00e1iz (compilators). CIESAS, 2005.\",\"breadcrumb\":{\"@id\":\"https:\\\/\\\/booksfrommexico.com\\\/es\\\/producto\\\/los-rostros-del-conservadurismo-mexicano\\\/#breadcrumb\"},\"inLanguage\":\"es\",\"potentialAction\":[{\"@type\":\"ReadAction\",\"target\":[\"https:\\\/\\\/booksfrommexico.com\\\/es\\\/producto\\\/los-rostros-del-conservadurismo-mexicano\\\/\"]}]},{\"@type\":\"ImageObject\",\"inLanguage\":\"es\",\"@id\":\"https:\\\/\\\/booksfrommexico.com\\\/es\\\/producto\\\/los-rostros-del-conservadurismo-mexicano\\\/#primaryimage\",\"url\":\"https:\\\/\\\/booksfrommexico.com\\\/app\\\/uploads\\\/2023\\\/05\\\/129538.jpeg\",\"contentUrl\":\"https:\\\/\\\/booksfrommexico.com\\\/app\\\/uploads\\\/2023\\\/05\\\/129538.jpeg\",\"width\":481,\"height\":665},{\"@type\":\"BreadcrumbList\",\"@id\":\"https:\\\/\\\/booksfrommexico.com\\\/es\\\/producto\\\/los-rostros-del-conservadurismo-mexicano\\\/#breadcrumb\",\"itemListElement\":[{\"@type\":\"ListItem\",\"position\":1,\"name\":\"Home\",\"item\":\"https:\\\/\\\/booksfrommexico.com\\\/es\\\/\"},{\"@type\":\"ListItem\",\"position\":2,\"name\":\"Libros\",\"item\":\"https:\\\/\\\/booksfrommexico.com\\\/es\\\/libros\\\/\"},{\"@type\":\"ListItem\",\"position\":3,\"name\":\"Los rostros del conservadurismo mexicano\"}]},{\"@type\":\"WebSite\",\"@id\":\"https:\\\/\\\/booksfrommexico.com\\\/#website\",\"url\":\"https:\\\/\\\/booksfrommexico.com\\\/\",\"name\":\"Books From Mexico\",\"description\":\"\",\"publisher\":{\"@id\":\"https:\\\/\\\/booksfrommexico.com\\\/#organization\"},\"potentialAction\":[{\"@type\":\"SearchAction\",\"target\":{\"@type\":\"EntryPoint\",\"urlTemplate\":\"https:\\\/\\\/booksfrommexico.com\\\/?s={search_term_string}\"},\"query-input\":{\"@type\":\"PropertyValueSpecification\",\"valueRequired\":true,\"valueName\":\"search_term_string\"}}],\"inLanguage\":\"es\"},{\"@type\":\"Organization\",\"@id\":\"https:\\\/\\\/booksfrommexico.com\\\/#organization\",\"name\":\"Books From Mexico\",\"url\":\"https:\\\/\\\/booksfrommexico.com\\\/\",\"logo\":{\"@type\":\"ImageObject\",\"inLanguage\":\"es\",\"@id\":\"https:\\\/\\\/booksfrommexico.com\\\/#\\\/schema\\\/logo\\\/image\\\/\",\"url\":\"https:\\\/\\\/booksfrommexico.com\\\/app\\\/uploads\\\/2023\\\/05\\\/logo-booksfrommexico.svg\",\"contentUrl\":\"https:\\\/\\\/booksfrommexico.com\\\/app\\\/uploads\\\/2023\\\/05\\\/logo-booksfrommexico.svg\",\"width\":86,\"height\":56,\"caption\":\"Books From Mexico\"},\"image\":{\"@id\":\"https:\\\/\\\/booksfrommexico.com\\\/#\\\/schema\\\/logo\\\/image\\\/\"}}]}<\/script>\n<!-- \/ Yoast SEO plugin. -->","yoast_head_json":{"title":"Los rostros del conservadurismo mexicano","description":"LOS ROSTROS DEL CONSERVADURISMO MEXICANO. \/ Ren\u00e9e de la Torre, Marta Eugenia Garc\u00eda Ugarte, Juan Manuel Ram\u00edrez S\u00e1iz (compilators). CIESAS, 2005.","robots":{"index":"index","follow":"follow","max-snippet":"max-snippet:-1","max-image-preview":"max-image-preview:large","max-video-preview":"max-video-preview:-1"},"canonical":"https:\/\/booksfrommexico.com\/es\/producto\/los-rostros-del-conservadurismo-mexicano\/","og_locale":"es_ES","og_type":"article","og_title":"Los rostros del conservadurismo mexicano","og_description":"LOS ROSTROS DEL CONSERVADURISMO MEXICANO. \/ Ren\u00e9e de la Torre, Marta Eugenia Garc\u00eda Ugarte, Juan Manuel Ram\u00edrez S\u00e1iz (compilators). CIESAS, 2005.","og_url":"https:\/\/booksfrommexico.com\/es\/producto\/los-rostros-del-conservadurismo-mexicano\/","og_site_name":"Books From Mexico","article_modified_time":"2024-07-29T23:44:57+00:00","og_image":[{"width":481,"height":665,"url":"http:\/\/booksfrommexico.com\/app\/uploads\/2023\/05\/129538.jpeg","type":"image\/jpeg"}],"twitter_card":"summary_large_image","twitter_misc":{"Tiempo de lectura":"1 minuto"},"schema":{"@context":"https:\/\/schema.org","@graph":[{"@type":"WebPage","@id":"https:\/\/booksfrommexico.com\/es\/producto\/los-rostros-del-conservadurismo-mexicano\/","url":"https:\/\/booksfrommexico.com\/es\/producto\/los-rostros-del-conservadurismo-mexicano\/","name":"Los rostros del conservadurismo mexicano","isPartOf":{"@id":"https:\/\/booksfrommexico.com\/#website"},"primaryImageOfPage":{"@id":"https:\/\/booksfrommexico.com\/es\/producto\/los-rostros-del-conservadurismo-mexicano\/#primaryimage"},"image":{"@id":"https:\/\/booksfrommexico.com\/es\/producto\/los-rostros-del-conservadurismo-mexicano\/#primaryimage"},"thumbnailUrl":"https:\/\/booksfrommexico.com\/app\/uploads\/2023\/05\/129538.jpeg","datePublished":"2023-05-08T17:04:14+00:00","dateModified":"2024-07-29T23:44:57+00:00","description":"LOS ROSTROS DEL CONSERVADURISMO MEXICANO. \/ Ren\u00e9e de la Torre, Marta Eugenia Garc\u00eda Ugarte, Juan Manuel Ram\u00edrez S\u00e1iz (compilators). CIESAS, 2005.","breadcrumb":{"@id":"https:\/\/booksfrommexico.com\/es\/producto\/los-rostros-del-conservadurismo-mexicano\/#breadcrumb"},"inLanguage":"es","potentialAction":[{"@type":"ReadAction","target":["https:\/\/booksfrommexico.com\/es\/producto\/los-rostros-del-conservadurismo-mexicano\/"]}]},{"@type":"ImageObject","inLanguage":"es","@id":"https:\/\/booksfrommexico.com\/es\/producto\/los-rostros-del-conservadurismo-mexicano\/#primaryimage","url":"https:\/\/booksfrommexico.com\/app\/uploads\/2023\/05\/129538.jpeg","contentUrl":"https:\/\/booksfrommexico.com\/app\/uploads\/2023\/05\/129538.jpeg","width":481,"height":665},{"@type":"BreadcrumbList","@id":"https:\/\/booksfrommexico.com\/es\/producto\/los-rostros-del-conservadurismo-mexicano\/#breadcrumb","itemListElement":[{"@type":"ListItem","position":1,"name":"Home","item":"https:\/\/booksfrommexico.com\/es\/"},{"@type":"ListItem","position":2,"name":"Libros","item":"https:\/\/booksfrommexico.com\/es\/libros\/"},{"@type":"ListItem","position":3,"name":"Los rostros del conservadurismo mexicano"}]},{"@type":"WebSite","@id":"https:\/\/booksfrommexico.com\/#website","url":"https:\/\/booksfrommexico.com\/","name":"Books From Mexico","description":"","publisher":{"@id":"https:\/\/booksfrommexico.com\/#organization"},"potentialAction":[{"@type":"SearchAction","target":{"@type":"EntryPoint","urlTemplate":"https:\/\/booksfrommexico.com\/?s={search_term_string}"},"query-input":{"@type":"PropertyValueSpecification","valueRequired":true,"valueName":"search_term_string"}}],"inLanguage":"es"},{"@type":"Organization","@id":"https:\/\/booksfrommexico.com\/#organization","name":"Books From Mexico","url":"https:\/\/booksfrommexico.com\/","logo":{"@type":"ImageObject","inLanguage":"es","@id":"https:\/\/booksfrommexico.com\/#\/schema\/logo\/image\/","url":"https:\/\/booksfrommexico.com\/app\/uploads\/2023\/05\/logo-booksfrommexico.svg","contentUrl":"https:\/\/booksfrommexico.com\/app\/uploads\/2023\/05\/logo-booksfrommexico.svg","width":86,"height":56,"caption":"Books From Mexico"},"image":{"@id":"https:\/\/booksfrommexico.com\/#\/schema\/logo\/image\/"}}]}},"_links":{"self":[{"href":"https:\/\/booksfrommexico.com\/es\/wp-json\/wp\/v2\/product\/579","targetHints":{"allow":["GET"]}}],"collection":[{"href":"https:\/\/booksfrommexico.com\/es\/wp-json\/wp\/v2\/product"}],"about":[{"href":"https:\/\/booksfrommexico.com\/es\/wp-json\/wp\/v2\/types\/product"}],"wp:featuredmedia":[{"embeddable":true,"href":"https:\/\/booksfrommexico.com\/es\/wp-json\/wp\/v2\/media\/578"}],"wp:attachment":[{"href":"https:\/\/booksfrommexico.com\/es\/wp-json\/wp\/v2\/media?parent=579"}],"wp:term":[{"taxonomy":"product_brand","embeddable":true,"href":"https:\/\/booksfrommexico.com\/es\/wp-json\/wp\/v2\/product_brand?post=579"},{"taxonomy":"product_cat","embeddable":true,"href":"https:\/\/booksfrommexico.com\/es\/wp-json\/wp\/v2\/product_cat?post=579"},{"taxonomy":"product_tag","embeddable":true,"href":"https:\/\/booksfrommexico.com\/es\/wp-json\/wp\/v2\/product_tag?post=579"}],"curies":[{"name":"wp","href":"https:\/\/api.w.org\/{rel}","templated":true}]}}