{"id":581,"date":"2023-05-08T17:04:16","date_gmt":"2023-05-08T17:04:16","guid":{"rendered":"http:\/\/booksfrommexico.com\/product\/ameca-apuntes-para-su-historia\/"},"modified":"2026-03-04T18:29:10","modified_gmt":"2026-03-04T18:29:10","slug":"ameca-apuntes-para-su-historia","status":"publish","type":"product","link":"https:\/\/booksfrommexico.com\/es\/producto\/ameca-apuntes-para-su-historia\/","title":{"rendered":"Ameca: Apuntes para su historia"},"content":{"rendered":"<p><span style=\"font-weight: 400;\">Este t\u00edtulo es el resultado de varios a\u00f1os de planeaci\u00f3n e investigaci\u00f3n que el autor llev\u00f3 a cabo con el fin de rendirle un homenaje a su pueblo mediante la recopilaci\u00f3n de cr\u00f3nicas, breves an\u00e9cdotas y dando a conocer el texto \u00edntegro que en 1827 promulg\u00f3 y dio a conocer Porfirio D\u00edaz como el Plan Ameca. Aunado a ello, y bajo el sentido del deber, el autor pone al alcance la publicaci\u00f3n de este texto que cierra un ciclo de para la \u00e9poca del porfiriato, dejando de ser s\u00f3lo algo de presunta existencia. Adem\u00e1s, se ampl\u00eda y actualiza una cronolog\u00eda de Ameca, as\u00ed como ciertos datos cient\u00edficos que el autor considera deben estar al alcance de los habitantes de la Regi\u00f3n Valles. <\/span><\/p>\n","protected":false},"excerpt":{"rendered":"<p>AMECA : APUNTES PARA SU HISTORIA<span style=\"font-weight: 400;\">. \/ Ram\u00f3n Velasco Medina. Guadalajara, Jalisco : Patronato del Centro Universitario de los Valles A.C., 2002. 165 pages : includes photos, bibliographic references, bibliography ; 21 cm. (Colecci\u00f3n Historia Regional). <\/span><\/p>\n","protected":false},"featured_media":580,"template":"","meta":{"_acf_changed":false,"inline_featured_image":false},"product_brand":[],"product_cat":[27],"product_tag":[4398,3607,4427],"class_list":{"0":"post-581","1":"product","2":"type-product","3":"status-publish","4":"has-post-thumbnail","6":"product_cat-historia","7":"product_tag-historia-mexico","8":"product_tag-historia-local","9":"product_tag-jalisco-mexico","11":"first","12":"outofstock","13":"taxable","14":"shipping-taxable","15":"purchasable","16":"product-type-simple"},"acf":[],"yoast_head":"<!-- This site is optimized with the Yoast SEO plugin v27.3 - https:\/\/yoast.com\/product\/yoast-seo-wordpress\/ -->\n<title>Ameca: Apuntes para su historia<\/title>\n<meta name=\"description\" content=\"AMECA : APUNTES PARA SU HISTORIA. \/ Ram\u00f3n Velasco Medina. Patronato del Centro Universitario de los Valles A.C., 2002. (Colecci\u00f3n Historia Regional).\" \/>\n<meta name=\"robots\" content=\"index, follow, max-snippet:-1, max-image-preview:large, max-video-preview:-1\" \/>\n<link rel=\"canonical\" href=\"https:\/\/booksfrommexico.com\/es\/producto\/ameca-apuntes-para-su-historia\/\" \/>\n<meta property=\"og:locale\" content=\"es_ES\" \/>\n<meta property=\"og:type\" content=\"article\" \/>\n<meta property=\"og:title\" content=\"Ameca: Apuntes para su historia\" \/>\n<meta property=\"og:description\" content=\"AMECA : APUNTES PARA SU HISTORIA. \/ Ram\u00f3n Velasco Medina. Patronato del Centro Universitario de los Valles A.C., 2002. (Colecci\u00f3n Historia Regional).\" \/>\n<meta property=\"og:url\" content=\"https:\/\/booksfrommexico.com\/es\/producto\/ameca-apuntes-para-su-historia\/\" \/>\n<meta property=\"og:site_name\" content=\"Books From Mexico\" \/>\n<meta property=\"article:modified_time\" content=\"2026-03-04T18:29:10+00:00\" \/>\n<meta property=\"og:image\" content=\"http:\/\/booksfrommexico.com\/app\/uploads\/2023\/05\/129565.jpeg\" \/>\n\t<meta property=\"og:image:width\" content=\"439\" \/>\n\t<meta property=\"og:image:height\" content=\"602\" \/>\n\t<meta property=\"og:image:type\" content=\"image\/jpeg\" \/>\n<meta name=\"twitter:card\" content=\"summary_large_image\" \/>\n<meta name=\"twitter:label1\" content=\"Tiempo de lectura\" \/>\n\t<meta name=\"twitter:data1\" content=\"1 minuto\" \/>\n<script type=\"application\/ld+json\" class=\"yoast-schema-graph\">{\"@context\":\"https:\\\/\\\/schema.org\",\"@graph\":[{\"@type\":\"WebPage\",\"@id\":\"https:\\\/\\\/booksfrommexico.com\\\/es\\\/producto\\\/ameca-apuntes-para-su-historia\\\/\",\"url\":\"https:\\\/\\\/booksfrommexico.com\\\/es\\\/producto\\\/ameca-apuntes-para-su-historia\\\/\",\"name\":\"Ameca: Apuntes para su historia\",\"isPartOf\":{\"@id\":\"https:\\\/\\\/booksfrommexico.com\\\/#website\"},\"primaryImageOfPage\":{\"@id\":\"https:\\\/\\\/booksfrommexico.com\\\/es\\\/producto\\\/ameca-apuntes-para-su-historia\\\/#primaryimage\"},\"image\":{\"@id\":\"https:\\\/\\\/booksfrommexico.com\\\/es\\\/producto\\\/ameca-apuntes-para-su-historia\\\/#primaryimage\"},\"thumbnailUrl\":\"https:\\\/\\\/booksfrommexico.com\\\/app\\\/uploads\\\/2023\\\/05\\\/129565.jpeg\",\"datePublished\":\"2023-05-08T17:04:16+00:00\",\"dateModified\":\"2026-03-04T18:29:10+00:00\",\"description\":\"AMECA : APUNTES PARA SU HISTORIA. \\\/ Ram\u00f3n Velasco Medina. Patronato del Centro Universitario de los Valles A.C., 2002. (Colecci\u00f3n Historia Regional).\",\"breadcrumb\":{\"@id\":\"https:\\\/\\\/booksfrommexico.com\\\/es\\\/producto\\\/ameca-apuntes-para-su-historia\\\/#breadcrumb\"},\"inLanguage\":\"es\",\"potentialAction\":[{\"@type\":\"ReadAction\",\"target\":[\"https:\\\/\\\/booksfrommexico.com\\\/es\\\/producto\\\/ameca-apuntes-para-su-historia\\\/\"]}]},{\"@type\":\"ImageObject\",\"inLanguage\":\"es\",\"@id\":\"https:\\\/\\\/booksfrommexico.com\\\/es\\\/producto\\\/ameca-apuntes-para-su-historia\\\/#primaryimage\",\"url\":\"https:\\\/\\\/booksfrommexico.com\\\/app\\\/uploads\\\/2023\\\/05\\\/129565.jpeg\",\"contentUrl\":\"https:\\\/\\\/booksfrommexico.com\\\/app\\\/uploads\\\/2023\\\/05\\\/129565.jpeg\",\"width\":439,\"height\":602},{\"@type\":\"BreadcrumbList\",\"@id\":\"https:\\\/\\\/booksfrommexico.com\\\/es\\\/producto\\\/ameca-apuntes-para-su-historia\\\/#breadcrumb\",\"itemListElement\":[{\"@type\":\"ListItem\",\"position\":1,\"name\":\"Home\",\"item\":\"https:\\\/\\\/booksfrommexico.com\\\/es\\\/\"},{\"@type\":\"ListItem\",\"position\":2,\"name\":\"Libros\",\"item\":\"https:\\\/\\\/booksfrommexico.com\\\/es\\\/libros\\\/\"},{\"@type\":\"ListItem\",\"position\":3,\"name\":\"Ameca: Apuntes para su historia\"}]},{\"@type\":\"WebSite\",\"@id\":\"https:\\\/\\\/booksfrommexico.com\\\/#website\",\"url\":\"https:\\\/\\\/booksfrommexico.com\\\/\",\"name\":\"Books From Mexico\",\"description\":\"\",\"publisher\":{\"@id\":\"https:\\\/\\\/booksfrommexico.com\\\/#organization\"},\"potentialAction\":[{\"@type\":\"SearchAction\",\"target\":{\"@type\":\"EntryPoint\",\"urlTemplate\":\"https:\\\/\\\/booksfrommexico.com\\\/?s={search_term_string}\"},\"query-input\":{\"@type\":\"PropertyValueSpecification\",\"valueRequired\":true,\"valueName\":\"search_term_string\"}}],\"inLanguage\":\"es\"},{\"@type\":\"Organization\",\"@id\":\"https:\\\/\\\/booksfrommexico.com\\\/#organization\",\"name\":\"Books From Mexico\",\"url\":\"https:\\\/\\\/booksfrommexico.com\\\/\",\"logo\":{\"@type\":\"ImageObject\",\"inLanguage\":\"es\",\"@id\":\"https:\\\/\\\/booksfrommexico.com\\\/#\\\/schema\\\/logo\\\/image\\\/\",\"url\":\"https:\\\/\\\/booksfrommexico.com\\\/app\\\/uploads\\\/2023\\\/05\\\/logo-booksfrommexico.svg\",\"contentUrl\":\"https:\\\/\\\/booksfrommexico.com\\\/app\\\/uploads\\\/2023\\\/05\\\/logo-booksfrommexico.svg\",\"width\":86,\"height\":56,\"caption\":\"Books From Mexico\"},\"image\":{\"@id\":\"https:\\\/\\\/booksfrommexico.com\\\/#\\\/schema\\\/logo\\\/image\\\/\"}}]}<\/script>\n<!-- \/ Yoast SEO plugin. -->","yoast_head_json":{"title":"Ameca: Apuntes para su historia","description":"AMECA : APUNTES PARA SU HISTORIA. \/ Ram\u00f3n Velasco Medina. Patronato del Centro Universitario de los Valles A.C., 2002. (Colecci\u00f3n Historia Regional).","robots":{"index":"index","follow":"follow","max-snippet":"max-snippet:-1","max-image-preview":"max-image-preview:large","max-video-preview":"max-video-preview:-1"},"canonical":"https:\/\/booksfrommexico.com\/es\/producto\/ameca-apuntes-para-su-historia\/","og_locale":"es_ES","og_type":"article","og_title":"Ameca: Apuntes para su historia","og_description":"AMECA : APUNTES PARA SU HISTORIA. \/ Ram\u00f3n Velasco Medina. Patronato del Centro Universitario de los Valles A.C., 2002. (Colecci\u00f3n Historia Regional).","og_url":"https:\/\/booksfrommexico.com\/es\/producto\/ameca-apuntes-para-su-historia\/","og_site_name":"Books From Mexico","article_modified_time":"2026-03-04T18:29:10+00:00","og_image":[{"width":439,"height":602,"url":"http:\/\/booksfrommexico.com\/app\/uploads\/2023\/05\/129565.jpeg","type":"image\/jpeg"}],"twitter_card":"summary_large_image","twitter_misc":{"Tiempo de lectura":"1 minuto"},"schema":{"@context":"https:\/\/schema.org","@graph":[{"@type":"WebPage","@id":"https:\/\/booksfrommexico.com\/es\/producto\/ameca-apuntes-para-su-historia\/","url":"https:\/\/booksfrommexico.com\/es\/producto\/ameca-apuntes-para-su-historia\/","name":"Ameca: Apuntes para su historia","isPartOf":{"@id":"https:\/\/booksfrommexico.com\/#website"},"primaryImageOfPage":{"@id":"https:\/\/booksfrommexico.com\/es\/producto\/ameca-apuntes-para-su-historia\/#primaryimage"},"image":{"@id":"https:\/\/booksfrommexico.com\/es\/producto\/ameca-apuntes-para-su-historia\/#primaryimage"},"thumbnailUrl":"https:\/\/booksfrommexico.com\/app\/uploads\/2023\/05\/129565.jpeg","datePublished":"2023-05-08T17:04:16+00:00","dateModified":"2026-03-04T18:29:10+00:00","description":"AMECA : APUNTES PARA SU HISTORIA. \/ Ram\u00f3n Velasco Medina. Patronato del Centro Universitario de los Valles A.C., 2002. (Colecci\u00f3n Historia Regional).","breadcrumb":{"@id":"https:\/\/booksfrommexico.com\/es\/producto\/ameca-apuntes-para-su-historia\/#breadcrumb"},"inLanguage":"es","potentialAction":[{"@type":"ReadAction","target":["https:\/\/booksfrommexico.com\/es\/producto\/ameca-apuntes-para-su-historia\/"]}]},{"@type":"ImageObject","inLanguage":"es","@id":"https:\/\/booksfrommexico.com\/es\/producto\/ameca-apuntes-para-su-historia\/#primaryimage","url":"https:\/\/booksfrommexico.com\/app\/uploads\/2023\/05\/129565.jpeg","contentUrl":"https:\/\/booksfrommexico.com\/app\/uploads\/2023\/05\/129565.jpeg","width":439,"height":602},{"@type":"BreadcrumbList","@id":"https:\/\/booksfrommexico.com\/es\/producto\/ameca-apuntes-para-su-historia\/#breadcrumb","itemListElement":[{"@type":"ListItem","position":1,"name":"Home","item":"https:\/\/booksfrommexico.com\/es\/"},{"@type":"ListItem","position":2,"name":"Libros","item":"https:\/\/booksfrommexico.com\/es\/libros\/"},{"@type":"ListItem","position":3,"name":"Ameca: Apuntes para su historia"}]},{"@type":"WebSite","@id":"https:\/\/booksfrommexico.com\/#website","url":"https:\/\/booksfrommexico.com\/","name":"Books From Mexico","description":"","publisher":{"@id":"https:\/\/booksfrommexico.com\/#organization"},"potentialAction":[{"@type":"SearchAction","target":{"@type":"EntryPoint","urlTemplate":"https:\/\/booksfrommexico.com\/?s={search_term_string}"},"query-input":{"@type":"PropertyValueSpecification","valueRequired":true,"valueName":"search_term_string"}}],"inLanguage":"es"},{"@type":"Organization","@id":"https:\/\/booksfrommexico.com\/#organization","name":"Books From Mexico","url":"https:\/\/booksfrommexico.com\/","logo":{"@type":"ImageObject","inLanguage":"es","@id":"https:\/\/booksfrommexico.com\/#\/schema\/logo\/image\/","url":"https:\/\/booksfrommexico.com\/app\/uploads\/2023\/05\/logo-booksfrommexico.svg","contentUrl":"https:\/\/booksfrommexico.com\/app\/uploads\/2023\/05\/logo-booksfrommexico.svg","width":86,"height":56,"caption":"Books From Mexico"},"image":{"@id":"https:\/\/booksfrommexico.com\/#\/schema\/logo\/image\/"}}]}},"_links":{"self":[{"href":"https:\/\/booksfrommexico.com\/es\/wp-json\/wp\/v2\/product\/581","targetHints":{"allow":["GET"]}}],"collection":[{"href":"https:\/\/booksfrommexico.com\/es\/wp-json\/wp\/v2\/product"}],"about":[{"href":"https:\/\/booksfrommexico.com\/es\/wp-json\/wp\/v2\/types\/product"}],"wp:featuredmedia":[{"embeddable":true,"href":"https:\/\/booksfrommexico.com\/es\/wp-json\/wp\/v2\/media\/580"}],"wp:attachment":[{"href":"https:\/\/booksfrommexico.com\/es\/wp-json\/wp\/v2\/media?parent=581"}],"wp:term":[{"taxonomy":"product_brand","embeddable":true,"href":"https:\/\/booksfrommexico.com\/es\/wp-json\/wp\/v2\/product_brand?post=581"},{"taxonomy":"product_cat","embeddable":true,"href":"https:\/\/booksfrommexico.com\/es\/wp-json\/wp\/v2\/product_cat?post=581"},{"taxonomy":"product_tag","embeddable":true,"href":"https:\/\/booksfrommexico.com\/es\/wp-json\/wp\/v2\/product_tag?post=581"}],"curies":[{"name":"wp","href":"https:\/\/api.w.org\/{rel}","templated":true}]}}