{"id":5825,"date":"2024-04-22T18:38:50","date_gmt":"2024-04-22T18:38:50","guid":{"rendered":"https:\/\/booksfrommexico.com\/product\/entre-el-amor-y-el-desamparo\/"},"modified":"2024-04-24T21:19:35","modified_gmt":"2024-04-24T21:19:35","slug":"entre-el-amor-y-el-desamparo","status":"publish","type":"product","link":"https:\/\/booksfrommexico.com\/es\/producto\/entre-el-amor-y-el-desamparo\/","title":{"rendered":"Entre el amor y el desamparo"},"content":{"rendered":"<p><span style=\"font-weight: 400;\">El prop\u00f3sito de los autores en estos textos es hacer un acercamiento al entorno de los ni\u00f1os durante la segunda mitad del siglo XVIII hasta principios del siglo XX, en una investigaci\u00f3n que analiza documentos, im\u00e1genes, testimonios y narraciones. Los temas que tocan van desde los juegos de ni\u00f1os, los proyectos educativos, el trabajo infantil, la visi\u00f3n que tienen los adultos hacia la infancia, hasta las leyes que se han promulgado en su favor. Las historias que aqu\u00ed se cuentan buscan abordar las particularidades de las relaciones filiales para as\u00ed reflexionar sobre c\u00f3mo estas pr\u00e1cticas no siempre se han sujetado a las pautas del discurso actual del siglo XXI.<\/span><\/p>\n","protected":false},"excerpt":{"rendered":"<p>ENTRE EL AMOR Y EL DESAMPARO : HISTORIAS DE LA INFANCIA EN M\u00c9XICO, SIGLOS XVIII-XX<span style=\"font-weight: 400;\">. \/ Mar\u00eda de Lourdes Herrera Feria, Zoila Santiago Antonio (editors). Puebla, M\u00e9xico : Benem\u00e9rita Universidad Aut\u00f3noma de Puebla ; Ciudad de M\u00e9xico, M\u00e9xico : Ediciones del Lirio, 2019. 361 pages :\u00a0 includes photos, tables, semblances, bibliography at the end of each chapter ; 23 cm. ISBN : 9786078569847.<\/span><\/p>\n","protected":false},"featured_media":5786,"template":"","meta":{"_acf_changed":false,"inline_featured_image":false},"product_brand":[],"product_cat":[78],"product_tag":[4376,3661,4118],"class_list":{"0":"post-5825","1":"product","2":"type-product","3":"status-publish","4":"has-post-thumbnail","6":"product_cat-sociologia","7":"product_tag-derechos-de-los-ninos","8":"product_tag-juventud","9":"product_tag-juventud-infancia","11":"first","12":"instock","13":"taxable","14":"shipping-taxable","15":"purchasable","16":"product-type-simple"},"acf":[],"yoast_head":"<!-- This site is optimized with the Yoast SEO plugin v27.3 - https:\/\/yoast.com\/product\/yoast-seo-wordpress\/ -->\n<title>Entre el amor y el desamparo<\/title>\n<meta name=\"description\" content=\"ENTRE EL AMOR Y EL DESAMPARO : HISTORIAS DE LA INFANCIA EN M\u00c9XICO, SIGLOS XVIII-XX. \/ Mar\u00eda de Lourdes Herrera Feria, Zoila Santiago Antonio (editors).\" \/>\n<meta name=\"robots\" content=\"index, follow, max-snippet:-1, max-image-preview:large, max-video-preview:-1\" \/>\n<link rel=\"canonical\" href=\"https:\/\/booksfrommexico.com\/es\/producto\/entre-el-amor-y-el-desamparo\/\" \/>\n<meta property=\"og:locale\" content=\"es_ES\" \/>\n<meta property=\"og:type\" content=\"article\" \/>\n<meta property=\"og:title\" content=\"Entre el amor y el desamparo\" \/>\n<meta property=\"og:description\" content=\"ENTRE EL AMOR Y EL DESAMPARO : HISTORIAS DE LA INFANCIA EN M\u00c9XICO, SIGLOS XVIII-XX. \/ Mar\u00eda de Lourdes Herrera Feria, Zoila Santiago Antonio (editors).\" \/>\n<meta property=\"og:url\" content=\"https:\/\/booksfrommexico.com\/es\/producto\/entre-el-amor-y-el-desamparo\/\" \/>\n<meta property=\"og:site_name\" content=\"Books From Mexico\" \/>\n<meta property=\"article:modified_time\" content=\"2024-04-24T21:19:35+00:00\" \/>\n<meta property=\"og:image\" content=\"http:\/\/booksfrommexico.com\/app\/uploads\/2024\/04\/189092.jpeg\" \/>\n\t<meta property=\"og:image:width\" content=\"484\" \/>\n\t<meta property=\"og:image:height\" content=\"668\" \/>\n\t<meta property=\"og:image:type\" content=\"image\/jpeg\" \/>\n<meta name=\"twitter:card\" content=\"summary_large_image\" \/>\n<meta name=\"twitter:label1\" content=\"Tiempo de lectura\" \/>\n\t<meta name=\"twitter:data1\" content=\"1 minuto\" \/>\n<script type=\"application\/ld+json\" class=\"yoast-schema-graph\">{\"@context\":\"https:\\\/\\\/schema.org\",\"@graph\":[{\"@type\":\"WebPage\",\"@id\":\"https:\\\/\\\/booksfrommexico.com\\\/es\\\/producto\\\/entre-el-amor-y-el-desamparo\\\/\",\"url\":\"https:\\\/\\\/booksfrommexico.com\\\/es\\\/producto\\\/entre-el-amor-y-el-desamparo\\\/\",\"name\":\"Entre el amor y el desamparo\",\"isPartOf\":{\"@id\":\"https:\\\/\\\/booksfrommexico.com\\\/#website\"},\"primaryImageOfPage\":{\"@id\":\"https:\\\/\\\/booksfrommexico.com\\\/es\\\/producto\\\/entre-el-amor-y-el-desamparo\\\/#primaryimage\"},\"image\":{\"@id\":\"https:\\\/\\\/booksfrommexico.com\\\/es\\\/producto\\\/entre-el-amor-y-el-desamparo\\\/#primaryimage\"},\"thumbnailUrl\":\"https:\\\/\\\/booksfrommexico.com\\\/app\\\/uploads\\\/2024\\\/04\\\/189092.jpeg\",\"datePublished\":\"2024-04-22T18:38:50+00:00\",\"dateModified\":\"2024-04-24T21:19:35+00:00\",\"description\":\"ENTRE EL AMOR Y EL DESAMPARO : HISTORIAS DE LA INFANCIA EN M\u00c9XICO, SIGLOS XVIII-XX. \\\/ Mar\u00eda de Lourdes Herrera Feria, Zoila Santiago Antonio (editors).\",\"breadcrumb\":{\"@id\":\"https:\\\/\\\/booksfrommexico.com\\\/es\\\/producto\\\/entre-el-amor-y-el-desamparo\\\/#breadcrumb\"},\"inLanguage\":\"es\",\"potentialAction\":[{\"@type\":\"ReadAction\",\"target\":[\"https:\\\/\\\/booksfrommexico.com\\\/es\\\/producto\\\/entre-el-amor-y-el-desamparo\\\/\"]}]},{\"@type\":\"ImageObject\",\"inLanguage\":\"es\",\"@id\":\"https:\\\/\\\/booksfrommexico.com\\\/es\\\/producto\\\/entre-el-amor-y-el-desamparo\\\/#primaryimage\",\"url\":\"https:\\\/\\\/booksfrommexico.com\\\/app\\\/uploads\\\/2024\\\/04\\\/189092.jpeg\",\"contentUrl\":\"https:\\\/\\\/booksfrommexico.com\\\/app\\\/uploads\\\/2024\\\/04\\\/189092.jpeg\",\"width\":484,\"height\":668,\"caption\":\"entre el amor y el desamparo\"},{\"@type\":\"BreadcrumbList\",\"@id\":\"https:\\\/\\\/booksfrommexico.com\\\/es\\\/producto\\\/entre-el-amor-y-el-desamparo\\\/#breadcrumb\",\"itemListElement\":[{\"@type\":\"ListItem\",\"position\":1,\"name\":\"Home\",\"item\":\"https:\\\/\\\/booksfrommexico.com\\\/es\\\/\"},{\"@type\":\"ListItem\",\"position\":2,\"name\":\"Libros\",\"item\":\"https:\\\/\\\/booksfrommexico.com\\\/es\\\/libros\\\/\"},{\"@type\":\"ListItem\",\"position\":3,\"name\":\"Entre el amor y el desamparo\"}]},{\"@type\":\"WebSite\",\"@id\":\"https:\\\/\\\/booksfrommexico.com\\\/#website\",\"url\":\"https:\\\/\\\/booksfrommexico.com\\\/\",\"name\":\"Books From Mexico\",\"description\":\"\",\"publisher\":{\"@id\":\"https:\\\/\\\/booksfrommexico.com\\\/#organization\"},\"potentialAction\":[{\"@type\":\"SearchAction\",\"target\":{\"@type\":\"EntryPoint\",\"urlTemplate\":\"https:\\\/\\\/booksfrommexico.com\\\/?s={search_term_string}\"},\"query-input\":{\"@type\":\"PropertyValueSpecification\",\"valueRequired\":true,\"valueName\":\"search_term_string\"}}],\"inLanguage\":\"es\"},{\"@type\":\"Organization\",\"@id\":\"https:\\\/\\\/booksfrommexico.com\\\/#organization\",\"name\":\"Books From Mexico\",\"url\":\"https:\\\/\\\/booksfrommexico.com\\\/\",\"logo\":{\"@type\":\"ImageObject\",\"inLanguage\":\"es\",\"@id\":\"https:\\\/\\\/booksfrommexico.com\\\/#\\\/schema\\\/logo\\\/image\\\/\",\"url\":\"https:\\\/\\\/booksfrommexico.com\\\/app\\\/uploads\\\/2023\\\/05\\\/logo-booksfrommexico.svg\",\"contentUrl\":\"https:\\\/\\\/booksfrommexico.com\\\/app\\\/uploads\\\/2023\\\/05\\\/logo-booksfrommexico.svg\",\"width\":86,\"height\":56,\"caption\":\"Books From Mexico\"},\"image\":{\"@id\":\"https:\\\/\\\/booksfrommexico.com\\\/#\\\/schema\\\/logo\\\/image\\\/\"}}]}<\/script>\n<!-- \/ Yoast SEO plugin. -->","yoast_head_json":{"title":"Entre el amor y el desamparo","description":"ENTRE EL AMOR Y EL DESAMPARO : HISTORIAS DE LA INFANCIA EN M\u00c9XICO, SIGLOS XVIII-XX. \/ Mar\u00eda de Lourdes Herrera Feria, Zoila Santiago Antonio (editors).","robots":{"index":"index","follow":"follow","max-snippet":"max-snippet:-1","max-image-preview":"max-image-preview:large","max-video-preview":"max-video-preview:-1"},"canonical":"https:\/\/booksfrommexico.com\/es\/producto\/entre-el-amor-y-el-desamparo\/","og_locale":"es_ES","og_type":"article","og_title":"Entre el amor y el desamparo","og_description":"ENTRE EL AMOR Y EL DESAMPARO : HISTORIAS DE LA INFANCIA EN M\u00c9XICO, SIGLOS XVIII-XX. \/ Mar\u00eda de Lourdes Herrera Feria, Zoila Santiago Antonio (editors).","og_url":"https:\/\/booksfrommexico.com\/es\/producto\/entre-el-amor-y-el-desamparo\/","og_site_name":"Books From Mexico","article_modified_time":"2024-04-24T21:19:35+00:00","og_image":[{"width":484,"height":668,"url":"http:\/\/booksfrommexico.com\/app\/uploads\/2024\/04\/189092.jpeg","type":"image\/jpeg"}],"twitter_card":"summary_large_image","twitter_misc":{"Tiempo de lectura":"1 minuto"},"schema":{"@context":"https:\/\/schema.org","@graph":[{"@type":"WebPage","@id":"https:\/\/booksfrommexico.com\/es\/producto\/entre-el-amor-y-el-desamparo\/","url":"https:\/\/booksfrommexico.com\/es\/producto\/entre-el-amor-y-el-desamparo\/","name":"Entre el amor y el desamparo","isPartOf":{"@id":"https:\/\/booksfrommexico.com\/#website"},"primaryImageOfPage":{"@id":"https:\/\/booksfrommexico.com\/es\/producto\/entre-el-amor-y-el-desamparo\/#primaryimage"},"image":{"@id":"https:\/\/booksfrommexico.com\/es\/producto\/entre-el-amor-y-el-desamparo\/#primaryimage"},"thumbnailUrl":"https:\/\/booksfrommexico.com\/app\/uploads\/2024\/04\/189092.jpeg","datePublished":"2024-04-22T18:38:50+00:00","dateModified":"2024-04-24T21:19:35+00:00","description":"ENTRE EL AMOR Y EL DESAMPARO : HISTORIAS DE LA INFANCIA EN M\u00c9XICO, SIGLOS XVIII-XX. \/ Mar\u00eda de Lourdes Herrera Feria, Zoila Santiago Antonio (editors).","breadcrumb":{"@id":"https:\/\/booksfrommexico.com\/es\/producto\/entre-el-amor-y-el-desamparo\/#breadcrumb"},"inLanguage":"es","potentialAction":[{"@type":"ReadAction","target":["https:\/\/booksfrommexico.com\/es\/producto\/entre-el-amor-y-el-desamparo\/"]}]},{"@type":"ImageObject","inLanguage":"es","@id":"https:\/\/booksfrommexico.com\/es\/producto\/entre-el-amor-y-el-desamparo\/#primaryimage","url":"https:\/\/booksfrommexico.com\/app\/uploads\/2024\/04\/189092.jpeg","contentUrl":"https:\/\/booksfrommexico.com\/app\/uploads\/2024\/04\/189092.jpeg","width":484,"height":668,"caption":"entre el amor y el desamparo"},{"@type":"BreadcrumbList","@id":"https:\/\/booksfrommexico.com\/es\/producto\/entre-el-amor-y-el-desamparo\/#breadcrumb","itemListElement":[{"@type":"ListItem","position":1,"name":"Home","item":"https:\/\/booksfrommexico.com\/es\/"},{"@type":"ListItem","position":2,"name":"Libros","item":"https:\/\/booksfrommexico.com\/es\/libros\/"},{"@type":"ListItem","position":3,"name":"Entre el amor y el desamparo"}]},{"@type":"WebSite","@id":"https:\/\/booksfrommexico.com\/#website","url":"https:\/\/booksfrommexico.com\/","name":"Books From Mexico","description":"","publisher":{"@id":"https:\/\/booksfrommexico.com\/#organization"},"potentialAction":[{"@type":"SearchAction","target":{"@type":"EntryPoint","urlTemplate":"https:\/\/booksfrommexico.com\/?s={search_term_string}"},"query-input":{"@type":"PropertyValueSpecification","valueRequired":true,"valueName":"search_term_string"}}],"inLanguage":"es"},{"@type":"Organization","@id":"https:\/\/booksfrommexico.com\/#organization","name":"Books From Mexico","url":"https:\/\/booksfrommexico.com\/","logo":{"@type":"ImageObject","inLanguage":"es","@id":"https:\/\/booksfrommexico.com\/#\/schema\/logo\/image\/","url":"https:\/\/booksfrommexico.com\/app\/uploads\/2023\/05\/logo-booksfrommexico.svg","contentUrl":"https:\/\/booksfrommexico.com\/app\/uploads\/2023\/05\/logo-booksfrommexico.svg","width":86,"height":56,"caption":"Books From Mexico"},"image":{"@id":"https:\/\/booksfrommexico.com\/#\/schema\/logo\/image\/"}}]}},"_links":{"self":[{"href":"https:\/\/booksfrommexico.com\/es\/wp-json\/wp\/v2\/product\/5825","targetHints":{"allow":["GET"]}}],"collection":[{"href":"https:\/\/booksfrommexico.com\/es\/wp-json\/wp\/v2\/product"}],"about":[{"href":"https:\/\/booksfrommexico.com\/es\/wp-json\/wp\/v2\/types\/product"}],"wp:featuredmedia":[{"embeddable":true,"href":"https:\/\/booksfrommexico.com\/es\/wp-json\/wp\/v2\/media\/5786"}],"wp:attachment":[{"href":"https:\/\/booksfrommexico.com\/es\/wp-json\/wp\/v2\/media?parent=5825"}],"wp:term":[{"taxonomy":"product_brand","embeddable":true,"href":"https:\/\/booksfrommexico.com\/es\/wp-json\/wp\/v2\/product_brand?post=5825"},{"taxonomy":"product_cat","embeddable":true,"href":"https:\/\/booksfrommexico.com\/es\/wp-json\/wp\/v2\/product_cat?post=5825"},{"taxonomy":"product_tag","embeddable":true,"href":"https:\/\/booksfrommexico.com\/es\/wp-json\/wp\/v2\/product_tag?post=5825"}],"curies":[{"name":"wp","href":"https:\/\/api.w.org\/{rel}","templated":true}]}}