{"id":5833,"date":"2024-04-25T20:18:11","date_gmt":"2024-04-25T20:18:11","guid":{"rendered":"https:\/\/booksfrommexico.com\/product\/chietik-xchiuk-chaetik-vayichetik-dulces-y-amargos-suenos\/"},"modified":"2024-04-29T20:37:39","modified_gmt":"2024-04-29T20:37:39","slug":"chietik-xchiuk-chaetik-vayichetik-dulces-y-amargos-suenos","status":"publish","type":"product","link":"https:\/\/booksfrommexico.com\/es\/producto\/chietik-xchiuk-chaetik-vayichetik-dulces-y-amargos-suenos\/","title":{"rendered":"Chi&#8217;etik Xchi&#8217;uk Ch&#8217;aetik Vayichetik: Dulces y amargos sue\u00f1os"},"content":{"rendered":"<p><span style=\"font-weight: 400;\">Petrona de la Cruz es autora de diversos libros que han sido reconocidos y entregados en tirajes de hasta 36500 ejemplares, as\u00ed como ha sido acreedora al Fondo Nacional para la Cultura y las Artes. Fue pionera en el teatro comunitario y encontr\u00f3 ah\u00ed el medio para poder escribir sobre las experiencias personales que ha tenido al formar parte de la comunidad ind\u00edgena, pasando desde ni\u00f1a por la marginaci\u00f3n, la violencia y el desprecio, llegando casi a perder la vida. Esta obra es ganadora de la muestra estatal \u00a0y se tratan temas personales, pudiendo as\u00ed catalogarse en narraturgia, unipersonal o teatro documental.<\/span><\/p>\n","protected":false},"excerpt":{"rendered":"<p>CHI&#8217;ETIK XCHI&#8217;UK CH&#8217;AETIK VAYICHETIK : DULCES Y AMARGOS SUE\u00d1OS<span style=\"font-weight: 400;\">. \/ Petrona de la Cruz Cruz. Tuxtla Guti\u00e9rrez, Chiapas, M\u00e9xico : Gobierno de Chiapas , Direcci\u00f3n General de Vinculaci\u00f3n Cultural , Consejo Estatal para las Culturas y las Artes, 2019. 67 pages ; 21 cm. (Serie Tz&#8217;akbu Ajaw. Poes\u00eda Jaime Sabines). ISBN : 9786078471805. <\/span><\/p>\n","protected":false},"featured_media":5942,"template":"","meta":{"_acf_changed":false,"inline_featured_image":false},"product_brand":[],"product_cat":[4166,25,699],"product_tag":[4225,3863,3675,4168],"class_list":{"0":"post-5833","1":"product","2":"type-product","3":"status-publish","4":"has-post-thumbnail","6":"product_cat-dramaturgia","7":"product_cat-literatura","8":"product_cat-violencia-en-la-sociedad-sociologia","9":"product_tag-mujeres-literatura","10":"product_tag-mujeres-indigenas","11":"product_tag-mujeres-maltratadas","12":"product_tag-teatro","14":"first","15":"instock","16":"taxable","17":"shipping-taxable","18":"purchasable","19":"product-type-simple"},"acf":[],"yoast_head":"<!-- This site is optimized with the Yoast SEO plugin v27.3 - https:\/\/yoast.com\/product\/yoast-seo-wordpress\/ -->\n<title>Dulces y amargos sue\u00f1os<\/title>\n<meta name=\"description\" content=\"CHI&#039;ETIK XCHI&#039;UK CH&#039;AETIK VAYICHETIK : DULCES Y AMARGOS SUE\u00d1OS. \/ Petrona de la Cruz Cruz. Consejo Estatal para las Culturas y las Artes, 2019.\" \/>\n<meta name=\"robots\" content=\"index, follow, max-snippet:-1, max-image-preview:large, max-video-preview:-1\" \/>\n<link rel=\"canonical\" href=\"https:\/\/booksfrommexico.com\/es\/producto\/chietik-xchiuk-chaetik-vayichetik-dulces-y-amargos-suenos\/\" \/>\n<meta property=\"og:locale\" content=\"es_ES\" \/>\n<meta property=\"og:type\" content=\"article\" \/>\n<meta property=\"og:title\" content=\"Dulces y amargos sue\u00f1os\" \/>\n<meta property=\"og:description\" content=\"CHI&#039;ETIK XCHI&#039;UK CH&#039;AETIK VAYICHETIK : DULCES Y AMARGOS SUE\u00d1OS. \/ Petrona de la Cruz Cruz. Consejo Estatal para las Culturas y las Artes, 2019.\" \/>\n<meta property=\"og:url\" content=\"https:\/\/booksfrommexico.com\/es\/producto\/chietik-xchiuk-chaetik-vayichetik-dulces-y-amargos-suenos\/\" \/>\n<meta property=\"og:site_name\" content=\"Books From Mexico\" \/>\n<meta property=\"article:modified_time\" content=\"2024-04-29T20:37:39+00:00\" \/>\n<meta property=\"og:image\" content=\"http:\/\/booksfrommexico.com\/app\/uploads\/2024\/04\/191013.jpeg\" \/>\n\t<meta property=\"og:image:width\" content=\"384\" \/>\n\t<meta property=\"og:image:height\" content=\"592\" \/>\n\t<meta property=\"og:image:type\" content=\"image\/jpeg\" \/>\n<meta name=\"twitter:card\" content=\"summary_large_image\" \/>\n<meta name=\"twitter:label1\" content=\"Tiempo de lectura\" \/>\n\t<meta name=\"twitter:data1\" content=\"1 minuto\" \/>\n<script type=\"application\/ld+json\" class=\"yoast-schema-graph\">{\"@context\":\"https:\\\/\\\/schema.org\",\"@graph\":[{\"@type\":\"WebPage\",\"@id\":\"https:\\\/\\\/booksfrommexico.com\\\/es\\\/producto\\\/chietik-xchiuk-chaetik-vayichetik-dulces-y-amargos-suenos\\\/\",\"url\":\"https:\\\/\\\/booksfrommexico.com\\\/es\\\/producto\\\/chietik-xchiuk-chaetik-vayichetik-dulces-y-amargos-suenos\\\/\",\"name\":\"Dulces y amargos sue\u00f1os\",\"isPartOf\":{\"@id\":\"https:\\\/\\\/booksfrommexico.com\\\/#website\"},\"primaryImageOfPage\":{\"@id\":\"https:\\\/\\\/booksfrommexico.com\\\/es\\\/producto\\\/chietik-xchiuk-chaetik-vayichetik-dulces-y-amargos-suenos\\\/#primaryimage\"},\"image\":{\"@id\":\"https:\\\/\\\/booksfrommexico.com\\\/es\\\/producto\\\/chietik-xchiuk-chaetik-vayichetik-dulces-y-amargos-suenos\\\/#primaryimage\"},\"thumbnailUrl\":\"https:\\\/\\\/booksfrommexico.com\\\/app\\\/uploads\\\/2024\\\/04\\\/191013.jpeg\",\"datePublished\":\"2024-04-25T20:18:11+00:00\",\"dateModified\":\"2024-04-29T20:37:39+00:00\",\"description\":\"CHI'ETIK XCHI'UK CH'AETIK VAYICHETIK : DULCES Y AMARGOS SUE\u00d1OS. \\\/ Petrona de la Cruz Cruz. Consejo Estatal para las Culturas y las Artes, 2019.\",\"breadcrumb\":{\"@id\":\"https:\\\/\\\/booksfrommexico.com\\\/es\\\/producto\\\/chietik-xchiuk-chaetik-vayichetik-dulces-y-amargos-suenos\\\/#breadcrumb\"},\"inLanguage\":\"es\",\"potentialAction\":[{\"@type\":\"ReadAction\",\"target\":[\"https:\\\/\\\/booksfrommexico.com\\\/es\\\/producto\\\/chietik-xchiuk-chaetik-vayichetik-dulces-y-amargos-suenos\\\/\"]}]},{\"@type\":\"ImageObject\",\"inLanguage\":\"es\",\"@id\":\"https:\\\/\\\/booksfrommexico.com\\\/es\\\/producto\\\/chietik-xchiuk-chaetik-vayichetik-dulces-y-amargos-suenos\\\/#primaryimage\",\"url\":\"https:\\\/\\\/booksfrommexico.com\\\/app\\\/uploads\\\/2024\\\/04\\\/191013.jpeg\",\"contentUrl\":\"https:\\\/\\\/booksfrommexico.com\\\/app\\\/uploads\\\/2024\\\/04\\\/191013.jpeg\",\"width\":384,\"height\":592,\"caption\":\"Dulces y amargos sue\u00f1os\"},{\"@type\":\"BreadcrumbList\",\"@id\":\"https:\\\/\\\/booksfrommexico.com\\\/es\\\/producto\\\/chietik-xchiuk-chaetik-vayichetik-dulces-y-amargos-suenos\\\/#breadcrumb\",\"itemListElement\":[{\"@type\":\"ListItem\",\"position\":1,\"name\":\"Home\",\"item\":\"https:\\\/\\\/booksfrommexico.com\\\/es\\\/\"},{\"@type\":\"ListItem\",\"position\":2,\"name\":\"Libros\",\"item\":\"https:\\\/\\\/booksfrommexico.com\\\/es\\\/libros\\\/\"},{\"@type\":\"ListItem\",\"position\":3,\"name\":\"Chi&#8217;etik Xchi&#8217;uk Ch&#8217;aetik Vayichetik: Dulces y amargos sue\u00f1os\"}]},{\"@type\":\"WebSite\",\"@id\":\"https:\\\/\\\/booksfrommexico.com\\\/#website\",\"url\":\"https:\\\/\\\/booksfrommexico.com\\\/\",\"name\":\"Books From Mexico\",\"description\":\"\",\"publisher\":{\"@id\":\"https:\\\/\\\/booksfrommexico.com\\\/#organization\"},\"potentialAction\":[{\"@type\":\"SearchAction\",\"target\":{\"@type\":\"EntryPoint\",\"urlTemplate\":\"https:\\\/\\\/booksfrommexico.com\\\/?s={search_term_string}\"},\"query-input\":{\"@type\":\"PropertyValueSpecification\",\"valueRequired\":true,\"valueName\":\"search_term_string\"}}],\"inLanguage\":\"es\"},{\"@type\":\"Organization\",\"@id\":\"https:\\\/\\\/booksfrommexico.com\\\/#organization\",\"name\":\"Books From Mexico\",\"url\":\"https:\\\/\\\/booksfrommexico.com\\\/\",\"logo\":{\"@type\":\"ImageObject\",\"inLanguage\":\"es\",\"@id\":\"https:\\\/\\\/booksfrommexico.com\\\/#\\\/schema\\\/logo\\\/image\\\/\",\"url\":\"https:\\\/\\\/booksfrommexico.com\\\/app\\\/uploads\\\/2023\\\/05\\\/logo-booksfrommexico.svg\",\"contentUrl\":\"https:\\\/\\\/booksfrommexico.com\\\/app\\\/uploads\\\/2023\\\/05\\\/logo-booksfrommexico.svg\",\"width\":86,\"height\":56,\"caption\":\"Books From Mexico\"},\"image\":{\"@id\":\"https:\\\/\\\/booksfrommexico.com\\\/#\\\/schema\\\/logo\\\/image\\\/\"}}]}<\/script>\n<!-- \/ Yoast SEO plugin. -->","yoast_head_json":{"title":"Dulces y amargos sue\u00f1os","description":"CHI'ETIK XCHI'UK CH'AETIK VAYICHETIK : DULCES Y AMARGOS SUE\u00d1OS. \/ Petrona de la Cruz Cruz. Consejo Estatal para las Culturas y las Artes, 2019.","robots":{"index":"index","follow":"follow","max-snippet":"max-snippet:-1","max-image-preview":"max-image-preview:large","max-video-preview":"max-video-preview:-1"},"canonical":"https:\/\/booksfrommexico.com\/es\/producto\/chietik-xchiuk-chaetik-vayichetik-dulces-y-amargos-suenos\/","og_locale":"es_ES","og_type":"article","og_title":"Dulces y amargos sue\u00f1os","og_description":"CHI'ETIK XCHI'UK CH'AETIK VAYICHETIK : DULCES Y AMARGOS SUE\u00d1OS. \/ Petrona de la Cruz Cruz. Consejo Estatal para las Culturas y las Artes, 2019.","og_url":"https:\/\/booksfrommexico.com\/es\/producto\/chietik-xchiuk-chaetik-vayichetik-dulces-y-amargos-suenos\/","og_site_name":"Books From Mexico","article_modified_time":"2024-04-29T20:37:39+00:00","og_image":[{"width":384,"height":592,"url":"http:\/\/booksfrommexico.com\/app\/uploads\/2024\/04\/191013.jpeg","type":"image\/jpeg"}],"twitter_card":"summary_large_image","twitter_misc":{"Tiempo de lectura":"1 minuto"},"schema":{"@context":"https:\/\/schema.org","@graph":[{"@type":"WebPage","@id":"https:\/\/booksfrommexico.com\/es\/producto\/chietik-xchiuk-chaetik-vayichetik-dulces-y-amargos-suenos\/","url":"https:\/\/booksfrommexico.com\/es\/producto\/chietik-xchiuk-chaetik-vayichetik-dulces-y-amargos-suenos\/","name":"Dulces y amargos sue\u00f1os","isPartOf":{"@id":"https:\/\/booksfrommexico.com\/#website"},"primaryImageOfPage":{"@id":"https:\/\/booksfrommexico.com\/es\/producto\/chietik-xchiuk-chaetik-vayichetik-dulces-y-amargos-suenos\/#primaryimage"},"image":{"@id":"https:\/\/booksfrommexico.com\/es\/producto\/chietik-xchiuk-chaetik-vayichetik-dulces-y-amargos-suenos\/#primaryimage"},"thumbnailUrl":"https:\/\/booksfrommexico.com\/app\/uploads\/2024\/04\/191013.jpeg","datePublished":"2024-04-25T20:18:11+00:00","dateModified":"2024-04-29T20:37:39+00:00","description":"CHI'ETIK XCHI'UK CH'AETIK VAYICHETIK : DULCES Y AMARGOS SUE\u00d1OS. \/ Petrona de la Cruz Cruz. Consejo Estatal para las Culturas y las Artes, 2019.","breadcrumb":{"@id":"https:\/\/booksfrommexico.com\/es\/producto\/chietik-xchiuk-chaetik-vayichetik-dulces-y-amargos-suenos\/#breadcrumb"},"inLanguage":"es","potentialAction":[{"@type":"ReadAction","target":["https:\/\/booksfrommexico.com\/es\/producto\/chietik-xchiuk-chaetik-vayichetik-dulces-y-amargos-suenos\/"]}]},{"@type":"ImageObject","inLanguage":"es","@id":"https:\/\/booksfrommexico.com\/es\/producto\/chietik-xchiuk-chaetik-vayichetik-dulces-y-amargos-suenos\/#primaryimage","url":"https:\/\/booksfrommexico.com\/app\/uploads\/2024\/04\/191013.jpeg","contentUrl":"https:\/\/booksfrommexico.com\/app\/uploads\/2024\/04\/191013.jpeg","width":384,"height":592,"caption":"Dulces y amargos sue\u00f1os"},{"@type":"BreadcrumbList","@id":"https:\/\/booksfrommexico.com\/es\/producto\/chietik-xchiuk-chaetik-vayichetik-dulces-y-amargos-suenos\/#breadcrumb","itemListElement":[{"@type":"ListItem","position":1,"name":"Home","item":"https:\/\/booksfrommexico.com\/es\/"},{"@type":"ListItem","position":2,"name":"Libros","item":"https:\/\/booksfrommexico.com\/es\/libros\/"},{"@type":"ListItem","position":3,"name":"Chi&#8217;etik Xchi&#8217;uk Ch&#8217;aetik Vayichetik: Dulces y amargos sue\u00f1os"}]},{"@type":"WebSite","@id":"https:\/\/booksfrommexico.com\/#website","url":"https:\/\/booksfrommexico.com\/","name":"Books From Mexico","description":"","publisher":{"@id":"https:\/\/booksfrommexico.com\/#organization"},"potentialAction":[{"@type":"SearchAction","target":{"@type":"EntryPoint","urlTemplate":"https:\/\/booksfrommexico.com\/?s={search_term_string}"},"query-input":{"@type":"PropertyValueSpecification","valueRequired":true,"valueName":"search_term_string"}}],"inLanguage":"es"},{"@type":"Organization","@id":"https:\/\/booksfrommexico.com\/#organization","name":"Books From Mexico","url":"https:\/\/booksfrommexico.com\/","logo":{"@type":"ImageObject","inLanguage":"es","@id":"https:\/\/booksfrommexico.com\/#\/schema\/logo\/image\/","url":"https:\/\/booksfrommexico.com\/app\/uploads\/2023\/05\/logo-booksfrommexico.svg","contentUrl":"https:\/\/booksfrommexico.com\/app\/uploads\/2023\/05\/logo-booksfrommexico.svg","width":86,"height":56,"caption":"Books From Mexico"},"image":{"@id":"https:\/\/booksfrommexico.com\/#\/schema\/logo\/image\/"}}]}},"_links":{"self":[{"href":"https:\/\/booksfrommexico.com\/es\/wp-json\/wp\/v2\/product\/5833","targetHints":{"allow":["GET"]}}],"collection":[{"href":"https:\/\/booksfrommexico.com\/es\/wp-json\/wp\/v2\/product"}],"about":[{"href":"https:\/\/booksfrommexico.com\/es\/wp-json\/wp\/v2\/types\/product"}],"wp:featuredmedia":[{"embeddable":true,"href":"https:\/\/booksfrommexico.com\/es\/wp-json\/wp\/v2\/media\/5942"}],"wp:attachment":[{"href":"https:\/\/booksfrommexico.com\/es\/wp-json\/wp\/v2\/media?parent=5833"}],"wp:term":[{"taxonomy":"product_brand","embeddable":true,"href":"https:\/\/booksfrommexico.com\/es\/wp-json\/wp\/v2\/product_brand?post=5833"},{"taxonomy":"product_cat","embeddable":true,"href":"https:\/\/booksfrommexico.com\/es\/wp-json\/wp\/v2\/product_cat?post=5833"},{"taxonomy":"product_tag","embeddable":true,"href":"https:\/\/booksfrommexico.com\/es\/wp-json\/wp\/v2\/product_tag?post=5833"}],"curies":[{"name":"wp","href":"https:\/\/api.w.org\/{rel}","templated":true}]}}