{"id":5834,"date":"2024-04-25T20:18:11","date_gmt":"2024-04-25T20:18:11","guid":{"rendered":"https:\/\/booksfrommexico.com\/product\/chincaray\/"},"modified":"2024-09-19T20:23:08","modified_gmt":"2024-09-19T20:23:08","slug":"chincaray","status":"publish","type":"product","link":"https:\/\/booksfrommexico.com\/es\/producto\/chincaray\/","title":{"rendered":"Chincaray"},"content":{"rendered":"<p><span style=\"font-weight: 400;\">Diego Teo estudi\u00f3 Arte Visuales en la ENAP,\u00a0 y profesionalmente se centra en el dibujo, despleg\u00e1ndolo en producciones diversas como la cer\u00e1mica o libros de dibujo. Es miembro fundador de la Cooperativa Cr\u00e1ter Invertido y ha sido docente en la Escuela Nacional de Pintura, Escultura y Grabado, as\u00ed como ha impartido diversos talleres en Oaxaca. En esta serie de ilustraciones donde el azul, amarillo y negro son los colores predominantes, se cuenta la historia de dos ni\u00f1as que tras estar en una tranquila piscina emprenden un viaje que las lleva a los confines del antiguo mundo de la mitolog\u00eda prehisp\u00e1nica.<\/span><\/p>\n","protected":false},"excerpt":{"rendered":"<p>CHINCARAY<span style=\"font-weight: 400;\">. \/ Diego Teo. Ciudad de M\u00e9xico, M\u00e9xico : Gobierno de M\u00e9xico, Secretar\u00eda de Cultura , Fondo Nacional para la Cultura y las Artes, 2019. [64 unnumbered pages] : includes color illustrations ; 22 cm. (Colecci\u00f3n Vacaciones de trabajo).<\/span><\/p>\n","protected":false},"featured_media":5934,"template":"","meta":{"_acf_changed":false,"inline_featured_image":false},"product_brand":[],"product_cat":[87,4259],"product_tag":[4232,4516,3769,3587],"class_list":{"0":"post-5834","1":"product","2":"type-product","3":"status-publish","4":"has-post-thumbnail","6":"product_cat-arte","7":"product_cat-caricatura","8":"product_tag-literatura-infantil-y-juvenil","9":"product_tag-mitologia","10":"product_tag-obras-ilustradas","11":"product_tag-prehispanico","13":"first","14":"instock","15":"taxable","16":"shipping-taxable","17":"purchasable","18":"product-type-simple"},"acf":[],"yoast_head":"<!-- This site is optimized with the Yoast SEO plugin v27.3 - https:\/\/yoast.com\/product\/yoast-seo-wordpress\/ -->\n<title>Chincaray<\/title>\n<meta name=\"description\" content=\"Diego Teo. Fondo Nacional para la Cultura y las Artes, 2019. [64 unnumbered pages] : includes color illustrations. (Colecci\u00f3n Vacaciones de trabajo).\" \/>\n<meta name=\"robots\" content=\"index, follow, max-snippet:-1, max-image-preview:large, max-video-preview:-1\" \/>\n<link rel=\"canonical\" href=\"https:\/\/booksfrommexico.com\/es\/producto\/chincaray\/\" \/>\n<meta property=\"og:locale\" content=\"es_ES\" \/>\n<meta property=\"og:type\" content=\"article\" \/>\n<meta property=\"og:title\" content=\"Chincaray\" \/>\n<meta property=\"og:description\" content=\"Diego Teo. Fondo Nacional para la Cultura y las Artes, 2019. [64 unnumbered pages] : includes color illustrations. (Colecci\u00f3n Vacaciones de trabajo).\" \/>\n<meta property=\"og:url\" content=\"https:\/\/booksfrommexico.com\/es\/producto\/chincaray\/\" \/>\n<meta property=\"og:site_name\" content=\"Books From Mexico\" \/>\n<meta property=\"article:modified_time\" content=\"2024-09-19T20:23:08+00:00\" \/>\n<meta property=\"og:image\" content=\"http:\/\/booksfrommexico.com\/app\/uploads\/2024\/04\/190713.jpeg\" \/>\n\t<meta property=\"og:image:width\" content=\"444\" \/>\n\t<meta property=\"og:image:height\" content=\"648\" \/>\n\t<meta property=\"og:image:type\" content=\"image\/jpeg\" \/>\n<meta name=\"twitter:card\" content=\"summary_large_image\" \/>\n<meta name=\"twitter:label1\" content=\"Tiempo de lectura\" \/>\n\t<meta name=\"twitter:data1\" content=\"1 minuto\" \/>\n<script type=\"application\/ld+json\" class=\"yoast-schema-graph\">{\"@context\":\"https:\\\/\\\/schema.org\",\"@graph\":[{\"@type\":\"WebPage\",\"@id\":\"https:\\\/\\\/booksfrommexico.com\\\/es\\\/producto\\\/chincaray\\\/\",\"url\":\"https:\\\/\\\/booksfrommexico.com\\\/es\\\/producto\\\/chincaray\\\/\",\"name\":\"Chincaray\",\"isPartOf\":{\"@id\":\"https:\\\/\\\/booksfrommexico.com\\\/#website\"},\"primaryImageOfPage\":{\"@id\":\"https:\\\/\\\/booksfrommexico.com\\\/es\\\/producto\\\/chincaray\\\/#primaryimage\"},\"image\":{\"@id\":\"https:\\\/\\\/booksfrommexico.com\\\/es\\\/producto\\\/chincaray\\\/#primaryimage\"},\"thumbnailUrl\":\"https:\\\/\\\/booksfrommexico.com\\\/app\\\/uploads\\\/2024\\\/04\\\/190713.jpeg\",\"datePublished\":\"2024-04-25T20:18:11+00:00\",\"dateModified\":\"2024-09-19T20:23:08+00:00\",\"description\":\"Diego Teo. Fondo Nacional para la Cultura y las Artes, 2019. [64 unnumbered pages] : includes color illustrations. (Colecci\u00f3n Vacaciones de trabajo).\",\"breadcrumb\":{\"@id\":\"https:\\\/\\\/booksfrommexico.com\\\/es\\\/producto\\\/chincaray\\\/#breadcrumb\"},\"inLanguage\":\"es\",\"potentialAction\":[{\"@type\":\"ReadAction\",\"target\":[\"https:\\\/\\\/booksfrommexico.com\\\/es\\\/producto\\\/chincaray\\\/\"]}]},{\"@type\":\"ImageObject\",\"inLanguage\":\"es\",\"@id\":\"https:\\\/\\\/booksfrommexico.com\\\/es\\\/producto\\\/chincaray\\\/#primaryimage\",\"url\":\"https:\\\/\\\/booksfrommexico.com\\\/app\\\/uploads\\\/2024\\\/04\\\/190713.jpeg\",\"contentUrl\":\"https:\\\/\\\/booksfrommexico.com\\\/app\\\/uploads\\\/2024\\\/04\\\/190713.jpeg\",\"width\":444,\"height\":648,\"caption\":\"Chincaray\"},{\"@type\":\"BreadcrumbList\",\"@id\":\"https:\\\/\\\/booksfrommexico.com\\\/es\\\/producto\\\/chincaray\\\/#breadcrumb\",\"itemListElement\":[{\"@type\":\"ListItem\",\"position\":1,\"name\":\"Home\",\"item\":\"https:\\\/\\\/booksfrommexico.com\\\/es\\\/\"},{\"@type\":\"ListItem\",\"position\":2,\"name\":\"Libros\",\"item\":\"https:\\\/\\\/booksfrommexico.com\\\/es\\\/libros\\\/\"},{\"@type\":\"ListItem\",\"position\":3,\"name\":\"Chincaray\"}]},{\"@type\":\"WebSite\",\"@id\":\"https:\\\/\\\/booksfrommexico.com\\\/#website\",\"url\":\"https:\\\/\\\/booksfrommexico.com\\\/\",\"name\":\"Books From Mexico\",\"description\":\"\",\"publisher\":{\"@id\":\"https:\\\/\\\/booksfrommexico.com\\\/#organization\"},\"potentialAction\":[{\"@type\":\"SearchAction\",\"target\":{\"@type\":\"EntryPoint\",\"urlTemplate\":\"https:\\\/\\\/booksfrommexico.com\\\/?s={search_term_string}\"},\"query-input\":{\"@type\":\"PropertyValueSpecification\",\"valueRequired\":true,\"valueName\":\"search_term_string\"}}],\"inLanguage\":\"es\"},{\"@type\":\"Organization\",\"@id\":\"https:\\\/\\\/booksfrommexico.com\\\/#organization\",\"name\":\"Books From Mexico\",\"url\":\"https:\\\/\\\/booksfrommexico.com\\\/\",\"logo\":{\"@type\":\"ImageObject\",\"inLanguage\":\"es\",\"@id\":\"https:\\\/\\\/booksfrommexico.com\\\/#\\\/schema\\\/logo\\\/image\\\/\",\"url\":\"https:\\\/\\\/booksfrommexico.com\\\/app\\\/uploads\\\/2023\\\/05\\\/logo-booksfrommexico.svg\",\"contentUrl\":\"https:\\\/\\\/booksfrommexico.com\\\/app\\\/uploads\\\/2023\\\/05\\\/logo-booksfrommexico.svg\",\"width\":86,\"height\":56,\"caption\":\"Books From Mexico\"},\"image\":{\"@id\":\"https:\\\/\\\/booksfrommexico.com\\\/#\\\/schema\\\/logo\\\/image\\\/\"}}]}<\/script>\n<!-- \/ Yoast SEO plugin. -->","yoast_head_json":{"title":"Chincaray","description":"Diego Teo. Fondo Nacional para la Cultura y las Artes, 2019. [64 unnumbered pages] : includes color illustrations. (Colecci\u00f3n Vacaciones de trabajo).","robots":{"index":"index","follow":"follow","max-snippet":"max-snippet:-1","max-image-preview":"max-image-preview:large","max-video-preview":"max-video-preview:-1"},"canonical":"https:\/\/booksfrommexico.com\/es\/producto\/chincaray\/","og_locale":"es_ES","og_type":"article","og_title":"Chincaray","og_description":"Diego Teo. Fondo Nacional para la Cultura y las Artes, 2019. [64 unnumbered pages] : includes color illustrations. (Colecci\u00f3n Vacaciones de trabajo).","og_url":"https:\/\/booksfrommexico.com\/es\/producto\/chincaray\/","og_site_name":"Books From Mexico","article_modified_time":"2024-09-19T20:23:08+00:00","og_image":[{"width":444,"height":648,"url":"http:\/\/booksfrommexico.com\/app\/uploads\/2024\/04\/190713.jpeg","type":"image\/jpeg"}],"twitter_card":"summary_large_image","twitter_misc":{"Tiempo de lectura":"1 minuto"},"schema":{"@context":"https:\/\/schema.org","@graph":[{"@type":"WebPage","@id":"https:\/\/booksfrommexico.com\/es\/producto\/chincaray\/","url":"https:\/\/booksfrommexico.com\/es\/producto\/chincaray\/","name":"Chincaray","isPartOf":{"@id":"https:\/\/booksfrommexico.com\/#website"},"primaryImageOfPage":{"@id":"https:\/\/booksfrommexico.com\/es\/producto\/chincaray\/#primaryimage"},"image":{"@id":"https:\/\/booksfrommexico.com\/es\/producto\/chincaray\/#primaryimage"},"thumbnailUrl":"https:\/\/booksfrommexico.com\/app\/uploads\/2024\/04\/190713.jpeg","datePublished":"2024-04-25T20:18:11+00:00","dateModified":"2024-09-19T20:23:08+00:00","description":"Diego Teo. Fondo Nacional para la Cultura y las Artes, 2019. [64 unnumbered pages] : includes color illustrations. (Colecci\u00f3n Vacaciones de trabajo).","breadcrumb":{"@id":"https:\/\/booksfrommexico.com\/es\/producto\/chincaray\/#breadcrumb"},"inLanguage":"es","potentialAction":[{"@type":"ReadAction","target":["https:\/\/booksfrommexico.com\/es\/producto\/chincaray\/"]}]},{"@type":"ImageObject","inLanguage":"es","@id":"https:\/\/booksfrommexico.com\/es\/producto\/chincaray\/#primaryimage","url":"https:\/\/booksfrommexico.com\/app\/uploads\/2024\/04\/190713.jpeg","contentUrl":"https:\/\/booksfrommexico.com\/app\/uploads\/2024\/04\/190713.jpeg","width":444,"height":648,"caption":"Chincaray"},{"@type":"BreadcrumbList","@id":"https:\/\/booksfrommexico.com\/es\/producto\/chincaray\/#breadcrumb","itemListElement":[{"@type":"ListItem","position":1,"name":"Home","item":"https:\/\/booksfrommexico.com\/es\/"},{"@type":"ListItem","position":2,"name":"Libros","item":"https:\/\/booksfrommexico.com\/es\/libros\/"},{"@type":"ListItem","position":3,"name":"Chincaray"}]},{"@type":"WebSite","@id":"https:\/\/booksfrommexico.com\/#website","url":"https:\/\/booksfrommexico.com\/","name":"Books From Mexico","description":"","publisher":{"@id":"https:\/\/booksfrommexico.com\/#organization"},"potentialAction":[{"@type":"SearchAction","target":{"@type":"EntryPoint","urlTemplate":"https:\/\/booksfrommexico.com\/?s={search_term_string}"},"query-input":{"@type":"PropertyValueSpecification","valueRequired":true,"valueName":"search_term_string"}}],"inLanguage":"es"},{"@type":"Organization","@id":"https:\/\/booksfrommexico.com\/#organization","name":"Books From Mexico","url":"https:\/\/booksfrommexico.com\/","logo":{"@type":"ImageObject","inLanguage":"es","@id":"https:\/\/booksfrommexico.com\/#\/schema\/logo\/image\/","url":"https:\/\/booksfrommexico.com\/app\/uploads\/2023\/05\/logo-booksfrommexico.svg","contentUrl":"https:\/\/booksfrommexico.com\/app\/uploads\/2023\/05\/logo-booksfrommexico.svg","width":86,"height":56,"caption":"Books From Mexico"},"image":{"@id":"https:\/\/booksfrommexico.com\/#\/schema\/logo\/image\/"}}]}},"_links":{"self":[{"href":"https:\/\/booksfrommexico.com\/es\/wp-json\/wp\/v2\/product\/5834","targetHints":{"allow":["GET"]}}],"collection":[{"href":"https:\/\/booksfrommexico.com\/es\/wp-json\/wp\/v2\/product"}],"about":[{"href":"https:\/\/booksfrommexico.com\/es\/wp-json\/wp\/v2\/types\/product"}],"wp:featuredmedia":[{"embeddable":true,"href":"https:\/\/booksfrommexico.com\/es\/wp-json\/wp\/v2\/media\/5934"}],"wp:attachment":[{"href":"https:\/\/booksfrommexico.com\/es\/wp-json\/wp\/v2\/media?parent=5834"}],"wp:term":[{"taxonomy":"product_brand","embeddable":true,"href":"https:\/\/booksfrommexico.com\/es\/wp-json\/wp\/v2\/product_brand?post=5834"},{"taxonomy":"product_cat","embeddable":true,"href":"https:\/\/booksfrommexico.com\/es\/wp-json\/wp\/v2\/product_cat?post=5834"},{"taxonomy":"product_tag","embeddable":true,"href":"https:\/\/booksfrommexico.com\/es\/wp-json\/wp\/v2\/product_tag?post=5834"}],"curies":[{"name":"wp","href":"https:\/\/api.w.org\/{rel}","templated":true}]}}